{"id":37316,"date":"2021-06-30T00:33:24","date_gmt":"2021-06-30T00:33:24","guid":{"rendered":"http:\/\/recettes-gourmandes-de-joce.fr\/?page_id=37316"},"modified":"2024-07-14T19:47:18","modified_gmt":"2024-07-14T19:47:18","slug":"tarte-aux-fraises-pralin-et-basilic","status":"publish","type":"page","link":"http:\/\/recettes-gourmandes-de-joce.fr\/index.php\/index\/desserts\/tartes-et-tartelettes-sucrees\/tarte-aux-fraises-pralin-et-basilic\/","title":{"rendered":"Tarte aux fraises, pralin et basilic."},"content":{"rendered":"<p style=\"text-align: center;\"><span style=\"text-decoration: underline; color: #ff005d;\"><span style=\"font-size: 18pt; font-family: georgia, palatino, serif;\"><em>Une de mes recettes<\/em><\/span><\/span><\/p>\n<p style=\"text-align: center;\"><img loading=\"lazy\" decoding=\"async\" class=\"alignnone wp-image-37321\" src=\"http:\/\/recettes-gourmandes-de-joce.fr\/wp-content\/uploads\/2021\/06\/p5300086-001-1-300x210.jpg\" alt=\"\" width=\"257\" height=\"180\" srcset=\"http:\/\/recettes-gourmandes-de-joce.fr\/wp-content\/uploads\/2021\/06\/p5300086-001-1-300x210.jpg 300w, http:\/\/recettes-gourmandes-de-joce.fr\/wp-content\/uploads\/2021\/06\/p5300086-001-1-768x538.jpg 768w, http:\/\/recettes-gourmandes-de-joce.fr\/wp-content\/uploads\/2021\/06\/p5300086-001-1-750x525.jpg 750w, http:\/\/recettes-gourmandes-de-joce.fr\/wp-content\/uploads\/2021\/06\/p5300086-001-1.jpg 800w\" sizes=\"auto, (max-width: 257px) 100vw, 257px\" \/> <img loading=\"lazy\" decoding=\"async\" class=\"alignnone wp-image-37323\" src=\"http:\/\/recettes-gourmandes-de-joce.fr\/wp-content\/uploads\/2021\/06\/p5300095-300x278.jpg\" alt=\"\" width=\"195\" height=\"180\" srcset=\"http:\/\/recettes-gourmandes-de-joce.fr\/wp-content\/uploads\/2021\/06\/p5300095-300x278.jpg 300w, http:\/\/recettes-gourmandes-de-joce.fr\/wp-content\/uploads\/2021\/06\/p5300095-768x710.jpg 768w, http:\/\/recettes-gourmandes-de-joce.fr\/wp-content\/uploads\/2021\/06\/p5300095-750x694.jpg 750w, http:\/\/recettes-gourmandes-de-joce.fr\/wp-content\/uploads\/2021\/06\/p5300095.jpg 800w\" sizes=\"auto, (max-width: 195px) 100vw, 195px\" \/> <img loading=\"lazy\" decoding=\"async\" class=\"alignnone wp-image-37320\" src=\"http:\/\/recettes-gourmandes-de-joce.fr\/wp-content\/uploads\/2021\/06\/p5300082-001-1-300x229.jpg\" alt=\"\" width=\"236\" height=\"180\" srcset=\"http:\/\/recettes-gourmandes-de-joce.fr\/wp-content\/uploads\/2021\/06\/p5300082-001-1-300x229.jpg 300w, http:\/\/recettes-gourmandes-de-joce.fr\/wp-content\/uploads\/2021\/06\/p5300082-001-1-768x587.jpg 768w, http:\/\/recettes-gourmandes-de-joce.fr\/wp-content\/uploads\/2021\/06\/p5300082-001-1-750x573.jpg 750w, http:\/\/recettes-gourmandes-de-joce.fr\/wp-content\/uploads\/2021\/06\/p5300082-001-1.jpg 800w\" sizes=\"auto, (max-width: 236px) 100vw, 236px\" \/><\/p>\n<p style=\"text-align: center;\"><span style=\"text-decoration: underline; color: #ff005d;\"><span style=\"font-size: 18pt; font-family: georgia, palatino, serif;\"><em>Ingr\u00e9dients pour une tarte<\/em><\/span><\/span><\/p>\n<p style=\"text-align: center;\"><img loading=\"lazy\" decoding=\"async\" class=\"alignnone size-medium wp-image-37324\" src=\"http:\/\/recettes-gourmandes-de-joce.fr\/wp-content\/uploads\/2021\/06\/p5300067-001-1-300x209.jpg\" alt=\"\" width=\"300\" height=\"209\" srcset=\"http:\/\/recettes-gourmandes-de-joce.fr\/wp-content\/uploads\/2021\/06\/p5300067-001-1-300x209.jpg 300w, http:\/\/recettes-gourmandes-de-joce.fr\/wp-content\/uploads\/2021\/06\/p5300067-001-1-768x536.jpg 768w, http:\/\/recettes-gourmandes-de-joce.fr\/wp-content\/uploads\/2021\/06\/p5300067-001-1-750x523.jpg 750w, http:\/\/recettes-gourmandes-de-joce.fr\/wp-content\/uploads\/2021\/06\/p5300067-001-1.jpg 800w\" sizes=\"auto, (max-width: 300px) 100vw, 300px\" \/><\/p>\n<p style=\"text-align: center;\"><span style=\"font-size: 14pt; font-family: georgia, palatino, serif; color: #ff005d;\"><em>1 p\u00e2te feuillet\u00e9e<\/em><\/span><\/p>\n<p style=\"text-align: center;\"><span style=\"font-size: 14pt; font-family: georgia, palatino, serif; color: #ff005d;\"><em>3 c \u00e0 s de pralin<\/em><\/span><\/p>\n<p style=\"text-align: center;\"><span style=\"font-size: 14pt; font-family: georgia, palatino, serif; color: #ff005d;\"><em>500 g de fraises<\/em><\/span><\/p>\n<p style=\"text-align: center;\"><span style=\"font-size: 14pt; font-family: georgia, palatino, serif; color: #ff005d;\"><em>3 belles feuilles de basilic<\/em><\/span><\/p>\n<p style=\"text-align: center;\"><span style=\"font-size: 14pt; font-family: georgia, palatino, serif; color: #ff005d;\"><em>Pour la cr\u00e8me p\u00e2tissi\u00e8re<\/em><\/span><\/p>\n<p style=\"text-align: center;\"><span style=\"font-size: 14pt; font-family: georgia, palatino, serif; color: #ff005d;\"><em>250 ml de lait<\/em><\/span><\/p>\n<p style=\"text-align: center;\"><span style=\"font-size: 14pt; font-family: georgia, palatino, serif; color: #ff005d;\"><em>55 g de sucre<\/em><\/span><\/p>\n<p style=\"text-align: center;\"><span style=\"font-size: 14pt; font-family: georgia, palatino, serif; color: #ff005d;\"><em>2\u00a0<\/em><\/span><span style=\"color: #ff005d; font-family: georgia, palatino, serif;\"><span style=\"font-size: 18.6667px;\"><i>\u0153ufs<\/i><\/span><\/span><\/p>\n<p style=\"text-align: center;\"><span style=\"font-size: 14pt; font-family: georgia, palatino, serif; color: #ff005d;\"><em>20 g de ma\u00efzena<\/em><\/span><\/p>\n<p style=\"text-align: center;\"><span style=\"font-size: 14pt; font-family: georgia, palatino, serif; color: #ff005d;\"><em>1 sachet de sucre vanill\u00e9<\/em><\/span><\/p>\n<p style=\"text-align: center;\"><span style=\"font-size: 14pt; font-family: georgia, palatino, serif; color: #ff005d;\"><em><span style=\"color: #ff005d; font-family: georgia, palatino, serif;\"><span style=\"font-size: 14pt;\">Recette de la cr\u00e8me <\/span><span style=\"font-size: 18.6667px;\">p\u00e2tissi\u00e8re<\/span><span style=\"font-size: 14pt;\">\u00a0sur ce lien -&gt;\u00a0<\/span><\/span><a href=\"http:\/\/recettes-gourmandes-de-joce.fr\/index.php\/index\/desserts\/pates-cremes-glacages\/creme-patissiere\/\"><span style=\"font-family: georgia, palatino, serif; font-size: 14pt;\">Cr\u00e8me p\u00e2tissi\u00e8re<\/span><\/a><\/em><\/span><\/p>\n<p style=\"text-align: center;\"><span style=\"font-size: 14pt; font-family: georgia, palatino, serif; color: #ff005d;\"><em>\u00a0<img loading=\"lazy\" decoding=\"async\" class=\"alignnone wp-image-37326\" src=\"http:\/\/recettes-gourmandes-de-joce.fr\/wp-content\/uploads\/2021\/06\/p5300070-001-1-300x208.jpg\" alt=\"\" width=\"231\" height=\"160\" srcset=\"http:\/\/recettes-gourmandes-de-joce.fr\/wp-content\/uploads\/2021\/06\/p5300070-001-1-300x208.jpg 300w, http:\/\/recettes-gourmandes-de-joce.fr\/wp-content\/uploads\/2021\/06\/p5300070-001-1-768x533.jpg 768w, http:\/\/recettes-gourmandes-de-joce.fr\/wp-content\/uploads\/2021\/06\/p5300070-001-1-750x520.jpg 750w, http:\/\/recettes-gourmandes-de-joce.fr\/wp-content\/uploads\/2021\/06\/p5300070-001-1.jpg 800w\" sizes=\"auto, (max-width: 231px) 100vw, 231px\" \/> <img loading=\"lazy\" decoding=\"async\" class=\"alignnone wp-image-37329\" src=\"http:\/\/recettes-gourmandes-de-joce.fr\/wp-content\/uploads\/2021\/06\/tarte-fraises-pralin5-300x225.jpg\" alt=\"\" width=\"213\" height=\"160\" srcset=\"http:\/\/recettes-gourmandes-de-joce.fr\/wp-content\/uploads\/2021\/06\/tarte-fraises-pralin5-300x225.jpg 300w, http:\/\/recettes-gourmandes-de-joce.fr\/wp-content\/uploads\/2021\/06\/tarte-fraises-pralin5-768x576.jpg 768w, http:\/\/recettes-gourmandes-de-joce.fr\/wp-content\/uploads\/2021\/06\/tarte-fraises-pralin5-750x563.jpg 750w, http:\/\/recettes-gourmandes-de-joce.fr\/wp-content\/uploads\/2021\/06\/tarte-fraises-pralin5.jpg 800w\" sizes=\"auto, (max-width: 213px) 100vw, 213px\" \/> <img loading=\"lazy\" decoding=\"async\" class=\"alignnone wp-image-37325\" src=\"http:\/\/recettes-gourmandes-de-joce.fr\/wp-content\/uploads\/2021\/06\/p5300069-001-1-300x225.jpg\" alt=\"\" width=\"213\" height=\"160\" srcset=\"http:\/\/recettes-gourmandes-de-joce.fr\/wp-content\/uploads\/2021\/06\/p5300069-001-1-300x225.jpg 300w, http:\/\/recettes-gourmandes-de-joce.fr\/wp-content\/uploads\/2021\/06\/p5300069-001-1-768x576.jpg 768w, http:\/\/recettes-gourmandes-de-joce.fr\/wp-content\/uploads\/2021\/06\/p5300069-001-1-750x563.jpg 750w, http:\/\/recettes-gourmandes-de-joce.fr\/wp-content\/uploads\/2021\/06\/p5300069-001-1.jpg 800w\" sizes=\"auto, (max-width: 213px) 100vw, 213px\" \/><\/em><\/span><\/p>\n<p style=\"text-align: center;\"><span style=\"font-size: 14pt; font-family: georgia, palatino, serif; color: #ff005d;\"><em>R\u00e9aliser votre cr\u00e8me p\u00e2tissi\u00e8re, et ajouter les 2 c \u00e0 s de pralin, laissez-la refroidir. Mettre la p\u00e2te dans le moule \u00e0 tarte, enlever le surplus de p\u00e2te et piquer le fond avec une fourchette. <\/em><\/span><span style=\"font-size: 14pt; font-family: georgia, palatino, serif; color: #ff005d;\"><em>La recouvrir de papier sulfuris\u00e9 et versez des billes de c\u00e9ramiques ou des haricots sec\u00a0par exemple dessus.<\/em><\/span><\/p>\n<p style=\"text-align: center;\"><img loading=\"lazy\" decoding=\"async\" class=\"alignnone wp-image-37327\" src=\"http:\/\/recettes-gourmandes-de-joce.fr\/wp-content\/uploads\/2021\/06\/p5300073-001-1-300x224.jpg\" alt=\"\" width=\"214\" height=\"160\" srcset=\"http:\/\/recettes-gourmandes-de-joce.fr\/wp-content\/uploads\/2021\/06\/p5300073-001-1-300x224.jpg 300w, http:\/\/recettes-gourmandes-de-joce.fr\/wp-content\/uploads\/2021\/06\/p5300073-001-1-768x573.jpg 768w, http:\/\/recettes-gourmandes-de-joce.fr\/wp-content\/uploads\/2021\/06\/p5300073-001-1-750x560.jpg 750w, http:\/\/recettes-gourmandes-de-joce.fr\/wp-content\/uploads\/2021\/06\/p5300073-001-1.jpg 800w\" sizes=\"auto, (max-width: 214px) 100vw, 214px\" \/> <img loading=\"lazy\" decoding=\"async\" class=\"alignnone wp-image-37328\" src=\"http:\/\/recettes-gourmandes-de-joce.fr\/wp-content\/uploads\/2021\/06\/p5300076-001-1-300x246.jpg\" alt=\"\" width=\"195\" height=\"160\" srcset=\"http:\/\/recettes-gourmandes-de-joce.fr\/wp-content\/uploads\/2021\/06\/p5300076-001-1-300x246.jpg 300w, http:\/\/recettes-gourmandes-de-joce.fr\/wp-content\/uploads\/2021\/06\/p5300076-001-1-768x630.jpg 768w, http:\/\/recettes-gourmandes-de-joce.fr\/wp-content\/uploads\/2021\/06\/p5300076-001-1-750x615.jpg 750w, http:\/\/recettes-gourmandes-de-joce.fr\/wp-content\/uploads\/2021\/06\/p5300076-001-1.jpg 800w\" sizes=\"auto, (max-width: 195px) 100vw, 195px\" \/> <img loading=\"lazy\" decoding=\"async\" class=\"alignnone wp-image-37317\" src=\"http:\/\/recettes-gourmandes-de-joce.fr\/wp-content\/uploads\/2021\/06\/p5300078-001-1-300x237.jpg\" alt=\"\" width=\"202\" height=\"160\" srcset=\"http:\/\/recettes-gourmandes-de-joce.fr\/wp-content\/uploads\/2021\/06\/p5300078-001-1-300x237.jpg 300w, http:\/\/recettes-gourmandes-de-joce.fr\/wp-content\/uploads\/2021\/06\/p5300078-001-1-768x608.jpg 768w, http:\/\/recettes-gourmandes-de-joce.fr\/wp-content\/uploads\/2021\/06\/p5300078-001-1-750x593.jpg 750w, http:\/\/recettes-gourmandes-de-joce.fr\/wp-content\/uploads\/2021\/06\/p5300078-001-1.jpg 800w\" sizes=\"auto, (max-width: 202px) 100vw, 202px\" \/><\/p>\n<p style=\"text-align: center;\"><span style=\"font-size: 14pt; font-family: georgia, palatino, serif; color: #ff005d;\"><em> La cuire \u00e0 200\u00b0 environ 15\/20 minutes selon les fours surveiller la coloration. <\/em><em>Une fois cuite et refroidie, enlever le papier et les pois.\u00a0<\/em><\/span><span style=\"font-size: 14pt; font-family: georgia, palatino, serif; color: #ff005d;\"><em>\u00c9taler dessus la cr\u00e8me p\u00e2tissi\u00e8re. <\/em><\/span><\/p>\n<p style=\"text-align: center;\"><img loading=\"lazy\" decoding=\"async\" class=\"alignnone wp-image-37318\" src=\"http:\/\/recettes-gourmandes-de-joce.fr\/wp-content\/uploads\/2021\/06\/p5300079-001-1-300x225.jpg\" alt=\"\" width=\"213\" height=\"160\" srcset=\"http:\/\/recettes-gourmandes-de-joce.fr\/wp-content\/uploads\/2021\/06\/p5300079-001-1-300x225.jpg 300w, http:\/\/recettes-gourmandes-de-joce.fr\/wp-content\/uploads\/2021\/06\/p5300079-001-1-768x576.jpg 768w, http:\/\/recettes-gourmandes-de-joce.fr\/wp-content\/uploads\/2021\/06\/p5300079-001-1-750x563.jpg 750w, http:\/\/recettes-gourmandes-de-joce.fr\/wp-content\/uploads\/2021\/06\/p5300079-001-1.jpg 800w\" sizes=\"auto, (max-width: 213px) 100vw, 213px\" \/> <img loading=\"lazy\" decoding=\"async\" class=\"alignnone wp-image-37319\" src=\"http:\/\/recettes-gourmandes-de-joce.fr\/wp-content\/uploads\/2021\/06\/p5300081-002-1-300x225.jpg\" alt=\"\" width=\"213\" height=\"160\" srcset=\"http:\/\/recettes-gourmandes-de-joce.fr\/wp-content\/uploads\/2021\/06\/p5300081-002-1-300x225.jpg 300w, http:\/\/recettes-gourmandes-de-joce.fr\/wp-content\/uploads\/2021\/06\/p5300081-002-1-768x576.jpg 768w, http:\/\/recettes-gourmandes-de-joce.fr\/wp-content\/uploads\/2021\/06\/p5300081-002-1-750x563.jpg 750w, http:\/\/recettes-gourmandes-de-joce.fr\/wp-content\/uploads\/2021\/06\/p5300081-002-1.jpg 800w\" sizes=\"auto, (max-width: 213px) 100vw, 213px\" \/><\/p>\n<p style=\"text-align: center;\"><span style=\"font-size: 14pt; font-family: georgia, palatino, serif; color: #ff005d;\"><em>Laver les fraises, enlever les queues, coupez-les en deux dans le sens de l&rsquo;\u00e9paisseur, disposer les sur la cr\u00e8me p\u00e2tissi\u00e8re, r\u00e9partir dessus le reste du pralin. <\/em><\/span><span style=\"font-size: 14pt; font-family: georgia, palatino, serif; color: #ff005d;\"><em>Ciseler les feuilles de basilic lav\u00e9es et les r\u00e9partir sur la tarte.<\/em><\/span><\/p>\n<p style=\"text-align: center;\"><span style=\"font-size: 14pt; font-family: georgia, palatino, serif; color: #ff005d;\"><em>Bonne d\u00e9gustation!<\/em><\/span><\/p>\n<p style=\"text-align: center;\"><span style=\"font-size: 14pt; font-family: georgia, palatino, serif; color: #ff005d;\"><em> \u00a0<img loading=\"lazy\" decoding=\"async\" class=\"alignnone wp-image-37321\" src=\"http:\/\/recettes-gourmandes-de-joce.fr\/wp-content\/uploads\/2021\/06\/p5300086-001-1-300x210.jpg\" alt=\"\" width=\"257\" height=\"180\" srcset=\"http:\/\/recettes-gourmandes-de-joce.fr\/wp-content\/uploads\/2021\/06\/p5300086-001-1-300x210.jpg 300w, http:\/\/recettes-gourmandes-de-joce.fr\/wp-content\/uploads\/2021\/06\/p5300086-001-1-768x538.jpg 768w, http:\/\/recettes-gourmandes-de-joce.fr\/wp-content\/uploads\/2021\/06\/p5300086-001-1-750x525.jpg 750w, http:\/\/recettes-gourmandes-de-joce.fr\/wp-content\/uploads\/2021\/06\/p5300086-001-1.jpg 800w\" sizes=\"auto, (max-width: 257px) 100vw, 257px\" \/> <img loading=\"lazy\" decoding=\"async\" class=\"alignnone wp-image-37322\" src=\"http:\/\/recettes-gourmandes-de-joce.fr\/wp-content\/uploads\/2021\/06\/p5300088-001-1-300x225.jpg\" alt=\"\" width=\"240\" height=\"180\" srcset=\"http:\/\/recettes-gourmandes-de-joce.fr\/wp-content\/uploads\/2021\/06\/p5300088-001-1-300x225.jpg 300w, http:\/\/recettes-gourmandes-de-joce.fr\/wp-content\/uploads\/2021\/06\/p5300088-001-1-768x576.jpg 768w, http:\/\/recettes-gourmandes-de-joce.fr\/wp-content\/uploads\/2021\/06\/p5300088-001-1-750x563.jpg 750w, http:\/\/recettes-gourmandes-de-joce.fr\/wp-content\/uploads\/2021\/06\/p5300088-001-1.jpg 800w\" sizes=\"auto, (max-width: 240px) 100vw, 240px\" \/> <img loading=\"lazy\" decoding=\"async\" class=\"alignnone wp-image-37320\" src=\"http:\/\/recettes-gourmandes-de-joce.fr\/wp-content\/uploads\/2021\/06\/p5300082-001-1-300x229.jpg\" alt=\"\" width=\"236\" height=\"180\" srcset=\"http:\/\/recettes-gourmandes-de-joce.fr\/wp-content\/uploads\/2021\/06\/p5300082-001-1-300x229.jpg 300w, http:\/\/recettes-gourmandes-de-joce.fr\/wp-content\/uploads\/2021\/06\/p5300082-001-1-768x587.jpg 768w, http:\/\/recettes-gourmandes-de-joce.fr\/wp-content\/uploads\/2021\/06\/p5300082-001-1-750x573.jpg 750w, http:\/\/recettes-gourmandes-de-joce.fr\/wp-content\/uploads\/2021\/06\/p5300082-001-1.jpg 800w\" sizes=\"auto, (max-width: 236px) 100vw, 236px\" \/><\/em><\/span><\/p>\n<p style=\"text-align: center;\"><img loading=\"lazy\" decoding=\"async\" class=\"alignnone wp-image-24317 size-full\" src=\"http:\/\/recettes-gourmandes-de-joce.fr\/wp-content\/uploads\/2020\/07\/logitech-gaming-software-14112014-121223.jpg\" alt=\"\" width=\"640\" height=\"144\" srcset=\"http:\/\/recettes-gourmandes-de-joce.fr\/wp-content\/uploads\/2020\/07\/logitech-gaming-software-14112014-121223.jpg 640w, http:\/\/recettes-gourmandes-de-joce.fr\/wp-content\/uploads\/2020\/07\/logitech-gaming-software-14112014-121223-300x68.jpg 300w\" sizes=\"auto, (max-width: 640px) 100vw, 640px\" \/><\/p>\n","protected":false},"excerpt":{"rendered":"<p>Une de mes recettes Ingr\u00e9dients pour une tarte 1 p\u00e2te feuillet\u00e9e 3 c \u00e0 s de pralin 500 g de fraises 3 belles feuilles de basilic Pour la cr\u00e8me p\u00e2tissi\u00e8re 250 ml de lait 55 g de sucre 2\u00a0\u0153ufs 20 g de ma\u00efzena 1 sachet de sucre vanill\u00e9 Recette de la cr\u00e8me p\u00e2tissi\u00e8re\u00a0sur ce lien &hellip; <\/p>\n<p><a class=\"more-link btn\" href=\"http:\/\/recettes-gourmandes-de-joce.fr\/index.php\/index\/desserts\/tartes-et-tartelettes-sucrees\/tarte-aux-fraises-pralin-et-basilic\/\">Lire la suite<\/a><\/p>\n","protected":false},"author":2,"featured_media":87615,"parent":47531,"menu_order":0,"comment_status":"open","ping_status":"closed","template":"","meta":{"footnotes":""},"class_list":["post-37316","page","type-page","status-publish","has-post-thumbnail","hentry","nodate","item-wrap"],"_links":{"self":[{"href":"http:\/\/recettes-gourmandes-de-joce.fr\/index.php\/wp-json\/wp\/v2\/pages\/37316","targetHints":{"allow":["GET"]}}],"collection":[{"href":"http:\/\/recettes-gourmandes-de-joce.fr\/index.php\/wp-json\/wp\/v2\/pages"}],"about":[{"href":"http:\/\/recettes-gourmandes-de-joce.fr\/index.php\/wp-json\/wp\/v2\/types\/page"}],"author":[{"embeddable":true,"href":"http:\/\/recettes-gourmandes-de-joce.fr\/index.php\/wp-json\/wp\/v2\/users\/2"}],"replies":[{"embeddable":true,"href":"http:\/\/recettes-gourmandes-de-joce.fr\/index.php\/wp-json\/wp\/v2\/comments?post=37316"}],"version-history":[{"count":3,"href":"http:\/\/recettes-gourmandes-de-joce.fr\/index.php\/wp-json\/wp\/v2\/pages\/37316\/revisions"}],"predecessor-version":[{"id":87616,"href":"http:\/\/recettes-gourmandes-de-joce.fr\/index.php\/wp-json\/wp\/v2\/pages\/37316\/revisions\/87616"}],"up":[{"embeddable":true,"href":"http:\/\/recettes-gourmandes-de-joce.fr\/index.php\/wp-json\/wp\/v2\/pages\/47531"}],"wp:featuredmedia":[{"embeddable":true,"href":"http:\/\/recettes-gourmandes-de-joce.fr\/index.php\/wp-json\/wp\/v2\/media\/87615"}],"wp:attachment":[{"href":"http:\/\/recettes-gourmandes-de-joce.fr\/index.php\/wp-json\/wp\/v2\/media?parent=37316"}],"curies":[{"name":"wp","href":"https:\/\/api.w.org\/{rel}","templated":true}]}}