{"id":3724,"date":"2019-10-07T11:46:34","date_gmt":"2019-10-07T11:46:34","guid":{"rendered":"http:\/\/recettes-gourmandes-de-joce.fr\/?page_id=3724"},"modified":"2024-04-29T20:06:44","modified_gmt":"2024-04-29T20:06:44","slug":"risotto-aux-feves","status":"publish","type":"page","link":"http:\/\/recettes-gourmandes-de-joce.fr\/index.php\/index\/legumes\/riz-semoule\/risotto-aux-feves\/","title":{"rendered":"Risotto aux f\u00e8ves."},"content":{"rendered":"<p style=\"text-align: center;\"><span style=\"color: #669900;\"><span style=\"font-size: 24px;\"><span style=\"font-family: georgia,serif;\"><u><em>Une de mes recettes<\/em><\/u><\/span><\/span><\/span><\/p>\n<p style=\"text-align: center;\"><img loading=\"lazy\" decoding=\"async\" class=\"alignnone wp-image-74317\" src=\"http:\/\/recettes-gourmandes-de-joce.fr\/wp-content\/uploads\/2024\/04\/risotto-feves1.jpg\" alt=\"\" width=\"253\" height=\"180\" \/> <img loading=\"lazy\" decoding=\"async\" class=\"alignnone wp-image-74318\" src=\"http:\/\/recettes-gourmandes-de-joce.fr\/wp-content\/uploads\/2024\/04\/risotto-feves2.jpg\" alt=\"\" width=\"244\" height=\"180\" \/> <img loading=\"lazy\" decoding=\"async\" class=\"alignnone wp-image-74319\" src=\"http:\/\/recettes-gourmandes-de-joce.fr\/wp-content\/uploads\/2024\/04\/risotto-feves3.jpg\" alt=\"\" width=\"224\" height=\"180\" \/><\/p>\n<p style=\"text-align: center;\"><span style=\"color: #669900;\"><span style=\"font-size: 24px;\"><span style=\"font-family: georgia,serif;\"><u><em>Ingr\u00e9dients pour 6 personnes<\/em><\/u><\/span><\/span><\/span><\/p>\n<p style=\"text-align: center;\"><img loading=\"lazy\" decoding=\"async\" class=\"alignnone wp-image-74320\" src=\"http:\/\/recettes-gourmandes-de-joce.fr\/wp-content\/uploads\/2024\/04\/risotto-feves4.jpg\" alt=\"\" width=\"245\" height=\"200\" \/><\/p>\n<p style=\"text-align: center;\"><span style=\"font-size: 14pt;\"><em><span style=\"font-family: georgia,serif;\"><span style=\"color: #669900;\">500 g riz \u00e0 risotto type Arborio<\/span><\/span><\/em><\/span><\/p>\n<p style=\"text-align: center;\"><span style=\"font-size: 14pt;\"><em><span style=\"font-family: georgia,serif;\"><span style=\"color: #669900;\">500 g de f\u00e8ves surgel\u00e9es au mieux fra\u00eeches<\/span><\/span><\/em><\/span><\/p>\n<p style=\"text-align: center;\"><span style=\"font-size: 14pt;\"><em><span style=\"font-family: georgia,serif;\"><span style=\"color: #669900;\">1 petit bouquet de persil plat<\/span><\/span><\/em><\/span><\/p>\n<p style=\"text-align: center;\"><span style=\"font-size: 14pt;\"><em><span style=\"font-family: georgia,serif;\"><span style=\"color: #669900;\">1 belle \u00e9chalote<\/span><\/span><\/em><\/span><\/p>\n<p style=\"text-align: center;\"><span style=\"font-size: 14pt;\"><em><span style=\"font-family: georgia,serif;\"><span style=\"color: #669900;\">1 morceau de parmesan<\/span><\/span><\/em><\/span><\/p>\n<p style=\"text-align: center;\"><span style=\"font-size: 14pt;\"><em><span style=\"font-family: georgia,serif;\"><span style=\"color: #669900;\">1 cube de bouillon de volaille<\/span><\/span><\/em><\/span><\/p>\n<p style=\"text-align: center;\"><span style=\"font-size: 14pt;\"><em><span style=\"font-family: georgia,serif;\"><span style=\"color: #669900;\">100ml de vin blanc sec<\/span><\/span><\/em><\/span><\/p>\n<p style=\"text-align: center;\"><span style=\"font-size: 14pt;\"><em><span style=\"font-family: georgia,serif;\"><span style=\"color: #669900;\">2 belles c \u00e0 s de cr\u00e8me fra\u00eeche<\/span><\/span><\/em><\/span><\/p>\n<p style=\"text-align: center;\"><span style=\"font-size: 14pt;\"><em><span style=\"font-family: georgia,serif;\"><span style=\"color: #669900;\">1 filet d&rsquo;huile d&rsquo;olive<\/span><\/span><\/em><\/span><\/p>\n<p style=\"text-align: center;\"><span style=\"font-size: 14pt;\"><em><span style=\"font-family: georgia,serif;\"><span style=\"color: #669900;\">Sel et poivre<\/span><\/span><\/em><\/span><\/p>\n<p style=\"text-align: center;\"><img loading=\"lazy\" decoding=\"async\" class=\"alignnone wp-image-74321\" src=\"http:\/\/recettes-gourmandes-de-joce.fr\/wp-content\/uploads\/2024\/04\/risotto-feves5.jpg\" alt=\"\" width=\"247\" height=\"165\" \/> <img loading=\"lazy\" decoding=\"async\" class=\"alignnone wp-image-74322\" src=\"http:\/\/recettes-gourmandes-de-joce.fr\/wp-content\/uploads\/2024\/04\/risotto-feves6.jpg\" alt=\"\" width=\"247\" height=\"165\" \/> <img loading=\"lazy\" decoding=\"async\" class=\"alignnone wp-image-74323\" src=\"http:\/\/recettes-gourmandes-de-joce.fr\/wp-content\/uploads\/2024\/04\/risotto-feves7.jpg\" alt=\"\" width=\"247\" height=\"165\" \/><\/p>\n<p style=\"text-align: center;\"><span style=\"font-size: 14pt;\"><em><span style=\"font-family: georgia,serif;\"><span style=\"color: #669900;\">Dissoudre le cube de bouillon de volaille dans 1 litre d&rsquo;eau chaude, r\u00e2p\u00e9 le parmesan environ 4 bonnes c \u00e0 s, peler et hacher l&rsquo;\u00e9chalote, laver et ciseler le persil finement. Dans une casserole, mettre l&rsquo;huile d&rsquo;olive, ajouter les \u00e9chalotes et\u00a0<\/span><\/span><\/em><\/span><em style=\"font-size: 18.6667px;\"><span style=\"font-family: georgia,serif;\"><span style=\"color: #669900;\">les <\/span><\/span><\/em><em style=\"font-size: 14pt;\"><span style=\"font-family: georgia,serif;\"><span style=\"color: #669900;\">laisser suer sans coloration, ajouter ensuite les f\u00e8ves, bien m\u00e9langer.<\/span><\/span><\/em><\/p>\n<p style=\"text-align: center;\"><img loading=\"lazy\" decoding=\"async\" class=\"alignnone wp-image-74324\" src=\"http:\/\/recettes-gourmandes-de-joce.fr\/wp-content\/uploads\/2024\/04\/risotto-feves8.jpg\" alt=\"\" width=\"247\" height=\"165\" \/> <img loading=\"lazy\" decoding=\"async\" class=\"alignnone wp-image-74325\" src=\"http:\/\/recettes-gourmandes-de-joce.fr\/wp-content\/uploads\/2024\/04\/risotto-feves9.jpg\" alt=\"\" width=\"247\" height=\"165\" \/> <img loading=\"lazy\" decoding=\"async\" class=\"alignnone wp-image-74326\" src=\"http:\/\/recettes-gourmandes-de-joce.fr\/wp-content\/uploads\/2024\/04\/risotto-feves10.jpg\" alt=\"\" width=\"247\" height=\"165\" \/><\/p>\n<p style=\"text-align: center;\"><span style=\"font-size: 14pt;\"><em><span style=\"font-family: georgia,serif;\"><span style=\"color: #669900;\">Lorsqu&rsquo;elles ont su\u00e9 quelques instants, ajouter le riz et remuer, il doit nacrer (devenir translucide).<\/span><\/span><\/em><\/span><\/p>\n<p style=\"text-align: center;\"><img loading=\"lazy\" decoding=\"async\" class=\"alignnone wp-image-74327\" src=\"http:\/\/recettes-gourmandes-de-joce.fr\/wp-content\/uploads\/2024\/04\/risotto-feves11.jpg\" alt=\"\" width=\"225\" height=\"165\" \/> <img loading=\"lazy\" decoding=\"async\" class=\"alignnone wp-image-74328\" src=\"http:\/\/recettes-gourmandes-de-joce.fr\/wp-content\/uploads\/2024\/04\/risotto-feves12.jpg\" alt=\"\" width=\"247\" height=\"165\" \/> <img loading=\"lazy\" decoding=\"async\" class=\"alignnone wp-image-74329\" src=\"http:\/\/recettes-gourmandes-de-joce.fr\/wp-content\/uploads\/2024\/04\/risotto-feves13.jpg\" alt=\"\" width=\"247\" height=\"165\" \/><\/p>\n<p style=\"text-align: center;\"><span style=\"font-size: 14pt;\"><em><span style=\"font-family: georgia,serif;\"><span style=\"color: #669900;\">Ajouter alors le vin blanc, m\u00e9langer et ajouter une louche de bouillon de volaille, saler et poivrer,\u00a0m\u00e9langer.<\/span><\/span><\/em><\/span><\/p>\n<p style=\"text-align: center;\"><img loading=\"lazy\" decoding=\"async\" class=\"alignnone wp-image-74330\" src=\"http:\/\/recettes-gourmandes-de-joce.fr\/wp-content\/uploads\/2024\/04\/risotto-feves14.jpg\" alt=\"\" width=\"213\" height=\"165\" \/> <img loading=\"lazy\" decoding=\"async\" class=\"alignnone wp-image-74331\" src=\"http:\/\/recettes-gourmandes-de-joce.fr\/wp-content\/uploads\/2024\/04\/risotto-feves15.jpg\" alt=\"\" width=\"247\" height=\"165\" \/> <img loading=\"lazy\" decoding=\"async\" class=\"alignnone wp-image-74332\" src=\"http:\/\/recettes-gourmandes-de-joce.fr\/wp-content\/uploads\/2024\/04\/risotto-feves16.jpg\" alt=\"\" width=\"247\" height=\"165\" \/><\/p>\n<p style=\"text-align: center;\"><span style=\"color: #669900; font-size: 14pt;\"><em><span style=\"font-family: georgia,serif;\">Lorsque le riz \u00e0 absorb\u00e9 les liquides, ajouter encore une louche de bouillon et remuer, continuer ainsi jusqu&rsquo;\u00e0 cuisson compl\u00e8te du riz environ 18 minutes selon la texture d\u00e9sir\u00e9e. Lorsque le riz est cuit, arr\u00eater la cuisson, ajouter la cr\u00e8me, le parmesan, le persil. M\u00e9langer d\u00e9licatement, couvrir 5 minutes puis servez imm\u00e9diatement, le risotto n&rsquo;attend pas!<\/span><\/em><\/span><\/p>\n<p style=\"text-align: center;\"><span style=\"color: #669900; font-size: 14pt;\"><span style=\"font-family: georgia,serif;\"><em>Bon app\u00e9tit!<\/em><\/span><\/span><\/p>\n<p style=\"text-align: center;\"><img loading=\"lazy\" decoding=\"async\" class=\"alignnone wp-image-74335\" src=\"http:\/\/recettes-gourmandes-de-joce.fr\/wp-content\/uploads\/2024\/04\/risotto-feves19.jpg\" alt=\"\" width=\"270\" height=\"180\" \/><\/p>\n<p style=\"text-align: center;\"><img loading=\"lazy\" decoding=\"async\" class=\"alignnone wp-image-74334\" src=\"http:\/\/recettes-gourmandes-de-joce.fr\/wp-content\/uploads\/2024\/04\/risotto-feves18.jpg\" alt=\"\" width=\"270\" height=\"180\" \/>\u00a0<img loading=\"lazy\" decoding=\"async\" class=\"alignnone wp-image-74333\" src=\"http:\/\/recettes-gourmandes-de-joce.fr\/wp-content\/uploads\/2024\/04\/risotto-feves17.jpg\" alt=\"\" width=\"240\" height=\"180\" \/><\/p>\n<p style=\"text-align: center;\"><img loading=\"lazy\" decoding=\"async\" class=\"alignnone wp-image-24317 size-full\" src=\"http:\/\/recettes-gourmandes-de-joce.fr\/wp-content\/uploads\/2020\/07\/logitech-gaming-software-14112014-121223.jpg\" alt=\"\" width=\"640\" height=\"144\" srcset=\"http:\/\/recettes-gourmandes-de-joce.fr\/wp-content\/uploads\/2020\/07\/logitech-gaming-software-14112014-121223.jpg 640w, http:\/\/recettes-gourmandes-de-joce.fr\/wp-content\/uploads\/2020\/07\/logitech-gaming-software-14112014-121223-300x68.jpg 300w\" sizes=\"auto, (max-width: 640px) 100vw, 640px\" \/><\/p>\n","protected":false},"excerpt":{"rendered":"<p>Une de mes recettes Ingr\u00e9dients pour 6 personnes 500 g riz \u00e0 risotto type Arborio 500 g de f\u00e8ves surgel\u00e9es au mieux fra\u00eeches 1 petit bouquet de persil plat 1 belle \u00e9chalote 1 morceau de parmesan 1 cube de bouillon de volaille 100ml de vin blanc sec 2 belles c \u00e0 s de cr\u00e8me fra\u00eeche &hellip; <\/p>\n<p><a class=\"more-link btn\" href=\"http:\/\/recettes-gourmandes-de-joce.fr\/index.php\/index\/legumes\/riz-semoule\/risotto-aux-feves\/\">Lire la suite<\/a><\/p>\n","protected":false},"author":2,"featured_media":75175,"parent":163,"menu_order":0,"comment_status":"open","ping_status":"closed","template":"","meta":{"footnotes":""},"class_list":["post-3724","page","type-page","status-publish","has-post-thumbnail","hentry","nodate","item-wrap"],"_links":{"self":[{"href":"http:\/\/recettes-gourmandes-de-joce.fr\/index.php\/wp-json\/wp\/v2\/pages\/3724","targetHints":{"allow":["GET"]}}],"collection":[{"href":"http:\/\/recettes-gourmandes-de-joce.fr\/index.php\/wp-json\/wp\/v2\/pages"}],"about":[{"href":"http:\/\/recettes-gourmandes-de-joce.fr\/index.php\/wp-json\/wp\/v2\/types\/page"}],"author":[{"embeddable":true,"href":"http:\/\/recettes-gourmandes-de-joce.fr\/index.php\/wp-json\/wp\/v2\/users\/2"}],"replies":[{"embeddable":true,"href":"http:\/\/recettes-gourmandes-de-joce.fr\/index.php\/wp-json\/wp\/v2\/comments?post=3724"}],"version-history":[{"count":4,"href":"http:\/\/recettes-gourmandes-de-joce.fr\/index.php\/wp-json\/wp\/v2\/pages\/3724\/revisions"}],"predecessor-version":[{"id":75174,"href":"http:\/\/recettes-gourmandes-de-joce.fr\/index.php\/wp-json\/wp\/v2\/pages\/3724\/revisions\/75174"}],"up":[{"embeddable":true,"href":"http:\/\/recettes-gourmandes-de-joce.fr\/index.php\/wp-json\/wp\/v2\/pages\/163"}],"wp:featuredmedia":[{"embeddable":true,"href":"http:\/\/recettes-gourmandes-de-joce.fr\/index.php\/wp-json\/wp\/v2\/media\/75175"}],"wp:attachment":[{"href":"http:\/\/recettes-gourmandes-de-joce.fr\/index.php\/wp-json\/wp\/v2\/media?parent=3724"}],"curies":[{"name":"wp","href":"https:\/\/api.w.org\/{rel}","templated":true}]}}