{"id":37236,"date":"2021-06-29T15:53:55","date_gmt":"2021-06-29T15:53:55","guid":{"rendered":"http:\/\/recettes-gourmandes-de-joce.fr\/?page_id=37236"},"modified":"2024-06-26T13:30:25","modified_gmt":"2024-06-26T13:30:25","slug":"cotes-de-porc-aux-poivrons-et-curry","status":"publish","type":"page","link":"http:\/\/recettes-gourmandes-de-joce.fr\/index.php\/index\/viandes\/porc\/cotes-de-porc-aux-poivrons-et-curry\/","title":{"rendered":"C\u00f4tes de porc aux poivrons et curry."},"content":{"rendered":"<p style=\"text-align: center;\"><span style=\"font-size: 18pt; color: #993300;\"><span style=\"text-decoration: underline;\"><span style=\"font-family: georgia, palatino, serif;\"><em>Une de mes recettes<\/em><\/span><\/span><span style=\"font-family: georgia, palatino, serif;\"><em>\u00a0<\/em><\/span><\/span><\/p>\n<p style=\"text-align: center;\"><span style=\"color: #993300;\"><img loading=\"lazy\" decoding=\"async\" class=\"alignnone wp-image-37218\" src=\"http:\/\/recettes-gourmandes-de-joce.fr\/wp-content\/uploads\/2021\/06\/20121230_211955-286x300.jpg\" alt=\"\" width=\"191\" height=\"200\" srcset=\"http:\/\/recettes-gourmandes-de-joce.fr\/wp-content\/uploads\/2021\/06\/20121230_211955-286x300.jpg 286w, http:\/\/recettes-gourmandes-de-joce.fr\/wp-content\/uploads\/2021\/06\/20121230_211955-750x787.jpg 750w, http:\/\/recettes-gourmandes-de-joce.fr\/wp-content\/uploads\/2021\/06\/20121230_211955.jpg 762w\" sizes=\"auto, (max-width: 191px) 100vw, 191px\" \/> <img loading=\"lazy\" decoding=\"async\" class=\"alignnone wp-image-37217\" src=\"http:\/\/recettes-gourmandes-de-joce.fr\/wp-content\/uploads\/2021\/06\/20121230_211949-276x300.jpg\" alt=\"\" width=\"184\" height=\"200\" srcset=\"http:\/\/recettes-gourmandes-de-joce.fr\/wp-content\/uploads\/2021\/06\/20121230_211949-276x300.jpg 276w, http:\/\/recettes-gourmandes-de-joce.fr\/wp-content\/uploads\/2021\/06\/20121230_211949.jpg 596w\" sizes=\"auto, (max-width: 184px) 100vw, 184px\" \/> <img loading=\"lazy\" decoding=\"async\" class=\"alignnone wp-image-37219\" src=\"http:\/\/recettes-gourmandes-de-joce.fr\/wp-content\/uploads\/2021\/06\/20121230_212004-300x220.jpg\" alt=\"\" width=\"272\" height=\"200\" srcset=\"http:\/\/recettes-gourmandes-de-joce.fr\/wp-content\/uploads\/2021\/06\/20121230_212004-300x220.jpg 300w, http:\/\/recettes-gourmandes-de-joce.fr\/wp-content\/uploads\/2021\/06\/20121230_212004-768x564.jpg 768w, http:\/\/recettes-gourmandes-de-joce.fr\/wp-content\/uploads\/2021\/06\/20121230_212004-750x551.jpg 750w, http:\/\/recettes-gourmandes-de-joce.fr\/wp-content\/uploads\/2021\/06\/20121230_212004.jpg 795w\" sizes=\"auto, (max-width: 272px) 100vw, 272px\" \/><\/span><\/p>\n<p style=\"text-align: center;\"><span style=\"text-decoration: underline; color: #993300;\"><span style=\"font-size: 18pt; font-family: georgia, palatino, serif;\"><em>Ingr\u00e9dients pour 6 personnes<\/em><\/span><\/span><\/p>\n<p style=\"text-align: center;\"><span style=\"color: #993300;\"><img loading=\"lazy\" decoding=\"async\" class=\"alignnone size-medium wp-image-37222\" src=\"http:\/\/recettes-gourmandes-de-joce.fr\/wp-content\/uploads\/2021\/06\/P1010229-300x172.jpg\" alt=\"\" width=\"300\" height=\"172\" srcset=\"http:\/\/recettes-gourmandes-de-joce.fr\/wp-content\/uploads\/2021\/06\/P1010229-300x172.jpg 300w, http:\/\/recettes-gourmandes-de-joce.fr\/wp-content\/uploads\/2021\/06\/P1010229-768x441.jpg 768w, http:\/\/recettes-gourmandes-de-joce.fr\/wp-content\/uploads\/2021\/06\/P1010229-750x431.jpg 750w, http:\/\/recettes-gourmandes-de-joce.fr\/wp-content\/uploads\/2021\/06\/P1010229.jpg 797w\" sizes=\"auto, (max-width: 300px) 100vw, 300px\" \/><\/span><\/p>\n<p style=\"text-align: center;\"><span style=\"font-size: 14pt; font-family: georgia, palatino, serif; color: #993300;\"><em>6 c\u00f4tes de porc<\/em><\/span><\/p>\n<p style=\"text-align: center;\"><span style=\"font-size: 14pt; font-family: georgia, palatino, serif; color: #993300;\"><em>1 tomate<\/em><\/span><\/p>\n<p style=\"text-align: center;\"><span style=\"font-size: 14pt; font-family: georgia, palatino, serif; color: #993300;\"><em>\u00bc de poivron vert et de poivron jaune<\/em><\/span><\/p>\n<p style=\"text-align: center;\"><span style=\"font-size: 14pt; font-family: georgia, palatino, serif; color: #993300;\"><em>ou un demi poivron de votre choix<\/em><\/span><\/p>\n<p style=\"text-align: center;\"><span style=\"font-size: 14pt; font-family: georgia, palatino, serif; color: #993300;\"><em>1 oignon rouge \u00e0 d\u00e9faut jaune<\/em><\/span><\/p>\n<p style=\"text-align: center;\"><span style=\"font-size: 14pt; font-family: georgia, palatino, serif; color: #993300;\"><em>2 belles gousses d&rsquo;ail<\/em><\/span><\/p>\n<p style=\"text-align: center;\"><span style=\"font-size: 14pt; font-family: georgia, palatino, serif; color: #993300;\"><em>1 petit bouquet de persil plat<\/em><\/span><\/p>\n<p style=\"text-align: center;\"><span style=\"font-size: 14pt; font-family: georgia, palatino, serif; color: #993300;\"><em>4 c \u00e0 s de cr\u00e8me fra\u00eeche<\/em><\/span><\/p>\n<p style=\"text-align: center;\"><span style=\"font-size: 14pt; font-family: georgia, palatino, serif; color: #993300;\"><em>1 c \u00e0 s de curry<\/em><\/span><\/p>\n<p style=\"text-align: center;\"><span style=\"font-size: 14pt; font-family: georgia, palatino, serif; color: #993300;\"><em>1 morceau de beurre<\/em><\/span><\/p>\n<p style=\"text-align: center;\"><span style=\"font-size: 14pt; font-family: georgia, palatino, serif; color: #993300;\"><em>Sel et poivre<\/em><\/span><\/p>\n<p style=\"text-align: center;\"><span style=\"font-size: 14pt; font-family: georgia, palatino, serif; color: #993300;\"><em><img loading=\"lazy\" decoding=\"async\" class=\"alignnone wp-image-37224\" src=\"http:\/\/recettes-gourmandes-de-joce.fr\/wp-content\/uploads\/2021\/06\/P1010231-300x200.jpg\" alt=\"\" width=\"240\" height=\"160\" srcset=\"http:\/\/recettes-gourmandes-de-joce.fr\/wp-content\/uploads\/2021\/06\/P1010231-300x200.jpg 300w, http:\/\/recettes-gourmandes-de-joce.fr\/wp-content\/uploads\/2021\/06\/P1010231-768x512.jpg 768w, http:\/\/recettes-gourmandes-de-joce.fr\/wp-content\/uploads\/2021\/06\/P1010231-750x500.jpg 750w, http:\/\/recettes-gourmandes-de-joce.fr\/wp-content\/uploads\/2021\/06\/P1010231.jpg 800w\" sizes=\"auto, (max-width: 240px) 100vw, 240px\" \/> <img loading=\"lazy\" decoding=\"async\" class=\"alignnone wp-image-36183\" src=\"http:\/\/recettes-gourmandes-de-joce.fr\/wp-content\/uploads\/2021\/06\/pa120325-300x268.jpg\" alt=\"\" width=\"179\" height=\"160\" srcset=\"http:\/\/recettes-gourmandes-de-joce.fr\/wp-content\/uploads\/2021\/06\/pa120325-300x268.jpg 300w, http:\/\/recettes-gourmandes-de-joce.fr\/wp-content\/uploads\/2021\/06\/pa120325-768x685.jpg 768w, http:\/\/recettes-gourmandes-de-joce.fr\/wp-content\/uploads\/2021\/06\/pa120325-750x669.jpg 750w, http:\/\/recettes-gourmandes-de-joce.fr\/wp-content\/uploads\/2021\/06\/pa120325.jpg 800w\" sizes=\"auto, (max-width: 179px) 100vw, 179px\" \/> <img loading=\"lazy\" decoding=\"async\" class=\"alignnone wp-image-37223\" src=\"http:\/\/recettes-gourmandes-de-joce.fr\/wp-content\/uploads\/2021\/06\/P1010230-300x251.jpg\" alt=\"\" width=\"192\" height=\"160\" srcset=\"http:\/\/recettes-gourmandes-de-joce.fr\/wp-content\/uploads\/2021\/06\/P1010230-300x251.jpg 300w, http:\/\/recettes-gourmandes-de-joce.fr\/wp-content\/uploads\/2021\/06\/P1010230-768x641.jpg 768w, http:\/\/recettes-gourmandes-de-joce.fr\/wp-content\/uploads\/2021\/06\/P1010230-750x626.jpg 750w, http:\/\/recettes-gourmandes-de-joce.fr\/wp-content\/uploads\/2021\/06\/P1010230.jpg 800w\" sizes=\"auto, (max-width: 192px) 100vw, 192px\" \/><\/em><\/span><\/p>\n<p style=\"text-align: center;\"><span style=\"font-size: 14pt; font-family: georgia, palatino, serif; color: #993300;\"><em>Peler et hacher l&rsquo;oignon et les gousses d&rsquo;ail d\u00e9germ\u00e9es, laver et\u00a0couper en tr\u00e8s petits morceaux les poivrons et la tomate. Laver et ciseler le persil. Dans une po\u00eale faite fondre le beurre et y cuire les c\u00f4tes de porc sal\u00e9es et poivr\u00e9es sur les deux faces, les r\u00e9server au chaud.<\/em><\/span><\/p>\n<p style=\"text-align: center;\"><span style=\"font-size: 14pt; font-family: georgia, palatino, serif; color: #993300;\"><em><img loading=\"lazy\" decoding=\"async\" class=\"alignnone wp-image-37226\" src=\"http:\/\/recettes-gourmandes-de-joce.fr\/wp-content\/uploads\/2021\/06\/P1010233-300x243.jpg\" alt=\"\" width=\"198\" height=\"160\" srcset=\"http:\/\/recettes-gourmandes-de-joce.fr\/wp-content\/uploads\/2021\/06\/P1010233-300x243.jpg 300w, http:\/\/recettes-gourmandes-de-joce.fr\/wp-content\/uploads\/2021\/06\/P1010233-768x621.jpg 768w, http:\/\/recettes-gourmandes-de-joce.fr\/wp-content\/uploads\/2021\/06\/P1010233-750x607.jpg 750w, http:\/\/recettes-gourmandes-de-joce.fr\/wp-content\/uploads\/2021\/06\/P1010233.jpg 800w\" sizes=\"auto, (max-width: 198px) 100vw, 198px\" \/> <img loading=\"lazy\" decoding=\"async\" class=\"alignnone wp-image-37227\" src=\"http:\/\/recettes-gourmandes-de-joce.fr\/wp-content\/uploads\/2021\/06\/P1010234-300x231.jpg\" alt=\"\" width=\"207\" height=\"160\" srcset=\"http:\/\/recettes-gourmandes-de-joce.fr\/wp-content\/uploads\/2021\/06\/P1010234-300x231.jpg 300w, http:\/\/recettes-gourmandes-de-joce.fr\/wp-content\/uploads\/2021\/06\/P1010234-768x592.jpg 768w, http:\/\/recettes-gourmandes-de-joce.fr\/wp-content\/uploads\/2021\/06\/P1010234-750x578.jpg 750w, http:\/\/recettes-gourmandes-de-joce.fr\/wp-content\/uploads\/2021\/06\/P1010234.jpg 800w\" sizes=\"auto, (max-width: 207px) 100vw, 207px\" \/> <img loading=\"lazy\" decoding=\"async\" class=\"alignnone wp-image-37228\" src=\"http:\/\/recettes-gourmandes-de-joce.fr\/wp-content\/uploads\/2021\/06\/P1010235-300x243.jpg\" alt=\"\" width=\"198\" height=\"160\" srcset=\"http:\/\/recettes-gourmandes-de-joce.fr\/wp-content\/uploads\/2021\/06\/P1010235-300x243.jpg 300w, http:\/\/recettes-gourmandes-de-joce.fr\/wp-content\/uploads\/2021\/06\/P1010235-768x622.jpg 768w, http:\/\/recettes-gourmandes-de-joce.fr\/wp-content\/uploads\/2021\/06\/P1010235-750x608.jpg 750w, http:\/\/recettes-gourmandes-de-joce.fr\/wp-content\/uploads\/2021\/06\/P1010235.jpg 800w\" sizes=\"auto, (max-width: 198px) 100vw, 198px\" \/><\/em><\/span><\/p>\n<p style=\"text-align: center;\"><span style=\"font-size: 14pt; font-family: georgia, palatino, serif; color: #993300;\"><em>A la place mettre l&rsquo;oignon et l&rsquo;ail \u00e0 dorer l\u00e9g\u00e8rement, saler l\u00e9g\u00e8rement, ajouter ensuite les poivrons et la tomate, m\u00e9langer.<\/em><\/span><\/p>\n<p style=\"text-align: center;\"><span style=\"font-size: 14pt; font-family: georgia, palatino, serif; color: #993300;\"><em><img loading=\"lazy\" decoding=\"async\" class=\"alignnone wp-image-37229\" src=\"http:\/\/recettes-gourmandes-de-joce.fr\/wp-content\/uploads\/2021\/06\/P1010236-300x245.jpg\" alt=\"\" width=\"196\" height=\"160\" srcset=\"http:\/\/recettes-gourmandes-de-joce.fr\/wp-content\/uploads\/2021\/06\/P1010236-300x245.jpg 300w, http:\/\/recettes-gourmandes-de-joce.fr\/wp-content\/uploads\/2021\/06\/P1010236-768x626.jpg 768w, http:\/\/recettes-gourmandes-de-joce.fr\/wp-content\/uploads\/2021\/06\/P1010236-750x611.jpg 750w, http:\/\/recettes-gourmandes-de-joce.fr\/wp-content\/uploads\/2021\/06\/P1010236.jpg 800w\" sizes=\"auto, (max-width: 196px) 100vw, 196px\" \/> <img loading=\"lazy\" decoding=\"async\" class=\"alignnone wp-image-37230\" src=\"http:\/\/recettes-gourmandes-de-joce.fr\/wp-content\/uploads\/2021\/06\/P1010237-300x228.jpg\" alt=\"\" width=\"210\" height=\"160\" srcset=\"http:\/\/recettes-gourmandes-de-joce.fr\/wp-content\/uploads\/2021\/06\/P1010237-300x228.jpg 300w, http:\/\/recettes-gourmandes-de-joce.fr\/wp-content\/uploads\/2021\/06\/P1010237-768x585.jpg 768w, http:\/\/recettes-gourmandes-de-joce.fr\/wp-content\/uploads\/2021\/06\/P1010237-750x571.jpg 750w, http:\/\/recettes-gourmandes-de-joce.fr\/wp-content\/uploads\/2021\/06\/P1010237.jpg 800w\" sizes=\"auto, (max-width: 210px) 100vw, 210px\" \/> <img loading=\"lazy\" decoding=\"async\" class=\"alignnone wp-image-37231\" src=\"http:\/\/recettes-gourmandes-de-joce.fr\/wp-content\/uploads\/2021\/06\/P1010238-300x228.jpg\" alt=\"\" width=\"210\" height=\"160\" srcset=\"http:\/\/recettes-gourmandes-de-joce.fr\/wp-content\/uploads\/2021\/06\/P1010238-300x228.jpg 300w, http:\/\/recettes-gourmandes-de-joce.fr\/wp-content\/uploads\/2021\/06\/P1010238-768x585.jpg 768w, http:\/\/recettes-gourmandes-de-joce.fr\/wp-content\/uploads\/2021\/06\/P1010238-750x571.jpg 750w, http:\/\/recettes-gourmandes-de-joce.fr\/wp-content\/uploads\/2021\/06\/P1010238.jpg 800w\" sizes=\"auto, (max-width: 210px) 100vw, 210px\" \/><\/em><\/span><\/p>\n<p style=\"text-align: center;\"><span style=\"font-size: 14pt; font-family: georgia, palatino, serif; color: #993300;\"><em>Laisser mijoter quelques instants, ajouter ensuite le curry, m\u00e9langer et ajouter 2 c \u00e0 s d&rsquo;eau, m\u00e9langer \u00e0 nouveau. Ajouter la cr\u00e8me fra\u00eeche et remuer.<\/em><\/span><\/p>\n<p style=\"text-align: center;\"><span style=\"font-size: 14pt; font-family: georgia, palatino, serif; color: #993300;\"><em><img loading=\"lazy\" decoding=\"async\" class=\"alignnone wp-image-37232\" src=\"http:\/\/recettes-gourmandes-de-joce.fr\/wp-content\/uploads\/2021\/06\/P1010240-300x239.jpg\" alt=\"\" width=\"201\" height=\"160\" srcset=\"http:\/\/recettes-gourmandes-de-joce.fr\/wp-content\/uploads\/2021\/06\/P1010240-300x239.jpg 300w, http:\/\/recettes-gourmandes-de-joce.fr\/wp-content\/uploads\/2021\/06\/P1010240-768x611.jpg 768w, http:\/\/recettes-gourmandes-de-joce.fr\/wp-content\/uploads\/2021\/06\/P1010240-750x596.jpg 750w, http:\/\/recettes-gourmandes-de-joce.fr\/wp-content\/uploads\/2021\/06\/P1010240.jpg 800w\" sizes=\"auto, (max-width: 201px) 100vw, 201px\" \/> <img loading=\"lazy\" decoding=\"async\" class=\"alignnone wp-image-37233\" src=\"http:\/\/recettes-gourmandes-de-joce.fr\/wp-content\/uploads\/2021\/06\/P1010241-300x205.jpg\" alt=\"\" width=\"234\" height=\"160\" srcset=\"http:\/\/recettes-gourmandes-de-joce.fr\/wp-content\/uploads\/2021\/06\/P1010241-300x205.jpg 300w, http:\/\/recettes-gourmandes-de-joce.fr\/wp-content\/uploads\/2021\/06\/P1010241-768x525.jpg 768w, http:\/\/recettes-gourmandes-de-joce.fr\/wp-content\/uploads\/2021\/06\/P1010241-750x513.jpg 750w, http:\/\/recettes-gourmandes-de-joce.fr\/wp-content\/uploads\/2021\/06\/P1010241.jpg 800w\" sizes=\"auto, (max-width: 234px) 100vw, 234px\" \/> <img loading=\"lazy\" decoding=\"async\" class=\"alignnone wp-image-37234\" src=\"http:\/\/recettes-gourmandes-de-joce.fr\/wp-content\/uploads\/2021\/06\/P1010242-300x228.jpg\" alt=\"\" width=\"211\" height=\"160\" srcset=\"http:\/\/recettes-gourmandes-de-joce.fr\/wp-content\/uploads\/2021\/06\/P1010242-300x228.jpg 300w, http:\/\/recettes-gourmandes-de-joce.fr\/wp-content\/uploads\/2021\/06\/P1010242-768x584.jpg 768w, http:\/\/recettes-gourmandes-de-joce.fr\/wp-content\/uploads\/2021\/06\/P1010242-750x570.jpg 750w, http:\/\/recettes-gourmandes-de-joce.fr\/wp-content\/uploads\/2021\/06\/P1010242.jpg 800w\" sizes=\"auto, (max-width: 211px) 100vw, 211px\" \/><\/em><\/span><\/p>\n<p style=\"text-align: center;\"><span style=\"font-size: 14pt; font-family: georgia, palatino, serif; color: #993300;\"><em>Ajouter le persil, le jus qu&rsquo;auront rendu les c\u00f4tes de porc, saler et poivrer.<\/em><\/span><\/p>\n<p style=\"text-align: center;\"><span style=\"font-size: 14pt; font-family: georgia, palatino, serif; color: #993300;\"><em><img loading=\"lazy\" decoding=\"async\" class=\"alignnone wp-image-37235\" src=\"http:\/\/recettes-gourmandes-de-joce.fr\/wp-content\/uploads\/2021\/06\/P1010244-300x237.jpg\" alt=\"\" width=\"203\" height=\"160\" srcset=\"http:\/\/recettes-gourmandes-de-joce.fr\/wp-content\/uploads\/2021\/06\/P1010244-300x237.jpg 300w, http:\/\/recettes-gourmandes-de-joce.fr\/wp-content\/uploads\/2021\/06\/P1010244-768x607.jpg 768w, http:\/\/recettes-gourmandes-de-joce.fr\/wp-content\/uploads\/2021\/06\/P1010244-750x593.jpg 750w, http:\/\/recettes-gourmandes-de-joce.fr\/wp-content\/uploads\/2021\/06\/P1010244.jpg 800w\" sizes=\"auto, (max-width: 203px) 100vw, 203px\" \/><\/em><\/span><\/p>\n<p style=\"text-align: center;\"><span style=\"font-size: 14pt; font-family: georgia, palatino, serif; color: #993300;\"><em>Remettre les c\u00f4tes de porc dans la sauce, les recouvrir de sauce et les r\u00e9chauffer quelques secondes, servir avec les p\u00e2tes fra\u00eeches ou encore du riz, du chou-fleur etc.<\/em><\/span><\/p>\n<p style=\"text-align: center;\"><span style=\"font-size: 14pt; font-family: georgia, palatino, serif; color: #993300;\"><em>Bon app\u00e9tit!<\/em><\/span><\/p>\n<p style=\"text-align: center;\"><span style=\"color: #993300;\"><img loading=\"lazy\" decoding=\"async\" class=\"alignnone wp-image-37220\" src=\"http:\/\/recettes-gourmandes-de-joce.fr\/wp-content\/uploads\/2021\/06\/20121230_212008.jpg\" alt=\"\" width=\"208\" height=\"180\" srcset=\"http:\/\/recettes-gourmandes-de-joce.fr\/wp-content\/uploads\/2021\/06\/20121230_212008.jpg 744w, http:\/\/recettes-gourmandes-de-joce.fr\/wp-content\/uploads\/2021\/06\/20121230_212008-300x260.jpg 300w\" sizes=\"auto, (max-width: 208px) 100vw, 208px\" \/> <img loading=\"lazy\" decoding=\"async\" class=\"alignnone wp-image-37217\" src=\"http:\/\/recettes-gourmandes-de-joce.fr\/wp-content\/uploads\/2021\/06\/20121230_211949-276x300.jpg\" alt=\"\" width=\"184\" height=\"200\" srcset=\"http:\/\/recettes-gourmandes-de-joce.fr\/wp-content\/uploads\/2021\/06\/20121230_211949-276x300.jpg 276w, http:\/\/recettes-gourmandes-de-joce.fr\/wp-content\/uploads\/2021\/06\/20121230_211949.jpg 596w\" sizes=\"auto, (max-width: 184px) 100vw, 184px\" \/> <img loading=\"lazy\" decoding=\"async\" class=\"alignnone wp-image-37219\" src=\"http:\/\/recettes-gourmandes-de-joce.fr\/wp-content\/uploads\/2021\/06\/20121230_212004-300x220.jpg\" alt=\"\" width=\"272\" height=\"200\" srcset=\"http:\/\/recettes-gourmandes-de-joce.fr\/wp-content\/uploads\/2021\/06\/20121230_212004-300x220.jpg 300w, http:\/\/recettes-gourmandes-de-joce.fr\/wp-content\/uploads\/2021\/06\/20121230_212004-768x564.jpg 768w, http:\/\/recettes-gourmandes-de-joce.fr\/wp-content\/uploads\/2021\/06\/20121230_212004-750x551.jpg 750w, http:\/\/recettes-gourmandes-de-joce.fr\/wp-content\/uploads\/2021\/06\/20121230_212004.jpg 795w\" sizes=\"auto, (max-width: 272px) 100vw, 272px\" \/><\/span><\/p>\n<p style=\"text-align: center;\"><span style=\"color: #993300;\"><img loading=\"lazy\" decoding=\"async\" class=\"alignnone wp-image-24317 size-full\" src=\"http:\/\/recettes-gourmandes-de-joce.fr\/wp-content\/uploads\/2020\/07\/logitech-gaming-software-14112014-121223.jpg\" alt=\"\" width=\"640\" height=\"144\" srcset=\"http:\/\/recettes-gourmandes-de-joce.fr\/wp-content\/uploads\/2020\/07\/logitech-gaming-software-14112014-121223.jpg 640w, http:\/\/recettes-gourmandes-de-joce.fr\/wp-content\/uploads\/2020\/07\/logitech-gaming-software-14112014-121223-300x68.jpg 300w\" sizes=\"auto, (max-width: 640px) 100vw, 640px\" \/><\/span><\/p>\n<p>&nbsp;<\/p>\n","protected":false},"excerpt":{"rendered":"<p>Une de mes recettes\u00a0 Ingr\u00e9dients pour 6 personnes 6 c\u00f4tes de porc 1 tomate \u00bc de poivron vert et de poivron jaune ou un demi poivron de votre choix 1 oignon rouge \u00e0 d\u00e9faut jaune 2 belles gousses d&rsquo;ail 1 petit bouquet de persil plat 4 c \u00e0 s de cr\u00e8me fra\u00eeche 1 c \u00e0 &hellip; <\/p>\n<p><a class=\"more-link btn\" href=\"http:\/\/recettes-gourmandes-de-joce.fr\/index.php\/index\/viandes\/porc\/cotes-de-porc-aux-poivrons-et-curry\/\">Lire la suite<\/a><\/p>\n","protected":false},"author":2,"featured_media":84881,"parent":59,"menu_order":0,"comment_status":"open","ping_status":"closed","template":"","meta":{"footnotes":""},"class_list":["post-37236","page","type-page","status-publish","has-post-thumbnail","hentry","nodate","item-wrap"],"_links":{"self":[{"href":"http:\/\/recettes-gourmandes-de-joce.fr\/index.php\/wp-json\/wp\/v2\/pages\/37236","targetHints":{"allow":["GET"]}}],"collection":[{"href":"http:\/\/recettes-gourmandes-de-joce.fr\/index.php\/wp-json\/wp\/v2\/pages"}],"about":[{"href":"http:\/\/recettes-gourmandes-de-joce.fr\/index.php\/wp-json\/wp\/v2\/types\/page"}],"author":[{"embeddable":true,"href":"http:\/\/recettes-gourmandes-de-joce.fr\/index.php\/wp-json\/wp\/v2\/users\/2"}],"replies":[{"embeddable":true,"href":"http:\/\/recettes-gourmandes-de-joce.fr\/index.php\/wp-json\/wp\/v2\/comments?post=37236"}],"version-history":[{"count":3,"href":"http:\/\/recettes-gourmandes-de-joce.fr\/index.php\/wp-json\/wp\/v2\/pages\/37236\/revisions"}],"predecessor-version":[{"id":84882,"href":"http:\/\/recettes-gourmandes-de-joce.fr\/index.php\/wp-json\/wp\/v2\/pages\/37236\/revisions\/84882"}],"up":[{"embeddable":true,"href":"http:\/\/recettes-gourmandes-de-joce.fr\/index.php\/wp-json\/wp\/v2\/pages\/59"}],"wp:featuredmedia":[{"embeddable":true,"href":"http:\/\/recettes-gourmandes-de-joce.fr\/index.php\/wp-json\/wp\/v2\/media\/84881"}],"wp:attachment":[{"href":"http:\/\/recettes-gourmandes-de-joce.fr\/index.php\/wp-json\/wp\/v2\/media?parent=37236"}],"curies":[{"name":"wp","href":"https:\/\/api.w.org\/{rel}","templated":true}]}}