{"id":37171,"date":"2021-06-29T12:46:00","date_gmt":"2021-06-29T12:46:00","guid":{"rendered":"http:\/\/recettes-gourmandes-de-joce.fr\/?page_id=37171"},"modified":"2024-07-14T15:58:26","modified_gmt":"2024-07-14T15:58:26","slug":"gateau-au-fromage-blanc-et-mini-pommes-entieres","status":"publish","type":"page","link":"http:\/\/recettes-gourmandes-de-joce.fr\/index.php\/index\/desserts\/tartes-gateaux\/gateau-au-fromage-blanc-et-mini-pommes-entieres\/","title":{"rendered":"G\u00e2teau au fromage blanc et mini pommes enti\u00e8res."},"content":{"rendered":"<p style=\"text-align: center;\"><span style=\"text-decoration: underline; color: #993300;\"><span style=\"font-size: 18pt; font-family: georgia, palatino, serif;\"><em>Une de mes recettes<\/em><\/span><\/span><\/p>\n<p style=\"text-align: center;\"><span style=\"color: #993300;\"><img loading=\"lazy\" decoding=\"async\" class=\"alignnone wp-image-37163\" src=\"http:\/\/recettes-gourmandes-de-joce.fr\/wp-content\/uploads\/2021\/06\/20210629_140741-300x225.jpg\" alt=\"\" width=\"240\" height=\"180\" srcset=\"http:\/\/recettes-gourmandes-de-joce.fr\/wp-content\/uploads\/2021\/06\/20210629_140741-300x225.jpg 300w, http:\/\/recettes-gourmandes-de-joce.fr\/wp-content\/uploads\/2021\/06\/20210629_140741-768x576.jpg 768w, http:\/\/recettes-gourmandes-de-joce.fr\/wp-content\/uploads\/2021\/06\/20210629_140741-750x563.jpg 750w, http:\/\/recettes-gourmandes-de-joce.fr\/wp-content\/uploads\/2021\/06\/20210629_140741.jpg 800w\" sizes=\"auto, (max-width: 240px) 100vw, 240px\" \/> <img loading=\"lazy\" decoding=\"async\" class=\"alignnone wp-image-37157\" src=\"http:\/\/recettes-gourmandes-de-joce.fr\/wp-content\/uploads\/2021\/06\/20210629_135935-300x239.jpg\" alt=\"\" width=\"226\" height=\"180\" srcset=\"http:\/\/recettes-gourmandes-de-joce.fr\/wp-content\/uploads\/2021\/06\/20210629_135935-300x239.jpg 300w, http:\/\/recettes-gourmandes-de-joce.fr\/wp-content\/uploads\/2021\/06\/20210629_135935-768x612.jpg 768w, http:\/\/recettes-gourmandes-de-joce.fr\/wp-content\/uploads\/2021\/06\/20210629_135935-750x598.jpg 750w, http:\/\/recettes-gourmandes-de-joce.fr\/wp-content\/uploads\/2021\/06\/20210629_135935.jpg 800w\" sizes=\"auto, (max-width: 226px) 100vw, 226px\" \/> <img loading=\"lazy\" decoding=\"async\" class=\"alignnone wp-image-37158\" src=\"http:\/\/recettes-gourmandes-de-joce.fr\/wp-content\/uploads\/2021\/06\/20210629_135938-300x225.jpg\" alt=\"\" width=\"240\" height=\"180\" srcset=\"http:\/\/recettes-gourmandes-de-joce.fr\/wp-content\/uploads\/2021\/06\/20210629_135938-300x225.jpg 300w, http:\/\/recettes-gourmandes-de-joce.fr\/wp-content\/uploads\/2021\/06\/20210629_135938-768x576.jpg 768w, http:\/\/recettes-gourmandes-de-joce.fr\/wp-content\/uploads\/2021\/06\/20210629_135938-750x563.jpg 750w, http:\/\/recettes-gourmandes-de-joce.fr\/wp-content\/uploads\/2021\/06\/20210629_135938.jpg 800w\" sizes=\"auto, (max-width: 240px) 100vw, 240px\" \/><\/span><\/p>\n<p style=\"text-align: center;\"><span style=\"color: #993300;\"><img loading=\"lazy\" decoding=\"async\" class=\"alignnone wp-image-37162\" src=\"http:\/\/recettes-gourmandes-de-joce.fr\/wp-content\/uploads\/2021\/06\/20210629_135954-300x225.jpg\" alt=\"\" width=\"240\" height=\"180\" srcset=\"http:\/\/recettes-gourmandes-de-joce.fr\/wp-content\/uploads\/2021\/06\/20210629_135954-300x225.jpg 300w, http:\/\/recettes-gourmandes-de-joce.fr\/wp-content\/uploads\/2021\/06\/20210629_135954-768x576.jpg 768w, http:\/\/recettes-gourmandes-de-joce.fr\/wp-content\/uploads\/2021\/06\/20210629_135954-750x563.jpg 750w, http:\/\/recettes-gourmandes-de-joce.fr\/wp-content\/uploads\/2021\/06\/20210629_135954.jpg 800w\" sizes=\"auto, (max-width: 240px) 100vw, 240px\" \/><\/span><\/p>\n<p style=\"text-align: center;\"><span style=\"text-decoration: underline; color: #993300;\"><span style=\"font-size: 18pt; font-family: georgia, palatino, serif;\"><em>Ingr\u00e9dients<\/em><\/span><\/span><\/p>\n<p style=\"text-align: center;\"><span style=\"color: #993300;\"><img loading=\"lazy\" decoding=\"async\" class=\"alignnone wp-image-37164\" src=\"http:\/\/recettes-gourmandes-de-joce.fr\/wp-content\/uploads\/2021\/06\/20210629_125639-263x300.jpg\" alt=\"\" width=\"175\" height=\"200\" srcset=\"http:\/\/recettes-gourmandes-de-joce.fr\/wp-content\/uploads\/2021\/06\/20210629_125639-263x300.jpg 263w, http:\/\/recettes-gourmandes-de-joce.fr\/wp-content\/uploads\/2021\/06\/20210629_125639.jpg 700w\" sizes=\"auto, (max-width: 175px) 100vw, 175px\" \/><\/span><\/p>\n<p style=\"text-align: center;\"><span style=\"font-size: 14pt; font-family: georgia, palatino, serif; color: #993300;\"><em><span style=\"text-decoration: underline;\">Utiliser le pot vide du fromage blanc comme unit\u00e9 de mesure<\/span><\/em><\/span><\/p>\n<p style=\"text-align: center;\"><span style=\"font-size: 14pt; font-family: georgia, palatino, serif; color: #993300;\"><em>1 pot de fromage blanc individuel<\/em><\/span><\/p>\n<p style=\"text-align: center;\"><span style=\"font-size: 14pt; font-family: georgia, palatino, serif; color: #993300;\"><em> 8 pommes de la taille d&rsquo;un gros \u0153uf<\/em><\/span><\/p>\n<p style=\"text-align: center;\"><span style=\"font-size: 14pt; font-family: georgia, palatino, serif; color: #993300;\"><em>3 \u0153ufs<\/em><\/span><\/p>\n<p style=\"text-align: center;\"><span style=\"font-size: 14pt; font-family: georgia, palatino, serif; color: #993300;\"><em> 1 sachet de sucre vanill\u00e9 <\/em><\/span><\/p>\n<p style=\"text-align: center;\"><span style=\"font-size: 14pt; font-family: georgia, palatino, serif; color: #993300;\"><em>1 sachet de levure chimique<\/em><\/span><\/p>\n<p style=\"text-align: center;\"><span style=\"font-size: 14pt; font-family: georgia, palatino, serif; color: #993300;\"><em> 2 pots de sucre<\/em><\/span><\/p>\n<p style=\"text-align: center;\"><span style=\"font-size: 14pt; font-family: georgia, palatino, serif; color: #993300;\"><em> 3 pots de farine<\/em><\/span><\/p>\n<p style=\"text-align: center;\"><span style=\"font-size: 14pt; font-family: georgia, palatino, serif; color: #993300;\"><em> \u00bd pot de lait<\/em><\/span><\/p>\n<p style=\"text-align: center;\"><span style=\"font-size: 14pt; font-family: georgia, palatino, serif; color: #993300;\"><em> \u00bd pot d&rsquo;huile de tournesol <\/em><\/span><\/p>\n<p style=\"text-align: center;\"><span style=\"font-size: 14pt; font-family: georgia, palatino, serif; color: #993300;\"><em>Un peu de cassonade<\/em><\/span><\/p>\n<p style=\"text-align: center;\"><span style=\"text-decoration: underline; color: #993300;\"><span style=\"font-size: 14pt; font-family: georgia, palatino, serif;\"><em> D\u00e9coration <\/em><\/span><\/span><\/p>\n<p style=\"text-align: center;\"><span style=\"font-size: 14pt; font-family: georgia, palatino, serif; color: #993300;\"><em>Un peu de pralin<\/em><\/span><\/p>\n<p style=\"text-align: center;\"><span style=\"font-size: 14pt; font-family: georgia, palatino, serif; color: #993300;\"><em><img loading=\"lazy\" decoding=\"async\" class=\"alignnone wp-image-37165\" src=\"http:\/\/recettes-gourmandes-de-joce.fr\/wp-content\/uploads\/2021\/06\/20210629_125832-300x225.jpg\" alt=\"\" width=\"213\" height=\"160\" srcset=\"http:\/\/recettes-gourmandes-de-joce.fr\/wp-content\/uploads\/2021\/06\/20210629_125832-300x225.jpg 300w, http:\/\/recettes-gourmandes-de-joce.fr\/wp-content\/uploads\/2021\/06\/20210629_125832-768x576.jpg 768w, http:\/\/recettes-gourmandes-de-joce.fr\/wp-content\/uploads\/2021\/06\/20210629_125832-750x563.jpg 750w, http:\/\/recettes-gourmandes-de-joce.fr\/wp-content\/uploads\/2021\/06\/20210629_125832.jpg 800w\" sizes=\"auto, (max-width: 213px) 100vw, 213px\" \/> <img loading=\"lazy\" decoding=\"async\" class=\"alignnone wp-image-37166\" src=\"http:\/\/recettes-gourmandes-de-joce.fr\/wp-content\/uploads\/2021\/06\/20210629_125922-300x225.jpg\" alt=\"\" width=\"213\" height=\"160\" srcset=\"http:\/\/recettes-gourmandes-de-joce.fr\/wp-content\/uploads\/2021\/06\/20210629_125922-300x225.jpg 300w, http:\/\/recettes-gourmandes-de-joce.fr\/wp-content\/uploads\/2021\/06\/20210629_125922-768x576.jpg 768w, http:\/\/recettes-gourmandes-de-joce.fr\/wp-content\/uploads\/2021\/06\/20210629_125922-750x563.jpg 750w, http:\/\/recettes-gourmandes-de-joce.fr\/wp-content\/uploads\/2021\/06\/20210629_125922.jpg 800w\" sizes=\"auto, (max-width: 213px) 100vw, 213px\" \/> <img loading=\"lazy\" decoding=\"async\" class=\"alignnone wp-image-37167\" src=\"http:\/\/recettes-gourmandes-de-joce.fr\/wp-content\/uploads\/2021\/06\/20210629_125952-300x225.jpg\" alt=\"\" width=\"213\" height=\"160\" srcset=\"http:\/\/recettes-gourmandes-de-joce.fr\/wp-content\/uploads\/2021\/06\/20210629_125952-300x225.jpg 300w, http:\/\/recettes-gourmandes-de-joce.fr\/wp-content\/uploads\/2021\/06\/20210629_125952-768x576.jpg 768w, http:\/\/recettes-gourmandes-de-joce.fr\/wp-content\/uploads\/2021\/06\/20210629_125952-750x563.jpg 750w, http:\/\/recettes-gourmandes-de-joce.fr\/wp-content\/uploads\/2021\/06\/20210629_125952.jpg 800w\" sizes=\"auto, (max-width: 213px) 100vw, 213px\" \/><\/em><\/span><\/p>\n<p style=\"text-align: center;\"><span style=\"font-size: 14pt; font-family: georgia, palatino, serif; color: #993300;\"><em>Dans un saladier, verser le contenu du fromage blanc, ajouter le sucre vanill\u00e9, les \u0153ufs et m\u00e9langer, ajouter ensuite la levure et m\u00e9langer \u00e0 nouveau.<\/em><\/span><\/p>\n<p style=\"text-align: center;\"><span style=\"font-size: 14pt; font-family: georgia, palatino, serif; color: #993300;\"><em><img loading=\"lazy\" decoding=\"async\" class=\"alignnone wp-image-37168\" src=\"http:\/\/recettes-gourmandes-de-joce.fr\/wp-content\/uploads\/2021\/06\/20210629_130030-300x225.jpg\" alt=\"\" width=\"213\" height=\"160\" srcset=\"http:\/\/recettes-gourmandes-de-joce.fr\/wp-content\/uploads\/2021\/06\/20210629_130030-300x225.jpg 300w, http:\/\/recettes-gourmandes-de-joce.fr\/wp-content\/uploads\/2021\/06\/20210629_130030-768x576.jpg 768w, http:\/\/recettes-gourmandes-de-joce.fr\/wp-content\/uploads\/2021\/06\/20210629_130030-750x563.jpg 750w, http:\/\/recettes-gourmandes-de-joce.fr\/wp-content\/uploads\/2021\/06\/20210629_130030.jpg 800w\" sizes=\"auto, (max-width: 213px) 100vw, 213px\" \/> <img loading=\"lazy\" decoding=\"async\" class=\"alignnone wp-image-37169\" src=\"http:\/\/recettes-gourmandes-de-joce.fr\/wp-content\/uploads\/2021\/06\/20210629_130148-300x225.jpg\" alt=\"\" width=\"213\" height=\"160\" srcset=\"http:\/\/recettes-gourmandes-de-joce.fr\/wp-content\/uploads\/2021\/06\/20210629_130148-300x225.jpg 300w, http:\/\/recettes-gourmandes-de-joce.fr\/wp-content\/uploads\/2021\/06\/20210629_130148-768x576.jpg 768w, http:\/\/recettes-gourmandes-de-joce.fr\/wp-content\/uploads\/2021\/06\/20210629_130148-750x563.jpg 750w, http:\/\/recettes-gourmandes-de-joce.fr\/wp-content\/uploads\/2021\/06\/20210629_130148.jpg 800w\" sizes=\"auto, (max-width: 213px) 100vw, 213px\" \/> <img loading=\"lazy\" decoding=\"async\" class=\"alignnone wp-image-37170\" src=\"http:\/\/recettes-gourmandes-de-joce.fr\/wp-content\/uploads\/2021\/06\/20210629_130214-300x225.jpg\" alt=\"\" width=\"213\" height=\"160\" srcset=\"http:\/\/recettes-gourmandes-de-joce.fr\/wp-content\/uploads\/2021\/06\/20210629_130214-300x225.jpg 300w, http:\/\/recettes-gourmandes-de-joce.fr\/wp-content\/uploads\/2021\/06\/20210629_130214-768x576.jpg 768w, http:\/\/recettes-gourmandes-de-joce.fr\/wp-content\/uploads\/2021\/06\/20210629_130214-750x563.jpg 750w, http:\/\/recettes-gourmandes-de-joce.fr\/wp-content\/uploads\/2021\/06\/20210629_130214.jpg 800w\" sizes=\"auto, (max-width: 213px) 100vw, 213px\" \/><\/em><\/span><\/p>\n<p style=\"text-align: center;\"><span style=\"font-size: 14pt; font-family: georgia, palatino, serif; color: #993300;\"><em>Ajouter le sucre et bien m\u00e9langer, ajouter la farine et m\u00e9langer \u00e0 nouveau.<\/em><\/span><\/p>\n<p style=\"text-align: center;\"><span style=\"font-size: 14pt; font-family: georgia, palatino, serif; color: #993300;\"><em><img loading=\"lazy\" decoding=\"async\" class=\"alignnone wp-image-37150\" src=\"http:\/\/recettes-gourmandes-de-joce.fr\/wp-content\/uploads\/2021\/06\/20210629_130237-300x225.jpg\" alt=\"\" width=\"213\" height=\"160\" srcset=\"http:\/\/recettes-gourmandes-de-joce.fr\/wp-content\/uploads\/2021\/06\/20210629_130237-300x225.jpg 300w, http:\/\/recettes-gourmandes-de-joce.fr\/wp-content\/uploads\/2021\/06\/20210629_130237-768x576.jpg 768w, http:\/\/recettes-gourmandes-de-joce.fr\/wp-content\/uploads\/2021\/06\/20210629_130237-750x563.jpg 750w, http:\/\/recettes-gourmandes-de-joce.fr\/wp-content\/uploads\/2021\/06\/20210629_130237.jpg 800w\" sizes=\"auto, (max-width: 213px) 100vw, 213px\" \/> <img loading=\"lazy\" decoding=\"async\" class=\"alignnone wp-image-37151\" src=\"http:\/\/recettes-gourmandes-de-joce.fr\/wp-content\/uploads\/2021\/06\/20210629_130443-300x225.jpg\" alt=\"\" width=\"213\" height=\"160\" srcset=\"http:\/\/recettes-gourmandes-de-joce.fr\/wp-content\/uploads\/2021\/06\/20210629_130443-300x225.jpg 300w, http:\/\/recettes-gourmandes-de-joce.fr\/wp-content\/uploads\/2021\/06\/20210629_130443-768x576.jpg 768w, http:\/\/recettes-gourmandes-de-joce.fr\/wp-content\/uploads\/2021\/06\/20210629_130443-750x563.jpg 750w, http:\/\/recettes-gourmandes-de-joce.fr\/wp-content\/uploads\/2021\/06\/20210629_130443.jpg 800w\" sizes=\"auto, (max-width: 213px) 100vw, 213px\" \/> <img loading=\"lazy\" decoding=\"async\" class=\"alignnone wp-image-37153\" src=\"http:\/\/recettes-gourmandes-de-joce.fr\/wp-content\/uploads\/2021\/06\/20210629_131210-300x225.jpg\" alt=\"\" width=\"213\" height=\"160\" srcset=\"http:\/\/recettes-gourmandes-de-joce.fr\/wp-content\/uploads\/2021\/06\/20210629_131210-300x225.jpg 300w, http:\/\/recettes-gourmandes-de-joce.fr\/wp-content\/uploads\/2021\/06\/20210629_131210-768x576.jpg 768w, http:\/\/recettes-gourmandes-de-joce.fr\/wp-content\/uploads\/2021\/06\/20210629_131210-750x563.jpg 750w, http:\/\/recettes-gourmandes-de-joce.fr\/wp-content\/uploads\/2021\/06\/20210629_131210.jpg 800w\" sizes=\"auto, (max-width: 213px) 100vw, 213px\" \/><\/em><\/span><\/p>\n<p style=\"text-align: center;\"><span style=\"font-size: 14pt; font-family: georgia, palatino, serif; color: #993300;\"><em>Verser l&rsquo;huile et le lait et bien m\u00e9langer une nouvelle fois pour obtenir une p\u00e2te bien homog\u00e8ne. Beurrer (j&rsquo;utilise une bombe sp\u00e9ciale moule en silicone), un moule \u00e0 manquer de 24 cm de diam\u00e8tre, verser la p\u00e2te.<\/em><\/span><\/p>\n<p style=\"text-align: center;\"><span style=\"font-size: 14pt; font-family: georgia, palatino, serif; color: #993300;\"><em><img loading=\"lazy\" decoding=\"async\" class=\"alignnone wp-image-37152\" src=\"http:\/\/recettes-gourmandes-de-joce.fr\/wp-content\/uploads\/2021\/06\/20210629_131204-300x293.jpg\" alt=\"\" width=\"164\" height=\"160\" srcset=\"http:\/\/recettes-gourmandes-de-joce.fr\/wp-content\/uploads\/2021\/06\/20210629_131204-300x293.jpg 300w, http:\/\/recettes-gourmandes-de-joce.fr\/wp-content\/uploads\/2021\/06\/20210629_131204-768x749.jpg 768w, http:\/\/recettes-gourmandes-de-joce.fr\/wp-content\/uploads\/2021\/06\/20210629_131204-750x731.jpg 750w, http:\/\/recettes-gourmandes-de-joce.fr\/wp-content\/uploads\/2021\/06\/20210629_131204.jpg 800w\" sizes=\"auto, (max-width: 164px) 100vw, 164px\" \/> <img loading=\"lazy\" decoding=\"async\" class=\"alignnone wp-image-37154\" src=\"http:\/\/recettes-gourmandes-de-joce.fr\/wp-content\/uploads\/2021\/06\/20210629_131232-300x214.jpg\" alt=\"\" width=\"224\" height=\"160\" srcset=\"http:\/\/recettes-gourmandes-de-joce.fr\/wp-content\/uploads\/2021\/06\/20210629_131232-300x214.jpg 300w, http:\/\/recettes-gourmandes-de-joce.fr\/wp-content\/uploads\/2021\/06\/20210629_131232-768x548.jpg 768w, http:\/\/recettes-gourmandes-de-joce.fr\/wp-content\/uploads\/2021\/06\/20210629_131232-750x535.jpg 750w, http:\/\/recettes-gourmandes-de-joce.fr\/wp-content\/uploads\/2021\/06\/20210629_131232.jpg 800w\" sizes=\"auto, (max-width: 224px) 100vw, 224px\" \/> <img loading=\"lazy\" decoding=\"async\" class=\"alignnone wp-image-37155\" src=\"http:\/\/recettes-gourmandes-de-joce.fr\/wp-content\/uploads\/2021\/06\/20210629_131341-300x225.jpg\" alt=\"\" width=\"213\" height=\"160\" srcset=\"http:\/\/recettes-gourmandes-de-joce.fr\/wp-content\/uploads\/2021\/06\/20210629_131341-300x225.jpg 300w, http:\/\/recettes-gourmandes-de-joce.fr\/wp-content\/uploads\/2021\/06\/20210629_131341-768x576.jpg 768w, http:\/\/recettes-gourmandes-de-joce.fr\/wp-content\/uploads\/2021\/06\/20210629_131341-750x563.jpg 750w, http:\/\/recettes-gourmandes-de-joce.fr\/wp-content\/uploads\/2021\/06\/20210629_131341.jpg 800w\" sizes=\"auto, (max-width: 213px) 100vw, 213px\" \/><\/em><\/span><\/p>\n<p style=\"text-align: center;\"><span style=\"font-size: 14pt; font-family: georgia, palatino, serif; color: #993300;\"><em>Peler et \u00f4ter le c\u0153ur des pommes \u00e0 l&rsquo;aide d&rsquo;un vide pomme, r\u00e9partir les pommes dans la p\u00e2te et saupoudrez- les d&rsquo;un peu de cassonade.<\/em><\/span><\/p>\n<p style=\"text-align: center;\"><span style=\"font-size: 14pt; font-family: georgia, palatino, serif; color: #993300;\"><em><img loading=\"lazy\" decoding=\"async\" class=\"alignnone wp-image-37156\" src=\"http:\/\/recettes-gourmandes-de-joce.fr\/wp-content\/uploads\/2021\/06\/20210629_135815-300x225.jpg\" alt=\"\" width=\"213\" height=\"160\" srcset=\"http:\/\/recettes-gourmandes-de-joce.fr\/wp-content\/uploads\/2021\/06\/20210629_135815-300x225.jpg 300w, http:\/\/recettes-gourmandes-de-joce.fr\/wp-content\/uploads\/2021\/06\/20210629_135815-768x576.jpg 768w, http:\/\/recettes-gourmandes-de-joce.fr\/wp-content\/uploads\/2021\/06\/20210629_135815-750x563.jpg 750w, http:\/\/recettes-gourmandes-de-joce.fr\/wp-content\/uploads\/2021\/06\/20210629_135815.jpg 800w\" sizes=\"auto, (max-width: 213px) 100vw, 213px\" \/><\/em><\/span><\/p>\n<p style=\"text-align: center;\"><span style=\"font-size: 14pt; font-family: georgia, palatino, serif; color: #993300;\"><em>Enfourner \u00e0 200\u00b0 environ 40 minutes selon les fours, surveiller la cuisson et la coloration.<\/em><\/span><\/p>\n<p style=\"text-align: center;\"><span style=\"font-size: 14pt; font-family: georgia, palatino, serif; color: #993300;\"><em>Bonne d\u00e9gustation!<\/em><\/span><\/p>\n<p style=\"text-align: center;\"><span style=\"color: #993300;\"><img loading=\"lazy\" decoding=\"async\" class=\"alignnone wp-image-37160\" src=\"http:\/\/recettes-gourmandes-de-joce.fr\/wp-content\/uploads\/2021\/06\/20210629_135945-300x225.jpg\" alt=\"\" width=\"240\" height=\"180\" srcset=\"http:\/\/recettes-gourmandes-de-joce.fr\/wp-content\/uploads\/2021\/06\/20210629_135945-300x225.jpg 300w, http:\/\/recettes-gourmandes-de-joce.fr\/wp-content\/uploads\/2021\/06\/20210629_135945-768x576.jpg 768w, http:\/\/recettes-gourmandes-de-joce.fr\/wp-content\/uploads\/2021\/06\/20210629_135945-750x563.jpg 750w, http:\/\/recettes-gourmandes-de-joce.fr\/wp-content\/uploads\/2021\/06\/20210629_135945.jpg 800w\" sizes=\"auto, (max-width: 240px) 100vw, 240px\" \/> <img loading=\"lazy\" decoding=\"async\" class=\"alignnone wp-image-37161\" src=\"http:\/\/recettes-gourmandes-de-joce.fr\/wp-content\/uploads\/2021\/06\/20210629_135947-300x225.jpg\" alt=\"\" width=\"240\" height=\"180\" srcset=\"http:\/\/recettes-gourmandes-de-joce.fr\/wp-content\/uploads\/2021\/06\/20210629_135947-300x225.jpg 300w, http:\/\/recettes-gourmandes-de-joce.fr\/wp-content\/uploads\/2021\/06\/20210629_135947-768x576.jpg 768w, http:\/\/recettes-gourmandes-de-joce.fr\/wp-content\/uploads\/2021\/06\/20210629_135947-750x563.jpg 750w, http:\/\/recettes-gourmandes-de-joce.fr\/wp-content\/uploads\/2021\/06\/20210629_135947.jpg 800w\" sizes=\"auto, (max-width: 240px) 100vw, 240px\" \/> <img loading=\"lazy\" decoding=\"async\" class=\"alignnone wp-image-37159\" src=\"http:\/\/recettes-gourmandes-de-joce.fr\/wp-content\/uploads\/2021\/06\/20210629_135943-300x237.jpg\" alt=\"\" width=\"228\" height=\"180\" srcset=\"http:\/\/recettes-gourmandes-de-joce.fr\/wp-content\/uploads\/2021\/06\/20210629_135943-300x237.jpg 300w, http:\/\/recettes-gourmandes-de-joce.fr\/wp-content\/uploads\/2021\/06\/20210629_135943-768x606.jpg 768w, http:\/\/recettes-gourmandes-de-joce.fr\/wp-content\/uploads\/2021\/06\/20210629_135943-750x592.jpg 750w, http:\/\/recettes-gourmandes-de-joce.fr\/wp-content\/uploads\/2021\/06\/20210629_135943.jpg 800w\" sizes=\"auto, (max-width: 228px) 100vw, 228px\" \/><\/span><\/p>\n<p style=\"text-align: center;\"><img loading=\"lazy\" decoding=\"async\" class=\"alignnone wp-image-24317 size-full\" src=\"http:\/\/recettes-gourmandes-de-joce.fr\/wp-content\/uploads\/2020\/07\/logitech-gaming-software-14112014-121223.jpg\" alt=\"\" width=\"640\" height=\"144\" srcset=\"http:\/\/recettes-gourmandes-de-joce.fr\/wp-content\/uploads\/2020\/07\/logitech-gaming-software-14112014-121223.jpg 640w, http:\/\/recettes-gourmandes-de-joce.fr\/wp-content\/uploads\/2020\/07\/logitech-gaming-software-14112014-121223-300x68.jpg 300w\" sizes=\"auto, (max-width: 640px) 100vw, 640px\" \/><\/p>\n","protected":false},"excerpt":{"rendered":"<p>Une de mes recettes Ingr\u00e9dients Utiliser le pot vide du fromage blanc comme unit\u00e9 de mesure 1 pot de fromage blanc individuel 8 pommes de la taille d&rsquo;un gros \u0153uf 3 \u0153ufs 1 sachet de sucre vanill\u00e9 1 sachet de levure chimique 2 pots de sucre 3 pots de farine \u00bd pot de lait \u00bd &hellip; <\/p>\n<p><a class=\"more-link btn\" href=\"http:\/\/recettes-gourmandes-de-joce.fr\/index.php\/index\/desserts\/tartes-gateaux\/gateau-au-fromage-blanc-et-mini-pommes-entieres\/\">Lire la suite<\/a><\/p>\n","protected":false},"author":2,"featured_media":87541,"parent":181,"menu_order":0,"comment_status":"open","ping_status":"closed","template":"","meta":{"footnotes":""},"class_list":["post-37171","page","type-page","status-publish","has-post-thumbnail","hentry","nodate","item-wrap"],"_links":{"self":[{"href":"http:\/\/recettes-gourmandes-de-joce.fr\/index.php\/wp-json\/wp\/v2\/pages\/37171","targetHints":{"allow":["GET"]}}],"collection":[{"href":"http:\/\/recettes-gourmandes-de-joce.fr\/index.php\/wp-json\/wp\/v2\/pages"}],"about":[{"href":"http:\/\/recettes-gourmandes-de-joce.fr\/index.php\/wp-json\/wp\/v2\/types\/page"}],"author":[{"embeddable":true,"href":"http:\/\/recettes-gourmandes-de-joce.fr\/index.php\/wp-json\/wp\/v2\/users\/2"}],"replies":[{"embeddable":true,"href":"http:\/\/recettes-gourmandes-de-joce.fr\/index.php\/wp-json\/wp\/v2\/comments?post=37171"}],"version-history":[{"count":2,"href":"http:\/\/recettes-gourmandes-de-joce.fr\/index.php\/wp-json\/wp\/v2\/pages\/37171\/revisions"}],"predecessor-version":[{"id":87542,"href":"http:\/\/recettes-gourmandes-de-joce.fr\/index.php\/wp-json\/wp\/v2\/pages\/37171\/revisions\/87542"}],"up":[{"embeddable":true,"href":"http:\/\/recettes-gourmandes-de-joce.fr\/index.php\/wp-json\/wp\/v2\/pages\/181"}],"wp:featuredmedia":[{"embeddable":true,"href":"http:\/\/recettes-gourmandes-de-joce.fr\/index.php\/wp-json\/wp\/v2\/media\/87541"}],"wp:attachment":[{"href":"http:\/\/recettes-gourmandes-de-joce.fr\/index.php\/wp-json\/wp\/v2\/media?parent=37171"}],"curies":[{"name":"wp","href":"https:\/\/api.w.org\/{rel}","templated":true}]}}