{"id":37126,"date":"2021-06-28T23:23:37","date_gmt":"2021-06-28T23:23:37","guid":{"rendered":"http:\/\/recettes-gourmandes-de-joce.fr\/?page_id=37126"},"modified":"2024-08-16T12:50:59","modified_gmt":"2024-08-16T12:50:59","slug":"gratin-de-pommes-de-terre-a-la-creme-de-munster","status":"publish","type":"page","link":"http:\/\/recettes-gourmandes-de-joce.fr\/index.php\/index\/legumes\/pommes-de-terre\/gratin-de-pommes-de-terre-a-la-creme-de-munster\/","title":{"rendered":"Gratin de pommes de terre \u00e0 la cr\u00e8me de Munster."},"content":{"rendered":"<p style=\"text-align: center;\"><span style=\"color: #008000;\"><em><span style=\"text-decoration: underline; font-size: 18pt; font-family: georgia, palatino, serif;\">Une de mes recettes<\/span><\/em><\/span><\/p>\n<p style=\"text-align: center;\"><span style=\"color: #008000;\"><img loading=\"lazy\" decoding=\"async\" class=\"alignnone wp-image-37128\" src=\"http:\/\/recettes-gourmandes-de-joce.fr\/wp-content\/uploads\/2021\/06\/pb151434-300x225.jpg\" alt=\"\" width=\"240\" height=\"180\" srcset=\"http:\/\/recettes-gourmandes-de-joce.fr\/wp-content\/uploads\/2021\/06\/pb151434-300x225.jpg 300w, http:\/\/recettes-gourmandes-de-joce.fr\/wp-content\/uploads\/2021\/06\/pb151434-768x576.jpg 768w, http:\/\/recettes-gourmandes-de-joce.fr\/wp-content\/uploads\/2021\/06\/pb151434-750x563.jpg 750w, http:\/\/recettes-gourmandes-de-joce.fr\/wp-content\/uploads\/2021\/06\/pb151434.jpg 800w\" sizes=\"auto, (max-width: 240px) 100vw, 240px\" \/> <img loading=\"lazy\" decoding=\"async\" class=\"alignnone wp-image-37127\" src=\"http:\/\/recettes-gourmandes-de-joce.fr\/wp-content\/uploads\/2021\/06\/pb151432-300x225.jpg\" alt=\"\" width=\"240\" height=\"180\" srcset=\"http:\/\/recettes-gourmandes-de-joce.fr\/wp-content\/uploads\/2021\/06\/pb151432-300x225.jpg 300w, http:\/\/recettes-gourmandes-de-joce.fr\/wp-content\/uploads\/2021\/06\/pb151432-768x576.jpg 768w, http:\/\/recettes-gourmandes-de-joce.fr\/wp-content\/uploads\/2021\/06\/pb151432-750x563.jpg 750w, http:\/\/recettes-gourmandes-de-joce.fr\/wp-content\/uploads\/2021\/06\/pb151432.jpg 800w\" sizes=\"auto, (max-width: 240px) 100vw, 240px\" \/><img loading=\"lazy\" decoding=\"async\" class=\"alignnone wp-image-37129\" src=\"http:\/\/recettes-gourmandes-de-joce.fr\/wp-content\/uploads\/2021\/06\/pb151435-300x202.jpg\" alt=\"\" width=\"267\" height=\"180\" srcset=\"http:\/\/recettes-gourmandes-de-joce.fr\/wp-content\/uploads\/2021\/06\/pb151435-300x202.jpg 300w, http:\/\/recettes-gourmandes-de-joce.fr\/wp-content\/uploads\/2021\/06\/pb151435-768x517.jpg 768w, http:\/\/recettes-gourmandes-de-joce.fr\/wp-content\/uploads\/2021\/06\/pb151435-750x505.jpg 750w, http:\/\/recettes-gourmandes-de-joce.fr\/wp-content\/uploads\/2021\/06\/pb151435.jpg 800w\" sizes=\"auto, (max-width: 267px) 100vw, 267px\" \/><\/span><\/p>\n<p style=\"text-align: center;\"><span style=\"text-decoration: underline; color: #008000;\"><em><span style=\"font-size: 18pt; font-family: georgia, palatino, serif;\">Ingr\u00e9dients pour 7 personnes<\/span><\/em><\/span><\/p>\n<p style=\"text-align: center;\"><span style=\"color: #008000;\"><img loading=\"lazy\" decoding=\"async\" class=\"alignnone wp-image-37131\" src=\"http:\/\/recettes-gourmandes-de-joce.fr\/wp-content\/uploads\/2021\/06\/pb151407-300x214.jpg\" alt=\"\" width=\"280\" height=\"200\" srcset=\"http:\/\/recettes-gourmandes-de-joce.fr\/wp-content\/uploads\/2021\/06\/pb151407-300x214.jpg 300w, http:\/\/recettes-gourmandes-de-joce.fr\/wp-content\/uploads\/2021\/06\/pb151407-768x549.jpg 768w, http:\/\/recettes-gourmandes-de-joce.fr\/wp-content\/uploads\/2021\/06\/pb151407-750x536.jpg 750w, http:\/\/recettes-gourmandes-de-joce.fr\/wp-content\/uploads\/2021\/06\/pb151407.jpg 795w\" sizes=\"auto, (max-width: 280px) 100vw, 280px\" \/><\/span><\/p>\n<p style=\"text-align: center;\"><span style=\"color: #008000;\"><em><span style=\"font-family: georgia, palatino, serif; font-size: 14pt;\">12 pommes de terre moyennes <\/span><\/em><\/span><\/p>\n<p style=\"text-align: center;\"><span style=\"color: #008000;\"><em><span style=\"font-family: georgia, palatino, serif; font-size: 14pt;\">1 gros oignon<\/span><\/em><\/span><\/p>\n<p style=\"text-align: center;\"><span style=\"color: #008000;\"><em><span style=\"font-family: georgia, palatino, serif; font-size: 14pt;\"> 8 champignons de Paris<\/span><\/em><\/span><\/p>\n<p style=\"text-align: center;\"><span style=\"color: #008000;\"><em><span style=\"font-family: georgia, palatino, serif; font-size: 14pt;\"> 1 bouquet de persil plat <\/span><\/em><\/span><\/p>\n<p style=\"text-align: center;\"><span style=\"color: #008000;\"><em><span style=\"font-family: georgia, palatino, serif; font-size: 14pt;\">3 belles branches de thym frais\u00a0 <\/span><\/em><\/span><\/p>\n<p style=\"text-align: center;\"><span style=\"color: #008000;\"><em><span style=\"font-family: georgia, palatino, serif; font-size: 14pt;\">+ ou &#8211; 200 g d&#8217;emmental r\u00e2p\u00e9 <\/span><\/em><\/span><\/p>\n<p style=\"text-align: center;\"><span style=\"color: #008000;\"><em><span style=\"font-family: georgia, palatino, serif; font-size: 14pt;\">2 bonnes c \u00e0 s de cr\u00e8me de munster<\/span><\/em><\/span><\/p>\n<p style=\"text-align: center;\"><span style=\"color: #008000;\"><em><span style=\"font-family: georgia, palatino, serif; font-size: 14pt;\"> 2 c \u00e0 s de cr\u00e8me fra\u00eeche <\/span><\/em><\/span><\/p>\n<p style=\"text-align: center;\"><span style=\"color: #008000;\"><em><span style=\"font-family: georgia, palatino, serif; font-size: 14pt;\">Quelques petits morceaux de beurre<\/span><\/em><\/span><\/p>\n<p style=\"text-align: center;\"><span style=\"color: #008000;\"><em><span style=\"font-family: georgia, palatino, serif; font-size: 14pt;\">1 c \u00e0 s d&rsquo;\u00e9pices pour pommes de terre d\u00e9tails sur ce lien -&gt; \u00c9pic\u00e9too<\/span><\/em><\/span><\/p>\n<p style=\"text-align: center;\"><span style=\"color: #008000;\"><em><span style=\"font-family: georgia, palatino, serif; font-size: 14pt;\">Sel et poivre<\/span><\/em><\/span><\/p>\n<p style=\"text-align: center;\"><span style=\"color: #008000;\"><em><span style=\"font-family: georgia, palatino, serif; font-size: 14pt;\"><img loading=\"lazy\" decoding=\"async\" class=\"alignnone wp-image-37132\" src=\"http:\/\/recettes-gourmandes-de-joce.fr\/wp-content\/uploads\/2021\/06\/pb151410-300x206.jpg\" alt=\"\" width=\"233\" height=\"160\" srcset=\"http:\/\/recettes-gourmandes-de-joce.fr\/wp-content\/uploads\/2021\/06\/pb151410-300x206.jpg 300w, http:\/\/recettes-gourmandes-de-joce.fr\/wp-content\/uploads\/2021\/06\/pb151410-768x526.jpg 768w, http:\/\/recettes-gourmandes-de-joce.fr\/wp-content\/uploads\/2021\/06\/pb151410-750x514.jpg 750w, http:\/\/recettes-gourmandes-de-joce.fr\/wp-content\/uploads\/2021\/06\/pb151410.jpg 779w\" sizes=\"auto, (max-width: 233px) 100vw, 233px\" \/> <img loading=\"lazy\" decoding=\"async\" class=\"alignnone wp-image-37133\" src=\"http:\/\/recettes-gourmandes-de-joce.fr\/wp-content\/uploads\/2021\/06\/pb151411-300x211.jpg\" alt=\"\" width=\"227\" height=\"160\" srcset=\"http:\/\/recettes-gourmandes-de-joce.fr\/wp-content\/uploads\/2021\/06\/pb151411-300x211.jpg 300w, http:\/\/recettes-gourmandes-de-joce.fr\/wp-content\/uploads\/2021\/06\/pb151411-768x540.jpg 768w, http:\/\/recettes-gourmandes-de-joce.fr\/wp-content\/uploads\/2021\/06\/pb151411-750x528.jpg 750w, http:\/\/recettes-gourmandes-de-joce.fr\/wp-content\/uploads\/2021\/06\/pb151411.jpg 800w\" sizes=\"auto, (max-width: 227px) 100vw, 227px\" \/> <img loading=\"lazy\" decoding=\"async\" class=\"alignnone wp-image-37134\" src=\"http:\/\/recettes-gourmandes-de-joce.fr\/wp-content\/uploads\/2021\/06\/pb151412-300x196.jpg\" alt=\"\" width=\"245\" height=\"160\" srcset=\"http:\/\/recettes-gourmandes-de-joce.fr\/wp-content\/uploads\/2021\/06\/pb151412-300x196.jpg 300w, http:\/\/recettes-gourmandes-de-joce.fr\/wp-content\/uploads\/2021\/06\/pb151412.jpg 707w\" sizes=\"auto, (max-width: 245px) 100vw, 245px\" \/><\/span><\/em><\/span><\/p>\n<p style=\"text-align: center;\"><span style=\"color: #008000;\"><em><span style=\"font-family: georgia, palatino, serif; font-size: 14pt;\">Peler et \u00e9mincer l&rsquo;oignon, nettoyer et couper en lamelles les champignons, peler, essuyer et passer les pommes de terre \u00e0 la mandoline. Laver et ciseler le persil et le thym.<\/span><\/em><\/span><\/p>\n<p style=\"text-align: center;\"><span style=\"color: #008000;\"><em><span style=\"font-family: georgia, palatino, serif; font-size: 14pt;\"><img loading=\"lazy\" decoding=\"async\" class=\"alignnone wp-image-37135\" src=\"http:\/\/recettes-gourmandes-de-joce.fr\/wp-content\/uploads\/2021\/06\/pb151413-300x197.jpg\" alt=\"\" width=\"244\" height=\"160\" srcset=\"http:\/\/recettes-gourmandes-de-joce.fr\/wp-content\/uploads\/2021\/06\/pb151413-300x197.jpg 300w, http:\/\/recettes-gourmandes-de-joce.fr\/wp-content\/uploads\/2021\/06\/pb151413-768x504.jpg 768w, http:\/\/recettes-gourmandes-de-joce.fr\/wp-content\/uploads\/2021\/06\/pb151413-750x492.jpg 750w, http:\/\/recettes-gourmandes-de-joce.fr\/wp-content\/uploads\/2021\/06\/pb151413.jpg 797w\" sizes=\"auto, (max-width: 244px) 100vw, 244px\" \/> <img loading=\"lazy\" decoding=\"async\" class=\"alignnone wp-image-37136\" src=\"http:\/\/recettes-gourmandes-de-joce.fr\/wp-content\/uploads\/2021\/06\/pb151414-300x227.jpg\" alt=\"\" width=\"212\" height=\"160\" srcset=\"http:\/\/recettes-gourmandes-de-joce.fr\/wp-content\/uploads\/2021\/06\/pb151414-300x227.jpg 300w, http:\/\/recettes-gourmandes-de-joce.fr\/wp-content\/uploads\/2021\/06\/pb151414-768x581.jpg 768w, http:\/\/recettes-gourmandes-de-joce.fr\/wp-content\/uploads\/2021\/06\/pb151414-750x567.jpg 750w, http:\/\/recettes-gourmandes-de-joce.fr\/wp-content\/uploads\/2021\/06\/pb151414.jpg 791w\" sizes=\"auto, (max-width: 212px) 100vw, 212px\" \/> <img loading=\"lazy\" decoding=\"async\" class=\"alignnone wp-image-37137\" src=\"http:\/\/recettes-gourmandes-de-joce.fr\/wp-content\/uploads\/2021\/06\/pb151415-300x260.jpg\" alt=\"\" width=\"185\" height=\"160\" srcset=\"http:\/\/recettes-gourmandes-de-joce.fr\/wp-content\/uploads\/2021\/06\/pb151415-300x260.jpg 300w, http:\/\/recettes-gourmandes-de-joce.fr\/wp-content\/uploads\/2021\/06\/pb151415-768x665.jpg 768w, http:\/\/recettes-gourmandes-de-joce.fr\/wp-content\/uploads\/2021\/06\/pb151415-750x649.jpg 750w, http:\/\/recettes-gourmandes-de-joce.fr\/wp-content\/uploads\/2021\/06\/pb151415.jpg 797w\" sizes=\"auto, (max-width: 185px) 100vw, 185px\" \/><\/span><\/em><\/span><\/p>\n<p style=\"text-align: center;\"><span style=\"color: #008000;\"><em><span style=\"font-family: georgia, palatino, serif; font-size: 14pt;\">Dans un grand saladier, mettre les pommes de terre, les oignons, le persil, les champignons et le thym.<\/span><\/em><\/span><\/p>\n<p style=\"text-align: center;\"><span style=\"color: #008000;\"><em><span style=\"font-family: georgia, palatino, serif; font-size: 14pt;\"><img loading=\"lazy\" decoding=\"async\" class=\"alignnone wp-image-37138\" src=\"http:\/\/recettes-gourmandes-de-joce.fr\/wp-content\/uploads\/2021\/06\/pb151416-300x242.jpg\" alt=\"\" width=\"198\" height=\"160\" srcset=\"http:\/\/recettes-gourmandes-de-joce.fr\/wp-content\/uploads\/2021\/06\/pb151416-300x242.jpg 300w, http:\/\/recettes-gourmandes-de-joce.fr\/wp-content\/uploads\/2021\/06\/pb151416-768x619.jpg 768w, http:\/\/recettes-gourmandes-de-joce.fr\/wp-content\/uploads\/2021\/06\/pb151416-750x605.jpg 750w, http:\/\/recettes-gourmandes-de-joce.fr\/wp-content\/uploads\/2021\/06\/pb151416.jpg 800w\" sizes=\"auto, (max-width: 198px) 100vw, 198px\" \/> <img loading=\"lazy\" decoding=\"async\" class=\"alignnone wp-image-37139\" src=\"http:\/\/recettes-gourmandes-de-joce.fr\/wp-content\/uploads\/2021\/06\/pb151417-300x195.jpg\" alt=\"\" width=\"246\" height=\"160\" srcset=\"http:\/\/recettes-gourmandes-de-joce.fr\/wp-content\/uploads\/2021\/06\/pb151417-300x195.jpg 300w, http:\/\/recettes-gourmandes-de-joce.fr\/wp-content\/uploads\/2021\/06\/pb151417-768x499.jpg 768w, http:\/\/recettes-gourmandes-de-joce.fr\/wp-content\/uploads\/2021\/06\/pb151417-750x488.jpg 750w, http:\/\/recettes-gourmandes-de-joce.fr\/wp-content\/uploads\/2021\/06\/pb151417.jpg 800w\" sizes=\"auto, (max-width: 246px) 100vw, 246px\" \/> <img loading=\"lazy\" decoding=\"async\" class=\"alignnone wp-image-37140\" src=\"http:\/\/recettes-gourmandes-de-joce.fr\/wp-content\/uploads\/2021\/06\/pb151418-300x225.jpg\" alt=\"\" width=\"213\" height=\"160\" srcset=\"http:\/\/recettes-gourmandes-de-joce.fr\/wp-content\/uploads\/2021\/06\/pb151418-300x225.jpg 300w, http:\/\/recettes-gourmandes-de-joce.fr\/wp-content\/uploads\/2021\/06\/pb151418-768x576.jpg 768w, http:\/\/recettes-gourmandes-de-joce.fr\/wp-content\/uploads\/2021\/06\/pb151418-750x563.jpg 750w, http:\/\/recettes-gourmandes-de-joce.fr\/wp-content\/uploads\/2021\/06\/pb151418.jpg 800w\" sizes=\"auto, (max-width: 213px) 100vw, 213px\" \/><\/span><\/em><\/span><\/p>\n<p style=\"text-align: center;\"><span style=\"color: #008000;\"><em><span style=\"font-family: georgia, palatino, serif; font-size: 14pt;\">Ajouter les \u00e9pices, saler et poivrer et bien m\u00e9langer le tout. Ajouter ensuite la cr\u00e8me fra\u00eeche.<\/span><\/em><\/span><\/p>\n<p style=\"text-align: center;\"><span style=\"color: #008000;\"><em><span style=\"font-family: georgia, palatino, serif; font-size: 14pt;\"><img loading=\"lazy\" decoding=\"async\" class=\"alignnone wp-image-37141\" src=\"http:\/\/recettes-gourmandes-de-joce.fr\/wp-content\/uploads\/2021\/06\/pb151419-300x201.jpg\" alt=\"\" width=\"238\" height=\"160\" srcset=\"http:\/\/recettes-gourmandes-de-joce.fr\/wp-content\/uploads\/2021\/06\/pb151419-300x201.jpg 300w, http:\/\/recettes-gourmandes-de-joce.fr\/wp-content\/uploads\/2021\/06\/pb151419-750x503.jpg 750w, http:\/\/recettes-gourmandes-de-joce.fr\/wp-content\/uploads\/2021\/06\/pb151419.jpg 769w\" sizes=\"auto, (max-width: 238px) 100vw, 238px\" \/> <img loading=\"lazy\" decoding=\"async\" class=\"alignnone wp-image-37142\" src=\"http:\/\/recettes-gourmandes-de-joce.fr\/wp-content\/uploads\/2021\/06\/pb151420-300x222.jpg\" alt=\"\" width=\"216\" height=\"160\" srcset=\"http:\/\/recettes-gourmandes-de-joce.fr\/wp-content\/uploads\/2021\/06\/pb151420-300x222.jpg 300w, http:\/\/recettes-gourmandes-de-joce.fr\/wp-content\/uploads\/2021\/06\/pb151420-768x569.jpg 768w, http:\/\/recettes-gourmandes-de-joce.fr\/wp-content\/uploads\/2021\/06\/pb151420-750x556.jpg 750w, http:\/\/recettes-gourmandes-de-joce.fr\/wp-content\/uploads\/2021\/06\/pb151420.jpg 800w\" sizes=\"auto, (max-width: 216px) 100vw, 216px\" \/> <img loading=\"lazy\" decoding=\"async\" class=\"alignnone wp-image-37143\" src=\"http:\/\/recettes-gourmandes-de-joce.fr\/wp-content\/uploads\/2021\/06\/pb151421-300x225.jpg\" alt=\"\" width=\"213\" height=\"160\" srcset=\"http:\/\/recettes-gourmandes-de-joce.fr\/wp-content\/uploads\/2021\/06\/pb151421-300x225.jpg 300w, http:\/\/recettes-gourmandes-de-joce.fr\/wp-content\/uploads\/2021\/06\/pb151421-768x576.jpg 768w, http:\/\/recettes-gourmandes-de-joce.fr\/wp-content\/uploads\/2021\/06\/pb151421-750x563.jpg 750w, http:\/\/recettes-gourmandes-de-joce.fr\/wp-content\/uploads\/2021\/06\/pb151421.jpg 800w\" sizes=\"auto, (max-width: 213px) 100vw, 213px\" \/><\/span><\/em><\/span><\/p>\n<p style=\"text-align: center;\"><span style=\"color: #008000;\"><em><span style=\"font-family: georgia, palatino, serif; font-size: 14pt;\">la cr\u00e8me de munster et m\u00e9langer \u00e0 nouveau pour bien r\u00e9partir la cr\u00e8me et le fromage. Huilez le fond d&rsquo;un plat allant au four, r\u00e9partir la totalit\u00e9 du saladier, parsemer le dessus d&rsquo;un peu d&rsquo;\u00e9pices.<\/span><\/em><\/span><\/p>\n<p style=\"text-align: center;\"><span style=\"color: #008000;\"><em><span style=\"font-family: georgia, palatino, serif; font-size: 14pt;\"><img loading=\"lazy\" decoding=\"async\" class=\"alignnone wp-image-37144\" src=\"http:\/\/recettes-gourmandes-de-joce.fr\/wp-content\/uploads\/2021\/06\/pb151422-300x219.jpg\" alt=\"\" width=\"219\" height=\"160\" srcset=\"http:\/\/recettes-gourmandes-de-joce.fr\/wp-content\/uploads\/2021\/06\/pb151422-300x219.jpg 300w, http:\/\/recettes-gourmandes-de-joce.fr\/wp-content\/uploads\/2021\/06\/pb151422-768x561.jpg 768w, http:\/\/recettes-gourmandes-de-joce.fr\/wp-content\/uploads\/2021\/06\/pb151422-750x548.jpg 750w, http:\/\/recettes-gourmandes-de-joce.fr\/wp-content\/uploads\/2021\/06\/pb151422.jpg 800w\" sizes=\"auto, (max-width: 219px) 100vw, 219px\" \/> <img loading=\"lazy\" decoding=\"async\" class=\"alignnone wp-image-37145\" src=\"http:\/\/recettes-gourmandes-de-joce.fr\/wp-content\/uploads\/2021\/06\/pb151423-300x218.jpg\" alt=\"\" width=\"220\" height=\"160\" srcset=\"http:\/\/recettes-gourmandes-de-joce.fr\/wp-content\/uploads\/2021\/06\/pb151423-300x218.jpg 300w, http:\/\/recettes-gourmandes-de-joce.fr\/wp-content\/uploads\/2021\/06\/pb151423-768x558.jpg 768w, http:\/\/recettes-gourmandes-de-joce.fr\/wp-content\/uploads\/2021\/06\/pb151423-750x545.jpg 750w, http:\/\/recettes-gourmandes-de-joce.fr\/wp-content\/uploads\/2021\/06\/pb151423.jpg 800w\" sizes=\"auto, (max-width: 220px) 100vw, 220px\" \/> <img loading=\"lazy\" decoding=\"async\" class=\"alignnone wp-image-37146\" src=\"http:\/\/recettes-gourmandes-de-joce.fr\/wp-content\/uploads\/2021\/06\/pb151426-300x208.jpg\" alt=\"\" width=\"231\" height=\"160\" srcset=\"http:\/\/recettes-gourmandes-de-joce.fr\/wp-content\/uploads\/2021\/06\/pb151426-300x208.jpg 300w, http:\/\/recettes-gourmandes-de-joce.fr\/wp-content\/uploads\/2021\/06\/pb151426-768x533.jpg 768w, http:\/\/recettes-gourmandes-de-joce.fr\/wp-content\/uploads\/2021\/06\/pb151426-750x520.jpg 750w, http:\/\/recettes-gourmandes-de-joce.fr\/wp-content\/uploads\/2021\/06\/pb151426.jpg 800w\" sizes=\"auto, (max-width: 231px) 100vw, 231px\" \/><\/span><\/em><\/span><\/p>\n<p style=\"text-align: center;\"><span style=\"color: #008000;\"><em><span style=\"font-family: georgia, palatino, serif; font-size: 14pt;\">R\u00e9partir l&#8217;emmental et quelques petits morceaux de beurre, enfourner \u00e0 210\u00b0 environ 1h selon les fours, surveiller la cuisson et la coloration. Le gratin est cuit lorsque le couteau s&rsquo;enfonce dans les pommes de terre sans r\u00e9sistance. L&rsquo;accompagner d&rsquo;une bonne salade verte.<\/span><\/em><\/span><\/p>\n<p style=\"text-align: center;\"><span style=\"color: #008000;\"><em><span style=\"font-family: georgia, palatino, serif; font-size: 14pt;\">Bon app\u00e9tit!<\/span><\/em><\/span><\/p>\n<p style=\"text-align: center;\"><span style=\"color: #008000;\"><em><span style=\"font-family: georgia, palatino, serif; font-size: 14pt;\"><img loading=\"lazy\" decoding=\"async\" class=\"alignnone wp-image-37147\" src=\"http:\/\/recettes-gourmandes-de-joce.fr\/wp-content\/uploads\/2021\/06\/pb151428-300x225.jpg\" alt=\"\" width=\"240\" height=\"180\" srcset=\"http:\/\/recettes-gourmandes-de-joce.fr\/wp-content\/uploads\/2021\/06\/pb151428-300x225.jpg 300w, http:\/\/recettes-gourmandes-de-joce.fr\/wp-content\/uploads\/2021\/06\/pb151428-768x576.jpg 768w, http:\/\/recettes-gourmandes-de-joce.fr\/wp-content\/uploads\/2021\/06\/pb151428-750x563.jpg 750w, http:\/\/recettes-gourmandes-de-joce.fr\/wp-content\/uploads\/2021\/06\/pb151428.jpg 800w\" sizes=\"auto, (max-width: 240px) 100vw, 240px\" \/><\/span><\/em><\/span><\/p>\n<p style=\"text-align: center;\"><span style=\"color: #008000;\"><img loading=\"lazy\" decoding=\"async\" class=\"alignnone wp-image-37148\" src=\"http:\/\/recettes-gourmandes-de-joce.fr\/wp-content\/uploads\/2021\/06\/pb151431-300x225.jpg\" alt=\"\" width=\"240\" height=\"180\" srcset=\"http:\/\/recettes-gourmandes-de-joce.fr\/wp-content\/uploads\/2021\/06\/pb151431-300x225.jpg 300w, http:\/\/recettes-gourmandes-de-joce.fr\/wp-content\/uploads\/2021\/06\/pb151431-768x576.jpg 768w, http:\/\/recettes-gourmandes-de-joce.fr\/wp-content\/uploads\/2021\/06\/pb151431-750x563.jpg 750w, http:\/\/recettes-gourmandes-de-joce.fr\/wp-content\/uploads\/2021\/06\/pb151431.jpg 800w\" sizes=\"auto, (max-width: 240px) 100vw, 240px\" \/> <img loading=\"lazy\" decoding=\"async\" class=\"alignnone wp-image-37130\" src=\"http:\/\/recettes-gourmandes-de-joce.fr\/wp-content\/uploads\/2021\/06\/pb151437-300x202.jpg\" alt=\"\" width=\"268\" height=\"180\" srcset=\"http:\/\/recettes-gourmandes-de-joce.fr\/wp-content\/uploads\/2021\/06\/pb151437-300x202.jpg 300w, http:\/\/recettes-gourmandes-de-joce.fr\/wp-content\/uploads\/2021\/06\/pb151437-768x516.jpg 768w, http:\/\/recettes-gourmandes-de-joce.fr\/wp-content\/uploads\/2021\/06\/pb151437-750x504.jpg 750w, http:\/\/recettes-gourmandes-de-joce.fr\/wp-content\/uploads\/2021\/06\/pb151437.jpg 800w\" sizes=\"auto, (max-width: 268px) 100vw, 268px\" \/><\/span><\/p>\n<p style=\"text-align: center;\"><span style=\"color: #008000;\"><img loading=\"lazy\" decoding=\"async\" class=\"alignnone wp-image-24317 size-full\" src=\"http:\/\/recettes-gourmandes-de-joce.fr\/wp-content\/uploads\/2020\/07\/logitech-gaming-software-14112014-121223.jpg\" alt=\"\" width=\"640\" height=\"144\" srcset=\"http:\/\/recettes-gourmandes-de-joce.fr\/wp-content\/uploads\/2020\/07\/logitech-gaming-software-14112014-121223.jpg 640w, http:\/\/recettes-gourmandes-de-joce.fr\/wp-content\/uploads\/2020\/07\/logitech-gaming-software-14112014-121223-300x68.jpg 300w\" sizes=\"auto, (max-width: 640px) 100vw, 640px\" \/><\/span><\/p>\n<h3><span style=\"color: #000000;\">Commentaires\u00a0<small>(2)<\/small><\/span><\/h3>\n<div class=\"items-container\">\n<div class=\"item item-comment media\">\n<div class=\"pull-left\"><span style=\"color: #000000;\"><img decoding=\"async\" class=\"media-object\" src=\"https:\/\/www.gravatar.com\/avatar\/e50cdbab75506cea6ddb6b70bfd329ad?d=http%3A%2F%2Frecettesgourmandesdejoce.e-monsite.com%2Fmedias%2Fstatic%2Fmanager%2Fim%2Favatar.png?s=50&amp;d=mm\" alt=\"germain ghis\" width=\"50\" \/><\/span><\/div>\n<div class=\"media-body\">\n<ul class=\"inline item-infos\">\n<li><span style=\"color: #000000;\"><span class=\"comment-number\">1.<\/span>\u00a0<span class=\"comment-author\"><strong>germain ghis<\/strong><\/span>\u00a0<span class=\"comment-date\">| 27\/11\/2012<\/span><\/span><\/li>\n<\/ul>\n<div class=\"comment-content\">\n<p><span style=\"color: #000000;\">huuuuuuuuuuuuuum!!!tu me mets en haleine!!!!rrrrrrrrrrrh!!!<img decoding=\"async\" src=\"http:\/\/recettesgourmandesdejoce.e-monsite.com\/medias\/static\/themes\/smileys\/51.png\" alt=\"\" \/><\/span><\/p>\n<p><span style=\"color: #000000;\">le munster je le mange &lsquo;\u00e0 toutes les sauces&rsquo;!!!<img decoding=\"async\" src=\"http:\/\/recettesgourmandesdejoce.e-monsite.com\/medias\/static\/themes\/smileys\/33.png\" alt=\"\" \/><\/span><\/p>\n<p><span style=\"color: #000000;\">en tarte,sur une pur\u00e9e de potimarron,en rajoutant quelques tranches de munster \u00e0 la sortie du four!!!trop bon!!!<\/span><br \/>\n<span style=\"color: #000000;\">je fais m\u00eame ma tartiflette avec \u00e0 la place de &lsquo;roblochon&rsquo;<img decoding=\"async\" src=\"http:\/\/recettesgourmandesdejoce.e-monsite.com\/medias\/static\/themes\/smileys\/17.png\" alt=\"\" \/><\/span><\/p>\n<p><span style=\"color: #000000;\">trop forte &lsquo;Joce&rsquo;!!!!je te reconnais bien l\u00e0!!<img decoding=\"async\" src=\"http:\/\/recettesgourmandesdejoce.e-monsite.com\/medias\/static\/themes\/smileys\/29.png\" alt=\"\" \/><\/span><\/p>\n<\/div>\n<div class=\"item item-comment media by-webmaster\">\n<div class=\"pull-left\"><span style=\"color: #000000;\"><img decoding=\"async\" class=\"media-object\" src=\"http:\/\/recettesgourmandesdejoce.e-monsite.com\/medias\/static\/manager\/im\/avatar.png?fx=c_50_50\" alt=\"jocelyne debon\" width=\"50\" \/><\/span><\/div>\n<div class=\"media-body\">\n<ul class=\"inline item-infos\">\n<li><span style=\"color: #000000;\"><span class=\"comment-author\"><strong>jocelyne debon<\/strong><\/span>\u00a0<span class=\"comment-date\">| 27\/11\/2012<\/span><\/span><\/li>\n<\/ul>\n<div class=\"comment-content\"><span style=\"color: #000000;\">Merciiiiiiiiiiii ma Gigi Gros bisousssssssssssssss Joce<\/span><\/div>\n<\/div>\n<\/div>\n<\/div>\n<\/div>\n<\/div>\n","protected":false},"excerpt":{"rendered":"<p>Une de mes recettes Ingr\u00e9dients pour 7 personnes 12 pommes de terre moyennes 1 gros oignon 8 champignons de Paris 1 bouquet de persil plat 3 belles branches de thym frais\u00a0 + ou &#8211; 200 g d&#8217;emmental r\u00e2p\u00e9 2 bonnes c \u00e0 s de cr\u00e8me de munster 2 c \u00e0 s de cr\u00e8me fra\u00eeche Quelques &hellip; <\/p>\n<p><a class=\"more-link btn\" href=\"http:\/\/recettes-gourmandes-de-joce.fr\/index.php\/index\/legumes\/pommes-de-terre\/gratin-de-pommes-de-terre-a-la-creme-de-munster\/\">Lire la suite<\/a><\/p>\n","protected":false},"author":2,"featured_media":70030,"parent":943,"menu_order":0,"comment_status":"open","ping_status":"closed","template":"","meta":{"footnotes":""},"class_list":["post-37126","page","type-page","status-publish","has-post-thumbnail","hentry","nodate","item-wrap"],"_links":{"self":[{"href":"http:\/\/recettes-gourmandes-de-joce.fr\/index.php\/wp-json\/wp\/v2\/pages\/37126","targetHints":{"allow":["GET"]}}],"collection":[{"href":"http:\/\/recettes-gourmandes-de-joce.fr\/index.php\/wp-json\/wp\/v2\/pages"}],"about":[{"href":"http:\/\/recettes-gourmandes-de-joce.fr\/index.php\/wp-json\/wp\/v2\/types\/page"}],"author":[{"embeddable":true,"href":"http:\/\/recettes-gourmandes-de-joce.fr\/index.php\/wp-json\/wp\/v2\/users\/2"}],"replies":[{"embeddable":true,"href":"http:\/\/recettes-gourmandes-de-joce.fr\/index.php\/wp-json\/wp\/v2\/comments?post=37126"}],"version-history":[{"count":4,"href":"http:\/\/recettes-gourmandes-de-joce.fr\/index.php\/wp-json\/wp\/v2\/pages\/37126\/revisions"}],"predecessor-version":[{"id":88948,"href":"http:\/\/recettes-gourmandes-de-joce.fr\/index.php\/wp-json\/wp\/v2\/pages\/37126\/revisions\/88948"}],"up":[{"embeddable":true,"href":"http:\/\/recettes-gourmandes-de-joce.fr\/index.php\/wp-json\/wp\/v2\/pages\/943"}],"wp:featuredmedia":[{"embeddable":true,"href":"http:\/\/recettes-gourmandes-de-joce.fr\/index.php\/wp-json\/wp\/v2\/media\/70030"}],"wp:attachment":[{"href":"http:\/\/recettes-gourmandes-de-joce.fr\/index.php\/wp-json\/wp\/v2\/media?parent=37126"}],"curies":[{"name":"wp","href":"https:\/\/api.w.org\/{rel}","templated":true}]}}