{"id":3679,"date":"2019-10-07T10:09:03","date_gmt":"2019-10-07T10:09:03","guid":{"rendered":"http:\/\/recettes-gourmandes-de-joce.fr\/?page_id=3679"},"modified":"2024-08-16T12:51:22","modified_gmt":"2024-08-16T12:51:22","slug":"one-pot-pasta-aux-legumes-et-au-lard","status":"publish","type":"page","link":"http:\/\/recettes-gourmandes-de-joce.fr\/index.php\/index\/legumes\/pates\/one-pot-pasta-aux-legumes-et-au-lard\/","title":{"rendered":"One pot pasta aux l\u00e9gumes et au lard."},"content":{"rendered":"<p style=\"text-align: center;\"><span style=\"color: #008000;\"><span style=\"font-family: georgia,serif;\"><span style=\"font-size: 24px;\"><u><em>Une de mes recettes<\/em><\/u><\/span><\/span><\/span><\/p>\n<p style=\"text-align: center;\"><img loading=\"lazy\" decoding=\"async\" class=\"alignnone wp-image-68299\" src=\"http:\/\/recettes-gourmandes-de-joce.fr\/wp-content\/uploads\/2024\/04\/one-pot-pasta-legumes3.jpg\" alt=\"\" width=\"240\" height=\"180\" \/>\u00a0<img loading=\"lazy\" decoding=\"async\" class=\"alignnone wp-image-68297\" src=\"http:\/\/recettes-gourmandes-de-joce.fr\/wp-content\/uploads\/2024\/04\/one-pot-pasta-legumes1.jpg\" alt=\"\" width=\"248\" height=\"180\" \/><img loading=\"lazy\" decoding=\"async\" class=\"alignnone wp-image-68298\" src=\"http:\/\/recettes-gourmandes-de-joce.fr\/wp-content\/uploads\/2024\/04\/one-pot-pasta-legumes2.jpg\" alt=\"\" width=\"276\" height=\"180\" \/><\/p>\n<p style=\"text-align: center;\"><span style=\"color: #008000;\"><span style=\"font-family: georgia,serif;\"><span style=\"font-size: 24px;\"><u><em>Ingr\u00e9dients pour 4 personnes<\/em><\/u><\/span><\/span><\/span><\/p>\n<p style=\"text-align: center;\"><img loading=\"lazy\" decoding=\"async\" class=\"alignnone wp-image-68300\" src=\"http:\/\/recettes-gourmandes-de-joce.fr\/wp-content\/uploads\/2024\/04\/one-pot-pasta-legumes4.jpg\" alt=\"\" width=\"311\" height=\"200\" \/><\/p>\n<p style=\"text-align: center;\"><span style=\"font-family: georgia, serif; font-size: 14pt;\"><span style=\"color: #008000;\"><em>400 g de penne ou p\u00e2tes de votre choix<\/em><\/span><\/span><\/p>\n<p style=\"text-align: center;\"><span style=\"font-family: georgia, serif; font-size: 14pt;\"><span style=\"color: #008000;\"><em>1 belle carotte<\/em><\/span><\/span><\/p>\n<p style=\"text-align: center;\"><span style=\"font-family: georgia, serif; font-size: 14pt;\"><span style=\"color: #008000;\"><em>100 g de petits pois surgel\u00e9s<\/em><\/span><\/span><\/p>\n<p style=\"text-align: center;\"><span style=\"font-family: georgia, serif; font-size: 14pt;\"><span style=\"color: #008000;\"><em>2 cubes d&rsquo;\u00e9pinards surgel\u00e9s<\/em><\/span><\/span><\/p>\n<p style=\"text-align: center;\"><span style=\"font-family: georgia, serif; font-size: 14pt;\"><span style=\"color: #008000;\"><em>8 petits bouquets de brocolis surgel\u00e9s<\/em><\/span><\/span><\/p>\n<p style=\"text-align: center;\"><span style=\"font-family: georgia, serif; font-size: 14pt;\"><span style=\"color: #008000;\"><em>1 tranche \u00e9paisse de lard fum\u00e9 cuit (Lidl)<\/em><\/span><\/span><\/p>\n<p style=\"text-align: center;\"><span style=\"font-family: georgia, serif; font-size: 14pt;\"><span style=\"color: #008000;\"><em>1 poign\u00e9e d&rsquo;oignons rissol\u00e9s ou 1 oignon frais \u00e9minc\u00e9<\/em><\/span><\/span><\/p>\n<p style=\"text-align: center;\"><span style=\"font-family: georgia, serif; font-size: 14pt;\"><span style=\"color: #008000;\"><em>2 c \u00e0 s de parmesan r\u00e2p\u00e9<\/em><\/span><\/span><\/p>\n<p style=\"text-align: center;\"><span style=\"font-family: georgia, serif; font-size: 14pt;\"><span style=\"color: #008000;\"><em>2 c \u00e0 s de cr\u00e8me fra\u00eeche \u00e9paisse<\/em><\/span><\/span><\/p>\n<p style=\"text-align: center;\"><span style=\"font-family: georgia, serif; font-size: 14pt;\"><span style=\"color: #008000;\"><em>1 c \u00e0 c d&rsquo;\u00e9pices pour p\u00e2tes d\u00e9tails sur ce lien -&gt; <\/em><\/span><span style=\"color: #ff8c00;\"><em>\u00c9pic\u00e9too<\/em><\/span><\/span><\/p>\n<p style=\"text-align: center;\"><span style=\"font-family: georgia, serif; font-size: 14pt;\"><span style=\"color: #008000;\"><em>1 cube de bouillon de volaille<\/em><\/span><\/span><\/p>\n<p style=\"text-align: center;\"><span style=\"font-family: georgia, serif; font-size: 14pt;\"><span style=\"color: #008000;\"><em>Sel et poivre <\/em><\/span><\/span><\/p>\n<p style=\"text-align: center;\"><span style=\"font-family: georgia, serif; font-size: 14pt;\"><span style=\"color: #008000;\"><em>J&rsquo;ai opt\u00e9 pour des l\u00e9gumes surgel\u00e9s toujours disponibles dans le cong\u00e9lateur hors saison!<\/em><\/span><\/span><\/p>\n<p style=\"text-align: center;\"><span style=\"font-family: georgia, serif; font-size: 14pt;\"><em><span style=\"color: #008000;\"><img loading=\"lazy\" decoding=\"async\" class=\"alignnone wp-image-68301\" src=\"http:\/\/recettes-gourmandes-de-joce.fr\/wp-content\/uploads\/2024\/04\/one-pot-pasta-legumes5.jpg\" alt=\"\" width=\"227\" height=\"170\" \/> <img loading=\"lazy\" decoding=\"async\" class=\"alignnone wp-image-68302\" src=\"http:\/\/recettes-gourmandes-de-joce.fr\/wp-content\/uploads\/2024\/04\/one-pot-pasta-legumes6.jpg\" alt=\"\" width=\"128\" height=\"170\" \/> <\/span><span style=\"color: #008000;\"><img loading=\"lazy\" decoding=\"async\" class=\"alignnone wp-image-68303\" src=\"http:\/\/recettes-gourmandes-de-joce.fr\/wp-content\/uploads\/2024\/04\/one-pot-pasta-legumes7.jpg\" alt=\"\" width=\"227\" height=\"170\" \/><\/span><\/em><\/span><\/p>\n<p style=\"text-align: center;\"><span style=\"font-family: georgia, serif; font-size: 14pt;\"><span style=\"color: #008000;\"><em>Couper les bouquets de brocolis s&rsquo;ils sont gros, couper le lard en lardons, peler puis r\u00e2per la carotte\u00a0en lani\u00e8res \u00e0 l&rsquo;aide d&rsquo;un \u00e9conome. Pr\u00e9parer le bouillon en diluant le cube dans un litre d&rsquo;eau chaude. Dans une marmite, mettre les pennes, les brocolis, les petits pois.<\/em><\/span><\/span><\/p>\n<p style=\"text-align: center;\"><img loading=\"lazy\" decoding=\"async\" class=\"alignnone wp-image-68290\" src=\"http:\/\/recettes-gourmandes-de-joce.fr\/wp-content\/uploads\/2024\/04\/one-pot-pasta-legumes8.jpg\" alt=\"\" width=\"227\" height=\"170\" \/> <img loading=\"lazy\" decoding=\"async\" class=\"alignnone wp-image-68291\" src=\"http:\/\/recettes-gourmandes-de-joce.fr\/wp-content\/uploads\/2024\/04\/one-pot-pasta-legumes9.jpg\" alt=\"\" width=\"227\" height=\"170\" \/> <img loading=\"lazy\" decoding=\"async\" class=\"alignnone wp-image-68292\" src=\"http:\/\/recettes-gourmandes-de-joce.fr\/wp-content\/uploads\/2024\/04\/one-pot-pasta-legumes10.jpg\" alt=\"\" width=\"227\" height=\"170\" \/><\/p>\n<p style=\"text-align: center;\"><span style=\"font-family: georgia, serif; font-size: 14pt;\"><span style=\"color: #008000;\"><em>Ajouter les oignons rissol\u00e9s ou frais \u00e9minc\u00e9s, les lardons, les carottes, les \u00e9pinards, les \u00e9pices, saler et poivrer, ajouter le bouillon, m\u00e9langer et mettre \u00e0 cuire \u00e0 feux doux.<\/em><\/span><\/span><\/p>\n<p style=\"text-align: center;\"><img loading=\"lazy\" decoding=\"async\" class=\"alignnone wp-image-68293\" src=\"http:\/\/recettes-gourmandes-de-joce.fr\/wp-content\/uploads\/2024\/04\/one-pot-pasta-legumes11.jpg\" alt=\"\" width=\"227\" height=\"170\" \/> <img loading=\"lazy\" decoding=\"async\" class=\"alignnone wp-image-68294\" src=\"http:\/\/recettes-gourmandes-de-joce.fr\/wp-content\/uploads\/2024\/04\/one-pot-pasta-legumes12.jpg\" alt=\"\" width=\"227\" height=\"170\" \/><\/p>\n<p style=\"text-align: center;\"><span style=\"font-family: georgia, serif; font-size: 14pt;\"><span style=\"color: #008000;\"><em>Remuer r\u00e9guli\u00e8rement jusqu&rsquo;\u00e0 cuisson compl\u00e8te des p\u00e2tes (selon la marque et la vari\u00e9t\u00e9 de p\u00e2tes choisies il vous faudra plus ou moins de bouillon), il doit vous rester environ 1 bon cm de bouillon au fond de la marmite. Ajouter d\u00e9s que les p\u00e2tes sont cuites la cr\u00e8me et le parmesan, m\u00e9langer et servir imm\u00e9diatement avec un peu de parmesan r\u00e2p\u00e9 dessus si vous aimez.<\/em><\/span><\/span><\/p>\n<p style=\"text-align: center;\"><span style=\"color: #008000; font-size: 14pt;\"><span style=\"font-family: georgia,serif;\"><em>Bon app\u00e9tit!<\/em><\/span><\/span><\/p>\n<p style=\"text-align: center;\"><img loading=\"lazy\" decoding=\"async\" class=\"alignnone wp-image-68296\" src=\"http:\/\/recettes-gourmandes-de-joce.fr\/wp-content\/uploads\/2024\/04\/one-pot-pasta-legumes14.jpg\" alt=\"\" width=\"269\" height=\"180\" \/><\/p>\n<p style=\"text-align: center;\"><img loading=\"lazy\" decoding=\"async\" class=\"alignnone wp-image-68295\" src=\"http:\/\/recettes-gourmandes-de-joce.fr\/wp-content\/uploads\/2024\/04\/one-pot-pasta-legumes13.jpg\" alt=\"\" width=\"350\" height=\"180\" \/>\u00a0<img loading=\"lazy\" decoding=\"async\" class=\"alignnone wp-image-68297\" src=\"http:\/\/recettes-gourmandes-de-joce.fr\/wp-content\/uploads\/2024\/04\/one-pot-pasta-legumes1.jpg\" alt=\"\" width=\"248\" height=\"180\" \/><\/p>\n<p><img loading=\"lazy\" decoding=\"async\" class=\"alignnone size-full wp-image-59803\" src=\"http:\/\/recettes-gourmandes-de-joce.fr\/wp-content\/uploads\/2024\/01\/logitech-gaming-software-14112014-121223.jpg\" alt=\"\" width=\"640\" height=\"144\" \/><\/p>\n<p>&nbsp;<\/p>\n","protected":false},"excerpt":{"rendered":"<p>Une de mes recettes \u00a0 Ingr\u00e9dients pour 4 personnes 400 g de penne ou p\u00e2tes de votre choix 1 belle carotte 100 g de petits pois surgel\u00e9s 2 cubes d&rsquo;\u00e9pinards surgel\u00e9s 8 petits bouquets de brocolis surgel\u00e9s 1 tranche \u00e9paisse de lard fum\u00e9 cuit (Lidl) 1 poign\u00e9e d&rsquo;oignons rissol\u00e9s ou 1 oignon frais \u00e9minc\u00e9 2 &hellip; <\/p>\n<p><a class=\"more-link btn\" href=\"http:\/\/recettes-gourmandes-de-joce.fr\/index.php\/index\/legumes\/pates\/one-pot-pasta-aux-legumes-et-au-lard\/\">Lire la suite<\/a><\/p>\n","protected":false},"author":2,"featured_media":68496,"parent":160,"menu_order":0,"comment_status":"open","ping_status":"closed","template":"","meta":{"footnotes":""},"class_list":["post-3679","page","type-page","status-publish","has-post-thumbnail","hentry","nodate","item-wrap"],"_links":{"self":[{"href":"http:\/\/recettes-gourmandes-de-joce.fr\/index.php\/wp-json\/wp\/v2\/pages\/3679","targetHints":{"allow":["GET"]}}],"collection":[{"href":"http:\/\/recettes-gourmandes-de-joce.fr\/index.php\/wp-json\/wp\/v2\/pages"}],"about":[{"href":"http:\/\/recettes-gourmandes-de-joce.fr\/index.php\/wp-json\/wp\/v2\/types\/page"}],"author":[{"embeddable":true,"href":"http:\/\/recettes-gourmandes-de-joce.fr\/index.php\/wp-json\/wp\/v2\/users\/2"}],"replies":[{"embeddable":true,"href":"http:\/\/recettes-gourmandes-de-joce.fr\/index.php\/wp-json\/wp\/v2\/comments?post=3679"}],"version-history":[{"count":4,"href":"http:\/\/recettes-gourmandes-de-joce.fr\/index.php\/wp-json\/wp\/v2\/pages\/3679\/revisions"}],"predecessor-version":[{"id":89202,"href":"http:\/\/recettes-gourmandes-de-joce.fr\/index.php\/wp-json\/wp\/v2\/pages\/3679\/revisions\/89202"}],"up":[{"embeddable":true,"href":"http:\/\/recettes-gourmandes-de-joce.fr\/index.php\/wp-json\/wp\/v2\/pages\/160"}],"wp:featuredmedia":[{"embeddable":true,"href":"http:\/\/recettes-gourmandes-de-joce.fr\/index.php\/wp-json\/wp\/v2\/media\/68496"}],"wp:attachment":[{"href":"http:\/\/recettes-gourmandes-de-joce.fr\/index.php\/wp-json\/wp\/v2\/media?parent=3679"}],"curies":[{"name":"wp","href":"https:\/\/api.w.org\/{rel}","templated":true}]}}