{"id":36489,"date":"2021-06-25T12:14:36","date_gmt":"2021-06-25T12:14:36","guid":{"rendered":"http:\/\/recettes-gourmandes-de-joce.fr\/?page_id=36489"},"modified":"2024-05-02T21:23:07","modified_gmt":"2024-05-02T21:23:07","slug":"riz-a-la-tomate-a-ma-facon","status":"publish","type":"page","link":"http:\/\/recettes-gourmandes-de-joce.fr\/index.php\/index\/legumes\/riz-semoule\/riz-a-la-tomate-a-ma-facon\/","title":{"rendered":"Riz \u00e0 la tomate \u00e0 ma fa\u00e7on."},"content":{"rendered":"<p style=\"text-align: center;\"><em style=\"color: #ff2f00; font-family: georgia, palatino, serif; font-size: 24px; text-decoration-line: underline;\">Une de mes recettes<\/em><\/p>\n<p style=\"text-align: center;\"><img loading=\"lazy\" decoding=\"async\" class=\"alignnone wp-image-36478\" src=\"http:\/\/recettes-gourmandes-de-joce.fr\/wp-content\/uploads\/2021\/06\/riz-a-la-tomate-a-ma-facon-016-300x225.jpg\" alt=\"\" width=\"240\" height=\"180\" srcset=\"http:\/\/recettes-gourmandes-de-joce.fr\/wp-content\/uploads\/2021\/06\/riz-a-la-tomate-a-ma-facon-016-300x225.jpg 300w, http:\/\/recettes-gourmandes-de-joce.fr\/wp-content\/uploads\/2021\/06\/riz-a-la-tomate-a-ma-facon-016.jpg 720w\" sizes=\"auto, (max-width: 240px) 100vw, 240px\" \/> <img loading=\"lazy\" decoding=\"async\" class=\"alignnone wp-image-36476\" src=\"http:\/\/recettes-gourmandes-de-joce.fr\/wp-content\/uploads\/2021\/06\/riz-a-la-tomate-a-ma-facon-014-300x225.jpg\" alt=\"\" width=\"240\" height=\"180\" srcset=\"http:\/\/recettes-gourmandes-de-joce.fr\/wp-content\/uploads\/2021\/06\/riz-a-la-tomate-a-ma-facon-014-300x225.jpg 300w, http:\/\/recettes-gourmandes-de-joce.fr\/wp-content\/uploads\/2021\/06\/riz-a-la-tomate-a-ma-facon-014.jpg 720w\" sizes=\"auto, (max-width: 240px) 100vw, 240px\" \/> <img loading=\"lazy\" decoding=\"async\" class=\"alignnone wp-image-36477\" src=\"http:\/\/recettes-gourmandes-de-joce.fr\/wp-content\/uploads\/2021\/06\/riz-a-la-tomate-a-ma-facon-015-300x225.jpg\" alt=\"\" width=\"240\" height=\"180\" srcset=\"http:\/\/recettes-gourmandes-de-joce.fr\/wp-content\/uploads\/2021\/06\/riz-a-la-tomate-a-ma-facon-015-300x225.jpg 300w, http:\/\/recettes-gourmandes-de-joce.fr\/wp-content\/uploads\/2021\/06\/riz-a-la-tomate-a-ma-facon-015.jpg 720w\" sizes=\"auto, (max-width: 240px) 100vw, 240px\" \/><\/p>\n<p style=\"text-align: center;\"><span style=\"text-decoration: underline; color: #ff2f00;\"><span style=\"font-size: 18pt;\"><em style=\"font-family: georgia, palatino, serif;\">Ingr\u00e9dients pour 6 personnes<\/em><\/span><\/span><\/p>\n<p style=\"text-align: center;\"><img loading=\"lazy\" decoding=\"async\" class=\"alignnone wp-image-36479\" src=\"http:\/\/recettes-gourmandes-de-joce.fr\/wp-content\/uploads\/2021\/06\/riz-a-la-tomate-a-ma-facon-001-235x300.jpg\" alt=\"\" width=\"156\" height=\"200\" srcset=\"http:\/\/recettes-gourmandes-de-joce.fr\/wp-content\/uploads\/2021\/06\/riz-a-la-tomate-a-ma-facon-001-235x300.jpg 235w, http:\/\/recettes-gourmandes-de-joce.fr\/wp-content\/uploads\/2021\/06\/riz-a-la-tomate-a-ma-facon-001.jpg 559w\" sizes=\"auto, (max-width: 156px) 100vw, 156px\" \/><\/p>\n<p style=\"text-align: center;\"><span style=\"font-size: 14pt; font-family: georgia, palatino, serif; color: #ff2f00;\"><em>500 g de riz long<\/em><\/span><\/p>\n<p style=\"text-align: center;\"><span style=\"font-size: 14pt; font-family: georgia, palatino, serif; color: #ff2f00;\"><em>500 ml de coulis de tomate<\/em><\/span><\/p>\n<p style=\"text-align: center;\"><span style=\"font-size: 14pt; font-family: georgia, palatino, serif; color: #ff2f00;\"><em>1 petite boite de concentr\u00e9 de tomate<\/em><\/span><\/p>\n<p style=\"text-align: center;\"><span style=\"font-size: 14pt; font-family: georgia, palatino, serif; color: #ff2f00;\"><em>2 tomates<\/em><\/span><\/p>\n<p style=\"text-align: center;\"><span style=\"font-size: 14pt; font-family: georgia, palatino, serif; color: #ff2f00;\"><em>1 oignons<\/em><\/span><\/p>\n<p style=\"text-align: center;\"><span style=\"font-size: 14pt; font-family: georgia, palatino, serif; color: #ff2f00;\"><em>5 champignons de Paris frais<\/em><\/span><\/p>\n<p style=\"text-align: center;\"><span style=\"font-size: 14pt; font-family: georgia, palatino, serif; color: #ff2f00;\"><em>50 g de lardons fum\u00e9s<\/em><\/span><\/p>\n<p style=\"text-align: center;\"><span style=\"font-size: 14pt; font-family: georgia, palatino, serif; color: #ff2f00;\"><em>3 gousses d&rsquo;ail<\/em><\/span><\/p>\n<p style=\"text-align: center;\"><span style=\"font-size: 14pt; font-family: georgia, palatino, serif; color: #ff2f00;\"><em>1 petit bouquet de persil plat<\/em><\/span><\/p>\n<p style=\"text-align: center;\"><span style=\"font-size: 14pt; font-family: georgia, palatino, serif; color: #ff2f00;\"><em>1 cube de bouillon de volaille<\/em><\/span><\/p>\n<p style=\"text-align: center;\"><span style=\"font-size: 14pt; font-family: georgia, palatino, serif; color: #ff2f00;\"><em>Sel et poivre<\/em><\/span><\/p>\n<p style=\"text-align: center;\"><span style=\"font-size: 14pt; font-family: georgia, palatino, serif; color: #ff2f00;\"><em>1 morceau de beurre<\/em><\/span><\/p>\n<p style=\"text-align: center;\"><span style=\"font-size: 14pt; font-family: georgia, palatino, serif; color: #ff2f00;\"><img loading=\"lazy\" decoding=\"async\" class=\"alignnone wp-image-36480\" src=\"http:\/\/recettes-gourmandes-de-joce.fr\/wp-content\/uploads\/2021\/06\/riz-a-la-tomate-a-ma-facon-002-300x232.jpg\" alt=\"\" width=\"207\" height=\"160\" srcset=\"http:\/\/recettes-gourmandes-de-joce.fr\/wp-content\/uploads\/2021\/06\/riz-a-la-tomate-a-ma-facon-002-300x232.jpg 300w, http:\/\/recettes-gourmandes-de-joce.fr\/wp-content\/uploads\/2021\/06\/riz-a-la-tomate-a-ma-facon-002.jpg 720w\" sizes=\"auto, (max-width: 207px) 100vw, 207px\" \/> <img loading=\"lazy\" decoding=\"async\" class=\"alignnone wp-image-36232\" src=\"http:\/\/recettes-gourmandes-de-joce.fr\/wp-content\/uploads\/2021\/06\/p8161482-300x225.jpg\" alt=\"\" width=\"213\" height=\"160\" srcset=\"http:\/\/recettes-gourmandes-de-joce.fr\/wp-content\/uploads\/2021\/06\/p8161482-300x225.jpg 300w, http:\/\/recettes-gourmandes-de-joce.fr\/wp-content\/uploads\/2021\/06\/p8161482-768x576.jpg 768w, http:\/\/recettes-gourmandes-de-joce.fr\/wp-content\/uploads\/2021\/06\/p8161482-750x563.jpg 750w, http:\/\/recettes-gourmandes-de-joce.fr\/wp-content\/uploads\/2021\/06\/p8161482.jpg 800w\" sizes=\"auto, (max-width: 213px) 100vw, 213px\" \/> <img loading=\"lazy\" decoding=\"async\" class=\"alignnone wp-image-36481\" src=\"http:\/\/recettes-gourmandes-de-joce.fr\/wp-content\/uploads\/2021\/06\/riz-a-la-tomate-a-ma-facon-003-300x225.jpg\" alt=\"\" width=\"213\" height=\"160\" srcset=\"http:\/\/recettes-gourmandes-de-joce.fr\/wp-content\/uploads\/2021\/06\/riz-a-la-tomate-a-ma-facon-003-300x225.jpg 300w, http:\/\/recettes-gourmandes-de-joce.fr\/wp-content\/uploads\/2021\/06\/riz-a-la-tomate-a-ma-facon-003.jpg 720w\" sizes=\"auto, (max-width: 213px) 100vw, 213px\" \/><\/span><\/p>\n<p style=\"text-align: center;\"><span style=\"font-size: 14pt; font-family: georgia, palatino, serif; color: #ff2f00;\"><em>Peler l&rsquo;ail et l&rsquo;oignon, hacher les, laver les tomates et le persil, <\/em><em>couper les tomates en petits morceaux, laver et ciseler le persil. <\/em><\/span><span style=\"font-size: 14pt; font-family: georgia, palatino, serif; color: #ff2f00;\"><em>Nettoyer les champignons et\u00a0<\/em><\/span><em style=\"color: #ff2f00; font-family: georgia, palatino, serif; font-size: 18.6667px;\">les <\/em><em style=\"color: #ff2f00; font-family: georgia, palatino, serif; font-size: 14pt;\">couper en morceaux. <\/em><em style=\"color: #ff2f00; font-family: georgia, palatino, serif; font-size: 14pt;\">Mettre le beurre \u00e0 fondre dans une sauteuse, ajouter <\/em><em style=\"color: #ff2f00; font-family: georgia, palatino, serif; font-size: 14pt;\">l&rsquo;ail et les oignons \u00e0 suer.<\/em><\/p>\n<p style=\"text-align: center;\"><img loading=\"lazy\" decoding=\"async\" class=\"alignnone wp-image-36482\" src=\"http:\/\/recettes-gourmandes-de-joce.fr\/wp-content\/uploads\/2021\/06\/riz-a-la-tomate-a-ma-facon-004-300x225.jpg\" alt=\"\" width=\"213\" height=\"160\" srcset=\"http:\/\/recettes-gourmandes-de-joce.fr\/wp-content\/uploads\/2021\/06\/riz-a-la-tomate-a-ma-facon-004-300x225.jpg 300w, http:\/\/recettes-gourmandes-de-joce.fr\/wp-content\/uploads\/2021\/06\/riz-a-la-tomate-a-ma-facon-004.jpg 720w\" sizes=\"auto, (max-width: 213px) 100vw, 213px\" \/> <img loading=\"lazy\" decoding=\"async\" class=\"alignnone wp-image-36483\" src=\"http:\/\/recettes-gourmandes-de-joce.fr\/wp-content\/uploads\/2021\/06\/riz-a-la-tomate-a-ma-facon-005-300x225.jpg\" alt=\"\" width=\"213\" height=\"160\" srcset=\"http:\/\/recettes-gourmandes-de-joce.fr\/wp-content\/uploads\/2021\/06\/riz-a-la-tomate-a-ma-facon-005-300x225.jpg 300w, http:\/\/recettes-gourmandes-de-joce.fr\/wp-content\/uploads\/2021\/06\/riz-a-la-tomate-a-ma-facon-005.jpg 720w\" sizes=\"auto, (max-width: 213px) 100vw, 213px\" \/> <img loading=\"lazy\" decoding=\"async\" class=\"alignnone wp-image-36484\" src=\"http:\/\/recettes-gourmandes-de-joce.fr\/wp-content\/uploads\/2021\/06\/riz-a-la-tomate-a-ma-facon-006-300x225.jpg\" alt=\"\" width=\"213\" height=\"160\" srcset=\"http:\/\/recettes-gourmandes-de-joce.fr\/wp-content\/uploads\/2021\/06\/riz-a-la-tomate-a-ma-facon-006-300x225.jpg 300w, http:\/\/recettes-gourmandes-de-joce.fr\/wp-content\/uploads\/2021\/06\/riz-a-la-tomate-a-ma-facon-006.jpg 720w\" sizes=\"auto, (max-width: 213px) 100vw, 213px\" \/><\/p>\n<p style=\"text-align: center;\"><span style=\"font-size: 14pt; font-family: georgia, palatino, serif; color: #ff2f00;\"><em> Lorsqu&rsquo;ils commencent <\/em><em>\u00e0 blondir, ajouter les lardons remuer jusqu&rsquo;\u00e0 ce qu&rsquo;ils <\/em><em>changent de couleur. <\/em><\/span><span style=\"font-size: 14pt; font-family: georgia, palatino, serif; color: #ff2f00;\"><em>Ajouter les champignons, saler, poivrer et remuer. <\/em><em>Ajouter les tomates.\u00a0<\/em><\/span><\/p>\n<p style=\"text-align: center;\"><img loading=\"lazy\" decoding=\"async\" class=\"alignnone wp-image-36485\" src=\"http:\/\/recettes-gourmandes-de-joce.fr\/wp-content\/uploads\/2021\/06\/riz-a-la-tomate-a-ma-facon-007-300x225.jpg\" alt=\"\" width=\"213\" height=\"160\" srcset=\"http:\/\/recettes-gourmandes-de-joce.fr\/wp-content\/uploads\/2021\/06\/riz-a-la-tomate-a-ma-facon-007-300x225.jpg 300w, http:\/\/recettes-gourmandes-de-joce.fr\/wp-content\/uploads\/2021\/06\/riz-a-la-tomate-a-ma-facon-007.jpg 720w\" sizes=\"auto, (max-width: 213px) 100vw, 213px\" \/> <img loading=\"lazy\" decoding=\"async\" class=\"alignnone wp-image-36486\" src=\"http:\/\/recettes-gourmandes-de-joce.fr\/wp-content\/uploads\/2021\/06\/riz-a-la-tomate-a-ma-facon-008-300x225.jpg\" alt=\"\" width=\"213\" height=\"160\" srcset=\"http:\/\/recettes-gourmandes-de-joce.fr\/wp-content\/uploads\/2021\/06\/riz-a-la-tomate-a-ma-facon-008-300x225.jpg 300w, http:\/\/recettes-gourmandes-de-joce.fr\/wp-content\/uploads\/2021\/06\/riz-a-la-tomate-a-ma-facon-008.jpg 720w\" sizes=\"auto, (max-width: 213px) 100vw, 213px\" \/> <img loading=\"lazy\" decoding=\"async\" class=\"alignnone wp-image-36487\" src=\"http:\/\/recettes-gourmandes-de-joce.fr\/wp-content\/uploads\/2021\/06\/riz-a-la-tomate-a-ma-facon-009-300x225.jpg\" alt=\"\" width=\"213\" height=\"160\" srcset=\"http:\/\/recettes-gourmandes-de-joce.fr\/wp-content\/uploads\/2021\/06\/riz-a-la-tomate-a-ma-facon-009-300x225.jpg 300w, http:\/\/recettes-gourmandes-de-joce.fr\/wp-content\/uploads\/2021\/06\/riz-a-la-tomate-a-ma-facon-009.jpg 720w\" sizes=\"auto, (max-width: 213px) 100vw, 213px\" \/><\/p>\n<p style=\"text-align: center;\"><span style=\"font-size: 14pt; font-family: georgia, palatino, serif; color: #ff2f00;\"><span style=\"font-size: 14pt; font-family: georgia, palatino, serif; color: #ff2f00;\"><em>Ajouter le persil, m\u00e9langer et laisser <\/em><\/span><span style=\"font-size: 14pt; font-family: georgia, palatino, serif; color: #ff2f00;\"><em>mijoter quelques instants. <\/em><\/span><em>Emietter le cube de\u00a0<\/em><em>bouillon de volaille\u00a0<\/em><\/span><em style=\"color: #ff2f00; font-family: georgia, palatino, serif; font-size: 18.6667px;\">l&rsquo;<\/em><em style=\"color: #ff2f00; font-family: georgia, palatino, serif; font-size: 14pt;\">ajouter ainsi que le concentr\u00e9 de tomate. <\/em><em style=\"color: #ff2f00; font-family: georgia, palatino, serif; font-size: 14pt;\">Bien m\u00e9langer.\u00a0<\/em><\/p>\n<p style=\"text-align: center;\"><img loading=\"lazy\" decoding=\"async\" class=\"alignnone wp-image-36488\" src=\"http:\/\/recettes-gourmandes-de-joce.fr\/wp-content\/uploads\/2021\/06\/riz-a-la-tomate-a-ma-facon-010-300x225.jpg\" alt=\"\" width=\"213\" height=\"160\" srcset=\"http:\/\/recettes-gourmandes-de-joce.fr\/wp-content\/uploads\/2021\/06\/riz-a-la-tomate-a-ma-facon-010-300x225.jpg 300w, http:\/\/recettes-gourmandes-de-joce.fr\/wp-content\/uploads\/2021\/06\/riz-a-la-tomate-a-ma-facon-010.jpg 720w\" sizes=\"auto, (max-width: 213px) 100vw, 213px\" \/> <img loading=\"lazy\" decoding=\"async\" class=\"alignnone wp-image-36474\" src=\"http:\/\/recettes-gourmandes-de-joce.fr\/wp-content\/uploads\/2021\/06\/riz-a-la-tomate-a-ma-facon-011-300x225.jpg\" alt=\"\" width=\"213\" height=\"160\" srcset=\"http:\/\/recettes-gourmandes-de-joce.fr\/wp-content\/uploads\/2021\/06\/riz-a-la-tomate-a-ma-facon-011-300x225.jpg 300w, http:\/\/recettes-gourmandes-de-joce.fr\/wp-content\/uploads\/2021\/06\/riz-a-la-tomate-a-ma-facon-011.jpg 720w\" sizes=\"auto, (max-width: 213px) 100vw, 213px\" \/> <img loading=\"lazy\" decoding=\"async\" class=\"alignnone wp-image-36475\" src=\"http:\/\/recettes-gourmandes-de-joce.fr\/wp-content\/uploads\/2021\/06\/riz-a-la-tomate-a-ma-facon-012-300x225.jpg\" alt=\"\" width=\"213\" height=\"160\" srcset=\"http:\/\/recettes-gourmandes-de-joce.fr\/wp-content\/uploads\/2021\/06\/riz-a-la-tomate-a-ma-facon-012-300x225.jpg 300w, http:\/\/recettes-gourmandes-de-joce.fr\/wp-content\/uploads\/2021\/06\/riz-a-la-tomate-a-ma-facon-012.jpg 720w\" sizes=\"auto, (max-width: 213px) 100vw, 213px\" \/><\/p>\n<p style=\"text-align: center;\"><span style=\"font-size: 14pt; font-family: georgia, palatino, serif; color: #ff2f00;\"><em>Ajouter le coulis de tomate . <\/em><\/span><span style=\"font-size: 14pt; font-family: georgia, palatino, serif; color: #ff2f00;\"><em>Verser le riz, remuer, ajouter <\/em><em>un peu d&rsquo;eau pour couvrir compl\u00e8tement le riz, m\u00e9langer, <\/em><em>laisser mijoter \u00e0 feux tr\u00e8s doux jusqu&rsquo;\u00e0 cuisson compl\u00e8te\u00a0<\/em><em>du riz et absorption de la sauce tomate, au besoin ajouter un peu <\/em><em>d&rsquo;eau pendant la cuisson, veuillez \u00e0 ce que le riz n&rsquo;attache pas\u00a0<\/em><em>au fond de la sauteuse, remuer souvent.<\/em><\/span><br \/>\n<span style=\"font-size: 14pt; font-family: georgia, palatino, serif; color: #ff2f00;\"><em>Accompagne bien une grillade.<\/em><\/span><\/p>\n<p style=\"text-align: center;\"><span style=\"font-size: 14pt; font-family: georgia, palatino, serif; color: #ff2f00;\"><em>Bon app\u00e9tit!<\/em><\/span><\/p>\n<p style=\"text-align: center;\"><span style=\"font-size: 14pt; font-family: georgia, palatino, serif; color: #ff2f00;\"> <img loading=\"lazy\" decoding=\"async\" class=\"alignnone wp-image-36477\" src=\"http:\/\/recettes-gourmandes-de-joce.fr\/wp-content\/uploads\/2021\/06\/riz-a-la-tomate-a-ma-facon-015-300x225.jpg\" alt=\"\" width=\"240\" height=\"180\" srcset=\"http:\/\/recettes-gourmandes-de-joce.fr\/wp-content\/uploads\/2021\/06\/riz-a-la-tomate-a-ma-facon-015-300x225.jpg 300w, http:\/\/recettes-gourmandes-de-joce.fr\/wp-content\/uploads\/2021\/06\/riz-a-la-tomate-a-ma-facon-015.jpg 720w\" sizes=\"auto, (max-width: 240px) 100vw, 240px\" \/> <img loading=\"lazy\" decoding=\"async\" class=\"alignnone wp-image-36476\" src=\"http:\/\/recettes-gourmandes-de-joce.fr\/wp-content\/uploads\/2021\/06\/riz-a-la-tomate-a-ma-facon-014-300x225.jpg\" alt=\"\" width=\"240\" height=\"180\" srcset=\"http:\/\/recettes-gourmandes-de-joce.fr\/wp-content\/uploads\/2021\/06\/riz-a-la-tomate-a-ma-facon-014-300x225.jpg 300w, http:\/\/recettes-gourmandes-de-joce.fr\/wp-content\/uploads\/2021\/06\/riz-a-la-tomate-a-ma-facon-014.jpg 720w\" sizes=\"auto, (max-width: 240px) 100vw, 240px\" \/> <img loading=\"lazy\" decoding=\"async\" class=\"alignnone wp-image-36478\" src=\"http:\/\/recettes-gourmandes-de-joce.fr\/wp-content\/uploads\/2021\/06\/riz-a-la-tomate-a-ma-facon-016-300x225.jpg\" alt=\"\" width=\"240\" height=\"180\" srcset=\"http:\/\/recettes-gourmandes-de-joce.fr\/wp-content\/uploads\/2021\/06\/riz-a-la-tomate-a-ma-facon-016-300x225.jpg 300w, http:\/\/recettes-gourmandes-de-joce.fr\/wp-content\/uploads\/2021\/06\/riz-a-la-tomate-a-ma-facon-016.jpg 720w\" sizes=\"auto, (max-width: 240px) 100vw, 240px\" \/><\/span><\/p>\n<p style=\"text-align: center;\"><img loading=\"lazy\" decoding=\"async\" class=\"alignnone wp-image-24317 size-full\" src=\"http:\/\/recettes-gourmandes-de-joce.fr\/wp-content\/uploads\/2020\/07\/logitech-gaming-software-14112014-121223.jpg\" alt=\"\" width=\"640\" height=\"144\" srcset=\"http:\/\/recettes-gourmandes-de-joce.fr\/wp-content\/uploads\/2020\/07\/logitech-gaming-software-14112014-121223.jpg 640w, http:\/\/recettes-gourmandes-de-joce.fr\/wp-content\/uploads\/2020\/07\/logitech-gaming-software-14112014-121223-300x68.jpg 300w\" sizes=\"auto, (max-width: 640px) 100vw, 640px\" \/><\/p>\n","protected":false},"excerpt":{"rendered":"<p>Une de mes recettes Ingr\u00e9dients pour 6 personnes 500 g de riz long 500 ml de coulis de tomate 1 petite boite de concentr\u00e9 de tomate 2 tomates 1 oignons 5 champignons de Paris frais 50 g de lardons fum\u00e9s 3 gousses d&rsquo;ail 1 petit bouquet de persil plat 1 cube de bouillon de volaille &hellip; <\/p>\n<p><a class=\"more-link btn\" href=\"http:\/\/recettes-gourmandes-de-joce.fr\/index.php\/index\/legumes\/riz-semoule\/riz-a-la-tomate-a-ma-facon\/\">Lire la suite<\/a><\/p>\n","protected":false},"author":2,"featured_media":76650,"parent":163,"menu_order":0,"comment_status":"open","ping_status":"closed","template":"","meta":{"footnotes":""},"class_list":["post-36489","page","type-page","status-publish","has-post-thumbnail","hentry","nodate","item-wrap"],"_links":{"self":[{"href":"http:\/\/recettes-gourmandes-de-joce.fr\/index.php\/wp-json\/wp\/v2\/pages\/36489","targetHints":{"allow":["GET"]}}],"collection":[{"href":"http:\/\/recettes-gourmandes-de-joce.fr\/index.php\/wp-json\/wp\/v2\/pages"}],"about":[{"href":"http:\/\/recettes-gourmandes-de-joce.fr\/index.php\/wp-json\/wp\/v2\/types\/page"}],"author":[{"embeddable":true,"href":"http:\/\/recettes-gourmandes-de-joce.fr\/index.php\/wp-json\/wp\/v2\/users\/2"}],"replies":[{"embeddable":true,"href":"http:\/\/recettes-gourmandes-de-joce.fr\/index.php\/wp-json\/wp\/v2\/comments?post=36489"}],"version-history":[{"count":3,"href":"http:\/\/recettes-gourmandes-de-joce.fr\/index.php\/wp-json\/wp\/v2\/pages\/36489\/revisions"}],"predecessor-version":[{"id":76649,"href":"http:\/\/recettes-gourmandes-de-joce.fr\/index.php\/wp-json\/wp\/v2\/pages\/36489\/revisions\/76649"}],"up":[{"embeddable":true,"href":"http:\/\/recettes-gourmandes-de-joce.fr\/index.php\/wp-json\/wp\/v2\/pages\/163"}],"wp:featuredmedia":[{"embeddable":true,"href":"http:\/\/recettes-gourmandes-de-joce.fr\/index.php\/wp-json\/wp\/v2\/media\/76650"}],"wp:attachment":[{"href":"http:\/\/recettes-gourmandes-de-joce.fr\/index.php\/wp-json\/wp\/v2\/media?parent=36489"}],"curies":[{"name":"wp","href":"https:\/\/api.w.org\/{rel}","templated":true}]}}