{"id":36219,"date":"2021-06-21T21:13:58","date_gmt":"2021-06-21T21:13:58","guid":{"rendered":"http:\/\/recettes-gourmandes-de-joce.fr\/?page_id=36219"},"modified":"2024-06-29T17:39:34","modified_gmt":"2024-06-29T17:39:34","slug":"saumon-a-la-moutarde-de-meaux-a-lancienne","status":"publish","type":"page","link":"http:\/\/recettes-gourmandes-de-joce.fr\/index.php\/index\/poissons-coquillages\/filets-paves\/saumon-a-la-moutarde-de-meaux-a-lancienne\/","title":{"rendered":"Saumon \u00e0 la moutarde de Meaux \u00e0 l&rsquo;ancienne."},"content":{"rendered":"<p style=\"text-align: center;\"><span style=\"color: #f08469; font-size: 18pt; text-decoration: underline; font-family: georgia, palatino, serif;\"><span style=\"text-decoration: underline;\"><em>Une de mes recettes<\/em><\/span><\/span><\/p>\n<p style=\"text-align: center;\"><img loading=\"lazy\" decoding=\"async\" class=\"alignnone wp-image-36229\" src=\"http:\/\/recettes-gourmandes-de-joce.fr\/wp-content\/uploads\/2021\/06\/p8161510-300x225.jpg\" alt=\"\" width=\"240\" height=\"180\" srcset=\"http:\/\/recettes-gourmandes-de-joce.fr\/wp-content\/uploads\/2021\/06\/p8161510-300x225.jpg 300w, http:\/\/recettes-gourmandes-de-joce.fr\/wp-content\/uploads\/2021\/06\/p8161510-768x576.jpg 768w, http:\/\/recettes-gourmandes-de-joce.fr\/wp-content\/uploads\/2021\/06\/p8161510-750x563.jpg 750w, http:\/\/recettes-gourmandes-de-joce.fr\/wp-content\/uploads\/2021\/06\/p8161510.jpg 800w\" sizes=\"auto, (max-width: 240px) 100vw, 240px\" \/> <img loading=\"lazy\" decoding=\"async\" class=\"alignnone wp-image-36227\" src=\"http:\/\/recettes-gourmandes-de-joce.fr\/wp-content\/uploads\/2021\/06\/p8161508-300x225.jpg\" alt=\"\" width=\"240\" height=\"180\" srcset=\"http:\/\/recettes-gourmandes-de-joce.fr\/wp-content\/uploads\/2021\/06\/p8161508-300x225.jpg 300w, http:\/\/recettes-gourmandes-de-joce.fr\/wp-content\/uploads\/2021\/06\/p8161508-768x576.jpg 768w, http:\/\/recettes-gourmandes-de-joce.fr\/wp-content\/uploads\/2021\/06\/p8161508-750x563.jpg 750w, http:\/\/recettes-gourmandes-de-joce.fr\/wp-content\/uploads\/2021\/06\/p8161508.jpg 800w\" sizes=\"auto, (max-width: 240px) 100vw, 240px\" \/> <img loading=\"lazy\" decoding=\"async\" class=\"alignnone wp-image-36228\" src=\"http:\/\/recettes-gourmandes-de-joce.fr\/wp-content\/uploads\/2021\/06\/p8161509-300x225.jpg\" alt=\"\" width=\"240\" height=\"180\" srcset=\"http:\/\/recettes-gourmandes-de-joce.fr\/wp-content\/uploads\/2021\/06\/p8161509-300x225.jpg 300w, http:\/\/recettes-gourmandes-de-joce.fr\/wp-content\/uploads\/2021\/06\/p8161509-768x576.jpg 768w, http:\/\/recettes-gourmandes-de-joce.fr\/wp-content\/uploads\/2021\/06\/p8161509-750x563.jpg 750w, http:\/\/recettes-gourmandes-de-joce.fr\/wp-content\/uploads\/2021\/06\/p8161509.jpg 800w\" sizes=\"auto, (max-width: 240px) 100vw, 240px\" \/><\/p>\n<p style=\"text-align: center;\"><span style=\"color: #f08469; font-size: 18pt; text-decoration: underline; font-family: georgia, palatino, serif;\"><span style=\"text-decoration: underline;\"><em>Ingr\u00e9dients pour 4 personnes<\/em><\/span><\/span><\/p>\n<p style=\"text-align: center;\"><img loading=\"lazy\" decoding=\"async\" class=\"alignnone wp-image-36230\" src=\"http:\/\/recettes-gourmandes-de-joce.fr\/wp-content\/uploads\/2021\/06\/p8161478-300x234.jpg\" alt=\"\" width=\"256\" height=\"200\" srcset=\"http:\/\/recettes-gourmandes-de-joce.fr\/wp-content\/uploads\/2021\/06\/p8161478-300x234.jpg 300w, http:\/\/recettes-gourmandes-de-joce.fr\/wp-content\/uploads\/2021\/06\/p8161478-768x600.jpg 768w, http:\/\/recettes-gourmandes-de-joce.fr\/wp-content\/uploads\/2021\/06\/p8161478-750x586.jpg 750w, http:\/\/recettes-gourmandes-de-joce.fr\/wp-content\/uploads\/2021\/06\/p8161478.jpg 800w\" sizes=\"auto, (max-width: 256px) 100vw, 256px\" \/><\/p>\n<p style=\"text-align: center;\"><span style=\"color: #f08469; font-family: georgia, palatino, serif; font-size: 14pt;\"><em>4 pav\u00e9s de saumon<\/em><\/span><\/p>\n<p style=\"text-align: center;\"><span style=\"color: #f08469; font-family: georgia, palatino, serif; font-size: 14pt;\"><em>1 \u00e9chalote<\/em><\/span><\/p>\n<p style=\"text-align: center;\"><span style=\"color: #f08469; font-family: georgia, palatino, serif; font-size: 14pt;\"><em>1 grosse gousse d&rsquo;ail<\/em><\/span><\/p>\n<p style=\"text-align: center;\"><span style=\"color: #f08469; font-family: georgia, palatino, serif; font-size: 14pt;\"><em>3 piments doux<\/em><\/span><\/p>\n<p style=\"text-align: center;\"><span style=\"color: #f08469; font-family: georgia, palatino, serif; font-size: 14pt;\"><em>2 c \u00e0 s de moutarde de Meaux \u00e0 l&rsquo;ancienne<\/em><\/span><\/p>\n<p style=\"text-align: center;\"><span style=\"color: #f08469; font-family: georgia, palatino, serif; font-size: 14pt;\"><em>100ml de vin blanc<\/em><\/span><\/p>\n<p style=\"text-align: center;\"><span style=\"color: #f08469; font-family: georgia, palatino, serif; font-size: 14pt;\"><em>1 petite boite de champignons entiers et leur jus<\/em><\/span><\/p>\n<p style=\"text-align: center;\"><span style=\"color: #f08469; font-family: georgia, palatino, serif; font-size: 14pt;\"><em>15 tomates cerise de couleurs diff\u00e9rentes<\/em><\/span><\/p>\n<p style=\"text-align: center;\"><span style=\"color: #f08469; font-family: georgia, palatino, serif; font-size: 14pt;\"><em>1 bouquet de persil plat<\/em><\/span><\/p>\n<p style=\"text-align: center;\"><span style=\"color: #f08469; font-family: georgia, palatino, serif; font-size: 14pt;\"><em>3 branches d&rsquo;estragon<\/em><\/span><\/p>\n<p style=\"text-align: center;\"><span style=\"color: #f08469; font-family: georgia, palatino, serif; font-size: 14pt;\"><em>100 g de crevettes roses<\/em><\/span><\/p>\n<p style=\"text-align: center;\"><span style=\"color: #f08469; font-family: georgia, palatino, serif; font-size: 14pt;\"><em>1 morceau de beurre<\/em><\/span><\/p>\n<p style=\"text-align: center;\"><span style=\"color: #f08469; font-family: georgia, palatino, serif; font-size: 14pt;\"><em>Sel et poivre<\/em><\/span><\/p>\n<p style=\"text-align: center;\"><span style=\"color: #f08469; font-family: georgia, palatino, serif; font-size: 14pt;\"><em>Accompagnement des pommes de terre<\/em><\/span><\/p>\n<p style=\"text-align: center;\"><span style=\"color: #f08469; font-family: georgia, palatino, serif; font-size: 14pt;\"><em><img loading=\"lazy\" decoding=\"async\" class=\"alignnone wp-image-36243\" src=\"http:\/\/recettes-gourmandes-de-joce.fr\/wp-content\/uploads\/2021\/06\/P5060246-Copie-300x224.jpg\" alt=\"\" width=\"214\" height=\"160\" srcset=\"http:\/\/recettes-gourmandes-de-joce.fr\/wp-content\/uploads\/2021\/06\/P5060246-Copie-300x224.jpg 300w, http:\/\/recettes-gourmandes-de-joce.fr\/wp-content\/uploads\/2021\/06\/P5060246-Copie-768x573.jpg 768w, http:\/\/recettes-gourmandes-de-joce.fr\/wp-content\/uploads\/2021\/06\/P5060246-Copie-750x560.jpg 750w, http:\/\/recettes-gourmandes-de-joce.fr\/wp-content\/uploads\/2021\/06\/P5060246-Copie.jpg 800w\" sizes=\"auto, (max-width: 214px) 100vw, 214px\" \/> <img loading=\"lazy\" decoding=\"async\" class=\"alignnone wp-image-36242\" src=\"http:\/\/recettes-gourmandes-de-joce.fr\/wp-content\/uploads\/2021\/06\/20160826_200652-300x225.jpg\" alt=\"\" width=\"213\" height=\"160\" srcset=\"http:\/\/recettes-gourmandes-de-joce.fr\/wp-content\/uploads\/2021\/06\/20160826_200652-300x225.jpg 300w, http:\/\/recettes-gourmandes-de-joce.fr\/wp-content\/uploads\/2021\/06\/20160826_200652-768x576.jpg 768w, http:\/\/recettes-gourmandes-de-joce.fr\/wp-content\/uploads\/2021\/06\/20160826_200652-750x563.jpg 750w, http:\/\/recettes-gourmandes-de-joce.fr\/wp-content\/uploads\/2021\/06\/20160826_200652.jpg 800w\" sizes=\"auto, (max-width: 213px) 100vw, 213px\" \/> <img loading=\"lazy\" decoding=\"async\" class=\"alignnone wp-image-36244\" src=\"http:\/\/recettes-gourmandes-de-joce.fr\/wp-content\/uploads\/2021\/06\/PC030129-300x225.jpg\" alt=\"\" width=\"214\" height=\"160\" srcset=\"http:\/\/recettes-gourmandes-de-joce.fr\/wp-content\/uploads\/2021\/06\/PC030129-300x225.jpg 300w, http:\/\/recettes-gourmandes-de-joce.fr\/wp-content\/uploads\/2021\/06\/PC030129.jpg 550w\" sizes=\"auto, (max-width: 214px) 100vw, 214px\" \/><\/em><\/span><\/p>\n<p style=\"text-align: center;\"><span style=\"color: #f08469; font-family: georgia, palatino, serif; font-size: 14pt;\"><em>Mettre les pommes de terre \u00e0 cuire dans un faitout d&rsquo;eau sal\u00e9e. <\/em><\/span><em style=\"color: #f08469; font-family: georgia, palatino, serif; font-size: 18.6667px;\">Lorsque les pommes de terre sont cuites les peler et les couper en morceaux et les r\u00e9server au chaud.<\/em><\/p>\n<p style=\"text-align: center;\"><img loading=\"lazy\" decoding=\"async\" class=\"alignnone wp-image-36231\" src=\"http:\/\/recettes-gourmandes-de-joce.fr\/wp-content\/uploads\/2021\/06\/p8161480-300x258.jpg\" alt=\"\" width=\"186\" height=\"160\" srcset=\"http:\/\/recettes-gourmandes-de-joce.fr\/wp-content\/uploads\/2021\/06\/p8161480-300x258.jpg 300w, http:\/\/recettes-gourmandes-de-joce.fr\/wp-content\/uploads\/2021\/06\/p8161480.jpg 748w\" sizes=\"auto, (max-width: 186px) 100vw, 186px\" \/> <img loading=\"lazy\" decoding=\"async\" class=\"alignnone wp-image-36232\" src=\"http:\/\/recettes-gourmandes-de-joce.fr\/wp-content\/uploads\/2021\/06\/p8161482-300x225.jpg\" alt=\"\" width=\"213\" height=\"160\" srcset=\"http:\/\/recettes-gourmandes-de-joce.fr\/wp-content\/uploads\/2021\/06\/p8161482-300x225.jpg 300w, http:\/\/recettes-gourmandes-de-joce.fr\/wp-content\/uploads\/2021\/06\/p8161482-768x576.jpg 768w, http:\/\/recettes-gourmandes-de-joce.fr\/wp-content\/uploads\/2021\/06\/p8161482-750x563.jpg 750w, http:\/\/recettes-gourmandes-de-joce.fr\/wp-content\/uploads\/2021\/06\/p8161482.jpg 800w\" sizes=\"auto, (max-width: 213px) 100vw, 213px\" \/> <img loading=\"lazy\" decoding=\"async\" class=\"alignnone wp-image-36233\" src=\"http:\/\/recettes-gourmandes-de-joce.fr\/wp-content\/uploads\/2021\/06\/p8161483-300x225.jpg\" alt=\"\" width=\"213\" height=\"160\" srcset=\"http:\/\/recettes-gourmandes-de-joce.fr\/wp-content\/uploads\/2021\/06\/p8161483-300x225.jpg 300w, http:\/\/recettes-gourmandes-de-joce.fr\/wp-content\/uploads\/2021\/06\/p8161483-768x576.jpg 768w, http:\/\/recettes-gourmandes-de-joce.fr\/wp-content\/uploads\/2021\/06\/p8161483-750x563.jpg 750w, http:\/\/recettes-gourmandes-de-joce.fr\/wp-content\/uploads\/2021\/06\/p8161483.jpg 800w\" sizes=\"auto, (max-width: 213px) 100vw, 213px\" \/><\/p>\n<p style=\"text-align: center;\"><em style=\"color: #f08469; font-family: georgia, palatino, serif; font-size: 14pt;\">Laver et ciseler le persil et l&rsquo;estragon, laver, \u00e9p\u00e9piner et couper en petits morceaux les piments doux, peler et hacher l&rsquo;\u00e9chalote et l&rsquo;ail d\u00e9germ\u00e9, laver les tomates et coupez-les en deux si elles sont grosses. Dans une po\u00eale faite fondre le beurre, <\/em><em style=\"color: #f08469; font-family: georgia, palatino, serif; font-size: 18.6667px;\">y cuire les pav\u00e9s de saumon selon vos go\u00fbts, ros\u00e9s ou \u00e0 point, les saler et poivrer sur les deux faces.\u00a0<\/em><\/p>\n<p style=\"text-align: center;\"><span style=\"font-size: 14pt; font-family: georgia, palatino, serif;\"><span style=\"color: #f08469;\"><em><img loading=\"lazy\" decoding=\"async\" class=\"alignnone wp-image-36234\" src=\"http:\/\/recettes-gourmandes-de-joce.fr\/wp-content\/uploads\/2021\/06\/p8161484-282x300.jpg\" alt=\"\" width=\"151\" height=\"160\" srcset=\"http:\/\/recettes-gourmandes-de-joce.fr\/wp-content\/uploads\/2021\/06\/p8161484-282x300.jpg 282w, http:\/\/recettes-gourmandes-de-joce.fr\/wp-content\/uploads\/2021\/06\/p8161484-750x797.jpg 750w, http:\/\/recettes-gourmandes-de-joce.fr\/wp-content\/uploads\/2021\/06\/p8161484.jpg 753w\" sizes=\"auto, (max-width: 151px) 100vw, 151px\" \/> <img loading=\"lazy\" decoding=\"async\" class=\"alignnone wp-image-36236\" src=\"http:\/\/recettes-gourmandes-de-joce.fr\/wp-content\/uploads\/2021\/06\/p8161486-300x225.jpg\" alt=\"\" width=\"213\" height=\"160\" srcset=\"http:\/\/recettes-gourmandes-de-joce.fr\/wp-content\/uploads\/2021\/06\/p8161486-300x225.jpg 300w, http:\/\/recettes-gourmandes-de-joce.fr\/wp-content\/uploads\/2021\/06\/p8161486-768x576.jpg 768w, http:\/\/recettes-gourmandes-de-joce.fr\/wp-content\/uploads\/2021\/06\/p8161486-750x563.jpg 750w, http:\/\/recettes-gourmandes-de-joce.fr\/wp-content\/uploads\/2021\/06\/p8161486.jpg 800w\" sizes=\"auto, (max-width: 213px) 100vw, 213px\" \/> <img loading=\"lazy\" decoding=\"async\" class=\"alignnone wp-image-36237\" src=\"http:\/\/recettes-gourmandes-de-joce.fr\/wp-content\/uploads\/2021\/06\/p8161487-300x225.jpg\" alt=\"\" width=\"213\" height=\"160\" srcset=\"http:\/\/recettes-gourmandes-de-joce.fr\/wp-content\/uploads\/2021\/06\/p8161487-300x225.jpg 300w, http:\/\/recettes-gourmandes-de-joce.fr\/wp-content\/uploads\/2021\/06\/p8161487-768x576.jpg 768w, http:\/\/recettes-gourmandes-de-joce.fr\/wp-content\/uploads\/2021\/06\/p8161487-750x563.jpg 750w, http:\/\/recettes-gourmandes-de-joce.fr\/wp-content\/uploads\/2021\/06\/p8161487.jpg 800w\" sizes=\"auto, (max-width: 213px) 100vw, 213px\" \/><\/em><\/span><\/span><\/p>\n<p style=\"text-align: center;\"><span style=\"color: #f08469; font-family: georgia, palatino, serif; font-size: 14pt;\"><em>R\u00e9servez-les ensuite au chaud.\u00a0<\/em><\/span><span style=\"color: #f08469; font-family: georgia, palatino, serif; font-size: 14pt;\"><em>Dans la po\u00eale \u00e0 la place du saumon, mettre l&rsquo;\u00e9chalote et l&rsquo;ail \u00e0 suer, ajouter les morceaux de piments doux et m\u00e9langer.<\/em><\/span><\/p>\n<p style=\"text-align: center;\"><img loading=\"lazy\" decoding=\"async\" class=\"alignnone wp-image-36238\" src=\"http:\/\/recettes-gourmandes-de-joce.fr\/wp-content\/uploads\/2021\/06\/p8161488-300x225.jpg\" alt=\"\" width=\"213\" height=\"160\" srcset=\"http:\/\/recettes-gourmandes-de-joce.fr\/wp-content\/uploads\/2021\/06\/p8161488-300x225.jpg 300w, http:\/\/recettes-gourmandes-de-joce.fr\/wp-content\/uploads\/2021\/06\/p8161488-768x576.jpg 768w, http:\/\/recettes-gourmandes-de-joce.fr\/wp-content\/uploads\/2021\/06\/p8161488-750x563.jpg 750w, http:\/\/recettes-gourmandes-de-joce.fr\/wp-content\/uploads\/2021\/06\/p8161488.jpg 800w\" sizes=\"auto, (max-width: 213px) 100vw, 213px\" \/> <img loading=\"lazy\" decoding=\"async\" class=\"alignnone wp-image-36239\" src=\"http:\/\/recettes-gourmandes-de-joce.fr\/wp-content\/uploads\/2021\/06\/p8161489-300x225.jpg\" alt=\"\" width=\"213\" height=\"160\" srcset=\"http:\/\/recettes-gourmandes-de-joce.fr\/wp-content\/uploads\/2021\/06\/p8161489-300x225.jpg 300w, http:\/\/recettes-gourmandes-de-joce.fr\/wp-content\/uploads\/2021\/06\/p8161489-768x576.jpg 768w, http:\/\/recettes-gourmandes-de-joce.fr\/wp-content\/uploads\/2021\/06\/p8161489-750x563.jpg 750w, http:\/\/recettes-gourmandes-de-joce.fr\/wp-content\/uploads\/2021\/06\/p8161489.jpg 800w\" sizes=\"auto, (max-width: 213px) 100vw, 213px\" \/> <img loading=\"lazy\" decoding=\"async\" class=\"alignnone wp-image-36240\" src=\"http:\/\/recettes-gourmandes-de-joce.fr\/wp-content\/uploads\/2021\/06\/p8161490-300x225.jpg\" alt=\"\" width=\"213\" height=\"160\" srcset=\"http:\/\/recettes-gourmandes-de-joce.fr\/wp-content\/uploads\/2021\/06\/p8161490-300x225.jpg 300w, http:\/\/recettes-gourmandes-de-joce.fr\/wp-content\/uploads\/2021\/06\/p8161490-768x576.jpg 768w, http:\/\/recettes-gourmandes-de-joce.fr\/wp-content\/uploads\/2021\/06\/p8161490-750x563.jpg 750w, http:\/\/recettes-gourmandes-de-joce.fr\/wp-content\/uploads\/2021\/06\/p8161490.jpg 800w\" sizes=\"auto, (max-width: 213px) 100vw, 213px\" \/><\/p>\n<p style=\"text-align: center;\"><span style=\"color: #f08469; font-family: georgia, palatino, serif; font-size: 14pt;\"><em> Ajouter ensuite les champignons et leur jus, m\u00e9langer \u00e0 nouveau. <\/em><\/span><span style=\"color: #f08469; font-family: georgia, palatino, serif; font-size: 14pt;\"><em>Ajouter le vin blanc et laisser mijoter environ 10 minutes \u00e0 feux doux afin de r\u00e9duire de moiti\u00e9 les liquides. Ajouter ensuite les crevettes.<\/em><\/span><\/p>\n<p style=\"text-align: center;\"><img loading=\"lazy\" decoding=\"async\" class=\"alignnone wp-image-36220\" src=\"http:\/\/recettes-gourmandes-de-joce.fr\/wp-content\/uploads\/2021\/06\/p8161491-300x217.jpg\" alt=\"\" width=\"221\" height=\"160\" srcset=\"http:\/\/recettes-gourmandes-de-joce.fr\/wp-content\/uploads\/2021\/06\/p8161491-300x217.jpg 300w, http:\/\/recettes-gourmandes-de-joce.fr\/wp-content\/uploads\/2021\/06\/p8161491-768x555.jpg 768w, http:\/\/recettes-gourmandes-de-joce.fr\/wp-content\/uploads\/2021\/06\/p8161491-750x542.jpg 750w, http:\/\/recettes-gourmandes-de-joce.fr\/wp-content\/uploads\/2021\/06\/p8161491.jpg 794w\" sizes=\"auto, (max-width: 221px) 100vw, 221px\" \/> <img loading=\"lazy\" decoding=\"async\" class=\"alignnone wp-image-36221\" src=\"http:\/\/recettes-gourmandes-de-joce.fr\/wp-content\/uploads\/2021\/06\/p8161492-300x225.jpg\" alt=\"\" width=\"213\" height=\"160\" srcset=\"http:\/\/recettes-gourmandes-de-joce.fr\/wp-content\/uploads\/2021\/06\/p8161492-300x225.jpg 300w, http:\/\/recettes-gourmandes-de-joce.fr\/wp-content\/uploads\/2021\/06\/p8161492-768x576.jpg 768w, http:\/\/recettes-gourmandes-de-joce.fr\/wp-content\/uploads\/2021\/06\/p8161492-750x563.jpg 750w, http:\/\/recettes-gourmandes-de-joce.fr\/wp-content\/uploads\/2021\/06\/p8161492.jpg 800w\" sizes=\"auto, (max-width: 213px) 100vw, 213px\" \/> <img loading=\"lazy\" decoding=\"async\" class=\"alignnone wp-image-36222\" src=\"http:\/\/recettes-gourmandes-de-joce.fr\/wp-content\/uploads\/2021\/06\/p8161493-300x225.jpg\" alt=\"\" width=\"213\" height=\"160\" srcset=\"http:\/\/recettes-gourmandes-de-joce.fr\/wp-content\/uploads\/2021\/06\/p8161493-300x225.jpg 300w, http:\/\/recettes-gourmandes-de-joce.fr\/wp-content\/uploads\/2021\/06\/p8161493-768x576.jpg 768w, http:\/\/recettes-gourmandes-de-joce.fr\/wp-content\/uploads\/2021\/06\/p8161493-750x563.jpg 750w, http:\/\/recettes-gourmandes-de-joce.fr\/wp-content\/uploads\/2021\/06\/p8161493.jpg 800w\" sizes=\"auto, (max-width: 213px) 100vw, 213px\" \/><\/p>\n<p style=\"text-align: center;\"><span style=\"color: #f08469; font-family: georgia, palatino, serif; font-size: 14pt;\"><em> Ajouter les herbes aromatiques. <\/em><\/span><span style=\"color: #f08469; font-family: georgia, palatino, serif; font-size: 14pt;\"><em>M\u00e9langer et ajouter la moutarde et la cr\u00e8me, remuer.<\/em><\/span><\/p>\n<p style=\"text-align: center;\"><img loading=\"lazy\" decoding=\"async\" class=\"alignnone wp-image-36223\" src=\"http:\/\/recettes-gourmandes-de-joce.fr\/wp-content\/uploads\/2021\/06\/p8161494-300x225.jpg\" alt=\"\" width=\"213\" height=\"160\" srcset=\"http:\/\/recettes-gourmandes-de-joce.fr\/wp-content\/uploads\/2021\/06\/p8161494-300x225.jpg 300w, http:\/\/recettes-gourmandes-de-joce.fr\/wp-content\/uploads\/2021\/06\/p8161494-768x576.jpg 768w, http:\/\/recettes-gourmandes-de-joce.fr\/wp-content\/uploads\/2021\/06\/p8161494-750x563.jpg 750w, http:\/\/recettes-gourmandes-de-joce.fr\/wp-content\/uploads\/2021\/06\/p8161494.jpg 800w\" sizes=\"auto, (max-width: 213px) 100vw, 213px\" \/> <img loading=\"lazy\" decoding=\"async\" class=\"alignnone wp-image-36224\" src=\"http:\/\/recettes-gourmandes-de-joce.fr\/wp-content\/uploads\/2021\/06\/p8161495-300x220.jpg\" alt=\"\" width=\"219\" height=\"160\" srcset=\"http:\/\/recettes-gourmandes-de-joce.fr\/wp-content\/uploads\/2021\/06\/p8161495-300x220.jpg 300w, http:\/\/recettes-gourmandes-de-joce.fr\/wp-content\/uploads\/2021\/06\/p8161495.jpg 728w\" sizes=\"auto, (max-width: 219px) 100vw, 219px\" \/> <img loading=\"lazy\" decoding=\"async\" class=\"alignnone wp-image-36225\" src=\"http:\/\/recettes-gourmandes-de-joce.fr\/wp-content\/uploads\/2021\/06\/p8161497-300x225.jpg\" alt=\"\" width=\"213\" height=\"160\" srcset=\"http:\/\/recettes-gourmandes-de-joce.fr\/wp-content\/uploads\/2021\/06\/p8161497-300x225.jpg 300w, http:\/\/recettes-gourmandes-de-joce.fr\/wp-content\/uploads\/2021\/06\/p8161497-768x576.jpg 768w, http:\/\/recettes-gourmandes-de-joce.fr\/wp-content\/uploads\/2021\/06\/p8161497-750x563.jpg 750w, http:\/\/recettes-gourmandes-de-joce.fr\/wp-content\/uploads\/2021\/06\/p8161497.jpg 800w\" sizes=\"auto, (max-width: 213px) 100vw, 213px\" \/><\/p>\n<p style=\"text-align: center;\"><span style=\"color: #f08469; font-family: georgia, palatino, serif; font-size: 14pt;\"><em>Ajouter les tomates, laisser mijoter quelques secondes. <\/em><\/span><span style=\"color: #f08469; font-family: georgia, palatino, serif; font-size: 14pt;\"><em>Rectifier l&rsquo;assaisonnement et ajouter les morceaux de pommes de terre, m\u00e9langer et servir imm\u00e9diatement avec les pav\u00e9s de saumon. Vous pouvez si vous le voulez ajouter une pinc\u00e9e de piment d&rsquo;Espelette au moment de servir.<\/em><\/span><\/p>\n<p style=\"text-align: center;\"><span style=\"color: #f08469; font-family: georgia, palatino, serif; font-size: 14pt;\"><em>Bon app\u00e9tit!<\/em><\/span><\/p>\n<p style=\"text-align: center;\"><span style=\"color: #f08469; font-family: georgia, palatino, serif; font-size: 14pt;\"><img loading=\"lazy\" decoding=\"async\" class=\"alignnone wp-image-36229\" style=\"color: #4a474b; font-family: Lato, sans-serif; font-size: 16px;\" src=\"http:\/\/recettes-gourmandes-de-joce.fr\/wp-content\/uploads\/2021\/06\/p8161510-300x225.jpg\" alt=\"\" width=\"240\" height=\"180\" srcset=\"http:\/\/recettes-gourmandes-de-joce.fr\/wp-content\/uploads\/2021\/06\/p8161510-300x225.jpg 300w, http:\/\/recettes-gourmandes-de-joce.fr\/wp-content\/uploads\/2021\/06\/p8161510-768x576.jpg 768w, http:\/\/recettes-gourmandes-de-joce.fr\/wp-content\/uploads\/2021\/06\/p8161510-750x563.jpg 750w, http:\/\/recettes-gourmandes-de-joce.fr\/wp-content\/uploads\/2021\/06\/p8161510.jpg 800w\" sizes=\"auto, (max-width: 240px) 100vw, 240px\" \/> <img loading=\"lazy\" decoding=\"async\" class=\"alignnone wp-image-36228\" style=\"color: #4a474b; font-family: Lato, sans-serif; font-size: 16px;\" src=\"http:\/\/recettes-gourmandes-de-joce.fr\/wp-content\/uploads\/2021\/06\/p8161509-300x225.jpg\" alt=\"\" width=\"240\" height=\"180\" srcset=\"http:\/\/recettes-gourmandes-de-joce.fr\/wp-content\/uploads\/2021\/06\/p8161509-300x225.jpg 300w, http:\/\/recettes-gourmandes-de-joce.fr\/wp-content\/uploads\/2021\/06\/p8161509-768x576.jpg 768w, http:\/\/recettes-gourmandes-de-joce.fr\/wp-content\/uploads\/2021\/06\/p8161509-750x563.jpg 750w, http:\/\/recettes-gourmandes-de-joce.fr\/wp-content\/uploads\/2021\/06\/p8161509.jpg 800w\" sizes=\"auto, (max-width: 240px) 100vw, 240px\" \/> <img loading=\"lazy\" decoding=\"async\" class=\"alignnone wp-image-36226\" style=\"color: #4a474b; font-family: Lato, sans-serif; font-size: 16px;\" src=\"http:\/\/recettes-gourmandes-de-joce.fr\/wp-content\/uploads\/2021\/06\/p8161507-300x225.jpg\" alt=\"\" width=\"240\" height=\"180\" srcset=\"http:\/\/recettes-gourmandes-de-joce.fr\/wp-content\/uploads\/2021\/06\/p8161507-300x225.jpg 300w, http:\/\/recettes-gourmandes-de-joce.fr\/wp-content\/uploads\/2021\/06\/p8161507-768x576.jpg 768w, http:\/\/recettes-gourmandes-de-joce.fr\/wp-content\/uploads\/2021\/06\/p8161507-750x563.jpg 750w, http:\/\/recettes-gourmandes-de-joce.fr\/wp-content\/uploads\/2021\/06\/p8161507.jpg 800w\" sizes=\"auto, (max-width: 240px) 100vw, 240px\" \/><\/span><\/p>\n<p style=\"text-align: center;\"><img loading=\"lazy\" decoding=\"async\" class=\"alignnone wp-image-24317 size-full\" src=\"http:\/\/recettes-gourmandes-de-joce.fr\/wp-content\/uploads\/2020\/07\/logitech-gaming-software-14112014-121223.jpg\" alt=\"\" width=\"640\" height=\"144\" srcset=\"http:\/\/recettes-gourmandes-de-joce.fr\/wp-content\/uploads\/2020\/07\/logitech-gaming-software-14112014-121223.jpg 640w, http:\/\/recettes-gourmandes-de-joce.fr\/wp-content\/uploads\/2020\/07\/logitech-gaming-software-14112014-121223-300x68.jpg 300w\" sizes=\"auto, (max-width: 640px) 100vw, 640px\" \/><\/p>\n<h3>Commentaires\u00a0<small>(1)<\/small><\/h3>\n<div class=\"items-container\">\n<div class=\"item item-comment media\">\n<div class=\"pull-left\"><img decoding=\"async\" class=\"media-object\" src=\"https:\/\/www.gravatar.com\/avatar\/0e437c3431aef896592a33aabb8bb0f4?d=http%3A%2F%2Frecettesgourmandesdejoce.e-monsite.com%2Fmedias%2Fstatic%2Fmanager%2Fim%2Favatar.png?s=50&amp;d=mm\" alt=\"Jaja\" width=\"50\" \/><\/div>\n<div class=\"media-body\">\n<ul class=\"inline item-infos\">\n<li><span class=\"comment-number\">1.<\/span>\u00a0<span class=\"comment-author\"><strong>Jaja<\/strong><\/span>\u00a0<span class=\"comment-date\">| 25\/08\/2012<\/span><\/li>\n<\/ul>\n<div class=\"comment-content\">Kikou joce<br \/>\nMoi \u00e7a sera avec de la moutarde de Dijon pour moi!<\/div>\n<\/div>\n<\/div>\n<\/div>\n<p style=\"text-align: center;\">\n","protected":false},"excerpt":{"rendered":"<p>Une de mes recettes Ingr\u00e9dients pour 4 personnes 4 pav\u00e9s de saumon 1 \u00e9chalote 1 grosse gousse d&rsquo;ail 3 piments doux 2 c \u00e0 s de moutarde de Meaux \u00e0 l&rsquo;ancienne 100ml de vin blanc 1 petite boite de champignons entiers et leur jus 15 tomates cerise de couleurs diff\u00e9rentes 1 bouquet de persil plat &hellip; <\/p>\n<p><a class=\"more-link btn\" href=\"http:\/\/recettes-gourmandes-de-joce.fr\/index.php\/index\/poissons-coquillages\/filets-paves\/saumon-a-la-moutarde-de-meaux-a-lancienne\/\">Lire la suite<\/a><\/p>\n","protected":false},"author":2,"featured_media":85684,"parent":189,"menu_order":0,"comment_status":"open","ping_status":"closed","template":"","meta":{"footnotes":""},"class_list":["post-36219","page","type-page","status-publish","has-post-thumbnail","hentry","nodate","item-wrap"],"_links":{"self":[{"href":"http:\/\/recettes-gourmandes-de-joce.fr\/index.php\/wp-json\/wp\/v2\/pages\/36219","targetHints":{"allow":["GET"]}}],"collection":[{"href":"http:\/\/recettes-gourmandes-de-joce.fr\/index.php\/wp-json\/wp\/v2\/pages"}],"about":[{"href":"http:\/\/recettes-gourmandes-de-joce.fr\/index.php\/wp-json\/wp\/v2\/types\/page"}],"author":[{"embeddable":true,"href":"http:\/\/recettes-gourmandes-de-joce.fr\/index.php\/wp-json\/wp\/v2\/users\/2"}],"replies":[{"embeddable":true,"href":"http:\/\/recettes-gourmandes-de-joce.fr\/index.php\/wp-json\/wp\/v2\/comments?post=36219"}],"version-history":[{"count":3,"href":"http:\/\/recettes-gourmandes-de-joce.fr\/index.php\/wp-json\/wp\/v2\/pages\/36219\/revisions"}],"predecessor-version":[{"id":85685,"href":"http:\/\/recettes-gourmandes-de-joce.fr\/index.php\/wp-json\/wp\/v2\/pages\/36219\/revisions\/85685"}],"up":[{"embeddable":true,"href":"http:\/\/recettes-gourmandes-de-joce.fr\/index.php\/wp-json\/wp\/v2\/pages\/189"}],"wp:featuredmedia":[{"embeddable":true,"href":"http:\/\/recettes-gourmandes-de-joce.fr\/index.php\/wp-json\/wp\/v2\/media\/85684"}],"wp:attachment":[{"href":"http:\/\/recettes-gourmandes-de-joce.fr\/index.php\/wp-json\/wp\/v2\/media?parent=36219"}],"curies":[{"name":"wp","href":"https:\/\/api.w.org\/{rel}","templated":true}]}}