{"id":3616,"date":"2019-10-06T22:49:17","date_gmt":"2019-10-06T22:49:17","guid":{"rendered":"http:\/\/recettes-gourmandes-de-joce.fr\/?page_id=3616"},"modified":"2025-03-25T10:06:02","modified_gmt":"2025-03-25T10:06:02","slug":"assiettes-de-crudites-et-jambonneau","status":"publish","type":"page","link":"http:\/\/recettes-gourmandes-de-joce.fr\/index.php\/index\/entrees\/salades-crudites\/assiettes-de-crudites-et-jambonneau\/","title":{"rendered":"Assiettes de crudit\u00e9s et jambonneau."},"content":{"rendered":"<p style=\"text-align: center;\"><span style=\"font-family: georgia,serif;\"><span style=\"color: #e086b3; font-size: x-large; text-decoration: underline;\"><em>Une de mes recettes<\/em><\/span><\/span><\/p>\n<p style=\"text-align: center;\"><img loading=\"lazy\" decoding=\"async\" class=\"alignnone wp-image-66166\" src=\"http:\/\/recettes-gourmandes-de-joce.fr\/wp-content\/uploads\/2024\/04\/jambonneau-crudites3.jpg\" alt=\"\" width=\"242\" height=\"180\" \/> <img loading=\"lazy\" decoding=\"async\" class=\"alignnone wp-image-66167\" src=\"http:\/\/recettes-gourmandes-de-joce.fr\/wp-content\/uploads\/2024\/04\/jambonneau-crudites3a.jpg\" alt=\"\" width=\"252\" height=\"180\" \/> <img loading=\"lazy\" decoding=\"async\" class=\"alignnone wp-image-66164\" src=\"http:\/\/recettes-gourmandes-de-joce.fr\/wp-content\/uploads\/2024\/04\/jambonneau-crudites1.jpg\" alt=\"\" width=\"240\" height=\"180\" \/><\/p>\n<p style=\"text-align: center;\"><span style=\"font-family: georgia,serif;\"><span style=\"color: #e086b3; font-size: x-large; text-decoration: underline;\"><em>Ingr\u00e9dients pour 4 personnes<\/em><\/span><\/span><\/p>\n<p style=\"text-align: center;\"><img loading=\"lazy\" decoding=\"async\" class=\"alignnone wp-image-66168\" src=\"http:\/\/recettes-gourmandes-de-joce.fr\/wp-content\/uploads\/2024\/04\/jambonneau-crudites4.jpg\" alt=\"\" width=\"270\" height=\"200\" \/><\/p>\n<p style=\"text-align: center;\"><span style=\"font-family: georgia,serif;\"><span style=\"color: #e086b3; font-size: large;\"><em>2 jambonneaux ou un r\u00f4ti de dindonneau cuit du commerce<\/em><\/span><\/span><\/p>\n<p style=\"text-align: center;\"><span style=\"font-family: georgia,serif;\"><span style=\"color: #e086b3; font-size: large;\"><em>1 salade verte de votre choix<\/em><\/span><\/span><\/p>\n<p style=\"text-align: center;\"><span style=\"font-family: georgia,serif;\"><span style=\"color: #e086b3; font-size: large;\"><em>1 oignon rouge<\/em><\/span><\/span><\/p>\n<p style=\"text-align: center;\"><span style=\"font-family: georgia,serif;\"><span style=\"color: #e086b3; font-size: large;\"><em>2 tomates<\/em><\/span><\/span><\/p>\n<p style=\"text-align: center;\"><span style=\"font-family: georgia,serif;\"><span style=\"color: #e086b3; font-size: large;\"><em>4 \u0153ufs<\/em><\/span><\/span><\/p>\n<p style=\"text-align: center;\"><span style=\"font-family: georgia,serif;\"><span style=\"color: #e086b3; font-size: large;\"><em>1 poign\u00e9e de feuilles de basilic<\/em><\/span><\/span><\/p>\n<p style=\"text-align: center;\"><span style=\"font-family: georgia,serif;\"><span style=\"color: #e086b3; font-size: large;\"><em>un peu de persil plat<\/em><\/span><\/span><\/p>\n<p style=\"text-align: center;\"><span style=\"font-family: georgia,serif;\"><span style=\"color: #e086b3; font-size: large;\"><em>4 petits piments doux des Landes \u00e0 d\u00e9faut \u00bd poivron vert<\/em><\/span><\/span><\/p>\n<p style=\"text-align: center;\"><span style=\"font-family: georgia,serif;\"><span style=\"color: #e086b3; font-size: large;\"><em><span style=\"color: #e086b3; font-family: georgia, serif; font-size: large;\">120 g de d\u00e9s de ch\u00e8vre\/ciboulette (Boursin)<\/span><\/em><\/span><\/span><\/p>\n<p style=\"text-align: center;\"><span style=\"font-family: georgia,serif;\"><span style=\"color: #e086b3; font-size: large;\"><em>4 olives noires<\/em><\/span><\/span><\/p>\n<p style=\"text-align: center;\"><span style=\"font-family: georgia,serif;\"><span style=\"color: #e086b3; font-size: large;\"><em> Vinaigrette sur ce lien <\/em><\/span><a href=\"http:\/\/recettes-gourmandes-de-joce.fr\/index.php\/index\/sauces-assaisonnements\/marinades\/vinaigrette-de-base-et-variantes\/\"><span style=\"font-size: large;\"><em><span style=\"color: #008000;\">-&gt; vinaigrette<\/span><\/em><\/span><\/a><\/span><\/p>\n<p style=\"text-align: center;\"><img loading=\"lazy\" decoding=\"async\" class=\"alignnone wp-image-66169\" src=\"http:\/\/recettes-gourmandes-de-joce.fr\/wp-content\/uploads\/2024\/04\/jambonneau-crudites5.jpg\" alt=\"\" width=\"212\" height=\"170\" \/> <img loading=\"lazy\" decoding=\"async\" class=\"alignnone wp-image-66170\" src=\"http:\/\/recettes-gourmandes-de-joce.fr\/wp-content\/uploads\/2024\/04\/jambonneau-crudites6.jpg\" alt=\"\" width=\"153\" height=\"170\" \/> <img loading=\"lazy\" decoding=\"async\" class=\"alignnone wp-image-66156\" src=\"http:\/\/recettes-gourmandes-de-joce.fr\/wp-content\/uploads\/2024\/04\/jambonneau-crudites7.jpg\" alt=\"\" width=\"266\" height=\"170\" \/><\/p>\n<p style=\"text-align: center;\"><span style=\"font-family: georgia,serif;\"><span style=\"color: #e086b3; font-size: large;\"><em>Mettre les \u0153ufs \u00e0 cuire dur, laver, essorer et hacher grossi\u00e8rement la salade, couper les tomates en rondelles puis en demi tranches, peler et hacher l&rsquo;oignon.<\/em><\/span><\/span><\/p>\n<p style=\"text-align: center;\"><img loading=\"lazy\" decoding=\"async\" class=\"alignnone wp-image-66157\" src=\"http:\/\/recettes-gourmandes-de-joce.fr\/wp-content\/uploads\/2024\/04\/jambonneau-crudites8.jpg\" alt=\"\" width=\"240\" height=\"170\" \/> <img loading=\"lazy\" decoding=\"async\" class=\"alignnone wp-image-66158\" src=\"http:\/\/recettes-gourmandes-de-joce.fr\/wp-content\/uploads\/2024\/04\/jambonneau-crudites9.jpg\" alt=\"\" width=\"238\" height=\"170\" \/> <img loading=\"lazy\" decoding=\"async\" class=\"alignnone wp-image-66159\" src=\"http:\/\/recettes-gourmandes-de-joce.fr\/wp-content\/uploads\/2024\/04\/jambonneau-crudites10.jpg\" alt=\"\" width=\"245\" height=\"170\" \/><\/p>\n<p style=\"text-align: center;\"><span style=\"font-family: georgia,serif;\"><span style=\"color: #e086b3; font-size: large;\"><em style=\"color: #e086b3; font-family: georgia, serif; font-size: large;\">Couper les piments doux en deux dans le sens de la longueur et \u00f4ter les graines,\u00a0<\/em><\/span><\/span><em style=\"color: #e086b3; font-family: georgia, serif; font-size: large;\"><em><em>les <\/em><\/em><\/em><em style=\"color: #e086b3; font-family: georgia, serif; font-size: large;\">couper en fines lani\u00e8res, laver et hacher le persil et le basilic (r\u00e9server 4 feuilles de basilic pour la d\u00e9co). <\/em><span style=\"font-family: georgia, serif; color: #e086b3; font-size: 14pt;\"><em>\u00c9caler le \u0153ufs une fois cuits et refroidis,\u00a0<\/em><\/span><em style=\"color: #e086b3; font-family: georgia, serif; font-size: large;\">les <\/em><em style=\"color: #e086b3; font-family: georgia, serif; font-size: large;\"><span style=\"color: #e086b3;\">couper<\/span> en 6.<\/em><\/p>\n<p style=\"text-align: center;\"><img loading=\"lazy\" decoding=\"async\" class=\"alignnone wp-image-66160\" src=\"http:\/\/recettes-gourmandes-de-joce.fr\/wp-content\/uploads\/2024\/04\/jambonneau-crudites11.jpg\" alt=\"\" width=\"228\" height=\"170\" \/> <img loading=\"lazy\" decoding=\"async\" class=\"alignnone wp-image-66161\" src=\"http:\/\/recettes-gourmandes-de-joce.fr\/wp-content\/uploads\/2024\/04\/jambonneau-crudites12.jpg\" alt=\"\" width=\"227\" height=\"170\" \/> <img loading=\"lazy\" decoding=\"async\" class=\"alignnone wp-image-66162\" src=\"http:\/\/recettes-gourmandes-de-joce.fr\/wp-content\/uploads\/2024\/04\/jambonneau-crudites13.jpg\" alt=\"\" width=\"228\" height=\"170\" \/><\/p>\n<p style=\"text-align: center;\"><span style=\"font-family: georgia,serif;\"><span style=\"color: #e086b3; font-size: large;\"><span style=\"font-family: georgia,serif;\"><span style=\"color: #e086b3; font-size: large;\"><em>R\u00e9partir la salade sur les assiettes. <\/em><\/span><\/span><\/span><\/span><em style=\"color: #e086b3; font-size: large; font-family: georgia, serif;\">Couper le jambonneau en deux dans le sens de la longueur, puis <\/em><em style=\"color: #e086b3; font-family: georgia, serif; font-size: large;\">le<\/em><em style=\"color: #e086b3; font-size: large; font-family: georgia, serif;\"> trancher, d\u00e9poser les tranches harmonieusement sur la salade, intercaler des tranches de tomate et parsemer de lani\u00e8res de piment doux, de persil et de basilic, ajouter les oignons et les d\u00e9s de fromage.\u00a0<\/em><\/p>\n<p style=\"text-align: center;\"><img loading=\"lazy\" decoding=\"async\" class=\"alignnone wp-image-66163\" src=\"http:\/\/recettes-gourmandes-de-joce.fr\/wp-content\/uploads\/2024\/04\/jambonneau-crudites14.jpg\" alt=\"\" width=\"227\" height=\"170\" \/><\/p>\n<p style=\"text-align: center;\"><span style=\"font-family: georgia,serif;\"><span style=\"color: #e086b3; font-size: large;\"><span style=\"font-family: georgia,serif;\"><span style=\"color: #e086b3; font-size: large;\"><span style=\"font-family: georgia,serif;\"><span style=\"color: #e086b3; font-size: large;\"><em>D\u00e9poser les \u0153ufs au centre de l&rsquo;assiette et\u00a0<\/em><span style=\"font-family: georgia,serif;\"><span style=\"color: #e086b3; font-size: large;\"><em>mettre une olive et une feuille de basilic au centre de l&rsquo;\u0153uf en d\u00e9co finale. <\/em><\/span><\/span><\/span><\/span><\/span><\/span><\/span><\/span><em style=\"color: #e086b3; font-size: large; font-family: georgia, serif;\">Pr\u00e9parer votre vinaigrette et\u00a0<\/em><em style=\"color: #e086b3; font-family: georgia, serif; font-size: large;\">l&rsquo;<\/em><em style=\"color: #e086b3; font-size: large; font-family: georgia, serif;\">ajouter sur vos assiettes.<\/em><\/p>\n<p style=\"text-align: center;\"><span style=\"font-family: georgia,serif;\"><span style=\"color: #e086b3; font-size: large;\"><em>Bon app\u00e9tit!<\/em><\/span><\/span><\/p>\n<p style=\"text-align: center;\"><img loading=\"lazy\" decoding=\"async\" class=\"alignnone wp-image-66166\" src=\"http:\/\/recettes-gourmandes-de-joce.fr\/wp-content\/uploads\/2024\/04\/jambonneau-crudites3.jpg\" alt=\"\" width=\"242\" height=\"180\" \/> <img loading=\"lazy\" decoding=\"async\" class=\"alignnone wp-image-66165\" src=\"http:\/\/recettes-gourmandes-de-joce.fr\/wp-content\/uploads\/2024\/04\/jambonneau-crudites2.jpg\" alt=\"\" width=\"241\" height=\"180\" \/> <img loading=\"lazy\" decoding=\"async\" class=\"alignnone wp-image-66164\" src=\"http:\/\/recettes-gourmandes-de-joce.fr\/wp-content\/uploads\/2024\/04\/jambonneau-crudites1.jpg\" alt=\"\" width=\"240\" height=\"180\" \/><\/p>\n<p style=\"text-align: center;\"><img loading=\"lazy\" decoding=\"async\" class=\"alignnone wp-image-24317 size-full\" src=\"http:\/\/recettes-gourmandes-de-joce.fr\/wp-content\/uploads\/2020\/07\/logitech-gaming-software-14112014-121223.jpg\" alt=\"\" width=\"640\" height=\"144\" srcset=\"http:\/\/recettes-gourmandes-de-joce.fr\/wp-content\/uploads\/2020\/07\/logitech-gaming-software-14112014-121223.jpg 640w, http:\/\/recettes-gourmandes-de-joce.fr\/wp-content\/uploads\/2020\/07\/logitech-gaming-software-14112014-121223-300x68.jpg 300w\" sizes=\"auto, (max-width: 640px) 100vw, 640px\" \/><\/p>\n<div class=\"plugin plugin-social\">\n<div class=\"pw-widget __pw-theme-default pw-widget-54f32 __pw-size-32 __pw-hover-false __pw-layout-horizontal __pw-padding-false __pw-view-auto __pw-label-false __pw-counter-none \" data-layout=\"\" data-label=\"false\" data-counter=\"false\" data-size=\"32\"><\/div>\n<\/div>\n<div id=\"comments-pages\" class=\"plugin plugin-comments\">\n<h3>Commentaires\u00a0<small>(2)<\/small><\/h3>\n<div class=\"items-container\">\n<div class=\"item item-comment media\">\n<div class=\"pull-left\">\n<p>&nbsp;<\/p>\n<p><img decoding=\"async\" class=\"media-object\" src=\"https:\/\/www.gravatar.com\/avatar\/00f2347bca92513b2896d638462287e3?d=https%3A%2F%2Fwww.recettes-gourmandes-de-joce.com%2Fmedias%2Fstatic%2Fmanager%2Fim%2Favatar.png?s=50&amp;d=mm\" alt=\"lebon pequery fran\u00e7oise\" width=\"50\" \/><\/p>\n<\/div>\n<div class=\"media-body\">\n<ul class=\"inline item-infos\">\n<li><span class=\"comment-number\">1.<\/span>\u00a0<span class=\"comment-author\"><strong>lebon pequery fran\u00e7oise<\/strong>\u00a0(<a rel=\"nofollow\">site web<\/a>)<\/span>\u00a0<span class=\"comment-date\">| 12\/04\/2013<\/span><\/li>\n<\/ul>\n<div class=\"comment-content\">enfin nous allons pouvoir d\u00e9guster des salades! merci!<br \/>\nBon week end ensoleill\u00e9!<\/div>\n<div class=\"item item-comment media by-webmaster\">\n<div class=\"pull-left\">\n<p>&nbsp;<\/p>\n<\/div>\n<div class=\"media-body\">\n<ul class=\"inline item-infos\">\n<li><span class=\"comment-author\"><strong>jocelyne debon<\/strong>\u00a0(<a rel=\"nofollow\">site web<\/a>)<\/span>\u00a0<span class=\"comment-date\">| 12\/04\/2013<\/span><\/li>\n<\/ul>\n<div class=\"comment-content\">Oui Monsieur soleil \u00e0 d\u00e9cider de revenir dans le coin lol!!<\/div>\n<div class=\"comment-content\">Bon week-end<\/div>\n<div class=\"comment-content\">Amicalemen Joce<\/div>\n<\/div>\n<\/div>\n<\/div>\n<\/div>\n<\/div>\n<\/div>\n<p>&nbsp;<\/p>\n<p style=\"text-align: center;\"><span style=\"color: #ff0000; font-size: large;\"><em>\u00a0<\/em><\/span><\/p>\n<p style=\"text-align: center;\"><span style=\"color: #ff0000; font-size: large;\"><em>\u00a0<\/em><\/span><\/p>\n","protected":false},"excerpt":{"rendered":"<p>Une de mes recettes Ingr\u00e9dients pour 4 personnes 2 jambonneaux ou un r\u00f4ti de dindonneau cuit du commerce 1 salade verte de votre choix 1 oignon rouge 2 tomates 4 \u0153ufs 1 poign\u00e9e de feuilles de basilic un peu de persil plat 4 petits piments doux des Landes \u00e0 d\u00e9faut \u00bd poivron vert 120 g &hellip; <\/p>\n<p><a class=\"more-link btn\" href=\"http:\/\/recettes-gourmandes-de-joce.fr\/index.php\/index\/entrees\/salades-crudites\/assiettes-de-crudites-et-jambonneau\/\">Lire la suite<\/a><\/p>\n","protected":false},"author":2,"featured_media":70105,"parent":165,"menu_order":0,"comment_status":"open","ping_status":"closed","template":"","meta":{"footnotes":""},"class_list":["post-3616","page","type-page","status-publish","has-post-thumbnail","hentry","nodate","item-wrap"],"_links":{"self":[{"href":"http:\/\/recettes-gourmandes-de-joce.fr\/index.php\/wp-json\/wp\/v2\/pages\/3616","targetHints":{"allow":["GET"]}}],"collection":[{"href":"http:\/\/recettes-gourmandes-de-joce.fr\/index.php\/wp-json\/wp\/v2\/pages"}],"about":[{"href":"http:\/\/recettes-gourmandes-de-joce.fr\/index.php\/wp-json\/wp\/v2\/types\/page"}],"author":[{"embeddable":true,"href":"http:\/\/recettes-gourmandes-de-joce.fr\/index.php\/wp-json\/wp\/v2\/users\/2"}],"replies":[{"embeddable":true,"href":"http:\/\/recettes-gourmandes-de-joce.fr\/index.php\/wp-json\/wp\/v2\/comments?post=3616"}],"version-history":[{"count":6,"href":"http:\/\/recettes-gourmandes-de-joce.fr\/index.php\/wp-json\/wp\/v2\/pages\/3616\/revisions"}],"predecessor-version":[{"id":93699,"href":"http:\/\/recettes-gourmandes-de-joce.fr\/index.php\/wp-json\/wp\/v2\/pages\/3616\/revisions\/93699"}],"up":[{"embeddable":true,"href":"http:\/\/recettes-gourmandes-de-joce.fr\/index.php\/wp-json\/wp\/v2\/pages\/165"}],"wp:featuredmedia":[{"embeddable":true,"href":"http:\/\/recettes-gourmandes-de-joce.fr\/index.php\/wp-json\/wp\/v2\/media\/70105"}],"wp:attachment":[{"href":"http:\/\/recettes-gourmandes-de-joce.fr\/index.php\/wp-json\/wp\/v2\/media?parent=3616"}],"curies":[{"name":"wp","href":"https:\/\/api.w.org\/{rel}","templated":true}]}}