{"id":3604,"date":"2019-10-06T22:25:21","date_gmt":"2019-10-06T22:25:21","guid":{"rendered":"http:\/\/recettes-gourmandes-de-joce.fr\/?page_id=3604"},"modified":"2024-04-03T21:33:38","modified_gmt":"2024-04-03T21:33:38","slug":"gateaux-au-caramel-beurre-sale","status":"publish","type":"page","link":"http:\/\/recettes-gourmandes-de-joce.fr\/index.php\/index\/desserts\/tartes-gateaux\/gateaux-au-caramel-beurre-sale\/","title":{"rendered":"G\u00e2teaux au caramel beurre sal\u00e9."},"content":{"rendered":"<p style=\"text-align: center;\"><span style=\"font-family: georgia,serif;\"><span style=\"color: #993300; text-decoration: underline;\"><em><span style=\"font-size: x-large;\">Une de mes recettes<\/span><\/em><\/span><\/span><\/p>\n<p style=\"text-align: center;\"><img loading=\"lazy\" decoding=\"async\" class=\"alignnone wp-image-64595\" src=\"http:\/\/recettes-gourmandes-de-joce.fr\/wp-content\/uploads\/2024\/04\/gateaux-caramel3.jpg\" alt=\"\" width=\"240\" height=\"180\" srcset=\"http:\/\/recettes-gourmandes-de-joce.fr\/wp-content\/uploads\/2024\/04\/gateaux-caramel3.jpg 800w, http:\/\/recettes-gourmandes-de-joce.fr\/wp-content\/uploads\/2024\/04\/gateaux-caramel3-768x576.jpg 768w, http:\/\/recettes-gourmandes-de-joce.fr\/wp-content\/uploads\/2024\/04\/gateaux-caramel3-750x563.jpg 750w\" sizes=\"auto, (max-width: 240px) 100vw, 240px\" \/> <img loading=\"lazy\" decoding=\"async\" class=\"alignnone wp-image-64594\" src=\"http:\/\/recettes-gourmandes-de-joce.fr\/wp-content\/uploads\/2024\/04\/gateaux-caramel2.jpg\" alt=\"\" width=\"271\" height=\"180\" srcset=\"http:\/\/recettes-gourmandes-de-joce.fr\/wp-content\/uploads\/2024\/04\/gateaux-caramel2.jpg 800w, http:\/\/recettes-gourmandes-de-joce.fr\/wp-content\/uploads\/2024\/04\/gateaux-caramel2-768x510.jpg 768w, http:\/\/recettes-gourmandes-de-joce.fr\/wp-content\/uploads\/2024\/04\/gateaux-caramel2-750x498.jpg 750w\" sizes=\"auto, (max-width: 271px) 100vw, 271px\" \/> <img loading=\"lazy\" decoding=\"async\" class=\"alignnone wp-image-64593\" src=\"http:\/\/recettes-gourmandes-de-joce.fr\/wp-content\/uploads\/2024\/04\/gateaux-caramel1.jpg\" alt=\"\" width=\"210\" height=\"180\" srcset=\"http:\/\/recettes-gourmandes-de-joce.fr\/wp-content\/uploads\/2024\/04\/gateaux-caramel1.jpg 800w, http:\/\/recettes-gourmandes-de-joce.fr\/wp-content\/uploads\/2024\/04\/gateaux-caramel1-768x659.jpg 768w, http:\/\/recettes-gourmandes-de-joce.fr\/wp-content\/uploads\/2024\/04\/gateaux-caramel1-750x643.jpg 750w\" sizes=\"auto, (max-width: 210px) 100vw, 210px\" \/><\/p>\n<p style=\"text-align: center;\"><span style=\"font-family: georgia,serif;\"><span style=\"color: #993300; font-size: x-large; text-decoration: underline;\"><em>Ingr\u00e9dients 12 petits g\u00e2teaux<\/em><\/span><\/span><\/p>\n<p style=\"text-align: center;\"><img loading=\"lazy\" decoding=\"async\" class=\"alignnone wp-image-64596\" src=\"http:\/\/recettes-gourmandes-de-joce.fr\/wp-content\/uploads\/2024\/04\/gateaux-caramel4.jpg\" alt=\"\" width=\"267\" height=\"200\" srcset=\"http:\/\/recettes-gourmandes-de-joce.fr\/wp-content\/uploads\/2024\/04\/gateaux-caramel4.jpg 800w, http:\/\/recettes-gourmandes-de-joce.fr\/wp-content\/uploads\/2024\/04\/gateaux-caramel4-768x576.jpg 768w, http:\/\/recettes-gourmandes-de-joce.fr\/wp-content\/uploads\/2024\/04\/gateaux-caramel4-750x563.jpg 750w\" sizes=\"auto, (max-width: 267px) 100vw, 267px\" \/><\/p>\n<p style=\"text-align: center;\"><span style=\"font-family: georgia,serif;\">\u00a0<span style=\"color: #993300; font-size: large;\"><em>3 \u0153ufs<\/em><\/span><\/span><\/p>\n<p style=\"text-align: center;\"><span style=\"font-family: georgia,serif;\"><span style=\"color: #993300; font-size: large;\"><em>300 g de farine<\/em><\/span><\/span><\/p>\n<p style=\"text-align: center;\"><span style=\"font-family: georgia,serif;\"><span style=\"color: #993300; font-size: large;\"><em>90 g de cr\u00e8me liquide<\/em><\/span><\/span><\/p>\n<p style=\"text-align: center;\"><span style=\"font-family: georgia,serif;\"><span style=\"color: #993300; font-size: large;\"><em>90 g de beurre<\/em><\/span><\/span><\/p>\n<p style=\"text-align: center;\"><span style=\"font-family: georgia,serif;\"><span style=\"color: #993300; font-size: large;\"><em>250 g de sucre <\/em><\/span><\/span><\/p>\n<p style=\"text-align: center;\"><span style=\"font-family: georgia,serif;\"><span style=\"color: #993300; font-size: large;\"><em>1 sachet de sucre vanill\u00e9<\/em><\/span><\/span><\/p>\n<p style=\"text-align: center;\"><span style=\"font-family: georgia,serif;\"><span style=\"color: #993300; font-size: large;\"><em>1 sachet de levure chimique<\/em><\/span><\/span><\/p>\n<p style=\"text-align: center;\"><span style=\"font-family: georgia,serif;\"><span style=\"color: #993300; font-size: large;\"><em>Un petit bol de caramel beurre sal\u00e9<\/em><\/span><\/span><\/p>\n<p style=\"text-align: center;\"><span style=\"font-family: georgia,serif;\"><span style=\"color: #993300; font-size: large;\"><em>Pour le caramel <\/em><\/span><\/span><\/p>\n<p style=\"text-align: center;\"><span style=\"font-family: georgia,serif;\"><span style=\"color: #993300; font-size: large;\"><em>100 ml de cr\u00e8me liquide enti\u00e8re<\/em><\/span><\/span><\/p>\n<p style=\"text-align: center;\"><span style=\"font-family: georgia,serif;\"><span style=\"color: #993300; font-size: large;\"><em>100 g de sucre semoule<\/em><\/span><\/span><\/p>\n<p style=\"text-align: center;\"><span style=\"font-family: georgia,serif;\"><span style=\"color: #993300; font-size: large;\"><em>50 g de beurre \u00bd sel<\/em><\/span><\/span><\/p>\n<p style=\"text-align: center;\"><span style=\"font-family: georgia,serif;\"><span style=\"color: #993300; font-size: large;\"><em>Recette du caramel beurre sal\u00e9 sur ce lien -&gt; <a href=\"http:\/\/recettes-gourmandes-de-joce.fr\/index.php\/index\/desserts\/sauces-sucrees\/caramel-beurre-sale\/\">Caramel beurre sal\u00e9<\/a><\/em><\/span> <img loading=\"lazy\" decoding=\"async\" class=\"alignnone wp-image-53195\" src=\"http:\/\/recettes-gourmandes-de-joce.fr\/wp-content\/uploads\/2023\/04\/sauce-caramel3-300x230.jpg\" alt=\"\" width=\"221\" height=\"170\" srcset=\"http:\/\/recettes-gourmandes-de-joce.fr\/wp-content\/uploads\/2023\/04\/sauce-caramel3-300x230.jpg 300w, http:\/\/recettes-gourmandes-de-joce.fr\/wp-content\/uploads\/2023\/04\/sauce-caramel3-768x589.jpg 768w, http:\/\/recettes-gourmandes-de-joce.fr\/wp-content\/uploads\/2023\/04\/sauce-caramel3-750x576.jpg 750w, http:\/\/recettes-gourmandes-de-joce.fr\/wp-content\/uploads\/2023\/04\/sauce-caramel3.jpg 800w\" sizes=\"auto, (max-width: 221px) 100vw, 221px\" \/>\u200b<\/span><\/p>\n<p style=\"text-align: center;\"><span style=\"font-family: georgia,serif;\"><span style=\"font-size: large;\"><em><span style=\"color: #993300;\">R\u00e9aliser votre caramel et\u00a0<\/span><\/em><\/span><\/span><em style=\"font-family: georgia, serif; font-size: large;\"><span style=\"color: #993300;\">le <\/span><\/em><em style=\"font-size: large; font-family: georgia, serif;\"><span style=\"color: #993300;\">laisser refroidir le temps de pr\u00e9parer la p\u00e2te des g\u00e2teaux.<\/span><\/em><\/p>\n<p style=\"text-align: center;\"><img loading=\"lazy\" decoding=\"async\" class=\"alignnone wp-image-64597\" src=\"http:\/\/recettes-gourmandes-de-joce.fr\/wp-content\/uploads\/2024\/04\/gateaux-caramel5.jpg\" alt=\"\" width=\"227\" height=\"170\" srcset=\"http:\/\/recettes-gourmandes-de-joce.fr\/wp-content\/uploads\/2024\/04\/gateaux-caramel5.jpg 800w, http:\/\/recettes-gourmandes-de-joce.fr\/wp-content\/uploads\/2024\/04\/gateaux-caramel5-768x576.jpg 768w, http:\/\/recettes-gourmandes-de-joce.fr\/wp-content\/uploads\/2024\/04\/gateaux-caramel5-750x563.jpg 750w\" sizes=\"auto, (max-width: 227px) 100vw, 227px\" \/><img loading=\"lazy\" decoding=\"async\" class=\"alignnone wp-image-64598\" src=\"http:\/\/recettes-gourmandes-de-joce.fr\/wp-content\/uploads\/2024\/04\/gateaux-caramel6.jpg\" alt=\"\" width=\"227\" height=\"170\" srcset=\"http:\/\/recettes-gourmandes-de-joce.fr\/wp-content\/uploads\/2024\/04\/gateaux-caramel6.jpg 800w, http:\/\/recettes-gourmandes-de-joce.fr\/wp-content\/uploads\/2024\/04\/gateaux-caramel6-768x576.jpg 768w, http:\/\/recettes-gourmandes-de-joce.fr\/wp-content\/uploads\/2024\/04\/gateaux-caramel6-750x563.jpg 750w\" sizes=\"auto, (max-width: 227px) 100vw, 227px\" \/>\u00a0<img loading=\"lazy\" decoding=\"async\" class=\"alignnone wp-image-64599\" src=\"http:\/\/recettes-gourmandes-de-joce.fr\/wp-content\/uploads\/2024\/04\/gateaux-caramel7.jpg\" alt=\"\" width=\"227\" height=\"170\" srcset=\"http:\/\/recettes-gourmandes-de-joce.fr\/wp-content\/uploads\/2024\/04\/gateaux-caramel7.jpg 800w, http:\/\/recettes-gourmandes-de-joce.fr\/wp-content\/uploads\/2024\/04\/gateaux-caramel7-768x576.jpg 768w, http:\/\/recettes-gourmandes-de-joce.fr\/wp-content\/uploads\/2024\/04\/gateaux-caramel7-750x563.jpg 750w\" sizes=\"auto, (max-width: 227px) 100vw, 227px\" \/><\/p>\n<p style=\"text-align: center;\"><span style=\"font-family: georgia,serif;\"><em><span style=\"color: #993300; font-size: large;\">Dans un saladier, casser les 3 \u0153ufs, ajouter la levure, le sucre vanill\u00e9 et bien m\u00e9langer, ajouter le sucre, m\u00e9langer \u00e0 nouveau et verser la cr\u00e8me, remuer.<\/span><\/em><\/span><\/p>\n<p style=\"text-align: center;\"><img loading=\"lazy\" decoding=\"async\" class=\"alignnone wp-image-64582\" src=\"http:\/\/recettes-gourmandes-de-joce.fr\/wp-content\/uploads\/2024\/04\/gateaux-caramel8-.jpg\" alt=\"\" width=\"227\" height=\"170\" srcset=\"http:\/\/recettes-gourmandes-de-joce.fr\/wp-content\/uploads\/2024\/04\/gateaux-caramel8-.jpg 800w, http:\/\/recettes-gourmandes-de-joce.fr\/wp-content\/uploads\/2024\/04\/gateaux-caramel8--768x576.jpg 768w, http:\/\/recettes-gourmandes-de-joce.fr\/wp-content\/uploads\/2024\/04\/gateaux-caramel8--750x563.jpg 750w\" sizes=\"auto, (max-width: 227px) 100vw, 227px\" \/> <img loading=\"lazy\" decoding=\"async\" class=\"alignnone wp-image-64583\" src=\"http:\/\/recettes-gourmandes-de-joce.fr\/wp-content\/uploads\/2024\/04\/gateaux-caramel9.jpg\" alt=\"\" width=\"227\" height=\"170\" srcset=\"http:\/\/recettes-gourmandes-de-joce.fr\/wp-content\/uploads\/2024\/04\/gateaux-caramel9.jpg 800w, http:\/\/recettes-gourmandes-de-joce.fr\/wp-content\/uploads\/2024\/04\/gateaux-caramel9-768x576.jpg 768w, http:\/\/recettes-gourmandes-de-joce.fr\/wp-content\/uploads\/2024\/04\/gateaux-caramel9-750x563.jpg 750w\" sizes=\"auto, (max-width: 227px) 100vw, 227px\" \/> <img loading=\"lazy\" decoding=\"async\" class=\"alignnone wp-image-64584\" src=\"http:\/\/recettes-gourmandes-de-joce.fr\/wp-content\/uploads\/2024\/04\/gateaux-caramel10.jpg\" alt=\"\" width=\"227\" height=\"170\" srcset=\"http:\/\/recettes-gourmandes-de-joce.fr\/wp-content\/uploads\/2024\/04\/gateaux-caramel10.jpg 800w, http:\/\/recettes-gourmandes-de-joce.fr\/wp-content\/uploads\/2024\/04\/gateaux-caramel10-768x576.jpg 768w, http:\/\/recettes-gourmandes-de-joce.fr\/wp-content\/uploads\/2024\/04\/gateaux-caramel10-750x563.jpg 750w\" sizes=\"auto, (max-width: 227px) 100vw, 227px\" \/><\/p>\n<p style=\"text-align: center;\"><span style=\"font-family: georgia,serif;\"><span style=\"font-size: large;\"><em><span style=\"color: #993300;\">\u00a0Ajouter la farine, m\u00e9langer et verser le beurre fondu.<\/span><\/em><\/span><\/span><\/p>\n<p style=\"text-align: center;\"><img loading=\"lazy\" decoding=\"async\" class=\"alignnone wp-image-64586\" src=\"http:\/\/recettes-gourmandes-de-joce.fr\/wp-content\/uploads\/2024\/04\/gateaux-caramel12.jpg\" alt=\"\" width=\"208\" height=\"170\" srcset=\"http:\/\/recettes-gourmandes-de-joce.fr\/wp-content\/uploads\/2024\/04\/gateaux-caramel12.jpg 800w, http:\/\/recettes-gourmandes-de-joce.fr\/wp-content\/uploads\/2024\/04\/gateaux-caramel12-768x627.jpg 768w, http:\/\/recettes-gourmandes-de-joce.fr\/wp-content\/uploads\/2024\/04\/gateaux-caramel12-750x612.jpg 750w\" sizes=\"auto, (max-width: 208px) 100vw, 208px\" \/> <img loading=\"lazy\" decoding=\"async\" class=\"alignnone wp-image-64585\" src=\"http:\/\/recettes-gourmandes-de-joce.fr\/wp-content\/uploads\/2024\/04\/gateaux-caramel11.jpg\" alt=\"\" width=\"227\" height=\"170\" srcset=\"http:\/\/recettes-gourmandes-de-joce.fr\/wp-content\/uploads\/2024\/04\/gateaux-caramel11.jpg 800w, http:\/\/recettes-gourmandes-de-joce.fr\/wp-content\/uploads\/2024\/04\/gateaux-caramel11-768x576.jpg 768w, http:\/\/recettes-gourmandes-de-joce.fr\/wp-content\/uploads\/2024\/04\/gateaux-caramel11-750x563.jpg 750w\" sizes=\"auto, (max-width: 227px) 100vw, 227px\" \/> <img loading=\"lazy\" decoding=\"async\" class=\"alignnone wp-image-64587\" src=\"http:\/\/recettes-gourmandes-de-joce.fr\/wp-content\/uploads\/2024\/04\/gateaux-caramel13.jpg\" alt=\"\" width=\"227\" height=\"170\" srcset=\"http:\/\/recettes-gourmandes-de-joce.fr\/wp-content\/uploads\/2024\/04\/gateaux-caramel13.jpg 800w, http:\/\/recettes-gourmandes-de-joce.fr\/wp-content\/uploads\/2024\/04\/gateaux-caramel13-768x576.jpg 768w, http:\/\/recettes-gourmandes-de-joce.fr\/wp-content\/uploads\/2024\/04\/gateaux-caramel13-750x563.jpg 750w\" sizes=\"auto, (max-width: 227px) 100vw, 227px\" \/><\/p>\n<p style=\"text-align: center;\"><span style=\"font-family: georgia,serif;\">\u00a0<span style=\"font-size: large;\"><em><span style=\"color: #993300;\">Bien m\u00e9langer, si vous voulez faire des g\u00e2teaux nature et des g\u00e2teaux au caramel, s\u00e9parer la p\u00e2te et m\u00e9langer le caramel dans un des deux saladiers,\u00a0<\/span><\/em><\/span><\/span><em style=\"font-family: georgia, serif; font-size: large;\"><span style=\"color: #993300;\">en <\/span><\/em><em style=\"font-size: large; font-family: georgia, serif;\"><span style=\"color: #993300;\">garder 1\/3 pour d\u00e9corer les g\u00e2teaux.<\/span><\/em><\/p>\n<p style=\"text-align: center;\"><img loading=\"lazy\" decoding=\"async\" class=\"alignnone wp-image-64588\" src=\"http:\/\/recettes-gourmandes-de-joce.fr\/wp-content\/uploads\/2024\/04\/gateaux-caramel14.jpg\" alt=\"\" width=\"227\" height=\"170\" srcset=\"http:\/\/recettes-gourmandes-de-joce.fr\/wp-content\/uploads\/2024\/04\/gateaux-caramel14.jpg 800w, http:\/\/recettes-gourmandes-de-joce.fr\/wp-content\/uploads\/2024\/04\/gateaux-caramel14-768x576.jpg 768w, http:\/\/recettes-gourmandes-de-joce.fr\/wp-content\/uploads\/2024\/04\/gateaux-caramel14-750x563.jpg 750w\" sizes=\"auto, (max-width: 227px) 100vw, 227px\" \/> <img loading=\"lazy\" decoding=\"async\" class=\"alignnone wp-image-64589\" src=\"http:\/\/recettes-gourmandes-de-joce.fr\/wp-content\/uploads\/2024\/04\/gateaux-caramel15.jpg\" alt=\"\" width=\"227\" height=\"170\" srcset=\"http:\/\/recettes-gourmandes-de-joce.fr\/wp-content\/uploads\/2024\/04\/gateaux-caramel15.jpg 800w, http:\/\/recettes-gourmandes-de-joce.fr\/wp-content\/uploads\/2024\/04\/gateaux-caramel15-768x576.jpg 768w, http:\/\/recettes-gourmandes-de-joce.fr\/wp-content\/uploads\/2024\/04\/gateaux-caramel15-750x563.jpg 750w\" sizes=\"auto, (max-width: 227px) 100vw, 227px\" \/><\/p>\n<p style=\"text-align: center;\"><span style=\"font-family: georgia,serif;\"><span style=\"font-size: large;\"><em><span style=\"color: #993300;\">R\u00e9partir les p\u00e2tes dans des moules individuels et enfourner \u00e0 200\u00b0 environ 30 minutes selon les fours et la taille des moules, surveiller la cuisson et la coloration. \u00c0 la sortie du four, les d\u00e9mouler et les laisser refroidir sur une grille,\u00a0<\/span><\/em><\/span><\/span><em style=\"font-family: georgia, serif; font-size: large;\"><span style=\"color: #993300;\">les <\/span><\/em><em style=\"font-size: large; font-family: georgia, serif;\"><span style=\"color: #993300;\">d\u00e9corer lorsqu&rsquo;ils sont froids selon vos go\u00fbts. Vous pouvez les accompagner de cr\u00e8me anglaise ou encore de chantilly.<\/span><\/em><\/p>\n<p style=\"text-align: center;\"><span style=\"font-family: georgia,serif;\"><span style=\"font-size: large;\"><em><span style=\"color: #993300;\">Recette de la cr\u00e8me anglaise sur ce lien -&gt; <a href=\"http:\/\/recettes-gourmandes-de-joce.fr\/index.php\/index\/desserts\/cremes-mousses-flan\/creme-anglaise\/\">Cr\u00e8me anglaise\u00a0<\/a><\/span><\/em><img decoding=\"async\" src=\"http:\/\/jocelyne.debon.free.fr\/creme-anglaise\/creme-anglaise%20(2).JPG\" alt=\"\" width=\"230\" \/><\/span><\/span><\/p>\n<p style=\"text-align: center;\"><span style=\"font-family: georgia,serif;\"><span style=\"font-size: large;\">\u200b<em><span style=\"color: #993300;\">Recette de la cr\u00e8me chantilly sur ce lien -&gt; <a href=\"http:\/\/recettes-gourmandes-de-joce.fr\/index.php\/index\/desserts\/cremes-mousses-flan\/creme-chantilly-au-robot\/\">Cr\u00e8me chantilly <img loading=\"lazy\" decoding=\"async\" class=\"alignnone wp-image-28206\" src=\"http:\/\/recettes-gourmandes-de-joce.fr\/wp-content\/uploads\/2021\/02\/20210202_152314-300x245.jpg\" alt=\"\" width=\"208\" height=\"170\" srcset=\"http:\/\/recettes-gourmandes-de-joce.fr\/wp-content\/uploads\/2021\/02\/20210202_152314-300x245.jpg 300w, http:\/\/recettes-gourmandes-de-joce.fr\/wp-content\/uploads\/2021\/02\/20210202_152314-768x627.jpg 768w, http:\/\/recettes-gourmandes-de-joce.fr\/wp-content\/uploads\/2021\/02\/20210202_152314-750x612.jpg 750w, http:\/\/recettes-gourmandes-de-joce.fr\/wp-content\/uploads\/2021\/02\/20210202_152314.jpg 800w\" sizes=\"auto, (max-width: 208px) 100vw, 208px\" \/><\/a><\/span><\/em><\/span><\/span><\/p>\n<p style=\"text-align: center;\"><span style=\"font-family: georgia,serif;\"><span style=\"font-size: large;\"><em><span style=\"color: #993300;\">Bon app\u00e9tit!<\/span><\/em><\/span><\/span><\/p>\n<p style=\"text-align: center;\"><img loading=\"lazy\" decoding=\"async\" class=\"alignnone wp-image-64591\" src=\"http:\/\/recettes-gourmandes-de-joce.fr\/wp-content\/uploads\/2024\/04\/gateaux-caramel17.jpg\" alt=\"\" width=\"275\" height=\"180\" srcset=\"http:\/\/recettes-gourmandes-de-joce.fr\/wp-content\/uploads\/2024\/04\/gateaux-caramel17.jpg 800w, http:\/\/recettes-gourmandes-de-joce.fr\/wp-content\/uploads\/2024\/04\/gateaux-caramel17-768x503.jpg 768w, http:\/\/recettes-gourmandes-de-joce.fr\/wp-content\/uploads\/2024\/04\/gateaux-caramel17-750x491.jpg 750w\" sizes=\"auto, (max-width: 275px) 100vw, 275px\" \/><\/p>\n<p style=\"text-align: center;\"><img loading=\"lazy\" decoding=\"async\" class=\"alignnone wp-image-64592\" src=\"http:\/\/recettes-gourmandes-de-joce.fr\/wp-content\/uploads\/2024\/04\/gateaux-caramel18.jpg\" alt=\"\" width=\"240\" height=\"180\" srcset=\"http:\/\/recettes-gourmandes-de-joce.fr\/wp-content\/uploads\/2024\/04\/gateaux-caramel18.jpg 800w, http:\/\/recettes-gourmandes-de-joce.fr\/wp-content\/uploads\/2024\/04\/gateaux-caramel18-768x576.jpg 768w, http:\/\/recettes-gourmandes-de-joce.fr\/wp-content\/uploads\/2024\/04\/gateaux-caramel18-750x563.jpg 750w\" sizes=\"auto, (max-width: 240px) 100vw, 240px\" \/>\u00a0<img loading=\"lazy\" decoding=\"async\" class=\"alignnone wp-image-64590\" src=\"http:\/\/recettes-gourmandes-de-joce.fr\/wp-content\/uploads\/2024\/04\/gateaux-caramel16.jpg\" alt=\"\" width=\"240\" height=\"180\" srcset=\"http:\/\/recettes-gourmandes-de-joce.fr\/wp-content\/uploads\/2024\/04\/gateaux-caramel16.jpg 800w, http:\/\/recettes-gourmandes-de-joce.fr\/wp-content\/uploads\/2024\/04\/gateaux-caramel16-768x576.jpg 768w, http:\/\/recettes-gourmandes-de-joce.fr\/wp-content\/uploads\/2024\/04\/gateaux-caramel16-750x563.jpg 750w\" sizes=\"auto, (max-width: 240px) 100vw, 240px\" \/><\/p>\n<p style=\"text-align: center;\"><img loading=\"lazy\" decoding=\"async\" class=\"alignnone size-full wp-image-59803\" src=\"http:\/\/recettes-gourmandes-de-joce.fr\/wp-content\/uploads\/2024\/01\/logitech-gaming-software-14112014-121223.jpg\" alt=\"\" width=\"640\" height=\"144\" \/><\/p>\n","protected":false},"excerpt":{"rendered":"<p>Une de mes recettes Ingr\u00e9dients 12 petits g\u00e2teaux \u00a03 \u0153ufs 300 g de farine 90 g de cr\u00e8me liquide 90 g de beurre 250 g de sucre 1 sachet de sucre vanill\u00e9 1 sachet de levure chimique Un petit bol de caramel beurre sal\u00e9 Pour le caramel 100 ml de cr\u00e8me liquide enti\u00e8re 100 g &hellip; <\/p>\n<p><a class=\"more-link btn\" href=\"http:\/\/recettes-gourmandes-de-joce.fr\/index.php\/index\/desserts\/tartes-gateaux\/gateaux-au-caramel-beurre-sale\/\">Lire la suite<\/a><\/p>\n","protected":false},"author":2,"featured_media":64594,"parent":181,"menu_order":0,"comment_status":"open","ping_status":"closed","template":"","meta":{"footnotes":""},"class_list":["post-3604","page","type-page","status-publish","has-post-thumbnail","hentry","nodate","item-wrap"],"_links":{"self":[{"href":"http:\/\/recettes-gourmandes-de-joce.fr\/index.php\/wp-json\/wp\/v2\/pages\/3604","targetHints":{"allow":["GET"]}}],"collection":[{"href":"http:\/\/recettes-gourmandes-de-joce.fr\/index.php\/wp-json\/wp\/v2\/pages"}],"about":[{"href":"http:\/\/recettes-gourmandes-de-joce.fr\/index.php\/wp-json\/wp\/v2\/types\/page"}],"author":[{"embeddable":true,"href":"http:\/\/recettes-gourmandes-de-joce.fr\/index.php\/wp-json\/wp\/v2\/users\/2"}],"replies":[{"embeddable":true,"href":"http:\/\/recettes-gourmandes-de-joce.fr\/index.php\/wp-json\/wp\/v2\/comments?post=3604"}],"version-history":[{"count":3,"href":"http:\/\/recettes-gourmandes-de-joce.fr\/index.php\/wp-json\/wp\/v2\/pages\/3604\/revisions"}],"predecessor-version":[{"id":65192,"href":"http:\/\/recettes-gourmandes-de-joce.fr\/index.php\/wp-json\/wp\/v2\/pages\/3604\/revisions\/65192"}],"up":[{"embeddable":true,"href":"http:\/\/recettes-gourmandes-de-joce.fr\/index.php\/wp-json\/wp\/v2\/pages\/181"}],"wp:featuredmedia":[{"embeddable":true,"href":"http:\/\/recettes-gourmandes-de-joce.fr\/index.php\/wp-json\/wp\/v2\/media\/64594"}],"wp:attachment":[{"href":"http:\/\/recettes-gourmandes-de-joce.fr\/index.php\/wp-json\/wp\/v2\/media?parent=3604"}],"curies":[{"name":"wp","href":"https:\/\/api.w.org\/{rel}","templated":true}]}}