{"id":3594,"date":"2019-10-06T22:01:24","date_gmt":"2019-10-06T22:01:24","guid":{"rendered":"http:\/\/recettes-gourmandes-de-joce.fr\/?page_id=3594"},"modified":"2025-03-25T10:06:05","modified_gmt":"2025-03-25T10:06:05","slug":"crumble-aux-pommes","status":"publish","type":"page","link":"http:\/\/recettes-gourmandes-de-joce.fr\/index.php\/index\/desserts\/fruits\/crumble-aux-pommes\/","title":{"rendered":"Crumble aux pommes."},"content":{"rendered":"<p style=\"text-align: center;\"><u style=\"color: #cc3300; font-family: georgia, palatino, serif; font-size: 24px;\"><em>Une de mes recettes<\/em><\/u><\/p>\n<p style=\"text-align: center;\"><img loading=\"lazy\" decoding=\"async\" class=\"alignnone wp-image-62338\" src=\"http:\/\/recettes-gourmandes-de-joce.fr\/wp-content\/uploads\/2024\/03\/crumble-pommes2.jpg\" alt=\"\" width=\"255\" height=\"180\" \/> <img loading=\"lazy\" decoding=\"async\" class=\"alignnone wp-image-62337\" src=\"http:\/\/recettes-gourmandes-de-joce.fr\/wp-content\/uploads\/2024\/03\/crumble-pommes1.jpg\" alt=\"\" width=\"255\" height=\"180\" \/><\/p>\n<p style=\"text-align: center;\"><span style=\"color: #cc3300; font-family: georgia, palatino, serif;\"><span style=\"font-size: 24px;\"><u><em>Ingr\u00e9dients pour 6 personnes<\/em><\/u><\/span><\/span><\/p>\n<p style=\"text-align: center;\"><img loading=\"lazy\" decoding=\"async\" class=\"alignnone wp-image-62339\" src=\"http:\/\/recettes-gourmandes-de-joce.fr\/wp-content\/uploads\/2024\/03\/crumble-pommes3.jpg\" alt=\"\" width=\"253\" height=\"200\" \/><\/p>\n<p style=\"text-align: center;\"><span style=\"color: #cc3300; font-family: georgia, palatino, serif; font-size: 14pt;\"><em>1 kg 200 de pommes<\/em><\/span><\/p>\n<p style=\"text-align: center;\"><span style=\"color: #cc3300; font-family: georgia, palatino, serif; font-size: 14pt;\"><em>100 g de farine<\/em><\/span><\/p>\n<p style=\"text-align: center;\"><span style=\"color: #cc3300; font-family: georgia, palatino, serif; font-size: 14pt;\"><em>100 g de beurre \u00bd sel<\/em><\/span><\/p>\n<p style=\"text-align: center;\"><span style=\"color: #cc3300; font-family: georgia, palatino, serif; font-size: 14pt;\"><em>120 g de cassonade<\/em><\/span><\/p>\n<p style=\"text-align: center;\"><span style=\"color: #cc3300; font-family: georgia, palatino, serif; font-size: 14pt;\"><em>50 g de poudre d&rsquo;amande<\/em><\/span><\/p>\n<p style=\"text-align: center;\"><span style=\"color: #cc3300; font-family: georgia, palatino, serif; font-size: 14pt;\"><em>1 c \u00e0 c de cannelle<\/em><\/span><\/p>\n<p style=\"text-align: center;\"><span style=\"color: #cc3300; font-family: georgia, palatino, serif; font-size: 14pt;\"><em>4 c \u00e0 s de calvados ou rhum<\/em><\/span><\/p>\n<p style=\"text-align: center;\"><span style=\"color: #cc3300; font-family: georgia, palatino, serif; font-size: 14pt;\"><em>1 pinc\u00e9e de sel<\/em><\/span><\/p>\n<p style=\"text-align: center;\"><img loading=\"lazy\" decoding=\"async\" class=\"alignnone wp-image-62340\" src=\"http:\/\/recettes-gourmandes-de-joce.fr\/wp-content\/uploads\/2024\/03\/crumble-pommes4.jpg\" alt=\"\" width=\"200\" height=\"170\" \/> <img loading=\"lazy\" decoding=\"async\" class=\"alignnone wp-image-62341\" src=\"http:\/\/recettes-gourmandes-de-joce.fr\/wp-content\/uploads\/2024\/03\/crumble-pommes5.jpg\" alt=\"\" width=\"230\" height=\"170\" \/> <img loading=\"lazy\" decoding=\"async\" class=\"alignnone wp-image-62342\" src=\"http:\/\/recettes-gourmandes-de-joce.fr\/wp-content\/uploads\/2024\/03\/crumble-pommes6.jpg\" alt=\"\" width=\"191\" height=\"170\" \/><\/p>\n<p style=\"text-align: center;\"><span style=\"color: #cc3300; font-family: georgia, palatino, serif; font-size: 14pt;\"><em>Pr\u00e9chauffer le four \u00e0 180\u00b0. <\/em><em>Peler et \u00e9p\u00e9piner les pommes, les couper en morceaux, les mettre dans un saladier et ajouter le calvados, m\u00e9langer et r\u00e9server. Dans un saladier mettre la farine.<\/em><\/span><\/p>\n<p style=\"text-align: center;\"><img loading=\"lazy\" decoding=\"async\" class=\"alignnone wp-image-62343\" src=\"http:\/\/recettes-gourmandes-de-joce.fr\/wp-content\/uploads\/2024\/03\/crumble-pommes7.jpg\" alt=\"\" width=\"189\" height=\"170\" \/> <img loading=\"lazy\" decoding=\"async\" class=\"alignnone wp-image-62344\" src=\"http:\/\/recettes-gourmandes-de-joce.fr\/wp-content\/uploads\/2024\/03\/crumble-pommes8.jpg\" alt=\"\" width=\"190\" height=\"170\" \/> <img loading=\"lazy\" decoding=\"async\" class=\"alignnone wp-image-62345\" src=\"http:\/\/recettes-gourmandes-de-joce.fr\/wp-content\/uploads\/2024\/03\/crumble-pommes9.jpg\" alt=\"\" width=\"199\" height=\"170\" \/><\/p>\n<p style=\"text-align: center;\"><span style=\"color: #cc3300; font-family: georgia, palatino, serif; font-size: 14pt;\"><span style=\"color: #cc3300;\"><em>Ajouter la poudre <\/em><em>d&rsquo;amande, la cassonade et la cannelle. <\/em><\/span><\/span><\/p>\n<p style=\"text-align: center;\"><img loading=\"lazy\" decoding=\"async\" class=\"alignnone wp-image-62346\" src=\"http:\/\/recettes-gourmandes-de-joce.fr\/wp-content\/uploads\/2024\/03\/crumble-pommes10.jpg\" alt=\"\" width=\"227\" height=\"170\" \/> <img loading=\"lazy\" decoding=\"async\" class=\"alignnone wp-image-62347\" src=\"http:\/\/recettes-gourmandes-de-joce.fr\/wp-content\/uploads\/2024\/03\/crumble-pommes11.jpg\" alt=\"\" width=\"190\" height=\"170\" \/> <img loading=\"lazy\" decoding=\"async\" class=\"alignnone wp-image-62348\" src=\"http:\/\/recettes-gourmandes-de-joce.fr\/wp-content\/uploads\/2024\/03\/crumble-pommes12.jpg\" alt=\"\" width=\"195\" height=\"170\" \/><\/p>\n<p style=\"text-align: center;\"><span style=\"color: #cc3300; font-family: georgia, palatino, serif; font-size: 14pt;\"><span style=\"color: #cc3300;\"><span style=\"color: #cc3300;\"><em>Ajouter le sel et bien m\u00e9langer.<\/em><\/span><em>\u00a0<\/em><\/span><em>Mettre le beurre \u00e0 fondre au micro-ondes et le verser sur le <\/em><em>m\u00e9lange de poudres.<\/em><\/span><\/p>\n<p style=\"text-align: center;\"><img loading=\"lazy\" decoding=\"async\" class=\"alignnone wp-image-62349\" src=\"http:\/\/recettes-gourmandes-de-joce.fr\/wp-content\/uploads\/2024\/03\/crumble-pommes13.jpg\" alt=\"\" width=\"190\" height=\"170\" \/> <img loading=\"lazy\" decoding=\"async\" class=\"alignnone wp-image-62350\" src=\"http:\/\/recettes-gourmandes-de-joce.fr\/wp-content\/uploads\/2024\/03\/crumble-pommes14.jpg\" alt=\"\" width=\"219\" height=\"170\" \/> <img loading=\"lazy\" decoding=\"async\" class=\"alignnone wp-image-62351\" src=\"http:\/\/recettes-gourmandes-de-joce.fr\/wp-content\/uploads\/2024\/03\/crumble-pommes15.jpg\" alt=\"\" width=\"227\" height=\"170\" \/><\/p>\n<p style=\"text-align: center;\"><span style=\"color: #cc3300; font-family: georgia, palatino, serif; font-size: 14pt;\"><em>Bien m\u00e9langer le tout et r\u00e9server. Beurre un plat allant au four.<\/em><\/span><\/p>\n<p style=\"text-align: center;\"><img loading=\"lazy\" decoding=\"async\" class=\"alignnone wp-image-62352\" src=\"http:\/\/recettes-gourmandes-de-joce.fr\/wp-content\/uploads\/2024\/03\/crumble-pommes16.jpg\" alt=\"\" width=\"252\" height=\"170\" \/> <img loading=\"lazy\" decoding=\"async\" class=\"alignnone wp-image-62353\" src=\"http:\/\/recettes-gourmandes-de-joce.fr\/wp-content\/uploads\/2024\/03\/crumble-pommes17.jpg\" alt=\"\" width=\"227\" height=\"170\" \/><\/p>\n<p style=\"text-align: center;\"><span style=\"color: #cc3300; font-family: georgia, palatino, serif; font-size: 14pt;\"><span style=\"color: #cc3300;\"> <span style=\"color: #cc3300;\"><span style=\"color: #cc3300;\"><em>R\u00e9partir les pommes <\/em><em>dans le plat beurr\u00e9.\u00a0<\/em><\/span><\/span><\/span><em><span style=\"color: #cc3300; font-family: georgia, palatino, serif;\">\u00c9mietter\u00a0la p\u00e2te \u00e0 crumble sur les pommes en la r\u00e9partissant <\/span><\/em><em>bien. Enfourner 35 minutes environ selon les fours \u00e0 180\u00b0, surveiller la cuisson et la coloration. <\/em><\/span><\/p>\n<p style=\"text-align: center;\"><span style=\"color: #cc3300; font-family: georgia, palatino, serif; font-size: 14pt;\"><em>D\u00e9guster ti\u00e8de ou froid avec une boule de glace vanille c&rsquo;est un r\u00e9gal!<\/em><\/span><\/p>\n<p style=\"text-align: center;\"><span style=\"color: #cc3300; font-family: georgia, palatino, serif; font-size: 14pt;\"><em>Bonne d\u00e9gustation!<\/em><\/span><\/p>\n<p style=\"text-align: center;\"><img loading=\"lazy\" decoding=\"async\" class=\"alignnone wp-image-62337\" src=\"http:\/\/recettes-gourmandes-de-joce.fr\/wp-content\/uploads\/2024\/03\/crumble-pommes1.jpg\" alt=\"\" width=\"241\" height=\"170\" \/> <img loading=\"lazy\" decoding=\"async\" class=\"alignnone wp-image-62338\" src=\"http:\/\/recettes-gourmandes-de-joce.fr\/wp-content\/uploads\/2024\/03\/crumble-pommes2.jpg\" alt=\"\" width=\"241\" height=\"170\" \/><\/p>\n<p style=\"text-align: center;\"><img loading=\"lazy\" decoding=\"async\" class=\"alignnone size-full wp-image-59803\" src=\"http:\/\/recettes-gourmandes-de-joce.fr\/wp-content\/uploads\/2024\/01\/logitech-gaming-software-14112014-121223.jpg\" alt=\"\" width=\"640\" height=\"144\" \/><\/p>\n<h3>Commentaires\u00a0<small>(2)<\/small><\/h3>\n<div class=\"items-container\">\n<div class=\"item item-comment media\">\n<div class=\"pull-left\">\n<p>&nbsp;<\/p>\n<\/div>\n<div class=\"media-body\">\n<ul class=\"inline item-infos\">\n<li><span class=\"comment-number\">1.<\/span>\u00a0<span class=\"comment-author\">Audrey<\/span>\u00a0<span class=\"comment-date\">| 06\/12\/2018<\/span><\/li>\n<\/ul>\n<div class=\"comment-content\">Excellente recette, premier crumble et il est reussi ! Je recommande vivement c&rsquo;\u00e9tait un succ\u00e8s \u00e0 la maison .<\/div>\n<div class=\"item item-comment media by-webmaster\">\n<div class=\"pull-left\">\n<p>&nbsp;<\/p>\n<\/div>\n<div class=\"media-body\">\n<ul class=\"inline item-infos\">\n<li><span class=\"comment-author\">jocelyne debon\u00a0(<a rel=\"nofollow\">site web<\/a>)<\/span>\u00a0<span class=\"comment-date\">| 06\/12\/2018<\/span><\/li>\n<\/ul>\n<div class=\"comment-content\">Oh merci beaucoup, contente que vous l&rsquo;ayez appr\u00e9ci\u00e9e<\/div>\n<div class=\"comment-content\">Au plaisir, et merci pour le commentaire<\/div>\n<div class=\"comment-content\">Bises<\/div>\n<div class=\"comment-content\">Amicalement Joce<\/div>\n<\/div>\n<\/div>\n<\/div>\n<\/div>\n<\/div>\n","protected":false},"excerpt":{"rendered":"<p>Une de mes recettes Ingr\u00e9dients pour 6 personnes 1 kg 200 de pommes 100 g de farine 100 g de beurre \u00bd sel 120 g de cassonade 50 g de poudre d&rsquo;amande 1 c \u00e0 c de cannelle 4 c \u00e0 s de calvados ou rhum 1 pinc\u00e9e de sel Pr\u00e9chauffer le four \u00e0 180\u00b0. &hellip; <\/p>\n<p><a class=\"more-link btn\" href=\"http:\/\/recettes-gourmandes-de-joce.fr\/index.php\/index\/desserts\/fruits\/crumble-aux-pommes\/\">Lire la suite<\/a><\/p>\n","protected":false},"author":2,"featured_media":87394,"parent":173,"menu_order":0,"comment_status":"open","ping_status":"closed","template":"","meta":{"footnotes":""},"class_list":["post-3594","page","type-page","status-publish","has-post-thumbnail","hentry","nodate","item-wrap"],"_links":{"self":[{"href":"http:\/\/recettes-gourmandes-de-joce.fr\/index.php\/wp-json\/wp\/v2\/pages\/3594","targetHints":{"allow":["GET"]}}],"collection":[{"href":"http:\/\/recettes-gourmandes-de-joce.fr\/index.php\/wp-json\/wp\/v2\/pages"}],"about":[{"href":"http:\/\/recettes-gourmandes-de-joce.fr\/index.php\/wp-json\/wp\/v2\/types\/page"}],"author":[{"embeddable":true,"href":"http:\/\/recettes-gourmandes-de-joce.fr\/index.php\/wp-json\/wp\/v2\/users\/2"}],"replies":[{"embeddable":true,"href":"http:\/\/recettes-gourmandes-de-joce.fr\/index.php\/wp-json\/wp\/v2\/comments?post=3594"}],"version-history":[{"count":6,"href":"http:\/\/recettes-gourmandes-de-joce.fr\/index.php\/wp-json\/wp\/v2\/pages\/3594\/revisions"}],"predecessor-version":[{"id":93921,"href":"http:\/\/recettes-gourmandes-de-joce.fr\/index.php\/wp-json\/wp\/v2\/pages\/3594\/revisions\/93921"}],"up":[{"embeddable":true,"href":"http:\/\/recettes-gourmandes-de-joce.fr\/index.php\/wp-json\/wp\/v2\/pages\/173"}],"wp:featuredmedia":[{"embeddable":true,"href":"http:\/\/recettes-gourmandes-de-joce.fr\/index.php\/wp-json\/wp\/v2\/media\/87394"}],"wp:attachment":[{"href":"http:\/\/recettes-gourmandes-de-joce.fr\/index.php\/wp-json\/wp\/v2\/media?parent=3594"}],"curies":[{"name":"wp","href":"https:\/\/api.w.org\/{rel}","templated":true}]}}