{"id":35675,"date":"2021-06-17T14:31:49","date_gmt":"2021-06-17T14:31:49","guid":{"rendered":"http:\/\/recettes-gourmandes-de-joce.fr\/?page_id=35675"},"modified":"2024-07-04T12:38:16","modified_gmt":"2024-07-04T12:38:16","slug":"sauce-au-reblochon","status":"publish","type":"page","link":"http:\/\/recettes-gourmandes-de-joce.fr\/index.php\/index\/sauces-assaisonnements\/sauces-chaudes\/sauce-au-reblochon\/","title":{"rendered":"Sauce au reblochon."},"content":{"rendered":"<p style=\"text-align: center;\"><span style=\"font-size: 18pt; font-family: georgia, palatino, serif; color: #993366;\"><em><span style=\"text-decoration: underline;\">U<\/span><\/em><em><span style=\"text-decoration: underline;\">ne de mes recettes<\/span><\/em><\/span><\/p>\n<p style=\"text-align: center;\"><span style=\"color: #993366;\">\u00a0 <img loading=\"lazy\" decoding=\"async\" class=\"alignnone wp-image-34466\" src=\"http:\/\/recettes-gourmandes-de-joce.fr\/wp-content\/uploads\/2021\/06\/spaghettis-au-reblochon-18-1-300x215.jpg\" alt=\"\" width=\"279\" height=\"200\" srcset=\"http:\/\/recettes-gourmandes-de-joce.fr\/wp-content\/uploads\/2021\/06\/spaghettis-au-reblochon-18-1-300x215.jpg 300w, http:\/\/recettes-gourmandes-de-joce.fr\/wp-content\/uploads\/2021\/06\/spaghettis-au-reblochon-18-1.jpg 722w\" sizes=\"auto, (max-width: 279px) 100vw, 279px\" \/><\/span><\/p>\n<p style=\"text-align: center;\"><span style=\"font-size: 18pt; color: #993366; font-family: georgia, palatino, serif;\"><em><span style=\"text-decoration: underline;\">Ingr\u00e9dients pour deux personnes<\/span><\/em><\/span><\/p>\n<p style=\"text-align: center;\"><span style=\"color: #993366; font-size: 14pt; font-family: georgia, palatino, serif;\"><em>50 g de reblochon\u00a0\u00a0\u00a0\u00a0\u00a0\u00a0\u00a0\u00a0\u00a0<\/em><\/span><\/p>\n<p style=\"text-align: center;\"><span style=\"color: #993366; font-size: 14pt; font-family: georgia, palatino, serif;\"><em>3 c \u00e0 s de cr\u00e8me fra\u00eeche \u00e9paisse<\/em><\/span><\/p>\n<p style=\"text-align: center;\"><span style=\"color: #993366; font-size: 14pt; font-family: georgia, palatino, serif;\"><em>1 bouquet de ciboulette<\/em><\/span><\/p>\n<p style=\"text-align: center;\"><span style=\"color: #993366; font-size: 14pt; font-family: georgia, palatino, serif;\"><em>Sel et poivre<\/em><\/span><\/p>\n<p style=\"text-align: center;\"><span style=\"color: #993366;\">\u00a0 \u00a0<img loading=\"lazy\" decoding=\"async\" class=\"alignnone wp-image-32693\" src=\"http:\/\/recettes-gourmandes-de-joce.fr\/wp-content\/uploads\/2021\/05\/20210526_193141-300x225.jpg\" alt=\"\" width=\"213\" height=\"160\" srcset=\"http:\/\/recettes-gourmandes-de-joce.fr\/wp-content\/uploads\/2021\/05\/20210526_193141-300x225.jpg 300w, http:\/\/recettes-gourmandes-de-joce.fr\/wp-content\/uploads\/2021\/05\/20210526_193141-768x576.jpg 768w, http:\/\/recettes-gourmandes-de-joce.fr\/wp-content\/uploads\/2021\/05\/20210526_193141-750x563.jpg 750w, http:\/\/recettes-gourmandes-de-joce.fr\/wp-content\/uploads\/2021\/05\/20210526_193141.jpg 800w\" sizes=\"auto, (max-width: 213px) 100vw, 213px\" \/> <img loading=\"lazy\" decoding=\"async\" class=\"alignnone wp-image-34461\" src=\"http:\/\/recettes-gourmandes-de-joce.fr\/wp-content\/uploads\/2021\/06\/spaghettis-au-reblochon-12-300x217.jpg\" alt=\"\" width=\"221\" height=\"160\" srcset=\"http:\/\/recettes-gourmandes-de-joce.fr\/wp-content\/uploads\/2021\/06\/spaghettis-au-reblochon-12-300x217.jpg 300w, http:\/\/recettes-gourmandes-de-joce.fr\/wp-content\/uploads\/2021\/06\/spaghettis-au-reblochon-12.jpg 650w\" sizes=\"auto, (max-width: 221px) 100vw, 221px\" \/> <img loading=\"lazy\" decoding=\"async\" class=\"alignnone wp-image-34462\" src=\"http:\/\/recettes-gourmandes-de-joce.fr\/wp-content\/uploads\/2021\/06\/spaghettis-au-reblochon-13-300x285.jpg\" alt=\"\" width=\"168\" height=\"160\" srcset=\"http:\/\/recettes-gourmandes-de-joce.fr\/wp-content\/uploads\/2021\/06\/spaghettis-au-reblochon-13-300x285.jpg 300w, http:\/\/recettes-gourmandes-de-joce.fr\/wp-content\/uploads\/2021\/06\/spaghettis-au-reblochon-13.jpg 715w\" sizes=\"auto, (max-width: 168px) 100vw, 168px\" \/><\/span><\/p>\n<p style=\"text-align: center;\"><span style=\"color: #993366;\"><span style=\"font-size: 14pt; font-family: georgia, palatino, serif;\"><em>Laver et ciseler la ciboulette finement. <\/em><\/span><span style=\"font-size: 14pt; font-family: georgia, palatino, serif;\"><em>Enlever la cro\u00fbte du reblochon. Coupez le<\/em><\/span><em style=\"font-family: georgia, palatino, serif; font-size: 18.6667px;\">\u00a0en petits d\u00e9s. <\/em><em style=\"font-family: georgia, palatino, serif; font-size: 18.6667px;\">Mettre la cr\u00e8me dans un bol, la saler et la poivrer.<\/em><\/span><\/p>\n<p style=\"text-align: center;\"><span style=\"color: #993366;\">\u00a0<img loading=\"lazy\" decoding=\"async\" class=\"alignnone wp-image-34463\" src=\"http:\/\/recettes-gourmandes-de-joce.fr\/wp-content\/uploads\/2021\/06\/spaghettis-au-reblochon-14-300x294.jpg\" alt=\"\" width=\"163\" height=\"160\" srcset=\"http:\/\/recettes-gourmandes-de-joce.fr\/wp-content\/uploads\/2021\/06\/spaghettis-au-reblochon-14-300x294.jpg 300w, http:\/\/recettes-gourmandes-de-joce.fr\/wp-content\/uploads\/2021\/06\/spaghettis-au-reblochon-14.jpg 589w\" sizes=\"auto, (max-width: 163px) 100vw, 163px\" \/> <img loading=\"lazy\" decoding=\"async\" class=\"alignnone wp-image-34464\" src=\"http:\/\/recettes-gourmandes-de-joce.fr\/wp-content\/uploads\/2021\/06\/spaghettis-au-reblochon-15-300x293.jpg\" alt=\"\" width=\"164\" height=\"160\" srcset=\"http:\/\/recettes-gourmandes-de-joce.fr\/wp-content\/uploads\/2021\/06\/spaghettis-au-reblochon-15-300x293.jpg 300w, http:\/\/recettes-gourmandes-de-joce.fr\/wp-content\/uploads\/2021\/06\/spaghettis-au-reblochon-15.jpg 724w\" sizes=\"auto, (max-width: 164px) 100vw, 164px\" \/> <img loading=\"lazy\" decoding=\"async\" class=\"alignnone wp-image-34465\" src=\"http:\/\/recettes-gourmandes-de-joce.fr\/wp-content\/uploads\/2021\/06\/spaghettis-au-reblochon-17-300x267.jpg\" alt=\"\" width=\"180\" height=\"160\" srcset=\"http:\/\/recettes-gourmandes-de-joce.fr\/wp-content\/uploads\/2021\/06\/spaghettis-au-reblochon-17-300x267.jpg 300w, http:\/\/recettes-gourmandes-de-joce.fr\/wp-content\/uploads\/2021\/06\/spaghettis-au-reblochon-17.jpg 594w\" sizes=\"auto, (max-width: 180px) 100vw, 180px\" \/><\/span><\/p>\n<p style=\"text-align: center;\"><span style=\"color: #993366;\"><span style=\"font-size: 14pt; font-family: georgia, palatino, serif;\"><em>\u00a0<\/em><em>Ajouter les d\u00e9s de reblochon,<\/em><\/span><span style=\"font-size: 14pt; font-family: georgia, palatino, serif;\"><em> la ciboulette, <\/em><em>m\u00e9langer. <\/em><\/span><span style=\"font-size: 14pt; font-family: georgia, palatino, serif;\"><em>Faire fondre au micro-ondes pleine puissance la m\u00e9lange cr\u00e8me reblochon environ 2 minutes (remuer au bout d\u2019une minute).<\/em><\/span><\/span><\/p>\n<p style=\"text-align: center;\"><span style=\"color: #993366;\"><em><span style=\"font-family: georgia, palatino, serif; font-size: 14pt;\">Id\u00e9al sur des p\u00e2tes, une volaille, une grillade, etc.<\/span><\/em><\/span><\/p>\n<p style=\"text-align: center;\"><span style=\"color: #993366; font-size: 14pt; font-family: georgia, palatino, serif;\"><em>Bon app\u00e9tit\u00a0!<\/em><\/span><\/p>\n<p style=\"text-align: center;\"><span style=\"color: #993366;\"><span style=\"font-size: 14pt; font-family: georgia, palatino, serif;\"><em>\u00a0<\/em><\/span><img loading=\"lazy\" decoding=\"async\" class=\"alignnone wp-image-34466\" src=\"http:\/\/recettes-gourmandes-de-joce.fr\/wp-content\/uploads\/2021\/06\/spaghettis-au-reblochon-18-1-300x215.jpg\" alt=\"\" width=\"279\" height=\"200\" srcset=\"http:\/\/recettes-gourmandes-de-joce.fr\/wp-content\/uploads\/2021\/06\/spaghettis-au-reblochon-18-1-300x215.jpg 300w, http:\/\/recettes-gourmandes-de-joce.fr\/wp-content\/uploads\/2021\/06\/spaghettis-au-reblochon-18-1.jpg 722w\" sizes=\"auto, (max-width: 279px) 100vw, 279px\" \/><em style=\"font-family: georgia, palatino, serif; font-size: 14pt;\">\u00a0<\/em><\/span><\/p>\n<p style=\"text-align: center;\"><span style=\"color: #993366;\"><img loading=\"lazy\" decoding=\"async\" class=\"alignnone wp-image-24317 size-full\" src=\"http:\/\/recettes-gourmandes-de-joce.fr\/wp-content\/uploads\/2020\/07\/logitech-gaming-software-14112014-121223.jpg\" alt=\"\" width=\"640\" height=\"144\" srcset=\"http:\/\/recettes-gourmandes-de-joce.fr\/wp-content\/uploads\/2020\/07\/logitech-gaming-software-14112014-121223.jpg 640w, http:\/\/recettes-gourmandes-de-joce.fr\/wp-content\/uploads\/2020\/07\/logitech-gaming-software-14112014-121223-300x68.jpg 300w\" sizes=\"auto, (max-width: 640px) 100vw, 640px\" \/><\/span><\/p>\n<h3><span style=\"color: #000000;\">Commentaires\u00a0<small>(4)<\/small><\/span><\/h3>\n<div class=\"items-container\">\n<div class=\"item item-comment media\">\n<div class=\"pull-left\"><span style=\"color: #000000;\"><img decoding=\"async\" class=\"media-object\" src=\"https:\/\/www.gravatar.com\/avatar\/abd9e19a2a780fa7bcc374c2ce782968?d=http%3A%2F%2Frecettesgourmandesdejoce.e-monsite.com%2Fmedias%2Fstatic%2Fmanager%2Fim%2Favatar.png?s=50&amp;d=mm\" alt=\"olivier carine\" width=\"50\" \/><\/span><\/div>\n<div class=\"media-body\">\n<ul class=\"inline item-infos\">\n<li><span style=\"color: #000000;\"><span class=\"comment-number\">1.<\/span>\u00a0<span class=\"comment-author\"><strong>olivier carine<\/strong><\/span>\u00a0<span class=\"comment-date\">| 20\/02\/2017<\/span><\/span><\/li>\n<\/ul>\n<div class=\"comment-content\"><span style=\"color: #000000;\">trop bon merci<\/span><\/div>\n<div class=\"item item-comment media by-webmaster\">\n<div class=\"pull-left\"><span style=\"color: #000000;\"><img decoding=\"async\" class=\"media-object\" src=\"http:\/\/recettesgourmandesdejoce.e-monsite.com\/medias\/static\/manager\/im\/avatar.png?fx=c_50_50\" alt=\"jocelyne debon\" width=\"50\" \/><\/span><\/div>\n<div class=\"media-body\">\n<ul class=\"inline item-infos\">\n<li><span style=\"color: #000000;\"><span class=\"comment-author\"><strong>jocelyne debon<\/strong><\/span>\u00a0<span class=\"comment-date\">| 20\/02\/2017<\/span><\/span><\/li>\n<\/ul>\n<div class=\"comment-content\"><span style=\"color: #000000;\">De rien avec plaisir Amicalement Joce<\/span><\/div>\n<\/div>\n<\/div>\n<\/div>\n<\/div>\n<div class=\"item item-comment media\">\n<div class=\"pull-left\"><span style=\"color: #000000;\"><img decoding=\"async\" class=\"media-object\" src=\"https:\/\/www.gravatar.com\/avatar\/f30dad45f8dd3b2d4899a0aaca09ae5d?d=http%3A%2F%2Frecettesgourmandesdejoce.e-monsite.com%2Fmedias%2Fstatic%2Fmanager%2Fim%2Favatar.png?s=50&amp;d=mm\" alt=\"Marion\" width=\"50\" \/><\/span><\/div>\n<div class=\"media-body\">\n<ul class=\"inline item-infos\">\n<li><span style=\"color: #000000;\"><span class=\"comment-number\">2.<\/span>\u00a0<span class=\"comment-author\"><strong>Marion<\/strong><\/span>\u00a0<span class=\"comment-date\">| 13\/10\/2016<\/span><\/span><\/li>\n<\/ul>\n<div class=\"comment-content\"><span style=\"color: #000000;\">J&rsquo;adore la sauce au reblochon!!! Merci c&rsquo;\u00e9tait trop bon!<\/span><\/div>\n<div class=\"item item-comment media by-webmaster\">\n<div class=\"pull-left\"><span style=\"color: #000000;\"><img decoding=\"async\" class=\"media-object\" src=\"http:\/\/recettesgourmandesdejoce.e-monsite.com\/medias\/static\/manager\/im\/avatar.png?fx=c_50_50\" alt=\"jocelyne debon\" width=\"50\" \/><\/span><\/div>\n<div class=\"media-body\">\n<ul class=\"inline item-infos\">\n<li><span style=\"color: #000000;\"><span class=\"comment-author\"><strong>jocelyne debon<\/strong><\/span>\u00a0<span class=\"comment-date\">| 13\/10\/2016<\/span><\/span><\/li>\n<\/ul>\n<div class=\"comment-content\"><span style=\"color: #000000;\">Merciii c&rsquo;est gentil Bonne soir\u00e9e Amicalement Joce<\/span><\/div>\n<\/div>\n<\/div>\n<\/div>\n<\/div>\n<\/div>\n","protected":false},"excerpt":{"rendered":"<p>Une de mes recettes \u00a0 Ingr\u00e9dients pour deux personnes 50 g de reblochon\u00a0\u00a0\u00a0\u00a0\u00a0\u00a0\u00a0\u00a0\u00a0 3 c \u00e0 s de cr\u00e8me fra\u00eeche \u00e9paisse 1 bouquet de ciboulette Sel et poivre \u00a0 \u00a0 Laver et ciseler la ciboulette finement. Enlever la cro\u00fbte du reblochon. Coupez le\u00a0en petits d\u00e9s. Mettre la cr\u00e8me dans un bol, la saler et la &hellip; <\/p>\n<p><a class=\"more-link btn\" href=\"http:\/\/recettes-gourmandes-de-joce.fr\/index.php\/index\/sauces-assaisonnements\/sauces-chaudes\/sauce-au-reblochon\/\">Lire la suite<\/a><\/p>\n","protected":false},"author":2,"featured_media":86676,"parent":215,"menu_order":0,"comment_status":"open","ping_status":"closed","template":"","meta":{"footnotes":""},"class_list":["post-35675","page","type-page","status-publish","has-post-thumbnail","hentry","nodate","item-wrap"],"_links":{"self":[{"href":"http:\/\/recettes-gourmandes-de-joce.fr\/index.php\/wp-json\/wp\/v2\/pages\/35675","targetHints":{"allow":["GET"]}}],"collection":[{"href":"http:\/\/recettes-gourmandes-de-joce.fr\/index.php\/wp-json\/wp\/v2\/pages"}],"about":[{"href":"http:\/\/recettes-gourmandes-de-joce.fr\/index.php\/wp-json\/wp\/v2\/types\/page"}],"author":[{"embeddable":true,"href":"http:\/\/recettes-gourmandes-de-joce.fr\/index.php\/wp-json\/wp\/v2\/users\/2"}],"replies":[{"embeddable":true,"href":"http:\/\/recettes-gourmandes-de-joce.fr\/index.php\/wp-json\/wp\/v2\/comments?post=35675"}],"version-history":[{"count":3,"href":"http:\/\/recettes-gourmandes-de-joce.fr\/index.php\/wp-json\/wp\/v2\/pages\/35675\/revisions"}],"predecessor-version":[{"id":86677,"href":"http:\/\/recettes-gourmandes-de-joce.fr\/index.php\/wp-json\/wp\/v2\/pages\/35675\/revisions\/86677"}],"up":[{"embeddable":true,"href":"http:\/\/recettes-gourmandes-de-joce.fr\/index.php\/wp-json\/wp\/v2\/pages\/215"}],"wp:featuredmedia":[{"embeddable":true,"href":"http:\/\/recettes-gourmandes-de-joce.fr\/index.php\/wp-json\/wp\/v2\/media\/86676"}],"wp:attachment":[{"href":"http:\/\/recettes-gourmandes-de-joce.fr\/index.php\/wp-json\/wp\/v2\/media?parent=35675"}],"curies":[{"name":"wp","href":"https:\/\/api.w.org\/{rel}","templated":true}]}}