{"id":35598,"date":"2021-06-17T12:11:40","date_gmt":"2021-06-17T12:11:40","guid":{"rendered":"http:\/\/recettes-gourmandes-de-joce.fr\/?page_id=35598"},"modified":"2024-06-27T11:22:35","modified_gmt":"2024-06-27T11:22:35","slug":"roti-de-porc-cuisson-en-papillote","status":"publish","type":"page","link":"http:\/\/recettes-gourmandes-de-joce.fr\/index.php\/index\/viandes\/porc\/roti-de-porc-cuisson-en-papillote\/","title":{"rendered":"R\u00f4ti de porc cuisson en papillote."},"content":{"rendered":"<p style=\"text-align: center;\"><span style=\"color: #993300; font-size: 18pt; text-decoration: underline; font-family: georgia, palatino, serif;\"><em><span style=\"text-decoration: underline;\">D&rsquo;apr\u00e8s une id\u00e9e trouv\u00e9e sur le site de Chef Simon<\/span><\/em><\/span><\/p>\n<p style=\"text-align: center;\"><span style=\"color: #993300; font-size: 18pt; text-decoration: underline; font-family: georgia, palatino, serif;\"><em><span style=\"text-decoration: underline;\">J&rsquo;ai test\u00e9 en voici mes conclusions<\/span><\/em><\/span><\/p>\n<p style=\"text-align: center;\"><img loading=\"lazy\" decoding=\"async\" class=\"alignnone size-medium wp-image-35602\" src=\"http:\/\/recettes-gourmandes-de-joce.fr\/wp-content\/uploads\/2021\/06\/pc120039-300x215.jpg\" alt=\"\" width=\"300\" height=\"215\" srcset=\"http:\/\/recettes-gourmandes-de-joce.fr\/wp-content\/uploads\/2021\/06\/pc120039-300x215.jpg 300w, http:\/\/recettes-gourmandes-de-joce.fr\/wp-content\/uploads\/2021\/06\/pc120039-768x551.jpg 768w, http:\/\/recettes-gourmandes-de-joce.fr\/wp-content\/uploads\/2021\/06\/pc120039-750x538.jpg 750w, http:\/\/recettes-gourmandes-de-joce.fr\/wp-content\/uploads\/2021\/06\/pc120039.jpg 800w\" sizes=\"auto, (max-width: 300px) 100vw, 300px\" \/><\/p>\n<p style=\"text-align: center;\"><span style=\"color: #993300; font-size: 18pt; text-decoration: underline; font-family: georgia, palatino, serif;\"><em><span style=\"text-decoration: underline;\">Ingr\u00e9dients<\/span><\/em><\/span><\/p>\n<p style=\"text-align: center;\"><img loading=\"lazy\" decoding=\"async\" class=\"alignnone size-medium wp-image-35603\" src=\"http:\/\/recettes-gourmandes-de-joce.fr\/wp-content\/uploads\/2021\/06\/pc110007-300x224.jpg\" alt=\"\" width=\"300\" height=\"224\" srcset=\"http:\/\/recettes-gourmandes-de-joce.fr\/wp-content\/uploads\/2021\/06\/pc110007-300x224.jpg 300w, http:\/\/recettes-gourmandes-de-joce.fr\/wp-content\/uploads\/2021\/06\/pc110007-768x574.jpg 768w, http:\/\/recettes-gourmandes-de-joce.fr\/wp-content\/uploads\/2021\/06\/pc110007-750x561.jpg 750w, http:\/\/recettes-gourmandes-de-joce.fr\/wp-content\/uploads\/2021\/06\/pc110007.jpg 800w\" sizes=\"auto, (max-width: 300px) 100vw, 300px\" \/><\/p>\n<p style=\"text-align: center;\"><span style=\"color: #993300; font-family: georgia, palatino, serif; font-size: 14pt;\"><em>1 R\u00f4ti de porc dans l&rsquo;\u00e9chine 1kg 500<\/em><\/span><\/p>\n<p style=\"text-align: center;\"><span style=\"color: #993300; font-family: georgia, palatino, serif; font-size: 14pt;\"><em>1 morceau de beurre<\/em><\/span><\/p>\n<p style=\"text-align: center;\"><span style=\"color: #993300; font-family: georgia, palatino, serif; font-size: 14pt;\"><em>Herbes de Provence<\/em><\/span><\/p>\n<p style=\"text-align: center;\"><span style=\"color: #993300; font-family: georgia, palatino, serif; font-size: 14pt;\"><em>Sel et poivre<\/em><\/span><\/p>\n<p style=\"text-align: center;\"><span style=\"color: #993300; font-family: georgia, palatino, serif; font-size: 14pt;\"><em>Du papier aluminium<\/em><\/span><\/p>\n<p style=\"text-align: center;\"><span style=\"color: #993300; font-family: georgia, palatino, serif; font-size: 14pt;\"><em><img loading=\"lazy\" decoding=\"async\" class=\"alignnone wp-image-35604\" src=\"http:\/\/recettes-gourmandes-de-joce.fr\/wp-content\/uploads\/2021\/06\/pc110008-300x225.jpg\" alt=\"\" width=\"213\" height=\"160\" srcset=\"http:\/\/recettes-gourmandes-de-joce.fr\/wp-content\/uploads\/2021\/06\/pc110008-300x225.jpg 300w, http:\/\/recettes-gourmandes-de-joce.fr\/wp-content\/uploads\/2021\/06\/pc110008-768x576.jpg 768w, http:\/\/recettes-gourmandes-de-joce.fr\/wp-content\/uploads\/2021\/06\/pc110008-750x563.jpg 750w, http:\/\/recettes-gourmandes-de-joce.fr\/wp-content\/uploads\/2021\/06\/pc110008.jpg 800w\" sizes=\"auto, (max-width: 213px) 100vw, 213px\" \/> <img loading=\"lazy\" decoding=\"async\" class=\"alignnone wp-image-35605\" src=\"http:\/\/recettes-gourmandes-de-joce.fr\/wp-content\/uploads\/2021\/06\/pc110009-2-300x220.jpg\" alt=\"\" width=\"218\" height=\"160\" srcset=\"http:\/\/recettes-gourmandes-de-joce.fr\/wp-content\/uploads\/2021\/06\/pc110009-2-300x220.jpg 300w, http:\/\/recettes-gourmandes-de-joce.fr\/wp-content\/uploads\/2021\/06\/pc110009-2-768x564.jpg 768w, http:\/\/recettes-gourmandes-de-joce.fr\/wp-content\/uploads\/2021\/06\/pc110009-2-750x550.jpg 750w, http:\/\/recettes-gourmandes-de-joce.fr\/wp-content\/uploads\/2021\/06\/pc110009-2.jpg 800w\" sizes=\"auto, (max-width: 218px) 100vw, 218px\" \/> <img loading=\"lazy\" decoding=\"async\" class=\"alignnone wp-image-35606\" src=\"http:\/\/recettes-gourmandes-de-joce.fr\/wp-content\/uploads\/2021\/06\/pc110010-2-300x203.jpg\" alt=\"\" width=\"236\" height=\"160\" srcset=\"http:\/\/recettes-gourmandes-de-joce.fr\/wp-content\/uploads\/2021\/06\/pc110010-2-300x203.jpg 300w, http:\/\/recettes-gourmandes-de-joce.fr\/wp-content\/uploads\/2021\/06\/pc110010-2-768x520.jpg 768w, http:\/\/recettes-gourmandes-de-joce.fr\/wp-content\/uploads\/2021\/06\/pc110010-2-750x508.jpg 750w, http:\/\/recettes-gourmandes-de-joce.fr\/wp-content\/uploads\/2021\/06\/pc110010-2.jpg 800w\" sizes=\"auto, (max-width: 236px) 100vw, 236px\" \/><\/em><\/span><\/p>\n<p style=\"text-align: center;\"><span style=\"color: #993300; font-family: georgia, palatino, serif; font-size: 14pt;\"><em>Pr\u00e9chauffer le four \u00e0 170\u00b0. Dans une sauteuse, mettre \u00e0 fondre le beurre et colorer le r\u00f4ti de porc sur toutes les faces. Le d\u00e9poser ensuite sur une feuille de papier alu, le saler et poivrer, ajouter des herbes de Provence.<\/em><\/span><\/p>\n<p style=\"text-align: center;\"><span style=\"color: #993300; font-family: georgia, palatino, serif; font-size: 14pt;\"><em> <img loading=\"lazy\" decoding=\"async\" class=\"alignnone wp-image-35599\" src=\"http:\/\/recettes-gourmandes-de-joce.fr\/wp-content\/uploads\/2021\/06\/pc110012-2-300x195.jpg\" alt=\"\" width=\"246\" height=\"160\" srcset=\"http:\/\/recettes-gourmandes-de-joce.fr\/wp-content\/uploads\/2021\/06\/pc110012-2-300x195.jpg 300w, http:\/\/recettes-gourmandes-de-joce.fr\/wp-content\/uploads\/2021\/06\/pc110012-2-768x499.jpg 768w, http:\/\/recettes-gourmandes-de-joce.fr\/wp-content\/uploads\/2021\/06\/pc110012-2-750x488.jpg 750w, http:\/\/recettes-gourmandes-de-joce.fr\/wp-content\/uploads\/2021\/06\/pc110012-2.jpg 800w\" sizes=\"auto, (max-width: 246px) 100vw, 246px\" \/>\u00a0<\/em><\/span><img loading=\"lazy\" decoding=\"async\" class=\"alignnone wp-image-35607\" src=\"http:\/\/recettes-gourmandes-de-joce.fr\/wp-content\/uploads\/2021\/06\/pc110011-2-300x221.jpg\" alt=\"\" width=\"217\" height=\"160\" srcset=\"http:\/\/recettes-gourmandes-de-joce.fr\/wp-content\/uploads\/2021\/06\/pc110011-2-300x221.jpg 300w, http:\/\/recettes-gourmandes-de-joce.fr\/wp-content\/uploads\/2021\/06\/pc110011-2-768x566.jpg 768w, http:\/\/recettes-gourmandes-de-joce.fr\/wp-content\/uploads\/2021\/06\/pc110011-2-750x553.jpg 750w, http:\/\/recettes-gourmandes-de-joce.fr\/wp-content\/uploads\/2021\/06\/pc110011-2.jpg 800w\" sizes=\"auto, (max-width: 217px) 100vw, 217px\" \/> <em style=\"color: #993300; font-family: georgia, palatino, serif; font-size: 14pt;\"><img loading=\"lazy\" decoding=\"async\" class=\"alignnone wp-image-35600\" src=\"http:\/\/recettes-gourmandes-de-joce.fr\/wp-content\/uploads\/2021\/06\/pc110036-1-300x224.jpg\" alt=\"\" width=\"215\" height=\"160\" srcset=\"http:\/\/recettes-gourmandes-de-joce.fr\/wp-content\/uploads\/2021\/06\/pc110036-1-300x224.jpg 300w, http:\/\/recettes-gourmandes-de-joce.fr\/wp-content\/uploads\/2021\/06\/pc110036-1.jpg 747w\" sizes=\"auto, (max-width: 215px) 100vw, 215px\" \/>\u00a0<\/em><\/p>\n<p style=\"text-align: center;\"><span style=\"color: #993300; font-family: georgia, palatino, serif; font-size: 14pt;\"><em>Bien l&#8217;emballer dans la feuille alu, en ajouter une deuxi\u00e8me pour assurer l&rsquo;\u00e9tanch\u00e9it\u00e9. Enfourner \u00e0 170\u00b0 en comptant 20mn de cuisson par livre (ici 1h ).<\/em><\/span><\/p>\n<p style=\"text-align: center;\"><img loading=\"lazy\" decoding=\"async\" class=\"alignnone wp-image-35601\" src=\"http:\/\/recettes-gourmandes-de-joce.fr\/wp-content\/uploads\/2021\/06\/pc120038-300x202.jpg\" alt=\"\" width=\"238\" height=\"160\" srcset=\"http:\/\/recettes-gourmandes-de-joce.fr\/wp-content\/uploads\/2021\/06\/pc120038-300x202.jpg 300w, http:\/\/recettes-gourmandes-de-joce.fr\/wp-content\/uploads\/2021\/06\/pc120038-768x516.jpg 768w, http:\/\/recettes-gourmandes-de-joce.fr\/wp-content\/uploads\/2021\/06\/pc120038-750x504.jpg 750w, http:\/\/recettes-gourmandes-de-joce.fr\/wp-content\/uploads\/2021\/06\/pc120038.jpg 800w\" sizes=\"auto, (max-width: 238px) 100vw, 238px\" \/><\/p>\n<p style=\"text-align: center;\"><span style=\"color: #993300; font-family: georgia, palatino, serif; font-size: 14pt;\"><em><span style=\"color: #993300; font-family: georgia, palatino, serif;\"><span style=\"font-size: 14pt;\">Pour avoir une cuisson \u00e0 <\/span><span style=\"font-size: 18.6667px;\">c\u0153ur<\/span><span style=\"font-size: 14pt;\">\u00a0votre r\u00f4ti doit atteindre une temp\u00e9rature de 75\u00b0 \u00e0 <\/span><span style=\"font-size: 18.6667px;\">c\u0153ur<\/span><span style=\"font-size: 14pt;\">, utiliser une sonde pour contr\u00f4ler. Je pense quand laissant mon r\u00f4ti 15 minutes de plus il aurait \u00e9t\u00e9 cuit \u00e0 <\/span><span style=\"font-size: 18.6667px;\">c\u0153ur<\/span><span style=\"font-size: 14pt;\"> donc j&rsquo;en d\u00e9duis que 25 minutes par livre est l&rsquo;id\u00e9al.<\/span><\/span><\/em><\/span><\/p>\n<p style=\"text-align: center;\"><span style=\"color: #993300; font-family: georgia, palatino, serif; font-size: 14pt;\"><em>Avantage de cette cuisson sa rapidit\u00e9, le r\u00f4ti ne r\u00e9tracte pour ainsi dire pas et reste moelleux et juteux, une m\u00e9thode que je retiens\u00a0 \ud83d\ude09 .<\/em><\/span><\/p>\n<p style=\"text-align: center;\"><span style=\"color: #993300; font-family: georgia, palatino, serif; font-size: 14pt;\"><em>Bon app\u00e9tit!<\/em><\/span><\/p>\n<p style=\"text-align: center;\"><img loading=\"lazy\" decoding=\"async\" class=\"alignnone wp-image-35602\" src=\"http:\/\/recettes-gourmandes-de-joce.fr\/wp-content\/uploads\/2021\/06\/pc120039-300x215.jpg\" alt=\"\" width=\"300\" height=\"215\" srcset=\"http:\/\/recettes-gourmandes-de-joce.fr\/wp-content\/uploads\/2021\/06\/pc120039-300x215.jpg 300w, http:\/\/recettes-gourmandes-de-joce.fr\/wp-content\/uploads\/2021\/06\/pc120039-768x551.jpg 768w, http:\/\/recettes-gourmandes-de-joce.fr\/wp-content\/uploads\/2021\/06\/pc120039-750x538.jpg 750w, http:\/\/recettes-gourmandes-de-joce.fr\/wp-content\/uploads\/2021\/06\/pc120039.jpg 800w\" sizes=\"auto, (max-width: 300px) 100vw, 300px\" \/><\/p>\n<p style=\"text-align: center;\"><img loading=\"lazy\" decoding=\"async\" class=\"alignnone wp-image-24317 size-full\" src=\"http:\/\/recettes-gourmandes-de-joce.fr\/wp-content\/uploads\/2020\/07\/logitech-gaming-software-14112014-121223.jpg\" alt=\"\" width=\"640\" height=\"144\" srcset=\"http:\/\/recettes-gourmandes-de-joce.fr\/wp-content\/uploads\/2020\/07\/logitech-gaming-software-14112014-121223.jpg 640w, http:\/\/recettes-gourmandes-de-joce.fr\/wp-content\/uploads\/2020\/07\/logitech-gaming-software-14112014-121223-300x68.jpg 300w\" sizes=\"auto, (max-width: 640px) 100vw, 640px\" \/><\/p>\n<h3>Commentaires\u00a0<small>(2)<\/small><\/h3>\n<div class=\"items-container\">\n<div class=\"item item-comment media\">\n<div class=\"pull-left\"><img decoding=\"async\" class=\"media-object\" src=\"http:\/\/recettesgourmandesdejoce.e-monsite.com\/medias\/static\/manager\/im\/avatar.png?fx=c_50_50\" alt=\"Jaja\" width=\"50\" \/><\/div>\n<div class=\"media-body\">\n<ul class=\"inline item-infos\">\n<li><span class=\"comment-number\">1.<\/span>\u00a0<span class=\"comment-author\"><strong>Jaja<\/strong><\/span>\u00a0<span class=\"comment-date\">| 29\/11\/2012<\/span><\/li>\n<\/ul>\n<div class=\"comment-content\">Tu copies mes recettes . C&rsquo;est moi, le chef lol!!!!!!!!!!!!!!!<\/div>\n<div class=\"item item-comment media by-webmaster\">\n<div class=\"pull-left\"><img decoding=\"async\" class=\"media-object\" src=\"http:\/\/recettesgourmandesdejoce.e-monsite.com\/medias\/static\/manager\/im\/avatar.png?fx=c_50_50\" alt=\"jocelyne debon\" width=\"50\" \/><\/div>\n<div class=\"media-body\">\n<ul class=\"inline item-infos\">\n<li><span class=\"comment-author\"><strong>jocelyne debon<\/strong><\/span>\u00a0<span class=\"comment-date\">| 29\/11\/2012<\/span><\/li>\n<\/ul>\n<div class=\"comment-content\">Mdr toi c&rsquo;est Jaja simon pas chef Simon lol!!! Gros bisous ma topine Joce<\/div>\n<\/div>\n<\/div>\n<\/div>\n<\/div>\n<\/div>\n","protected":false},"excerpt":{"rendered":"<p>D&rsquo;apr\u00e8s une id\u00e9e trouv\u00e9e sur le site de Chef Simon J&rsquo;ai test\u00e9 en voici mes conclusions Ingr\u00e9dients 1 R\u00f4ti de porc dans l&rsquo;\u00e9chine 1kg 500 1 morceau de beurre Herbes de Provence Sel et poivre Du papier aluminium Pr\u00e9chauffer le four \u00e0 170\u00b0. Dans une sauteuse, mettre \u00e0 fondre le beurre et colorer le r\u00f4ti &hellip; <\/p>\n<p><a class=\"more-link btn\" href=\"http:\/\/recettes-gourmandes-de-joce.fr\/index.php\/index\/viandes\/porc\/roti-de-porc-cuisson-en-papillote\/\">Lire la suite<\/a><\/p>\n","protected":false},"author":2,"featured_media":85012,"parent":59,"menu_order":0,"comment_status":"open","ping_status":"closed","template":"","meta":{"footnotes":""},"class_list":["post-35598","page","type-page","status-publish","has-post-thumbnail","hentry","nodate","item-wrap"],"_links":{"self":[{"href":"http:\/\/recettes-gourmandes-de-joce.fr\/index.php\/wp-json\/wp\/v2\/pages\/35598","targetHints":{"allow":["GET"]}}],"collection":[{"href":"http:\/\/recettes-gourmandes-de-joce.fr\/index.php\/wp-json\/wp\/v2\/pages"}],"about":[{"href":"http:\/\/recettes-gourmandes-de-joce.fr\/index.php\/wp-json\/wp\/v2\/types\/page"}],"author":[{"embeddable":true,"href":"http:\/\/recettes-gourmandes-de-joce.fr\/index.php\/wp-json\/wp\/v2\/users\/2"}],"replies":[{"embeddable":true,"href":"http:\/\/recettes-gourmandes-de-joce.fr\/index.php\/wp-json\/wp\/v2\/comments?post=35598"}],"version-history":[{"count":2,"href":"http:\/\/recettes-gourmandes-de-joce.fr\/index.php\/wp-json\/wp\/v2\/pages\/35598\/revisions"}],"predecessor-version":[{"id":85013,"href":"http:\/\/recettes-gourmandes-de-joce.fr\/index.php\/wp-json\/wp\/v2\/pages\/35598\/revisions\/85013"}],"up":[{"embeddable":true,"href":"http:\/\/recettes-gourmandes-de-joce.fr\/index.php\/wp-json\/wp\/v2\/pages\/59"}],"wp:featuredmedia":[{"embeddable":true,"href":"http:\/\/recettes-gourmandes-de-joce.fr\/index.php\/wp-json\/wp\/v2\/media\/85012"}],"wp:attachment":[{"href":"http:\/\/recettes-gourmandes-de-joce.fr\/index.php\/wp-json\/wp\/v2\/media?parent=35598"}],"curies":[{"name":"wp","href":"https:\/\/api.w.org\/{rel}","templated":true}]}}