{"id":35580,"date":"2021-06-17T11:14:57","date_gmt":"2021-06-17T11:14:57","guid":{"rendered":"http:\/\/recettes-gourmandes-de-joce.fr\/?page_id=35580"},"modified":"2024-05-20T20:35:30","modified_gmt":"2024-05-20T20:35:30","slug":"pommes-de-terre-au-gorgonzola-et-jambon-de-bayonne","status":"publish","type":"page","link":"http:\/\/recettes-gourmandes-de-joce.fr\/index.php\/index\/legumes\/pommes-de-terre\/pommes-de-terre-au-gorgonzola-et-jambon-de-bayonne\/","title":{"rendered":"Pommes de terre au gorgonzola et jambon de Bayonne."},"content":{"rendered":"<p style=\"text-align: center;\"><span style=\"font-size: 18pt; color: #008000; font-family: georgia, palatino, serif;\"><em><span style=\"line-height: normal;\"><span style=\"text-decoration: underline;\">Une de mes recettes<\/span><\/span><\/em><\/span><\/p>\n<p style=\"text-align: center;\"><img loading=\"lazy\" decoding=\"async\" class=\"alignnone wp-image-35575\" src=\"http:\/\/recettes-gourmandes-de-joce.fr\/wp-content\/uploads\/2021\/06\/ramequins-et-pomme-de-terre-34-300x225.jpg\" alt=\"\" width=\"267\" height=\"200\" srcset=\"http:\/\/recettes-gourmandes-de-joce.fr\/wp-content\/uploads\/2021\/06\/ramequins-et-pomme-de-terre-34-300x225.jpg 300w, http:\/\/recettes-gourmandes-de-joce.fr\/wp-content\/uploads\/2021\/06\/ramequins-et-pomme-de-terre-34-768x576.jpg 768w, http:\/\/recettes-gourmandes-de-joce.fr\/wp-content\/uploads\/2021\/06\/ramequins-et-pomme-de-terre-34-750x563.jpg 750w, http:\/\/recettes-gourmandes-de-joce.fr\/wp-content\/uploads\/2021\/06\/ramequins-et-pomme-de-terre-34.jpg 800w\" sizes=\"auto, (max-width: 267px) 100vw, 267px\" \/> <img loading=\"lazy\" decoding=\"async\" class=\"alignnone wp-image-35574\" src=\"http:\/\/recettes-gourmandes-de-joce.fr\/wp-content\/uploads\/2021\/06\/ramequins-et-pomme-de-terre-32-300x209.jpg\" alt=\"\" width=\"287\" height=\"200\" srcset=\"http:\/\/recettes-gourmandes-de-joce.fr\/wp-content\/uploads\/2021\/06\/ramequins-et-pomme-de-terre-32-300x209.jpg 300w, http:\/\/recettes-gourmandes-de-joce.fr\/wp-content\/uploads\/2021\/06\/ramequins-et-pomme-de-terre-32-768x535.jpg 768w, http:\/\/recettes-gourmandes-de-joce.fr\/wp-content\/uploads\/2021\/06\/ramequins-et-pomme-de-terre-32-750x522.jpg 750w, http:\/\/recettes-gourmandes-de-joce.fr\/wp-content\/uploads\/2021\/06\/ramequins-et-pomme-de-terre-32.jpg 800w\" sizes=\"auto, (max-width: 287px) 100vw, 287px\" \/><br \/>\n<span style=\"font-size: 18pt; color: #008000; font-family: georgia, palatino, serif;\"><em><span style=\"text-decoration: underline;\"><br \/>\nIngr\u00e9dients pour 6 personnes <\/span><\/em><\/span><\/p>\n<p style=\"text-align: center;\"><img loading=\"lazy\" decoding=\"async\" class=\"alignnone wp-image-35576\" src=\"http:\/\/recettes-gourmandes-de-joce.fr\/wp-content\/uploads\/2021\/06\/ramequins-et-pomme-de-terre-11-261x300.jpg\" alt=\"\" width=\"217\" height=\"250\" srcset=\"http:\/\/recettes-gourmandes-de-joce.fr\/wp-content\/uploads\/2021\/06\/ramequins-et-pomme-de-terre-11-261x300.jpg 261w, http:\/\/recettes-gourmandes-de-joce.fr\/wp-content\/uploads\/2021\/06\/ramequins-et-pomme-de-terre-11.jpg 695w\" sizes=\"auto, (max-width: 217px) 100vw, 217px\" \/><\/p>\n<p style=\"text-align: center;\"><span style=\"font-size: 14pt; font-family: georgia, palatino, serif;\"><span style=\"color: #008000;\"><em>1 kg de pommes de terre (pas trop petit) <\/em><\/span><span style=\"color: #008000;\"><em>\u00a0<\/em><\/span><\/span><\/p>\n<p style=\"text-align: center;\"><span style=\"font-size: 14pt; color: #008000; font-family: georgia, palatino, serif;\"><em>200 g de tranches de jambon de Bayonne <\/em><\/span><\/p>\n<p style=\"text-align: center;\"><span style=\"font-size: 14pt; color: #008000; font-family: georgia, palatino, serif;\"><em>100 g de lardons fum\u00e9s <\/em><\/span><\/p>\n<p style=\"text-align: center;\"><span style=\"font-size: 14pt; color: #008000; font-family: georgia, palatino, serif;\"><em>150 g de Gorgonzola <\/em><\/span><\/p>\n<p style=\"text-align: center;\"><span style=\"font-size: 14pt; color: #008000; font-family: georgia, palatino, serif;\"><em>1 bel oignon <\/em><\/span><\/p>\n<p style=\"text-align: center;\"><span style=\"font-size: 14pt; color: #008000; font-family: georgia, palatino, serif;\"><em>1 bouquet de persil <\/em><\/span><\/p>\n<p style=\"text-align: center;\"><span style=\"font-size: 14pt; color: #008000; font-family: georgia, palatino, serif;\"><em>2 feuilles de laurier <\/em><\/span><\/p>\n<p style=\"text-align: center;\"><span style=\"font-size: 14pt; color: #008000; font-family: georgia, palatino, serif;\"><em>3 c \u00e0 s de cr\u00e8me fra\u00eeche <\/em><\/span><\/p>\n<p style=\"text-align: center;\"><span style=\"font-size: 14pt; color: #008000; font-family: georgia, palatino, serif;\"><em>Sel et poivre <\/em><\/span><\/p>\n<p style=\"text-align: center;\"><img loading=\"lazy\" decoding=\"async\" class=\"alignnone wp-image-35577\" src=\"http:\/\/recettes-gourmandes-de-joce.fr\/wp-content\/uploads\/2021\/06\/ramequins-et-pomme-de-terre-13-300x191.jpg\" alt=\"\" width=\"251\" height=\"160\" srcset=\"http:\/\/recettes-gourmandes-de-joce.fr\/wp-content\/uploads\/2021\/06\/ramequins-et-pomme-de-terre-13-300x191.jpg 300w, http:\/\/recettes-gourmandes-de-joce.fr\/wp-content\/uploads\/2021\/06\/ramequins-et-pomme-de-terre-13-768x489.jpg 768w, http:\/\/recettes-gourmandes-de-joce.fr\/wp-content\/uploads\/2021\/06\/ramequins-et-pomme-de-terre-13-750x477.jpg 750w, http:\/\/recettes-gourmandes-de-joce.fr\/wp-content\/uploads\/2021\/06\/ramequins-et-pomme-de-terre-13.jpg 800w\" sizes=\"auto, (max-width: 251px) 100vw, 251px\" \/> <img loading=\"lazy\" decoding=\"async\" class=\"alignnone wp-image-35627\" src=\"http:\/\/recettes-gourmandes-de-joce.fr\/wp-content\/uploads\/2021\/06\/salade_de_melon_chevre_bacon_et_ciboulette_03-300x212.jpg\" alt=\"\" width=\"226\" height=\"160\" srcset=\"http:\/\/recettes-gourmandes-de-joce.fr\/wp-content\/uploads\/2021\/06\/salade_de_melon_chevre_bacon_et_ciboulette_03-300x212.jpg 300w, http:\/\/recettes-gourmandes-de-joce.fr\/wp-content\/uploads\/2021\/06\/salade_de_melon_chevre_bacon_et_ciboulette_03.jpg 546w\" sizes=\"auto, (max-width: 226px) 100vw, 226px\" \/> <img loading=\"lazy\" decoding=\"async\" class=\"alignnone wp-image-35626\" src=\"http:\/\/recettes-gourmandes-de-joce.fr\/wp-content\/uploads\/2021\/06\/p3260509-1-300x193.jpg\" alt=\"\" width=\"248\" height=\"160\" srcset=\"http:\/\/recettes-gourmandes-de-joce.fr\/wp-content\/uploads\/2021\/06\/p3260509-1-300x193.jpg 300w, http:\/\/recettes-gourmandes-de-joce.fr\/wp-content\/uploads\/2021\/06\/p3260509-1.jpg 717w\" sizes=\"auto, (max-width: 248px) 100vw, 248px\" \/><\/p>\n<p style=\"text-align: center;\"><span style=\"font-size: 14pt; font-family: georgia, palatino, serif;\"><span style=\"color: #008000;\"><em>Peler et hacher l&rsquo;oignon, laver et hacher le persil<\/em><\/span><span style=\"color: #008000;\"><em>. Couper le jambon en lani\u00e8res, couper le gorgonzola <\/em><\/span><\/span><span style=\"font-size: 14pt; font-family: georgia, palatino, serif;\"><span style=\"color: #008000;\"><em>en petits d\u00e9s.\u00a0<\/em><\/span><\/span><\/p>\n<p style=\"text-align: center;\"><span style=\"font-size: 14pt; color: #008000; font-family: georgia, palatino, serif;\"><span style=\"color: #4a474b; font-family: Lato, sans-serif; font-size: 16px;\">\u00a0<\/span><img loading=\"lazy\" decoding=\"async\" class=\"alignnone wp-image-35578\" style=\"color: #4a474b; font-family: Lato, sans-serif; font-size: 16px;\" src=\"http:\/\/recettes-gourmandes-de-joce.fr\/wp-content\/uploads\/2021\/06\/ramequins-et-pomme-de-terre-15-300x224.jpg\" alt=\"\" width=\"215\" height=\"160\" srcset=\"http:\/\/recettes-gourmandes-de-joce.fr\/wp-content\/uploads\/2021\/06\/ramequins-et-pomme-de-terre-15-300x224.jpg 300w, http:\/\/recettes-gourmandes-de-joce.fr\/wp-content\/uploads\/2021\/06\/ramequins-et-pomme-de-terre-15-768x572.jpg 768w, http:\/\/recettes-gourmandes-de-joce.fr\/wp-content\/uploads\/2021\/06\/ramequins-et-pomme-de-terre-15-750x559.jpg 750w, http:\/\/recettes-gourmandes-de-joce.fr\/wp-content\/uploads\/2021\/06\/ramequins-et-pomme-de-terre-15.jpg 800w\" sizes=\"auto, (max-width: 215px) 100vw, 215px\" \/><span style=\"color: #4a474b; font-family: Lato, sans-serif; font-size: 16px;\">\u00a0<\/span><img loading=\"lazy\" decoding=\"async\" class=\"alignnone wp-image-35579\" style=\"color: #4a474b; font-family: Lato, sans-serif; font-size: 16px;\" src=\"http:\/\/recettes-gourmandes-de-joce.fr\/wp-content\/uploads\/2021\/06\/ramequins-et-pomme-de-terre-18-300x200.jpg\" alt=\"\" width=\"240\" height=\"160\" srcset=\"http:\/\/recettes-gourmandes-de-joce.fr\/wp-content\/uploads\/2021\/06\/ramequins-et-pomme-de-terre-18-300x200.jpg 300w, http:\/\/recettes-gourmandes-de-joce.fr\/wp-content\/uploads\/2021\/06\/ramequins-et-pomme-de-terre-18-768x512.jpg 768w, http:\/\/recettes-gourmandes-de-joce.fr\/wp-content\/uploads\/2021\/06\/ramequins-et-pomme-de-terre-18-750x500.jpg 750w, http:\/\/recettes-gourmandes-de-joce.fr\/wp-content\/uploads\/2021\/06\/ramequins-et-pomme-de-terre-18.jpg 800w\" sizes=\"auto, (max-width: 240px) 100vw, 240px\" \/> <em><img loading=\"lazy\" decoding=\"async\" class=\"alignnone wp-image-35569\" src=\"http:\/\/recettes-gourmandes-de-joce.fr\/wp-content\/uploads\/2021\/06\/ramequins-et-pomme-de-terre-20-300x225.jpg\" alt=\"\" width=\"213\" height=\"160\" srcset=\"http:\/\/recettes-gourmandes-de-joce.fr\/wp-content\/uploads\/2021\/06\/ramequins-et-pomme-de-terre-20-300x225.jpg 300w, http:\/\/recettes-gourmandes-de-joce.fr\/wp-content\/uploads\/2021\/06\/ramequins-et-pomme-de-terre-20-768x576.jpg 768w, http:\/\/recettes-gourmandes-de-joce.fr\/wp-content\/uploads\/2021\/06\/ramequins-et-pomme-de-terre-20-750x563.jpg 750w, http:\/\/recettes-gourmandes-de-joce.fr\/wp-content\/uploads\/2021\/06\/ramequins-et-pomme-de-terre-20.jpg 800w\" sizes=\"auto, (max-width: 213px) 100vw, 213px\" \/>\u00a0<\/em><\/span><\/p>\n<p style=\"text-align: center;\"><span style=\"font-size: 14pt; font-family: georgia, palatino, serif;\"><span style=\"color: #008000;\"><span style=\"font-size: 14pt; font-family: georgia, palatino, serif;\"><span style=\"color: #008000;\"><em>Mettre les pommes de terre \u00e0 cuire dans une marmite d&rsquo;eau sal\u00e9e.\u00a0<\/em><\/span><span style=\"color: #008000;\"><em>Lorsqu&rsquo;elles sont cuites les refroidir, puis les peler et les\u00a0<\/em><\/span><span style=\"color: #008000;\"><em>couper en deux dans le sens de la longueur, les saler et poivrer.\u00a0<\/em><\/span><\/span><span style=\"font-size: 14pt; color: #008000; font-family: georgia, palatino, serif;\"><em>R\u00e9partir les oignons sur les demi pommes de terre. <\/em><\/span><em>Puis des lani\u00e8res <\/em><\/span><span style=\"color: #008000;\"><em>de jambon et des d\u00e9s de lardons.<\/em><\/span><\/span><\/p>\n<p style=\"text-align: center;\"><em style=\"color: #008000; font-family: georgia, palatino, serif; font-size: 18.6667px;\"><img loading=\"lazy\" decoding=\"async\" class=\"alignnone wp-image-35570\" src=\"http:\/\/recettes-gourmandes-de-joce.fr\/wp-content\/uploads\/2021\/06\/ramequins-et-pomme-de-terre-22-300x225.jpg\" alt=\"\" width=\"213\" height=\"160\" srcset=\"http:\/\/recettes-gourmandes-de-joce.fr\/wp-content\/uploads\/2021\/06\/ramequins-et-pomme-de-terre-22-300x225.jpg 300w, http:\/\/recettes-gourmandes-de-joce.fr\/wp-content\/uploads\/2021\/06\/ramequins-et-pomme-de-terre-22-768x576.jpg 768w, http:\/\/recettes-gourmandes-de-joce.fr\/wp-content\/uploads\/2021\/06\/ramequins-et-pomme-de-terre-22-750x563.jpg 750w, http:\/\/recettes-gourmandes-de-joce.fr\/wp-content\/uploads\/2021\/06\/ramequins-et-pomme-de-terre-22.jpg 800w\" sizes=\"auto, (max-width: 213px) 100vw, 213px\" \/>\u00a0<img loading=\"lazy\" decoding=\"async\" class=\"alignnone wp-image-35571\" src=\"http:\/\/recettes-gourmandes-de-joce.fr\/wp-content\/uploads\/2021\/06\/ramequins-et-pomme-de-terre-24-300x225.jpg\" alt=\"\" width=\"213\" height=\"160\" srcset=\"http:\/\/recettes-gourmandes-de-joce.fr\/wp-content\/uploads\/2021\/06\/ramequins-et-pomme-de-terre-24-300x225.jpg 300w, http:\/\/recettes-gourmandes-de-joce.fr\/wp-content\/uploads\/2021\/06\/ramequins-et-pomme-de-terre-24-768x576.jpg 768w, http:\/\/recettes-gourmandes-de-joce.fr\/wp-content\/uploads\/2021\/06\/ramequins-et-pomme-de-terre-24-750x563.jpg 750w, http:\/\/recettes-gourmandes-de-joce.fr\/wp-content\/uploads\/2021\/06\/ramequins-et-pomme-de-terre-24.jpg 800w\" sizes=\"auto, (max-width: 213px) 100vw, 213px\" \/> <\/em><img loading=\"lazy\" decoding=\"async\" class=\"alignnone wp-image-35572\" src=\"http:\/\/recettes-gourmandes-de-joce.fr\/wp-content\/uploads\/2021\/06\/ramequins-et-pomme-de-terre-27-300x225.jpg\" alt=\"\" width=\"213\" height=\"160\" srcset=\"http:\/\/recettes-gourmandes-de-joce.fr\/wp-content\/uploads\/2021\/06\/ramequins-et-pomme-de-terre-27-300x225.jpg 300w, http:\/\/recettes-gourmandes-de-joce.fr\/wp-content\/uploads\/2021\/06\/ramequins-et-pomme-de-terre-27-768x576.jpg 768w, http:\/\/recettes-gourmandes-de-joce.fr\/wp-content\/uploads\/2021\/06\/ramequins-et-pomme-de-terre-27-750x563.jpg 750w, http:\/\/recettes-gourmandes-de-joce.fr\/wp-content\/uploads\/2021\/06\/ramequins-et-pomme-de-terre-27.jpg 800w\" sizes=\"auto, (max-width: 213px) 100vw, 213px\" \/><\/p>\n<p><span style=\"font-size: 14pt; font-family: georgia, palatino, serif;\"><span style=\"color: #008000;\"><em>\u00a0<\/em><\/span><span style=\"color: #008000;\"><em>Ajouter un morceau de Gorgonzola sur chaque pomme de\u00a0<\/em><\/span><\/span><span style=\"font-size: 14pt; font-family: georgia, palatino, serif;\"><span style=\"color: #008000;\"><em>terre et une demi cuill\u00e8re \u00e0 caf\u00e9 de cr\u00e8me fra\u00eeche.\u00a0<\/em><\/span><span style=\"color: #008000;\"><em>Parsemer du persil hach\u00e9 et redonner un tour de moulin \u00e0 poivre.<\/em><\/span><\/span><\/p>\n<p><img loading=\"lazy\" decoding=\"async\" class=\"wp-image-35573 aligncenter\" src=\"http:\/\/recettes-gourmandes-de-joce.fr\/wp-content\/uploads\/2021\/06\/ramequins-et-pomme-de-terre-28-300x225.jpg\" alt=\"\" width=\"213\" height=\"160\" srcset=\"http:\/\/recettes-gourmandes-de-joce.fr\/wp-content\/uploads\/2021\/06\/ramequins-et-pomme-de-terre-28-300x225.jpg 300w, http:\/\/recettes-gourmandes-de-joce.fr\/wp-content\/uploads\/2021\/06\/ramequins-et-pomme-de-terre-28-768x576.jpg 768w, http:\/\/recettes-gourmandes-de-joce.fr\/wp-content\/uploads\/2021\/06\/ramequins-et-pomme-de-terre-28-750x563.jpg 750w, http:\/\/recettes-gourmandes-de-joce.fr\/wp-content\/uploads\/2021\/06\/ramequins-et-pomme-de-terre-28.jpg 800w\" sizes=\"auto, (max-width: 213px) 100vw, 213px\" \/><\/p>\n<p style=\"text-align: center;\"><span style=\"font-size: 14pt; font-family: georgia, palatino, serif;\"><span style=\"color: #008000;\"><em>\u00c9mietter<span style=\"font-size: 14pt;\">\u00a0les feuilles de laurier au-dessus des pommes de terre.\u00a0\u00a0<\/span><\/em><\/span><span style=\"color: #008000;\"><em>Enfourner sous le grill \u00e0 200\u00b0 pendant \u00bc h \/ 20 minutes selon\u00a0<\/em><\/span><span style=\"color: #008000;\"><em>les fours pour fondre le fromage et le faire l\u00e9g\u00e8rement dorer.\u00a0<\/em><\/span><\/span><span style=\"font-size: 14pt; color: #008000; font-family: georgia, palatino, serif;\"><em>Servir avec une grillade par exemple.<\/em><\/span><\/p>\n<p style=\"text-align: center;\"><span style=\"font-size: 14pt; color: #008000; font-family: georgia, palatino, serif;\"><em>Bon app\u00e9tit!<\/em><\/span><\/p>\n<p style=\"text-align: center;\"><img loading=\"lazy\" decoding=\"async\" class=\"alignnone wp-image-35574\" src=\"http:\/\/recettes-gourmandes-de-joce.fr\/wp-content\/uploads\/2021\/06\/ramequins-et-pomme-de-terre-32-300x209.jpg\" alt=\"\" width=\"287\" height=\"200\" srcset=\"http:\/\/recettes-gourmandes-de-joce.fr\/wp-content\/uploads\/2021\/06\/ramequins-et-pomme-de-terre-32-300x209.jpg 300w, http:\/\/recettes-gourmandes-de-joce.fr\/wp-content\/uploads\/2021\/06\/ramequins-et-pomme-de-terre-32-768x535.jpg 768w, http:\/\/recettes-gourmandes-de-joce.fr\/wp-content\/uploads\/2021\/06\/ramequins-et-pomme-de-terre-32-750x522.jpg 750w, http:\/\/recettes-gourmandes-de-joce.fr\/wp-content\/uploads\/2021\/06\/ramequins-et-pomme-de-terre-32.jpg 800w\" sizes=\"auto, (max-width: 287px) 100vw, 287px\" \/> <img loading=\"lazy\" decoding=\"async\" class=\"alignnone wp-image-35575\" src=\"http:\/\/recettes-gourmandes-de-joce.fr\/wp-content\/uploads\/2021\/06\/ramequins-et-pomme-de-terre-34-300x225.jpg\" alt=\"\" width=\"267\" height=\"200\" srcset=\"http:\/\/recettes-gourmandes-de-joce.fr\/wp-content\/uploads\/2021\/06\/ramequins-et-pomme-de-terre-34-300x225.jpg 300w, http:\/\/recettes-gourmandes-de-joce.fr\/wp-content\/uploads\/2021\/06\/ramequins-et-pomme-de-terre-34-768x576.jpg 768w, http:\/\/recettes-gourmandes-de-joce.fr\/wp-content\/uploads\/2021\/06\/ramequins-et-pomme-de-terre-34-750x563.jpg 750w, http:\/\/recettes-gourmandes-de-joce.fr\/wp-content\/uploads\/2021\/06\/ramequins-et-pomme-de-terre-34.jpg 800w\" sizes=\"auto, (max-width: 267px) 100vw, 267px\" \/><\/p>\n<p style=\"text-align: center;\"><img loading=\"lazy\" decoding=\"async\" class=\"alignnone wp-image-24317 size-full\" src=\"http:\/\/recettes-gourmandes-de-joce.fr\/wp-content\/uploads\/2020\/07\/logitech-gaming-software-14112014-121223.jpg\" alt=\"\" width=\"640\" height=\"144\" srcset=\"http:\/\/recettes-gourmandes-de-joce.fr\/wp-content\/uploads\/2020\/07\/logitech-gaming-software-14112014-121223.jpg 640w, http:\/\/recettes-gourmandes-de-joce.fr\/wp-content\/uploads\/2020\/07\/logitech-gaming-software-14112014-121223-300x68.jpg 300w\" sizes=\"auto, (max-width: 640px) 100vw, 640px\" \/><\/p>\n<h3>Commentaires\u00a0<small>(2)<\/small><\/h3>\n<div class=\"items-container\">\n<div class=\"item item-comment media\">\n<div class=\"pull-left\"><img decoding=\"async\" class=\"media-object\" src=\"https:\/\/www.gravatar.com\/avatar\/7c36123ce8bddc5c13f4bd0c8305a919?d=http%3A%2F%2Frecettesgourmandesdejoce.e-monsite.com%2Fmedias%2Fstatic%2Fmanager%2Fim%2Favatar.png?s=50&amp;d=mm\" alt=\"leterme\" width=\"50\" \/><\/div>\n<div class=\"media-body\">\n<ul class=\"inline item-infos\">\n<li><span class=\"comment-number\">1.<\/span>\u00a0<span class=\"comment-author\"><strong>leterme<\/strong><\/span>\u00a0<span class=\"comment-date\">| 05\/06\/2012<\/span><\/li>\n<\/ul>\n<div class=\"comment-content\">bonsoir Joce,<br \/>\nun vrai r\u00e9gal ce plat, tout ce qui est fromage chaud j&rsquo;adore \u00e7a.<br \/>\net c&rsquo;est vrai avec une grillade c&rsquo;est super. merci de ns faire partager<br \/>\ntes id\u00e9es de recettes. bonne soir\u00e9e \u00e0 bient\u00f4t, bisous.<br \/>\nolidia.<\/div>\n<div class=\"item item-comment media by-webmaster\">\n<div class=\"pull-left\"><img decoding=\"async\" class=\"media-object\" src=\"http:\/\/recettesgourmandesdejoce.e-monsite.com\/medias\/static\/manager\/im\/avatar.png?fx=c_50_50\" alt=\"jocelyne debon\" width=\"50\" \/><\/div>\n<div class=\"media-body\">\n<ul class=\"inline item-infos\">\n<li><span class=\"comment-author\"><strong>jocelyne debon<\/strong><\/span>\u00a0<span class=\"comment-date\">| 05\/06\/2012<\/span><\/li>\n<\/ul>\n<div class=\"comment-content\">Merci pour ton message c&rsquo;est gentil gros bisous Joce<\/div>\n<\/div>\n<\/div>\n<\/div>\n<\/div>\n<\/div>\n","protected":false},"excerpt":{"rendered":"<p>Une de mes recettes Ingr\u00e9dients pour 6 personnes 1 kg de pommes de terre (pas trop petit) \u00a0 200 g de tranches de jambon de Bayonne 100 g de lardons fum\u00e9s 150 g de Gorgonzola 1 bel oignon 1 bouquet de persil 2 feuilles de laurier 3 c \u00e0 s de cr\u00e8me fra\u00eeche Sel et &hellip; <\/p>\n<p><a class=\"more-link btn\" href=\"http:\/\/recettes-gourmandes-de-joce.fr\/index.php\/index\/legumes\/pommes-de-terre\/pommes-de-terre-au-gorgonzola-et-jambon-de-bayonne\/\">Lire la suite<\/a><\/p>\n","protected":false},"author":2,"featured_media":82538,"parent":943,"menu_order":0,"comment_status":"open","ping_status":"closed","template":"","meta":{"footnotes":""},"class_list":["post-35580","page","type-page","status-publish","has-post-thumbnail","hentry","nodate","item-wrap"],"_links":{"self":[{"href":"http:\/\/recettes-gourmandes-de-joce.fr\/index.php\/wp-json\/wp\/v2\/pages\/35580","targetHints":{"allow":["GET"]}}],"collection":[{"href":"http:\/\/recettes-gourmandes-de-joce.fr\/index.php\/wp-json\/wp\/v2\/pages"}],"about":[{"href":"http:\/\/recettes-gourmandes-de-joce.fr\/index.php\/wp-json\/wp\/v2\/types\/page"}],"author":[{"embeddable":true,"href":"http:\/\/recettes-gourmandes-de-joce.fr\/index.php\/wp-json\/wp\/v2\/users\/2"}],"replies":[{"embeddable":true,"href":"http:\/\/recettes-gourmandes-de-joce.fr\/index.php\/wp-json\/wp\/v2\/comments?post=35580"}],"version-history":[{"count":4,"href":"http:\/\/recettes-gourmandes-de-joce.fr\/index.php\/wp-json\/wp\/v2\/pages\/35580\/revisions"}],"predecessor-version":[{"id":82539,"href":"http:\/\/recettes-gourmandes-de-joce.fr\/index.php\/wp-json\/wp\/v2\/pages\/35580\/revisions\/82539"}],"up":[{"embeddable":true,"href":"http:\/\/recettes-gourmandes-de-joce.fr\/index.php\/wp-json\/wp\/v2\/pages\/943"}],"wp:featuredmedia":[{"embeddable":true,"href":"http:\/\/recettes-gourmandes-de-joce.fr\/index.php\/wp-json\/wp\/v2\/media\/82538"}],"wp:attachment":[{"href":"http:\/\/recettes-gourmandes-de-joce.fr\/index.php\/wp-json\/wp\/v2\/media?parent=35580"}],"curies":[{"name":"wp","href":"https:\/\/api.w.org\/{rel}","templated":true}]}}