{"id":35547,"date":"2021-06-16T23:24:50","date_gmt":"2021-06-16T23:24:50","guid":{"rendered":"http:\/\/recettes-gourmandes-de-joce.fr\/?page_id=35547"},"modified":"2024-08-16T12:50:59","modified_gmt":"2024-08-16T12:50:59","slug":"puree-de-legumes","status":"publish","type":"page","link":"http:\/\/recettes-gourmandes-de-joce.fr\/index.php\/index\/legumes\/purees-diverses\/puree-de-legumes\/","title":{"rendered":"Pur\u00e9e de l\u00e9gumes."},"content":{"rendered":"<p style=\"text-align: center;\"><span style=\"font-family: georgia,serif;\"><span style=\"color: #ff6600; text-decoration: underline;\"><em><span style=\"font-size: x-large;\">Une de mes recettes<\/span><\/em><\/span><\/span><\/p>\n<p style=\"text-align: center;\"><span style=\"font-family: georgia,serif;\">\u00a0 <img loading=\"lazy\" decoding=\"async\" class=\"alignnone wp-image-35551\" src=\"http:\/\/recettes-gourmandes-de-joce.fr\/wp-content\/uploads\/2021\/06\/puree-le9gumes-saucisses9-258x300.jpg\" alt=\"\" width=\"155\" height=\"180\" srcset=\"http:\/\/recettes-gourmandes-de-joce.fr\/wp-content\/uploads\/2021\/06\/puree-le9gumes-saucisses9-258x300.jpg 258w, http:\/\/recettes-gourmandes-de-joce.fr\/wp-content\/uploads\/2021\/06\/puree-le9gumes-saucisses9.jpg 413w\" sizes=\"auto, (max-width: 155px) 100vw, 155px\" \/> <img loading=\"lazy\" decoding=\"async\" class=\"alignnone wp-image-35552\" src=\"http:\/\/recettes-gourmandes-de-joce.fr\/wp-content\/uploads\/2021\/06\/Logitech-Gaming-Software-15092019-233121-300x191.jpg\" alt=\"\" width=\"283\" height=\"180\" srcset=\"http:\/\/recettes-gourmandes-de-joce.fr\/wp-content\/uploads\/2021\/06\/Logitech-Gaming-Software-15092019-233121-300x191.jpg 300w, http:\/\/recettes-gourmandes-de-joce.fr\/wp-content\/uploads\/2021\/06\/Logitech-Gaming-Software-15092019-233121-768x488.jpg 768w, http:\/\/recettes-gourmandes-de-joce.fr\/wp-content\/uploads\/2021\/06\/Logitech-Gaming-Software-15092019-233121-750x476.jpg 750w, http:\/\/recettes-gourmandes-de-joce.fr\/wp-content\/uploads\/2021\/06\/Logitech-Gaming-Software-15092019-233121.jpg 800w\" sizes=\"auto, (max-width: 283px) 100vw, 283px\" \/>\u00a0<\/span><\/p>\n<p style=\"text-align: center;\"><span style=\"font-family: georgia,serif;\"><span style=\"color: #ff6600; font-size: x-large; text-decoration: underline;\"><em>Ingr\u00e9dients pour 4 personnes<\/em><\/span><\/span><\/p>\n<p style=\"text-align: center;\"><span style=\"font-family: georgia,serif;\"><span style=\"color: #ff6600;\"><a title=\"titre de l'image\" href=\"http:\/\/jocelyne.debon.free.fr\/saucisses-fumees-potee\/saucisses-fumees-potee6.JPG\" rel=\"iframe\"><img decoding=\"async\" src=\"http:\/\/jocelyne.debon.free.fr\/saucisses-fumees-potee\/saucisses-fumees-potee6.JPG\" alt=\"\" width=\"230\" \/><\/a><\/span><\/span><\/p>\n<p align=\"center\"><span style=\"font-family: georgia,serif;\"><span style=\"color: #ff6600; font-size: large;\"><em>4 belles pommes de terre<\/em><\/span><\/span><\/p>\n<p align=\"center\"><span style=\"font-family: georgia,serif;\"><span style=\"color: #ff6600; font-size: large;\"><em>2 navets <\/em><\/span><\/span><\/p>\n<p align=\"center\"><span style=\"font-family: georgia,serif;\"><span style=\"color: #ff6600; font-size: large;\"><em>3 carottes<\/em><\/span><\/span><\/p>\n<p align=\"center\"><span style=\"color: #ff6600;\"><span style=\"font-size: 20px;\"><span style=\"font-family: georgia,serif;\"><em>\u00bc de c\u00e9leri rave<\/em><\/span><\/span><\/span><\/p>\n<p align=\"center\"><span style=\"font-family: georgia,serif;\"><span style=\"color: #ff6600; font-size: large;\"><em>1 oignon<\/em><\/span><\/span><\/p>\n<p align=\"center\"><span style=\"font-family: georgia,serif;\"><span style=\"color: #ff6600; font-size: large;\"><em>2 feuilles de laurier<\/em><\/span><\/span><\/p>\n<p align=\"center\"><span style=\"font-family: georgia,serif;\"><span style=\"color: #ff6600; font-size: large;\"><em>2 c \u00e0 s d&rsquo;huile d&rsquo;olive<\/em><\/span><\/span><\/p>\n<p align=\"center\"><span style=\"font-family: georgia,serif;\"><span style=\"color: #ff6600; font-size: large;\"><em>1 cube de bouillon de volaille<\/em><\/span><\/span><\/p>\n<p align=\"center\"><span style=\"font-family: georgia,serif;\"><span style=\"color: #ff6600; font-size: large;\"><em>1 bonne c \u00e0 s d&rsquo;\u00e9pices pour pommes de terre -&gt; \u00c9pic\u00e9too<\/em><\/span><\/span><\/p>\n<p align=\"center\"><span style=\"font-family: georgia,serif;\"><span style=\"color: #ff6600; font-size: large;\"><em>Sel et poivre\u00a0\u00a0<\/em><\/span><\/span><\/p>\n<p style=\"text-align: center;\"><span style=\"font-family: georgia,serif;\"><span style=\"color: #ff6600;\"><a title=\"titre de l'image\" href=\"http:\/\/jocelyne.debon.free.fr\/saucisses-fumees-potee\/saucisses-fumees-potee6.JPG\" rel=\"iframe\"><span style=\"color: #ff6600;\"><img decoding=\"async\" src=\"http:\/\/jocelyne.debon.free.fr\/saucisses-fumees-potee\/saucisses-fumees-potee6.JPG\" alt=\"\" width=\"230\" \/><\/span><\/a><a title=\"titre de l'image\" href=\"http:\/\/jocelyne.debon.free.fr\/saucisses-fumees-potee\/saucisses-fumees-potee7.JPG\" rel=\"iframe\"><span style=\"color: #ff6600;\"> <img decoding=\"async\" src=\"http:\/\/jocelyne.debon.free.fr\/saucisses-fumees-potee\/saucisses-fumees-potee7.JPG\" alt=\"\" width=\"230\" \/><\/span><\/a><span style=\"font-size: large;\"><em><a title=\"titre de l'image\" href=\"http:\/\/jocelyne.debon.free.fr\/saucisses-fumees-potee\/saucisses-fumees-potee8.JPG\" rel=\"iframe\"><span style=\"color: #ff6600;\">\u00a0<img decoding=\"async\" src=\"http:\/\/jocelyne.debon.free.fr\/saucisses-fumees-potee\/saucisses-fumees-potee8.JPG\" alt=\"\" width=\"230\" \/><\/span><\/a><\/em><\/span><\/span><\/span><\/p>\n<p align=\"center\"><span style=\"font-family: georgia,serif;\"><span style=\"font-size: large;\"><em><span style=\"color: #ff6600;\">\u00a0Peler et laver tous les l\u00e9gumes, peler et \u00e9mincer l&rsquo;oignon, couper les l\u00e9gumes en gros morceaux. Mettre l&rsquo;huile l&rsquo;olive \u00e0 chauffer sans la faire fumer dans une cocotte, ajouter les oignons, saler l\u00e9g\u00e8rement et\u00a0<\/span><\/em><\/span><\/span><em style=\"font-family: georgia, serif; font-size: large;\"><span style=\"color: #ff6600;\">les <\/span><\/em><em style=\"font-size: large; font-family: georgia, serif;\"><span style=\"color: #ff6600;\">laisser suer , lorsqu&rsquo;ils commencent \u00e0 colorer, ajouter les carottes, les navets.<\/span><\/em><\/p>\n<p style=\"text-align: center;\"><span style=\"font-family: georgia,serif;\"><span style=\"font-size: large;\"><em><span style=\"color: #ff6600;\">\u00a0<a title=\"titre de l'image\" href=\"http:\/\/jocelyne.debon.free.fr\/saucisses-fumees-potee\/saucisses-fumees-potee9.JPG\" rel=\"iframe\"><span style=\"color: #ff6600;\"><img decoding=\"async\" src=\"http:\/\/jocelyne.debon.free.fr\/saucisses-fumees-potee\/saucisses-fumees-potee9.JPG\" alt=\"\" width=\"230\" \/>\u00a0<\/span><\/a><a title=\"titre de l'image\" href=\"http:\/\/jocelyne.debon.free.fr\/saucisses-fumees-potee\/saucisses-fumees-potee10.JPG\" rel=\"iframe\"><span style=\"color: #ff6600;\"><img decoding=\"async\" src=\"http:\/\/jocelyne.debon.free.fr\/saucisses-fumees-potee\/saucisses-fumees-potee10.JPG\" alt=\"\" width=\"230\" \/>\u00a0<\/span><\/a><a title=\"titre de l'image\" href=\"http:\/\/jocelyne.debon.free.fr\/saucisses-fumees-potee\/saucisses-fumees-potee11.JPG\" rel=\"iframe\"><span style=\"color: #ff6600;\"><img decoding=\"async\" src=\"http:\/\/jocelyne.debon.free.fr\/saucisses-fumees-potee\/saucisses-fumees-potee11.JPG\" alt=\"\" width=\"230\" \/><\/span><\/a><\/span><\/em><\/span><\/span><\/p>\n<p align=\"center\"><span style=\"font-family: georgia,serif;\"><span style=\"font-size: large;\"><em><span style=\"color: #ff6600;\">\u00a0Le c\u00e9leri rave et laisser suer et mijoter environ 5 minutes, au besoin ajouter un demi verre d&rsquo;eau. Ajouter ensuite les pommes de terre, le laurier \u00e9miett\u00e9, saler et poivrer ajouter les \u00e9pices pour pommes de terre, m\u00e9langer.<\/span><\/em><\/span><\/span><\/p>\n<p style=\"text-align: center;\"><span style=\"font-family: georgia,serif;\"><img decoding=\"async\" src=\"http:\/\/jocelyne.debon.free.fr\/saucisses-fumees-potee\/saucisses-fumees-potee12.JPG\" alt=\"\" width=\"230\" \/> <img loading=\"lazy\" decoding=\"async\" class=\"alignnone wp-image-35553\" src=\"http:\/\/recettes-gourmandes-de-joce.fr\/wp-content\/uploads\/2021\/06\/puree-le9gumes-saucisses5-300x284.jpg\" alt=\"\" width=\"180\" height=\"170\" srcset=\"http:\/\/recettes-gourmandes-de-joce.fr\/wp-content\/uploads\/2021\/06\/puree-le9gumes-saucisses5-300x284.jpg 300w, http:\/\/recettes-gourmandes-de-joce.fr\/wp-content\/uploads\/2021\/06\/puree-le9gumes-saucisses5.jpg 678w\" sizes=\"auto, (max-width: 180px) 100vw, 180px\" \/>\u00a0<img loading=\"lazy\" decoding=\"async\" class=\"alignnone wp-image-35548\" src=\"http:\/\/recettes-gourmandes-de-joce.fr\/wp-content\/uploads\/2021\/06\/puree-le9gumes-saucisses6-300x239.jpg\" alt=\"\" width=\"213\" height=\"170\" srcset=\"http:\/\/recettes-gourmandes-de-joce.fr\/wp-content\/uploads\/2021\/06\/puree-le9gumes-saucisses6-300x239.jpg 300w, http:\/\/recettes-gourmandes-de-joce.fr\/wp-content\/uploads\/2021\/06\/puree-le9gumes-saucisses6.jpg 700w\" sizes=\"auto, (max-width: 213px) 100vw, 213px\" \/><\/span><\/p>\n<p align=\"center\"><span style=\"font-family: georgia,serif;\"><span style=\"color: #ff6600; font-size: large;\"><em>Ajouter le cube de bouillon de volaille et de l&rsquo;eau aux \u00be de la hauteur des l\u00e9gumes. <\/em><\/span><\/span><span style=\"font-size: 14pt; font-family: georgia, palatino, serif; color: #ff6600;\"><em>Lorsque les l\u00e9gumes sont cuits, les \u00e9goutter et\u00a0les passer au moulin \u00e0 l\u00e9gumes. Une fois r\u00e9duit en pur\u00e9e, ajouter la cr\u00e8me fra\u00eeche et le beurre\u00a0et m\u00e9langer. <\/em><\/span><\/p>\n<p align=\"center\"><img loading=\"lazy\" decoding=\"async\" class=\"alignnone wp-image-35549\" src=\"http:\/\/recettes-gourmandes-de-joce.fr\/wp-content\/uploads\/2021\/06\/puree-le9gumes-saucisses7-300x235.jpg\" alt=\"\" width=\"217\" height=\"170\" srcset=\"http:\/\/recettes-gourmandes-de-joce.fr\/wp-content\/uploads\/2021\/06\/puree-le9gumes-saucisses7-300x235.jpg 300w, http:\/\/recettes-gourmandes-de-joce.fr\/wp-content\/uploads\/2021\/06\/puree-le9gumes-saucisses7.jpg 581w\" sizes=\"auto, (max-width: 217px) 100vw, 217px\" \/> <img loading=\"lazy\" decoding=\"async\" class=\"alignnone wp-image-35550\" src=\"http:\/\/recettes-gourmandes-de-joce.fr\/wp-content\/uploads\/2021\/06\/puree-le9gumes-saucisses8-300x254.jpg\" alt=\"\" width=\"201\" height=\"170\" srcset=\"http:\/\/recettes-gourmandes-de-joce.fr\/wp-content\/uploads\/2021\/06\/puree-le9gumes-saucisses8-300x254.jpg 300w, http:\/\/recettes-gourmandes-de-joce.fr\/wp-content\/uploads\/2021\/06\/puree-le9gumes-saucisses8.jpg 644w\" sizes=\"auto, (max-width: 201px) 100vw, 201px\" \/><\/p>\n<p align=\"center\"><span style=\"font-size: 14pt; font-family: georgia, palatino, serif; color: #ff6600;\"><em>Laver et ciseler le persil.<\/em> <\/span><em style=\"color: #ff6600; font-family: georgia, palatino, serif; font-size: 14pt;\">Ajoute le persil \u00e0 la pur\u00e9e et remuer, rectifier au besoin l&rsquo;assaisonnement. Servir avec une volaille ou encore une grillade.<\/em><\/p>\n<p align=\"center\"><span style=\"font-family: georgia,serif;\"><span style=\"color: #ff6600; font-size: large;\"><em>Bon app\u00e9tit!<\/em><\/span><\/span><\/p>\n<p align=\"center\"><img loading=\"lazy\" decoding=\"async\" class=\"alignnone wp-image-35552\" src=\"http:\/\/recettes-gourmandes-de-joce.fr\/wp-content\/uploads\/2021\/06\/Logitech-Gaming-Software-15092019-233121-300x191.jpg\" alt=\"\" width=\"283\" height=\"180\" srcset=\"http:\/\/recettes-gourmandes-de-joce.fr\/wp-content\/uploads\/2021\/06\/Logitech-Gaming-Software-15092019-233121-300x191.jpg 300w, http:\/\/recettes-gourmandes-de-joce.fr\/wp-content\/uploads\/2021\/06\/Logitech-Gaming-Software-15092019-233121-768x488.jpg 768w, http:\/\/recettes-gourmandes-de-joce.fr\/wp-content\/uploads\/2021\/06\/Logitech-Gaming-Software-15092019-233121-750x476.jpg 750w, http:\/\/recettes-gourmandes-de-joce.fr\/wp-content\/uploads\/2021\/06\/Logitech-Gaming-Software-15092019-233121.jpg 800w\" sizes=\"auto, (max-width: 283px) 100vw, 283px\" \/> <img loading=\"lazy\" decoding=\"async\" class=\"alignnone wp-image-35551\" src=\"http:\/\/recettes-gourmandes-de-joce.fr\/wp-content\/uploads\/2021\/06\/puree-le9gumes-saucisses9-258x300.jpg\" alt=\"\" width=\"155\" height=\"180\" srcset=\"http:\/\/recettes-gourmandes-de-joce.fr\/wp-content\/uploads\/2021\/06\/puree-le9gumes-saucisses9-258x300.jpg 258w, http:\/\/recettes-gourmandes-de-joce.fr\/wp-content\/uploads\/2021\/06\/puree-le9gumes-saucisses9.jpg 413w\" sizes=\"auto, (max-width: 155px) 100vw, 155px\" \/><\/p>\n<p style=\"text-align: center;\" align=\"center\"><img loading=\"lazy\" decoding=\"async\" class=\"alignnone wp-image-24317 size-full\" src=\"http:\/\/recettes-gourmandes-de-joce.fr\/wp-content\/uploads\/2020\/07\/logitech-gaming-software-14112014-121223.jpg\" alt=\"\" width=\"640\" height=\"144\" srcset=\"http:\/\/recettes-gourmandes-de-joce.fr\/wp-content\/uploads\/2020\/07\/logitech-gaming-software-14112014-121223.jpg 640w, http:\/\/recettes-gourmandes-de-joce.fr\/wp-content\/uploads\/2020\/07\/logitech-gaming-software-14112014-121223-300x68.jpg 300w\" sizes=\"auto, (max-width: 640px) 100vw, 640px\" \/><\/p>\n<div class=\"items-container\">\n<div class=\"item item-comment media\">\n<div class=\"media-body\">\n<div class=\"item item-comment media by-webmaster\">\n<div class=\"media-body\"><\/div>\n<\/div>\n<\/div>\n<\/div>\n<div class=\"item item-comment media\">\n<div class=\"media-body\">\n<div class=\"item item-comment media by-webmaster\">\n<div class=\"media-body\">\n<div class=\"comment-content\"><\/div>\n<\/div>\n<\/div>\n<\/div>\n<\/div>\n<\/div>\n<p>&nbsp;<\/p>\n","protected":false},"excerpt":{"rendered":"<p>Une de mes recettes \u00a0 \u00a0 Ingr\u00e9dients pour 4 personnes 4 belles pommes de terre 2 navets 3 carottes \u00bc de c\u00e9leri rave 1 oignon 2 feuilles de laurier 2 c \u00e0 s d&rsquo;huile d&rsquo;olive 1 cube de bouillon de volaille 1 bonne c \u00e0 s d&rsquo;\u00e9pices pour pommes de terre -&gt; \u00c9pic\u00e9too Sel et &hellip; <\/p>\n<p><a class=\"more-link btn\" href=\"http:\/\/recettes-gourmandes-de-joce.fr\/index.php\/index\/legumes\/purees-diverses\/puree-de-legumes\/\">Lire la suite<\/a><\/p>\n","protected":false},"author":2,"featured_media":73905,"parent":2746,"menu_order":0,"comment_status":"open","ping_status":"closed","template":"","meta":{"footnotes":""},"class_list":["post-35547","page","type-page","status-publish","has-post-thumbnail","hentry","nodate","item-wrap"],"_links":{"self":[{"href":"http:\/\/recettes-gourmandes-de-joce.fr\/index.php\/wp-json\/wp\/v2\/pages\/35547","targetHints":{"allow":["GET"]}}],"collection":[{"href":"http:\/\/recettes-gourmandes-de-joce.fr\/index.php\/wp-json\/wp\/v2\/pages"}],"about":[{"href":"http:\/\/recettes-gourmandes-de-joce.fr\/index.php\/wp-json\/wp\/v2\/types\/page"}],"author":[{"embeddable":true,"href":"http:\/\/recettes-gourmandes-de-joce.fr\/index.php\/wp-json\/wp\/v2\/users\/2"}],"replies":[{"embeddable":true,"href":"http:\/\/recettes-gourmandes-de-joce.fr\/index.php\/wp-json\/wp\/v2\/comments?post=35547"}],"version-history":[{"count":4,"href":"http:\/\/recettes-gourmandes-de-joce.fr\/index.php\/wp-json\/wp\/v2\/pages\/35547\/revisions"}],"predecessor-version":[{"id":88953,"href":"http:\/\/recettes-gourmandes-de-joce.fr\/index.php\/wp-json\/wp\/v2\/pages\/35547\/revisions\/88953"}],"up":[{"embeddable":true,"href":"http:\/\/recettes-gourmandes-de-joce.fr\/index.php\/wp-json\/wp\/v2\/pages\/2746"}],"wp:featuredmedia":[{"embeddable":true,"href":"http:\/\/recettes-gourmandes-de-joce.fr\/index.php\/wp-json\/wp\/v2\/media\/73905"}],"wp:attachment":[{"href":"http:\/\/recettes-gourmandes-de-joce.fr\/index.php\/wp-json\/wp\/v2\/media?parent=35547"}],"curies":[{"name":"wp","href":"https:\/\/api.w.org\/{rel}","templated":true}]}}