{"id":35368,"date":"2021-06-16T10:41:49","date_gmt":"2021-06-16T10:41:49","guid":{"rendered":"http:\/\/recettes-gourmandes-de-joce.fr\/?page_id=35368"},"modified":"2024-07-05T14:43:29","modified_gmt":"2024-07-05T14:43:29","slug":"cupcakes-aux-fruits-rouges-et-coulis-de-fruits-rouges","status":"publish","type":"page","link":"http:\/\/recettes-gourmandes-de-joce.fr\/index.php\/index\/desserts\/biscuits-du-gouter\/cupcakes-aux-fruits-rouges-et-coulis-de-fruits-rouges\/","title":{"rendered":"Cupcakes aux fruits rouges et coulis de fruits rouges."},"content":{"rendered":"<p style=\"text-align: center;\"><span style=\"color: #a2297b; font-size: 18pt; text-decoration: underline; font-family: georgia, palatino, serif;\"><em>Une de mes recettes<\/em><\/span><\/p>\n<p style=\"text-align: center;\"><img loading=\"lazy\" decoding=\"async\" class=\"alignnone wp-image-35362\" src=\"http:\/\/recettes-gourmandes-de-joce.fr\/wp-content\/uploads\/2021\/06\/P1010760-300x264.jpg\" alt=\"\" width=\"205\" height=\"180\" srcset=\"http:\/\/recettes-gourmandes-de-joce.fr\/wp-content\/uploads\/2021\/06\/P1010760-300x264.jpg 300w, http:\/\/recettes-gourmandes-de-joce.fr\/wp-content\/uploads\/2021\/06\/P1010760-768x676.jpg 768w, http:\/\/recettes-gourmandes-de-joce.fr\/wp-content\/uploads\/2021\/06\/P1010760-750x660.jpg 750w, http:\/\/recettes-gourmandes-de-joce.fr\/wp-content\/uploads\/2021\/06\/P1010760.jpg 800w\" sizes=\"auto, (max-width: 205px) 100vw, 205px\" \/> <img loading=\"lazy\" decoding=\"async\" class=\"alignnone wp-image-35360\" src=\"http:\/\/recettes-gourmandes-de-joce.fr\/wp-content\/uploads\/2021\/06\/P1010749-300x233.jpg\" alt=\"\" width=\"232\" height=\"180\" srcset=\"http:\/\/recettes-gourmandes-de-joce.fr\/wp-content\/uploads\/2021\/06\/P1010749-300x233.jpg 300w, http:\/\/recettes-gourmandes-de-joce.fr\/wp-content\/uploads\/2021\/06\/P1010749-768x596.jpg 768w, http:\/\/recettes-gourmandes-de-joce.fr\/wp-content\/uploads\/2021\/06\/P1010749-750x582.jpg 750w, http:\/\/recettes-gourmandes-de-joce.fr\/wp-content\/uploads\/2021\/06\/P1010749.jpg 800w\" sizes=\"auto, (max-width: 232px) 100vw, 232px\" \/> <img loading=\"lazy\" decoding=\"async\" class=\"alignnone wp-image-35361\" src=\"http:\/\/recettes-gourmandes-de-joce.fr\/wp-content\/uploads\/2021\/06\/P1010750-300x258.jpg\" alt=\"\" width=\"209\" height=\"180\" srcset=\"http:\/\/recettes-gourmandes-de-joce.fr\/wp-content\/uploads\/2021\/06\/P1010750-300x258.jpg 300w, http:\/\/recettes-gourmandes-de-joce.fr\/wp-content\/uploads\/2021\/06\/P1010750-768x660.jpg 768w, http:\/\/recettes-gourmandes-de-joce.fr\/wp-content\/uploads\/2021\/06\/P1010750-750x645.jpg 750w, http:\/\/recettes-gourmandes-de-joce.fr\/wp-content\/uploads\/2021\/06\/P1010750.jpg 800w\" sizes=\"auto, (max-width: 209px) 100vw, 209px\" \/><\/p>\n<p style=\"text-align: center;\"><span style=\"color: #a2297b; font-size: 18pt; text-decoration: underline; font-family: georgia, palatino, serif;\"><em>Ingr\u00e9dients pour 16 cupcakes environ<\/em><\/span><\/p>\n<p style=\"text-align: center;\"><img loading=\"lazy\" decoding=\"async\" class=\"alignnone wp-image-35364\" src=\"http:\/\/recettes-gourmandes-de-joce.fr\/wp-content\/uploads\/2021\/06\/P1010687-300x236.jpg\" alt=\"\" width=\"255\" height=\"200\" srcset=\"http:\/\/recettes-gourmandes-de-joce.fr\/wp-content\/uploads\/2021\/06\/P1010687-300x236.jpg 300w, http:\/\/recettes-gourmandes-de-joce.fr\/wp-content\/uploads\/2021\/06\/P1010687-768x603.jpg 768w, http:\/\/recettes-gourmandes-de-joce.fr\/wp-content\/uploads\/2021\/06\/P1010687-750x589.jpg 750w, http:\/\/recettes-gourmandes-de-joce.fr\/wp-content\/uploads\/2021\/06\/P1010687.jpg 800w\" sizes=\"auto, (max-width: 255px) 100vw, 255px\" \/><\/p>\n<p style=\"text-align: center;\"><span style=\"color: #a2297b; font-size: 14pt; font-family: georgia, palatino, serif;\"><em>140 g de farine<\/em><\/span><\/p>\n<p style=\"text-align: center;\"><span style=\"color: #a2297b; font-size: 14pt; font-family: georgia, palatino, serif;\"><em>120 g de beurre<\/em><\/span><\/p>\n<p style=\"text-align: center;\"><span style=\"color: #a2297b; font-size: 14pt; font-family: georgia, palatino, serif;\"><em>120 g de sucre<\/em><\/span><\/p>\n<p style=\"text-align: center;\"><span style=\"color: #a2297b; font-size: 14pt; font-family: georgia, palatino, serif;\"><em><span style=\"color: #a2297b; font-family: georgia, palatino, serif;\"><span style=\"font-size: 14pt;\">2 gros <\/span><span style=\"font-size: 18.6667px;\">\u0153ufs<\/span><span style=\"font-size: 14pt;\">\u00a0ou trois petits<\/span><\/span><\/em><\/span><\/p>\n<p style=\"text-align: center;\"><span style=\"color: #a2297b; font-size: 14pt; font-family: georgia, palatino, serif;\"><em>3 c \u00e0 s de lait<\/em><\/span><\/p>\n<p style=\"text-align: center;\"><span style=\"color: #a2297b; font-size: 14pt; font-family: georgia, palatino, serif;\"><em>1 sachet de levure chimique<\/em><\/span><\/p>\n<p style=\"text-align: center;\"><span style=\"color: #a2297b; font-size: 14pt; font-family: georgia, palatino, serif;\"><em>200 g de fruits rouges congel\u00e9s<\/em><\/span><\/p>\n<p style=\"text-align: center;\"><span style=\"color: #a2297b; font-size: 14pt; font-family: georgia, palatino, serif;\"><em>1 c \u00e0 s de sucre glace<\/em><\/span><\/p>\n<p style=\"text-align: center;\"><span style=\"color: #a2297b; font-size: 14pt; font-family: georgia, palatino, serif;\"><em>De la chantilly en bombe ou maison recette sur ce lien -&gt;<a href=\"http:\/\/recettes-gourmandes-de-joce.fr\/index.php\/index\/desserts\/pates-cremes-glacages\/creme-chantilly\/\"> Chantilly<\/a><\/em><\/span><\/p>\n<p style=\"text-align: center;\"><span style=\"color: #a2297b; font-size: 14pt; font-family: georgia, palatino, serif;\"><em><img loading=\"lazy\" decoding=\"async\" class=\"alignnone wp-image-35335\" src=\"http:\/\/recettes-gourmandes-de-joce.fr\/wp-content\/uploads\/2021\/06\/P9200002-300x247.jpg\" alt=\"\" width=\"194\" height=\"160\" srcset=\"http:\/\/recettes-gourmandes-de-joce.fr\/wp-content\/uploads\/2021\/06\/P9200002-300x247.jpg 300w, http:\/\/recettes-gourmandes-de-joce.fr\/wp-content\/uploads\/2021\/06\/P9200002.jpg 550w\" sizes=\"auto, (max-width: 194px) 100vw, 194px\" \/> <img loading=\"lazy\" decoding=\"async\" class=\"alignnone wp-image-35336\" src=\"http:\/\/recettes-gourmandes-de-joce.fr\/wp-content\/uploads\/2021\/06\/P9200004-300x225.jpg\" alt=\"\" width=\"214\" height=\"160\" srcset=\"http:\/\/recettes-gourmandes-de-joce.fr\/wp-content\/uploads\/2021\/06\/P9200004-300x225.jpg 300w, http:\/\/recettes-gourmandes-de-joce.fr\/wp-content\/uploads\/2021\/06\/P9200004.jpg 550w\" sizes=\"auto, (max-width: 214px) 100vw, 214px\" \/> <img loading=\"lazy\" decoding=\"async\" class=\"alignnone wp-image-35337\" src=\"http:\/\/recettes-gourmandes-de-joce.fr\/wp-content\/uploads\/2021\/06\/P9200007-300x225.jpg\" alt=\"\" width=\"214\" height=\"160\" srcset=\"http:\/\/recettes-gourmandes-de-joce.fr\/wp-content\/uploads\/2021\/06\/P9200007-300x225.jpg 300w, http:\/\/recettes-gourmandes-de-joce.fr\/wp-content\/uploads\/2021\/06\/P9200007.jpg 550w\" sizes=\"auto, (max-width: 214px) 100vw, 214px\" \/> <\/em><\/span><\/p>\n<p style=\"text-align: center;\"><span style=\"color: #a2297b; font-size: 14pt; font-family: georgia, palatino, serif;\"><em>Mettre le beurre \u00e0 fondre au micro-ondes. <\/em><em>M\u00e9langer le beurre avec le sucre et <\/em><em>m\u00e9langer bien. <\/em><em>Pr\u00e9chauffer le four \u00e0 180\u00b0.<\/em><\/span><\/p>\n<p style=\"text-align: center;\">\u00a0<img loading=\"lazy\" decoding=\"async\" class=\"alignnone wp-image-35338\" src=\"http:\/\/recettes-gourmandes-de-joce.fr\/wp-content\/uploads\/2021\/06\/P9200010-300x225.jpg\" alt=\"\" width=\"214\" height=\"160\" srcset=\"http:\/\/recettes-gourmandes-de-joce.fr\/wp-content\/uploads\/2021\/06\/P9200010-300x225.jpg 300w, http:\/\/recettes-gourmandes-de-joce.fr\/wp-content\/uploads\/2021\/06\/P9200010.jpg 550w\" sizes=\"auto, (max-width: 214px) 100vw, 214px\" \/> <img loading=\"lazy\" decoding=\"async\" class=\"alignnone wp-image-35339\" src=\"http:\/\/recettes-gourmandes-de-joce.fr\/wp-content\/uploads\/2021\/06\/P9200014-300x267.jpg\" alt=\"\" width=\"180\" height=\"160\" srcset=\"http:\/\/recettes-gourmandes-de-joce.fr\/wp-content\/uploads\/2021\/06\/P9200014-300x267.jpg 300w, http:\/\/recettes-gourmandes-de-joce.fr\/wp-content\/uploads\/2021\/06\/P9200014.jpg 550w\" sizes=\"auto, (max-width: 180px) 100vw, 180px\" \/> <img loading=\"lazy\" decoding=\"async\" class=\"alignnone wp-image-35340\" src=\"http:\/\/recettes-gourmandes-de-joce.fr\/wp-content\/uploads\/2021\/06\/P9200016-300x243.jpg\" alt=\"\" width=\"197\" height=\"160\" srcset=\"http:\/\/recettes-gourmandes-de-joce.fr\/wp-content\/uploads\/2021\/06\/P9200016-300x243.jpg 300w, http:\/\/recettes-gourmandes-de-joce.fr\/wp-content\/uploads\/2021\/06\/P9200016.jpg 550w\" sizes=\"auto, (max-width: 197px) 100vw, 197px\" \/><\/p>\n<p style=\"text-align: center;\"><span style=\"color: #a2297b; font-size: 14pt; font-family: georgia, palatino, serif;\"><em><span style=\"color: #a2297b; font-family: georgia, palatino, serif;\"><span style=\"font-size: 14pt;\">Ajouter les <\/span><span style=\"font-size: 18.6667px;\">\u0153ufs<\/span><span style=\"font-size: 14pt;\">, m\u00e9langer ensuite la farine, m\u00e9langer \u00e0 nouveau, la levure<\/span><\/span><\/em><em style=\"color: #a2297b; font-family: georgia, palatino, serif; font-size: 14pt;\">. <\/em><\/span><\/p>\n<p style=\"text-align: center;\"><span style=\"color: #a2297b; font-size: 14pt; font-family: georgia, palatino, serif;\"><em><img loading=\"lazy\" decoding=\"async\" class=\"alignnone wp-image-35341\" src=\"http:\/\/recettes-gourmandes-de-joce.fr\/wp-content\/uploads\/2021\/06\/P9200018-300x232.jpg\" alt=\"\" width=\"207\" height=\"160\" srcset=\"http:\/\/recettes-gourmandes-de-joce.fr\/wp-content\/uploads\/2021\/06\/P9200018-300x232.jpg 300w, http:\/\/recettes-gourmandes-de-joce.fr\/wp-content\/uploads\/2021\/06\/P9200018.jpg 550w\" sizes=\"auto, (max-width: 207px) 100vw, 207px\" \/> <img loading=\"lazy\" decoding=\"async\" class=\"alignnone wp-image-35351\" src=\"http:\/\/recettes-gourmandes-de-joce.fr\/wp-content\/uploads\/2021\/06\/P1010689-300x253.jpg\" alt=\"\" width=\"190\" height=\"160\" srcset=\"http:\/\/recettes-gourmandes-de-joce.fr\/wp-content\/uploads\/2021\/06\/P1010689-300x253.jpg 300w, http:\/\/recettes-gourmandes-de-joce.fr\/wp-content\/uploads\/2021\/06\/P1010689-768x647.jpg 768w, http:\/\/recettes-gourmandes-de-joce.fr\/wp-content\/uploads\/2021\/06\/P1010689-750x632.jpg 750w, http:\/\/recettes-gourmandes-de-joce.fr\/wp-content\/uploads\/2021\/06\/P1010689.jpg 800w\" sizes=\"auto, (max-width: 190px) 100vw, 190px\" \/> <img loading=\"lazy\" decoding=\"async\" class=\"alignnone wp-image-35352\" src=\"http:\/\/recettes-gourmandes-de-joce.fr\/wp-content\/uploads\/2021\/06\/P1010690-300x229.jpg\" alt=\"\" width=\"210\" height=\"160\" srcset=\"http:\/\/recettes-gourmandes-de-joce.fr\/wp-content\/uploads\/2021\/06\/P1010690-300x229.jpg 300w, http:\/\/recettes-gourmandes-de-joce.fr\/wp-content\/uploads\/2021\/06\/P1010690-768x586.jpg 768w, http:\/\/recettes-gourmandes-de-joce.fr\/wp-content\/uploads\/2021\/06\/P1010690-750x572.jpg 750w, http:\/\/recettes-gourmandes-de-joce.fr\/wp-content\/uploads\/2021\/06\/P1010690.jpg 800w\" sizes=\"auto, (max-width: 210px) 100vw, 210px\" \/><\/em><\/span><\/p>\n<p style=\"text-align: center;\"><span style=\"color: #a2297b; font-size: 14pt; font-family: georgia, palatino, serif;\"><em>Puis terminer par le lait et m\u00e9langer. Ajouter 100 g de fruits rouges encore congel\u00e9s et m\u00e9langer de nouveau. <\/em><\/span><\/p>\n<p style=\"text-align: center;\"><span style=\"color: #a2297b; font-size: 14pt; font-family: georgia, palatino, serif;\"><em><img loading=\"lazy\" decoding=\"async\" class=\"alignnone wp-image-35353\" src=\"http:\/\/recettes-gourmandes-de-joce.fr\/wp-content\/uploads\/2021\/06\/P1010691-300x212.jpg\" alt=\"\" width=\"227\" height=\"160\" srcset=\"http:\/\/recettes-gourmandes-de-joce.fr\/wp-content\/uploads\/2021\/06\/P1010691-300x212.jpg 300w, http:\/\/recettes-gourmandes-de-joce.fr\/wp-content\/uploads\/2021\/06\/P1010691-768x542.jpg 768w, http:\/\/recettes-gourmandes-de-joce.fr\/wp-content\/uploads\/2021\/06\/P1010691-750x530.jpg 750w, http:\/\/recettes-gourmandes-de-joce.fr\/wp-content\/uploads\/2021\/06\/P1010691.jpg 800w\" sizes=\"auto, (max-width: 227px) 100vw, 227px\" \/> <img loading=\"lazy\" decoding=\"async\" class=\"alignnone wp-image-35354\" src=\"http:\/\/recettes-gourmandes-de-joce.fr\/wp-content\/uploads\/2021\/06\/P1010706-300x197.jpg\" alt=\"\" width=\"244\" height=\"160\" srcset=\"http:\/\/recettes-gourmandes-de-joce.fr\/wp-content\/uploads\/2021\/06\/P1010706-300x197.jpg 300w, http:\/\/recettes-gourmandes-de-joce.fr\/wp-content\/uploads\/2021\/06\/P1010706-768x503.jpg 768w, http:\/\/recettes-gourmandes-de-joce.fr\/wp-content\/uploads\/2021\/06\/P1010706-750x491.jpg 750w, http:\/\/recettes-gourmandes-de-joce.fr\/wp-content\/uploads\/2021\/06\/P1010706.jpg 800w\" sizes=\"auto, (max-width: 244px) 100vw, 244px\" \/> <img loading=\"lazy\" decoding=\"async\" class=\"alignnone wp-image-35355\" src=\"http:\/\/recettes-gourmandes-de-joce.fr\/wp-content\/uploads\/2021\/06\/P1010708-300x206.jpg\" alt=\"\" width=\"234\" height=\"160\" srcset=\"http:\/\/recettes-gourmandes-de-joce.fr\/wp-content\/uploads\/2021\/06\/P1010708-300x206.jpg 300w, http:\/\/recettes-gourmandes-de-joce.fr\/wp-content\/uploads\/2021\/06\/P1010708-768x526.jpg 768w, http:\/\/recettes-gourmandes-de-joce.fr\/wp-content\/uploads\/2021\/06\/P1010708-750x514.jpg 750w, http:\/\/recettes-gourmandes-de-joce.fr\/wp-content\/uploads\/2021\/06\/P1010708.jpg 800w\" sizes=\"auto, (max-width: 234px) 100vw, 234px\" \/><\/em><\/span><\/p>\n<p style=\"text-align: center;\"><span style=\"color: #a2297b; font-size: 14pt; font-family: georgia, palatino, serif;\"><em><em>R\u00e9partir le <\/em><em>m\u00e9lange dans les moules \u00e0 cupcakes et enfourner, \u00e0 180\u00b0 <\/em><em>pendant 20 minutes. <\/em><em>Si vous utilisez des moules en silicone attendez que vous <\/em><em>cupcakes refroidissent pour les d\u00e9mouler. Laissez l\u00e8s<\/em><\/em><\/span><span style=\"color: #a2297b; font-size: 14pt; font-family: georgia, palatino, serif;\"><em>\u00a0refroidir sur une grille.<\/em><\/span><\/p>\n<p style=\"text-align: center;\"><img loading=\"lazy\" decoding=\"async\" class=\"alignnone wp-image-35356\" src=\"http:\/\/recettes-gourmandes-de-joce.fr\/wp-content\/uploads\/2021\/06\/P1010742-300x200.jpg\" alt=\"\" width=\"240\" height=\"160\" srcset=\"http:\/\/recettes-gourmandes-de-joce.fr\/wp-content\/uploads\/2021\/06\/P1010742-300x200.jpg 300w, http:\/\/recettes-gourmandes-de-joce.fr\/wp-content\/uploads\/2021\/06\/P1010742-750x500.jpg 750w, http:\/\/recettes-gourmandes-de-joce.fr\/wp-content\/uploads\/2021\/06\/P1010742.jpg 766w\" sizes=\"auto, (max-width: 240px) 100vw, 240px\" \/> <img loading=\"lazy\" decoding=\"async\" class=\"alignnone wp-image-35357\" src=\"http:\/\/recettes-gourmandes-de-joce.fr\/wp-content\/uploads\/2021\/06\/P1010743-300x225.jpg\" alt=\"\" width=\"213\" height=\"160\" srcset=\"http:\/\/recettes-gourmandes-de-joce.fr\/wp-content\/uploads\/2021\/06\/P1010743-300x225.jpg 300w, http:\/\/recettes-gourmandes-de-joce.fr\/wp-content\/uploads\/2021\/06\/P1010743-768x576.jpg 768w, http:\/\/recettes-gourmandes-de-joce.fr\/wp-content\/uploads\/2021\/06\/P1010743-750x563.jpg 750w, http:\/\/recettes-gourmandes-de-joce.fr\/wp-content\/uploads\/2021\/06\/P1010743.jpg 800w\" sizes=\"auto, (max-width: 213px) 100vw, 213px\" \/> <img loading=\"lazy\" decoding=\"async\" class=\"alignnone wp-image-35358\" src=\"http:\/\/recettes-gourmandes-de-joce.fr\/wp-content\/uploads\/2021\/06\/P1010744-300x200.jpg\" alt=\"\" width=\"240\" height=\"160\" srcset=\"http:\/\/recettes-gourmandes-de-joce.fr\/wp-content\/uploads\/2021\/06\/P1010744-300x200.jpg 300w, http:\/\/recettes-gourmandes-de-joce.fr\/wp-content\/uploads\/2021\/06\/P1010744.jpg 750w\" sizes=\"auto, (max-width: 240px) 100vw, 240px\" \/><\/p>\n<p style=\"text-align: center;\"><span style=\"color: #a2297b; font-size: 14pt; font-family: georgia, palatino, serif;\"><em> Mixer ensuite ensemble le reste des fruits rouges et le sucre glace.\u00a0<\/em><\/span><span style=\"color: #a2297b; font-size: 14pt; font-family: georgia, palatino, serif;\"><em>D\u00e9corer vos cupcakes de chantilly et ajouter des points de coulis de fruits rouges autour, servir accompagn\u00e9 du reste de coulis.<\/em><\/span><\/p>\n<p style=\"text-align: center;\"><span style=\"font-size: 14pt; font-family: georgia, palatino, serif;\"><em><span style=\"color: #800080;\"><span style=\"color: #a2297b;\">Bonne d\u00e9gustation!<\/span><\/span><\/em><\/span><\/p>\n<p style=\"text-align: center;\"><span style=\"font-size: 14pt; font-family: georgia, palatino, serif;\"><em><span style=\"color: #800080;\"><img loading=\"lazy\" decoding=\"async\" class=\"alignnone wp-image-35359\" src=\"http:\/\/recettes-gourmandes-de-joce.fr\/wp-content\/uploads\/2021\/06\/P1010747-300x225.jpg\" alt=\"\" width=\"240\" height=\"180\" srcset=\"http:\/\/recettes-gourmandes-de-joce.fr\/wp-content\/uploads\/2021\/06\/P1010747-300x225.jpg 300w, http:\/\/recettes-gourmandes-de-joce.fr\/wp-content\/uploads\/2021\/06\/P1010747-768x576.jpg 768w, http:\/\/recettes-gourmandes-de-joce.fr\/wp-content\/uploads\/2021\/06\/P1010747-750x563.jpg 750w, http:\/\/recettes-gourmandes-de-joce.fr\/wp-content\/uploads\/2021\/06\/P1010747.jpg 800w\" sizes=\"auto, (max-width: 240px) 100vw, 240px\" \/> <img loading=\"lazy\" decoding=\"async\" class=\"alignnone wp-image-35361\" src=\"http:\/\/recettes-gourmandes-de-joce.fr\/wp-content\/uploads\/2021\/06\/P1010750-300x258.jpg\" alt=\"\" width=\"209\" height=\"180\" srcset=\"http:\/\/recettes-gourmandes-de-joce.fr\/wp-content\/uploads\/2021\/06\/P1010750-300x258.jpg 300w, http:\/\/recettes-gourmandes-de-joce.fr\/wp-content\/uploads\/2021\/06\/P1010750-768x660.jpg 768w, http:\/\/recettes-gourmandes-de-joce.fr\/wp-content\/uploads\/2021\/06\/P1010750-750x645.jpg 750w, http:\/\/recettes-gourmandes-de-joce.fr\/wp-content\/uploads\/2021\/06\/P1010750.jpg 800w\" sizes=\"auto, (max-width: 209px) 100vw, 209px\" \/> <img loading=\"lazy\" decoding=\"async\" class=\"alignnone wp-image-35360\" src=\"http:\/\/recettes-gourmandes-de-joce.fr\/wp-content\/uploads\/2021\/06\/P1010749-300x233.jpg\" alt=\"\" width=\"232\" height=\"180\" srcset=\"http:\/\/recettes-gourmandes-de-joce.fr\/wp-content\/uploads\/2021\/06\/P1010749-300x233.jpg 300w, http:\/\/recettes-gourmandes-de-joce.fr\/wp-content\/uploads\/2021\/06\/P1010749-768x596.jpg 768w, http:\/\/recettes-gourmandes-de-joce.fr\/wp-content\/uploads\/2021\/06\/P1010749-750x582.jpg 750w, http:\/\/recettes-gourmandes-de-joce.fr\/wp-content\/uploads\/2021\/06\/P1010749.jpg 800w\" sizes=\"auto, (max-width: 232px) 100vw, 232px\" \/><\/span><\/em><\/span><\/p>\n<p style=\"text-align: center;\"><img loading=\"lazy\" decoding=\"async\" class=\"alignnone wp-image-24317 size-full\" src=\"http:\/\/recettes-gourmandes-de-joce.fr\/wp-content\/uploads\/2020\/07\/logitech-gaming-software-14112014-121223.jpg\" alt=\"\" width=\"640\" height=\"144\" srcset=\"http:\/\/recettes-gourmandes-de-joce.fr\/wp-content\/uploads\/2020\/07\/logitech-gaming-software-14112014-121223.jpg 640w, http:\/\/recettes-gourmandes-de-joce.fr\/wp-content\/uploads\/2020\/07\/logitech-gaming-software-14112014-121223-300x68.jpg 300w\" sizes=\"auto, (max-width: 640px) 100vw, 640px\" \/><\/p>\n<h3>Commentaires\u00a0<small>(2)<\/small><\/h3>\n<div class=\"items-container\">\n<div class=\"item item-comment media\">\n<div class=\"pull-left\"><img decoding=\"async\" class=\"media-object\" src=\"https:\/\/www.gravatar.com\/avatar\/4c9683b881d471b8fa6453f15c61d28c?d=http%3A%2F%2Frecettesgourmandesdejoce.e-monsite.com%2Fmedias%2Fstatic%2Fmanager%2Fim%2Favatar.png?s=50&amp;d=mm\" alt=\"cupcak\" width=\"50\" \/><\/div>\n<div class=\"media-body\">\n<ul class=\"inline item-infos\">\n<li><span class=\"comment-number\">1.<\/span>\u00a0<span class=\"comment-author\"><strong>cupcak<\/strong>\u00a0(<a rel=\"nofollow\">site web<\/a>)<\/span>\u00a0<span class=\"comment-date\">| 28\/09\/2015<\/span><\/li>\n<\/ul>\n<div class=\"comment-content\">bravo pour l&rsquo;id\u00e9e de donner une autre forme aux cupcakes. apr\u00e8s tout il est vrai qu&rsquo;il n&rsquo;est pas n\u00e9cessaire qu&rsquo;ils soient rond. Ca semble d\u00e9licieux tout cela<\/div>\n<div class=\"item item-comment media by-webmaster\">\n<div class=\"pull-left\"><img decoding=\"async\" class=\"media-object\" src=\"http:\/\/recettesgourmandesdejoce.e-monsite.com\/medias\/static\/manager\/im\/avatar.png?fx=c_50_50\" alt=\"jocelyne debon\" width=\"50\" \/><\/div>\n<div class=\"media-body\">\n<ul class=\"inline item-infos\">\n<li><span class=\"comment-author\"><strong>jocelyne debon<\/strong><\/span>\u00a0<span class=\"comment-date\">| 28\/09\/2015<\/span><\/li>\n<\/ul>\n<div class=\"comment-content\">Merciii, c&rsquo;est vrai qu&rsquo;il faut innover un peu en cuisine Au plaisir de votre visite Amicalement Joce<\/div>\n<\/div>\n<\/div>\n<\/div>\n<\/div>\n<\/div>\n","protected":false},"excerpt":{"rendered":"<p>Une de mes recettes Ingr\u00e9dients pour 16 cupcakes environ 140 g de farine 120 g de beurre 120 g de sucre 2 gros \u0153ufs\u00a0ou trois petits 3 c \u00e0 s de lait 1 sachet de levure chimique 200 g de fruits rouges congel\u00e9s 1 c \u00e0 s de sucre glace De la chantilly en bombe &hellip; <\/p>\n<p><a class=\"more-link btn\" href=\"http:\/\/recettes-gourmandes-de-joce.fr\/index.php\/index\/desserts\/biscuits-du-gouter\/cupcakes-aux-fruits-rouges-et-coulis-de-fruits-rouges\/\">Lire la suite<\/a><\/p>\n","protected":false},"author":2,"featured_media":87023,"parent":175,"menu_order":0,"comment_status":"open","ping_status":"closed","template":"","meta":{"footnotes":""},"class_list":["post-35368","page","type-page","status-publish","has-post-thumbnail","hentry","nodate","item-wrap"],"_links":{"self":[{"href":"http:\/\/recettes-gourmandes-de-joce.fr\/index.php\/wp-json\/wp\/v2\/pages\/35368","targetHints":{"allow":["GET"]}}],"collection":[{"href":"http:\/\/recettes-gourmandes-de-joce.fr\/index.php\/wp-json\/wp\/v2\/pages"}],"about":[{"href":"http:\/\/recettes-gourmandes-de-joce.fr\/index.php\/wp-json\/wp\/v2\/types\/page"}],"author":[{"embeddable":true,"href":"http:\/\/recettes-gourmandes-de-joce.fr\/index.php\/wp-json\/wp\/v2\/users\/2"}],"replies":[{"embeddable":true,"href":"http:\/\/recettes-gourmandes-de-joce.fr\/index.php\/wp-json\/wp\/v2\/comments?post=35368"}],"version-history":[{"count":4,"href":"http:\/\/recettes-gourmandes-de-joce.fr\/index.php\/wp-json\/wp\/v2\/pages\/35368\/revisions"}],"predecessor-version":[{"id":87025,"href":"http:\/\/recettes-gourmandes-de-joce.fr\/index.php\/wp-json\/wp\/v2\/pages\/35368\/revisions\/87025"}],"up":[{"embeddable":true,"href":"http:\/\/recettes-gourmandes-de-joce.fr\/index.php\/wp-json\/wp\/v2\/pages\/175"}],"wp:featuredmedia":[{"embeddable":true,"href":"http:\/\/recettes-gourmandes-de-joce.fr\/index.php\/wp-json\/wp\/v2\/media\/87023"}],"wp:attachment":[{"href":"http:\/\/recettes-gourmandes-de-joce.fr\/index.php\/wp-json\/wp\/v2\/media?parent=35368"}],"curies":[{"name":"wp","href":"https:\/\/api.w.org\/{rel}","templated":true}]}}