{"id":35039,"date":"2021-06-15T11:36:50","date_gmt":"2021-06-15T11:36:50","guid":{"rendered":"http:\/\/recettes-gourmandes-de-joce.fr\/?page_id=35039"},"modified":"2024-06-16T23:31:08","modified_gmt":"2024-06-16T23:31:08","slug":"petites-cocottes-aux-deux-jambons-bechamel-aux-champignons","status":"publish","type":"page","link":"http:\/\/recettes-gourmandes-de-joce.fr\/index.php\/index\/entrees\/entrees-chaudes\/petites-cocottes-aux-deux-jambons-bechamel-aux-champignons\/","title":{"rendered":"Petites cocottes aux deux jambons, b\u00e9chamel aux champignons."},"content":{"rendered":"<p style=\"text-align: center;\"><span style=\"font-family: georgia, serif; font-size: 18pt; color: #993300;\"><span style=\"text-decoration: underline;\"><em>Une de mes recettes<\/em><\/span><\/span><\/p>\n<p style=\"text-align: center;\"><span style=\"font-family: georgia, serif; font-size: 14pt; color: #993300;\"><img loading=\"lazy\" decoding=\"async\" class=\"alignnone wp-image-35037\" style=\"color: #4a474b; font-family: Lato, sans-serif; font-size: 16px;\" src=\"http:\/\/recettes-gourmandes-de-joce.fr\/wp-content\/uploads\/2021\/06\/PC120561-300x198.jpg\" alt=\"\" width=\"273\" height=\"180\" srcset=\"http:\/\/recettes-gourmandes-de-joce.fr\/wp-content\/uploads\/2021\/06\/PC120561-300x198.jpg 300w, http:\/\/recettes-gourmandes-de-joce.fr\/wp-content\/uploads\/2021\/06\/PC120561.jpg 550w\" sizes=\"auto, (max-width: 273px) 100vw, 273px\" \/><em> <img loading=\"lazy\" decoding=\"async\" class=\"alignnone wp-image-35038\" src=\"http:\/\/recettes-gourmandes-de-joce.fr\/wp-content\/uploads\/2021\/06\/PC120565-300x206.jpg\" alt=\"\" width=\"263\" height=\"180\" srcset=\"http:\/\/recettes-gourmandes-de-joce.fr\/wp-content\/uploads\/2021\/06\/PC120565-300x206.jpg 300w, http:\/\/recettes-gourmandes-de-joce.fr\/wp-content\/uploads\/2021\/06\/PC120565.jpg 544w\" sizes=\"auto, (max-width: 263px) 100vw, 263px\" \/><\/em><\/span><\/p>\n<p style=\"text-align: center;\"><span style=\"font-family: georgia, serif; font-size: 14pt; color: #993300;\"><span style=\"text-decoration: underline;\"><em> <img loading=\"lazy\" decoding=\"async\" class=\"alignnone wp-image-35036\" src=\"http:\/\/recettes-gourmandes-de-joce.fr\/wp-content\/uploads\/2021\/06\/PC120557-300x212.jpg\" alt=\"\" width=\"255\" height=\"180\" srcset=\"http:\/\/recettes-gourmandes-de-joce.fr\/wp-content\/uploads\/2021\/06\/PC120557-300x212.jpg 300w, http:\/\/recettes-gourmandes-de-joce.fr\/wp-content\/uploads\/2021\/06\/PC120557.jpg 546w\" sizes=\"auto, (max-width: 255px) 100vw, 255px\" \/><\/em><\/span><\/span><\/p>\n<p style=\"text-align: center;\"><span style=\"font-family: georgia, serif; font-size: 18pt; color: #993300;\"><span style=\"text-decoration: underline;\"><em>Ingr\u00e9dients pour 6 personnes<\/em><\/span><\/span><\/p>\n<p style=\"text-align: center;\"><img loading=\"lazy\" decoding=\"async\" class=\"alignnone size-medium wp-image-35018\" src=\"http:\/\/recettes-gourmandes-de-joce.fr\/wp-content\/uploads\/2021\/06\/PC120521-300x204.jpg\" alt=\"\" width=\"300\" height=\"204\" srcset=\"http:\/\/recettes-gourmandes-de-joce.fr\/wp-content\/uploads\/2021\/06\/PC120521-300x204.jpg 300w, http:\/\/recettes-gourmandes-de-joce.fr\/wp-content\/uploads\/2021\/06\/PC120521.jpg 550w\" sizes=\"auto, (max-width: 300px) 100vw, 300px\" \/><\/p>\n<p style=\"text-align: center;\"><span style=\"font-family: georgia, serif; font-size: 14pt; color: #993300;\"><em>2 tranches de jambon blanc<\/em><\/span><\/p>\n<p style=\"text-align: center;\"><span style=\"font-family: georgia, serif; font-size: 14pt; color: #993300;\"><em>2 tranches de jambon fum\u00e9<\/em><\/span><\/p>\n<p style=\"text-align: center;\"><span style=\"font-family: georgia, serif; font-size: 14pt; color: #993300;\"><em>100 g de lard fum\u00e9 cuit<\/em><\/span><\/p>\n<p style=\"text-align: center;\"><span style=\"font-family: georgia, serif; font-size: 14pt; color: #993300;\"><em>100 g de champignons de Paris frais<\/em><\/span><\/p>\n<p style=\"text-align: center;\"><span style=\"font-family: georgia, serif; font-size: 14pt; color: #993300;\"><em>1 c \u00e0 c d&rsquo;ail semoule<\/em><\/span><\/p>\n<p style=\"text-align: center;\"><span style=\"font-family: georgia, serif; font-size: 14pt; color: #993300;\"><em>1 c \u00e0 c d&rsquo;origan sec<\/em><\/span><\/p>\n<p style=\"text-align: center;\"><span style=\"font-family: georgia, serif; font-size: 14pt; color: #993300;\"><em>1 c \u00e0 s de St M\u00f4ret<\/em><\/span><\/p>\n<p style=\"text-align: center;\"><span style=\"font-family: georgia, serif; font-size: 14pt; color: #993300;\"><em>3 c \u00e0 s d&rsquo;oignons rissol\u00e9s d\u00e9shydrat\u00e9s<\/em><\/span><\/p>\n<p style=\"text-align: center;\"><span style=\"font-family: georgia, serif; font-size: 14pt; color: #993300;\"><em>3 c \u00e0 s de chapelure<\/em><\/span><\/p>\n<p style=\"text-align: center;\"><span style=\"font-family: georgia, serif; font-size: 14pt; color: #993300;\"><em>Sel et poivre<\/em><\/span><\/p>\n<p style=\"text-align: center;\"><span style=\"font-family: georgia, serif; font-size: 14pt; color: #993300;\"><em>Beurre<\/em><\/span><\/p>\n<p style=\"text-align: center;\"><span style=\"font-family: georgia, serif; font-size: 14pt; color: #993300;\"><em>2 p\u00e2tes feuillet\u00e9es si vous faite la version tartelettes<\/em><\/span><\/p>\n<p style=\"text-align: center;\"><span style=\"font-size: 18pt; color: #993300;\"><span style=\"font-family: georgia,serif;\"><em><span style=\"text-decoration: underline;\">Quantit\u00e9s pour la b\u00e9chamel<\/span><\/em><\/span><\/span><\/p>\n<p style=\"text-align: center;\"><span style=\"font-family: georgia, serif; font-size: 14pt; color: #993300;\"><em>1 c \u00e0 s de cr\u00e8me<\/em><\/span><\/p>\n<p style=\"text-align: center;\"><span style=\"font-family: georgia, serif; font-size: 14pt; color: #993300;\"><em>20 g de beurre<\/em><\/span><\/p>\n<p style=\"text-align: center;\"><span style=\"font-family: georgia, serif; font-size: 14pt; color: #993300;\"><em>20 g de farine<\/em><\/span><\/p>\n<p style=\"text-align: center;\"><span style=\"font-family: georgia, serif; font-size: 14pt; color: #993300;\"><em>200 ml de lait<\/em><\/span><\/p>\n<p style=\"text-align: center;\"><span style=\"font-family: georgia, serif; font-size: 14pt; color: #993300;\"><em>Sel et poivre<\/em><\/span><\/p>\n<p style=\"text-align: center;\"><span style=\"font-size: 14pt; color: #993300;\"><span style=\"font-family: georgia,serif;\"><em>Recette de la b\u00e9chamel sur ce lien -&gt; <a href=\"http:\/\/recettes-gourmandes-de-joce.fr\/index.php\/index\/sauces-assaisonnements\/sauces-chaudes\/bechamel-et-ses-variantes-sauces-mornay-soubise-aurore-blanche\/\">B\u00e9chamel<\/a><\/em><\/span><span style=\"font-family: georgia,serif;\"><em>\u00a0<\/em><\/span><\/span><\/p>\n<p style=\"text-align: center;\"><img loading=\"lazy\" decoding=\"async\" class=\"alignnone wp-image-34939\" src=\"http:\/\/recettes-gourmandes-de-joce.fr\/wp-content\/uploads\/2021\/06\/20210613_172251-300x225.jpg\" alt=\"\" width=\"213\" height=\"160\" srcset=\"http:\/\/recettes-gourmandes-de-joce.fr\/wp-content\/uploads\/2021\/06\/20210613_172251-300x225.jpg 300w, http:\/\/recettes-gourmandes-de-joce.fr\/wp-content\/uploads\/2021\/06\/20210613_172251-768x576.jpg 768w, http:\/\/recettes-gourmandes-de-joce.fr\/wp-content\/uploads\/2021\/06\/20210613_172251-750x563.jpg 750w, http:\/\/recettes-gourmandes-de-joce.fr\/wp-content\/uploads\/2021\/06\/20210613_172251.jpg 800w\" sizes=\"auto, (max-width: 213px) 100vw, 213px\" \/> <img loading=\"lazy\" decoding=\"async\" class=\"alignnone wp-image-35040\" src=\"http:\/\/recettes-gourmandes-de-joce.fr\/wp-content\/uploads\/2021\/06\/PC120514-225x300.jpg\" alt=\"\" width=\"120\" height=\"160\" srcset=\"http:\/\/recettes-gourmandes-de-joce.fr\/wp-content\/uploads\/2021\/06\/PC120514-225x300.jpg 225w, http:\/\/recettes-gourmandes-de-joce.fr\/wp-content\/uploads\/2021\/06\/PC120514.jpg 412w\" sizes=\"auto, (max-width: 120px) 100vw, 120px\" \/>\u00a0 <img loading=\"lazy\" decoding=\"async\" class=\"alignnone wp-image-35019\" src=\"http:\/\/recettes-gourmandes-de-joce.fr\/wp-content\/uploads\/2021\/06\/PC120522-300x182.jpg\" alt=\"\" width=\"263\" height=\"160\" srcset=\"http:\/\/recettes-gourmandes-de-joce.fr\/wp-content\/uploads\/2021\/06\/PC120522-300x182.jpg 300w, http:\/\/recettes-gourmandes-de-joce.fr\/wp-content\/uploads\/2021\/06\/PC120522.jpg 550w\" sizes=\"auto, (max-width: 263px) 100vw, 263px\" \/><\/p>\n<p style=\"text-align: center;\"><span style=\"font-family: georgia, serif; font-size: 14pt; color: #993300;\"><em><span style=\"color: #993300; font-family: georgia, serif;\"><span style=\"font-size: 14pt;\">Si vous optez pour la version tartelettes, pr\u00e9parer vos fonds de tartes, d\u00e9couper 12 disques de la taille d&rsquo;une tartelette dans les 2 p\u00e2tes, puis dans 6 des disques, red\u00e9couper des cercles plus petits pour avoir une couronne que vous d\u00e9posez sur les grands disques entiers en les collant avec un peu d&rsquo;eau. Passer \u00e0 l&rsquo;<\/span><span style=\"font-size: 18.6667px;\">\u0153uf<\/span><span style=\"font-size: 14pt;\"> battu la <\/span><span style=\"font-size: 18.6667px;\">couronne<\/span><span style=\"font-size: 14pt;\"> de p\u00e2te et enfourner dans un four pr\u00e9chauffer \u00e0 200\u00b0 pendant 15 minutes environ.<\/span><\/span><\/em><\/span><\/p>\n<p style=\"text-align: center;\"><span style=\"font-family: georgia, serif; font-size: 14pt; color: #993300;\"><span style=\"text-decoration: underline;\"><em>Pr\u00e9parer votre b\u00e9chamel<\/em><\/span><\/span><\/p>\n<p style=\"text-align: center;\"><span style=\"font-family: georgia, serif; font-size: 14pt; color: #993300;\"><span style=\"text-decoration: underline;\"><em><img loading=\"lazy\" decoding=\"async\" class=\"alignnone wp-image-35020\" src=\"http:\/\/recettes-gourmandes-de-joce.fr\/wp-content\/uploads\/2021\/06\/PC120524-300x225.jpg\" alt=\"\" width=\"214\" height=\"160\" srcset=\"http:\/\/recettes-gourmandes-de-joce.fr\/wp-content\/uploads\/2021\/06\/PC120524-300x225.jpg 300w, http:\/\/recettes-gourmandes-de-joce.fr\/wp-content\/uploads\/2021\/06\/PC120524.jpg 550w\" sizes=\"auto, (max-width: 214px) 100vw, 214px\" \/> <img loading=\"lazy\" decoding=\"async\" class=\"alignnone wp-image-35021\" src=\"http:\/\/recettes-gourmandes-de-joce.fr\/wp-content\/uploads\/2021\/06\/PC120525-300x225.jpg\" alt=\"\" width=\"214\" height=\"160\" srcset=\"http:\/\/recettes-gourmandes-de-joce.fr\/wp-content\/uploads\/2021\/06\/PC120525-300x225.jpg 300w, http:\/\/recettes-gourmandes-de-joce.fr\/wp-content\/uploads\/2021\/06\/PC120525.jpg 550w\" sizes=\"auto, (max-width: 214px) 100vw, 214px\" \/> <img loading=\"lazy\" decoding=\"async\" class=\"alignnone wp-image-35022\" src=\"http:\/\/recettes-gourmandes-de-joce.fr\/wp-content\/uploads\/2021\/06\/PC120527-300x225.jpg\" alt=\"\" width=\"214\" height=\"160\" srcset=\"http:\/\/recettes-gourmandes-de-joce.fr\/wp-content\/uploads\/2021\/06\/PC120527-300x225.jpg 300w, http:\/\/recettes-gourmandes-de-joce.fr\/wp-content\/uploads\/2021\/06\/PC120527.jpg 550w\" sizes=\"auto, (max-width: 214px) 100vw, 214px\" \/> <\/em><\/span><\/span><\/p>\n<p style=\"text-align: center;\"><span style=\"font-family: georgia, serif; font-size: 14pt; color: #993300;\"><em>Ajouter lui la cr\u00e8me, le St Mor\u00eat, le sel et le poivre l&rsquo;origan sec.<\/em><\/span><\/p>\n<p style=\"text-align: center;\"><span style=\"font-family: georgia, serif; font-size: 14pt; color: #993300;\"><span style=\"text-decoration: underline;\"><em><img loading=\"lazy\" decoding=\"async\" class=\"alignnone wp-image-35023\" src=\"http:\/\/recettes-gourmandes-de-joce.fr\/wp-content\/uploads\/2021\/06\/PC120529-300x225.jpg\" alt=\"\" width=\"214\" height=\"160\" srcset=\"http:\/\/recettes-gourmandes-de-joce.fr\/wp-content\/uploads\/2021\/06\/PC120529-300x225.jpg 300w, http:\/\/recettes-gourmandes-de-joce.fr\/wp-content\/uploads\/2021\/06\/PC120529.jpg 550w\" sizes=\"auto, (max-width: 214px) 100vw, 214px\" \/> <img loading=\"lazy\" decoding=\"async\" class=\"alignnone wp-image-35024\" src=\"http:\/\/recettes-gourmandes-de-joce.fr\/wp-content\/uploads\/2021\/06\/PC120530-300x225.jpg\" alt=\"\" width=\"214\" height=\"160\" srcset=\"http:\/\/recettes-gourmandes-de-joce.fr\/wp-content\/uploads\/2021\/06\/PC120530-300x225.jpg 300w, http:\/\/recettes-gourmandes-de-joce.fr\/wp-content\/uploads\/2021\/06\/PC120530.jpg 550w\" sizes=\"auto, (max-width: 214px) 100vw, 214px\" \/> <img loading=\"lazy\" decoding=\"async\" class=\"alignnone wp-image-35025\" src=\"http:\/\/recettes-gourmandes-de-joce.fr\/wp-content\/uploads\/2021\/06\/PC120531-300x225.jpg\" alt=\"\" width=\"214\" height=\"160\" srcset=\"http:\/\/recettes-gourmandes-de-joce.fr\/wp-content\/uploads\/2021\/06\/PC120531-300x225.jpg 300w, http:\/\/recettes-gourmandes-de-joce.fr\/wp-content\/uploads\/2021\/06\/PC120531.jpg 550w\" sizes=\"auto, (max-width: 214px) 100vw, 214px\" \/> <\/em><\/span><\/span><\/p>\n<p style=\"text-align: center;\"><span style=\"font-family: georgia, serif; font-size: 14pt; color: #993300;\"><em>Ajouter l&rsquo;ail semoule et bien m\u00e9langer, nettoyer et couper les champignons en morceaux.<\/em><\/span><\/p>\n<p style=\"text-align: center;\"><span style=\"font-family: georgia, serif; font-size: 14pt; color: #993300;\"><em><span style=\"text-decoration: underline;\"><img loading=\"lazy\" decoding=\"async\" class=\"alignnone wp-image-35026\" src=\"http:\/\/recettes-gourmandes-de-joce.fr\/wp-content\/uploads\/2021\/06\/PC120532-300x225.jpg\" alt=\"\" width=\"214\" height=\"160\" srcset=\"http:\/\/recettes-gourmandes-de-joce.fr\/wp-content\/uploads\/2021\/06\/PC120532-300x225.jpg 300w, http:\/\/recettes-gourmandes-de-joce.fr\/wp-content\/uploads\/2021\/06\/PC120532.jpg 550w\" sizes=\"auto, (max-width: 214px) 100vw, 214px\" \/> <img loading=\"lazy\" decoding=\"async\" class=\"alignnone wp-image-35027\" src=\"http:\/\/recettes-gourmandes-de-joce.fr\/wp-content\/uploads\/2021\/06\/PC120534-300x225.jpg\" alt=\"\" width=\"214\" height=\"160\" srcset=\"http:\/\/recettes-gourmandes-de-joce.fr\/wp-content\/uploads\/2021\/06\/PC120534-300x225.jpg 300w, http:\/\/recettes-gourmandes-de-joce.fr\/wp-content\/uploads\/2021\/06\/PC120534.jpg 550w\" sizes=\"auto, (max-width: 214px) 100vw, 214px\" \/> <img loading=\"lazy\" decoding=\"async\" class=\"alignnone wp-image-35028\" src=\"http:\/\/recettes-gourmandes-de-joce.fr\/wp-content\/uploads\/2021\/06\/PC120536-300x257.jpg\" alt=\"\" width=\"186\" height=\"160\" srcset=\"http:\/\/recettes-gourmandes-de-joce.fr\/wp-content\/uploads\/2021\/06\/PC120536-300x257.jpg 300w, http:\/\/recettes-gourmandes-de-joce.fr\/wp-content\/uploads\/2021\/06\/PC120536.jpg 550w\" sizes=\"auto, (max-width: 186px) 100vw, 186px\" \/> <\/span><\/em><\/span><\/p>\n<p style=\"text-align: center;\"><span style=\"font-family: georgia, serif; font-size: 14pt; color: #993300;\"><em><span style=\"color: #993300; font-family: georgia, serif;\"><span style=\"font-size: 14pt;\">Dans une po\u00eale mettre \u00e0 fondre un morceau de beurre et y mettre \u00e0 suer les <\/span><span style=\"font-size: 18.6667px;\">champignons<\/span><span style=\"font-size: 14pt;\">\u00a0sal\u00e9s et poivr\u00e9s, les ajouter ensuite dans la sauce lorsqu&rsquo;ils ont chang\u00e9 d&rsquo;aspect et bien m\u00e9langer.<\/span><\/span><\/em><\/span><\/p>\n<p style=\"text-align: center;\"><span style=\"font-family: georgia, serif; font-size: 14pt; color: #993300;\"><em><span style=\"text-decoration: underline;\"><img loading=\"lazy\" decoding=\"async\" class=\"alignnone wp-image-35029\" src=\"http:\/\/recettes-gourmandes-de-joce.fr\/wp-content\/uploads\/2021\/06\/PC120537-300x225.jpg\" alt=\"\" width=\"214\" height=\"160\" srcset=\"http:\/\/recettes-gourmandes-de-joce.fr\/wp-content\/uploads\/2021\/06\/PC120537-300x225.jpg 300w, http:\/\/recettes-gourmandes-de-joce.fr\/wp-content\/uploads\/2021\/06\/PC120537.jpg 550w\" sizes=\"auto, (max-width: 214px) 100vw, 214px\" \/> <img loading=\"lazy\" decoding=\"async\" class=\"alignnone wp-image-35030\" src=\"http:\/\/recettes-gourmandes-de-joce.fr\/wp-content\/uploads\/2021\/06\/PC120539-300x225.jpg\" alt=\"\" width=\"214\" height=\"160\" srcset=\"http:\/\/recettes-gourmandes-de-joce.fr\/wp-content\/uploads\/2021\/06\/PC120539-300x225.jpg 300w, http:\/\/recettes-gourmandes-de-joce.fr\/wp-content\/uploads\/2021\/06\/PC120539.jpg 550w\" sizes=\"auto, (max-width: 214px) 100vw, 214px\" \/> <img loading=\"lazy\" decoding=\"async\" class=\"alignnone wp-image-35031\" src=\"http:\/\/recettes-gourmandes-de-joce.fr\/wp-content\/uploads\/2021\/06\/PC120540-300x225.jpg\" alt=\"\" width=\"214\" height=\"160\" srcset=\"http:\/\/recettes-gourmandes-de-joce.fr\/wp-content\/uploads\/2021\/06\/PC120540-300x225.jpg 300w, http:\/\/recettes-gourmandes-de-joce.fr\/wp-content\/uploads\/2021\/06\/PC120540.jpg 550w\" sizes=\"auto, (max-width: 214px) 100vw, 214px\" \/> <\/span><\/em><\/span><\/p>\n<p style=\"text-align: center;\"><span style=\"font-family: georgia, serif; font-size: 14pt; color: #993300;\"><em>Ajouter ensuite les jambons coup\u00e9s finement ainsi que le lard fum\u00e9, ajouter les oignons et m\u00e9langer.<\/em><\/span><\/p>\n<p style=\"text-align: center;\"><span style=\"font-family: georgia, serif; font-size: 14pt; color: #993300;\"><em><span style=\"text-decoration: underline;\"><img loading=\"lazy\" decoding=\"async\" class=\"alignnone wp-image-35032\" src=\"http:\/\/recettes-gourmandes-de-joce.fr\/wp-content\/uploads\/2021\/06\/PC120542-300x225.jpg\" alt=\"\" width=\"214\" height=\"160\" srcset=\"http:\/\/recettes-gourmandes-de-joce.fr\/wp-content\/uploads\/2021\/06\/PC120542-300x225.jpg 300w, http:\/\/recettes-gourmandes-de-joce.fr\/wp-content\/uploads\/2021\/06\/PC120542.jpg 550w\" sizes=\"auto, (max-width: 214px) 100vw, 214px\" \/> <img loading=\"lazy\" decoding=\"async\" class=\"alignnone wp-image-35033\" src=\"http:\/\/recettes-gourmandes-de-joce.fr\/wp-content\/uploads\/2021\/06\/PC120545-300x225.jpg\" alt=\"\" width=\"214\" height=\"160\" srcset=\"http:\/\/recettes-gourmandes-de-joce.fr\/wp-content\/uploads\/2021\/06\/PC120545-300x225.jpg 300w, http:\/\/recettes-gourmandes-de-joce.fr\/wp-content\/uploads\/2021\/06\/PC120545.jpg 550w\" sizes=\"auto, (max-width: 214px) 100vw, 214px\" \/> <img loading=\"lazy\" decoding=\"async\" class=\"alignnone wp-image-35034\" src=\"http:\/\/recettes-gourmandes-de-joce.fr\/wp-content\/uploads\/2021\/06\/PC120547-300x225.jpg\" alt=\"\" width=\"214\" height=\"160\" srcset=\"http:\/\/recettes-gourmandes-de-joce.fr\/wp-content\/uploads\/2021\/06\/PC120547-300x225.jpg 300w, http:\/\/recettes-gourmandes-de-joce.fr\/wp-content\/uploads\/2021\/06\/PC120547.jpg 550w\" sizes=\"auto, (max-width: 214px) 100vw, 214px\" \/> <\/span><\/em><\/span><\/p>\n<p style=\"text-align: center;\"><span style=\"font-family: georgia, serif; font-size: 14pt; color: #993300;\"><em>R\u00e9partir soit dans les tartelettes et r\u00e9chauffer 10 mn au four \u00e0 200\u00b0avant de d\u00e9corer de lamelles de champignons.<\/em><\/span><\/p>\n<p style=\"text-align: center;\"><span style=\"font-family: georgia, serif; font-size: 14pt; color: #993300;\"><em>Ou r\u00e9partir dans des mini cocottes, ajouter la chapelure et la poudre d&rsquo;amande et une noix de beurre, enfourn\u00e9 \u00e0 200\u00b0 pendant 30 minutes environ pour gratiner, surveiller la coloration.<\/em><\/span><\/p>\n<p style=\"text-align: center;\"><span style=\"font-family: georgia, serif; font-size: 14pt; color: #993300;\"><em>Une bonne alternative pour ceux qui n&rsquo;aiment pas les fruits de mer.<\/em><\/span><\/p>\n<p style=\"text-align: center;\"><span style=\"font-family: georgia, serif; font-size: 14pt; color: #993300;\"><em>Bon app\u00e9tit!<\/em><\/span><\/p>\n<p style=\"text-align: center;\"><img loading=\"lazy\" decoding=\"async\" class=\"alignnone wp-image-35036\" src=\"http:\/\/recettes-gourmandes-de-joce.fr\/wp-content\/uploads\/2021\/06\/PC120557-300x212.jpg\" alt=\"\" width=\"255\" height=\"180\" srcset=\"http:\/\/recettes-gourmandes-de-joce.fr\/wp-content\/uploads\/2021\/06\/PC120557-300x212.jpg 300w, http:\/\/recettes-gourmandes-de-joce.fr\/wp-content\/uploads\/2021\/06\/PC120557.jpg 546w\" sizes=\"auto, (max-width: 255px) 100vw, 255px\" \/><\/p>\n<p style=\"text-align: center;\">\u00a0<img loading=\"lazy\" decoding=\"async\" class=\"alignnone wp-image-35038\" src=\"http:\/\/recettes-gourmandes-de-joce.fr\/wp-content\/uploads\/2021\/06\/PC120565-300x206.jpg\" alt=\"\" width=\"263\" height=\"180\" srcset=\"http:\/\/recettes-gourmandes-de-joce.fr\/wp-content\/uploads\/2021\/06\/PC120565-300x206.jpg 300w, http:\/\/recettes-gourmandes-de-joce.fr\/wp-content\/uploads\/2021\/06\/PC120565.jpg 544w\" sizes=\"auto, (max-width: 263px) 100vw, 263px\" \/> <img loading=\"lazy\" decoding=\"async\" class=\"alignnone wp-image-35035\" src=\"http:\/\/recettes-gourmandes-de-joce.fr\/wp-content\/uploads\/2021\/06\/PC120550-300x225.jpg\" alt=\"\" width=\"240\" height=\"180\" srcset=\"http:\/\/recettes-gourmandes-de-joce.fr\/wp-content\/uploads\/2021\/06\/PC120550-300x225.jpg 300w, http:\/\/recettes-gourmandes-de-joce.fr\/wp-content\/uploads\/2021\/06\/PC120550.jpg 550w\" sizes=\"auto, (max-width: 240px) 100vw, 240px\" \/><\/p>\n<p style=\"text-align: center;\"><img loading=\"lazy\" decoding=\"async\" class=\"alignnone wp-image-24317 size-full\" src=\"http:\/\/recettes-gourmandes-de-joce.fr\/wp-content\/uploads\/2020\/07\/logitech-gaming-software-14112014-121223.jpg\" alt=\"\" width=\"640\" height=\"144\" srcset=\"http:\/\/recettes-gourmandes-de-joce.fr\/wp-content\/uploads\/2020\/07\/logitech-gaming-software-14112014-121223.jpg 640w, http:\/\/recettes-gourmandes-de-joce.fr\/wp-content\/uploads\/2020\/07\/logitech-gaming-software-14112014-121223-300x68.jpg 300w\" sizes=\"auto, (max-width: 640px) 100vw, 640px\" \/><\/p>\n","protected":false},"excerpt":{"rendered":"<p>Une de mes recettes Ingr\u00e9dients pour 6 personnes 2 tranches de jambon blanc 2 tranches de jambon fum\u00e9 100 g de lard fum\u00e9 cuit 100 g de champignons de Paris frais 1 c \u00e0 c d&rsquo;ail semoule 1 c \u00e0 c d&rsquo;origan sec 1 c \u00e0 s de St M\u00f4ret 3 c \u00e0 s d&rsquo;oignons &hellip; <\/p>\n<p><a class=\"more-link btn\" href=\"http:\/\/recettes-gourmandes-de-joce.fr\/index.php\/index\/entrees\/entrees-chaudes\/petites-cocottes-aux-deux-jambons-bechamel-aux-champignons\/\">Lire la suite<\/a><\/p>\n","protected":false},"author":2,"featured_media":83955,"parent":183,"menu_order":0,"comment_status":"open","ping_status":"closed","template":"","meta":{"footnotes":""},"class_list":["post-35039","page","type-page","status-publish","has-post-thumbnail","hentry","nodate","item-wrap"],"_links":{"self":[{"href":"http:\/\/recettes-gourmandes-de-joce.fr\/index.php\/wp-json\/wp\/v2\/pages\/35039","targetHints":{"allow":["GET"]}}],"collection":[{"href":"http:\/\/recettes-gourmandes-de-joce.fr\/index.php\/wp-json\/wp\/v2\/pages"}],"about":[{"href":"http:\/\/recettes-gourmandes-de-joce.fr\/index.php\/wp-json\/wp\/v2\/types\/page"}],"author":[{"embeddable":true,"href":"http:\/\/recettes-gourmandes-de-joce.fr\/index.php\/wp-json\/wp\/v2\/users\/2"}],"replies":[{"embeddable":true,"href":"http:\/\/recettes-gourmandes-de-joce.fr\/index.php\/wp-json\/wp\/v2\/comments?post=35039"}],"version-history":[{"count":4,"href":"http:\/\/recettes-gourmandes-de-joce.fr\/index.php\/wp-json\/wp\/v2\/pages\/35039\/revisions"}],"predecessor-version":[{"id":83954,"href":"http:\/\/recettes-gourmandes-de-joce.fr\/index.php\/wp-json\/wp\/v2\/pages\/35039\/revisions\/83954"}],"up":[{"embeddable":true,"href":"http:\/\/recettes-gourmandes-de-joce.fr\/index.php\/wp-json\/wp\/v2\/pages\/183"}],"wp:featuredmedia":[{"embeddable":true,"href":"http:\/\/recettes-gourmandes-de-joce.fr\/index.php\/wp-json\/wp\/v2\/media\/83955"}],"wp:attachment":[{"href":"http:\/\/recettes-gourmandes-de-joce.fr\/index.php\/wp-json\/wp\/v2\/media?parent=35039"}],"curies":[{"name":"wp","href":"https:\/\/api.w.org\/{rel}","templated":true}]}}