{"id":3481,"date":"2019-10-06T13:57:26","date_gmt":"2019-10-06T13:57:26","guid":{"rendered":"http:\/\/recettes-gourmandes-de-joce.fr\/?page_id=3481"},"modified":"2025-03-25T10:06:07","modified_gmt":"2025-03-25T10:06:07","slug":"pommes-de-terre-rissolees-aux-epices-a-lail-et-persil","status":"publish","type":"page","link":"http:\/\/recettes-gourmandes-de-joce.fr\/index.php\/index\/legumes\/pommes-de-terre\/pommes-de-terre-rissolees-aux-epices-a-lail-et-persil\/","title":{"rendered":"Pommes de terre rissol\u00e9es aux \u00e9pices, \u00e0 l&rsquo;ail et persil."},"content":{"rendered":"<p style=\"text-align: center;\"><span style=\"font-family: georgia,serif;\"><span style=\"color: #008000; text-decoration: underline;\"><em><span style=\"font-size: x-large;\">Une de mes recettes<\/span><\/em><\/span><\/span><\/p>\n<p style=\"text-align: center;\"><img loading=\"lazy\" decoding=\"async\" class=\"alignnone wp-image-62715\" src=\"http:\/\/recettes-gourmandes-de-joce.fr\/wp-content\/uploads\/2024\/03\/pommes-de-terre-rissolees1.jpg\" alt=\"\" width=\"240\" height=\"180\" srcset=\"http:\/\/recettes-gourmandes-de-joce.fr\/wp-content\/uploads\/2024\/03\/pommes-de-terre-rissolees1.jpg 800w, http:\/\/recettes-gourmandes-de-joce.fr\/wp-content\/uploads\/2024\/03\/pommes-de-terre-rissolees1-768x576.jpg 768w, http:\/\/recettes-gourmandes-de-joce.fr\/wp-content\/uploads\/2024\/03\/pommes-de-terre-rissolees1-750x563.jpg 750w\" sizes=\"auto, (max-width: 240px) 100vw, 240px\" \/> <img loading=\"lazy\" decoding=\"async\" class=\"alignnone wp-image-62716\" src=\"http:\/\/recettes-gourmandes-de-joce.fr\/wp-content\/uploads\/2024\/03\/pommes-de-terre-rissolees2.jpg\" alt=\"\" width=\"240\" height=\"180\" srcset=\"http:\/\/recettes-gourmandes-de-joce.fr\/wp-content\/uploads\/2024\/03\/pommes-de-terre-rissolees2.jpg 800w, http:\/\/recettes-gourmandes-de-joce.fr\/wp-content\/uploads\/2024\/03\/pommes-de-terre-rissolees2-768x576.jpg 768w, http:\/\/recettes-gourmandes-de-joce.fr\/wp-content\/uploads\/2024\/03\/pommes-de-terre-rissolees2-750x563.jpg 750w\" sizes=\"auto, (max-width: 240px) 100vw, 240px\" \/> <img loading=\"lazy\" decoding=\"async\" class=\"alignnone wp-image-62717\" src=\"http:\/\/recettes-gourmandes-de-joce.fr\/wp-content\/uploads\/2024\/03\/pommes-de-terre-rissolees3.jpg\" alt=\"\" width=\"263\" height=\"180\" srcset=\"http:\/\/recettes-gourmandes-de-joce.fr\/wp-content\/uploads\/2024\/03\/pommes-de-terre-rissolees3.jpg 800w, http:\/\/recettes-gourmandes-de-joce.fr\/wp-content\/uploads\/2024\/03\/pommes-de-terre-rissolees3-768x526.jpg 768w, http:\/\/recettes-gourmandes-de-joce.fr\/wp-content\/uploads\/2024\/03\/pommes-de-terre-rissolees3-750x514.jpg 750w\" sizes=\"auto, (max-width: 263px) 100vw, 263px\" \/><\/p>\n<p style=\"text-align: center;\"><span style=\"font-family: georgia,serif;\"><span style=\"color: #008000; font-size: x-large; text-decoration: underline;\"><em>Ingr\u00e9dients pour 4 personnes<\/em><\/span><\/span><\/p>\n<p style=\"text-align: center;\"><img loading=\"lazy\" decoding=\"async\" class=\"alignnone wp-image-62718\" src=\"http:\/\/recettes-gourmandes-de-joce.fr\/wp-content\/uploads\/2024\/03\/pommes-de-terre-rissolees4.jpg\" alt=\"\" width=\"277\" height=\"200\" srcset=\"http:\/\/recettes-gourmandes-de-joce.fr\/wp-content\/uploads\/2024\/03\/pommes-de-terre-rissolees4.jpg 800w, http:\/\/recettes-gourmandes-de-joce.fr\/wp-content\/uploads\/2024\/03\/pommes-de-terre-rissolees4-768x554.jpg 768w, http:\/\/recettes-gourmandes-de-joce.fr\/wp-content\/uploads\/2024\/03\/pommes-de-terre-rissolees4-750x541.jpg 750w\" sizes=\"auto, (max-width: 277px) 100vw, 277px\" \/><\/p>\n<p style=\"text-align: center;\"><span style=\"font-family: georgia,serif;\"><span style=\"color: #008000; font-size: large;\"><em>800 g de pommes de terre \u00e0 chair ferme<\/em><\/span><\/span><\/p>\n<p style=\"text-align: center;\"><span style=\"font-family: georgia,serif;\"><span style=\"color: #008000; font-size: large;\"><em>4 gousses d&rsquo;ail<\/em><\/span><\/span><\/p>\n<p style=\"text-align: center;\"><span style=\"font-family: georgia,serif;\"><span style=\"color: #008000; font-size: large;\"><em>1 petit bouquet de persil plat<\/em><\/span><\/span><\/p>\n<p style=\"text-align: center;\"><span style=\"font-family: georgia,serif;\"><span style=\"color: #008000; font-size: large;\"><em>1 c \u00e0 s d&rsquo;\u00e9pices pour pommes de terre -&gt;<a href=\"https:\/\/www.epicetoo.fr\/produit\/pomme-de-terre-epices\/\"> \u00c9pic\u00e9too<\/a><\/em><\/span><\/span><\/p>\n<p style=\"text-align: center;\"><span style=\"font-family: georgia,serif;\"><span style=\"color: #008000; font-size: large;\"><em>Huile d&rsquo;olive<\/em><\/span><\/span><\/p>\n<p style=\"text-align: center;\"><span style=\"font-family: georgia,serif;\"><span style=\"color: #008000; font-size: large;\"><em>Beurre<\/em><\/span><\/span><\/p>\n<p style=\"text-align: center;\"><span style=\"font-family: georgia,serif;\"><span style=\"color: #008000; font-size: large;\"><em>Sel et poivre\u00a0<\/em><\/span><\/span><\/p>\n<p style=\"text-align: center;\"><span style=\"font-family: georgia,serif;\"><span style=\"color: #008000; font-size: large;\"><em><span style=\"color: #008000;\"><img loading=\"lazy\" decoding=\"async\" class=\"alignnone wp-image-62720\" src=\"http:\/\/recettes-gourmandes-de-joce.fr\/wp-content\/uploads\/2024\/03\/pommes-de-terre-rissolees6.jpg\" alt=\"\" width=\"227\" height=\"170\" srcset=\"http:\/\/recettes-gourmandes-de-joce.fr\/wp-content\/uploads\/2024\/03\/pommes-de-terre-rissolees6.jpg 800w, http:\/\/recettes-gourmandes-de-joce.fr\/wp-content\/uploads\/2024\/03\/pommes-de-terre-rissolees6-768x576.jpg 768w, http:\/\/recettes-gourmandes-de-joce.fr\/wp-content\/uploads\/2024\/03\/pommes-de-terre-rissolees6-750x563.jpg 750w\" sizes=\"auto, (max-width: 227px) 100vw, 227px\" \/> <img loading=\"lazy\" decoding=\"async\" class=\"alignnone wp-image-62721\" src=\"http:\/\/recettes-gourmandes-de-joce.fr\/wp-content\/uploads\/2024\/03\/pommes-de-terre-rissolees7.jpg\" alt=\"\" width=\"227\" height=\"170\" srcset=\"http:\/\/recettes-gourmandes-de-joce.fr\/wp-content\/uploads\/2024\/03\/pommes-de-terre-rissolees7.jpg 800w, http:\/\/recettes-gourmandes-de-joce.fr\/wp-content\/uploads\/2024\/03\/pommes-de-terre-rissolees7-768x576.jpg 768w, http:\/\/recettes-gourmandes-de-joce.fr\/wp-content\/uploads\/2024\/03\/pommes-de-terre-rissolees7-750x563.jpg 750w\" sizes=\"auto, (max-width: 227px) 100vw, 227px\" \/> <img loading=\"lazy\" decoding=\"async\" class=\"alignnone wp-image-62725\" src=\"http:\/\/recettes-gourmandes-de-joce.fr\/wp-content\/uploads\/2024\/03\/ail-persil.jpg\" alt=\"\" width=\"285\" height=\"170\" srcset=\"http:\/\/recettes-gourmandes-de-joce.fr\/wp-content\/uploads\/2024\/03\/ail-persil.jpg 790w, http:\/\/recettes-gourmandes-de-joce.fr\/wp-content\/uploads\/2024\/03\/ail-persil-768x458.jpg 768w, http:\/\/recettes-gourmandes-de-joce.fr\/wp-content\/uploads\/2024\/03\/ail-persil-750x447.jpg 750w\" sizes=\"auto, (max-width: 285px) 100vw, 285px\" \/><\/span><\/em><\/span><\/span><\/p>\n<p style=\"text-align: center;\"><span style=\"font-family: georgia,serif;\"><span style=\"color: #008000; font-size: large;\"><em>Peler, d\u00e9germer et hacher l&rsquo;ail, laver et ciseler le persil. Peler et laver les pommes de terre, les couper en frites puis en petits cubes.<\/em><\/span><\/span><\/p>\n<p style=\"text-align: center;\"><img loading=\"lazy\" decoding=\"async\" class=\"alignnone wp-image-62705\" src=\"http:\/\/recettes-gourmandes-de-joce.fr\/wp-content\/uploads\/2024\/03\/pommes-de-terre-rissolees8.jpg\" alt=\"\" width=\"200\" height=\"170\" srcset=\"http:\/\/recettes-gourmandes-de-joce.fr\/wp-content\/uploads\/2024\/03\/pommes-de-terre-rissolees8.jpg 800w, http:\/\/recettes-gourmandes-de-joce.fr\/wp-content\/uploads\/2024\/03\/pommes-de-terre-rissolees8-768x652.jpg 768w, http:\/\/recettes-gourmandes-de-joce.fr\/wp-content\/uploads\/2024\/03\/pommes-de-terre-rissolees8-750x637.jpg 750w\" sizes=\"auto, (max-width: 200px) 100vw, 200px\" \/> <img loading=\"lazy\" decoding=\"async\" class=\"alignnone wp-image-62706\" src=\"http:\/\/recettes-gourmandes-de-joce.fr\/wp-content\/uploads\/2024\/03\/pommes-de-terre-rissolees9.jpg\" alt=\"\" width=\"180\" height=\"170\" srcset=\"http:\/\/recettes-gourmandes-de-joce.fr\/wp-content\/uploads\/2024\/03\/pommes-de-terre-rissolees9.jpg 800w, http:\/\/recettes-gourmandes-de-joce.fr\/wp-content\/uploads\/2024\/03\/pommes-de-terre-rissolees9-768x724.jpg 768w, http:\/\/recettes-gourmandes-de-joce.fr\/wp-content\/uploads\/2024\/03\/pommes-de-terre-rissolees9-750x707.jpg 750w\" sizes=\"auto, (max-width: 180px) 100vw, 180px\" \/> <img loading=\"lazy\" decoding=\"async\" class=\"alignnone wp-image-62707\" src=\"http:\/\/recettes-gourmandes-de-joce.fr\/wp-content\/uploads\/2024\/03\/pommes-de-terre-rissolees10.jpg\" alt=\"\" width=\"226\" height=\"170\" srcset=\"http:\/\/recettes-gourmandes-de-joce.fr\/wp-content\/uploads\/2024\/03\/pommes-de-terre-rissolees10.jpg 800w, http:\/\/recettes-gourmandes-de-joce.fr\/wp-content\/uploads\/2024\/03\/pommes-de-terre-rissolees10-768x577.jpg 768w, http:\/\/recettes-gourmandes-de-joce.fr\/wp-content\/uploads\/2024\/03\/pommes-de-terre-rissolees10-750x563.jpg 750w\" sizes=\"auto, (max-width: 226px) 100vw, 226px\" \/><\/p>\n<p style=\"text-align: center;\"><span style=\"font-family: georgia,serif;\"><span style=\"color: #008000; font-size: large;\"><em>Mettre de l&rsquo;eau \u00e0 chauffer dans une grande casserole et \u00e0 l&rsquo;\u00e9bullition y mettre les pommes de terre \u00e0 pr\u00e9cuire 5 minutes, bien les \u00e9goutter ensuite. Mettre un peu de beurre et un filet d&rsquo;huile d&rsquo;olive \u00e0 chauffer dans une po\u00eale.\u00a0<\/em><\/span><\/span><\/p>\n<p style=\"text-align: center;\"><img loading=\"lazy\" decoding=\"async\" class=\"alignnone wp-image-62708\" src=\"http:\/\/recettes-gourmandes-de-joce.fr\/wp-content\/uploads\/2024\/03\/pommes-de-terre-rissolees11.jpg\" alt=\"\" width=\"227\" height=\"170\" srcset=\"http:\/\/recettes-gourmandes-de-joce.fr\/wp-content\/uploads\/2024\/03\/pommes-de-terre-rissolees11.jpg 800w, http:\/\/recettes-gourmandes-de-joce.fr\/wp-content\/uploads\/2024\/03\/pommes-de-terre-rissolees11-768x576.jpg 768w, http:\/\/recettes-gourmandes-de-joce.fr\/wp-content\/uploads\/2024\/03\/pommes-de-terre-rissolees11-750x563.jpg 750w\" sizes=\"auto, (max-width: 227px) 100vw, 227px\" \/> <img loading=\"lazy\" decoding=\"async\" class=\"alignnone wp-image-62710\" src=\"http:\/\/recettes-gourmandes-de-joce.fr\/wp-content\/uploads\/2024\/03\/pommes-de-terre-rissolees13.jpg\" alt=\"\" width=\"227\" height=\"170\" srcset=\"http:\/\/recettes-gourmandes-de-joce.fr\/wp-content\/uploads\/2024\/03\/pommes-de-terre-rissolees13.jpg 800w, http:\/\/recettes-gourmandes-de-joce.fr\/wp-content\/uploads\/2024\/03\/pommes-de-terre-rissolees13-768x576.jpg 768w, http:\/\/recettes-gourmandes-de-joce.fr\/wp-content\/uploads\/2024\/03\/pommes-de-terre-rissolees13-750x563.jpg 750w\" sizes=\"auto, (max-width: 227px) 100vw, 227px\" \/> <img loading=\"lazy\" decoding=\"async\" class=\"alignnone wp-image-62709\" src=\"http:\/\/recettes-gourmandes-de-joce.fr\/wp-content\/uploads\/2024\/03\/pommes-de-terre-rissolees12.jpg\" alt=\"\" width=\"227\" height=\"170\" srcset=\"http:\/\/recettes-gourmandes-de-joce.fr\/wp-content\/uploads\/2024\/03\/pommes-de-terre-rissolees12.jpg 800w, http:\/\/recettes-gourmandes-de-joce.fr\/wp-content\/uploads\/2024\/03\/pommes-de-terre-rissolees12-768x576.jpg 768w, http:\/\/recettes-gourmandes-de-joce.fr\/wp-content\/uploads\/2024\/03\/pommes-de-terre-rissolees12-750x563.jpg 750w\" sizes=\"auto, (max-width: 227px) 100vw, 227px\" \/><\/p>\n<p style=\"text-align: center;\"><span style=\"font-family: georgia,serif;\"><span style=\"color: #008000; font-size: large;\"><em>Y saisir les pommes de terre, ajouter les \u00e9pices et l&rsquo;ail puis saler et poivrer, bien m\u00e9langer, laisser cuire en remuant r\u00e9guli\u00e8rement.<\/em><\/span><\/span><\/p>\n<p style=\"text-align: center;\"><img loading=\"lazy\" decoding=\"async\" class=\"alignnone wp-image-62711\" src=\"http:\/\/recettes-gourmandes-de-joce.fr\/wp-content\/uploads\/2024\/03\/pommes-de-terre-rissolees14.jpg\" alt=\"\" width=\"227\" height=\"170\" srcset=\"http:\/\/recettes-gourmandes-de-joce.fr\/wp-content\/uploads\/2024\/03\/pommes-de-terre-rissolees14.jpg 800w, http:\/\/recettes-gourmandes-de-joce.fr\/wp-content\/uploads\/2024\/03\/pommes-de-terre-rissolees14-768x576.jpg 768w, http:\/\/recettes-gourmandes-de-joce.fr\/wp-content\/uploads\/2024\/03\/pommes-de-terre-rissolees14-750x563.jpg 750w\" sizes=\"auto, (max-width: 227px) 100vw, 227px\" \/><\/p>\n<p style=\"text-align: center;\"><span style=\"font-family: georgia,serif;\"><span style=\"color: #008000; font-size: large;\"><em>Lorsque les pommes de terre sont cuites et dor\u00e9es, ajouter le persil, m\u00e9langer et servir imm\u00e9diatement.<\/em><\/span><\/span><\/p>\n<p style=\"text-align: center;\"><span style=\"font-family: georgia,serif;\"><span style=\"color: #008000; font-size: large;\"><em>Bon app\u00e9tit!<\/em><\/span><\/span><\/p>\n<p style=\"text-align: center;\"><img loading=\"lazy\" decoding=\"async\" class=\"alignnone wp-image-62714\" src=\"http:\/\/recettes-gourmandes-de-joce.fr\/wp-content\/uploads\/2024\/03\/pommes-de-terre-rissolees17.jpg\" alt=\"\" width=\"240\" height=\"180\" srcset=\"http:\/\/recettes-gourmandes-de-joce.fr\/wp-content\/uploads\/2024\/03\/pommes-de-terre-rissolees17.jpg 800w, http:\/\/recettes-gourmandes-de-joce.fr\/wp-content\/uploads\/2024\/03\/pommes-de-terre-rissolees17-768x576.jpg 768w, http:\/\/recettes-gourmandes-de-joce.fr\/wp-content\/uploads\/2024\/03\/pommes-de-terre-rissolees17-750x563.jpg 750w\" sizes=\"auto, (max-width: 240px) 100vw, 240px\" \/> <img loading=\"lazy\" decoding=\"async\" class=\"alignnone wp-image-62712\" src=\"http:\/\/recettes-gourmandes-de-joce.fr\/wp-content\/uploads\/2024\/03\/pommes-de-terre-rissolees15.jpg\" alt=\"\" width=\"260\" height=\"180\" srcset=\"http:\/\/recettes-gourmandes-de-joce.fr\/wp-content\/uploads\/2024\/03\/pommes-de-terre-rissolees15.jpg 800w, http:\/\/recettes-gourmandes-de-joce.fr\/wp-content\/uploads\/2024\/03\/pommes-de-terre-rissolees15-768x531.jpg 768w, http:\/\/recettes-gourmandes-de-joce.fr\/wp-content\/uploads\/2024\/03\/pommes-de-terre-rissolees15-750x518.jpg 750w\" sizes=\"auto, (max-width: 260px) 100vw, 260px\" \/> <img loading=\"lazy\" decoding=\"async\" class=\"alignnone wp-image-62713\" src=\"http:\/\/recettes-gourmandes-de-joce.fr\/wp-content\/uploads\/2024\/03\/pommes-de-terre-rissolees16.jpg\" alt=\"\" width=\"240\" height=\"180\" srcset=\"http:\/\/recettes-gourmandes-de-joce.fr\/wp-content\/uploads\/2024\/03\/pommes-de-terre-rissolees16.jpg 800w, http:\/\/recettes-gourmandes-de-joce.fr\/wp-content\/uploads\/2024\/03\/pommes-de-terre-rissolees16-768x576.jpg 768w, http:\/\/recettes-gourmandes-de-joce.fr\/wp-content\/uploads\/2024\/03\/pommes-de-terre-rissolees16-750x563.jpg 750w\" sizes=\"auto, (max-width: 240px) 100vw, 240px\" \/><\/p>\n<p style=\"text-align: center;\"><img loading=\"lazy\" decoding=\"async\" class=\"alignnone size-full wp-image-59803\" src=\"http:\/\/recettes-gourmandes-de-joce.fr\/wp-content\/uploads\/2024\/01\/logitech-gaming-software-14112014-121223.jpg\" alt=\"\" width=\"640\" height=\"144\" \/><\/p>\n<h3>Commentaires\u00a0<small>(4)<\/small><\/h3>\n<div class=\"items-container\">\n<div class=\"item item-comment media\">\n<div class=\"pull-left\">\n<p>&nbsp;<\/p>\n<p><img decoding=\"async\" class=\"media-object\" src=\"https:\/\/www.gravatar.com\/avatar\/d8ce8554be0b78ffe2d9978ddbbf9644?d=https%3A%2F%2Fwww.recettes-gourmandes-de-joce.com%2Fmedias%2Fstatic%2Fmanager%2Fim%2Favatar.png?s=50&amp;d=mm\" alt=\"genevieve\" width=\"50\" \/><\/p>\n<\/div>\n<div class=\"media-body\">\n<ul class=\"inline item-infos\">\n<li><span class=\"comment-number\">1.<\/span>\u00a0<span class=\"comment-author\"><strong>genevieve<\/strong><\/span>\u00a0<span class=\"comment-date\">| 19\/10\/2014<\/span><\/li>\n<\/ul>\n<div class=\"comment-content\">Je cherchais , justement , une recette BBQ &#8230;(vu la m\u00e9t\u00e9o siiii cl\u00e9mente ).<br \/>\nParfait !<br \/>\nA refaire quand toute la famille est au complet (14 ) , plus les patates ont dor\u00e9 , meilleures elles sont<br \/>\nMerci 1000 fois !<\/div>\n<div class=\"item item-comment media by-webmaster\">\n<div class=\"pull-left\">\n<p>&nbsp;<\/p>\n<\/div>\n<div class=\"media-body\">\n<ul class=\"inline item-infos\">\n<li><span class=\"comment-author\"><strong>jocelyne debon<\/strong>\u00a0(<a rel=\"nofollow\">site web<\/a>)<\/span>\u00a0<span class=\"comment-date\">| 19\/10\/2014<\/span><\/li>\n<\/ul>\n<div class=\"comment-content\">Merci pour ce gentil commentaire Bonne journ\u00e9e Amicalement Joce<\/div>\n<\/div>\n<\/div>\n<\/div>\n<\/div>\n<div class=\"item item-comment media\">\n<div class=\"pull-left\">\n<p>&nbsp;<\/p>\n<p><img decoding=\"async\" class=\"media-object\" src=\"https:\/\/www.gravatar.com\/avatar\/5c02af0b128437a89a92a6581c4d32c3?d=https%3A%2F%2Fwww.recettes-gourmandes-de-joce.com%2Fmedias%2Fstatic%2Fmanager%2Fim%2Favatar.png?s=50&amp;d=mm\" alt=\"Fran\u00e7oise\" width=\"50\" \/><\/p>\n<\/div>\n<div class=\"media-body\">\n<ul class=\"inline item-infos\">\n<li><span class=\"comment-number\">2.<\/span>\u00a0<span class=\"comment-author\"><strong>Fran\u00e7oise<\/strong>\u00a0(<a rel=\"nofollow\">site web<\/a>)<\/span>\u00a0<span class=\"comment-date\">| 18\/10\/2014<\/span><\/li>\n<\/ul>\n<div class=\"comment-content\">J&rsquo;adore &#8230;<br \/>\nBravo \u00e0 Toi Jocelyne &#8230;<br \/>\nUn plat tout simple qui nous donne grave envie &#8230;.<br \/>\nFran\u00e7oise<\/div>\n<div class=\"item item-comment media by-webmaster\">\n<div class=\"pull-left\">\n<p>&nbsp;<\/p>\n<\/div>\n<div class=\"media-body\">\n<ul class=\"inline item-infos\">\n<li><span class=\"comment-author\"><strong>jocelyne debon<\/strong>\u00a0(<a rel=\"nofollow\">site web<\/a>)<\/span>\u00a0<span class=\"comment-date\">| 18\/10\/2014<\/span><\/li>\n<\/ul>\n<div class=\"comment-content\">Merciii beaucoup, c&rsquo;est tr\u00e8s gentil, parfois il ne faut pas chercher la complication pour faire un tr\u00e8s bon plat Au plaisir Amicalement<\/div>\n<\/div>\n<\/div>\n<\/div>\n<\/div>\n<\/div>\n","protected":false},"excerpt":{"rendered":"<p>Une de mes recettes Ingr\u00e9dients pour 4 personnes 800 g de pommes de terre \u00e0 chair ferme 4 gousses d&rsquo;ail 1 petit bouquet de persil plat 1 c \u00e0 s d&rsquo;\u00e9pices pour pommes de terre -&gt; \u00c9pic\u00e9too Huile d&rsquo;olive Beurre Sel et poivre\u00a0 Peler, d\u00e9germer et hacher l&rsquo;ail, laver et ciseler le persil. Peler et &hellip; <\/p>\n<p><a class=\"more-link btn\" href=\"http:\/\/recettes-gourmandes-de-joce.fr\/index.php\/index\/legumes\/pommes-de-terre\/pommes-de-terre-rissolees-aux-epices-a-lail-et-persil\/\">Lire la suite<\/a><\/p>\n","protected":false},"author":2,"featured_media":62714,"parent":943,"menu_order":0,"comment_status":"open","ping_status":"closed","template":"","meta":{"footnotes":""},"class_list":["post-3481","page","type-page","status-publish","has-post-thumbnail","hentry","nodate","item-wrap"],"_links":{"self":[{"href":"http:\/\/recettes-gourmandes-de-joce.fr\/index.php\/wp-json\/wp\/v2\/pages\/3481","targetHints":{"allow":["GET"]}}],"collection":[{"href":"http:\/\/recettes-gourmandes-de-joce.fr\/index.php\/wp-json\/wp\/v2\/pages"}],"about":[{"href":"http:\/\/recettes-gourmandes-de-joce.fr\/index.php\/wp-json\/wp\/v2\/types\/page"}],"author":[{"embeddable":true,"href":"http:\/\/recettes-gourmandes-de-joce.fr\/index.php\/wp-json\/wp\/v2\/users\/2"}],"replies":[{"embeddable":true,"href":"http:\/\/recettes-gourmandes-de-joce.fr\/index.php\/wp-json\/wp\/v2\/comments?post=3481"}],"version-history":[{"count":7,"href":"http:\/\/recettes-gourmandes-de-joce.fr\/index.php\/wp-json\/wp\/v2\/pages\/3481\/revisions"}],"predecessor-version":[{"id":94088,"href":"http:\/\/recettes-gourmandes-de-joce.fr\/index.php\/wp-json\/wp\/v2\/pages\/3481\/revisions\/94088"}],"up":[{"embeddable":true,"href":"http:\/\/recettes-gourmandes-de-joce.fr\/index.php\/wp-json\/wp\/v2\/pages\/943"}],"wp:featuredmedia":[{"embeddable":true,"href":"http:\/\/recettes-gourmandes-de-joce.fr\/index.php\/wp-json\/wp\/v2\/media\/62714"}],"wp:attachment":[{"href":"http:\/\/recettes-gourmandes-de-joce.fr\/index.php\/wp-json\/wp\/v2\/media?parent=3481"}],"curies":[{"name":"wp","href":"https:\/\/api.w.org\/{rel}","templated":true}]}}