{"id":34737,"date":"2021-06-12T11:26:12","date_gmt":"2021-06-12T11:26:12","guid":{"rendered":"http:\/\/recettes-gourmandes-de-joce.fr\/?page_id=34737"},"modified":"2024-06-18T11:08:50","modified_gmt":"2024-06-18T11:08:50","slug":"verrines-de-macedoine-a-la-mayonnaise-au-saumon-fume-et-crevettes","status":"publish","type":"page","link":"http:\/\/recettes-gourmandes-de-joce.fr\/index.php\/index\/entrees\/entrees-froides\/verrines-de-macedoine-a-la-mayonnaise-au-saumon-fume-et-crevettes\/","title":{"rendered":"Verrines de mac\u00e9doine \u00e0 la mayonnaise au saumon fum\u00e9 et crevettes."},"content":{"rendered":"<p style=\"text-align: center;\"><span style=\"color: #de7c52; font-size: 18pt;\"><span style=\"font-family: georgia,serif;\"><span style=\"text-decoration: underline;\"><em>Une de mes recettes<\/em><\/span><\/span><\/span><\/p>\n<p style=\"text-align: center;\"><span style=\"color: #de7c52;\"><img loading=\"lazy\" decoding=\"async\" class=\"alignnone wp-image-34743\" src=\"http:\/\/recettes-gourmandes-de-joce.fr\/wp-content\/uploads\/2021\/06\/p5250029-250x300.jpg\" alt=\"\" width=\"167\" height=\"200\" srcset=\"http:\/\/recettes-gourmandes-de-joce.fr\/wp-content\/uploads\/2021\/06\/p5250029-250x300.jpg 250w, http:\/\/recettes-gourmandes-de-joce.fr\/wp-content\/uploads\/2021\/06\/p5250029.jpg 667w\" sizes=\"auto, (max-width: 167px) 100vw, 167px\" \/> <img loading=\"lazy\" decoding=\"async\" class=\"alignnone wp-image-34744\" src=\"http:\/\/recettes-gourmandes-de-joce.fr\/wp-content\/uploads\/2021\/06\/p5250031-300x228.jpg\" alt=\"\" width=\"263\" height=\"200\" srcset=\"http:\/\/recettes-gourmandes-de-joce.fr\/wp-content\/uploads\/2021\/06\/p5250031-300x228.jpg 300w, http:\/\/recettes-gourmandes-de-joce.fr\/wp-content\/uploads\/2021\/06\/p5250031-768x585.jpg 768w, http:\/\/recettes-gourmandes-de-joce.fr\/wp-content\/uploads\/2021\/06\/p5250031-750x571.jpg 750w, http:\/\/recettes-gourmandes-de-joce.fr\/wp-content\/uploads\/2021\/06\/p5250031.jpg 800w\" sizes=\"auto, (max-width: 263px) 100vw, 263px\" \/> <img loading=\"lazy\" decoding=\"async\" class=\"alignnone wp-image-34741\" src=\"http:\/\/recettes-gourmandes-de-joce.fr\/wp-content\/uploads\/2021\/06\/p5250027-001-260x300.jpg\" alt=\"\" width=\"173\" height=\"200\" srcset=\"http:\/\/recettes-gourmandes-de-joce.fr\/wp-content\/uploads\/2021\/06\/p5250027-001-260x300.jpg 260w, http:\/\/recettes-gourmandes-de-joce.fr\/wp-content\/uploads\/2021\/06\/p5250027-001.jpg 692w\" sizes=\"auto, (max-width: 173px) 100vw, 173px\" \/><\/span><\/p>\n<p style=\"text-align: center;\"><span style=\"color: #de7c52; font-size: 18pt;\"><span style=\"font-family: georgia,serif;\"><span style=\"text-decoration: underline;\"><em>Ingr\u00e9dients pour 8 personnes<\/em><\/span><\/span><\/span><\/p>\n<p style=\"text-align: center;\"><span style=\"color: #de7c52; font-size: 14pt;\"><span style=\"font-family: georgia,serif;\"><em><span style=\"text-decoration: underline;\">J&rsquo;ai oubli\u00e9 de faire la photo des ingr\u00e9dients \ud83d\ude41<\/span><\/em><\/span><\/span><\/p>\n<p style=\"text-align: center;\"><span style=\"color: #de7c52; font-size: 14pt;\"><span style=\"font-family: georgia,serif;\"><em>1 grosse boite de mac\u00e9doine de l\u00e9gume<\/em><\/span><\/span><\/p>\n<p style=\"text-align: center;\"><span style=\"color: #de7c52; font-size: 14pt;\"><span style=\"font-family: georgia,serif;\"><em>\u00bd batavia<\/em><\/span><\/span><\/p>\n<p style=\"text-align: center;\"><span style=\"color: #de7c52; font-size: 14pt;\"><span style=\"font-family: georgia,serif;\"><em>20 <span style=\"color: #de7c52;\">grosses<\/span> crevettes roses cuites<\/em><\/span><\/span><\/p>\n<p style=\"text-align: center;\"><span style=\"color: #de7c52;\"><em><span style=\"font-family: georgia, serif;\"><span style=\"font-size: 14pt;\">8 <\/span><span style=\"font-size: 18.6667px;\">\u0153ufs<\/span><span style=\"font-size: 14pt;\">\u00a0de cailles de pr\u00e9f\u00e9rence pour la taille<\/span><\/span><\/em><\/span><\/p>\n<p style=\"text-align: center;\"><span style=\"color: #de7c52; font-size: 14pt;\"><span style=\"font-family: georgia,serif;\"><em>\u00bd \u00a0bocal de moules au naturel<\/em><\/span><\/span><\/p>\n<p style=\"text-align: center;\"><span style=\"color: #de7c52; font-size: 14pt;\"><span style=\"font-family: georgia,serif;\"><em>200g de saumon fum\u00e9<\/em><\/span><\/span><\/p>\n<p style=\"text-align: center;\"><span style=\"color: #de7c52; font-size: 14pt;\"><span style=\"font-family: georgia,serif;\"><em>1 bol de mayonnaise<\/em><\/span><\/span><\/p>\n<p style=\"text-align: center;\"><span style=\"font-size: 14pt; font-family: georgia, palatino, serif; color: #de7c52;\"><em>Les tiges d&rsquo;un oignon blanc ou de la ciboule <\/em><\/span><\/p>\n<p style=\"text-align: center;\"><span style=\"font-size: 14pt; font-family: georgia, palatino, serif; color: #de7c52;\"><em>1 petit bouquet de persil plat<\/em><\/span><\/p>\n<p style=\"text-align: center;\"><span style=\"color: #de7c52; font-size: 14pt;\"><span style=\"font-family: georgia,serif;\"><em>Sel et poivre<\/em><\/span><\/span><\/p>\n<p style=\"text-align: center;\"><span style=\"color: #de7c52; font-size: 14pt;\"><span style=\"font-family: georgia,serif;\"><span style=\"text-decoration: underline;\"><em>Pour la d\u00e9co<\/em><\/span><\/span><\/span><\/p>\n<p style=\"text-align: center;\"><span style=\"color: #de7c52; font-size: 14pt;\"><span style=\"font-family: georgia,serif;\"><em>Quelques fleurs de ciboulette <\/em><\/span><\/span><\/p>\n<p style=\"text-align: center;\"><span style=\"color: #de7c52; font-size: 14pt;\"><span style=\"font-family: georgia,serif;\"><em>Quelques feuilles de persil plat<\/em><\/span><\/span><\/p>\n<p style=\"text-align: center;\"><span style=\"font-family: georgia, serif; font-size: 14pt; color: #de7c52;\"><em>Quantit\u00e9s e<\/em><em>t recette de la mayonnaise sur ce lien -&gt; <a href=\"http:\/\/recettes-gourmandes-de-joce.fr\/index.php\/index\/sauces-assaisonnements\/sauces-froides\/mayonnaise\/\">Mayonnaise<\/a><\/em><\/span><\/p>\n<p style=\"text-align: center;\"><span style=\"color: #de7c52;\"><img loading=\"lazy\" decoding=\"async\" class=\"alignnone wp-image-12180\" src=\"http:\/\/recettes-gourmandes-de-joce.fr\/wp-content\/uploads\/2019\/12\/Logitech-Gaming-Software-08122019-025448-300x247.jpg\" alt=\"\" width=\"195\" height=\"160\" srcset=\"http:\/\/recettes-gourmandes-de-joce.fr\/wp-content\/uploads\/2019\/12\/Logitech-Gaming-Software-08122019-025448-300x247.jpg 300w, http:\/\/recettes-gourmandes-de-joce.fr\/wp-content\/uploads\/2019\/12\/Logitech-Gaming-Software-08122019-025448.jpg 640w\" sizes=\"auto, (max-width: 195px) 100vw, 195px\" \/> <img loading=\"lazy\" decoding=\"async\" class=\"alignnone wp-image-34746\" src=\"http:\/\/recettes-gourmandes-de-joce.fr\/wp-content\/uploads\/2021\/06\/oeufs_mimosa_au_crabe_et_paniers_de_macedoine_au_crabe_08-300x225.jpg\" alt=\"\" width=\"213\" height=\"160\" srcset=\"http:\/\/recettes-gourmandes-de-joce.fr\/wp-content\/uploads\/2021\/06\/oeufs_mimosa_au_crabe_et_paniers_de_macedoine_au_crabe_08-300x225.jpg 300w, http:\/\/recettes-gourmandes-de-joce.fr\/wp-content\/uploads\/2021\/06\/oeufs_mimosa_au_crabe_et_paniers_de_macedoine_au_crabe_08.jpg 720w\" sizes=\"auto, (max-width: 213px) 100vw, 213px\" \/> <img loading=\"lazy\" decoding=\"async\" class=\"alignnone wp-image-33012\" src=\"http:\/\/recettes-gourmandes-de-joce.fr\/wp-content\/uploads\/2021\/05\/20210529_172129-300x225.jpg\" alt=\"\" width=\"213\" height=\"160\" srcset=\"http:\/\/recettes-gourmandes-de-joce.fr\/wp-content\/uploads\/2021\/05\/20210529_172129-300x225.jpg 300w, http:\/\/recettes-gourmandes-de-joce.fr\/wp-content\/uploads\/2021\/05\/20210529_172129-768x576.jpg 768w, http:\/\/recettes-gourmandes-de-joce.fr\/wp-content\/uploads\/2021\/05\/20210529_172129-750x563.jpg 750w, http:\/\/recettes-gourmandes-de-joce.fr\/wp-content\/uploads\/2021\/05\/20210529_172129.jpg 800w\" sizes=\"auto, (max-width: 213px) 100vw, 213px\" \/> \u00a0\u00a0<\/span><\/p>\n<p style=\"text-align: center;\"><span style=\"color: #de7c52;\"><em><em><em><em><span style=\"color: #ff9966; font-family: georgia, serif;\"><span style=\"font-size: 14pt;\">Mettre vos <\/span><span style=\"font-size: 18.6667px;\">\u0153ufs<\/span><span style=\"font-size: 14pt;\">\u00a0\u00e0 cuire dans de l&rsquo;eau<\/span><\/span><\/em><\/em><\/em><em style=\"font-family: georgia, serif; font-size: 14pt;\"><em>. Puis une fois cuits refroidissez les, enlever les coquilles et coupez l\u00e8s en deux. Verser la boite de mac\u00e9doine dans une passoire et laissez l\u00e0 bien s&rsquo;\u00e9goutter.<\/em><\/em><\/em><\/span><\/p>\n<p style=\"text-align: center;\"><span style=\"color: #de7c52;\"><span style=\"font-family: georgia, serif; font-size: 14pt;\"><em style=\"font-size: 14pt;\"><em><em><em><img loading=\"lazy\" decoding=\"async\" class=\"alignnone wp-image-34748\" src=\"http:\/\/recettes-gourmandes-de-joce.fr\/wp-content\/uploads\/2021\/06\/P1060578-1-300x213.jpg\" alt=\"\" width=\"226\" height=\"160\" srcset=\"http:\/\/recettes-gourmandes-de-joce.fr\/wp-content\/uploads\/2021\/06\/P1060578-1-300x213.jpg 300w, http:\/\/recettes-gourmandes-de-joce.fr\/wp-content\/uploads\/2021\/06\/P1060578-1-768x544.jpg 768w, http:\/\/recettes-gourmandes-de-joce.fr\/wp-content\/uploads\/2021\/06\/P1060578-1-750x532.jpg 750w, http:\/\/recettes-gourmandes-de-joce.fr\/wp-content\/uploads\/2021\/06\/P1060578-1.jpg 800w\" sizes=\"auto, (max-width: 226px) 100vw, 226px\" \/> <img loading=\"lazy\" decoding=\"async\" class=\"alignnone wp-image-34747\" src=\"http:\/\/recettes-gourmandes-de-joce.fr\/wp-content\/uploads\/2021\/06\/IMG_2175-1-300x208.jpg\" alt=\"\" width=\"231\" height=\"160\" srcset=\"http:\/\/recettes-gourmandes-de-joce.fr\/wp-content\/uploads\/2021\/06\/IMG_2175-1-300x208.jpg 300w, http:\/\/recettes-gourmandes-de-joce.fr\/wp-content\/uploads\/2021\/06\/IMG_2175-1-768x532.jpg 768w, http:\/\/recettes-gourmandes-de-joce.fr\/wp-content\/uploads\/2021\/06\/IMG_2175-1-750x519.jpg 750w, http:\/\/recettes-gourmandes-de-joce.fr\/wp-content\/uploads\/2021\/06\/IMG_2175-1.jpg 800w\" sizes=\"auto, (max-width: 231px) 100vw, 231px\" \/>\u00a0<\/em><\/em><\/em><\/em><\/span><img loading=\"lazy\" decoding=\"async\" class=\"alignnone wp-image-34750\" src=\"http:\/\/recettes-gourmandes-de-joce.fr\/wp-content\/uploads\/2021\/06\/p6110564-300x202.jpg\" alt=\"\" width=\"237\" height=\"160\" srcset=\"http:\/\/recettes-gourmandes-de-joce.fr\/wp-content\/uploads\/2021\/06\/p6110564-300x202.jpg 300w, http:\/\/recettes-gourmandes-de-joce.fr\/wp-content\/uploads\/2021\/06\/p6110564-750x506.jpg 750w, http:\/\/recettes-gourmandes-de-joce.fr\/wp-content\/uploads\/2021\/06\/p6110564.jpg 756w\" sizes=\"auto, (max-width: 237px) 100vw, 237px\" \/><\/span><\/p>\n<p style=\"text-align: center;\"><span style=\"color: #de7c52; font-size: 14pt;\"><span style=\"font-family: georgia,serif;\"><em><em><em>Laver, essorer et hacher la moiti\u00e9 de la salade, d\u00e9cortiquer et couper en morceaux 10 crevettes, \u00e9goutter les moules.\u00a0<\/em><\/em><\/em><\/span><\/span><\/p>\n<p style=\"text-align: center;\"><span style=\"color: #de7c52;\"><img loading=\"lazy\" decoding=\"async\" class=\"alignnone wp-image-34755\" src=\"http:\/\/recettes-gourmandes-de-joce.fr\/wp-content\/uploads\/2021\/06\/20210428_130242-001-300x228.jpg\" alt=\"\" width=\"211\" height=\"160\" srcset=\"http:\/\/recettes-gourmandes-de-joce.fr\/wp-content\/uploads\/2021\/06\/20210428_130242-001-300x228.jpg 300w, http:\/\/recettes-gourmandes-de-joce.fr\/wp-content\/uploads\/2021\/06\/20210428_130242-001-768x583.jpg 768w, http:\/\/recettes-gourmandes-de-joce.fr\/wp-content\/uploads\/2021\/06\/20210428_130242-001-750x569.jpg 750w, http:\/\/recettes-gourmandes-de-joce.fr\/wp-content\/uploads\/2021\/06\/20210428_130242-001.jpg 800w\" sizes=\"auto, (max-width: 211px) 100vw, 211px\" \/> <img loading=\"lazy\" decoding=\"async\" class=\"alignnone wp-image-34752\" src=\"http:\/\/recettes-gourmandes-de-joce.fr\/wp-content\/uploads\/2021\/06\/20210611_204601-300x225.jpg\" alt=\"\" width=\"213\" height=\"160\" srcset=\"http:\/\/recettes-gourmandes-de-joce.fr\/wp-content\/uploads\/2021\/06\/20210611_204601-300x225.jpg 300w, http:\/\/recettes-gourmandes-de-joce.fr\/wp-content\/uploads\/2021\/06\/20210611_204601-768x576.jpg 768w, http:\/\/recettes-gourmandes-de-joce.fr\/wp-content\/uploads\/2021\/06\/20210611_204601-750x563.jpg 750w, http:\/\/recettes-gourmandes-de-joce.fr\/wp-content\/uploads\/2021\/06\/20210611_204601.jpg 800w\" sizes=\"auto, (max-width: 213px) 100vw, 213px\" \/> <img loading=\"lazy\" decoding=\"async\" class=\"alignnone wp-image-34753\" src=\"http:\/\/recettes-gourmandes-de-joce.fr\/wp-content\/uploads\/2021\/06\/20210611_204709-300x225.jpg\" alt=\"\" width=\"213\" height=\"160\" srcset=\"http:\/\/recettes-gourmandes-de-joce.fr\/wp-content\/uploads\/2021\/06\/20210611_204709-300x225.jpg 300w, http:\/\/recettes-gourmandes-de-joce.fr\/wp-content\/uploads\/2021\/06\/20210611_204709-768x576.jpg 768w, http:\/\/recettes-gourmandes-de-joce.fr\/wp-content\/uploads\/2021\/06\/20210611_204709-750x563.jpg 750w, http:\/\/recettes-gourmandes-de-joce.fr\/wp-content\/uploads\/2021\/06\/20210611_204709.jpg 800w\" sizes=\"auto, (max-width: 213px) 100vw, 213px\" \/>\u00a0<\/span><\/p>\n<p style=\"text-align: center;\"><span style=\"color: #de7c52;\"><span style=\"font-size: 14pt;\"><span style=\"font-family: georgia,serif;\"><em><em><em>Laver et ciseler les tiges d&rsquo;oignon et le persil. R\u00e9alisez votre mayonnaise, ajoutez lui le persil et les tiges d&rsquo;oignon. <\/em><\/em><\/em><em><em><em>Dans un saladier, ajouter les moules, les crevettes <\/em><\/em><\/em><\/span><\/span><em style=\"font-family: georgia, serif; font-size: 18.6667px;\"><em><em>(photo oubli\u00e9e)<\/em><\/em><\/em><em style=\"font-family: georgia, serif; font-size: 14pt;\"><em><em>, la mayonnaise et la mac\u00e9doine.<\/em><\/em><\/em><\/span><\/p>\n<p style=\"text-align: center;\"><span style=\"font-family: georgia, serif; font-size: 14pt; color: #de7c52;\"><img loading=\"lazy\" decoding=\"async\" class=\"alignnone wp-image-34754\" style=\"font-family: Lato, sans-serif; font-size: 16px;\" src=\"http:\/\/recettes-gourmandes-de-joce.fr\/wp-content\/uploads\/2021\/06\/20210611_204728-300x225.jpg\" alt=\"\" width=\"213\" height=\"160\" srcset=\"http:\/\/recettes-gourmandes-de-joce.fr\/wp-content\/uploads\/2021\/06\/20210611_204728-300x225.jpg 300w, http:\/\/recettes-gourmandes-de-joce.fr\/wp-content\/uploads\/2021\/06\/20210611_204728-768x576.jpg 768w, http:\/\/recettes-gourmandes-de-joce.fr\/wp-content\/uploads\/2021\/06\/20210611_204728-750x563.jpg 750w, http:\/\/recettes-gourmandes-de-joce.fr\/wp-content\/uploads\/2021\/06\/20210611_204728.jpg 800w\" sizes=\"auto, (max-width: 213px) 100vw, 213px\" \/> <img loading=\"lazy\" decoding=\"async\" class=\"alignnone wp-image-34738\" style=\"font-family: Lato, sans-serif; font-size: 16px;\" src=\"http:\/\/recettes-gourmandes-de-joce.fr\/wp-content\/uploads\/2021\/06\/p5250022-300x220.jpg\" alt=\"\" width=\"218\" height=\"160\" srcset=\"http:\/\/recettes-gourmandes-de-joce.fr\/wp-content\/uploads\/2021\/06\/p5250022-300x220.jpg 300w, http:\/\/recettes-gourmandes-de-joce.fr\/wp-content\/uploads\/2021\/06\/p5250022-750x551.jpg 750w, http:\/\/recettes-gourmandes-de-joce.fr\/wp-content\/uploads\/2021\/06\/p5250022.jpg 754w\" sizes=\"auto, (max-width: 218px) 100vw, 218px\" \/> <em><span style=\"text-decoration: underline;\"><img loading=\"lazy\" decoding=\"async\" class=\"alignnone wp-image-34739\" src=\"http:\/\/recettes-gourmandes-de-joce.fr\/wp-content\/uploads\/2021\/06\/p5250024-300x225.jpg\" alt=\"\" width=\"213\" height=\"160\" srcset=\"http:\/\/recettes-gourmandes-de-joce.fr\/wp-content\/uploads\/2021\/06\/p5250024-300x225.jpg 300w, http:\/\/recettes-gourmandes-de-joce.fr\/wp-content\/uploads\/2021\/06\/p5250024-768x576.jpg 768w, http:\/\/recettes-gourmandes-de-joce.fr\/wp-content\/uploads\/2021\/06\/p5250024-750x563.jpg 750w, http:\/\/recettes-gourmandes-de-joce.fr\/wp-content\/uploads\/2021\/06\/p5250024.jpg 800w\" sizes=\"auto, (max-width: 213px) 100vw, 213px\" \/>\u00a0<\/span><\/em><\/span><\/p>\n<p style=\"text-align: center;\"><span style=\"color: #de7c52;\"><em style=\"font-family: georgia, serif; font-size: 14pt;\"><em><em>M\u00e9langer et rectifier l&rsquo;assaisonnement.<\/em><\/em><\/em><em style=\"font-family: georgia, serif; font-size: 18.6667px;\"><em><em>\u00a0R\u00e9partir la salade dans le fond des verrines. <\/em><\/em><\/em><em style=\"font-family: georgia, serif; font-size: 14pt;\">Ajouter dessus la mac\u00e9doine.<\/em><\/span><\/p>\n<p style=\"text-align: center;\"><span style=\"color: #de7c52;\"><img loading=\"lazy\" decoding=\"async\" class=\"alignnone wp-image-34740\" src=\"http:\/\/recettes-gourmandes-de-joce.fr\/wp-content\/uploads\/2021\/06\/p5250026-001-213x300.jpg\" alt=\"\" width=\"142\" height=\"200\" srcset=\"http:\/\/recettes-gourmandes-de-joce.fr\/wp-content\/uploads\/2021\/06\/p5250026-001-213x300.jpg 213w, http:\/\/recettes-gourmandes-de-joce.fr\/wp-content\/uploads\/2021\/06\/p5250026-001.jpg 521w\" sizes=\"auto, (max-width: 142px) 100vw, 142px\" \/><\/span><\/p>\n<p style=\"text-align: center;\"><span style=\"color: #de7c52;\"> <em style=\"font-family: georgia, serif; font-size: 14pt;\">R\u00e9partir le saumon fum\u00e9, <\/em><em><span style=\"font-family: georgia, serif;\"><span style=\"font-size: 14pt;\">glisser sur les cot\u00e9s deux demi <\/span><span style=\"font-size: 18.6667px;\">\u0153ufs<\/span><span style=\"font-size: 14pt;\">\u00a0durs et quelques moules. D\u00e9corer de fleurs de ciboulette et de feuilles de persil, ajouter deux crevettes sur le bord des verres. <\/span><\/span><\/em><\/span><\/p>\n<p style=\"text-align: center;\"><span style=\"color: #de7c52; font-size: 14pt;\"><span style=\"font-family: georgia,serif;\"><em>Servir frais.<\/em><\/span><\/span><\/p>\n<p style=\"text-align: center;\"><span style=\"color: #de7c52; font-size: 14pt;\"><span style=\"font-family: georgia,serif;\"><em>Bon app\u00e9tit!<\/em><\/span><\/span><\/p>\n<p style=\"text-align: center;\"><span style=\"color: #de7c52;\"><img loading=\"lazy\" decoding=\"async\" class=\"alignnone wp-image-34745\" src=\"http:\/\/recettes-gourmandes-de-joce.fr\/wp-content\/uploads\/2021\/06\/p5250032-300x222.jpg\" alt=\"\" width=\"271\" height=\"200\" srcset=\"http:\/\/recettes-gourmandes-de-joce.fr\/wp-content\/uploads\/2021\/06\/p5250032-300x222.jpg 300w, http:\/\/recettes-gourmandes-de-joce.fr\/wp-content\/uploads\/2021\/06\/p5250032-768x567.jpg 768w, http:\/\/recettes-gourmandes-de-joce.fr\/wp-content\/uploads\/2021\/06\/p5250032-750x554.jpg 750w, http:\/\/recettes-gourmandes-de-joce.fr\/wp-content\/uploads\/2021\/06\/p5250032.jpg 800w\" sizes=\"auto, (max-width: 271px) 100vw, 271px\" \/> <img loading=\"lazy\" decoding=\"async\" class=\"alignnone wp-image-34742\" src=\"http:\/\/recettes-gourmandes-de-joce.fr\/wp-content\/uploads\/2021\/06\/p5250028-262x300.jpg\" alt=\"\" width=\"175\" height=\"200\" srcset=\"http:\/\/recettes-gourmandes-de-joce.fr\/wp-content\/uploads\/2021\/06\/p5250028-262x300.jpg 262w, http:\/\/recettes-gourmandes-de-joce.fr\/wp-content\/uploads\/2021\/06\/p5250028.jpg 699w\" sizes=\"auto, (max-width: 175px) 100vw, 175px\" \/> <img loading=\"lazy\" decoding=\"async\" class=\"alignnone wp-image-34744\" src=\"http:\/\/recettes-gourmandes-de-joce.fr\/wp-content\/uploads\/2021\/06\/p5250031-300x228.jpg\" alt=\"\" width=\"263\" height=\"200\" srcset=\"http:\/\/recettes-gourmandes-de-joce.fr\/wp-content\/uploads\/2021\/06\/p5250031-300x228.jpg 300w, http:\/\/recettes-gourmandes-de-joce.fr\/wp-content\/uploads\/2021\/06\/p5250031-768x585.jpg 768w, http:\/\/recettes-gourmandes-de-joce.fr\/wp-content\/uploads\/2021\/06\/p5250031-750x571.jpg 750w, http:\/\/recettes-gourmandes-de-joce.fr\/wp-content\/uploads\/2021\/06\/p5250031.jpg 800w\" sizes=\"auto, (max-width: 263px) 100vw, 263px\" \/><\/span><\/p>\n<p style=\"text-align: center;\"><span style=\"color: #de7c52;\"><img loading=\"lazy\" decoding=\"async\" class=\"alignnone wp-image-24317 size-full\" src=\"http:\/\/recettes-gourmandes-de-joce.fr\/wp-content\/uploads\/2020\/07\/logitech-gaming-software-14112014-121223.jpg\" alt=\"\" width=\"640\" height=\"144\" srcset=\"http:\/\/recettes-gourmandes-de-joce.fr\/wp-content\/uploads\/2020\/07\/logitech-gaming-software-14112014-121223.jpg 640w, http:\/\/recettes-gourmandes-de-joce.fr\/wp-content\/uploads\/2020\/07\/logitech-gaming-software-14112014-121223-300x68.jpg 300w\" sizes=\"auto, (max-width: 640px) 100vw, 640px\" \/><\/span><\/p>\n","protected":false},"excerpt":{"rendered":"<p>Une de mes recettes Ingr\u00e9dients pour 8 personnes J&rsquo;ai oubli\u00e9 de faire la photo des ingr\u00e9dients \ud83d\ude41 1 grosse boite de mac\u00e9doine de l\u00e9gume \u00bd batavia 20 grosses crevettes roses cuites 8 \u0153ufs\u00a0de cailles de pr\u00e9f\u00e9rence pour la taille \u00bd \u00a0bocal de moules au naturel 200g de saumon fum\u00e9 1 bol de mayonnaise Les tiges &hellip; <\/p>\n<p><a class=\"more-link btn\" href=\"http:\/\/recettes-gourmandes-de-joce.fr\/index.php\/index\/entrees\/entrees-froides\/verrines-de-macedoine-a-la-mayonnaise-au-saumon-fume-et-crevettes\/\">Lire la suite<\/a><\/p>\n","protected":false},"author":2,"featured_media":84180,"parent":185,"menu_order":0,"comment_status":"open","ping_status":"closed","template":"","meta":{"footnotes":""},"class_list":["post-34737","page","type-page","status-publish","has-post-thumbnail","hentry","nodate","item-wrap"],"_links":{"self":[{"href":"http:\/\/recettes-gourmandes-de-joce.fr\/index.php\/wp-json\/wp\/v2\/pages\/34737","targetHints":{"allow":["GET"]}}],"collection":[{"href":"http:\/\/recettes-gourmandes-de-joce.fr\/index.php\/wp-json\/wp\/v2\/pages"}],"about":[{"href":"http:\/\/recettes-gourmandes-de-joce.fr\/index.php\/wp-json\/wp\/v2\/types\/page"}],"author":[{"embeddable":true,"href":"http:\/\/recettes-gourmandes-de-joce.fr\/index.php\/wp-json\/wp\/v2\/users\/2"}],"replies":[{"embeddable":true,"href":"http:\/\/recettes-gourmandes-de-joce.fr\/index.php\/wp-json\/wp\/v2\/comments?post=34737"}],"version-history":[{"count":3,"href":"http:\/\/recettes-gourmandes-de-joce.fr\/index.php\/wp-json\/wp\/v2\/pages\/34737\/revisions"}],"predecessor-version":[{"id":84181,"href":"http:\/\/recettes-gourmandes-de-joce.fr\/index.php\/wp-json\/wp\/v2\/pages\/34737\/revisions\/84181"}],"up":[{"embeddable":true,"href":"http:\/\/recettes-gourmandes-de-joce.fr\/index.php\/wp-json\/wp\/v2\/pages\/185"}],"wp:featuredmedia":[{"embeddable":true,"href":"http:\/\/recettes-gourmandes-de-joce.fr\/index.php\/wp-json\/wp\/v2\/media\/84180"}],"wp:attachment":[{"href":"http:\/\/recettes-gourmandes-de-joce.fr\/index.php\/wp-json\/wp\/v2\/media?parent=34737"}],"curies":[{"name":"wp","href":"https:\/\/api.w.org\/{rel}","templated":true}]}}