{"id":347,"date":"2019-09-19T09:45:41","date_gmt":"2019-09-19T09:45:41","guid":{"rendered":"http:\/\/recettes-gourmandes-de-joce.fr\/?page_id=347"},"modified":"2024-08-16T12:51:00","modified_gmt":"2024-08-16T12:51:00","slug":"boudin-noir-aux-deux-pommes-et-fondue-doignons","status":"publish","type":"page","link":"http:\/\/recettes-gourmandes-de-joce.fr\/index.php\/index\/viandes\/abats-charcuterie\/boudin-noir-aux-deux-pommes-et-fondue-doignons\/","title":{"rendered":"Boudin noir aux deux pommes et fondue d&rsquo;oignons."},"content":{"rendered":"<p style=\"text-align: center;\"><span style=\"font-family: georgia, serif; font-size: 18pt; color: #800000;\"><span style=\"text-decoration: underline;\"><em>Une de mes recettes<\/em><\/span><\/span><\/p>\n<p style=\"text-align: center;\"><span style=\"font-size: 14pt; color: #800000;\"><img loading=\"lazy\" decoding=\"async\" class=\"alignnone wp-image-4073\" src=\"http:\/\/recettes-gourmandes-de-joce.fr\/wp-content\/uploads\/2019\/10\/boudin-pommes1-300x225.jpg\" alt=\"\" width=\"230\" height=\"173\" srcset=\"http:\/\/recettes-gourmandes-de-joce.fr\/wp-content\/uploads\/2019\/10\/boudin-pommes1-300x225.jpg 300w, http:\/\/recettes-gourmandes-de-joce.fr\/wp-content\/uploads\/2019\/10\/boudin-pommes1.jpg 640w\" sizes=\"auto, (max-width: 230px) 100vw, 230px\" \/> <img loading=\"lazy\" decoding=\"async\" class=\"alignnone wp-image-4075\" src=\"http:\/\/recettes-gourmandes-de-joce.fr\/wp-content\/uploads\/2019\/10\/boudin-pommes3-300x225.jpg\" alt=\"\" width=\"230\" height=\"173\" srcset=\"http:\/\/recettes-gourmandes-de-joce.fr\/wp-content\/uploads\/2019\/10\/boudin-pommes3-300x225.jpg 300w, http:\/\/recettes-gourmandes-de-joce.fr\/wp-content\/uploads\/2019\/10\/boudin-pommes3.jpg 640w\" sizes=\"auto, (max-width: 230px) 100vw, 230px\" \/> <img loading=\"lazy\" decoding=\"async\" class=\"alignnone wp-image-4094\" src=\"http:\/\/recettes-gourmandes-de-joce.fr\/wp-content\/uploads\/2019\/10\/boudin-pommes23-300x182.jpg\" alt=\"\" width=\"285\" height=\"173\" srcset=\"http:\/\/recettes-gourmandes-de-joce.fr\/wp-content\/uploads\/2019\/10\/boudin-pommes23-300x182.jpg 300w, http:\/\/recettes-gourmandes-de-joce.fr\/wp-content\/uploads\/2019\/10\/boudin-pommes23.jpg 640w\" sizes=\"auto, (max-width: 285px) 100vw, 285px\" \/><\/span><\/p>\n<p style=\"text-align: center;\"><span style=\"font-family: georgia, serif; font-size: 18pt; color: #800000;\"><span style=\"text-decoration: underline;\"><em>Ingr\u00e9dients pour 3 personnes<\/em><\/span><\/span><\/p>\n<p style=\"text-align: center;\"><span style=\"font-family: georgia, serif; font-size: 14pt; color: #800000;\"><a style=\"color: #800000;\" title=\"titre de l'image\" href=\"http:\/\/jocelyne.debon.free.fr\/boudin-pommes\/boudin-pommes4.JPG\" rel=\"iframe\"><img loading=\"lazy\" decoding=\"async\" class=\"alignnone wp-image-4076\" src=\"http:\/\/recettes-gourmandes-de-joce.fr\/wp-content\/uploads\/2019\/10\/boudin-pommes4-300x198.jpg\" alt=\"\" width=\"230\" height=\"152\" srcset=\"http:\/\/recettes-gourmandes-de-joce.fr\/wp-content\/uploads\/2019\/10\/boudin-pommes4-300x198.jpg 300w, http:\/\/recettes-gourmandes-de-joce.fr\/wp-content\/uploads\/2019\/10\/boudin-pommes4.jpg 640w\" sizes=\"auto, (max-width: 230px) 100vw, 230px\" \/><\/a><\/span><\/p>\n<p style=\"text-align: center;\"><span style=\"font-family: georgia, serif; font-size: 14pt; color: #800000;\"><em>\u00a0550 g de boudin \u00e0 l&rsquo;oignon 3.50\u20ac \u00e0 Netto (Excellent!)<\/em><\/span><\/p>\n<p style=\"text-align: center;\"><span style=\"font-family: georgia, serif; font-size: 14pt; color: #800000;\"><em>2 pommes type Canada<\/em><\/span><\/p>\n<p style=\"text-align: center;\"><span style=\"font-family: georgia, serif; font-size: 14pt; color: #800000;\"><em>6 belles pommes de terre<\/em><\/span><\/p>\n<p style=\"text-align: center;\"><span style=\"font-family: georgia, serif; font-size: 14pt; color: #800000;\"><em>1 gros oignon rouge<\/em><\/span><\/p>\n<p style=\"text-align: center;\"><span style=\"font-family: georgia, serif; font-size: 14pt; color: #800000;\"><em>2 gros \u00e9chalions ou 3 belles \u00e9chalotes<\/em><\/span><\/p>\n<p style=\"text-align: center;\"><span style=\"font-family: georgia, serif; font-size: 14pt; color: #800000;\"><em>1 petit bouquet de persil plat<\/em><\/span><\/p>\n<p style=\"text-align: center;\"><span style=\"font-family: georgia, serif; font-size: 14pt; color: #800000;\"><em>1 c \u00e0 c rase de garam massala -&gt; <span style=\"color: #800080;\">\u00c9pic\u00e9too<\/span><\/em><\/span><\/p>\n<p style=\"text-align: center;\"><span style=\"font-family: georgia, serif; font-size: 14pt; color: #800000;\"><em>1 c \u00e0 c de se de Bayonne au piment d&rsquo;Espelette<\/em><\/span><\/p>\n<p style=\"text-align: center;\"><span style=\"font-family: georgia, serif; font-size: 14pt; color: #800000;\"><em>1 c \u00e0 c de cassonade<\/em><\/span><\/p>\n<p style=\"text-align: center;\"><span style=\"font-family: georgia, serif; font-size: 14pt; color: #800000;\"><em>Du beurre \u00bd sel<\/em><\/span><\/p>\n<p style=\"text-align: center;\"><span style=\"font-family: georgia, serif; font-size: 14pt; color: #800000;\"><em>1 bonne c \u00e0 s de cr\u00e8me fra\u00eeche<\/em><\/span><\/p>\n<p style=\"text-align: center;\"><span style=\"font-family: georgia, serif; font-size: 14pt; color: #800000;\"><em>Poivre<\/em><\/span><\/p>\n<p style=\"text-align: center;\"><span style=\"font-family: georgia, serif; font-size: 14pt; color: #800000;\"><em>Afin de garder vos pr\u00e9parations au chaud durant la r\u00e9alisation de la recette pr\u00e9chauffer votre four \u00e0 200\u00b0 pendant 15 minutes, puis \u00e9teignez le, il restera <em><span style=\"line-height: 115%;\">suffisamment <\/span><\/em> chaud pour garde vos plats chauds.<\/em><\/span><\/p>\n<p><span style=\"font-size: 14pt; color: #800000;\"><img loading=\"lazy\" decoding=\"async\" class=\"alignnone wp-image-4077\" src=\"http:\/\/recettes-gourmandes-de-joce.fr\/wp-content\/uploads\/2019\/10\/boudin-pommes5-300x208.jpg\" alt=\"\" width=\"248\" height=\"172\" srcset=\"http:\/\/recettes-gourmandes-de-joce.fr\/wp-content\/uploads\/2019\/10\/boudin-pommes5-300x208.jpg 300w, http:\/\/recettes-gourmandes-de-joce.fr\/wp-content\/uploads\/2019\/10\/boudin-pommes5.jpg 640w\" sizes=\"auto, (max-width: 248px) 100vw, 248px\" \/> <img loading=\"lazy\" decoding=\"async\" class=\"alignnone wp-image-4078\" src=\"http:\/\/recettes-gourmandes-de-joce.fr\/wp-content\/uploads\/2019\/10\/boudin-pommes6-300x225.jpg\" alt=\"\" width=\"230\" height=\"173\" srcset=\"http:\/\/recettes-gourmandes-de-joce.fr\/wp-content\/uploads\/2019\/10\/boudin-pommes6-300x225.jpg 300w, http:\/\/recettes-gourmandes-de-joce.fr\/wp-content\/uploads\/2019\/10\/boudin-pommes6.jpg 640w\" sizes=\"auto, (max-width: 230px) 100vw, 230px\" \/> <img loading=\"lazy\" decoding=\"async\" class=\"alignnone wp-image-4079\" src=\"http:\/\/recettes-gourmandes-de-joce.fr\/wp-content\/uploads\/2019\/10\/boudin-pommes7-300x230.jpg\" alt=\"\" width=\"225\" height=\"173\" srcset=\"http:\/\/recettes-gourmandes-de-joce.fr\/wp-content\/uploads\/2019\/10\/boudin-pommes7-300x230.jpg 300w, http:\/\/recettes-gourmandes-de-joce.fr\/wp-content\/uploads\/2019\/10\/boudin-pommes7.jpg 640w\" sizes=\"auto, (max-width: 225px) 100vw, 225px\" \/><\/span><\/p>\n<p style=\"text-align: center;\"><span style=\"font-family: georgia, serif; font-size: 14pt; color: #800000;\"><em>\u00a0Peler et \u00e9mincer finement les \u00e9chalions et l&rsquo;oignon, laver et ciseler le persil, peler et couper les pommes en tranches \u00e9paisses, peler laver et couper les pommes de terre en morceaux.<\/em><\/span><\/p>\n<p style=\"text-align: center;\"><span style=\"font-family: georgia, serif; font-size: 14pt; color: #800000;\"> <img loading=\"lazy\" decoding=\"async\" class=\"alignnone wp-image-4080\" src=\"http:\/\/recettes-gourmandes-de-joce.fr\/wp-content\/uploads\/2019\/10\/boudin-pommes8-300x225.jpg\" alt=\"\" width=\"230\" height=\"173\" srcset=\"http:\/\/recettes-gourmandes-de-joce.fr\/wp-content\/uploads\/2019\/10\/boudin-pommes8-300x225.jpg 300w, http:\/\/recettes-gourmandes-de-joce.fr\/wp-content\/uploads\/2019\/10\/boudin-pommes8.jpg 640w\" sizes=\"auto, (max-width: 230px) 100vw, 230px\" \/> <img loading=\"lazy\" decoding=\"async\" class=\"alignnone wp-image-4081\" src=\"http:\/\/recettes-gourmandes-de-joce.fr\/wp-content\/uploads\/2019\/10\/boudin-pommes9-300x225.jpg\" alt=\"\" width=\"230\" height=\"173\" srcset=\"http:\/\/recettes-gourmandes-de-joce.fr\/wp-content\/uploads\/2019\/10\/boudin-pommes9-300x225.jpg 300w, http:\/\/recettes-gourmandes-de-joce.fr\/wp-content\/uploads\/2019\/10\/boudin-pommes9.jpg 640w\" sizes=\"auto, (max-width: 230px) 100vw, 230px\" \/> <img loading=\"lazy\" decoding=\"async\" class=\"alignnone wp-image-4082\" src=\"http:\/\/recettes-gourmandes-de-joce.fr\/wp-content\/uploads\/2019\/10\/boudin-pommes10-300x225.jpg\" alt=\"\" width=\"230\" height=\"173\" srcset=\"http:\/\/recettes-gourmandes-de-joce.fr\/wp-content\/uploads\/2019\/10\/boudin-pommes10-300x225.jpg 300w, http:\/\/recettes-gourmandes-de-joce.fr\/wp-content\/uploads\/2019\/10\/boudin-pommes10.jpg 640w\" sizes=\"auto, (max-width: 230px) 100vw, 230px\" \/><\/span><\/p>\n<p style=\"text-align: center;\"><span style=\"font-family: georgia, serif; font-size: 14pt; color: #800000;\"><em>\u00a0Mettre les pommes de terre \u00e0 cuire dans une casserole d&rsquo;eau sal\u00e9e, pendant ce temps, dans une\u00a0 po\u00eale, mettre \u00e0 fondre un\u00a0 morceau de beurre et y faire suer les oignons et les \u00e9chalions, les saler avec le sel de Bayonne, poivrer.<\/em><\/span><\/p>\n<p><span style=\"font-size: 14pt; color: #800000;\"><img loading=\"lazy\" decoding=\"async\" class=\"alignnone wp-image-4083\" src=\"http:\/\/recettes-gourmandes-de-joce.fr\/wp-content\/uploads\/2019\/10\/boudin-pommes11-300x226.jpg\" alt=\"\" width=\"230\" height=\"173\" srcset=\"http:\/\/recettes-gourmandes-de-joce.fr\/wp-content\/uploads\/2019\/10\/boudin-pommes11-300x226.jpg 300w, http:\/\/recettes-gourmandes-de-joce.fr\/wp-content\/uploads\/2019\/10\/boudin-pommes11.jpg 640w\" sizes=\"auto, (max-width: 230px) 100vw, 230px\" \/> <img loading=\"lazy\" decoding=\"async\" class=\"alignnone wp-image-4084\" src=\"http:\/\/recettes-gourmandes-de-joce.fr\/wp-content\/uploads\/2019\/10\/boudin-pommes12-300x225.jpg\" alt=\"\" width=\"230\" height=\"173\" srcset=\"http:\/\/recettes-gourmandes-de-joce.fr\/wp-content\/uploads\/2019\/10\/boudin-pommes12-300x225.jpg 300w, http:\/\/recettes-gourmandes-de-joce.fr\/wp-content\/uploads\/2019\/10\/boudin-pommes12.jpg 640w\" sizes=\"auto, (max-width: 230px) 100vw, 230px\" \/> <img loading=\"lazy\" decoding=\"async\" class=\"alignnone wp-image-4085\" src=\"http:\/\/recettes-gourmandes-de-joce.fr\/wp-content\/uploads\/2019\/10\/boudin-pommes13-300x244.jpg\" alt=\"\" width=\"215\" height=\"175\" srcset=\"http:\/\/recettes-gourmandes-de-joce.fr\/wp-content\/uploads\/2019\/10\/boudin-pommes13-300x244.jpg 300w, http:\/\/recettes-gourmandes-de-joce.fr\/wp-content\/uploads\/2019\/10\/boudin-pommes13.jpg 640w\" sizes=\"auto, (max-width: 215px) 100vw, 215px\" \/><\/span><\/p>\n<p style=\"text-align: center;\"><span style=\"font-family: georgia, serif; font-size: 14pt; color: #800000;\"><em>Laissez-les mijoter jusqu&rsquo;\u00e0 ce qu&rsquo;ils soient cuits, dor\u00e9s et tendres, d\u00e9glacez l\u00e8s avec 2 c \u00e0 s d&rsquo;eau et r\u00e9server au chaud. Lorsque les pommes de terre sont cuites, \u00e9gouttez l\u00e8s et passez-les au presse pur\u00e9e, ajouter un morceau de beurre et la cr\u00e8me.<\/em><\/span><\/p>\n<p style=\"text-align: center;\"><span style=\"font-size: 14pt; color: #800000;\"><img loading=\"lazy\" decoding=\"async\" class=\"alignnone wp-image-4086\" src=\"http:\/\/recettes-gourmandes-de-joce.fr\/wp-content\/uploads\/2019\/10\/boudin-pommes14-300x241.jpg\" alt=\"\" width=\"230\" height=\"185\" srcset=\"http:\/\/recettes-gourmandes-de-joce.fr\/wp-content\/uploads\/2019\/10\/boudin-pommes14-300x241.jpg 300w, http:\/\/recettes-gourmandes-de-joce.fr\/wp-content\/uploads\/2019\/10\/boudin-pommes14.jpg 640w\" sizes=\"auto, (max-width: 230px) 100vw, 230px\" \/> <img loading=\"lazy\" decoding=\"async\" class=\"alignnone wp-image-4081\" src=\"http:\/\/recettes-gourmandes-de-joce.fr\/wp-content\/uploads\/2019\/10\/boudin-pommes9-300x225.jpg\" alt=\"\" width=\"244\" height=\"183\" srcset=\"http:\/\/recettes-gourmandes-de-joce.fr\/wp-content\/uploads\/2019\/10\/boudin-pommes9-300x225.jpg 300w, http:\/\/recettes-gourmandes-de-joce.fr\/wp-content\/uploads\/2019\/10\/boudin-pommes9.jpg 640w\" sizes=\"auto, (max-width: 244px) 100vw, 244px\" \/> <img loading=\"lazy\" decoding=\"async\" class=\"alignnone wp-image-4087\" src=\"http:\/\/recettes-gourmandes-de-joce.fr\/wp-content\/uploads\/2019\/10\/boudin-pommes16-300x225.jpg\" alt=\"\" width=\"244\" height=\"183\" srcset=\"http:\/\/recettes-gourmandes-de-joce.fr\/wp-content\/uploads\/2019\/10\/boudin-pommes16-300x225.jpg 300w, http:\/\/recettes-gourmandes-de-joce.fr\/wp-content\/uploads\/2019\/10\/boudin-pommes16.jpg 640w\" sizes=\"auto, (max-width: 244px) 100vw, 244px\" \/><\/span><\/p>\n<p style=\"text-align: center;\"><span style=\"font-family: georgia, serif; font-size: 14pt; color: #800000;\"><em>M\u00e9langer et r\u00e9server au chaud \u00e9galement. Dans la po\u00eale qui a servi pour les oignons, mettre un morceau de beurre et y faire dorer les tranches de pommes.<\/em><\/span><\/p>\n<p style=\"text-align: center;\"><span style=\"font-size: 14pt; color: #800000;\"><img loading=\"lazy\" decoding=\"async\" class=\"alignnone wp-image-4088\" src=\"http:\/\/recettes-gourmandes-de-joce.fr\/wp-content\/uploads\/2019\/10\/boudin-pommes17-300x225.jpg\" alt=\"\" width=\"230\" height=\"173\" srcset=\"http:\/\/recettes-gourmandes-de-joce.fr\/wp-content\/uploads\/2019\/10\/boudin-pommes17-300x225.jpg 300w, http:\/\/recettes-gourmandes-de-joce.fr\/wp-content\/uploads\/2019\/10\/boudin-pommes17.jpg 640w\" sizes=\"auto, (max-width: 230px) 100vw, 230px\" \/> <img loading=\"lazy\" decoding=\"async\" class=\"alignnone wp-image-4089\" src=\"http:\/\/recettes-gourmandes-de-joce.fr\/wp-content\/uploads\/2019\/10\/boudin-pommes18-300x233.jpg\" alt=\"\" width=\"223\" height=\"173\" srcset=\"http:\/\/recettes-gourmandes-de-joce.fr\/wp-content\/uploads\/2019\/10\/boudin-pommes18-300x233.jpg 300w, http:\/\/recettes-gourmandes-de-joce.fr\/wp-content\/uploads\/2019\/10\/boudin-pommes18.jpg 640w\" sizes=\"auto, (max-width: 223px) 100vw, 223px\" \/> <img loading=\"lazy\" decoding=\"async\" class=\"alignnone wp-image-4090\" src=\"http:\/\/recettes-gourmandes-de-joce.fr\/wp-content\/uploads\/2019\/10\/boudin-pommes19-300x242.jpg\" alt=\"\" width=\"217\" height=\"175\" srcset=\"http:\/\/recettes-gourmandes-de-joce.fr\/wp-content\/uploads\/2019\/10\/boudin-pommes19-300x242.jpg 300w, http:\/\/recettes-gourmandes-de-joce.fr\/wp-content\/uploads\/2019\/10\/boudin-pommes19.jpg 640w\" sizes=\"auto, (max-width: 217px) 100vw, 217px\" \/><\/span><\/p>\n<p style=\"text-align: center;\"><span style=\"font-family: georgia, serif; font-size: 14pt; color: #800000;\"><em>Les saupoudrer l\u00e9g\u00e8rement de cassonade et de Garam massala, les retourner et recommencer. Lorsqu&rsquo;elles sont dor\u00e9es les r\u00e9server au chaud. \u00c0 la place remettre un peu de beurre et faire cuire les morceaux de boudins \u00e0 feux doux, les retourner d\u00e9licatement.<\/em><\/span><\/p>\n<p style=\"text-align: center;\"><span style=\"font-size: 14pt; color: #800000;\"><img loading=\"lazy\" decoding=\"async\" class=\"alignnone wp-image-4091\" src=\"http:\/\/recettes-gourmandes-de-joce.fr\/wp-content\/uploads\/2019\/10\/boudin-pommes20-300x217.jpg\" alt=\"\" width=\"230\" height=\"166\" srcset=\"http:\/\/recettes-gourmandes-de-joce.fr\/wp-content\/uploads\/2019\/10\/boudin-pommes20-300x217.jpg 300w, http:\/\/recettes-gourmandes-de-joce.fr\/wp-content\/uploads\/2019\/10\/boudin-pommes20.jpg 640w\" sizes=\"auto, (max-width: 230px) 100vw, 230px\" \/> <img loading=\"lazy\" decoding=\"async\" class=\"alignnone wp-image-4092\" src=\"http:\/\/recettes-gourmandes-de-joce.fr\/wp-content\/uploads\/2019\/10\/boudin-pommes21-300x206.jpg\" alt=\"\" width=\"242\" height=\"166\" srcset=\"http:\/\/recettes-gourmandes-de-joce.fr\/wp-content\/uploads\/2019\/10\/boudin-pommes21-300x206.jpg 300w, http:\/\/recettes-gourmandes-de-joce.fr\/wp-content\/uploads\/2019\/10\/boudin-pommes21.jpg 640w\" sizes=\"auto, (max-width: 242px) 100vw, 242px\" \/> <img loading=\"lazy\" decoding=\"async\" class=\"alignnone wp-image-4093\" src=\"http:\/\/recettes-gourmandes-de-joce.fr\/wp-content\/uploads\/2019\/10\/boudin-pommes22-300x206.jpg\" alt=\"\" width=\"243\" height=\"167\" srcset=\"http:\/\/recettes-gourmandes-de-joce.fr\/wp-content\/uploads\/2019\/10\/boudin-pommes22-300x206.jpg 300w, http:\/\/recettes-gourmandes-de-joce.fr\/wp-content\/uploads\/2019\/10\/boudin-pommes22.jpg 640w\" sizes=\"auto, (max-width: 243px) 100vw, 243px\" \/><\/span><\/p>\n<p style=\"text-align: center;\"><span style=\"font-family: georgia, serif; font-size: 14pt; color: #800000;\"><em>\u00a0Dresser vos assiettes, d\u00e9poser au centre deux bonnes c de pur\u00e9e, r\u00e9partir les tranches de pommes autour, d\u00e9poser de la fondue d&rsquo;oignons sur la pur\u00e9e, parsemer le tout de persil. Terminer en d\u00e9posant d\u00e9licatement le boudin sur les oignons, ajouter une pinc\u00e9e de Garam massala sur l&rsquo;ensemble du plat et servir imm\u00e9diatement en accompagnant d&rsquo;une salade verte \u00e0 la vinaigrette.<\/em><\/span><\/p>\n<p style=\"text-align: center;\"><span style=\"font-family: georgia, serif; font-size: 14pt; color: #800000;\"><em>Bon app\u00e9tit!<\/em><\/span><\/p>\n<p style=\"text-align: center;\"><span style=\"font-size: 14pt; color: #800000;\"><img loading=\"lazy\" decoding=\"async\" class=\"alignnone wp-image-4095\" src=\"http:\/\/recettes-gourmandes-de-joce.fr\/wp-content\/uploads\/2019\/10\/boudin-pommes24-300x190.jpg\" alt=\"\" width=\"273\" height=\"173\" srcset=\"http:\/\/recettes-gourmandes-de-joce.fr\/wp-content\/uploads\/2019\/10\/boudin-pommes24-300x190.jpg 300w, http:\/\/recettes-gourmandes-de-joce.fr\/wp-content\/uploads\/2019\/10\/boudin-pommes24.jpg 640w\" sizes=\"auto, (max-width: 273px) 100vw, 273px\" \/> <img loading=\"lazy\" decoding=\"async\" class=\"alignnone wp-image-4073\" src=\"http:\/\/recettes-gourmandes-de-joce.fr\/wp-content\/uploads\/2019\/10\/boudin-pommes1-300x225.jpg\" alt=\"\" width=\"230\" height=\"173\" srcset=\"http:\/\/recettes-gourmandes-de-joce.fr\/wp-content\/uploads\/2019\/10\/boudin-pommes1-300x225.jpg 300w, http:\/\/recettes-gourmandes-de-joce.fr\/wp-content\/uploads\/2019\/10\/boudin-pommes1.jpg 640w\" sizes=\"auto, (max-width: 230px) 100vw, 230px\" \/>\u00a0<img loading=\"lazy\" decoding=\"async\" class=\"alignnone wp-image-4074\" src=\"http:\/\/recettes-gourmandes-de-joce.fr\/wp-content\/uploads\/2019\/10\/boudin-pommes2-300x225.jpg\" alt=\"\" width=\"230\" height=\"173\" srcset=\"http:\/\/recettes-gourmandes-de-joce.fr\/wp-content\/uploads\/2019\/10\/boudin-pommes2-300x225.jpg 300w, http:\/\/recettes-gourmandes-de-joce.fr\/wp-content\/uploads\/2019\/10\/boudin-pommes2.jpg 640w\" sizes=\"auto, (max-width: 230px) 100vw, 230px\" \/><\/span><\/p>\n<p style=\"text-align: center;\"><span style=\"color: #800000;\"><img loading=\"lazy\" decoding=\"async\" class=\"alignnone wp-image-37354 size-full\" src=\"http:\/\/recettes-gourmandes-de-joce.fr\/wp-content\/uploads\/2021\/06\/logitech-gaming-software-14112014-121223.jpg\" alt=\"\" width=\"640\" height=\"144\" srcset=\"http:\/\/recettes-gourmandes-de-joce.fr\/wp-content\/uploads\/2021\/06\/logitech-gaming-software-14112014-121223.jpg 640w, http:\/\/recettes-gourmandes-de-joce.fr\/wp-content\/uploads\/2021\/06\/logitech-gaming-software-14112014-121223-300x68.jpg 300w\" sizes=\"auto, (max-width: 640px) 100vw, 640px\" \/><\/span><\/p>\n","protected":false},"excerpt":{"rendered":"<p>Une de mes recettes Ingr\u00e9dients pour 3 personnes \u00a0550 g de boudin \u00e0 l&rsquo;oignon 3.50\u20ac \u00e0 Netto (Excellent!) 2 pommes type Canada 6 belles pommes de terre 1 gros oignon rouge 2 gros \u00e9chalions ou 3 belles \u00e9chalotes 1 petit bouquet de persil plat 1 c \u00e0 c rase de garam massala -&gt; \u00c9pic\u00e9too 1 &hellip; <\/p>\n<p><a class=\"more-link btn\" href=\"http:\/\/recettes-gourmandes-de-joce.fr\/index.php\/index\/viandes\/abats-charcuterie\/boudin-noir-aux-deux-pommes-et-fondue-doignons\/\">Lire la suite<\/a><\/p>\n","protected":false},"author":2,"featured_media":84455,"parent":136,"menu_order":0,"comment_status":"open","ping_status":"closed","template":"","meta":{"footnotes":""},"class_list":["post-347","page","type-page","status-publish","has-post-thumbnail","hentry","nodate","item-wrap"],"_links":{"self":[{"href":"http:\/\/recettes-gourmandes-de-joce.fr\/index.php\/wp-json\/wp\/v2\/pages\/347","targetHints":{"allow":["GET"]}}],"collection":[{"href":"http:\/\/recettes-gourmandes-de-joce.fr\/index.php\/wp-json\/wp\/v2\/pages"}],"about":[{"href":"http:\/\/recettes-gourmandes-de-joce.fr\/index.php\/wp-json\/wp\/v2\/types\/page"}],"author":[{"embeddable":true,"href":"http:\/\/recettes-gourmandes-de-joce.fr\/index.php\/wp-json\/wp\/v2\/users\/2"}],"replies":[{"embeddable":true,"href":"http:\/\/recettes-gourmandes-de-joce.fr\/index.php\/wp-json\/wp\/v2\/comments?post=347"}],"version-history":[{"count":9,"href":"http:\/\/recettes-gourmandes-de-joce.fr\/index.php\/wp-json\/wp\/v2\/pages\/347\/revisions"}],"predecessor-version":[{"id":88989,"href":"http:\/\/recettes-gourmandes-de-joce.fr\/index.php\/wp-json\/wp\/v2\/pages\/347\/revisions\/88989"}],"up":[{"embeddable":true,"href":"http:\/\/recettes-gourmandes-de-joce.fr\/index.php\/wp-json\/wp\/v2\/pages\/136"}],"wp:featuredmedia":[{"embeddable":true,"href":"http:\/\/recettes-gourmandes-de-joce.fr\/index.php\/wp-json\/wp\/v2\/media\/84455"}],"wp:attachment":[{"href":"http:\/\/recettes-gourmandes-de-joce.fr\/index.php\/wp-json\/wp\/v2\/media?parent=347"}],"curies":[{"name":"wp","href":"https:\/\/api.w.org\/{rel}","templated":true}]}}