{"id":34645,"date":"2021-06-10T13:41:32","date_gmt":"2021-06-10T13:41:32","guid":{"rendered":"http:\/\/recettes-gourmandes-de-joce.fr\/?page_id=34645"},"modified":"2024-08-16T12:51:23","modified_gmt":"2024-08-16T12:51:23","slug":"coquelets-au-barbecue-marines-aux-epices-marocaines-et-herbes-fraiches","status":"publish","type":"page","link":"http:\/\/recettes-gourmandes-de-joce.fr\/index.php\/index\/viandes\/barbecue-plancha\/coquelets-au-barbecue-marines-aux-epices-marocaines-et-herbes-fraiches\/","title":{"rendered":"Coquelets au barbecue marin\u00e9s aux \u00e9pices marocaines et herbes fra\u00eeches."},"content":{"rendered":"<p style=\"text-align: center;\"><span style=\"font-size: 18pt;\"><em><span style=\"text-decoration: underline; color: #ff9900; font-family: georgia, palatino, serif;\">Une de mes recettes<\/span><\/em><\/span><\/p>\n<p style=\"text-align: center;\"><strong><em><span style=\"font-family: georgia, palatino, serif; font-size: 14pt;\"><img loading=\"lazy\" decoding=\"async\" class=\"alignnone wp-image-34594\" src=\"http:\/\/recettes-gourmandes-de-joce.fr\/wp-content\/uploads\/2021\/06\/p3210353-300x197.jpg\" alt=\"\" width=\"267\" height=\"175\" srcset=\"http:\/\/recettes-gourmandes-de-joce.fr\/wp-content\/uploads\/2021\/06\/p3210353-300x197.jpg 300w, http:\/\/recettes-gourmandes-de-joce.fr\/wp-content\/uploads\/2021\/06\/p3210353-768x504.jpg 768w, http:\/\/recettes-gourmandes-de-joce.fr\/wp-content\/uploads\/2021\/06\/p3210353-750x492.jpg 750w, http:\/\/recettes-gourmandes-de-joce.fr\/wp-content\/uploads\/2021\/06\/p3210353.jpg 800w\" sizes=\"auto, (max-width: 267px) 100vw, 267px\" \/> <img loading=\"lazy\" decoding=\"async\" class=\"alignnone wp-image-34593\" src=\"http:\/\/recettes-gourmandes-de-joce.fr\/wp-content\/uploads\/2021\/06\/p3210352-300x225.jpg\" alt=\"\" width=\"233\" height=\"175\" srcset=\"http:\/\/recettes-gourmandes-de-joce.fr\/wp-content\/uploads\/2021\/06\/p3210352-300x225.jpg 300w, http:\/\/recettes-gourmandes-de-joce.fr\/wp-content\/uploads\/2021\/06\/p3210352-768x576.jpg 768w, http:\/\/recettes-gourmandes-de-joce.fr\/wp-content\/uploads\/2021\/06\/p3210352-750x563.jpg 750w, http:\/\/recettes-gourmandes-de-joce.fr\/wp-content\/uploads\/2021\/06\/p3210352.jpg 800w\" sizes=\"auto, (max-width: 233px) 100vw, 233px\" \/> <img loading=\"lazy\" decoding=\"async\" class=\"alignnone wp-image-34592\" src=\"http:\/\/recettes-gourmandes-de-joce.fr\/wp-content\/uploads\/2021\/06\/p3210348-300x198.jpg\" alt=\"\" width=\"266\" height=\"175\" srcset=\"http:\/\/recettes-gourmandes-de-joce.fr\/wp-content\/uploads\/2021\/06\/p3210348-300x198.jpg 300w, http:\/\/recettes-gourmandes-de-joce.fr\/wp-content\/uploads\/2021\/06\/p3210348-768x506.jpg 768w, http:\/\/recettes-gourmandes-de-joce.fr\/wp-content\/uploads\/2021\/06\/p3210348-750x494.jpg 750w, http:\/\/recettes-gourmandes-de-joce.fr\/wp-content\/uploads\/2021\/06\/p3210348.jpg 795w\" sizes=\"auto, (max-width: 266px) 100vw, 266px\" \/><\/span><\/em><\/strong><\/p>\n<p style=\"text-align: center;\"><span style=\"font-size: 18pt;\"><em><span style=\"text-decoration: underline; color: #ff9900; font-family: georgia, palatino, serif;\">Ingr\u00e9dients pour 6 personnes<\/span><\/em><\/span><\/p>\n<p style=\"text-align: center;\"><strong><em><span style=\"font-family: georgia, palatino, serif; font-size: 14pt;\"><img loading=\"lazy\" decoding=\"async\" class=\"alignnone wp-image-34596\" src=\"http:\/\/recettes-gourmandes-de-joce.fr\/wp-content\/uploads\/2021\/06\/p3210329-300x212.jpg\" alt=\"\" width=\"284\" height=\"200\" srcset=\"http:\/\/recettes-gourmandes-de-joce.fr\/wp-content\/uploads\/2021\/06\/p3210329-300x212.jpg 300w, http:\/\/recettes-gourmandes-de-joce.fr\/wp-content\/uploads\/2021\/06\/p3210329-768x541.jpg 768w, http:\/\/recettes-gourmandes-de-joce.fr\/wp-content\/uploads\/2021\/06\/p3210329-750x529.jpg 750w, http:\/\/recettes-gourmandes-de-joce.fr\/wp-content\/uploads\/2021\/06\/p3210329.jpg 800w\" sizes=\"auto, (max-width: 284px) 100vw, 284px\" \/><\/span><\/em><\/strong><\/p>\n<p style=\"text-align: center;\"><em><span style=\"font-size: 14pt; color: #ff9900; font-family: georgia, palatino, serif;\">3 coquelets<\/span><\/em><\/p>\n<p style=\"text-align: center;\"><em><span style=\"font-size: 14pt; color: #ff9900; font-family: georgia, palatino, serif;\">2 \u00e9chalotes<\/span><\/em><\/p>\n<p style=\"text-align: center;\"><em><span style=\"font-size: 14pt; color: #ff9900; font-family: georgia, palatino, serif;\">3 feuilles de sauge<\/span><\/em><\/p>\n<p style=\"text-align: center;\"><em><span style=\"font-size: 14pt; color: #ff9900; font-family: georgia, palatino, serif;\">2 branches de thym<\/span><\/em><\/p>\n<p style=\"text-align: center;\"><em><span style=\"font-size: 14pt; color: #ff9900; font-family: georgia, palatino, serif;\">Quelques tiges de persil plat<\/span><\/em><\/p>\n<p style=\"text-align: center;\"><em><span style=\"font-size: 14pt; color: #ff9900; font-family: georgia, palatino, serif;\">2 c \u00e0 c d&rsquo;\u00e9pices marocaines d\u00e9tails sur lien -&gt; \u00c9pic\u00e9too<\/span><\/em><\/p>\n<p style=\"text-align: center;\"><em><span style=\"font-size: 14pt; color: #ff9900; font-family: georgia, palatino, serif;\">\u00bd c \u00e0 c de piment d&rsquo;Espelette<\/span><\/em><\/p>\n<p style=\"text-align: center;\"><em><span style=\"font-size: 14pt; color: #ff9900; font-family: georgia, palatino, serif;\">4 c \u00e0 s d&rsquo;huile d&rsquo;olive<\/span><\/em><\/p>\n<p style=\"text-align: center;\"><em><span style=\"font-size: 14pt; color: #ff9900; font-family: georgia, palatino, serif;\">Sel<\/span><\/em><\/p>\n<p style=\"text-align: center;\"><em><span style=\"font-size: 14pt; color: #ff9900; font-family: georgia, palatino, serif;\"><img loading=\"lazy\" decoding=\"async\" class=\"alignnone wp-image-34581\" src=\"http:\/\/recettes-gourmandes-de-joce.fr\/wp-content\/uploads\/2021\/06\/p3210330-300x225.jpg\" alt=\"\" width=\"213\" height=\"160\" srcset=\"http:\/\/recettes-gourmandes-de-joce.fr\/wp-content\/uploads\/2021\/06\/p3210330-300x225.jpg 300w, http:\/\/recettes-gourmandes-de-joce.fr\/wp-content\/uploads\/2021\/06\/p3210330-768x576.jpg 768w, http:\/\/recettes-gourmandes-de-joce.fr\/wp-content\/uploads\/2021\/06\/p3210330-750x563.jpg 750w, http:\/\/recettes-gourmandes-de-joce.fr\/wp-content\/uploads\/2021\/06\/p3210330.jpg 800w\" sizes=\"auto, (max-width: 213px) 100vw, 213px\" \/> <img loading=\"lazy\" decoding=\"async\" class=\"alignnone wp-image-34582\" src=\"http:\/\/recettes-gourmandes-de-joce.fr\/wp-content\/uploads\/2021\/06\/p3210331-300x225.jpg\" alt=\"\" width=\"213\" height=\"160\" srcset=\"http:\/\/recettes-gourmandes-de-joce.fr\/wp-content\/uploads\/2021\/06\/p3210331-300x225.jpg 300w, http:\/\/recettes-gourmandes-de-joce.fr\/wp-content\/uploads\/2021\/06\/p3210331-768x576.jpg 768w, http:\/\/recettes-gourmandes-de-joce.fr\/wp-content\/uploads\/2021\/06\/p3210331-750x563.jpg 750w, http:\/\/recettes-gourmandes-de-joce.fr\/wp-content\/uploads\/2021\/06\/p3210331.jpg 800w\" sizes=\"auto, (max-width: 213px) 100vw, 213px\" \/> <img loading=\"lazy\" decoding=\"async\" class=\"alignnone wp-image-34583\" src=\"http:\/\/recettes-gourmandes-de-joce.fr\/wp-content\/uploads\/2021\/06\/p3210332-300x225.jpg\" alt=\"\" width=\"213\" height=\"160\" srcset=\"http:\/\/recettes-gourmandes-de-joce.fr\/wp-content\/uploads\/2021\/06\/p3210332-300x225.jpg 300w, http:\/\/recettes-gourmandes-de-joce.fr\/wp-content\/uploads\/2021\/06\/p3210332-768x576.jpg 768w, http:\/\/recettes-gourmandes-de-joce.fr\/wp-content\/uploads\/2021\/06\/p3210332-750x563.jpg 750w, http:\/\/recettes-gourmandes-de-joce.fr\/wp-content\/uploads\/2021\/06\/p3210332.jpg 800w\" sizes=\"auto, (max-width: 213px) 100vw, 213px\" \/><\/span><\/em><\/p>\n<p style=\"text-align: center;\"><em><span style=\"font-size: 14pt; color: #ff9900; font-family: georgia, palatino, serif;\">Couper vos coquelets en deux, laver les herbes fra\u00eeches et les ciseler finement, peler et \u00e9mincer finement les \u00e9chalotes, mettre les herbes et les \u00e9chalotes dans un plat et m\u00e9langer.<\/span><\/em><\/p>\n<p style=\"text-align: center;\"><em><span style=\"font-size: 14pt; color: #ff9900; font-family: georgia, palatino, serif;\"><img loading=\"lazy\" decoding=\"async\" class=\"alignnone wp-image-34584\" style=\"color: #4a474b;\" src=\"http:\/\/recettes-gourmandes-de-joce.fr\/wp-content\/uploads\/2021\/06\/p3210333-225x300.jpg\" alt=\"\" width=\"150\" height=\"200\" srcset=\"http:\/\/recettes-gourmandes-de-joce.fr\/wp-content\/uploads\/2021\/06\/p3210333-225x300.jpg 225w, http:\/\/recettes-gourmandes-de-joce.fr\/wp-content\/uploads\/2021\/06\/p3210333.jpg 600w\" sizes=\"auto, (max-width: 150px) 100vw, 150px\" \/> <img loading=\"lazy\" decoding=\"async\" class=\"alignnone wp-image-34586\" src=\"http:\/\/recettes-gourmandes-de-joce.fr\/wp-content\/uploads\/2021\/06\/p3210335-225x300.jpg\" alt=\"\" width=\"150\" height=\"200\" srcset=\"http:\/\/recettes-gourmandes-de-joce.fr\/wp-content\/uploads\/2021\/06\/p3210335-225x300.jpg 225w, http:\/\/recettes-gourmandes-de-joce.fr\/wp-content\/uploads\/2021\/06\/p3210335.jpg 600w\" sizes=\"auto, (max-width: 150px) 100vw, 150px\" \/>\u00a0<img loading=\"lazy\" decoding=\"async\" class=\"alignnone wp-image-34585\" style=\"color: #4a474b;\" src=\"http:\/\/recettes-gourmandes-de-joce.fr\/wp-content\/uploads\/2021\/06\/p3210334-225x300.jpg\" alt=\"\" width=\"150\" height=\"200\" srcset=\"http:\/\/recettes-gourmandes-de-joce.fr\/wp-content\/uploads\/2021\/06\/p3210334-225x300.jpg 225w, http:\/\/recettes-gourmandes-de-joce.fr\/wp-content\/uploads\/2021\/06\/p3210334.jpg 600w\" sizes=\"auto, (max-width: 150px) 100vw, 150px\" \/><\/span><\/em><\/p>\n<p style=\"text-align: center;\"><em><span style=\"font-size: 14pt; color: #ff9900; font-family: georgia, palatino, serif;\">Ajouter les \u00e9pices marocaines, le piment d&rsquo;Espelette et le sel, m\u00e9langer.<\/span><\/em><\/p>\n<p style=\"text-align: center;\"><em><span style=\"font-size: 14pt; color: #ff9900; font-family: georgia, palatino, serif;\"><img loading=\"lazy\" decoding=\"async\" class=\"alignnone wp-image-34587\" src=\"http:\/\/recettes-gourmandes-de-joce.fr\/wp-content\/uploads\/2021\/06\/p3210336-225x300.jpg\" alt=\"\" width=\"150\" height=\"200\" srcset=\"http:\/\/recettes-gourmandes-de-joce.fr\/wp-content\/uploads\/2021\/06\/p3210336-225x300.jpg 225w, http:\/\/recettes-gourmandes-de-joce.fr\/wp-content\/uploads\/2021\/06\/p3210336.jpg 600w\" sizes=\"auto, (max-width: 150px) 100vw, 150px\" \/> <img loading=\"lazy\" decoding=\"async\" class=\"alignnone wp-image-34588\" src=\"http:\/\/recettes-gourmandes-de-joce.fr\/wp-content\/uploads\/2021\/06\/p3210337-225x300.jpg\" alt=\"\" width=\"150\" height=\"200\" srcset=\"http:\/\/recettes-gourmandes-de-joce.fr\/wp-content\/uploads\/2021\/06\/p3210337-225x300.jpg 225w, http:\/\/recettes-gourmandes-de-joce.fr\/wp-content\/uploads\/2021\/06\/p3210337.jpg 600w\" sizes=\"auto, (max-width: 150px) 100vw, 150px\" \/> <img loading=\"lazy\" decoding=\"async\" class=\"alignnone wp-image-34589\" src=\"http:\/\/recettes-gourmandes-de-joce.fr\/wp-content\/uploads\/2021\/06\/p3210338-225x300.jpg\" alt=\"\" width=\"150\" height=\"200\" srcset=\"http:\/\/recettes-gourmandes-de-joce.fr\/wp-content\/uploads\/2021\/06\/p3210338-225x300.jpg 225w, http:\/\/recettes-gourmandes-de-joce.fr\/wp-content\/uploads\/2021\/06\/p3210338.jpg 600w\" sizes=\"auto, (max-width: 150px) 100vw, 150px\" \/><\/span><\/em><\/p>\n<p style=\"text-align: center;\"><em><span style=\"font-size: 14pt; color: #ff9900; font-family: georgia, palatino, serif;\">Ajouter l&rsquo;huile d&rsquo;olive et m\u00e9langer \u00e0 nouveau, passer vos demi coquelets dans cette marinade sur toutes les faces et les remettre dans le plat, mettre un couvercle ou un film alimentaire et laisser reposer environ 2h.<\/span><\/em><\/p>\n<p style=\"text-align: center;\"><em><span style=\"font-family: georgia, palatino, serif; font-size: 14pt;\"><img loading=\"lazy\" decoding=\"async\" class=\"alignnone wp-image-34590\" src=\"http:\/\/recettes-gourmandes-de-joce.fr\/wp-content\/uploads\/2021\/06\/p3210342-300x189.jpg\" alt=\"\" width=\"286\" height=\"180\" srcset=\"http:\/\/recettes-gourmandes-de-joce.fr\/wp-content\/uploads\/2021\/06\/p3210342-300x189.jpg 300w, http:\/\/recettes-gourmandes-de-joce.fr\/wp-content\/uploads\/2021\/06\/p3210342-768x483.jpg 768w, http:\/\/recettes-gourmandes-de-joce.fr\/wp-content\/uploads\/2021\/06\/p3210342-750x472.jpg 750w, http:\/\/recettes-gourmandes-de-joce.fr\/wp-content\/uploads\/2021\/06\/p3210342.jpg 793w\" sizes=\"auto, (max-width: 286px) 100vw, 286px\" \/><\/span><\/em><\/p>\n<p style=\"text-align: center;\"><em><span style=\"font-size: 14pt; color: #ff9900; font-family: georgia, palatino, serif;\">Faite cuire vos demi coquelets sur le barbecue en les retournant souvent afin qu&rsquo;ils dorent sans noircir, les servir avec le reste de la marinade. <\/span><\/em><\/p>\n<p style=\"text-align: center;\"><em><span style=\"font-size: 14pt; color: #ff9900; font-family: georgia, palatino, serif;\">Vous pouvez \u00e9galement le cuire au four \u00e0 210\u00b0 pendant environ 40 minutes selon les fours, surveiller la cuisson et la coloration.<\/span><\/em><\/p>\n<p style=\"text-align: center;\"><em><span style=\"font-size: 14pt; color: #ff9900; font-family: georgia, palatino, serif;\">Bon app\u00e9tit!<\/span><\/em><\/p>\n<p style=\"text-align: center;\"><strong><em><span style=\"font-family: georgia, palatino, serif; font-size: 14pt;\"><img loading=\"lazy\" decoding=\"async\" class=\"alignnone wp-image-34593\" src=\"http:\/\/recettes-gourmandes-de-joce.fr\/wp-content\/uploads\/2021\/06\/p3210352-300x225.jpg\" alt=\"\" width=\"233\" height=\"175\" srcset=\"http:\/\/recettes-gourmandes-de-joce.fr\/wp-content\/uploads\/2021\/06\/p3210352-300x225.jpg 300w, http:\/\/recettes-gourmandes-de-joce.fr\/wp-content\/uploads\/2021\/06\/p3210352-768x576.jpg 768w, http:\/\/recettes-gourmandes-de-joce.fr\/wp-content\/uploads\/2021\/06\/p3210352-750x563.jpg 750w, http:\/\/recettes-gourmandes-de-joce.fr\/wp-content\/uploads\/2021\/06\/p3210352.jpg 800w\" sizes=\"auto, (max-width: 233px) 100vw, 233px\" \/><\/span><\/em><\/strong><\/p>\n<p style=\"text-align: center;\"><strong><em><span style=\"font-size: 14pt; color: #ff9900; font-family: georgia, palatino, serif;\"><img loading=\"lazy\" decoding=\"async\" class=\"alignnone wp-image-34592\" src=\"http:\/\/recettes-gourmandes-de-joce.fr\/wp-content\/uploads\/2021\/06\/p3210348-300x198.jpg\" alt=\"\" width=\"266\" height=\"175\" srcset=\"http:\/\/recettes-gourmandes-de-joce.fr\/wp-content\/uploads\/2021\/06\/p3210348-300x198.jpg 300w, http:\/\/recettes-gourmandes-de-joce.fr\/wp-content\/uploads\/2021\/06\/p3210348-768x506.jpg 768w, http:\/\/recettes-gourmandes-de-joce.fr\/wp-content\/uploads\/2021\/06\/p3210348-750x494.jpg 750w, http:\/\/recettes-gourmandes-de-joce.fr\/wp-content\/uploads\/2021\/06\/p3210348.jpg 795w\" sizes=\"auto, (max-width: 266px) 100vw, 266px\" \/> <img loading=\"lazy\" decoding=\"async\" class=\"alignnone wp-image-34593\" src=\"http:\/\/recettes-gourmandes-de-joce.fr\/wp-content\/uploads\/2021\/06\/p3210352-300x225.jpg\" alt=\"\" width=\"233\" height=\"175\" srcset=\"http:\/\/recettes-gourmandes-de-joce.fr\/wp-content\/uploads\/2021\/06\/p3210352-300x225.jpg 300w, http:\/\/recettes-gourmandes-de-joce.fr\/wp-content\/uploads\/2021\/06\/p3210352-768x576.jpg 768w, http:\/\/recettes-gourmandes-de-joce.fr\/wp-content\/uploads\/2021\/06\/p3210352-750x563.jpg 750w, http:\/\/recettes-gourmandes-de-joce.fr\/wp-content\/uploads\/2021\/06\/p3210352.jpg 800w\" sizes=\"auto, (max-width: 233px) 100vw, 233px\" \/><\/span><\/em><\/strong><\/p>\n<p style=\"text-align: center;\"><strong><em><span style=\"font-family: georgia, palatino, serif; font-size: 14pt;\"><img loading=\"lazy\" decoding=\"async\" class=\"alignnone wp-image-24317 size-full\" src=\"http:\/\/recettes-gourmandes-de-joce.fr\/wp-content\/uploads\/2020\/07\/logitech-gaming-software-14112014-121223.jpg\" alt=\"\" width=\"640\" height=\"144\" srcset=\"http:\/\/recettes-gourmandes-de-joce.fr\/wp-content\/uploads\/2020\/07\/logitech-gaming-software-14112014-121223.jpg 640w, http:\/\/recettes-gourmandes-de-joce.fr\/wp-content\/uploads\/2020\/07\/logitech-gaming-software-14112014-121223-300x68.jpg 300w\" sizes=\"auto, (max-width: 640px) 100vw, 640px\" \/><\/span><\/em><\/strong><\/p>\n<p style=\"text-align: center;\">\n","protected":false},"excerpt":{"rendered":"<p>Une de mes recettes Ingr\u00e9dients pour 6 personnes 3 coquelets 2 \u00e9chalotes 3 feuilles de sauge 2 branches de thym Quelques tiges de persil plat 2 c \u00e0 c d&rsquo;\u00e9pices marocaines d\u00e9tails sur lien -&gt; \u00c9pic\u00e9too \u00bd c \u00e0 c de piment d&rsquo;Espelette 4 c \u00e0 s d&rsquo;huile d&rsquo;olive Sel Couper vos coquelets en deux, &hellip; <\/p>\n<p><a class=\"more-link btn\" href=\"http:\/\/recettes-gourmandes-de-joce.fr\/index.php\/index\/viandes\/barbecue-plancha\/coquelets-au-barbecue-marines-aux-epices-marocaines-et-herbes-fraiches\/\">Lire la suite<\/a><\/p>\n","protected":false},"author":2,"featured_media":84595,"parent":154,"menu_order":0,"comment_status":"open","ping_status":"closed","template":"","meta":{"footnotes":""},"class_list":["post-34645","page","type-page","status-publish","has-post-thumbnail","hentry","nodate","item-wrap"],"_links":{"self":[{"href":"http:\/\/recettes-gourmandes-de-joce.fr\/index.php\/wp-json\/wp\/v2\/pages\/34645","targetHints":{"allow":["GET"]}}],"collection":[{"href":"http:\/\/recettes-gourmandes-de-joce.fr\/index.php\/wp-json\/wp\/v2\/pages"}],"about":[{"href":"http:\/\/recettes-gourmandes-de-joce.fr\/index.php\/wp-json\/wp\/v2\/types\/page"}],"author":[{"embeddable":true,"href":"http:\/\/recettes-gourmandes-de-joce.fr\/index.php\/wp-json\/wp\/v2\/users\/2"}],"replies":[{"embeddable":true,"href":"http:\/\/recettes-gourmandes-de-joce.fr\/index.php\/wp-json\/wp\/v2\/comments?post=34645"}],"version-history":[{"count":5,"href":"http:\/\/recettes-gourmandes-de-joce.fr\/index.php\/wp-json\/wp\/v2\/pages\/34645\/revisions"}],"predecessor-version":[{"id":89272,"href":"http:\/\/recettes-gourmandes-de-joce.fr\/index.php\/wp-json\/wp\/v2\/pages\/34645\/revisions\/89272"}],"up":[{"embeddable":true,"href":"http:\/\/recettes-gourmandes-de-joce.fr\/index.php\/wp-json\/wp\/v2\/pages\/154"}],"wp:featuredmedia":[{"embeddable":true,"href":"http:\/\/recettes-gourmandes-de-joce.fr\/index.php\/wp-json\/wp\/v2\/media\/84595"}],"wp:attachment":[{"href":"http:\/\/recettes-gourmandes-de-joce.fr\/index.php\/wp-json\/wp\/v2\/media?parent=34645"}],"curies":[{"name":"wp","href":"https:\/\/api.w.org\/{rel}","templated":true}]}}