{"id":3429,"date":"2019-10-06T11:41:12","date_gmt":"2019-10-06T11:41:12","guid":{"rendered":"http:\/\/recettes-gourmandes-de-joce.fr\/?page_id=3429"},"modified":"2024-08-16T12:50:47","modified_gmt":"2024-08-16T12:50:47","slug":"jardiniere-de-legumes-au-jambon-de-bayonne-et-champignons","status":"publish","type":"page","link":"http:\/\/recettes-gourmandes-de-joce.fr\/index.php\/index\/legumes\/legumes\/jardiniere-de-legumes-au-jambon-de-bayonne-et-champignons\/","title":{"rendered":"Jardini\u00e8re de l\u00e9gumes au jambon de Bayonne et champignons."},"content":{"rendered":"<p style=\"text-align: center;\"><span style=\"color: #ff6600; text-decoration: underline; font-family: georgia, palatino, serif;\"><em><span style=\"font-size: x-large;\">Une de mes recettes<\/span><\/em><\/span><\/p>\n<p style=\"text-align: center;\"><img loading=\"lazy\" decoding=\"async\" class=\"alignnone wp-image-66189\" src=\"http:\/\/recettes-gourmandes-de-joce.fr\/wp-content\/uploads\/2024\/04\/jardiniere-legumes3.jpg\" alt=\"\" width=\"266\" height=\"180\" srcset=\"http:\/\/recettes-gourmandes-de-joce.fr\/wp-content\/uploads\/2024\/04\/jardiniere-legumes3.jpg 800w, http:\/\/recettes-gourmandes-de-joce.fr\/wp-content\/uploads\/2024\/04\/jardiniere-legumes3-768x520.jpg 768w, http:\/\/recettes-gourmandes-de-joce.fr\/wp-content\/uploads\/2024\/04\/jardiniere-legumes3-750x508.jpg 750w\" sizes=\"auto, (max-width: 266px) 100vw, 266px\" \/>\u00a0<img loading=\"lazy\" decoding=\"async\" class=\"alignnone wp-image-66187\" src=\"http:\/\/recettes-gourmandes-de-joce.fr\/wp-content\/uploads\/2024\/04\/jardiniere-legumes1.jpg\" alt=\"\" width=\"272\" height=\"180\" srcset=\"http:\/\/recettes-gourmandes-de-joce.fr\/wp-content\/uploads\/2024\/04\/jardiniere-legumes1.jpg 800w, http:\/\/recettes-gourmandes-de-joce.fr\/wp-content\/uploads\/2024\/04\/jardiniere-legumes1-768x508.jpg 768w, http:\/\/recettes-gourmandes-de-joce.fr\/wp-content\/uploads\/2024\/04\/jardiniere-legumes1-750x496.jpg 750w\" sizes=\"auto, (max-width: 272px) 100vw, 272px\" \/><img loading=\"lazy\" decoding=\"async\" class=\"alignnone wp-image-66188\" src=\"http:\/\/recettes-gourmandes-de-joce.fr\/wp-content\/uploads\/2024\/04\/jardiniere-legumes2.jpg\" alt=\"\" width=\"240\" height=\"180\" srcset=\"http:\/\/recettes-gourmandes-de-joce.fr\/wp-content\/uploads\/2024\/04\/jardiniere-legumes2.jpg 800w, http:\/\/recettes-gourmandes-de-joce.fr\/wp-content\/uploads\/2024\/04\/jardiniere-legumes2-768x576.jpg 768w, http:\/\/recettes-gourmandes-de-joce.fr\/wp-content\/uploads\/2024\/04\/jardiniere-legumes2-750x563.jpg 750w\" sizes=\"auto, (max-width: 240px) 100vw, 240px\" \/><\/p>\n<p style=\"text-align: center;\"><span style=\"color: #ff6600; font-size: x-large; text-decoration: underline; font-family: georgia, palatino, serif;\"><em>Ingr\u00e9dients pour 4 personnes<\/em><\/span><\/p>\n<p style=\"text-align: center;\"><img loading=\"lazy\" decoding=\"async\" class=\"alignnone wp-image-66190\" src=\"http:\/\/recettes-gourmandes-de-joce.fr\/wp-content\/uploads\/2024\/04\/jardiniere-legumes4.jpg\" alt=\"\" width=\"289\" height=\"200\" srcset=\"http:\/\/recettes-gourmandes-de-joce.fr\/wp-content\/uploads\/2024\/04\/jardiniere-legumes4.jpg 800w, http:\/\/recettes-gourmandes-de-joce.fr\/wp-content\/uploads\/2024\/04\/jardiniere-legumes4-768x532.jpg 768w, http:\/\/recettes-gourmandes-de-joce.fr\/wp-content\/uploads\/2024\/04\/jardiniere-legumes4-750x519.jpg 750w\" sizes=\"auto, (max-width: 289px) 100vw, 289px\" \/><\/p>\n<p style=\"text-align: center;\"><span style=\"color: #ff6600; font-size: large; font-family: georgia, palatino, serif;\"><em>4 pommes de terre<\/em><\/span><\/p>\n<p style=\"text-align: center;\"><span style=\"color: #ff6600; font-size: large; font-family: georgia, palatino, serif;\"><em>3 carottes<\/em><\/span><\/p>\n<p style=\"text-align: center;\"><span style=\"color: #ff6600; font-size: large; font-family: georgia, palatino, serif;\"><em>1\u00a0c\u0153ur de c\u00e9leri<\/em><\/span><\/p>\n<p style=\"text-align: center;\"><span style=\"color: #ff6600; font-size: large; font-family: georgia, palatino, serif;\"><em>500g de haricots verts frais<\/em><\/span><\/p>\n<p style=\"text-align: center;\"><span style=\"color: #ff6600; font-size: large; font-family: georgia, palatino, serif;\"><em>1 oignon blanc\u00a0et ses tiges<\/em><\/span><\/p>\n<p style=\"text-align: center;\"><span style=\"color: #ff6600; font-size: large; font-family: georgia, palatino, serif;\"><em>4 beaux champignons de Paris<\/em><\/span><\/p>\n<p style=\"text-align: center;\"><span style=\"color: #ff6600; font-size: large; font-family: georgia, palatino, serif;\"><em>1 petit bouquet de persil plat<\/em><\/span><\/p>\n<p style=\"text-align: center;\"><span style=\"color: #ff6600; font-size: large; font-family: georgia, palatino, serif;\"><em>4 tranches de jambon de Bayonne<\/em><\/span><\/p>\n<p style=\"text-align: center;\"><span style=\"color: #ff6600; font-size: large; font-family: georgia, palatino, serif;\"><em>1 c \u00e0 s rase d&rsquo;\u00e9pices pour ratatouille-&gt; \u00c9pic\u00e9too<\/em><\/span><\/p>\n<p style=\"text-align: center;\"><span style=\"color: #ff6600; font-size: large; font-family: georgia, palatino, serif;\"><em>1 morceau de beurre<\/em><\/span><\/p>\n<p style=\"text-align: center;\"><span style=\"color: #ff6600; font-size: large; font-family: georgia, palatino, serif;\"><em>1 morceau de beurre \u00bd sel<\/em><\/span><\/p>\n<p style=\"text-align: center;\"><span style=\"color: #ff6600; font-size: large; font-family: georgia, palatino, serif;\"><em>Sel et poivre\u00a0\u00a0<\/em><\/span><\/p>\n<p style=\"text-align: center;\"><img loading=\"lazy\" decoding=\"async\" class=\"alignnone wp-image-66191\" src=\"http:\/\/recettes-gourmandes-de-joce.fr\/wp-content\/uploads\/2024\/04\/jardiniere-legumes5.jpg\" alt=\"\" width=\"239\" height=\"170\" srcset=\"http:\/\/recettes-gourmandes-de-joce.fr\/wp-content\/uploads\/2024\/04\/jardiniere-legumes5.jpg 800w, http:\/\/recettes-gourmandes-de-joce.fr\/wp-content\/uploads\/2024\/04\/jardiniere-legumes5-768x547.jpg 768w, http:\/\/recettes-gourmandes-de-joce.fr\/wp-content\/uploads\/2024\/04\/jardiniere-legumes5-750x534.jpg 750w\" sizes=\"auto, (max-width: 239px) 100vw, 239px\" \/> <img loading=\"lazy\" decoding=\"async\" class=\"alignnone wp-image-66192\" src=\"http:\/\/recettes-gourmandes-de-joce.fr\/wp-content\/uploads\/2024\/04\/jardiniere-legumes6.jpg\" alt=\"\" width=\"227\" height=\"170\" srcset=\"http:\/\/recettes-gourmandes-de-joce.fr\/wp-content\/uploads\/2024\/04\/jardiniere-legumes6.jpg 800w, http:\/\/recettes-gourmandes-de-joce.fr\/wp-content\/uploads\/2024\/04\/jardiniere-legumes6-768x576.jpg 768w, http:\/\/recettes-gourmandes-de-joce.fr\/wp-content\/uploads\/2024\/04\/jardiniere-legumes6-750x563.jpg 750w\" sizes=\"auto, (max-width: 227px) 100vw, 227px\" \/> <img loading=\"lazy\" decoding=\"async\" class=\"alignnone wp-image-66193\" src=\"http:\/\/recettes-gourmandes-de-joce.fr\/wp-content\/uploads\/2024\/04\/jardiniere-legumes7.jpg\" alt=\"\" width=\"178\" height=\"170\" srcset=\"http:\/\/recettes-gourmandes-de-joce.fr\/wp-content\/uploads\/2024\/04\/jardiniere-legumes7.jpg 800w, http:\/\/recettes-gourmandes-de-joce.fr\/wp-content\/uploads\/2024\/04\/jardiniere-legumes7-768x733.jpg 768w, http:\/\/recettes-gourmandes-de-joce.fr\/wp-content\/uploads\/2024\/04\/jardiniere-legumes7-750x716.jpg 750w\" sizes=\"auto, (max-width: 178px) 100vw, 178px\" \/><\/p>\n<p style=\"text-align: center;\"><span style=\"font-size: large; font-family: georgia, palatino, serif;\"><em><span style=\"color: #ff6600;\">\u00a0Peler les carottes et les pommes de terre,\u00a0<\/span><\/em><\/span><em style=\"font-family: georgia, palatino, serif; font-size: large;\"><span style=\"color: #ff6600;\">les <\/span><\/em><em style=\"font-family: georgia, palatino, serif; font-size: large;\"><span style=\"color: #ff6600;\">laver et\u00a0<\/span><\/em><em style=\"font-family: georgia, palatino, serif; font-size: large;\"><span style=\"color: #ff6600;\">les <\/span><\/em><em style=\"font-family: georgia, palatino, serif; font-size: large;\"><span style=\"color: #ff6600;\">couper en petits cubes, laver, \u00e9queuter les haricots verts et\u00a0<\/span><\/em><em style=\"font-family: georgia, palatino, serif; font-size: large;\"><span style=\"color: #ff6600;\">les c<\/span><\/em><em style=\"font-family: georgia, palatino, serif; font-size: large;\"><span style=\"color: #ff6600;\">ouper en trois, laver le c\u00e9leri et le persil et <\/span><\/em><em style=\"font-family: georgia, palatino, serif; font-size: large;\"><span style=\"color: #ff6600;\">les<\/span><\/em><em style=\"font-family: georgia, palatino, serif; font-size: large;\"><span style=\"color: #ff6600;\"> ciseler finement. Nettoyer les champignons et\u00a0<\/span><\/em><em style=\"font-family: georgia, palatino, serif; font-size: large;\"><span style=\"color: #ff6600;\">les\u00a0<\/span><\/em><em style=\"font-family: georgia, palatino, serif; font-size: large;\"><span style=\"color: #ff6600;\">couper en lamelles, couper le jambon en lani\u00e8res.<\/span><\/em><\/p>\n<p style=\"text-align: center;\"><img loading=\"lazy\" decoding=\"async\" class=\"alignnone wp-image-66171\" src=\"http:\/\/recettes-gourmandes-de-joce.fr\/wp-content\/uploads\/2024\/04\/jardiniere-legumes8.jpg\" alt=\"\" width=\"227\" height=\"170\" srcset=\"http:\/\/recettes-gourmandes-de-joce.fr\/wp-content\/uploads\/2024\/04\/jardiniere-legumes8.jpg 800w, http:\/\/recettes-gourmandes-de-joce.fr\/wp-content\/uploads\/2024\/04\/jardiniere-legumes8-768x576.jpg 768w, http:\/\/recettes-gourmandes-de-joce.fr\/wp-content\/uploads\/2024\/04\/jardiniere-legumes8-750x563.jpg 750w\" sizes=\"auto, (max-width: 227px) 100vw, 227px\" \/> <img loading=\"lazy\" decoding=\"async\" class=\"alignnone wp-image-66172\" src=\"http:\/\/recettes-gourmandes-de-joce.fr\/wp-content\/uploads\/2024\/04\/jardiniere-legumes9.jpg\" alt=\"\" width=\"197\" height=\"170\" srcset=\"http:\/\/recettes-gourmandes-de-joce.fr\/wp-content\/uploads\/2024\/04\/jardiniere-legumes9.jpg 800w, http:\/\/recettes-gourmandes-de-joce.fr\/wp-content\/uploads\/2024\/04\/jardiniere-legumes9-768x664.jpg 768w, http:\/\/recettes-gourmandes-de-joce.fr\/wp-content\/uploads\/2024\/04\/jardiniere-legumes9-750x649.jpg 750w\" sizes=\"auto, (max-width: 197px) 100vw, 197px\" \/> <img loading=\"lazy\" decoding=\"async\" class=\"alignnone wp-image-66173\" src=\"http:\/\/recettes-gourmandes-de-joce.fr\/wp-content\/uploads\/2024\/04\/jardiniere-legumes10.jpg\" alt=\"\" width=\"199\" height=\"170\" srcset=\"http:\/\/recettes-gourmandes-de-joce.fr\/wp-content\/uploads\/2024\/04\/jardiniere-legumes10.jpg 800w, http:\/\/recettes-gourmandes-de-joce.fr\/wp-content\/uploads\/2024\/04\/jardiniere-legumes10-768x658.jpg 768w, http:\/\/recettes-gourmandes-de-joce.fr\/wp-content\/uploads\/2024\/04\/jardiniere-legumes10-750x642.jpg 750w\" sizes=\"auto, (max-width: 199px) 100vw, 199px\" \/><\/p>\n<p style=\"text-align: center;\"><span style=\"font-size: large; font-family: georgia, palatino, serif;\"><em><span style=\"color: #ff6600;\">\u00a0Mettre une marmite d&rsquo;eau sal\u00e9e \u00e0 chauffer, \u00e0 l&rsquo;\u00e9bullition y mettre les carottes \u00e0 cuire, 5 minutes apr\u00e8s la reprise de l&rsquo;\u00e9bullition ajouter les pommes de terre.<\/span><\/em><\/span><\/p>\n<p style=\"text-align: center;\"><img loading=\"lazy\" decoding=\"async\" class=\"alignnone wp-image-66174\" src=\"http:\/\/recettes-gourmandes-de-joce.fr\/wp-content\/uploads\/2024\/04\/jardiniere-legumes11.jpg\" alt=\"\" width=\"227\" height=\"170\" srcset=\"http:\/\/recettes-gourmandes-de-joce.fr\/wp-content\/uploads\/2024\/04\/jardiniere-legumes11.jpg 800w, http:\/\/recettes-gourmandes-de-joce.fr\/wp-content\/uploads\/2024\/04\/jardiniere-legumes11-768x576.jpg 768w, http:\/\/recettes-gourmandes-de-joce.fr\/wp-content\/uploads\/2024\/04\/jardiniere-legumes11-750x563.jpg 750w\" sizes=\"auto, (max-width: 227px) 100vw, 227px\" \/> <img loading=\"lazy\" decoding=\"async\" class=\"alignnone wp-image-66175\" src=\"http:\/\/recettes-gourmandes-de-joce.fr\/wp-content\/uploads\/2024\/04\/jardiniere-legumes12.jpg\" alt=\"\" width=\"227\" height=\"170\" srcset=\"http:\/\/recettes-gourmandes-de-joce.fr\/wp-content\/uploads\/2024\/04\/jardiniere-legumes12.jpg 800w, http:\/\/recettes-gourmandes-de-joce.fr\/wp-content\/uploads\/2024\/04\/jardiniere-legumes12-768x576.jpg 768w, http:\/\/recettes-gourmandes-de-joce.fr\/wp-content\/uploads\/2024\/04\/jardiniere-legumes12-750x563.jpg 750w\" sizes=\"auto, (max-width: 227px) 100vw, 227px\" \/> <img loading=\"lazy\" decoding=\"async\" class=\"alignnone wp-image-66176\" src=\"http:\/\/recettes-gourmandes-de-joce.fr\/wp-content\/uploads\/2024\/04\/jardiniere-legumes13.jpg\" alt=\"\" width=\"227\" height=\"170\" srcset=\"http:\/\/recettes-gourmandes-de-joce.fr\/wp-content\/uploads\/2024\/04\/jardiniere-legumes13.jpg 800w, http:\/\/recettes-gourmandes-de-joce.fr\/wp-content\/uploads\/2024\/04\/jardiniere-legumes13-768x576.jpg 768w, http:\/\/recettes-gourmandes-de-joce.fr\/wp-content\/uploads\/2024\/04\/jardiniere-legumes13-750x563.jpg 750w\" sizes=\"auto, (max-width: 227px) 100vw, 227px\" \/><\/p>\n<p style=\"text-align: center;\"><span style=\"font-size: large; font-family: georgia, palatino, serif;\"><em><span style=\"color: #ff6600;\">Puis ajouter les haricots verts 10 minutes plus tard, arr\u00eater la cuisson lorsque les carottes et pommes de terre sont juste cuites, \u00e9goutter les l\u00e9gumes. Dans une po\u00eale, mettre un morceau de beurre \u00e0 fondre.\u00a0<\/span><\/em><\/span><\/p>\n<p style=\"text-align: center;\"><img loading=\"lazy\" decoding=\"async\" class=\"alignnone wp-image-66177\" src=\"http:\/\/recettes-gourmandes-de-joce.fr\/wp-content\/uploads\/2024\/04\/jardiniere-legumes14.jpg\" alt=\"\" width=\"227\" height=\"170\" srcset=\"http:\/\/recettes-gourmandes-de-joce.fr\/wp-content\/uploads\/2024\/04\/jardiniere-legumes14.jpg 800w, http:\/\/recettes-gourmandes-de-joce.fr\/wp-content\/uploads\/2024\/04\/jardiniere-legumes14-768x576.jpg 768w, http:\/\/recettes-gourmandes-de-joce.fr\/wp-content\/uploads\/2024\/04\/jardiniere-legumes14-750x563.jpg 750w\" sizes=\"auto, (max-width: 227px) 100vw, 227px\" \/> <img loading=\"lazy\" decoding=\"async\" class=\"alignnone wp-image-66178\" src=\"http:\/\/recettes-gourmandes-de-joce.fr\/wp-content\/uploads\/2024\/04\/jardiniere-legumes15.jpg\" alt=\"\" width=\"227\" height=\"170\" srcset=\"http:\/\/recettes-gourmandes-de-joce.fr\/wp-content\/uploads\/2024\/04\/jardiniere-legumes15.jpg 800w, http:\/\/recettes-gourmandes-de-joce.fr\/wp-content\/uploads\/2024\/04\/jardiniere-legumes15-768x576.jpg 768w, http:\/\/recettes-gourmandes-de-joce.fr\/wp-content\/uploads\/2024\/04\/jardiniere-legumes15-750x563.jpg 750w\" sizes=\"auto, (max-width: 227px) 100vw, 227px\" \/> <img loading=\"lazy\" decoding=\"async\" class=\"alignnone wp-image-66179\" src=\"http:\/\/recettes-gourmandes-de-joce.fr\/wp-content\/uploads\/2024\/04\/jardiniere-legumes16.jpg\" alt=\"\" width=\"227\" height=\"170\" srcset=\"http:\/\/recettes-gourmandes-de-joce.fr\/wp-content\/uploads\/2024\/04\/jardiniere-legumes16.jpg 800w, http:\/\/recettes-gourmandes-de-joce.fr\/wp-content\/uploads\/2024\/04\/jardiniere-legumes16-768x576.jpg 768w, http:\/\/recettes-gourmandes-de-joce.fr\/wp-content\/uploads\/2024\/04\/jardiniere-legumes16-750x563.jpg 750w\" sizes=\"auto, (max-width: 227px) 100vw, 227px\" \/><\/p>\n<p style=\"text-align: center;\"><span style=\"font-size: large; font-family: georgia, palatino, serif;\"><em><span style=\"color: #ff6600;\">\u00a0Y faire suer les champignons et le c\u00e9leri, saler et poivrer, ajouter ensuite le jambon, m\u00e9langer.<\/span><\/em><\/span><\/p>\n<p style=\"text-align: center;\"><img loading=\"lazy\" decoding=\"async\" class=\"alignnone wp-image-66180\" src=\"http:\/\/recettes-gourmandes-de-joce.fr\/wp-content\/uploads\/2024\/04\/jardiniere-legumes17.jpg\" alt=\"\" width=\"227\" height=\"170\" srcset=\"http:\/\/recettes-gourmandes-de-joce.fr\/wp-content\/uploads\/2024\/04\/jardiniere-legumes17.jpg 800w, http:\/\/recettes-gourmandes-de-joce.fr\/wp-content\/uploads\/2024\/04\/jardiniere-legumes17-768x576.jpg 768w, http:\/\/recettes-gourmandes-de-joce.fr\/wp-content\/uploads\/2024\/04\/jardiniere-legumes17-750x563.jpg 750w\" sizes=\"auto, (max-width: 227px) 100vw, 227px\" \/> <img loading=\"lazy\" decoding=\"async\" class=\"alignnone wp-image-66181\" src=\"http:\/\/recettes-gourmandes-de-joce.fr\/wp-content\/uploads\/2024\/04\/jardiniere-legumes18.jpg\" alt=\"\" width=\"227\" height=\"170\" srcset=\"http:\/\/recettes-gourmandes-de-joce.fr\/wp-content\/uploads\/2024\/04\/jardiniere-legumes18.jpg 800w, http:\/\/recettes-gourmandes-de-joce.fr\/wp-content\/uploads\/2024\/04\/jardiniere-legumes18-768x576.jpg 768w, http:\/\/recettes-gourmandes-de-joce.fr\/wp-content\/uploads\/2024\/04\/jardiniere-legumes18-750x563.jpg 750w\" sizes=\"auto, (max-width: 227px) 100vw, 227px\" \/> <img loading=\"lazy\" decoding=\"async\" class=\"alignnone wp-image-66182\" src=\"http:\/\/recettes-gourmandes-de-joce.fr\/wp-content\/uploads\/2024\/04\/jardiniere-legumes19.jpg\" alt=\"\" width=\"227\" height=\"170\" srcset=\"http:\/\/recettes-gourmandes-de-joce.fr\/wp-content\/uploads\/2024\/04\/jardiniere-legumes19.jpg 800w, http:\/\/recettes-gourmandes-de-joce.fr\/wp-content\/uploads\/2024\/04\/jardiniere-legumes19-768x576.jpg 768w, http:\/\/recettes-gourmandes-de-joce.fr\/wp-content\/uploads\/2024\/04\/jardiniere-legumes19-750x563.jpg 750w\" sizes=\"auto, (max-width: 227px) 100vw, 227px\" \/><\/p>\n<p style=\"text-align: center;\"><span style=\"font-size: large; font-family: georgia, palatino, serif;\"><em><span style=\"color: #ff6600;\">\u00a0Ajouter ensuite les \u00e9pices et m\u00e9langer \u00e0 nouveau, verser les l\u00e9gumes et le persil dans la po\u00eale et remuer d\u00e9licatement.<\/span><\/em><\/span><\/p>\n<p style=\"text-align: center;\"><img loading=\"lazy\" decoding=\"async\" class=\"alignnone wp-image-66183\" src=\"http:\/\/recettes-gourmandes-de-joce.fr\/wp-content\/uploads\/2024\/04\/jardiniere-legumes20.jpg\" alt=\"\" width=\"227\" height=\"170\" srcset=\"http:\/\/recettes-gourmandes-de-joce.fr\/wp-content\/uploads\/2024\/04\/jardiniere-legumes20.jpg 800w, http:\/\/recettes-gourmandes-de-joce.fr\/wp-content\/uploads\/2024\/04\/jardiniere-legumes20-768x576.jpg 768w, http:\/\/recettes-gourmandes-de-joce.fr\/wp-content\/uploads\/2024\/04\/jardiniere-legumes20-750x563.jpg 750w\" sizes=\"auto, (max-width: 227px) 100vw, 227px\" \/><\/p>\n<p style=\"text-align: center;\"><span style=\"font-size: large; font-family: georgia, palatino, serif;\"><em><span style=\"color: #ff6600;\">Rectifier l&rsquo;assaisonnement et servir avec un morceau de beurre \u00bd qui fondra aux d\u00e9nier moment sur les l\u00e9gumes pour en faire ressortir les go\u00fbts.<\/span><\/em><\/span><\/p>\n<p style=\"text-align: center;\"><span style=\"font-size: large; font-family: georgia, palatino, serif;\"><em><span style=\"color: #ff6600;\">Bon app\u00e9tit!<\/span><\/em><\/span><\/p>\n<p style=\"text-align: center;\"><img loading=\"lazy\" decoding=\"async\" class=\"alignnone wp-image-66186\" src=\"http:\/\/recettes-gourmandes-de-joce.fr\/wp-content\/uploads\/2024\/04\/jardiniere-legumes23.jpg\" alt=\"\" width=\"277\" height=\"180\" srcset=\"http:\/\/recettes-gourmandes-de-joce.fr\/wp-content\/uploads\/2024\/04\/jardiniere-legumes23.jpg 800w, http:\/\/recettes-gourmandes-de-joce.fr\/wp-content\/uploads\/2024\/04\/jardiniere-legumes23-768x499.jpg 768w, http:\/\/recettes-gourmandes-de-joce.fr\/wp-content\/uploads\/2024\/04\/jardiniere-legumes23-750x488.jpg 750w\" sizes=\"auto, (max-width: 277px) 100vw, 277px\" \/><\/p>\n<p style=\"text-align: center;\"><img loading=\"lazy\" decoding=\"async\" class=\"alignnone wp-image-66185\" src=\"http:\/\/recettes-gourmandes-de-joce.fr\/wp-content\/uploads\/2024\/04\/jardiniere-legumes22.jpg\" alt=\"\" width=\"255\" height=\"180\" srcset=\"http:\/\/recettes-gourmandes-de-joce.fr\/wp-content\/uploads\/2024\/04\/jardiniere-legumes22.jpg 800w, http:\/\/recettes-gourmandes-de-joce.fr\/wp-content\/uploads\/2024\/04\/jardiniere-legumes22-768x541.jpg 768w, http:\/\/recettes-gourmandes-de-joce.fr\/wp-content\/uploads\/2024\/04\/jardiniere-legumes22-750x529.jpg 750w\" sizes=\"auto, (max-width: 255px) 100vw, 255px\" \/>\u00a0<img loading=\"lazy\" decoding=\"async\" class=\"alignnone wp-image-66184\" src=\"http:\/\/recettes-gourmandes-de-joce.fr\/wp-content\/uploads\/2024\/04\/jardiniere-legumes21.jpg\" alt=\"\" width=\"258\" height=\"180\" srcset=\"http:\/\/recettes-gourmandes-de-joce.fr\/wp-content\/uploads\/2024\/04\/jardiniere-legumes21.jpg 800w, http:\/\/recettes-gourmandes-de-joce.fr\/wp-content\/uploads\/2024\/04\/jardiniere-legumes21-768x537.jpg 768w, http:\/\/recettes-gourmandes-de-joce.fr\/wp-content\/uploads\/2024\/04\/jardiniere-legumes21-750x524.jpg 750w\" sizes=\"auto, (max-width: 258px) 100vw, 258px\" \/><\/p>\n<p><img loading=\"lazy\" decoding=\"async\" class=\"alignnone size-full wp-image-557\" src=\"http:\/\/recettes-gourmandes-de-joce.fr\/wp-content\/uploads\/2019\/09\/logitech-gaming-software-14112014-121223.jpg\" alt=\"\" width=\"800\" height=\"180\" srcset=\"http:\/\/recettes-gourmandes-de-joce.fr\/wp-content\/uploads\/2019\/09\/logitech-gaming-software-14112014-121223.jpg 800w, http:\/\/recettes-gourmandes-de-joce.fr\/wp-content\/uploads\/2019\/09\/logitech-gaming-software-14112014-121223-300x68.jpg 300w, http:\/\/recettes-gourmandes-de-joce.fr\/wp-content\/uploads\/2019\/09\/logitech-gaming-software-14112014-121223-768x173.jpg 768w\" sizes=\"auto, (max-width: 800px) 100vw, 800px\" \/><\/p>\n","protected":false},"excerpt":{"rendered":"<p>Une de mes recettes \u00a0 Ingr\u00e9dients pour 4 personnes 4 pommes de terre 3 carottes 1\u00a0c\u0153ur de c\u00e9leri 500g de haricots verts frais 1 oignon blanc\u00a0et ses tiges 4 beaux champignons de Paris 1 petit bouquet de persil plat 4 tranches de jambon de Bayonne 1 c \u00e0 s rase d&rsquo;\u00e9pices pour ratatouille-&gt; \u00c9pic\u00e9too 1 &hellip; <\/p>\n<p><a class=\"more-link btn\" href=\"http:\/\/recettes-gourmandes-de-joce.fr\/index.php\/index\/legumes\/legumes\/jardiniere-de-legumes-au-jambon-de-bayonne-et-champignons\/\">Lire la suite<\/a><\/p>\n","protected":false},"author":2,"featured_media":66185,"parent":945,"menu_order":0,"comment_status":"open","ping_status":"closed","template":"","meta":{"footnotes":""},"class_list":["post-3429","page","type-page","status-publish","has-post-thumbnail","hentry","nodate","item-wrap"],"_links":{"self":[{"href":"http:\/\/recettes-gourmandes-de-joce.fr\/index.php\/wp-json\/wp\/v2\/pages\/3429","targetHints":{"allow":["GET"]}}],"collection":[{"href":"http:\/\/recettes-gourmandes-de-joce.fr\/index.php\/wp-json\/wp\/v2\/pages"}],"about":[{"href":"http:\/\/recettes-gourmandes-de-joce.fr\/index.php\/wp-json\/wp\/v2\/types\/page"}],"author":[{"embeddable":true,"href":"http:\/\/recettes-gourmandes-de-joce.fr\/index.php\/wp-json\/wp\/v2\/users\/2"}],"replies":[{"embeddable":true,"href":"http:\/\/recettes-gourmandes-de-joce.fr\/index.php\/wp-json\/wp\/v2\/comments?post=3429"}],"version-history":[{"count":4,"href":"http:\/\/recettes-gourmandes-de-joce.fr\/index.php\/wp-json\/wp\/v2\/pages\/3429\/revisions"}],"predecessor-version":[{"id":88716,"href":"http:\/\/recettes-gourmandes-de-joce.fr\/index.php\/wp-json\/wp\/v2\/pages\/3429\/revisions\/88716"}],"up":[{"embeddable":true,"href":"http:\/\/recettes-gourmandes-de-joce.fr\/index.php\/wp-json\/wp\/v2\/pages\/945"}],"wp:featuredmedia":[{"embeddable":true,"href":"http:\/\/recettes-gourmandes-de-joce.fr\/index.php\/wp-json\/wp\/v2\/media\/66185"}],"wp:attachment":[{"href":"http:\/\/recettes-gourmandes-de-joce.fr\/index.php\/wp-json\/wp\/v2\/media?parent=3429"}],"curies":[{"name":"wp","href":"https:\/\/api.w.org\/{rel}","templated":true}]}}