{"id":3422,"date":"2019-10-06T11:32:17","date_gmt":"2019-10-06T11:32:17","guid":{"rendered":"http:\/\/recettes-gourmandes-de-joce.fr\/?page_id=3422"},"modified":"2025-03-25T10:06:06","modified_gmt":"2025-03-25T10:06:06","slug":"gratin-fondant-de-pommes-de-terre-au-chevre","status":"publish","type":"page","link":"http:\/\/recettes-gourmandes-de-joce.fr\/index.php\/index\/legumes\/pommes-de-terre\/gratin-fondant-de-pommes-de-terre-au-chevre\/","title":{"rendered":"Gratin fondant de pommes de terre au ch\u00e8vre."},"content":{"rendered":"<p style=\"text-align: center;\"><span style=\"color: #008000;\"><span style=\"font-size: 24px;\"><span style=\"font-family: georgia,serif;\"><u><em>Une de mes recettes<\/em><\/u><\/span><\/span><\/span><\/p>\n<p style=\"text-align: center;\"><img loading=\"lazy\" decoding=\"async\" class=\"alignnone wp-image-69564\" src=\"http:\/\/recettes-gourmandes-de-joce.fr\/wp-content\/uploads\/2024\/04\/pdt-chevre3a.jpg\" alt=\"\" width=\"240\" height=\"180\" srcset=\"http:\/\/recettes-gourmandes-de-joce.fr\/wp-content\/uploads\/2024\/04\/pdt-chevre3a.jpg 1024w, http:\/\/recettes-gourmandes-de-joce.fr\/wp-content\/uploads\/2024\/04\/pdt-chevre3a-768x576.jpg 768w, http:\/\/recettes-gourmandes-de-joce.fr\/wp-content\/uploads\/2024\/04\/pdt-chevre3a-750x563.jpg 750w\" sizes=\"auto, (max-width: 240px) 100vw, 240px\" \/> <img loading=\"lazy\" decoding=\"async\" class=\"alignnone wp-image-69562\" src=\"http:\/\/recettes-gourmandes-de-joce.fr\/wp-content\/uploads\/2024\/04\/pdt-chevre2-1.jpg\" alt=\"\" width=\"232\" height=\"180\" srcset=\"http:\/\/recettes-gourmandes-de-joce.fr\/wp-content\/uploads\/2024\/04\/pdt-chevre2-1.jpg 1024w, http:\/\/recettes-gourmandes-de-joce.fr\/wp-content\/uploads\/2024\/04\/pdt-chevre2-1-768x596.jpg 768w, http:\/\/recettes-gourmandes-de-joce.fr\/wp-content\/uploads\/2024\/04\/pdt-chevre2-1-750x582.jpg 750w\" sizes=\"auto, (max-width: 232px) 100vw, 232px\" \/> <img loading=\"lazy\" decoding=\"async\" class=\"alignnone wp-image-69563\" src=\"http:\/\/recettes-gourmandes-de-joce.fr\/wp-content\/uploads\/2024\/04\/pdt-chevre3-1.jpg\" alt=\"\" width=\"265\" height=\"180\" srcset=\"http:\/\/recettes-gourmandes-de-joce.fr\/wp-content\/uploads\/2024\/04\/pdt-chevre3-1.jpg 1024w, http:\/\/recettes-gourmandes-de-joce.fr\/wp-content\/uploads\/2024\/04\/pdt-chevre3-1-768x521.jpg 768w, http:\/\/recettes-gourmandes-de-joce.fr\/wp-content\/uploads\/2024\/04\/pdt-chevre3-1-750x509.jpg 750w\" sizes=\"auto, (max-width: 265px) 100vw, 265px\" \/><\/p>\n<p style=\"text-align: center;\"><img loading=\"lazy\" decoding=\"async\" class=\"alignnone wp-image-69561\" src=\"http:\/\/recettes-gourmandes-de-joce.fr\/wp-content\/uploads\/2024\/04\/pdt-chevre1-1.jpg\" alt=\"\" width=\"231\" height=\"180\" srcset=\"http:\/\/recettes-gourmandes-de-joce.fr\/wp-content\/uploads\/2024\/04\/pdt-chevre1-1.jpg 1024w, http:\/\/recettes-gourmandes-de-joce.fr\/wp-content\/uploads\/2024\/04\/pdt-chevre1-1-768x599.jpg 768w, http:\/\/recettes-gourmandes-de-joce.fr\/wp-content\/uploads\/2024\/04\/pdt-chevre1-1-750x585.jpg 750w\" sizes=\"auto, (max-width: 231px) 100vw, 231px\" \/><\/p>\n<p style=\"text-align: center;\"><span style=\"color: #008000;\"><span style=\"font-size: 24px;\"><span style=\"font-family: georgia,serif;\"><u><em>Ingr\u00e9dients pour 5 personnes<\/em><\/u><\/span><\/span><\/span><\/p>\n<p style=\"text-align: center;\"><img loading=\"lazy\" decoding=\"async\" class=\"alignnone wp-image-69565\" src=\"http:\/\/recettes-gourmandes-de-joce.fr\/wp-content\/uploads\/2024\/04\/pdt-chevre4-1.jpg\" alt=\"\" width=\"267\" height=\"200\" srcset=\"http:\/\/recettes-gourmandes-de-joce.fr\/wp-content\/uploads\/2024\/04\/pdt-chevre4-1.jpg 1024w, http:\/\/recettes-gourmandes-de-joce.fr\/wp-content\/uploads\/2024\/04\/pdt-chevre4-1-768x576.jpg 768w, http:\/\/recettes-gourmandes-de-joce.fr\/wp-content\/uploads\/2024\/04\/pdt-chevre4-1-750x563.jpg 750w\" sizes=\"auto, (max-width: 267px) 100vw, 267px\" \/><\/p>\n<p style=\"text-align: center;\"><span style=\"color: #008000;\"><span style=\"font-size: 20px;\"><span style=\"font-family: georgia,serif;\"><em>5 grosses pommes de terre<\/em><\/span><\/span><\/span><\/p>\n<p style=\"text-align: center;\"><span style=\"color: #008000;\"><span style=\"font-size: 20px;\"><span style=\"font-family: georgia,serif;\"><em>\u00be d&rsquo;une b\u00fbche de ch\u00e8vre<\/em><\/span><\/span><\/span><\/p>\n<p style=\"text-align: center;\"><span style=\"color: #008000;\"><span style=\"font-size: 20px;\"><span style=\"font-family: georgia,serif;\"><em>\u00bd fromage de ch\u00e8vre (forme camembert)<\/em><\/span><\/span><\/span><\/p>\n<p style=\"text-align: center;\"><span style=\"color: #008000;\"><span style=\"font-size: 20px;\"><span style=\"font-family: georgia,serif;\"><em>1 petit bouquet de cive ou les tiges d&rsquo;un oignon blanc<\/em><\/span><\/span><\/span><\/p>\n<p style=\"text-align: center;\"><span style=\"color: #008000;\"><span style=\"font-size: 20px;\"><span style=\"font-family: georgia,serif;\"><em>1 petit bouquet de ciboulette chinoise<\/em><\/span><\/span><\/span><\/p>\n<p style=\"text-align: center;\"><span style=\"color: #008000;\"><span style=\"font-size: 20px;\"><span style=\"font-family: georgia,serif;\"><em>1 c \u00e0 s rase d&rsquo;\u00e9pices pour pommes de terre -&gt; \u00c9pic\u00e9too<\/em><\/span><\/span><\/span><\/p>\n<p style=\"text-align: center;\"><span style=\"color: #008000; font-size: 14pt;\"><span style=\"font-family: georgia,serif;\"><em>1 brique de cr\u00e8me liquide (oubli\u00e9 sur la photo)<\/em><\/span><\/span><\/p>\n<p style=\"text-align: center;\"><span style=\"color: #008000; font-size: 14pt;\"><span style=\"font-family: georgia,serif;\"><em>Sel et poivre<\/em><\/span><\/span><\/p>\n<p style=\"text-align: center;\"><img loading=\"lazy\" decoding=\"async\" class=\"alignnone wp-image-69566\" src=\"http:\/\/recettes-gourmandes-de-joce.fr\/wp-content\/uploads\/2024\/04\/pdt-chevre5-1.jpg\" alt=\"\" width=\"177\" height=\"170\" srcset=\"http:\/\/recettes-gourmandes-de-joce.fr\/wp-content\/uploads\/2024\/04\/pdt-chevre5-1.jpg 1024w, http:\/\/recettes-gourmandes-de-joce.fr\/wp-content\/uploads\/2024\/04\/pdt-chevre5-1-768x737.jpg 768w, http:\/\/recettes-gourmandes-de-joce.fr\/wp-content\/uploads\/2024\/04\/pdt-chevre5-1-750x719.jpg 750w\" sizes=\"auto, (max-width: 177px) 100vw, 177px\" \/> <img loading=\"lazy\" decoding=\"async\" class=\"alignnone wp-image-69567\" src=\"http:\/\/recettes-gourmandes-de-joce.fr\/wp-content\/uploads\/2024\/04\/pdt-chevre6-1.jpg\" alt=\"\" width=\"227\" height=\"170\" srcset=\"http:\/\/recettes-gourmandes-de-joce.fr\/wp-content\/uploads\/2024\/04\/pdt-chevre6-1.jpg 1024w, http:\/\/recettes-gourmandes-de-joce.fr\/wp-content\/uploads\/2024\/04\/pdt-chevre6-1-768x576.jpg 768w, http:\/\/recettes-gourmandes-de-joce.fr\/wp-content\/uploads\/2024\/04\/pdt-chevre6-1-750x563.jpg 750w\" sizes=\"auto, (max-width: 227px) 100vw, 227px\" \/> <img loading=\"lazy\" decoding=\"async\" class=\"alignnone wp-image-69568\" src=\"http:\/\/recettes-gourmandes-de-joce.fr\/wp-content\/uploads\/2024\/04\/pdt-chevre7-1.jpg\" alt=\"\" width=\"199\" height=\"170\" srcset=\"http:\/\/recettes-gourmandes-de-joce.fr\/wp-content\/uploads\/2024\/04\/pdt-chevre7-1.jpg 1024w, http:\/\/recettes-gourmandes-de-joce.fr\/wp-content\/uploads\/2024\/04\/pdt-chevre7-1-768x656.jpg 768w, http:\/\/recettes-gourmandes-de-joce.fr\/wp-content\/uploads\/2024\/04\/pdt-chevre7-1-750x640.jpg 750w\" sizes=\"auto, (max-width: 199px) 100vw, 199px\" \/><\/p>\n<p style=\"text-align: center;\"><span style=\"color: #008000; font-size: 14pt;\"><span style=\"font-family: georgia,serif;\"><em>Couper les fromages de ch\u00e8vre en tranches, laver et ciseler la ciboulette et la cive, peler et laver les pommes de terre et les couper \u00e0 la mandoline ou en tranches tr\u00e8s fines.<\/em><\/span><\/span><\/p>\n<p style=\"text-align: center;\"><img loading=\"lazy\" decoding=\"async\" class=\"alignnone wp-image-69569\" src=\"http:\/\/recettes-gourmandes-de-joce.fr\/wp-content\/uploads\/2024\/04\/pdt-chevre8-1.jpg\" alt=\"\" width=\"181\" height=\"170\" srcset=\"http:\/\/recettes-gourmandes-de-joce.fr\/wp-content\/uploads\/2024\/04\/pdt-chevre8-1.jpg 1024w, http:\/\/recettes-gourmandes-de-joce.fr\/wp-content\/uploads\/2024\/04\/pdt-chevre8-1-768x720.jpg 768w, http:\/\/recettes-gourmandes-de-joce.fr\/wp-content\/uploads\/2024\/04\/pdt-chevre8-1-750x703.jpg 750w\" sizes=\"auto, (max-width: 181px) 100vw, 181px\" \/> <img loading=\"lazy\" decoding=\"async\" class=\"alignnone wp-image-69570\" src=\"http:\/\/recettes-gourmandes-de-joce.fr\/wp-content\/uploads\/2024\/04\/pdt-chevre9-1.jpg\" alt=\"\" width=\"227\" height=\"170\" srcset=\"http:\/\/recettes-gourmandes-de-joce.fr\/wp-content\/uploads\/2024\/04\/pdt-chevre9-1.jpg 1024w, http:\/\/recettes-gourmandes-de-joce.fr\/wp-content\/uploads\/2024\/04\/pdt-chevre9-1-768x576.jpg 768w, http:\/\/recettes-gourmandes-de-joce.fr\/wp-content\/uploads\/2024\/04\/pdt-chevre9-1-750x563.jpg 750w\" sizes=\"auto, (max-width: 227px) 100vw, 227px\" \/> <img loading=\"lazy\" decoding=\"async\" class=\"alignnone wp-image-69571\" src=\"http:\/\/recettes-gourmandes-de-joce.fr\/wp-content\/uploads\/2024\/04\/pdt-chevre10-1.jpg\" alt=\"\" width=\"227\" height=\"170\" srcset=\"http:\/\/recettes-gourmandes-de-joce.fr\/wp-content\/uploads\/2024\/04\/pdt-chevre10-1.jpg 1024w, http:\/\/recettes-gourmandes-de-joce.fr\/wp-content\/uploads\/2024\/04\/pdt-chevre10-1-768x576.jpg 768w, http:\/\/recettes-gourmandes-de-joce.fr\/wp-content\/uploads\/2024\/04\/pdt-chevre10-1-750x563.jpg 750w\" sizes=\"auto, (max-width: 227px) 100vw, 227px\" \/><\/p>\n<p style=\"text-align: center;\"><span style=\"color: #008000; font-size: 14pt;\"><span style=\"font-family: georgia,serif;\"><em>Saler et poivrer les pommes de terre, ajouter les \u00e9pices, la cive et la ciboulette.<\/em><\/span><\/span><\/p>\n<p style=\"text-align: center;\"><img loading=\"lazy\" decoding=\"async\" class=\"alignnone wp-image-69572\" src=\"http:\/\/recettes-gourmandes-de-joce.fr\/wp-content\/uploads\/2024\/04\/pdt-chevre11-1.jpg\" alt=\"\" width=\"227\" height=\"170\" srcset=\"http:\/\/recettes-gourmandes-de-joce.fr\/wp-content\/uploads\/2024\/04\/pdt-chevre11-1.jpg 1024w, http:\/\/recettes-gourmandes-de-joce.fr\/wp-content\/uploads\/2024\/04\/pdt-chevre11-1-768x576.jpg 768w, http:\/\/recettes-gourmandes-de-joce.fr\/wp-content\/uploads\/2024\/04\/pdt-chevre11-1-750x563.jpg 750w\" sizes=\"auto, (max-width: 227px) 100vw, 227px\" \/> <img loading=\"lazy\" decoding=\"async\" class=\"alignnone wp-image-69573\" src=\"http:\/\/recettes-gourmandes-de-joce.fr\/wp-content\/uploads\/2024\/04\/pdt-chevre12-1.jpg\" alt=\"\" width=\"240\" height=\"170\" srcset=\"http:\/\/recettes-gourmandes-de-joce.fr\/wp-content\/uploads\/2024\/04\/pdt-chevre12-1.jpg 1024w, http:\/\/recettes-gourmandes-de-joce.fr\/wp-content\/uploads\/2024\/04\/pdt-chevre12-1-768x543.jpg 768w, http:\/\/recettes-gourmandes-de-joce.fr\/wp-content\/uploads\/2024\/04\/pdt-chevre12-1-750x530.jpg 750w\" sizes=\"auto, (max-width: 240px) 100vw, 240px\" \/> <img loading=\"lazy\" decoding=\"async\" class=\"alignnone wp-image-69574\" src=\"http:\/\/recettes-gourmandes-de-joce.fr\/wp-content\/uploads\/2024\/04\/pdt-chevre13-1.jpg\" alt=\"\" width=\"185\" height=\"170\" srcset=\"http:\/\/recettes-gourmandes-de-joce.fr\/wp-content\/uploads\/2024\/04\/pdt-chevre13-1.jpg 1024w, http:\/\/recettes-gourmandes-de-joce.fr\/wp-content\/uploads\/2024\/04\/pdt-chevre13-1-768x705.jpg 768w, http:\/\/recettes-gourmandes-de-joce.fr\/wp-content\/uploads\/2024\/04\/pdt-chevre13-1-750x688.jpg 750w\" sizes=\"auto, (max-width: 185px) 100vw, 185px\" \/><\/p>\n<p style=\"text-align: center;\"><span style=\"color: #008000; font-size: 14pt;\"><span style=\"font-family: georgia,serif;\"><em>Bien m\u00e9langer le tout. Dans des petites cocottes individuelles ou dans un plat \u00e0 gratin, r\u00e9partir 1\/3 des pommes de terre, r\u00e9partir ensuite la moiti\u00e9 des tranches de la b\u00fbche de ch\u00e8vre.<\/em><\/span><\/span><\/p>\n<p style=\"text-align: center;\"><img loading=\"lazy\" decoding=\"async\" class=\"alignnone wp-image-69575\" src=\"http:\/\/recettes-gourmandes-de-joce.fr\/wp-content\/uploads\/2024\/04\/pdt-chevre14-1.jpg\" alt=\"\" width=\"217\" height=\"170\" srcset=\"http:\/\/recettes-gourmandes-de-joce.fr\/wp-content\/uploads\/2024\/04\/pdt-chevre14-1.jpg 1024w, http:\/\/recettes-gourmandes-de-joce.fr\/wp-content\/uploads\/2024\/04\/pdt-chevre14-1-768x602.jpg 768w, http:\/\/recettes-gourmandes-de-joce.fr\/wp-content\/uploads\/2024\/04\/pdt-chevre14-1-750x587.jpg 750w\" sizes=\"auto, (max-width: 217px) 100vw, 217px\" \/> <img loading=\"lazy\" decoding=\"async\" class=\"alignnone wp-image-69576\" src=\"http:\/\/recettes-gourmandes-de-joce.fr\/wp-content\/uploads\/2024\/04\/pdt-chevre15-1.jpg\" alt=\"\" width=\"202\" height=\"170\" srcset=\"http:\/\/recettes-gourmandes-de-joce.fr\/wp-content\/uploads\/2024\/04\/pdt-chevre15-1.jpg 1024w, http:\/\/recettes-gourmandes-de-joce.fr\/wp-content\/uploads\/2024\/04\/pdt-chevre15-1-768x647.jpg 768w, http:\/\/recettes-gourmandes-de-joce.fr\/wp-content\/uploads\/2024\/04\/pdt-chevre15-1-750x632.jpg 750w\" sizes=\"auto, (max-width: 202px) 100vw, 202px\" \/> <img loading=\"lazy\" decoding=\"async\" class=\"alignnone wp-image-69577\" src=\"http:\/\/recettes-gourmandes-de-joce.fr\/wp-content\/uploads\/2024\/04\/pdt-chevre16-1.jpg\" alt=\"\" width=\"227\" height=\"170\" srcset=\"http:\/\/recettes-gourmandes-de-joce.fr\/wp-content\/uploads\/2024\/04\/pdt-chevre16-1.jpg 1024w, http:\/\/recettes-gourmandes-de-joce.fr\/wp-content\/uploads\/2024\/04\/pdt-chevre16-1-768x576.jpg 768w, http:\/\/recettes-gourmandes-de-joce.fr\/wp-content\/uploads\/2024\/04\/pdt-chevre16-1-750x563.jpg 750w\" sizes=\"auto, (max-width: 227px) 100vw, 227px\" \/><\/p>\n<p style=\"text-align: center;\"><span style=\"color: #008000; font-size: 14pt;\"><span style=\"font-family: georgia,serif;\"><em>R\u00e9partir la moiti\u00e9 des pommes de terre restantes et ensuite le reste des tranches de b\u00fbche de ch\u00e8vre. Terminer par le reste des pommes de terre et r\u00e9partir le fromage de ch\u00e8vre (forme camembert).<\/em><\/span><\/span><\/p>\n<p style=\"text-align: center;\"><img loading=\"lazy\" decoding=\"async\" class=\"alignnone wp-image-69578\" src=\"http:\/\/recettes-gourmandes-de-joce.fr\/wp-content\/uploads\/2024\/04\/pdt-chevre17-1.jpg\" alt=\"\" width=\"223\" height=\"170\" srcset=\"http:\/\/recettes-gourmandes-de-joce.fr\/wp-content\/uploads\/2024\/04\/pdt-chevre17-1.jpg 1024w, http:\/\/recettes-gourmandes-de-joce.fr\/wp-content\/uploads\/2024\/04\/pdt-chevre17-1-768x584.jpg 768w, http:\/\/recettes-gourmandes-de-joce.fr\/wp-content\/uploads\/2024\/04\/pdt-chevre17-1-750x571.jpg 750w\" sizes=\"auto, (max-width: 223px) 100vw, 223px\" \/> <img loading=\"lazy\" decoding=\"async\" class=\"alignnone wp-image-69579\" src=\"http:\/\/recettes-gourmandes-de-joce.fr\/wp-content\/uploads\/2024\/04\/pdt-chevre18.jpg\" alt=\"\" width=\"227\" height=\"170\" srcset=\"http:\/\/recettes-gourmandes-de-joce.fr\/wp-content\/uploads\/2024\/04\/pdt-chevre18.jpg 1024w, http:\/\/recettes-gourmandes-de-joce.fr\/wp-content\/uploads\/2024\/04\/pdt-chevre18-768x576.jpg 768w, http:\/\/recettes-gourmandes-de-joce.fr\/wp-content\/uploads\/2024\/04\/pdt-chevre18-750x563.jpg 750w\" sizes=\"auto, (max-width: 227px) 100vw, 227px\" \/><\/p>\n<p style=\"text-align: center;\"><span style=\"color: #008000; font-size: 14pt;\"><span style=\"font-family: georgia,serif;\"><em>R\u00e9partir la cr\u00e8me dans chaque cocotte et terminer par un tour de moulin \u00e0 poivre. Enfourner \u00e0 220\u00b0 environ 35 minutes selon les fours, surveiller la cuisson et la coloration. Je conseille de mettre une feuille de papier d&rsquo;aluminium sous vos cocottes car elles risquent de d\u00e9border un peu cela \u00e9vite le nettoyage du four \ud83d\ude09 .<\/em><\/span><\/span><\/p>\n<p style=\"text-align: center;\"><span style=\"color: #008000; font-size: 14pt;\"><span style=\"font-family: georgia,serif;\"><em> J&rsquo;ai accompagn\u00e9 ces petites cocottes de grillades et saucisses au barbecue.<\/em><\/span><\/span><\/p>\n<p style=\"text-align: center;\"><span style=\"color: #008000; font-size: 14pt;\"><span style=\"font-family: georgia,serif;\"><em>Bon app\u00e9tit!<\/em><\/span><\/span><\/p>\n<p style=\"text-align: center;\"><img loading=\"lazy\" decoding=\"async\" class=\"alignnone wp-image-69581\" src=\"http:\/\/recettes-gourmandes-de-joce.fr\/wp-content\/uploads\/2024\/04\/pdt-chevre20.jpg\" alt=\"\" width=\"273\" height=\"180\" srcset=\"http:\/\/recettes-gourmandes-de-joce.fr\/wp-content\/uploads\/2024\/04\/pdt-chevre20.jpg 1024w, http:\/\/recettes-gourmandes-de-joce.fr\/wp-content\/uploads\/2024\/04\/pdt-chevre20-768x506.jpg 768w, http:\/\/recettes-gourmandes-de-joce.fr\/wp-content\/uploads\/2024\/04\/pdt-chevre20-750x494.jpg 750w\" sizes=\"auto, (max-width: 273px) 100vw, 273px\" \/><\/p>\n<p style=\"text-align: center;\"><img loading=\"lazy\" decoding=\"async\" class=\"alignnone wp-image-69580\" src=\"http:\/\/recettes-gourmandes-de-joce.fr\/wp-content\/uploads\/2024\/04\/pdt-chevre19.jpg\" alt=\"\" width=\"266\" height=\"180\" srcset=\"http:\/\/recettes-gourmandes-de-joce.fr\/wp-content\/uploads\/2024\/04\/pdt-chevre19.jpg 1024w, http:\/\/recettes-gourmandes-de-joce.fr\/wp-content\/uploads\/2024\/04\/pdt-chevre19-768x519.jpg 768w, http:\/\/recettes-gourmandes-de-joce.fr\/wp-content\/uploads\/2024\/04\/pdt-chevre19-750x507.jpg 750w\" sizes=\"auto, (max-width: 266px) 100vw, 266px\" \/> <img loading=\"lazy\" decoding=\"async\" class=\"alignnone wp-image-69560\" src=\"http:\/\/recettes-gourmandes-de-joce.fr\/wp-content\/uploads\/2024\/04\/pdt-chevre21.jpg\" alt=\"\" width=\"274\" height=\"180\" srcset=\"http:\/\/recettes-gourmandes-de-joce.fr\/wp-content\/uploads\/2024\/04\/pdt-chevre21.jpg 1024w, http:\/\/recettes-gourmandes-de-joce.fr\/wp-content\/uploads\/2024\/04\/pdt-chevre21-768x505.jpg 768w, http:\/\/recettes-gourmandes-de-joce.fr\/wp-content\/uploads\/2024\/04\/pdt-chevre21-750x493.jpg 750w\" sizes=\"auto, (max-width: 274px) 100vw, 274px\" \/><\/p>\n<p style=\"text-align: center;\"><img loading=\"lazy\" decoding=\"async\" class=\"alignnone size-full wp-image-59803\" src=\"http:\/\/recettes-gourmandes-de-joce.fr\/wp-content\/uploads\/2024\/01\/logitech-gaming-software-14112014-121223.jpg\" alt=\"\" width=\"640\" height=\"144\" \/><\/p>\n<h3>Commentaires\u00a0<small>(2)<\/small><\/h3>\n<div class=\"items-container\">\n<div class=\"item item-comment media\">\n<div class=\"pull-left\">\n<p>&nbsp;<\/p>\n<p><img decoding=\"async\" class=\"media-object\" src=\"https:\/\/www.gravatar.com\/avatar\/e7613e9c4b46e2ff6812116048d66e8a?d=https%3A%2F%2Fwww.recettes-gourmandes-de-joce.com%2Fmedias%2Fstatic%2Fmanager%2Fim%2Favatar.png?s=50&amp;d=mm\" alt=\"Marie-france\" width=\"50\" \/><\/p>\n<\/div>\n<div class=\"media-body\">\n<ul class=\"inline item-infos\">\n<li><span class=\"comment-number\">1.<\/span>\u00a0<span class=\"comment-author\"><strong>Marie-france<\/strong><\/span>\u00a0<span class=\"comment-date\">| 01\/05\/2016<\/span><\/li>\n<\/ul>\n<div class=\"comment-content\">Hummmmm merci pour le recette je le resterai &#8230;<\/div>\n<div class=\"item item-comment media by-webmaster\">\n<div class=\"pull-left\">\n<p>&nbsp;<\/p>\n<\/div>\n<div class=\"media-body\">\n<ul class=\"inline item-infos\">\n<li><span class=\"comment-author\"><strong>jocelyne debon<\/strong>\u00a0(<a rel=\"nofollow\">site web<\/a>)<\/span>\u00a0<span class=\"comment-date\">| 01\/05\/2016<\/span><\/li>\n<\/ul>\n<div class=\"comment-content\">Merciii pour le com, n&rsquo;h\u00e9sitez pas \u00e0 revenir donner votre avis quand vous l&rsquo;aurez test\u00e9e<\/div>\n<div class=\"comment-content\">Bon dimanche<\/div>\n<div class=\"comment-content\">Amicalement Joce<\/div>\n<\/div>\n<\/div>\n<\/div>\n<\/div>\n<\/div>\n","protected":false},"excerpt":{"rendered":"<p>Une de mes recettes Ingr\u00e9dients pour 5 personnes 5 grosses pommes de terre \u00be d&rsquo;une b\u00fbche de ch\u00e8vre \u00bd fromage de ch\u00e8vre (forme camembert) 1 petit bouquet de cive ou les tiges d&rsquo;un oignon blanc 1 petit bouquet de ciboulette chinoise 1 c \u00e0 s rase d&rsquo;\u00e9pices pour pommes de terre -&gt; \u00c9pic\u00e9too 1 brique &hellip; <\/p>\n<p><a class=\"more-link btn\" href=\"http:\/\/recettes-gourmandes-de-joce.fr\/index.php\/index\/legumes\/pommes-de-terre\/gratin-fondant-de-pommes-de-terre-au-chevre\/\">Lire la suite<\/a><\/p>\n","protected":false},"author":2,"featured_media":69564,"parent":943,"menu_order":0,"comment_status":"open","ping_status":"closed","template":"","meta":{"footnotes":""},"class_list":["post-3422","page","type-page","status-publish","has-post-thumbnail","hentry","nodate","item-wrap"],"_links":{"self":[{"href":"http:\/\/recettes-gourmandes-de-joce.fr\/index.php\/wp-json\/wp\/v2\/pages\/3422","targetHints":{"allow":["GET"]}}],"collection":[{"href":"http:\/\/recettes-gourmandes-de-joce.fr\/index.php\/wp-json\/wp\/v2\/pages"}],"about":[{"href":"http:\/\/recettes-gourmandes-de-joce.fr\/index.php\/wp-json\/wp\/v2\/types\/page"}],"author":[{"embeddable":true,"href":"http:\/\/recettes-gourmandes-de-joce.fr\/index.php\/wp-json\/wp\/v2\/users\/2"}],"replies":[{"embeddable":true,"href":"http:\/\/recettes-gourmandes-de-joce.fr\/index.php\/wp-json\/wp\/v2\/comments?post=3422"}],"version-history":[{"count":7,"href":"http:\/\/recettes-gourmandes-de-joce.fr\/index.php\/wp-json\/wp\/v2\/pages\/3422\/revisions"}],"predecessor-version":[{"id":94043,"href":"http:\/\/recettes-gourmandes-de-joce.fr\/index.php\/wp-json\/wp\/v2\/pages\/3422\/revisions\/94043"}],"up":[{"embeddable":true,"href":"http:\/\/recettes-gourmandes-de-joce.fr\/index.php\/wp-json\/wp\/v2\/pages\/943"}],"wp:featuredmedia":[{"embeddable":true,"href":"http:\/\/recettes-gourmandes-de-joce.fr\/index.php\/wp-json\/wp\/v2\/media\/69564"}],"wp:attachment":[{"href":"http:\/\/recettes-gourmandes-de-joce.fr\/index.php\/wp-json\/wp\/v2\/media?parent=3422"}],"curies":[{"name":"wp","href":"https:\/\/api.w.org\/{rel}","templated":true}]}}