{"id":34170,"date":"2021-06-07T22:31:13","date_gmt":"2021-06-07T22:31:13","guid":{"rendered":"http:\/\/recettes-gourmandes-de-joce.fr\/?page_id=34170"},"modified":"2024-07-13T21:44:20","modified_gmt":"2024-07-13T21:44:20","slug":"verrines-au-fromage-blanc-fruits-pralin-et-confiture","status":"publish","type":"page","link":"http:\/\/recettes-gourmandes-de-joce.fr\/index.php\/index\/desserts\/fruits\/verrines-au-fromage-blanc-fruits-pralin-et-confiture\/","title":{"rendered":"Verrines au fromage blanc, fruits, pralin et confiture."},"content":{"rendered":"<div id=\"rows\" class=\"clearfix\">\n<div class=\"row-container page_1\">\n<div class=\"row-content\">\n<div class=\"row\">\n<div class=\"column\">\n<div class=\"column-content\">\n<div class=\"clearfix\">\n<p style=\"text-align: center;\"><span style=\"text-decoration: underline; font-size: 18pt; color: #9e1057;\"><span style=\"font-family: georgia, palatino, serif;\"><em>Une de mes recettes<\/em><\/span><\/span><\/p>\n<p style=\"text-align: center;\"><span style=\"color: #9e1057;\"><span style=\"font-size: 18pt;\"><span style=\"font-family: georgia, palatino, serif;\"><em><img loading=\"lazy\" decoding=\"async\" class=\"alignnone wp-image-34146\" src=\"http:\/\/recettes-gourmandes-de-joce.fr\/wp-content\/uploads\/2021\/06\/verrines_au_fromage_blanc_et_fruits_improvise6-225x300.jpg\" alt=\"\" width=\"150\" height=\"200\" srcset=\"http:\/\/recettes-gourmandes-de-joce.fr\/wp-content\/uploads\/2021\/06\/verrines_au_fromage_blanc_et_fruits_improvise6-225x300.jpg 225w, http:\/\/recettes-gourmandes-de-joce.fr\/wp-content\/uploads\/2021\/06\/verrines_au_fromage_blanc_et_fruits_improvise6.jpg 412w\" sizes=\"auto, (max-width: 150px) 100vw, 150px\" \/> <img loading=\"lazy\" decoding=\"async\" class=\"alignnone wp-image-34147\" src=\"http:\/\/recettes-gourmandes-de-joce.fr\/wp-content\/uploads\/2021\/06\/verrines_au_fromage_blanc_et_fruits_improvise7-300x225.jpg\" alt=\"\" width=\"267\" height=\"200\" srcset=\"http:\/\/recettes-gourmandes-de-joce.fr\/wp-content\/uploads\/2021\/06\/verrines_au_fromage_blanc_et_fruits_improvise7-300x225.jpg 300w, http:\/\/recettes-gourmandes-de-joce.fr\/wp-content\/uploads\/2021\/06\/verrines_au_fromage_blanc_et_fruits_improvise7.jpg 550w\" sizes=\"auto, (max-width: 267px) 100vw, 267px\" \/> <\/em><\/span><\/span><span style=\"font-size: 18pt;\"><span style=\"font-family: georgia, palatino, serif;\"><em><img loading=\"lazy\" decoding=\"async\" class=\"alignnone wp-image-34145\" src=\"http:\/\/recettes-gourmandes-de-joce.fr\/wp-content\/uploads\/2021\/06\/verrines_au_fromage_blanc_et_fruits_improvise5-232x300.jpg\" alt=\"\" width=\"155\" height=\"200\" srcset=\"http:\/\/recettes-gourmandes-de-joce.fr\/wp-content\/uploads\/2021\/06\/verrines_au_fromage_blanc_et_fruits_improvise5-232x300.jpg 232w, http:\/\/recettes-gourmandes-de-joce.fr\/wp-content\/uploads\/2021\/06\/verrines_au_fromage_blanc_et_fruits_improvise5.jpg 425w\" sizes=\"auto, (max-width: 155px) 100vw, 155px\" \/><\/em><\/span><\/span><\/span><\/p>\n<p style=\"text-align: center;\"><span style=\"text-decoration: underline; font-size: 18pt; color: #9e1057;\"><span style=\"font-family: georgia, palatino, serif;\"><em>Pour 6 grandes verrines (3 de chaque sortes)<\/em><\/span><\/span><\/p>\n<p style=\"text-align: center;\"><span style=\"font-family: georgia, palatino, serif; font-size: 14pt; color: #9e1057;\"><em><img loading=\"lazy\" decoding=\"async\" class=\"alignnone wp-image-34157\" src=\"http:\/\/recettes-gourmandes-de-joce.fr\/wp-content\/uploads\/2021\/06\/p6130740-001-300x212.jpg\" alt=\"\" width=\"283\" height=\"200\" srcset=\"http:\/\/recettes-gourmandes-de-joce.fr\/wp-content\/uploads\/2021\/06\/p6130740-001-300x212.jpg 300w, http:\/\/recettes-gourmandes-de-joce.fr\/wp-content\/uploads\/2021\/06\/p6130740-001-768x543.jpg 768w, http:\/\/recettes-gourmandes-de-joce.fr\/wp-content\/uploads\/2021\/06\/p6130740-001-750x530.jpg 750w, http:\/\/recettes-gourmandes-de-joce.fr\/wp-content\/uploads\/2021\/06\/p6130740-001.jpg 796w\" sizes=\"auto, (max-width: 283px) 100vw, 283px\" \/>\u00a0<\/em><\/span><\/p>\n<p style=\"text-align: center;\"><span style=\"font-family: georgia, palatino, serif; font-size: 14pt; color: #9e1057;\"><em>3 demi p\u00eaches au sirop <\/em><\/span><\/p>\n<p style=\"text-align: center;\"><span style=\"font-family: georgia, palatino, serif; font-size: 14pt; color: #9e1057;\"><em>3 tranches d&rsquo;ananas<\/em><\/span><\/p>\n<p style=\"text-align: center;\"><span style=\"font-family: georgia, palatino, serif; font-size: 14pt; color: #9e1057;\"><em>12 sp\u00e9culos<\/em><\/span><\/p>\n<p style=\"text-align: center;\"><span style=\"font-family: georgia, palatino, serif; font-size: 14pt; color: #9e1057;\"><em>250 g de fromage blanc<\/em><\/span><\/p>\n<p style=\"text-align: center;\"><span style=\"font-family: georgia, palatino, serif; font-size: 14pt; color: #9e1057;\"><em>6 c \u00e0 soupe de confiture aux fruits rouges<\/em><\/span><\/p>\n<p style=\"text-align: center;\"><span style=\"font-family: georgia, palatino, serif; font-size: 14pt; color: #9e1057;\"><em>1 sachet de sucre vanill\u00e9<\/em><\/span><\/p>\n<p style=\"text-align: center;\"><span style=\"font-family: georgia, palatino, serif; font-size: 14pt; color: #9e1057;\"><em>2 c \u00e0 soupe de sucre en poudre<\/em><\/span><\/p>\n<p style=\"text-align: center;\"><span style=\"font-family: georgia, palatino, serif; font-size: 14pt; color: #9e1057;\"><em>6 c \u00e0 caf\u00e9 de pralin<\/em><\/span><\/p>\n<p style=\"text-align: center;\"><span style=\"color: #9e1057;\"><img loading=\"lazy\" decoding=\"async\" class=\"alignnone wp-image-34151\" src=\"http:\/\/recettes-gourmandes-de-joce.fr\/wp-content\/uploads\/2021\/06\/gateau-ananas13-300x206.jpg\" alt=\"\" width=\"234\" height=\"160\" srcset=\"http:\/\/recettes-gourmandes-de-joce.fr\/wp-content\/uploads\/2021\/06\/gateau-ananas13-300x206.jpg 300w, http:\/\/recettes-gourmandes-de-joce.fr\/wp-content\/uploads\/2021\/06\/gateau-ananas13-768x526.jpg 768w, http:\/\/recettes-gourmandes-de-joce.fr\/wp-content\/uploads\/2021\/06\/gateau-ananas13-750x514.jpg 750w, http:\/\/recettes-gourmandes-de-joce.fr\/wp-content\/uploads\/2021\/06\/gateau-ananas13.jpg 800w\" sizes=\"auto, (max-width: 234px) 100vw, 234px\" \/> <img loading=\"lazy\" decoding=\"async\" class=\"alignnone wp-image-33962\" src=\"http:\/\/recettes-gourmandes-de-joce.fr\/wp-content\/uploads\/2021\/06\/p1010669-1-300x225.jpg\" alt=\"\" width=\"213\" height=\"160\" srcset=\"http:\/\/recettes-gourmandes-de-joce.fr\/wp-content\/uploads\/2021\/06\/p1010669-1-300x225.jpg 300w, http:\/\/recettes-gourmandes-de-joce.fr\/wp-content\/uploads\/2021\/06\/p1010669-1.jpg 747w\" sizes=\"auto, (max-width: 213px) 100vw, 213px\" \/> <img loading=\"lazy\" decoding=\"async\" class=\"alignnone wp-image-34144\" src=\"http:\/\/recettes-gourmandes-de-joce.fr\/wp-content\/uploads\/2021\/06\/verrines_au_fromage_blanc_et_fruits_improvise4-300x225.jpg\" alt=\"\" width=\"214\" height=\"160\" srcset=\"http:\/\/recettes-gourmandes-de-joce.fr\/wp-content\/uploads\/2021\/06\/verrines_au_fromage_blanc_et_fruits_improvise4-300x225.jpg 300w, http:\/\/recettes-gourmandes-de-joce.fr\/wp-content\/uploads\/2021\/06\/verrines_au_fromage_blanc_et_fruits_improvise4.jpg 550w\" sizes=\"auto, (max-width: 214px) 100vw, 214px\" \/><\/span><\/p>\n<p style=\"text-align: center;\"><span style=\"font-size: 14pt; font-family: georgia, palatino, serif; color: #9e1057;\"><em>Couper\u00a0\u00a0l&rsquo;ananas et les p\u00eaches en morceaux, \u00e9mietter les sp\u00e9culos pas trop finement.<\/em><\/span><\/p>\n<p style=\"text-align: center;\"><span style=\"color: #9e1057;\">\u00a0<img loading=\"lazy\" decoding=\"async\" class=\"alignnone wp-image-34117\" src=\"http:\/\/recettes-gourmandes-de-joce.fr\/wp-content\/uploads\/2021\/06\/p8071650-300x209.jpg\" alt=\"\" width=\"230\" height=\"160\" srcset=\"http:\/\/recettes-gourmandes-de-joce.fr\/wp-content\/uploads\/2021\/06\/p8071650-300x209.jpg 300w, http:\/\/recettes-gourmandes-de-joce.fr\/wp-content\/uploads\/2021\/06\/p8071650-768x535.jpg 768w, http:\/\/recettes-gourmandes-de-joce.fr\/wp-content\/uploads\/2021\/06\/p8071650-750x523.jpg 750w, http:\/\/recettes-gourmandes-de-joce.fr\/wp-content\/uploads\/2021\/06\/p8071650.jpg 799w\" sizes=\"auto, (max-width: 230px) 100vw, 230px\" \/> <img loading=\"lazy\" decoding=\"async\" class=\"alignnone wp-image-34119\" src=\"http:\/\/recettes-gourmandes-de-joce.fr\/wp-content\/uploads\/2021\/06\/p8071652-300x225.jpg\" alt=\"\" width=\"213\" height=\"160\" srcset=\"http:\/\/recettes-gourmandes-de-joce.fr\/wp-content\/uploads\/2021\/06\/p8071652-300x225.jpg 300w, http:\/\/recettes-gourmandes-de-joce.fr\/wp-content\/uploads\/2021\/06\/p8071652-768x576.jpg 768w, http:\/\/recettes-gourmandes-de-joce.fr\/wp-content\/uploads\/2021\/06\/p8071652-750x563.jpg 750w, http:\/\/recettes-gourmandes-de-joce.fr\/wp-content\/uploads\/2021\/06\/p8071652.jpg 800w\" sizes=\"auto, (max-width: 213px) 100vw, 213px\" \/> <img loading=\"lazy\" decoding=\"async\" class=\"alignnone wp-image-34148\" src=\"http:\/\/recettes-gourmandes-de-joce.fr\/wp-content\/uploads\/2021\/06\/verrines_au_fromage_blanc_et_fruits_improvise1-300x225.jpg\" alt=\"\" width=\"214\" height=\"160\" srcset=\"http:\/\/recettes-gourmandes-de-joce.fr\/wp-content\/uploads\/2021\/06\/verrines_au_fromage_blanc_et_fruits_improvise1-300x225.jpg 300w, http:\/\/recettes-gourmandes-de-joce.fr\/wp-content\/uploads\/2021\/06\/verrines_au_fromage_blanc_et_fruits_improvise1.jpg 550w\" sizes=\"auto, (max-width: 214px) 100vw, 214px\" \/><\/span><\/p>\n<p style=\"text-align: center;\"><span style=\"color: #9e1057;\"><span style=\"font-family: georgia, palatino, serif; font-size: 14pt;\">\u00a0<em>Dans un saladier m\u00e9langer le fromage blanc avec les deux sucres. <\/em><\/span><em style=\"font-family: georgia, palatino, serif; font-size: 18.6667px;\">Mettre dans le fond de chaque verrine 1 c \u00e0 soupe de confiture. <\/em><span style=\"font-family: georgia, palatino, serif; font-size: 14pt;\"><em>Ajouter 3 c \u00e0 s de fromage blanc sur la confiture.<\/em><\/span><\/span><\/p>\n<p style=\"text-align: center;\"><span style=\"font-family: georgia, palatino, serif; font-size: 14pt; color: #9e1057;\"><em>R\u00e9partir sur certaines des morceaux de p\u00eaches et sur les autres des morceaux d&rsquo;ananas ou un m\u00e9lange des deux c&rsquo;est selon les go\u00fbts. Ajouter dessus des brisures de sp\u00e9culos et une c \u00e0 c de pralin. Terminer en d\u00e9corant avec un sp\u00e9culos entier.<\/em><\/span><\/p>\n<p style=\"text-align: center;\"><span style=\"font-family: georgia, palatino, serif; font-size: 14pt; color: #9e1057;\"><em>Bon d\u00e9gustation!<\/em><\/span><\/p>\n<p style=\"text-align: center;\"><span style=\"font-family: georgia, palatino, serif; font-size: 14pt; color: #9e1057;\"><img loading=\"lazy\" decoding=\"async\" class=\"alignnone wp-image-34145\" src=\"http:\/\/recettes-gourmandes-de-joce.fr\/wp-content\/uploads\/2021\/06\/verrines_au_fromage_blanc_et_fruits_improvise5-232x300.jpg\" alt=\"\" width=\"155\" height=\"200\" srcset=\"http:\/\/recettes-gourmandes-de-joce.fr\/wp-content\/uploads\/2021\/06\/verrines_au_fromage_blanc_et_fruits_improvise5-232x300.jpg 232w, http:\/\/recettes-gourmandes-de-joce.fr\/wp-content\/uploads\/2021\/06\/verrines_au_fromage_blanc_et_fruits_improvise5.jpg 425w\" sizes=\"auto, (max-width: 155px) 100vw, 155px\" \/> <img loading=\"lazy\" decoding=\"async\" class=\"alignnone wp-image-34147\" src=\"http:\/\/recettes-gourmandes-de-joce.fr\/wp-content\/uploads\/2021\/06\/verrines_au_fromage_blanc_et_fruits_improvise7-300x225.jpg\" alt=\"\" width=\"267\" height=\"200\" srcset=\"http:\/\/recettes-gourmandes-de-joce.fr\/wp-content\/uploads\/2021\/06\/verrines_au_fromage_blanc_et_fruits_improvise7-300x225.jpg 300w, http:\/\/recettes-gourmandes-de-joce.fr\/wp-content\/uploads\/2021\/06\/verrines_au_fromage_blanc_et_fruits_improvise7.jpg 550w\" sizes=\"auto, (max-width: 267px) 100vw, 267px\" \/> <img loading=\"lazy\" decoding=\"async\" class=\"alignnone wp-image-34146\" src=\"http:\/\/recettes-gourmandes-de-joce.fr\/wp-content\/uploads\/2021\/06\/verrines_au_fromage_blanc_et_fruits_improvise6-225x300.jpg\" alt=\"\" width=\"150\" height=\"200\" srcset=\"http:\/\/recettes-gourmandes-de-joce.fr\/wp-content\/uploads\/2021\/06\/verrines_au_fromage_blanc_et_fruits_improvise6-225x300.jpg 225w, http:\/\/recettes-gourmandes-de-joce.fr\/wp-content\/uploads\/2021\/06\/verrines_au_fromage_blanc_et_fruits_improvise6.jpg 412w\" sizes=\"auto, (max-width: 150px) 100vw, 150px\" \/>\u00a0<\/span><\/p>\n<p style=\"text-align: center;\"><span style=\"color: #9e1057;\"><img loading=\"lazy\" decoding=\"async\" class=\"alignnone wp-image-24317 size-full\" src=\"http:\/\/recettes-gourmandes-de-joce.fr\/wp-content\/uploads\/2020\/07\/logitech-gaming-software-14112014-121223.jpg\" alt=\"\" width=\"640\" height=\"144\" srcset=\"http:\/\/recettes-gourmandes-de-joce.fr\/wp-content\/uploads\/2020\/07\/logitech-gaming-software-14112014-121223.jpg 640w, http:\/\/recettes-gourmandes-de-joce.fr\/wp-content\/uploads\/2020\/07\/logitech-gaming-software-14112014-121223-300x68.jpg 300w\" sizes=\"auto, (max-width: 640px) 100vw, 640px\" \/><\/span><\/p>\n<\/div>\n<\/div>\n<\/div>\n<\/div>\n<\/div>\n<\/div>\n<\/div>\n<div class=\"plugins\">\n<div id=\"comments-pages\" class=\"plugin plugin-comments\">\n<p style=\"text-align: left;\"><span style=\"font-family: georgia, palatino, serif; font-size: 14pt; color: #000000;\">Commentaires\u00a0<small>(2)<\/small><\/span><\/p>\n<div class=\"items-container\">\n<div class=\"pull-left\"><span style=\"font-family: georgia, palatino, serif; font-size: 14pt; color: #000000;\"><img decoding=\"async\" class=\"media-object\" src=\"http:\/\/recettesgourmandesdejoce.e-monsite.com\/medias\/static\/manager\/im\/avatar.png?fx=c_50_50\" alt=\"Joce\" width=\"50\" \/><\/span><\/div>\n<div class=\"media-body\">\n<ul class=\"inline item-infos\">\n<li><span style=\"font-family: georgia, palatino, serif; font-size: 14pt; color: #000000;\"><span class=\"comment-number\">1.<\/span>\u00a0<span class=\"comment-author\">Joce<\/span>\u00a0<span class=\"comment-date\">| 22\/03\/2011<\/span><\/span><\/li>\n<\/ul>\n<div class=\"comment-content\"><span style=\"font-family: georgia, palatino, serif; font-size: 14pt; color: #000000;\">Merci beaucoup Loulou c&rsquo;est gentil!<\/span><br \/>\n<span style=\"font-family: georgia, palatino, serif; font-size: 14pt; color: #000000;\">C&rsquo;est vrai que c&rsquo;est frais, simple \u00e0 faire et \u00e7a plait!<\/span><span style=\"font-family: georgia, palatino, serif; font-size: 14pt; color: #000000;\">bisousssss<img decoding=\"async\" src=\"http:\/\/recettesgourmandesdejoce.e-monsite.com\/medias\/static\/themes\/smileys\/60.png\" alt=\"\" \/><\/span><\/p>\n<\/div>\n<\/div>\n<div class=\"item item-comment media\">\n<p class=\"pull-left\" style=\"text-align: left;\"><span style=\"font-family: georgia, palatino, serif; font-size: 14pt; color: #000000;\"><img decoding=\"async\" class=\"media-object\" src=\"https:\/\/www.gravatar.com\/avatar\/8bd021e922e45d5e70535c10962a131a?d=http%3A%2F%2Frecettesgourmandesdejoce.e-monsite.com%2Fmedias%2Fstatic%2Fmanager%2Fim%2Favatar.png?s=50&amp;d=mm\" alt=\"loulou\" width=\"50\" \/><\/span><\/p>\n<div class=\"media-body\">\n<ul class=\"inline item-infos\" style=\"text-align: left;\">\n<li><span style=\"font-family: georgia, palatino, serif; font-size: 14pt; color: #000000;\"><span class=\"comment-number\">2.<\/span>\u00a0<span class=\"comment-author\">loulou\u00a0(<a style=\"color: #000000;\" rel=\"nofollow\">site web<\/a>)<\/span>\u00a0<span class=\"comment-date\">| 22\/03\/2011<\/span><\/span><\/li>\n<\/ul>\n<p class=\"comment-content\" style=\"text-align: left;\"><span style=\"font-family: georgia, palatino, serif; font-size: 14pt; color: #000000;\">coucou joce,<\/span><br \/>\n<span style=\"color: #000000;\"><span style=\"font-family: georgia, palatino, serif; font-size: 14pt;\">elles me donnent trop envie tes verrines, \u00e7a doit \u00eatre frais, miam avec le sp\u00e9culoos en plus <\/span><span style=\"font-family: georgia, palatino, serif; font-size: 14pt;\">avec les beaux jours qui reviennent c&rsquo;est un dessert id\u00e9al<\/span><\/span><br \/>\n<span style=\"font-family: georgia, palatino, serif; font-size: 14pt; color: #000000;\">bisous<\/span><\/p>\n<\/div>\n<\/div>\n<\/div>\n<\/div>\n<\/div>\n","protected":false},"excerpt":{"rendered":"<p>Une de mes recettes Pour 6 grandes verrines (3 de chaque sortes) \u00a0 3 demi p\u00eaches au sirop 3 tranches d&rsquo;ananas 12 sp\u00e9culos 250 g de fromage blanc 6 c \u00e0 soupe de confiture aux fruits rouges 1 sachet de sucre vanill\u00e9 2 c \u00e0 soupe de sucre en poudre 6 c \u00e0 caf\u00e9 de &hellip; <\/p>\n<p><a class=\"more-link btn\" href=\"http:\/\/recettes-gourmandes-de-joce.fr\/index.php\/index\/desserts\/fruits\/verrines-au-fromage-blanc-fruits-pralin-et-confiture\/\">Lire la suite<\/a><\/p>\n","protected":false},"author":2,"featured_media":87412,"parent":173,"menu_order":0,"comment_status":"open","ping_status":"closed","template":"","meta":{"footnotes":""},"class_list":["post-34170","page","type-page","status-publish","has-post-thumbnail","hentry","nodate","item-wrap"],"_links":{"self":[{"href":"http:\/\/recettes-gourmandes-de-joce.fr\/index.php\/wp-json\/wp\/v2\/pages\/34170","targetHints":{"allow":["GET"]}}],"collection":[{"href":"http:\/\/recettes-gourmandes-de-joce.fr\/index.php\/wp-json\/wp\/v2\/pages"}],"about":[{"href":"http:\/\/recettes-gourmandes-de-joce.fr\/index.php\/wp-json\/wp\/v2\/types\/page"}],"author":[{"embeddable":true,"href":"http:\/\/recettes-gourmandes-de-joce.fr\/index.php\/wp-json\/wp\/v2\/users\/2"}],"replies":[{"embeddable":true,"href":"http:\/\/recettes-gourmandes-de-joce.fr\/index.php\/wp-json\/wp\/v2\/comments?post=34170"}],"version-history":[{"count":2,"href":"http:\/\/recettes-gourmandes-de-joce.fr\/index.php\/wp-json\/wp\/v2\/pages\/34170\/revisions"}],"predecessor-version":[{"id":87413,"href":"http:\/\/recettes-gourmandes-de-joce.fr\/index.php\/wp-json\/wp\/v2\/pages\/34170\/revisions\/87413"}],"up":[{"embeddable":true,"href":"http:\/\/recettes-gourmandes-de-joce.fr\/index.php\/wp-json\/wp\/v2\/pages\/173"}],"wp:featuredmedia":[{"embeddable":true,"href":"http:\/\/recettes-gourmandes-de-joce.fr\/index.php\/wp-json\/wp\/v2\/media\/87412"}],"wp:attachment":[{"href":"http:\/\/recettes-gourmandes-de-joce.fr\/index.php\/wp-json\/wp\/v2\/media?parent=34170"}],"curies":[{"name":"wp","href":"https:\/\/api.w.org\/{rel}","templated":true}]}}