{"id":33946,"date":"2021-06-06T17:51:44","date_gmt":"2021-06-06T17:51:44","guid":{"rendered":"http:\/\/recettes-gourmandes-de-joce.fr\/?page_id=33946"},"modified":"2024-07-13T23:13:37","modified_gmt":"2024-07-13T23:13:37","slug":"coupes-de-fraises-a-la-creme-et-ses-diverses-garnitures","status":"publish","type":"page","link":"http:\/\/recettes-gourmandes-de-joce.fr\/index.php\/index\/desserts\/desserts-avec-des-fraises\/coupes-de-fraises-a-la-creme-et-ses-diverses-garnitures\/","title":{"rendered":"Coupes de fraises \u00e0 la cr\u00e8me et ses diverses garnitures."},"content":{"rendered":"<p class=\"view-title\" style=\"text-align: center;\"><span style=\"text-decoration: underline; font-size: 18pt; color: #b3073b;\"><span style=\"font-family: georgia, palatino, serif;\"><em>Une de mes recettes<\/em><\/span><\/span><\/p>\n<p style=\"text-align: center;\"><span style=\"color: #b3073b;\"><img loading=\"lazy\" decoding=\"async\" class=\"alignnone wp-image-33949\" src=\"http:\/\/recettes-gourmandes-de-joce.fr\/wp-content\/uploads\/2021\/06\/hfd-soihfdsq-1-219x300.jpg\" alt=\"\" width=\"146\" height=\"200\" srcset=\"http:\/\/recettes-gourmandes-de-joce.fr\/wp-content\/uploads\/2021\/06\/hfd-soihfdsq-1-219x300.jpg 219w, http:\/\/recettes-gourmandes-de-joce.fr\/wp-content\/uploads\/2021\/06\/hfd-soihfdsq-1.jpg 513w\" sizes=\"auto, (max-width: 146px) 100vw, 146px\" \/> <img loading=\"lazy\" decoding=\"async\" class=\"alignnone wp-image-33952\" src=\"http:\/\/recettes-gourmandes-de-joce.fr\/wp-content\/uploads\/2021\/06\/hfd-soihfdsq-2-300x231.jpg\" alt=\"\" width=\"260\" height=\"200\" srcset=\"http:\/\/recettes-gourmandes-de-joce.fr\/wp-content\/uploads\/2021\/06\/hfd-soihfdsq-2-300x231.jpg 300w, http:\/\/recettes-gourmandes-de-joce.fr\/wp-content\/uploads\/2021\/06\/hfd-soihfdsq-2-768x591.jpg 768w, http:\/\/recettes-gourmandes-de-joce.fr\/wp-content\/uploads\/2021\/06\/hfd-soihfdsq-2-750x578.jpg 750w, http:\/\/recettes-gourmandes-de-joce.fr\/wp-content\/uploads\/2021\/06\/hfd-soihfdsq-2.jpg 800w\" sizes=\"auto, (max-width: 260px) 100vw, 260px\" \/> <img loading=\"lazy\" decoding=\"async\" class=\"alignnone wp-image-33950\" src=\"http:\/\/recettes-gourmandes-de-joce.fr\/wp-content\/uploads\/2021\/06\/hfd-soihfdsq-12-216x300.jpg\" alt=\"\" width=\"144\" height=\"200\" srcset=\"http:\/\/recettes-gourmandes-de-joce.fr\/wp-content\/uploads\/2021\/06\/hfd-soihfdsq-12-216x300.jpg 216w, http:\/\/recettes-gourmandes-de-joce.fr\/wp-content\/uploads\/2021\/06\/hfd-soihfdsq-12.jpg 500w\" sizes=\"auto, (max-width: 144px) 100vw, 144px\" \/><\/span><\/p>\n<p style=\"text-align: center;\"><span style=\"text-decoration: underline; color: #b3073b;\"><em style=\"font-family: georgia, palatino, serif; font-size: 18pt;\">Ingr\u00e9dients pour 8 coupes<\/em><\/span><\/p>\n<div id=\"rows-4fa3d1cbaec052ffef264bcc\" class=\"rows clearfix\" data-total-pages=\"1\" data-current-page=\"1\">\n<div class=\"row-container page_1\">\n<div class=\"row-content\">\n<div class=\"row\">\n<div class=\"column self-stretch\">\n<div class=\"column-content\">\n<div class=\"clearfix\">\n<p style=\"text-align: center;\"><span style=\"color: #b3073b;\"><img loading=\"lazy\" decoding=\"async\" class=\"alignnone wp-image-33951\" src=\"http:\/\/recettes-gourmandes-de-joce.fr\/wp-content\/uploads\/2021\/06\/hfd-soihfdsq-9-267x300.jpg\" alt=\"\" width=\"196\" height=\"220\" srcset=\"http:\/\/recettes-gourmandes-de-joce.fr\/wp-content\/uploads\/2021\/06\/hfd-soihfdsq-9-267x300.jpg 267w, http:\/\/recettes-gourmandes-de-joce.fr\/wp-content\/uploads\/2021\/06\/hfd-soihfdsq-9.jpg 596w\" sizes=\"auto, (max-width: 196px) 100vw, 196px\" \/><\/span><\/p>\n<p style=\"text-align: center;\"><span style=\"font-family: georgia, palatino, serif; color: #b3073b; font-size: 14pt;\"><em>800 g de fraises gariguettes<\/em><\/span><\/p>\n<p style=\"text-align: center;\"><span style=\"font-family: georgia, palatino, serif; color: #b3073b; font-size: 14pt;\"><em>20 cl de cr\u00e8me fra\u00eeche \u00e9paisse<\/em><\/span><\/p>\n<p style=\"text-align: center;\"><span style=\"font-family: georgia, palatino, serif; color: #b3073b; font-size: 14pt;\"><em>8 c \u00e0 s rase de sucre<\/em><\/span><\/p>\n<p style=\"text-align: center;\"><span style=\"font-family: georgia, palatino, serif; color: #b3073b; font-size: 14pt;\"><em>2 c \u00e0 s de noix de coco<\/em><\/span><\/p>\n<p style=\"text-align: center;\"><span style=\"font-family: georgia, palatino, serif; color: #b3073b; font-size: 14pt;\"><em>2 c \u00e0 s de pralin<\/em><\/span><\/p>\n<p style=\"text-align: center;\"><span style=\"font-family: georgia, palatino, serif; color: #b3073b; font-size: 14pt;\"><em>2 c \u00e0 s de pralines roses concass\u00e9es<\/em><\/span><\/p>\n<p style=\"text-align: center;\"><span style=\"font-family: georgia, palatino, serif; color: #b3073b; font-size: 14pt;\"><em>2 c \u00e0 s de paillettes de chocolat<\/em><\/span><\/p>\n<p style=\"text-align: center;\"><span style=\"font-family: georgia, palatino, serif; color: #b3073b; font-size: 14pt;\"><em>2 c \u00e0 s d&rsquo;amandes effil\u00e9es caram\u00e9lis\u00e9es<\/em><\/span><\/p>\n<p style=\"text-align: center;\"><span style=\"color: #b3073b; font-size: 14pt;\"><img loading=\"lazy\" decoding=\"async\" class=\"alignnone wp-image-19798\" src=\"http:\/\/recettes-gourmandes-de-joce.fr\/wp-content\/uploads\/2020\/04\/coupes_de_fraises_kiwis_facon_charlotte_002-300x236.jpg\" alt=\"\" width=\"203\" height=\"160\" srcset=\"http:\/\/recettes-gourmandes-de-joce.fr\/wp-content\/uploads\/2020\/04\/coupes_de_fraises_kiwis_facon_charlotte_002-300x236.jpg 300w, http:\/\/recettes-gourmandes-de-joce.fr\/wp-content\/uploads\/2020\/04\/coupes_de_fraises_kiwis_facon_charlotte_002.jpg 550w\" sizes=\"auto, (max-width: 203px) 100vw, 203px\" \/> <img loading=\"lazy\" decoding=\"async\" class=\"alignnone wp-image-33953\" src=\"http:\/\/recettes-gourmandes-de-joce.fr\/wp-content\/uploads\/2021\/06\/hfd-soihfdsq-4-300x225.jpg\" alt=\"\" width=\"213\" height=\"160\" srcset=\"http:\/\/recettes-gourmandes-de-joce.fr\/wp-content\/uploads\/2021\/06\/hfd-soihfdsq-4-300x225.jpg 300w, http:\/\/recettes-gourmandes-de-joce.fr\/wp-content\/uploads\/2021\/06\/hfd-soihfdsq-4-768x576.jpg 768w, http:\/\/recettes-gourmandes-de-joce.fr\/wp-content\/uploads\/2021\/06\/hfd-soihfdsq-4-750x563.jpg 750w, http:\/\/recettes-gourmandes-de-joce.fr\/wp-content\/uploads\/2021\/06\/hfd-soihfdsq-4.jpg 800w\" sizes=\"auto, (max-width: 213px) 100vw, 213px\" \/> <img loading=\"lazy\" decoding=\"async\" class=\"alignnone wp-image-33954\" src=\"http:\/\/recettes-gourmandes-de-joce.fr\/wp-content\/uploads\/2021\/06\/hfd-soihfdsq-10-300x225.jpg\" alt=\"\" width=\"213\" height=\"160\" srcset=\"http:\/\/recettes-gourmandes-de-joce.fr\/wp-content\/uploads\/2021\/06\/hfd-soihfdsq-10-300x225.jpg 300w, http:\/\/recettes-gourmandes-de-joce.fr\/wp-content\/uploads\/2021\/06\/hfd-soihfdsq-10-768x576.jpg 768w, http:\/\/recettes-gourmandes-de-joce.fr\/wp-content\/uploads\/2021\/06\/hfd-soihfdsq-10-750x563.jpg 750w, http:\/\/recettes-gourmandes-de-joce.fr\/wp-content\/uploads\/2021\/06\/hfd-soihfdsq-10.jpg 800w\" sizes=\"auto, (max-width: 213px) 100vw, 213px\" \/><\/span><\/p>\n<p style=\"text-align: center;\"><span style=\"font-family: georgia, palatino, serif; color: #b3073b; font-size: 14pt;\"><em>Laver, puis \u00e9queutez les fraises, couper les plus grosses en deux, en r\u00e9partir la moiti\u00e9 dans des coupes ou grands verres, ajouter dessus 1 c \u00e0 s de cr\u00e8me fra\u00eeche, \u00bd c \u00e0 s de sucre et pour deux des paillettes de chocolat.<\/em><\/span><\/p>\n<p style=\"text-align: center;\"><span style=\"font-family: georgia, palatino, serif; color: #b3073b; font-size: 14pt;\"><em><img loading=\"lazy\" decoding=\"async\" class=\"alignnone wp-image-33955\" src=\"http:\/\/recettes-gourmandes-de-joce.fr\/wp-content\/uploads\/2021\/06\/hfd-soihfdsq-11-266x300.jpg\" alt=\"\" width=\"160\" height=\"180\" srcset=\"http:\/\/recettes-gourmandes-de-joce.fr\/wp-content\/uploads\/2021\/06\/hfd-soihfdsq-11-266x300.jpg 266w, http:\/\/recettes-gourmandes-de-joce.fr\/wp-content\/uploads\/2021\/06\/hfd-soihfdsq-11.jpg 628w\" sizes=\"auto, (max-width: 160px) 100vw, 160px\" \/><\/em><\/span><\/p>\n<p style=\"text-align: center;\"><span style=\"color: #b3073b; font-size: 14pt;\"><span style=\"font-family: georgia, palatino, serif;\"><em>Pour deux autres de la noix de coco r\u00e2p\u00e9e, les deux suivantes des pralines roses concass\u00e9es et les deux derni\u00e8res du pralin et des amandes effil\u00e9es caram\u00e9lis\u00e9es dans un peu de sucre \u00e0 la po\u00eale. <\/em><\/span><span style=\"font-family: georgia, palatino, serif;\"><em>Repartir le reste des fraises, le sucre et la garniture (chocolat, noix de coco, praline et pralin\/amandes).<\/em><\/span><\/span><\/p>\n<p style=\"text-align: center;\"><span style=\"font-family: georgia, palatino, serif; color: #b3073b; font-size: 14pt;\"><em>Vous pouvez si vous le d\u00e9sirer changer les garnitures selon vos go\u00fbts.<\/em><\/span><\/p>\n<p style=\"text-align: center;\"><span style=\"font-family: georgia, palatino, serif; color: #b3073b; font-size: 14pt;\"><em>Bonne d\u00e9gustation!<\/em><\/span><\/p>\n<p style=\"text-align: center;\"><span style=\"color: #b3073b;\"><img loading=\"lazy\" decoding=\"async\" class=\"alignnone wp-image-33949\" src=\"http:\/\/recettes-gourmandes-de-joce.fr\/wp-content\/uploads\/2021\/06\/hfd-soihfdsq-1-219x300.jpg\" alt=\"\" width=\"161\" height=\"220\" srcset=\"http:\/\/recettes-gourmandes-de-joce.fr\/wp-content\/uploads\/2021\/06\/hfd-soihfdsq-1-219x300.jpg 219w, http:\/\/recettes-gourmandes-de-joce.fr\/wp-content\/uploads\/2021\/06\/hfd-soihfdsq-1.jpg 513w\" sizes=\"auto, (max-width: 161px) 100vw, 161px\" \/> <img loading=\"lazy\" decoding=\"async\" class=\"alignnone wp-image-33948\" src=\"http:\/\/recettes-gourmandes-de-joce.fr\/wp-content\/uploads\/2021\/06\/hfd-soihfdsq-218x300.jpg\" alt=\"\" width=\"160\" height=\"220\" srcset=\"http:\/\/recettes-gourmandes-de-joce.fr\/wp-content\/uploads\/2021\/06\/hfd-soihfdsq-218x300.jpg 218w, http:\/\/recettes-gourmandes-de-joce.fr\/wp-content\/uploads\/2021\/06\/hfd-soihfdsq.jpg 477w\" sizes=\"auto, (max-width: 160px) 100vw, 160px\" \/> <img loading=\"lazy\" decoding=\"async\" class=\"alignnone wp-image-33950\" src=\"http:\/\/recettes-gourmandes-de-joce.fr\/wp-content\/uploads\/2021\/06\/hfd-soihfdsq-12-216x300.jpg\" alt=\"\" width=\"158\" height=\"220\" srcset=\"http:\/\/recettes-gourmandes-de-joce.fr\/wp-content\/uploads\/2021\/06\/hfd-soihfdsq-12-216x300.jpg 216w, http:\/\/recettes-gourmandes-de-joce.fr\/wp-content\/uploads\/2021\/06\/hfd-soihfdsq-12.jpg 500w\" sizes=\"auto, (max-width: 158px) 100vw, 158px\" \/> <img loading=\"lazy\" decoding=\"async\" class=\"alignnone wp-image-33947\" src=\"http:\/\/recettes-gourmandes-de-joce.fr\/wp-content\/uploads\/2021\/06\/hfd-soihfdsq-14-229x300.jpg\" alt=\"\" width=\"168\" height=\"220\" srcset=\"http:\/\/recettes-gourmandes-de-joce.fr\/wp-content\/uploads\/2021\/06\/hfd-soihfdsq-14-229x300.jpg 229w, http:\/\/recettes-gourmandes-de-joce.fr\/wp-content\/uploads\/2021\/06\/hfd-soihfdsq-14.jpg 485w\" sizes=\"auto, (max-width: 168px) 100vw, 168px\" \/><\/span><\/p>\n<p style=\"text-align: center;\"><span style=\"color: #b3073b;\"><img loading=\"lazy\" decoding=\"async\" class=\"alignnone wp-image-24317 size-full\" src=\"http:\/\/recettes-gourmandes-de-joce.fr\/wp-content\/uploads\/2020\/07\/logitech-gaming-software-14112014-121223.jpg\" alt=\"\" width=\"640\" height=\"144\" srcset=\"http:\/\/recettes-gourmandes-de-joce.fr\/wp-content\/uploads\/2020\/07\/logitech-gaming-software-14112014-121223.jpg 640w, http:\/\/recettes-gourmandes-de-joce.fr\/wp-content\/uploads\/2020\/07\/logitech-gaming-software-14112014-121223-300x68.jpg 300w\" sizes=\"auto, (max-width: 640px) 100vw, 640px\" \/><\/span><\/p>\n<\/div>\n<\/div>\n<\/div>\n<\/div>\n<\/div>\n<\/div>\n<\/div>\n","protected":false},"excerpt":{"rendered":"<p>Une de mes recettes Ingr\u00e9dients pour 8 coupes 800 g de fraises gariguettes 20 cl de cr\u00e8me fra\u00eeche \u00e9paisse 8 c \u00e0 s rase de sucre 2 c \u00e0 s de noix de coco 2 c \u00e0 s de pralin 2 c \u00e0 s de pralines roses concass\u00e9es 2 c \u00e0 s de paillettes de &hellip; <\/p>\n<p><a class=\"more-link btn\" href=\"http:\/\/recettes-gourmandes-de-joce.fr\/index.php\/index\/desserts\/desserts-avec-des-fraises\/coupes-de-fraises-a-la-creme-et-ses-diverses-garnitures\/\">Lire la suite<\/a><\/p>\n","protected":false},"author":2,"featured_media":87448,"parent":2743,"menu_order":0,"comment_status":"open","ping_status":"closed","template":"","meta":{"footnotes":""},"class_list":["post-33946","page","type-page","status-publish","has-post-thumbnail","hentry","nodate","item-wrap"],"_links":{"self":[{"href":"http:\/\/recettes-gourmandes-de-joce.fr\/index.php\/wp-json\/wp\/v2\/pages\/33946","targetHints":{"allow":["GET"]}}],"collection":[{"href":"http:\/\/recettes-gourmandes-de-joce.fr\/index.php\/wp-json\/wp\/v2\/pages"}],"about":[{"href":"http:\/\/recettes-gourmandes-de-joce.fr\/index.php\/wp-json\/wp\/v2\/types\/page"}],"author":[{"embeddable":true,"href":"http:\/\/recettes-gourmandes-de-joce.fr\/index.php\/wp-json\/wp\/v2\/users\/2"}],"replies":[{"embeddable":true,"href":"http:\/\/recettes-gourmandes-de-joce.fr\/index.php\/wp-json\/wp\/v2\/comments?post=33946"}],"version-history":[{"count":2,"href":"http:\/\/recettes-gourmandes-de-joce.fr\/index.php\/wp-json\/wp\/v2\/pages\/33946\/revisions"}],"predecessor-version":[{"id":87449,"href":"http:\/\/recettes-gourmandes-de-joce.fr\/index.php\/wp-json\/wp\/v2\/pages\/33946\/revisions\/87449"}],"up":[{"embeddable":true,"href":"http:\/\/recettes-gourmandes-de-joce.fr\/index.php\/wp-json\/wp\/v2\/pages\/2743"}],"wp:featuredmedia":[{"embeddable":true,"href":"http:\/\/recettes-gourmandes-de-joce.fr\/index.php\/wp-json\/wp\/v2\/media\/87448"}],"wp:attachment":[{"href":"http:\/\/recettes-gourmandes-de-joce.fr\/index.php\/wp-json\/wp\/v2\/media?parent=33946"}],"curies":[{"name":"wp","href":"https:\/\/api.w.org\/{rel}","templated":true}]}}