{"id":33582,"date":"2021-06-04T16:50:44","date_gmt":"2021-06-04T16:50:44","guid":{"rendered":"http:\/\/recettes-gourmandes-de-joce.fr\/?page_id=33582"},"modified":"2024-07-01T15:59:36","modified_gmt":"2024-07-01T15:59:36","slug":"choux-de-bruxelles-a-la-cancoillotte-et-saucisses","status":"publish","type":"page","link":"http:\/\/recettes-gourmandes-de-joce.fr\/index.php\/index\/legumes\/legumes\/choux-de-bruxelles-a-la-cancoillotte-et-saucisses\/","title":{"rendered":"Choux de Bruxelles \u00e0 la cancoillotte et saucisses."},"content":{"rendered":"<p class=\"view-title\" style=\"text-align: center;\"><span style=\"text-decoration: underline; font-size: 18pt; color: #008000;\"><em><span style=\"font-family: georgia, palatino, serif;\">Une de mes recettes<\/span><\/em><\/span><\/p>\n<div id=\"rows-50c03f61d93f52f81bf84f90\" class=\"rows clearfix\" data-total-pages=\"1\" data-current-page=\"1\">\n<div class=\"row-container page_1\">\n<div class=\"row-content\">\n<div class=\"row\">\n<div class=\"column self-stretch\">\n<div class=\"column-content\">\n<div class=\"clearfix\">\n<p style=\"text-align: center;\"><span style=\"color: #008000;\"><img loading=\"lazy\" decoding=\"async\" class=\"alignnone wp-image-33593\" src=\"http:\/\/recettes-gourmandes-de-joce.fr\/wp-content\/uploads\/2021\/06\/pc011741-1-300x225.jpg\" alt=\"\" width=\"240\" height=\"180\" srcset=\"http:\/\/recettes-gourmandes-de-joce.fr\/wp-content\/uploads\/2021\/06\/pc011741-1-300x225.jpg 300w, http:\/\/recettes-gourmandes-de-joce.fr\/wp-content\/uploads\/2021\/06\/pc011741-1-768x576.jpg 768w, http:\/\/recettes-gourmandes-de-joce.fr\/wp-content\/uploads\/2021\/06\/pc011741-1-750x563.jpg 750w, http:\/\/recettes-gourmandes-de-joce.fr\/wp-content\/uploads\/2021\/06\/pc011741-1.jpg 800w\" sizes=\"auto, (max-width: 240px) 100vw, 240px\" \/> <img loading=\"lazy\" decoding=\"async\" class=\"alignnone wp-image-33596\" src=\"http:\/\/recettes-gourmandes-de-joce.fr\/wp-content\/uploads\/2021\/06\/pc011744-300x225.jpg\" alt=\"\" width=\"240\" height=\"180\" srcset=\"http:\/\/recettes-gourmandes-de-joce.fr\/wp-content\/uploads\/2021\/06\/pc011744-300x225.jpg 300w, http:\/\/recettes-gourmandes-de-joce.fr\/wp-content\/uploads\/2021\/06\/pc011744-768x576.jpg 768w, http:\/\/recettes-gourmandes-de-joce.fr\/wp-content\/uploads\/2021\/06\/pc011744-750x563.jpg 750w, http:\/\/recettes-gourmandes-de-joce.fr\/wp-content\/uploads\/2021\/06\/pc011744.jpg 800w\" sizes=\"auto, (max-width: 240px) 100vw, 240px\" \/><img loading=\"lazy\" decoding=\"async\" class=\"alignnone wp-image-33597\" src=\"http:\/\/recettes-gourmandes-de-joce.fr\/wp-content\/uploads\/2021\/06\/pc011745-300x174.jpg\" alt=\"\" width=\"311\" height=\"180\" srcset=\"http:\/\/recettes-gourmandes-de-joce.fr\/wp-content\/uploads\/2021\/06\/pc011745-300x174.jpg 300w, http:\/\/recettes-gourmandes-de-joce.fr\/wp-content\/uploads\/2021\/06\/pc011745-768x444.jpg 768w, http:\/\/recettes-gourmandes-de-joce.fr\/wp-content\/uploads\/2021\/06\/pc011745-750x434.jpg 750w, http:\/\/recettes-gourmandes-de-joce.fr\/wp-content\/uploads\/2021\/06\/pc011745.jpg 800w\" sizes=\"auto, (max-width: 311px) 100vw, 311px\" \/><\/span><\/p>\n<p style=\"text-align: center;\"><span style=\"text-decoration: underline; color: #008000;\"><span style=\"font-size: 18pt;\"><em><span style=\"font-family: georgia, palatino, serif;\">Ingr\u00e9dients pour 3 personnes<\/span><\/em><\/span><\/span><\/p>\n<p style=\"text-align: center;\"><span style=\"color: #008000;\"><img loading=\"lazy\" decoding=\"async\" class=\"alignnone size-medium wp-image-33598\" src=\"http:\/\/recettes-gourmandes-de-joce.fr\/wp-content\/uploads\/2021\/06\/pc011725-300x219.jpg\" alt=\"\" width=\"300\" height=\"219\" srcset=\"http:\/\/recettes-gourmandes-de-joce.fr\/wp-content\/uploads\/2021\/06\/pc011725-300x219.jpg 300w, http:\/\/recettes-gourmandes-de-joce.fr\/wp-content\/uploads\/2021\/06\/pc011725-768x561.jpg 768w, http:\/\/recettes-gourmandes-de-joce.fr\/wp-content\/uploads\/2021\/06\/pc011725-750x548.jpg 750w, http:\/\/recettes-gourmandes-de-joce.fr\/wp-content\/uploads\/2021\/06\/pc011725.jpg 798w\" sizes=\"auto, (max-width: 300px) 100vw, 300px\" \/><\/span><\/p>\n<p style=\"text-align: center;\"><span style=\"color: #008000;\"><em><span style=\"font-size: 14pt; font-family: georgia, palatino, serif;\">1 kg de choux de Bruxelles<\/span><\/em><\/span><\/p>\n<p style=\"text-align: center;\"><span style=\"color: #008000;\"><em><span style=\"font-size: 14pt; font-family: georgia, palatino, serif;\">12 petites saucisses blanches \u00e0 griller<\/span><\/em><\/span><\/p>\n<p style=\"text-align: center;\"><span style=\"color: #008000;\"><em><span style=\"font-size: 14pt; font-family: georgia, palatino, serif;\">100 g de lardons fum\u00e9s<\/span><\/em><\/span><\/p>\n<p style=\"text-align: center;\"><span style=\"color: #008000;\"><em><span style=\"font-size: 14pt; font-family: georgia, palatino, serif;\">2 gousses d&rsquo;ail<\/span><\/em><\/span><\/p>\n<p style=\"text-align: center;\"><span style=\"color: #008000;\"><em><span style=\"font-size: 14pt; font-family: georgia, palatino, serif;\">\u00bd pot de cancoillotte<\/span><\/em><\/span><\/p>\n<p style=\"text-align: center;\"><span style=\"color: #008000;\"><em><span style=\"font-size: 14pt; font-family: georgia, palatino, serif;\">2 c \u00e0 s de ciboulette<\/span><\/em><\/span><\/p>\n<p style=\"text-align: center;\"><span style=\"color: #008000;\"><em><span style=\"font-size: 14pt; font-family: georgia, palatino, serif;\">1 morceau de beurre<\/span><\/em><\/span><\/p>\n<p style=\"text-align: center;\"><span style=\"color: #008000;\"><em><span style=\"font-size: 14pt; font-family: georgia, palatino, serif;\">1 petite boite de champignons de Paris entiers<\/span><\/em><\/span><\/p>\n<p style=\"text-align: center;\"><span style=\"color: #008000;\"><em><span style=\"font-size: 14pt; font-family: georgia, palatino, serif;\">Sel et poivre<\/span><\/em><\/span><\/p>\n<p style=\"text-align: center;\"><span style=\"color: #008000;\"><em><span style=\"font-size: 14pt; font-family: georgia, palatino, serif;\"><img loading=\"lazy\" decoding=\"async\" class=\"alignnone wp-image-33599\" src=\"http:\/\/recettes-gourmandes-de-joce.fr\/wp-content\/uploads\/2021\/06\/pc011726-300x225.jpg\" alt=\"\" width=\"213\" height=\"160\" srcset=\"http:\/\/recettes-gourmandes-de-joce.fr\/wp-content\/uploads\/2021\/06\/pc011726-300x225.jpg 300w, http:\/\/recettes-gourmandes-de-joce.fr\/wp-content\/uploads\/2021\/06\/pc011726-768x576.jpg 768w, http:\/\/recettes-gourmandes-de-joce.fr\/wp-content\/uploads\/2021\/06\/pc011726-750x563.jpg 750w, http:\/\/recettes-gourmandes-de-joce.fr\/wp-content\/uploads\/2021\/06\/pc011726.jpg 800w\" sizes=\"auto, (max-width: 213px) 100vw, 213px\" \/> <img loading=\"lazy\" decoding=\"async\" class=\"alignnone wp-image-33600\" src=\"http:\/\/recettes-gourmandes-de-joce.fr\/wp-content\/uploads\/2021\/06\/pc011727-300x198.jpg\" alt=\"\" width=\"242\" height=\"160\" srcset=\"http:\/\/recettes-gourmandes-de-joce.fr\/wp-content\/uploads\/2021\/06\/pc011727-300x198.jpg 300w, http:\/\/recettes-gourmandes-de-joce.fr\/wp-content\/uploads\/2021\/06\/pc011727-768x508.jpg 768w, http:\/\/recettes-gourmandes-de-joce.fr\/wp-content\/uploads\/2021\/06\/pc011727-750x496.jpg 750w, http:\/\/recettes-gourmandes-de-joce.fr\/wp-content\/uploads\/2021\/06\/pc011727.jpg 788w\" sizes=\"auto, (max-width: 242px) 100vw, 242px\" \/> <img loading=\"lazy\" decoding=\"async\" class=\"alignnone wp-image-32693\" src=\"http:\/\/recettes-gourmandes-de-joce.fr\/wp-content\/uploads\/2021\/05\/20210526_193141-300x225.jpg\" alt=\"\" width=\"213\" height=\"160\" srcset=\"http:\/\/recettes-gourmandes-de-joce.fr\/wp-content\/uploads\/2021\/05\/20210526_193141-300x225.jpg 300w, http:\/\/recettes-gourmandes-de-joce.fr\/wp-content\/uploads\/2021\/05\/20210526_193141-768x576.jpg 768w, http:\/\/recettes-gourmandes-de-joce.fr\/wp-content\/uploads\/2021\/05\/20210526_193141-750x563.jpg 750w, http:\/\/recettes-gourmandes-de-joce.fr\/wp-content\/uploads\/2021\/05\/20210526_193141.jpg 800w\" sizes=\"auto, (max-width: 213px) 100vw, 213px\" \/><\/span><\/em><\/span><\/p>\n<p style=\"text-align: center;\"><span style=\"color: #008000;\"><em><span style=\"font-size: 14pt; font-family: georgia, palatino, serif;\">Nettoyer les choux de Bruxelles et mettez l\u00e8s \u00e0 cuire dans une casserole d&rsquo;eau sal\u00e9e. Peler, d\u00e9germer et hacher l&rsquo;ail, laver et ciseler la ciboulette. Couper les saucisses en trois.\u00a0<\/span><\/em><\/span><\/p>\n<p style=\"text-align: center;\"><span style=\"color: #008000;\"><img loading=\"lazy\" decoding=\"async\" class=\"alignnone wp-image-33601\" src=\"http:\/\/recettes-gourmandes-de-joce.fr\/wp-content\/uploads\/2021\/06\/pc011728-300x214.jpg\" alt=\"\" width=\"225\" height=\"160\" srcset=\"http:\/\/recettes-gourmandes-de-joce.fr\/wp-content\/uploads\/2021\/06\/pc011728-300x214.jpg 300w, http:\/\/recettes-gourmandes-de-joce.fr\/wp-content\/uploads\/2021\/06\/pc011728-768x547.jpg 768w, http:\/\/recettes-gourmandes-de-joce.fr\/wp-content\/uploads\/2021\/06\/pc011728-750x534.jpg 750w, http:\/\/recettes-gourmandes-de-joce.fr\/wp-content\/uploads\/2021\/06\/pc011728.jpg 796w\" sizes=\"auto, (max-width: 225px) 100vw, 225px\" \/> <em><span style=\"font-size: 14pt; font-family: georgia, palatino, serif;\"><img loading=\"lazy\" decoding=\"async\" class=\"alignnone wp-image-33583\" src=\"http:\/\/recettes-gourmandes-de-joce.fr\/wp-content\/uploads\/2021\/06\/pc011729-300x226.jpg\" alt=\"\" width=\"213\" height=\"160\" srcset=\"http:\/\/recettes-gourmandes-de-joce.fr\/wp-content\/uploads\/2021\/06\/pc011729-300x226.jpg 300w, http:\/\/recettes-gourmandes-de-joce.fr\/wp-content\/uploads\/2021\/06\/pc011729-768x578.jpg 768w, http:\/\/recettes-gourmandes-de-joce.fr\/wp-content\/uploads\/2021\/06\/pc011729-750x564.jpg 750w, http:\/\/recettes-gourmandes-de-joce.fr\/wp-content\/uploads\/2021\/06\/pc011729.jpg 792w\" sizes=\"auto, (max-width: 213px) 100vw, 213px\" \/> <img loading=\"lazy\" decoding=\"async\" class=\"alignnone wp-image-33584\" src=\"http:\/\/recettes-gourmandes-de-joce.fr\/wp-content\/uploads\/2021\/06\/pc011730-300x223.jpg\" alt=\"\" width=\"215\" height=\"160\" srcset=\"http:\/\/recettes-gourmandes-de-joce.fr\/wp-content\/uploads\/2021\/06\/pc011730-300x223.jpg 300w, http:\/\/recettes-gourmandes-de-joce.fr\/wp-content\/uploads\/2021\/06\/pc011730-768x572.jpg 768w, http:\/\/recettes-gourmandes-de-joce.fr\/wp-content\/uploads\/2021\/06\/pc011730-750x559.jpg 750w, http:\/\/recettes-gourmandes-de-joce.fr\/wp-content\/uploads\/2021\/06\/pc011730.jpg 796w\" sizes=\"auto, (max-width: 215px) 100vw, 215px\" \/>\u00a0<\/span><\/em><\/span><\/p>\n<p style=\"text-align: center;\"><span style=\"color: #008000;\"><em><span style=\"font-size: 14pt; font-family: georgia, palatino, serif;\">Dans une po\u00eale mettre le beurre \u00e0 fondre. <\/span><\/em><em><span style=\"font-size: 14pt; font-family: georgia, palatino, serif;\">Ajouter les lardons, faite l\u00e8s suer, ajouter ensuite les saucisses et\u00a0 m\u00e9langer.<\/span><\/em><\/span><\/p>\n<p style=\"text-align: center;\"><span style=\"color: #008000;\"><img loading=\"lazy\" decoding=\"async\" class=\"alignnone wp-image-33585\" src=\"http:\/\/recettes-gourmandes-de-joce.fr\/wp-content\/uploads\/2021\/06\/pc011731-300x205.jpg\" alt=\"\" width=\"234\" height=\"160\" srcset=\"http:\/\/recettes-gourmandes-de-joce.fr\/wp-content\/uploads\/2021\/06\/pc011731-300x205.jpg 300w, http:\/\/recettes-gourmandes-de-joce.fr\/wp-content\/uploads\/2021\/06\/pc011731-768x525.jpg 768w, http:\/\/recettes-gourmandes-de-joce.fr\/wp-content\/uploads\/2021\/06\/pc011731-750x512.jpg 750w, http:\/\/recettes-gourmandes-de-joce.fr\/wp-content\/uploads\/2021\/06\/pc011731.jpg 798w\" sizes=\"auto, (max-width: 234px) 100vw, 234px\" \/> <img loading=\"lazy\" decoding=\"async\" class=\"alignnone wp-image-33586\" src=\"http:\/\/recettes-gourmandes-de-joce.fr\/wp-content\/uploads\/2021\/06\/pc011732-300x207.jpg\" alt=\"\" width=\"232\" height=\"160\" srcset=\"http:\/\/recettes-gourmandes-de-joce.fr\/wp-content\/uploads\/2021\/06\/pc011732-300x207.jpg 300w, http:\/\/recettes-gourmandes-de-joce.fr\/wp-content\/uploads\/2021\/06\/pc011732-768x530.jpg 768w, http:\/\/recettes-gourmandes-de-joce.fr\/wp-content\/uploads\/2021\/06\/pc011732-750x518.jpg 750w, http:\/\/recettes-gourmandes-de-joce.fr\/wp-content\/uploads\/2021\/06\/pc011732.jpg 797w\" sizes=\"auto, (max-width: 232px) 100vw, 232px\" \/> <img loading=\"lazy\" decoding=\"async\" class=\"alignnone wp-image-33587\" src=\"http:\/\/recettes-gourmandes-de-joce.fr\/wp-content\/uploads\/2021\/06\/pc011733-300x207.jpg\" alt=\"\" width=\"232\" height=\"160\" srcset=\"http:\/\/recettes-gourmandes-de-joce.fr\/wp-content\/uploads\/2021\/06\/pc011733-300x207.jpg 300w, http:\/\/recettes-gourmandes-de-joce.fr\/wp-content\/uploads\/2021\/06\/pc011733-768x530.jpg 768w, http:\/\/recettes-gourmandes-de-joce.fr\/wp-content\/uploads\/2021\/06\/pc011733-750x517.jpg 750w, http:\/\/recettes-gourmandes-de-joce.fr\/wp-content\/uploads\/2021\/06\/pc011733.jpg 777w\" sizes=\"auto, (max-width: 232px) 100vw, 232px\" \/>\u00a0<\/span><\/p>\n<p style=\"text-align: center;\"><span style=\"color: #008000;\"><em><span style=\"font-size: 14pt; font-family: georgia, palatino, serif;\">Ajouter\u00a0<\/span><\/em><em><span style=\"font-size: 14pt; font-family: georgia, palatino, serif;\">l&rsquo;ail, <\/span><\/em><em><span style=\"font-size: 14pt; font-family: georgia, palatino, serif;\">la ciboulette <\/span><\/em><em><span style=\"font-size: 14pt; font-family: georgia, palatino, serif;\">et m\u00e9langer \u00e0 nouveau, saler et poivrer.<\/span><\/em><\/span><\/p>\n<p style=\"text-align: center;\"><span style=\"color: #008000;\"><img loading=\"lazy\" decoding=\"async\" class=\"alignnone wp-image-33588\" src=\"http:\/\/recettes-gourmandes-de-joce.fr\/wp-content\/uploads\/2021\/06\/pc011735-300x202.jpg\" alt=\"\" width=\"238\" height=\"160\" srcset=\"http:\/\/recettes-gourmandes-de-joce.fr\/wp-content\/uploads\/2021\/06\/pc011735-300x202.jpg 300w, http:\/\/recettes-gourmandes-de-joce.fr\/wp-content\/uploads\/2021\/06\/pc011735-768x517.jpg 768w, http:\/\/recettes-gourmandes-de-joce.fr\/wp-content\/uploads\/2021\/06\/pc011735-750x504.jpg 750w, http:\/\/recettes-gourmandes-de-joce.fr\/wp-content\/uploads\/2021\/06\/pc011735.jpg 782w\" sizes=\"auto, (max-width: 238px) 100vw, 238px\" \/> <img loading=\"lazy\" decoding=\"async\" class=\"alignnone wp-image-33589\" src=\"http:\/\/recettes-gourmandes-de-joce.fr\/wp-content\/uploads\/2021\/06\/pc011736-300x206.jpg\" alt=\"\" width=\"233\" height=\"160\" srcset=\"http:\/\/recettes-gourmandes-de-joce.fr\/wp-content\/uploads\/2021\/06\/pc011736-300x206.jpg 300w, http:\/\/recettes-gourmandes-de-joce.fr\/wp-content\/uploads\/2021\/06\/pc011736-768x527.jpg 768w, http:\/\/recettes-gourmandes-de-joce.fr\/wp-content\/uploads\/2021\/06\/pc011736-750x515.jpg 750w, http:\/\/recettes-gourmandes-de-joce.fr\/wp-content\/uploads\/2021\/06\/pc011736.jpg 778w\" sizes=\"auto, (max-width: 233px) 100vw, 233px\" \/> <img loading=\"lazy\" decoding=\"async\" class=\"alignnone wp-image-33590\" src=\"http:\/\/recettes-gourmandes-de-joce.fr\/wp-content\/uploads\/2021\/06\/pc011737-300x214.jpg\" alt=\"\" width=\"224\" height=\"160\" srcset=\"http:\/\/recettes-gourmandes-de-joce.fr\/wp-content\/uploads\/2021\/06\/pc011737-300x214.jpg 300w, http:\/\/recettes-gourmandes-de-joce.fr\/wp-content\/uploads\/2021\/06\/pc011737-768x549.jpg 768w, http:\/\/recettes-gourmandes-de-joce.fr\/wp-content\/uploads\/2021\/06\/pc011737-750x536.jpg 750w, http:\/\/recettes-gourmandes-de-joce.fr\/wp-content\/uploads\/2021\/06\/pc011737.jpg 778w\" sizes=\"auto, (max-width: 224px) 100vw, 224px\" \/><\/span><\/p>\n<p style=\"text-align: center;\"><span style=\"color: #008000;\"><em><span style=\"font-size: 14pt; font-family: georgia, palatino, serif;\">\u00a0Egoutter les choux de Bruxelles lorsqu&rsquo;ils sont cuits, ajoutez l\u00e8s<\/span><\/em><em><span style=\"font-size: 14pt; font-family: georgia, palatino, serif;\">\u00a0dans les saucisses, m\u00e9<\/span><\/em><em><span style=\"font-size: 14pt; font-family: georgia, palatino, serif;\">langer et ajouter la cancoillotte.<\/span><\/em><\/span><\/p>\n<p style=\"text-align: center;\"><span style=\"color: #008000;\"><img loading=\"lazy\" decoding=\"async\" class=\"alignnone wp-image-33591\" src=\"http:\/\/recettes-gourmandes-de-joce.fr\/wp-content\/uploads\/2021\/06\/pc011738-300x215.jpg\" alt=\"\" width=\"223\" height=\"160\" srcset=\"http:\/\/recettes-gourmandes-de-joce.fr\/wp-content\/uploads\/2021\/06\/pc011738-300x215.jpg 300w, http:\/\/recettes-gourmandes-de-joce.fr\/wp-content\/uploads\/2021\/06\/pc011738-768x551.jpg 768w, http:\/\/recettes-gourmandes-de-joce.fr\/wp-content\/uploads\/2021\/06\/pc011738-750x538.jpg 750w, http:\/\/recettes-gourmandes-de-joce.fr\/wp-content\/uploads\/2021\/06\/pc011738.jpg 784w\" sizes=\"auto, (max-width: 223px) 100vw, 223px\" \/><\/span><\/p>\n<p style=\"text-align: center;\"><span style=\"color: #008000;\"><em><span style=\"font-size: 14pt; font-family: georgia, palatino, serif;\"> M\u00e9langer \u00e0 nouveau et laisser chauffer quelques instants, rectifier l&rsquo;assaisonnement et servir imm\u00e9diatement.<\/span><\/em><\/span><\/p>\n<p style=\"text-align: center;\"><span style=\"color: #008000;\"><em><span style=\"font-size: 14pt; font-family: georgia, palatino, serif;\">Bon app\u00e9tit!<\/span><\/em><\/span><\/p>\n<p style=\"text-align: center;\"><span style=\"color: #008000;\">\u00a0<img loading=\"lazy\" decoding=\"async\" class=\"alignnone wp-image-33595\" src=\"http:\/\/recettes-gourmandes-de-joce.fr\/wp-content\/uploads\/2021\/06\/pc011743-300x225.jpg\" alt=\"\" width=\"240\" height=\"180\" srcset=\"http:\/\/recettes-gourmandes-de-joce.fr\/wp-content\/uploads\/2021\/06\/pc011743-300x225.jpg 300w, http:\/\/recettes-gourmandes-de-joce.fr\/wp-content\/uploads\/2021\/06\/pc011743-768x576.jpg 768w, http:\/\/recettes-gourmandes-de-joce.fr\/wp-content\/uploads\/2021\/06\/pc011743-750x563.jpg 750w, http:\/\/recettes-gourmandes-de-joce.fr\/wp-content\/uploads\/2021\/06\/pc011743.jpg 800w\" sizes=\"auto, (max-width: 240px) 100vw, 240px\" \/> <img loading=\"lazy\" decoding=\"async\" class=\"alignnone wp-image-33592\" src=\"http:\/\/recettes-gourmandes-de-joce.fr\/wp-content\/uploads\/2021\/06\/pc011739-300x190.jpg\" alt=\"\" width=\"284\" height=\"180\" srcset=\"http:\/\/recettes-gourmandes-de-joce.fr\/wp-content\/uploads\/2021\/06\/pc011739-300x190.jpg 300w, http:\/\/recettes-gourmandes-de-joce.fr\/wp-content\/uploads\/2021\/06\/pc011739-768x487.jpg 768w, http:\/\/recettes-gourmandes-de-joce.fr\/wp-content\/uploads\/2021\/06\/pc011739-750x475.jpg 750w, http:\/\/recettes-gourmandes-de-joce.fr\/wp-content\/uploads\/2021\/06\/pc011739.jpg 778w\" sizes=\"auto, (max-width: 284px) 100vw, 284px\" \/> <img loading=\"lazy\" decoding=\"async\" class=\"alignnone wp-image-33594\" src=\"http:\/\/recettes-gourmandes-de-joce.fr\/wp-content\/uploads\/2021\/06\/pc011742-300x225.jpg\" alt=\"\" width=\"240\" height=\"180\" srcset=\"http:\/\/recettes-gourmandes-de-joce.fr\/wp-content\/uploads\/2021\/06\/pc011742-300x225.jpg 300w, http:\/\/recettes-gourmandes-de-joce.fr\/wp-content\/uploads\/2021\/06\/pc011742-768x576.jpg 768w, http:\/\/recettes-gourmandes-de-joce.fr\/wp-content\/uploads\/2021\/06\/pc011742-750x563.jpg 750w, http:\/\/recettes-gourmandes-de-joce.fr\/wp-content\/uploads\/2021\/06\/pc011742.jpg 800w\" sizes=\"auto, (max-width: 240px) 100vw, 240px\" \/><\/span><\/p>\n<p style=\"text-align: center;\"><span style=\"color: #008000;\"><img loading=\"lazy\" decoding=\"async\" class=\"alignnone wp-image-24317 size-full\" src=\"http:\/\/recettes-gourmandes-de-joce.fr\/wp-content\/uploads\/2020\/07\/logitech-gaming-software-14112014-121223.jpg\" alt=\"\" width=\"640\" height=\"144\" srcset=\"http:\/\/recettes-gourmandes-de-joce.fr\/wp-content\/uploads\/2020\/07\/logitech-gaming-software-14112014-121223.jpg 640w, http:\/\/recettes-gourmandes-de-joce.fr\/wp-content\/uploads\/2020\/07\/logitech-gaming-software-14112014-121223-300x68.jpg 300w\" sizes=\"auto, (max-width: 640px) 100vw, 640px\" \/><\/span><\/p>\n<\/div>\n<\/div>\n<\/div>\n<\/div>\n<\/div>\n<\/div>\n<\/div>\n","protected":false},"excerpt":{"rendered":"<p>Une de mes recettes Ingr\u00e9dients pour 3 personnes 1 kg de choux de Bruxelles 12 petites saucisses blanches \u00e0 griller 100 g de lardons fum\u00e9s 2 gousses d&rsquo;ail \u00bd pot de cancoillotte 2 c \u00e0 s de ciboulette 1 morceau de beurre 1 petite boite de champignons de Paris entiers Sel et poivre Nettoyer les &hellip; <\/p>\n<p><a class=\"more-link btn\" href=\"http:\/\/recettes-gourmandes-de-joce.fr\/index.php\/index\/legumes\/legumes\/choux-de-bruxelles-a-la-cancoillotte-et-saucisses\/\">Lire la suite<\/a><\/p>\n","protected":false},"author":2,"featured_media":85951,"parent":945,"menu_order":0,"comment_status":"open","ping_status":"closed","template":"","meta":{"footnotes":""},"class_list":["post-33582","page","type-page","status-publish","has-post-thumbnail","hentry","nodate","item-wrap"],"_links":{"self":[{"href":"http:\/\/recettes-gourmandes-de-joce.fr\/index.php\/wp-json\/wp\/v2\/pages\/33582","targetHints":{"allow":["GET"]}}],"collection":[{"href":"http:\/\/recettes-gourmandes-de-joce.fr\/index.php\/wp-json\/wp\/v2\/pages"}],"about":[{"href":"http:\/\/recettes-gourmandes-de-joce.fr\/index.php\/wp-json\/wp\/v2\/types\/page"}],"author":[{"embeddable":true,"href":"http:\/\/recettes-gourmandes-de-joce.fr\/index.php\/wp-json\/wp\/v2\/users\/2"}],"replies":[{"embeddable":true,"href":"http:\/\/recettes-gourmandes-de-joce.fr\/index.php\/wp-json\/wp\/v2\/comments?post=33582"}],"version-history":[{"count":2,"href":"http:\/\/recettes-gourmandes-de-joce.fr\/index.php\/wp-json\/wp\/v2\/pages\/33582\/revisions"}],"predecessor-version":[{"id":85952,"href":"http:\/\/recettes-gourmandes-de-joce.fr\/index.php\/wp-json\/wp\/v2\/pages\/33582\/revisions\/85952"}],"up":[{"embeddable":true,"href":"http:\/\/recettes-gourmandes-de-joce.fr\/index.php\/wp-json\/wp\/v2\/pages\/945"}],"wp:featuredmedia":[{"embeddable":true,"href":"http:\/\/recettes-gourmandes-de-joce.fr\/index.php\/wp-json\/wp\/v2\/media\/85951"}],"wp:attachment":[{"href":"http:\/\/recettes-gourmandes-de-joce.fr\/index.php\/wp-json\/wp\/v2\/media?parent=33582"}],"curies":[{"name":"wp","href":"https:\/\/api.w.org\/{rel}","templated":true}]}}