{"id":335,"date":"2019-09-18T08:49:17","date_gmt":"2019-09-18T08:49:17","guid":{"rendered":"http:\/\/recettes-gourmandes-de-joce.fr\/?page_id=335"},"modified":"2024-07-14T21:57:21","modified_gmt":"2024-07-14T21:57:21","slug":"feijoa-goyavier-montevideo-goyavier-ananas","status":"publish","type":"page","link":"http:\/\/recettes-gourmandes-de-joce.fr\/index.php\/index\/produits-regionaux-decouverte-daliments\/feijoa-goyavier-montevideo-goyavier-ananas\/","title":{"rendered":"Feijoa, goyavier Montevideo, goyavier ananas."},"content":{"rendered":"<p style=\"text-align: center;\"><span style=\"color: #008000;\"><span style=\"font-size: 20px;\"><span style=\"font-family: georgia,serif;\"><em><span style=\"color: #008000;\"><u><span style=\"font-size: 24px;\"><span style=\"font-family: georgia,serif;\"><em>Feijoa, goyavier Montevideo, goyavier ananas.<\/em><\/span><\/span><\/u><\/span><\/em><\/span><\/span><\/span><\/p>\n<p style=\"text-align: center;\"><span style=\"font-size: 20px;\"><span style=\"font-family: georgia,serif;\"><em><span style=\"color: #008000;\"><u><img loading=\"lazy\" decoding=\"async\" class=\"alignnone wp-image-87696\" src=\"http:\/\/recettes-gourmandes-de-joce.fr\/wp-content\/uploads\/2024\/07\/tarte-feijoa00.jpg\" alt=\"\" width=\"340\" height=\"250\" \/><\/u><\/span><\/em><\/span><\/span><\/p>\n<p style=\"text-align: center;\"><img loading=\"lazy\" decoding=\"async\" class=\"alignnone wp-image-87697\" src=\"http:\/\/recettes-gourmandes-de-joce.fr\/wp-content\/uploads\/2024\/07\/tarte-feijoa5.jpg\" alt=\"\" width=\"227\" height=\"170\" \/> <img loading=\"lazy\" decoding=\"async\" class=\"alignnone wp-image-87698\" src=\"http:\/\/recettes-gourmandes-de-joce.fr\/wp-content\/uploads\/2024\/07\/tarte-feijoa6.jpg\" alt=\"\" width=\"253\" height=\"170\" \/><\/p>\n<p style=\"text-align: center;\"><span style=\"color: #008000; font-size: 14pt;\"><span style=\"font-family: georgia,serif;\"><em>Arbuste originaire d&rsquo;Am\u00e9rique du Sud et principalement du Br\u00e9sil, on le trouve aussi dans le Sud-ouest et Sud de la France.<\/em><\/span><\/span><\/p>\n<p style=\"text-align: center;\"><span style=\"color: #008000; font-size: 14pt;\"><span style=\"font-family: georgia,serif;\"><em>C&rsquo;est un arbre d\u00e9coratif par sa floraison\u00a0blanche et rouge de mai \u00e0 juillet, son feuillage est persistant l&rsquo;hiver si les temp\u00e9ratures ne descendent sous les -10\u00b0.\u00a0<\/em><\/span><\/span><\/p>\n<p style=\"text-align: center;\"><span style=\"font-size: 14pt;\"><span style=\"color: #008000;\"><span style=\"font-family: georgia,serif;\"><em>C&rsquo;est un arbre fruitier donnant des fruits de septembre \u00e0 novembre de la taille des kiwis \u00e0 peau\u00a0rugueuse et verte, son petit go\u00fbt acidul\u00e9 rappel la goyave, l&rsquo;ananas et la fraise. <\/em><\/span><\/span><span style=\"color: #008000;\"><span style=\"font-family: georgia,serif;\"><em><span style=\"line-height: 115%; mso-ascii-theme-font: minor-latin; mso-fareast-font-family: Calibri; mso-fareast-theme-font: minor-latin; mso-hansi-theme-font: minor-latin; mso-bidi-font-family: 'Times New Roman'; mso-bidi-theme-font: minor-bidi; mso-ansi-language: FR; mso-fareast-language: EN-US; mso-bidi-language: AR-SA;\">La chair du feijoa contient beaucoup de vitamines B et C. Le fruit est m\u00fbr quand il tombe au sol.<\/span><\/em><\/span><\/span><\/span><\/p>\n<p style=\"text-align: center;\"><span style=\"color: #008000; font-size: 14pt;\"><span style=\"font-family: georgia,serif;\"><em><span style=\"color: #008000; font-family: georgia, serif;\">La r\u00e9colte est courte et les fruits sont souvent ab\u00eem\u00e9s\u00a0lors des premiers froids, ils ne se conservent pas longtemps.<\/span><\/em><\/span><\/span><\/p>\n<p style=\"text-align: center;\"><span style=\"color: #008000; font-size: 14pt;\"><span style=\"font-family: georgia,serif;\"><em>On peut r\u00e9aliser des tartes, des confitures avec ces fruits ou les d\u00e9guster frais.<\/em><\/span><\/span><\/p>\n<p style=\"text-align: center;\"><span style=\"color: #008000; font-size: 14pt;\"><span style=\"font-family: georgia,serif;\"><em>D\u00e9couvrez la recette de cette tarte en cliquant sur le lien ci-dessous\u2193<\/em><\/span><\/span><\/p>\n<p style=\"text-align: center;\"><span style=\"font-size: 14pt;\"><span style=\"font-family: georgia,serif;\"><em><span style=\"color: #008000;\">-&gt; <\/span><a href=\"http:\/\/recettes-gourmandes-de-joce.fr\/index.php\/index\/desserts\/tartes-et-tartelettes-sucrees\/tarte-aux-feijoas-et-poudre-de-noisettes\/\"><span style=\"color: #ff6600;\">Tarte aux feijoas \u00e0 la poudre de noisettes<\/span> <\/a><a href=\"http:\/\/recettes-gourmandes-de-joce.fr\/index.php\/index\/desserts\/tartes-et-tartelettes-sucrees\/tarte-aux-feijoas-et-poudre-de-noisettes\/\"><img loading=\"lazy\" decoding=\"async\" class=\"alignnone wp-image-80336\" src=\"http:\/\/recettes-gourmandes-de-joce.fr\/wp-content\/uploads\/2024\/05\/tarte-feijoa3.jpg\" alt=\"\" width=\"227\" height=\"170\" \/><\/a><\/em><\/span><\/span><\/p>\n<p style=\"text-align: center;\"><img loading=\"lazy\" decoding=\"async\" class=\"alignnone wp-image-44943 size-full\" src=\"http:\/\/recettes-gourmandes-de-joce.fr\/wp-content\/uploads\/2022\/05\/logitech-gaming-software-14112014-121223.jpg\" alt=\"\" width=\"640\" height=\"144\" srcset=\"http:\/\/recettes-gourmandes-de-joce.fr\/wp-content\/uploads\/2022\/05\/logitech-gaming-software-14112014-121223.jpg 640w, http:\/\/recettes-gourmandes-de-joce.fr\/wp-content\/uploads\/2022\/05\/logitech-gaming-software-14112014-121223-300x68.jpg 300w\" sizes=\"auto, (max-width: 640px) 100vw, 640px\" \/><\/p>\n","protected":false},"excerpt":{"rendered":"<p>Feijoa, goyavier Montevideo, goyavier ananas. Arbuste originaire d&rsquo;Am\u00e9rique du Sud et principalement du Br\u00e9sil, on le trouve aussi dans le Sud-ouest et Sud de la France. C&rsquo;est un arbre d\u00e9coratif par sa floraison\u00a0blanche et rouge de mai \u00e0 juillet, son feuillage est persistant l&rsquo;hiver si les temp\u00e9ratures ne descendent sous les -10\u00b0.\u00a0 C&rsquo;est un arbre &hellip; <\/p>\n<p><a class=\"more-link btn\" href=\"http:\/\/recettes-gourmandes-de-joce.fr\/index.php\/index\/produits-regionaux-decouverte-daliments\/feijoa-goyavier-montevideo-goyavier-ananas\/\">Lire la suite<\/a><\/p>\n","protected":false},"author":2,"featured_media":87699,"parent":326,"menu_order":0,"comment_status":"open","ping_status":"closed","template":"","meta":{"footnotes":""},"class_list":["post-335","page","type-page","status-publish","has-post-thumbnail","hentry","nodate","item-wrap"],"_links":{"self":[{"href":"http:\/\/recettes-gourmandes-de-joce.fr\/index.php\/wp-json\/wp\/v2\/pages\/335","targetHints":{"allow":["GET"]}}],"collection":[{"href":"http:\/\/recettes-gourmandes-de-joce.fr\/index.php\/wp-json\/wp\/v2\/pages"}],"about":[{"href":"http:\/\/recettes-gourmandes-de-joce.fr\/index.php\/wp-json\/wp\/v2\/types\/page"}],"author":[{"embeddable":true,"href":"http:\/\/recettes-gourmandes-de-joce.fr\/index.php\/wp-json\/wp\/v2\/users\/2"}],"replies":[{"embeddable":true,"href":"http:\/\/recettes-gourmandes-de-joce.fr\/index.php\/wp-json\/wp\/v2\/comments?post=335"}],"version-history":[{"count":6,"href":"http:\/\/recettes-gourmandes-de-joce.fr\/index.php\/wp-json\/wp\/v2\/pages\/335\/revisions"}],"predecessor-version":[{"id":56455,"href":"http:\/\/recettes-gourmandes-de-joce.fr\/index.php\/wp-json\/wp\/v2\/pages\/335\/revisions\/56455"}],"up":[{"embeddable":true,"href":"http:\/\/recettes-gourmandes-de-joce.fr\/index.php\/wp-json\/wp\/v2\/pages\/326"}],"wp:featuredmedia":[{"embeddable":true,"href":"http:\/\/recettes-gourmandes-de-joce.fr\/index.php\/wp-json\/wp\/v2\/media\/87699"}],"wp:attachment":[{"href":"http:\/\/recettes-gourmandes-de-joce.fr\/index.php\/wp-json\/wp\/v2\/media?parent=335"}],"curies":[{"name":"wp","href":"https:\/\/api.w.org\/{rel}","templated":true}]}}