{"id":33294,"date":"2021-06-03T15:20:41","date_gmt":"2021-06-03T15:20:41","guid":{"rendered":"http:\/\/recettes-gourmandes-de-joce.fr\/?page_id=33294"},"modified":"2024-05-23T11:32:41","modified_gmt":"2024-05-23T11:32:41","slug":"verrines-aperitives-aux-crevettes-epicees-et-herbes-fraiches","status":"publish","type":"page","link":"http:\/\/recettes-gourmandes-de-joce.fr\/index.php\/index\/aperitifs-amuses-bouches\/verrines-froides\/verrines-aperitives-aux-crevettes-epicees-et-herbes-fraiches\/","title":{"rendered":"Verrines ap\u00e9ritives aux crevettes \u00e9pic\u00e9es et herbes fra\u00eeches."},"content":{"rendered":"<p class=\"view-title\" style=\"text-align: center;\"><span style=\"text-decoration: underline; color: #b87633;\"><span style=\"font-size: 18pt; font-family: georgia, palatino, serif;\"><em>Une de mes recettes<\/em><\/span><\/span><\/p>\n<div class=\"row-container page_1\" style=\"text-align: center;\">\n<div class=\"row-content\">\n<div class=\"row\">\n<div class=\"column self-stretch\">\n<div class=\"column-content\">\n<div class=\"clearfix\"><span style=\"color: #b87633;\">\u00a0<img loading=\"lazy\" decoding=\"async\" class=\"alignnone wp-image-33287\" src=\"http:\/\/recettes-gourmandes-de-joce.fr\/wp-content\/uploads\/2021\/06\/PA220135-300x225.jpg\" alt=\"\" width=\"240\" height=\"180\" srcset=\"http:\/\/recettes-gourmandes-de-joce.fr\/wp-content\/uploads\/2021\/06\/PA220135-300x225.jpg 300w, http:\/\/recettes-gourmandes-de-joce.fr\/wp-content\/uploads\/2021\/06\/PA220135.jpg 550w\" sizes=\"auto, (max-width: 240px) 100vw, 240px\" \/> <img loading=\"lazy\" decoding=\"async\" class=\"alignnone wp-image-33286\" src=\"http:\/\/recettes-gourmandes-de-joce.fr\/wp-content\/uploads\/2021\/06\/PA220128-300x225.jpg\" alt=\"\" width=\"240\" height=\"180\" srcset=\"http:\/\/recettes-gourmandes-de-joce.fr\/wp-content\/uploads\/2021\/06\/PA220128-300x225.jpg 300w, http:\/\/recettes-gourmandes-de-joce.fr\/wp-content\/uploads\/2021\/06\/PA220128.jpg 550w\" sizes=\"auto, (max-width: 240px) 100vw, 240px\" \/> <img loading=\"lazy\" decoding=\"async\" class=\"alignnone wp-image-33285\" src=\"http:\/\/recettes-gourmandes-de-joce.fr\/wp-content\/uploads\/2021\/06\/PA220127-300x261.jpg\" alt=\"\" width=\"207\" height=\"180\" srcset=\"http:\/\/recettes-gourmandes-de-joce.fr\/wp-content\/uploads\/2021\/06\/PA220127-300x261.jpg 300w, http:\/\/recettes-gourmandes-de-joce.fr\/wp-content\/uploads\/2021\/06\/PA220127.jpg 550w\" sizes=\"auto, (max-width: 207px) 100vw, 207px\" \/><\/span><\/div>\n<div><\/div>\n<div class=\"clearfix\" style=\"text-align: left;\">\n<p style=\"text-align: center;\"><span style=\"text-decoration: underline; color: #b87633;\"><span style=\"font-size: 18pt;\"><em><span style=\"font-family: georgia, palatino, serif;\">Ingr\u00e9dients pour 6 verrines<\/span><\/em><\/span><\/span><\/p>\n<p style=\"text-align: center;\"><span style=\"color: #b87633;\"><img loading=\"lazy\" decoding=\"async\" class=\"alignnone wp-image-33288\" src=\"http:\/\/recettes-gourmandes-de-joce.fr\/wp-content\/uploads\/2021\/06\/PA220109-300x221.jpg\" alt=\"\" width=\"272\" height=\"200\" srcset=\"http:\/\/recettes-gourmandes-de-joce.fr\/wp-content\/uploads\/2021\/06\/PA220109-300x221.jpg 300w, http:\/\/recettes-gourmandes-de-joce.fr\/wp-content\/uploads\/2021\/06\/PA220109.jpg 550w\" sizes=\"auto, (max-width: 272px) 100vw, 272px\" \/><\/span><\/p>\n<p style=\"text-align: center;\"><span style=\"color: #b87633;\"><em><span style=\"font-family: georgia, palatino, serif; font-size: 14pt;\">200 g de crevettes roses crues<\/span><\/em><\/span><\/p>\n<p style=\"text-align: center;\"><span style=\"color: #b87633;\"><em><span style=\"font-family: georgia, palatino, serif; font-size: 14pt;\">1 c \u00e0 s de ciboulette cisel\u00e9e<\/span><\/em><\/span><\/p>\n<p style=\"text-align: center;\"><span style=\"color: #b87633;\"><em><span style=\"font-family: georgia, palatino, serif; font-size: 14pt;\">1 c \u00e0 s de persil cisel\u00e9<\/span><\/em><\/span><\/p>\n<p style=\"text-align: center;\"><span style=\"color: #b87633;\"><em><span style=\"font-family: georgia, palatino, serif; font-size: 14pt;\">1 c \u00e0 s de jus de citron<\/span><\/em><\/span><\/p>\n<p style=\"text-align: center;\"><span style=\"color: #b87633;\"><em><span style=\"font-family: georgia, palatino, serif; font-size: 14pt;\">2 c \u00e0 s de grains de ma\u00efs<\/span><\/em><\/span><\/p>\n<p style=\"text-align: center;\"><span style=\"color: #b87633;\"><em><span style=\"font-family: georgia, palatino, serif; font-size: 14pt;\">2 bonnes c \u00e0\u00a0s de cr\u00e8me fra\u00eeche \u00e9paisse<\/span><\/em><\/span><\/p>\n<p style=\"text-align: center;\"><span style=\"color: #b87633;\"><em><span style=\"font-family: georgia, palatino, serif; font-size: 14pt;\">1 pinc\u00e9e de piment d&rsquo;Espelette<\/span><\/em><\/span><\/p>\n<p style=\"text-align: center;\"><span style=\"color: #b87633;\"><em><span style=\"font-family: georgia, palatino, serif; font-size: 14pt;\">1 c \u00e0 s d&rsquo;huile d&rsquo;olive<\/span><\/em><\/span><\/p>\n<p style=\"text-align: center;\"><span style=\"color: #b87633;\"><em><span style=\"font-family: georgia, palatino, serif; font-size: 14pt;\">12 brins de ciboulettes<\/span><\/em><\/span><\/p>\n<p style=\"text-align: center;\"><span style=\"color: #b87633;\"><em><span style=\"font-family: georgia, palatino, serif; font-size: 14pt;\">Sel et poivre<\/span><\/em><\/span><\/p>\n<p style=\"text-align: center;\"><span style=\"color: #b87633;\"><img loading=\"lazy\" decoding=\"async\" class=\"alignnone wp-image-32693\" src=\"http:\/\/recettes-gourmandes-de-joce.fr\/wp-content\/uploads\/2021\/05\/20210526_193141-300x225.jpg\" alt=\"\" width=\"213\" height=\"160\" srcset=\"http:\/\/recettes-gourmandes-de-joce.fr\/wp-content\/uploads\/2021\/05\/20210526_193141-300x225.jpg 300w, http:\/\/recettes-gourmandes-de-joce.fr\/wp-content\/uploads\/2021\/05\/20210526_193141-768x576.jpg 768w, http:\/\/recettes-gourmandes-de-joce.fr\/wp-content\/uploads\/2021\/05\/20210526_193141-750x563.jpg 750w, http:\/\/recettes-gourmandes-de-joce.fr\/wp-content\/uploads\/2021\/05\/20210526_193141.jpg 800w\" sizes=\"auto, (max-width: 213px) 100vw, 213px\" \/> <img loading=\"lazy\" decoding=\"async\" class=\"alignnone wp-image-33291\" src=\"http:\/\/recettes-gourmandes-de-joce.fr\/wp-content\/uploads\/2021\/06\/PA220110-001.jpg\" alt=\"\" width=\"214\" height=\"160\" \/>\u00a0<img loading=\"lazy\" decoding=\"async\" class=\"alignnone wp-image-33289\" src=\"http:\/\/recettes-gourmandes-de-joce.fr\/wp-content\/uploads\/2021\/06\/PA220112-300x225.jpg\" alt=\"\" width=\"214\" height=\"160\" srcset=\"http:\/\/recettes-gourmandes-de-joce.fr\/wp-content\/uploads\/2021\/06\/PA220112-300x225.jpg 300w, http:\/\/recettes-gourmandes-de-joce.fr\/wp-content\/uploads\/2021\/06\/PA220112.jpg 550w\" sizes=\"auto, (max-width: 214px) 100vw, 214px\" \/><\/span><\/p>\n<p style=\"text-align: center;\"><span style=\"color: #b87633;\"><em><span style=\"font-family: georgia, palatino, serif; font-size: 14pt;\">Laver et ciseler le persil et la ciboulette sauf les 6 brins qui serviront \u00e0 la d\u00e9co. Mettre dans un petit saladier, le persil, la ciboulette et la cr\u00e8me fra\u00eeche, m\u00e9langer, saler, poivrer l\u00e9g\u00e8rement et ajouter le piment d&rsquo;Espelette, m\u00e9langer \u00e0 nouveau.<\/span><\/em><\/span><\/p>\n<p style=\"text-align: center;\"><span style=\"color: #b87633;\"><img loading=\"lazy\" decoding=\"async\" class=\"alignnone wp-image-33279\" src=\"http:\/\/recettes-gourmandes-de-joce.fr\/wp-content\/uploads\/2021\/06\/PA220113-300x249.jpg\" alt=\"\" width=\"193\" height=\"160\" srcset=\"http:\/\/recettes-gourmandes-de-joce.fr\/wp-content\/uploads\/2021\/06\/PA220113-300x249.jpg 300w, http:\/\/recettes-gourmandes-de-joce.fr\/wp-content\/uploads\/2021\/06\/PA220113.jpg 550w\" sizes=\"auto, (max-width: 193px) 100vw, 193px\" \/>\u00a0<img loading=\"lazy\" decoding=\"async\" class=\"alignnone wp-image-33292\" src=\"http:\/\/recettes-gourmandes-de-joce.fr\/wp-content\/uploads\/2021\/06\/PA220116-001.jpg\" alt=\"\" width=\"214\" height=\"160\" \/> <img loading=\"lazy\" decoding=\"async\" class=\"alignnone wp-image-33280\" src=\"http:\/\/recettes-gourmandes-de-joce.fr\/wp-content\/uploads\/2021\/06\/PA220117-300x225.jpg\" alt=\"\" width=\"214\" height=\"160\" srcset=\"http:\/\/recettes-gourmandes-de-joce.fr\/wp-content\/uploads\/2021\/06\/PA220117-300x225.jpg 300w, http:\/\/recettes-gourmandes-de-joce.fr\/wp-content\/uploads\/2021\/06\/PA220117.jpg 550w\" sizes=\"auto, (max-width: 214px) 100vw, 214px\" \/><\/span><\/p>\n<p style=\"text-align: center;\"><span style=\"color: #b87633;\"><em><span style=\"font-family: georgia, palatino, serif; font-size: 14pt;\">Ajouter le jus de citron. <\/span><\/em><em><span style=\"font-family: georgia, palatino, serif;\"><span style=\"font-size: 14pt;\">Ajouter ensuite l&rsquo;huile d&rsquo;olive et bien m\u00e9langer. Dans une petite po\u00eale mettre un filet d&rsquo;huile d&rsquo;<\/span><span style=\"font-size: 18.6667px;\">olive<\/span><span style=\"font-size: 14pt;\"> et faire chauffer.<\/span><\/span><\/em><\/span><\/p>\n<p style=\"text-align: center;\"><span style=\"color: #b87633;\"><em><span style=\"font-family: georgia, palatino, serif; font-size: 14pt;\"><img loading=\"lazy\" decoding=\"async\" class=\"alignnone wp-image-33281\" src=\"http:\/\/recettes-gourmandes-de-joce.fr\/wp-content\/uploads\/2021\/06\/PA220118-300x225.jpg\" alt=\"\" width=\"214\" height=\"160\" srcset=\"http:\/\/recettes-gourmandes-de-joce.fr\/wp-content\/uploads\/2021\/06\/PA220118-300x225.jpg 300w, http:\/\/recettes-gourmandes-de-joce.fr\/wp-content\/uploads\/2021\/06\/PA220118.jpg 550w\" sizes=\"auto, (max-width: 214px) 100vw, 214px\" \/> <img loading=\"lazy\" decoding=\"async\" class=\"alignnone wp-image-33293\" src=\"http:\/\/recettes-gourmandes-de-joce.fr\/wp-content\/uploads\/2021\/06\/PA220119-001.jpg\" alt=\"\" width=\"214\" height=\"160\" \/> <img loading=\"lazy\" decoding=\"async\" class=\"alignnone wp-image-33282\" src=\"http:\/\/recettes-gourmandes-de-joce.fr\/wp-content\/uploads\/2021\/06\/PA220120-300x225.jpg\" alt=\"\" width=\"214\" height=\"160\" srcset=\"http:\/\/recettes-gourmandes-de-joce.fr\/wp-content\/uploads\/2021\/06\/PA220120-300x225.jpg 300w, http:\/\/recettes-gourmandes-de-joce.fr\/wp-content\/uploads\/2021\/06\/PA220120.jpg 550w\" sizes=\"auto, (max-width: 214px) 100vw, 214px\" \/>\u00a0<\/span><\/em><\/span><\/p>\n<p style=\"text-align: center;\"><span style=\"color: #b87633;\"><em><span style=\"font-family: georgia, palatino, serif; font-size: 14pt;\">Ajouter les crevettes, les saler et poivrer, les faire cuire \u00e0 feux doux 5 minutes environ, une fois cuites en r\u00e9server 6 pour la d\u00e9coration.<\/span><\/em><\/span><\/p>\n<p style=\"text-align: center;\"><span style=\"color: #b87633;\"><img loading=\"lazy\" decoding=\"async\" class=\"alignnone wp-image-33290\" src=\"http:\/\/recettes-gourmandes-de-joce.fr\/wp-content\/uploads\/2021\/06\/PA220123-001.jpg\" alt=\"\" width=\"214\" height=\"160\" \/> <img loading=\"lazy\" decoding=\"async\" class=\"alignnone wp-image-33283\" src=\"http:\/\/recettes-gourmandes-de-joce.fr\/wp-content\/uploads\/2021\/06\/PA220122-300x225.jpg\" alt=\"\" width=\"214\" height=\"160\" srcset=\"http:\/\/recettes-gourmandes-de-joce.fr\/wp-content\/uploads\/2021\/06\/PA220122-300x225.jpg 300w, http:\/\/recettes-gourmandes-de-joce.fr\/wp-content\/uploads\/2021\/06\/PA220122.jpg 550w\" sizes=\"auto, (max-width: 214px) 100vw, 214px\" \/> <img loading=\"lazy\" decoding=\"async\" class=\"alignnone wp-image-33284\" src=\"http:\/\/recettes-gourmandes-de-joce.fr\/wp-content\/uploads\/2021\/06\/PA220125-300x225.jpg\" alt=\"\" width=\"214\" height=\"160\" srcset=\"http:\/\/recettes-gourmandes-de-joce.fr\/wp-content\/uploads\/2021\/06\/PA220125-300x225.jpg 300w, http:\/\/recettes-gourmandes-de-joce.fr\/wp-content\/uploads\/2021\/06\/PA220125.jpg 550w\" sizes=\"auto, (max-width: 214px) 100vw, 214px\" \/>\u00a0<\/span><\/p>\n<p style=\"text-align: center;\"><span style=\"color: #b87633;\"><em><span style=\"font-family: georgia, palatino, serif; font-size: 14pt;\"> Les couper ensuite en trois ou quatre morceaux selon leur taille et les ajouter dans le m\u00e9lange cr\u00e8me fra\u00eeche aux herbes. <\/span><\/em><em><span style=\"font-family: georgia, palatino, serif; font-size: 14pt;\">M\u00e9langer et r\u00e9partir dans les verrines, ajouter un peu de ma\u00efs d\u00e9corer de deux brins de ciboulette et d&rsquo;une crevette, servir frais.<\/span><\/em><\/span><\/p>\n<p style=\"text-align: center;\"><span style=\"color: #b87633;\"><em><span style=\"font-family: georgia, palatino, serif; font-size: 14pt;\">Bon app\u00e9tit!<\/span><\/em><\/span><\/p>\n<p style=\"text-align: center;\"><span style=\"color: #b87633;\"><em><span style=\"font-family: georgia, palatino, serif; font-size: 14pt;\">\u00a0 <img loading=\"lazy\" decoding=\"async\" class=\"alignnone wp-image-33285\" src=\"http:\/\/recettes-gourmandes-de-joce.fr\/wp-content\/uploads\/2021\/06\/PA220127-300x261.jpg\" alt=\"\" width=\"207\" height=\"180\" srcset=\"http:\/\/recettes-gourmandes-de-joce.fr\/wp-content\/uploads\/2021\/06\/PA220127-300x261.jpg 300w, http:\/\/recettes-gourmandes-de-joce.fr\/wp-content\/uploads\/2021\/06\/PA220127.jpg 550w\" sizes=\"auto, (max-width: 207px) 100vw, 207px\" \/> <img loading=\"lazy\" decoding=\"async\" class=\"alignnone wp-image-33286\" src=\"http:\/\/recettes-gourmandes-de-joce.fr\/wp-content\/uploads\/2021\/06\/PA220128-300x225.jpg\" alt=\"\" width=\"240\" height=\"180\" srcset=\"http:\/\/recettes-gourmandes-de-joce.fr\/wp-content\/uploads\/2021\/06\/PA220128-300x225.jpg 300w, http:\/\/recettes-gourmandes-de-joce.fr\/wp-content\/uploads\/2021\/06\/PA220128.jpg 550w\" sizes=\"auto, (max-width: 240px) 100vw, 240px\" \/> <img loading=\"lazy\" decoding=\"async\" class=\"alignnone wp-image-33287\" src=\"http:\/\/recettes-gourmandes-de-joce.fr\/wp-content\/uploads\/2021\/06\/PA220135-300x225.jpg\" alt=\"\" width=\"240\" height=\"180\" srcset=\"http:\/\/recettes-gourmandes-de-joce.fr\/wp-content\/uploads\/2021\/06\/PA220135-300x225.jpg 300w, http:\/\/recettes-gourmandes-de-joce.fr\/wp-content\/uploads\/2021\/06\/PA220135.jpg 550w\" sizes=\"auto, (max-width: 240px) 100vw, 240px\" \/>\u00a0<\/span><\/em><\/span><\/p>\n<p style=\"text-align: center;\"><span style=\"color: #b87633;\"><img loading=\"lazy\" decoding=\"async\" class=\"alignnone wp-image-24317 size-full\" src=\"http:\/\/recettes-gourmandes-de-joce.fr\/wp-content\/uploads\/2020\/07\/logitech-gaming-software-14112014-121223.jpg\" alt=\"\" width=\"640\" height=\"144\" srcset=\"http:\/\/recettes-gourmandes-de-joce.fr\/wp-content\/uploads\/2020\/07\/logitech-gaming-software-14112014-121223.jpg 640w, http:\/\/recettes-gourmandes-de-joce.fr\/wp-content\/uploads\/2020\/07\/logitech-gaming-software-14112014-121223-300x68.jpg 300w\" sizes=\"auto, (max-width: 640px) 100vw, 640px\" \/><\/span><\/p>\n<\/div>\n<div><\/div>\n<\/div>\n<\/div>\n<\/div>\n<\/div>\n<\/div>\n<div class=\"plugins\">\n<div id=\"comments-pages\" class=\"plugin plugin-comments\">\n<p style=\"text-align: left;\"><span style=\"color: #000000;\"><span style=\"font-family: georgia, palatino, serif; font-size: 14pt;\">Commentaires\u00a0<small>(1)<\/small><\/span><\/span><\/p>\n<div class=\"items-container\">\n<div class=\"item item-comment media\">\n<p class=\"pull-left\" style=\"text-align: left;\"><span style=\"color: #000000;\"><span style=\"font-family: georgia, palatino, serif; font-size: 14pt;\"><img decoding=\"async\" class=\"media-object\" src=\"https:\/\/www.gravatar.com\/avatar\/94162aec125226d936e7643e8ea974d8?d=http%3A%2F%2Frecettesgourmandesdejoce.e-monsite.com%2Fmedias%2Fstatic%2Fmanager%2Fim%2Favatar.png?s=50&amp;d=mm\" alt=\"virginie\" width=\"50\" \/><\/span><\/span><\/p>\n<div class=\"media-body\">\n<ul class=\"inline item-infos\" style=\"text-align: left;\">\n<li><span style=\"color: #000000;\"><span style=\"font-family: georgia, palatino, serif; font-size: 14pt;\"><span class=\"comment-number\">1.<\/span>\u00a0<span class=\"comment-author\"><strong>virginie<\/strong>\u00a0(<a style=\"color: #000000;\" rel=\"nofollow\">site web<\/a>)<\/span>\u00a0<span class=\"comment-date\">| 27\/11\/2010<\/span><\/span><\/span><\/li>\n<\/ul>\n<p class=\"comment-content\" style=\"text-align: left;\"><span style=\"color: #000000;\"><span style=\"font-family: georgia, palatino, serif; font-size: 14pt;\">une recette tout \u00e0 fait pour moi, j&rsquo;adore les crevettes et que dire de cette d\u00e9licieuse sauce !!!<\/span><\/span><\/p>\n<p><span style=\"color: #000000;\"><span style=\"font-family: georgia, palatino, serif; font-size: 14pt;\">bises<\/span><\/span><br \/>\n<span style=\"color: #000000;\"><span style=\"font-family: georgia, palatino, serif; font-size: 14pt;\">virginie<\/span><\/span><\/p>\n<\/div>\n<\/div>\n<\/div>\n<\/div>\n<\/div>\n","protected":false},"excerpt":{"rendered":"<p>Une de mes recettes \u00a0 Ingr\u00e9dients pour 6 verrines 200 g de crevettes roses crues 1 c \u00e0 s de ciboulette cisel\u00e9e 1 c \u00e0 s de persil cisel\u00e9 1 c \u00e0 s de jus de citron 2 c \u00e0 s de grains de ma\u00efs 2 bonnes c \u00e0\u00a0s de cr\u00e8me fra\u00eeche \u00e9paisse 1 pinc\u00e9e &hellip; <\/p>\n<p><a class=\"more-link btn\" href=\"http:\/\/recettes-gourmandes-de-joce.fr\/index.php\/index\/aperitifs-amuses-bouches\/verrines-froides\/verrines-aperitives-aux-crevettes-epicees-et-herbes-fraiches\/\">Lire la suite<\/a><\/p>\n","protected":false},"author":2,"featured_media":82972,"parent":197,"menu_order":0,"comment_status":"open","ping_status":"closed","template":"","meta":{"footnotes":""},"class_list":["post-33294","page","type-page","status-publish","has-post-thumbnail","hentry","nodate","item-wrap"],"_links":{"self":[{"href":"http:\/\/recettes-gourmandes-de-joce.fr\/index.php\/wp-json\/wp\/v2\/pages\/33294","targetHints":{"allow":["GET"]}}],"collection":[{"href":"http:\/\/recettes-gourmandes-de-joce.fr\/index.php\/wp-json\/wp\/v2\/pages"}],"about":[{"href":"http:\/\/recettes-gourmandes-de-joce.fr\/index.php\/wp-json\/wp\/v2\/types\/page"}],"author":[{"embeddable":true,"href":"http:\/\/recettes-gourmandes-de-joce.fr\/index.php\/wp-json\/wp\/v2\/users\/2"}],"replies":[{"embeddable":true,"href":"http:\/\/recettes-gourmandes-de-joce.fr\/index.php\/wp-json\/wp\/v2\/comments?post=33294"}],"version-history":[{"count":6,"href":"http:\/\/recettes-gourmandes-de-joce.fr\/index.php\/wp-json\/wp\/v2\/pages\/33294\/revisions"}],"predecessor-version":[{"id":82971,"href":"http:\/\/recettes-gourmandes-de-joce.fr\/index.php\/wp-json\/wp\/v2\/pages\/33294\/revisions\/82971"}],"up":[{"embeddable":true,"href":"http:\/\/recettes-gourmandes-de-joce.fr\/index.php\/wp-json\/wp\/v2\/pages\/197"}],"wp:featuredmedia":[{"embeddable":true,"href":"http:\/\/recettes-gourmandes-de-joce.fr\/index.php\/wp-json\/wp\/v2\/media\/82972"}],"wp:attachment":[{"href":"http:\/\/recettes-gourmandes-de-joce.fr\/index.php\/wp-json\/wp\/v2\/media?parent=33294"}],"curies":[{"name":"wp","href":"https:\/\/api.w.org\/{rel}","templated":true}]}}