{"id":32953,"date":"2021-05-29T22:27:32","date_gmt":"2021-05-29T22:27:32","guid":{"rendered":"http:\/\/recettes-gourmandes-de-joce.fr\/?page_id=32953"},"modified":"2024-07-13T22:42:07","modified_gmt":"2024-07-13T22:42:07","slug":"verrines-fraises-kiwis-a-la-creme-vanillee-et-cuilleres-en-chocolat","status":"publish","type":"page","link":"http:\/\/recettes-gourmandes-de-joce.fr\/index.php\/index\/desserts\/fruits\/verrines-fraises-kiwis-a-la-creme-vanillee-et-cuilleres-en-chocolat\/","title":{"rendered":"Verrines fraises \/kiwis \u00e0 la cr\u00e8me vanill\u00e9e et cuill\u00e8res en chocolat."},"content":{"rendered":"<p class=\"view-title\" style=\"text-align: center;\"><span style=\"text-decoration: underline; color: #990850;\"><span style=\"font-size: 18pt;\"><em style=\"font-family: georgia, palatino, serif;\">Une de mes recettes<\/em><\/span><\/span><\/p>\n<div id=\"rows-4e821319d3276fde4dbcb5a0\" class=\"rows clearfix\" data-total-pages=\"1\" data-current-page=\"1\">\n<div class=\"row-container page_1\">\n<div class=\"row-content\">\n<div class=\"row\">\n<div class=\"column self-stretch\">\n<div class=\"column-content\">\n<div class=\"clearfix\">\n<p style=\"text-align: center;\"><span style=\"font-family: georgia, palatino, serif; font-size: 14pt; color: #990850;\"><img loading=\"lazy\" decoding=\"async\" class=\"alignnone wp-image-32942\" style=\"font-family: Lato, sans-serif; font-size: 16px;\" src=\"http:\/\/recettes-gourmandes-de-joce.fr\/wp-content\/uploads\/2021\/05\/verrines_fraises_kiwis_a_la_creme_vanillee_007-300x225.jpg\" alt=\"\" width=\"240\" height=\"180\" srcset=\"http:\/\/recettes-gourmandes-de-joce.fr\/wp-content\/uploads\/2021\/05\/verrines_fraises_kiwis_a_la_creme_vanillee_007-300x225.jpg 300w, http:\/\/recettes-gourmandes-de-joce.fr\/wp-content\/uploads\/2021\/05\/verrines_fraises_kiwis_a_la_creme_vanillee_007.jpg 550w\" sizes=\"auto, (max-width: 240px) 100vw, 240px\" \/> <strong><em><img loading=\"lazy\" decoding=\"async\" class=\"alignnone wp-image-32955\" src=\"http:\/\/recettes-gourmandes-de-joce.fr\/wp-content\/uploads\/2021\/05\/trio_de_desserts_en_assiette_individuelle_003-300x211.jpg\" alt=\"\" width=\"256\" height=\"180\" srcset=\"http:\/\/recettes-gourmandes-de-joce.fr\/wp-content\/uploads\/2021\/05\/trio_de_desserts_en_assiette_individuelle_003-300x211.jpg 300w, http:\/\/recettes-gourmandes-de-joce.fr\/wp-content\/uploads\/2021\/05\/trio_de_desserts_en_assiette_individuelle_003.jpg 550w\" sizes=\"auto, (max-width: 256px) 100vw, 256px\" \/> <img loading=\"lazy\" decoding=\"async\" class=\"alignnone wp-image-32943\" src=\"http:\/\/recettes-gourmandes-de-joce.fr\/wp-content\/uploads\/2021\/05\/verrines_fraises_kiwis_a_la_creme_vanillee_008-300x225.jpg\" alt=\"\" width=\"240\" height=\"180\" srcset=\"http:\/\/recettes-gourmandes-de-joce.fr\/wp-content\/uploads\/2021\/05\/verrines_fraises_kiwis_a_la_creme_vanillee_008-300x225.jpg 300w, http:\/\/recettes-gourmandes-de-joce.fr\/wp-content\/uploads\/2021\/05\/verrines_fraises_kiwis_a_la_creme_vanillee_008.jpg 550w\" sizes=\"auto, (max-width: 240px) 100vw, 240px\" \/><\/em><\/strong><\/span><\/p>\n<p style=\"text-align: center;\"><span style=\"text-decoration: underline; color: #990850;\"><span style=\"font-family: georgia, palatino, serif; font-size: 18pt;\"><em>Ingr\u00e9dients pour 10 verrines<\/em><\/span><\/span><\/p>\n<p style=\"text-align: center;\"><span style=\"font-family: georgia, palatino, serif; font-size: 14pt; color: #990850;\"><em><img loading=\"lazy\" decoding=\"async\" class=\"alignnone wp-image-32945\" src=\"http:\/\/recettes-gourmandes-de-joce.fr\/wp-content\/uploads\/2021\/05\/verrines_fraises_kiwis_a_la_creme_vanillee_00-300x225.jpg\" alt=\"\" width=\"240\" height=\"180\" srcset=\"http:\/\/recettes-gourmandes-de-joce.fr\/wp-content\/uploads\/2021\/05\/verrines_fraises_kiwis_a_la_creme_vanillee_00-300x225.jpg 300w, http:\/\/recettes-gourmandes-de-joce.fr\/wp-content\/uploads\/2021\/05\/verrines_fraises_kiwis_a_la_creme_vanillee_00.jpg 550w\" sizes=\"auto, (max-width: 240px) 100vw, 240px\" \/>\u00a0<\/em><\/span><\/p>\n<p style=\"text-align: center;\"><span style=\"font-family: georgia, palatino, serif; font-size: 14pt; color: #990850;\"><em>5 kiwis<\/em><\/span><\/p>\n<p style=\"text-align: center;\"><span style=\"font-family: georgia, palatino, serif; font-size: 14pt; color: #990850;\"><em>250 g de fraises<\/em><\/span><\/p>\n<p style=\"text-align: center;\"><span style=\"font-family: georgia, palatino, serif; font-size: 14pt; color: #990850;\"><em>200 g de cr\u00e8me \u00e9paisse<\/em><\/span><\/p>\n<p style=\"text-align: center;\"><span style=\"font-family: georgia, palatino, serif; font-size: 14pt; color: #990850;\"><em>2 sachets de sucre vanill\u00e9<\/em><\/span><\/p>\n<p style=\"text-align: center;\"><span style=\"font-family: georgia, palatino, serif; font-size: 14pt; color: #990850;\"><em>4 sp\u00e9culos<\/em><\/span><\/p>\n<p style=\"text-align: center;\"><span style=\"font-family: georgia, palatino, serif; font-size: 14pt; color: #990850;\"><u><em>Pour 10 cuill\u00e8res<\/em><\/u><\/span><\/p>\n<p style=\"text-align: center;\"><span style=\"font-family: georgia, palatino, serif; font-size: 14pt; color: #990850;\"><em>120 g de chocolat \u00e0 cuire<\/em><\/span><\/p>\n<p style=\"text-align: center;\"><span style=\"font-family: georgia, palatino, serif; font-size: 14pt; color: #990850;\"><em>Recette de la cr\u00e8me dessert au chocolat sur ce lien <\/em><\/span><\/p>\n<p style=\"text-align: center;\"><span style=\"font-family: georgia, palatino, serif; font-size: 14pt; color: #990850;\"><em>-&gt;\u00a0<a href=\"http:\/\/recettes-gourmandes-de-joce.fr\/index.php\/index\/desserts\/chocolats-friandises\/creme-dessert-au-chocolat\/\">Cr\u00e8me dessert au chocolat <img loading=\"lazy\" decoding=\"async\" class=\"alignnone wp-image-16064\" src=\"http:\/\/recettes-gourmandes-de-joce.fr\/wp-content\/uploads\/2020\/01\/P3310242-300x225.jpg\" alt=\"\" width=\"213\" height=\"160\" srcset=\"http:\/\/recettes-gourmandes-de-joce.fr\/wp-content\/uploads\/2020\/01\/P3310242-300x225.jpg 300w, http:\/\/recettes-gourmandes-de-joce.fr\/wp-content\/uploads\/2020\/01\/P3310242.jpg 640w\" sizes=\"auto, (max-width: 213px) 100vw, 213px\" \/><\/a><\/em><\/span><\/p>\n<p style=\"text-align: center;\"><span style=\"font-family: georgia, palatino, serif; font-size: 14pt; color: #990850;\"><em>Recette du mini crumble pommes\/mandarines sur ce lien<\/em><\/span><\/p>\n<p style=\"text-align: center;\"><span style=\"font-family: georgia, palatino, serif; font-size: 14pt; color: #990850;\"><em>-&gt; <a href=\"http:\/\/recettes-gourmandes-de-joce.fr\/index.php\/index\/desserts\/fruits\/crumble-pommes-mandarines-a-la-cannelle\/\">Mini crumble pommes\/mandarines <img loading=\"lazy\" decoding=\"async\" class=\"alignnone wp-image-32930\" src=\"http:\/\/recettes-gourmandes-de-joce.fr\/wp-content\/uploads\/2021\/05\/mini_crumbles_pommes_mandarines_015-300x265.jpg\" alt=\"\" width=\"181\" height=\"160\" srcset=\"http:\/\/recettes-gourmandes-de-joce.fr\/wp-content\/uploads\/2021\/05\/mini_crumbles_pommes_mandarines_015-300x265.jpg 300w, http:\/\/recettes-gourmandes-de-joce.fr\/wp-content\/uploads\/2021\/05\/mini_crumbles_pommes_mandarines_015.jpg 550w\" sizes=\"auto, (max-width: 181px) 100vw, 181px\" \/><\/a><\/em><\/span><\/p>\n<p style=\"text-align: center;\"><span style=\"font-family: georgia, palatino, serif; font-size: 14pt; color: #990850;\"><em><img loading=\"lazy\" decoding=\"async\" class=\"alignnone wp-image-32946\" src=\"http:\/\/recettes-gourmandes-de-joce.fr\/wp-content\/uploads\/2021\/05\/verrines_fraises_kiwis_a_la_creme_vanillee_001-274x300.jpg\" alt=\"\" width=\"146\" height=\"160\" srcset=\"http:\/\/recettes-gourmandes-de-joce.fr\/wp-content\/uploads\/2021\/05\/verrines_fraises_kiwis_a_la_creme_vanillee_001-274x300.jpg 274w, http:\/\/recettes-gourmandes-de-joce.fr\/wp-content\/uploads\/2021\/05\/verrines_fraises_kiwis_a_la_creme_vanillee_001.jpg 503w\" sizes=\"auto, (max-width: 146px) 100vw, 146px\" \/> <img loading=\"lazy\" decoding=\"async\" class=\"alignnone wp-image-32948\" src=\"http:\/\/recettes-gourmandes-de-joce.fr\/wp-content\/uploads\/2021\/05\/verrines_fraises_kiwis_a_la_creme_vanillee_002-300x225.jpg\" alt=\"\" width=\"214\" height=\"160\" srcset=\"http:\/\/recettes-gourmandes-de-joce.fr\/wp-content\/uploads\/2021\/05\/verrines_fraises_kiwis_a_la_creme_vanillee_002-300x225.jpg 300w, http:\/\/recettes-gourmandes-de-joce.fr\/wp-content\/uploads\/2021\/05\/verrines_fraises_kiwis_a_la_creme_vanillee_002.jpg 550w\" sizes=\"auto, (max-width: 214px) 100vw, 214px\" \/> <img loading=\"lazy\" decoding=\"async\" class=\"alignnone wp-image-32949\" src=\"http:\/\/recettes-gourmandes-de-joce.fr\/wp-content\/uploads\/2021\/05\/verrines_fraises_kiwis_a_la_creme_vanillee_003-300x197.jpg\" alt=\"\" width=\"243\" height=\"160\" srcset=\"http:\/\/recettes-gourmandes-de-joce.fr\/wp-content\/uploads\/2021\/05\/verrines_fraises_kiwis_a_la_creme_vanillee_003-300x197.jpg 300w, http:\/\/recettes-gourmandes-de-joce.fr\/wp-content\/uploads\/2021\/05\/verrines_fraises_kiwis_a_la_creme_vanillee_003.jpg 550w\" sizes=\"auto, (max-width: 243px) 100vw, 243px\" \/><\/em><\/span><\/p>\n<p style=\"text-align: center;\"><span style=\"font-family: georgia, palatino, serif; font-size: 14pt; color: #990850;\"><em>Peler les kiwis et couper les en petits morceaux.\u00a0<\/em><em>Nettoyer les fraises et couper les \u00e9galement en morceaux.\u00a0<\/em><em>Verser les deux sachets de sucre vanill\u00e9 dans la cr\u00e8me\u00a0<\/em><em>et m\u00e9langer.\u00a0<\/em><em>R\u00e9partir les morceaux de kiwis au fond des verrines en\u00a0<\/em><em>tassant de fa\u00e7on \u00e0 ce que la cr\u00e8me ensuite ne glisse pas\u00a0<\/em><em>au fond.<\/em><\/span><\/p>\n<p style=\"text-align: center;\"><span style=\"font-family: georgia, palatino, serif; font-size: 14pt; color: #990850;\"><em><img loading=\"lazy\" decoding=\"async\" class=\"alignnone wp-image-32950\" src=\"http:\/\/recettes-gourmandes-de-joce.fr\/wp-content\/uploads\/2021\/05\/verrines_fraises_kiwis_a_la_creme_vanillee_004-300x215.jpg\" alt=\"\" width=\"223\" height=\"160\" srcset=\"http:\/\/recettes-gourmandes-de-joce.fr\/wp-content\/uploads\/2021\/05\/verrines_fraises_kiwis_a_la_creme_vanillee_004-300x215.jpg 300w, http:\/\/recettes-gourmandes-de-joce.fr\/wp-content\/uploads\/2021\/05\/verrines_fraises_kiwis_a_la_creme_vanillee_004.jpg 550w\" sizes=\"auto, (max-width: 223px) 100vw, 223px\" \/> <img loading=\"lazy\" decoding=\"async\" class=\"alignnone wp-image-32951\" src=\"http:\/\/recettes-gourmandes-de-joce.fr\/wp-content\/uploads\/2021\/05\/verrines_fraises_kiwis_a_la_creme_vanillee_005-300x211.jpg\" alt=\"\" width=\"228\" height=\"160\" srcset=\"http:\/\/recettes-gourmandes-de-joce.fr\/wp-content\/uploads\/2021\/05\/verrines_fraises_kiwis_a_la_creme_vanillee_005-300x211.jpg 300w, http:\/\/recettes-gourmandes-de-joce.fr\/wp-content\/uploads\/2021\/05\/verrines_fraises_kiwis_a_la_creme_vanillee_005.jpg 550w\" sizes=\"auto, (max-width: 228px) 100vw, 228px\" \/> <img loading=\"lazy\" decoding=\"async\" class=\"alignnone wp-image-32952\" src=\"http:\/\/recettes-gourmandes-de-joce.fr\/wp-content\/uploads\/2021\/05\/verrines_fraises_kiwis_a_la_creme_vanillee_006-300x225.jpg\" alt=\"\" width=\"214\" height=\"160\" srcset=\"http:\/\/recettes-gourmandes-de-joce.fr\/wp-content\/uploads\/2021\/05\/verrines_fraises_kiwis_a_la_creme_vanillee_006-300x225.jpg 300w, http:\/\/recettes-gourmandes-de-joce.fr\/wp-content\/uploads\/2021\/05\/verrines_fraises_kiwis_a_la_creme_vanillee_006.jpg 550w\" sizes=\"auto, (max-width: 214px) 100vw, 214px\" \/><\/em><\/span><\/p>\n<p style=\"text-align: center;\"><span style=\"font-family: georgia, palatino, serif; font-size: 14pt; color: #990850;\"><em>Ajouter deux c \u00e0 c de cr\u00e8me vanill\u00e9e par verrine<\/em><em>. R\u00e9partir les fraises et terminer par 1 c \u00e0 c de cr\u00e8me.<\/em><\/span><\/p>\n<p style=\"text-align: center;\"><span style=\"color: #990850;\"><em><img loading=\"lazy\" decoding=\"async\" class=\"alignnone wp-image-32942\" src=\"http:\/\/recettes-gourmandes-de-joce.fr\/wp-content\/uploads\/2021\/05\/verrines_fraises_kiwis_a_la_creme_vanillee_007-300x225.jpg\" alt=\"\" width=\"214\" height=\"160\" srcset=\"http:\/\/recettes-gourmandes-de-joce.fr\/wp-content\/uploads\/2021\/05\/verrines_fraises_kiwis_a_la_creme_vanillee_007-300x225.jpg 300w, http:\/\/recettes-gourmandes-de-joce.fr\/wp-content\/uploads\/2021\/05\/verrines_fraises_kiwis_a_la_creme_vanillee_007.jpg 550w\" sizes=\"auto, (max-width: 214px) 100vw, 214px\" \/> <img loading=\"lazy\" decoding=\"async\" class=\"alignnone wp-image-32956\" src=\"http:\/\/recettes-gourmandes-de-joce.fr\/wp-content\/uploads\/2021\/05\/petites_cuilleres_en_chocolat_001-300x225.jpg\" alt=\"\" width=\"214\" height=\"160\" srcset=\"http:\/\/recettes-gourmandes-de-joce.fr\/wp-content\/uploads\/2021\/05\/petites_cuilleres_en_chocolat_001-300x225.jpg 300w, http:\/\/recettes-gourmandes-de-joce.fr\/wp-content\/uploads\/2021\/05\/petites_cuilleres_en_chocolat_001.jpg 550w\" sizes=\"auto, (max-width: 214px) 100vw, 214px\" \/> <img loading=\"lazy\" decoding=\"async\" class=\"alignnone wp-image-32944\" src=\"http:\/\/recettes-gourmandes-de-joce.fr\/wp-content\/uploads\/2021\/05\/verrines_fraises_kiwis_a_la_creme_vanillee_012-300x209.jpg\" alt=\"\" width=\"230\" height=\"160\" srcset=\"http:\/\/recettes-gourmandes-de-joce.fr\/wp-content\/uploads\/2021\/05\/verrines_fraises_kiwis_a_la_creme_vanillee_012-300x209.jpg 300w, http:\/\/recettes-gourmandes-de-joce.fr\/wp-content\/uploads\/2021\/05\/verrines_fraises_kiwis_a_la_creme_vanillee_012.jpg 550w\" sizes=\"auto, (max-width: 230px) 100vw, 230px\" \/><\/em><\/span><\/p>\n<p style=\"text-align: center;\"><span style=\"color: #990850;\"><em><span style=\"font-family: georgia, palatino, serif; font-size: 14pt;\">Emietter les sp\u00e9culos et r\u00e9partir sur les verrines les mettre au frais 1h et les servir avec leur cuill\u00e8re. Faire fondre le chocolat au micro-ondes environ 1mn 30 \u00e0 pleine puissance, remuer et r\u00e9partir dans les moules.<\/span><\/em><\/span><\/p>\n<p style=\"text-align: center;\"><span style=\"color: #990850;\"><em><span style=\"font-family: georgia, palatino, serif; font-size: 14pt;\">Mettre \u00e0 durcir 1h au r\u00e9frig\u00e9rateur puis d\u00e9mouler , prendre soin d&rsquo;entourer la queue de la cuill\u00e8re en chocolat de papier d&rsquo;alu afin qu&rsquo;elle ne fonde pas dans les mains avant de servir, je les ai servies en trio de desserts dans des assiettes individuelles.<\/span><\/em><\/span><\/p>\n<p style=\"text-align: center;\"><span style=\"color: #990850;\"><em>Bonne <span style=\"font-family: georgia, palatino, serif;\"><span style=\"font-size: 18.6667px;\">d\u00e9gustation<\/span><\/span>!<\/em><\/span><\/p>\n<p style=\"text-align: center;\"><span style=\"color: #990850;\"><em><img loading=\"lazy\" decoding=\"async\" class=\"alignnone wp-image-32955\" src=\"http:\/\/recettes-gourmandes-de-joce.fr\/wp-content\/uploads\/2021\/05\/trio_de_desserts_en_assiette_individuelle_003-300x211.jpg\" alt=\"\" width=\"256\" height=\"180\" srcset=\"http:\/\/recettes-gourmandes-de-joce.fr\/wp-content\/uploads\/2021\/05\/trio_de_desserts_en_assiette_individuelle_003-300x211.jpg 300w, http:\/\/recettes-gourmandes-de-joce.fr\/wp-content\/uploads\/2021\/05\/trio_de_desserts_en_assiette_individuelle_003.jpg 550w\" sizes=\"auto, (max-width: 256px) 100vw, 256px\" \/> <img loading=\"lazy\" decoding=\"async\" class=\"alignnone wp-image-32947\" src=\"http:\/\/recettes-gourmandes-de-joce.fr\/wp-content\/uploads\/2021\/05\/verrines_fraises_kiwis_a_la_creme_vanillee_01-300x213.jpg\" alt=\"\" width=\"254\" height=\"180\" srcset=\"http:\/\/recettes-gourmandes-de-joce.fr\/wp-content\/uploads\/2021\/05\/verrines_fraises_kiwis_a_la_creme_vanillee_01-300x213.jpg 300w, http:\/\/recettes-gourmandes-de-joce.fr\/wp-content\/uploads\/2021\/05\/verrines_fraises_kiwis_a_la_creme_vanillee_01.jpg 550w\" sizes=\"auto, (max-width: 254px) 100vw, 254px\" \/> <\/em><img loading=\"lazy\" decoding=\"async\" class=\"alignnone wp-image-32954\" src=\"http:\/\/recettes-gourmandes-de-joce.fr\/wp-content\/uploads\/2021\/05\/trio_de_desserts_en_assiette_individuelle_002-300x208.jpg\" alt=\"\" width=\"260\" height=\"180\" srcset=\"http:\/\/recettes-gourmandes-de-joce.fr\/wp-content\/uploads\/2021\/05\/trio_de_desserts_en_assiette_individuelle_002-300x208.jpg 300w, http:\/\/recettes-gourmandes-de-joce.fr\/wp-content\/uploads\/2021\/05\/trio_de_desserts_en_assiette_individuelle_002.jpg 550w\" sizes=\"auto, (max-width: 260px) 100vw, 260px\" \/><\/span><\/p>\n<p style=\"text-align: center;\"><span style=\"color: #990850;\"><img loading=\"lazy\" decoding=\"async\" class=\"alignnone wp-image-24317 size-full\" src=\"http:\/\/recettes-gourmandes-de-joce.fr\/wp-content\/uploads\/2020\/07\/logitech-gaming-software-14112014-121223.jpg\" alt=\"\" width=\"640\" height=\"144\" srcset=\"http:\/\/recettes-gourmandes-de-joce.fr\/wp-content\/uploads\/2020\/07\/logitech-gaming-software-14112014-121223.jpg 640w, http:\/\/recettes-gourmandes-de-joce.fr\/wp-content\/uploads\/2020\/07\/logitech-gaming-software-14112014-121223-300x68.jpg 300w\" sizes=\"auto, (max-width: 640px) 100vw, 640px\" \/><\/span><\/p>\n<p><span style=\"font-family: georgia, palatino, serif; font-size: 14pt;\"><strong><em>\u00a0<\/em><\/strong><\/span><\/p>\n<\/div>\n<\/div>\n<\/div>\n<\/div>\n<\/div>\n<\/div>\n<\/div>\n","protected":false},"excerpt":{"rendered":"<p>Une de mes recettes Ingr\u00e9dients pour 10 verrines \u00a0 5 kiwis 250 g de fraises 200 g de cr\u00e8me \u00e9paisse 2 sachets de sucre vanill\u00e9 4 sp\u00e9culos Pour 10 cuill\u00e8res 120 g de chocolat \u00e0 cuire Recette de la cr\u00e8me dessert au chocolat sur ce lien -&gt;\u00a0Cr\u00e8me dessert au chocolat Recette du mini crumble pommes\/mandarines &hellip; <\/p>\n<p><a class=\"more-link btn\" href=\"http:\/\/recettes-gourmandes-de-joce.fr\/index.php\/index\/desserts\/fruits\/verrines-fraises-kiwis-a-la-creme-vanillee-et-cuilleres-en-chocolat\/\">Lire la suite<\/a><\/p>\n","protected":false},"author":2,"featured_media":87430,"parent":173,"menu_order":0,"comment_status":"open","ping_status":"closed","template":"","meta":{"footnotes":""},"class_list":["post-32953","page","type-page","status-publish","has-post-thumbnail","hentry","nodate","item-wrap"],"_links":{"self":[{"href":"http:\/\/recettes-gourmandes-de-joce.fr\/index.php\/wp-json\/wp\/v2\/pages\/32953","targetHints":{"allow":["GET"]}}],"collection":[{"href":"http:\/\/recettes-gourmandes-de-joce.fr\/index.php\/wp-json\/wp\/v2\/pages"}],"about":[{"href":"http:\/\/recettes-gourmandes-de-joce.fr\/index.php\/wp-json\/wp\/v2\/types\/page"}],"author":[{"embeddable":true,"href":"http:\/\/recettes-gourmandes-de-joce.fr\/index.php\/wp-json\/wp\/v2\/users\/2"}],"replies":[{"embeddable":true,"href":"http:\/\/recettes-gourmandes-de-joce.fr\/index.php\/wp-json\/wp\/v2\/comments?post=32953"}],"version-history":[{"count":4,"href":"http:\/\/recettes-gourmandes-de-joce.fr\/index.php\/wp-json\/wp\/v2\/pages\/32953\/revisions"}],"predecessor-version":[{"id":87432,"href":"http:\/\/recettes-gourmandes-de-joce.fr\/index.php\/wp-json\/wp\/v2\/pages\/32953\/revisions\/87432"}],"up":[{"embeddable":true,"href":"http:\/\/recettes-gourmandes-de-joce.fr\/index.php\/wp-json\/wp\/v2\/pages\/173"}],"wp:featuredmedia":[{"embeddable":true,"href":"http:\/\/recettes-gourmandes-de-joce.fr\/index.php\/wp-json\/wp\/v2\/media\/87430"}],"wp:attachment":[{"href":"http:\/\/recettes-gourmandes-de-joce.fr\/index.php\/wp-json\/wp\/v2\/media?parent=32953"}],"curies":[{"name":"wp","href":"https:\/\/api.w.org\/{rel}","templated":true}]}}