{"id":32871,"date":"2021-05-29T13:04:59","date_gmt":"2021-05-29T13:04:59","guid":{"rendered":"http:\/\/recettes-gourmandes-de-joce.fr\/?page_id=32871"},"modified":"2024-06-21T14:10:20","modified_gmt":"2024-06-21T14:10:20","slug":"poulet-au-barbecue-aux-herbes-ail-et-oignons","status":"publish","type":"page","link":"http:\/\/recettes-gourmandes-de-joce.fr\/index.php\/index\/viandes\/barbecue-plancha\/poulet-au-barbecue-aux-herbes-ail-et-oignons\/","title":{"rendered":"Cuisses de poulet au barbecue farcies sous peau aux herbes, ail et oignons"},"content":{"rendered":"<div id=\"rows\" class=\"clearfix\">\n<div class=\"row-container page_1\">\n<div class=\"row-content\">\n<div class=\"row\">\n<div class=\"column\">\n<div class=\"column-content\">\n<div class=\"clearfix\">\n<p style=\"text-align: center;\"><span style=\"text-decoration: underline; font-size: 18pt; color: #993300;\"><span style=\"font-family: georgia, palatino, serif;\"><em>Une de mes recettes<\/em><\/span><\/span><\/p>\n<p style=\"text-align: center;\"><span style=\"color: #993300;\"><img loading=\"lazy\" decoding=\"async\" class=\"alignnone wp-image-32860\" src=\"http:\/\/recettes-gourmandes-de-joce.fr\/wp-content\/uploads\/2021\/05\/P4200064-300x191.jpg\" alt=\"\" width=\"283\" height=\"180\" srcset=\"http:\/\/recettes-gourmandes-de-joce.fr\/wp-content\/uploads\/2021\/05\/P4200064-300x191.jpg 300w, http:\/\/recettes-gourmandes-de-joce.fr\/wp-content\/uploads\/2021\/05\/P4200064.jpg 545w\" sizes=\"auto, (max-width: 283px) 100vw, 283px\" \/> <img loading=\"lazy\" decoding=\"async\" class=\"alignnone wp-image-32859\" src=\"http:\/\/recettes-gourmandes-de-joce.fr\/wp-content\/uploads\/2021\/05\/P4200062-300x177.jpg\" alt=\"\" width=\"306\" height=\"180\" srcset=\"http:\/\/recettes-gourmandes-de-joce.fr\/wp-content\/uploads\/2021\/05\/P4200062-300x177.jpg 300w, http:\/\/recettes-gourmandes-de-joce.fr\/wp-content\/uploads\/2021\/05\/P4200062.jpg 547w\" sizes=\"auto, (max-width: 306px) 100vw, 306px\" \/><img loading=\"lazy\" decoding=\"async\" class=\"alignnone wp-image-32870\" src=\"http:\/\/recettes-gourmandes-de-joce.fr\/wp-content\/uploads\/2021\/05\/P4200061-300x212.jpg\" alt=\"\" width=\"255\" height=\"180\" srcset=\"http:\/\/recettes-gourmandes-de-joce.fr\/wp-content\/uploads\/2021\/05\/P4200061-300x212.jpg 300w, http:\/\/recettes-gourmandes-de-joce.fr\/wp-content\/uploads\/2021\/05\/P4200061.jpg 547w\" sizes=\"auto, (max-width: 255px) 100vw, 255px\" \/><\/span><\/p>\n<p style=\"text-align: center;\"><span style=\"text-decoration: underline; font-size: 18pt; color: #993300;\"><span style=\"font-family: georgia, palatino, serif;\"><em>Ingr\u00e9dient pour 4 cuisses de poulet<\/em><\/span><\/span><\/p>\n<p style=\"text-align: center;\"><span style=\"color: #993300;\"><img loading=\"lazy\" decoding=\"async\" class=\"alignnone wp-image-32861\" src=\"http:\/\/recettes-gourmandes-de-joce.fr\/wp-content\/uploads\/2021\/05\/P4200030-300x218.jpg\" alt=\"\" width=\"275\" height=\"200\" srcset=\"http:\/\/recettes-gourmandes-de-joce.fr\/wp-content\/uploads\/2021\/05\/P4200030-300x218.jpg 300w, http:\/\/recettes-gourmandes-de-joce.fr\/wp-content\/uploads\/2021\/05\/P4200030.jpg 549w\" sizes=\"auto, (max-width: 275px) 100vw, 275px\" \/><\/span><\/p>\n<p style=\"text-align: center;\"><span style=\"font-family: georgia, palatino, serif; font-size: 14pt; color: #993300;\"><em>4 cuisses de poulet<\/em><\/span><\/p>\n<p style=\"text-align: center;\"><span style=\"font-family: georgia, palatino, serif; font-size: 14pt; color: #993300;\"><em>3 tiges de cive<\/em><\/span><\/p>\n<p style=\"text-align: center;\"><span style=\"font-family: georgia, palatino, serif; font-size: 14pt; color: #993300;\"><em>1 petit bouquet de persil plat<\/em><\/span><\/p>\n<p style=\"text-align: center;\"><span style=\"font-family: georgia, palatino, serif; font-size: 14pt; color: #993300;\"><em>3 belles gousses d&rsquo;ail<\/em><\/span><\/p>\n<p style=\"text-align: center;\"><span style=\"font-family: georgia, palatino, serif; font-size: 14pt; color: #993300;\"><em>1 petit oignon<\/em><\/span><\/p>\n<p style=\"text-align: center;\"><span style=\"font-family: georgia, palatino, serif; font-size: 14pt; color: #993300;\"><em>2 branches de thym citron<\/em><\/span><\/p>\n<p style=\"text-align: center;\"><span style=\"font-family: georgia, palatino, serif; font-size: 14pt; color: #993300;\"><em>1 c \u00e0 s de moutarde<\/em><\/span><\/p>\n<p style=\"text-align: center;\"><span style=\"font-family: georgia, palatino, serif; font-size: 14pt; color: #993300;\"><em>2 c \u00e0 s d&rsquo;huile d&rsquo;olive<\/em><\/span><\/p>\n<p style=\"text-align: center;\"><span style=\"font-family: georgia, palatino, serif; font-size: 14pt; color: #993300;\"><em>Sel et poivre<\/em><\/span><\/p>\n<p style=\"text-align: center;\"><span style=\"font-size: 14pt; color: #993300;\"><img loading=\"lazy\" decoding=\"async\" class=\"alignnone wp-image-32862\" src=\"http:\/\/recettes-gourmandes-de-joce.fr\/wp-content\/uploads\/2021\/05\/P4200031-300x183.jpg\" alt=\"\" width=\"262\" height=\"160\" srcset=\"http:\/\/recettes-gourmandes-de-joce.fr\/wp-content\/uploads\/2021\/05\/P4200031-300x183.jpg 300w, http:\/\/recettes-gourmandes-de-joce.fr\/wp-content\/uploads\/2021\/05\/P4200031.jpg 538w\" sizes=\"auto, (max-width: 262px) 100vw, 262px\" \/> <img loading=\"lazy\" decoding=\"async\" class=\"alignnone wp-image-32872\" src=\"http:\/\/recettes-gourmandes-de-joce.fr\/wp-content\/uploads\/2021\/05\/P4200033-300x241.jpg\" alt=\"\" width=\"199\" height=\"160\" srcset=\"http:\/\/recettes-gourmandes-de-joce.fr\/wp-content\/uploads\/2021\/05\/P4200033-300x241.jpg 300w, http:\/\/recettes-gourmandes-de-joce.fr\/wp-content\/uploads\/2021\/05\/P4200033.jpg 487w\" sizes=\"auto, (max-width: 199px) 100vw, 199px\" \/> <img loading=\"lazy\" decoding=\"async\" class=\"alignnone wp-image-32864\" src=\"http:\/\/recettes-gourmandes-de-joce.fr\/wp-content\/uploads\/2021\/05\/P4200034-300x190.jpg\" alt=\"\" width=\"253\" height=\"160\" srcset=\"http:\/\/recettes-gourmandes-de-joce.fr\/wp-content\/uploads\/2021\/05\/P4200034-300x190.jpg 300w, http:\/\/recettes-gourmandes-de-joce.fr\/wp-content\/uploads\/2021\/05\/P4200034.jpg 528w\" sizes=\"auto, (max-width: 253px) 100vw, 253px\" \/>\u00a0<\/span><\/p>\n<p style=\"text-align: center;\"><span style=\"font-size: 14pt; color: #993300;\"><em><span style=\"font-family: georgia, palatino, serif;\">Laver les herbes aromatiques <\/span><\/em><em style=\"font-family: georgia, palatino, serif;\">les hacher grossi\u00e8rement<\/em><em><span style=\"font-family: georgia, palatino, serif;\">,<\/span><\/em><em style=\"font-family: georgia, palatino, serif;\"> peler et d\u00e9germer les gousses d&rsquo;ail,\u00a0 <\/em><em style=\"font-family: georgia, palatino, serif;\">\u00a0<\/em><em style=\"font-family: georgia, palatino, serif;\">peler et couper grossi\u00e8rement l&rsquo;oignon.<\/em><\/span><\/p>\n<p style=\"text-align: center;\"><span style=\"font-family: georgia, palatino, serif; font-size: 14pt; color: #993300;\"><em><img loading=\"lazy\" decoding=\"async\" class=\"alignnone wp-image-32863\" src=\"http:\/\/recettes-gourmandes-de-joce.fr\/wp-content\/uploads\/2021\/05\/P4200032-300x219.jpg\" alt=\"\" width=\"219\" height=\"160\" srcset=\"http:\/\/recettes-gourmandes-de-joce.fr\/wp-content\/uploads\/2021\/05\/P4200032-300x219.jpg 300w, http:\/\/recettes-gourmandes-de-joce.fr\/wp-content\/uploads\/2021\/05\/P4200032.jpg 511w\" sizes=\"auto, (max-width: 219px) 100vw, 219px\" \/> <img loading=\"lazy\" decoding=\"async\" class=\"alignnone wp-image-32865\" src=\"http:\/\/recettes-gourmandes-de-joce.fr\/wp-content\/uploads\/2021\/05\/P4200036-300x239.jpg\" alt=\"\" width=\"201\" height=\"160\" srcset=\"http:\/\/recettes-gourmandes-de-joce.fr\/wp-content\/uploads\/2021\/05\/P4200036-300x239.jpg 300w, http:\/\/recettes-gourmandes-de-joce.fr\/wp-content\/uploads\/2021\/05\/P4200036.jpg 478w\" sizes=\"auto, (max-width: 201px) 100vw, 201px\" \/> <img loading=\"lazy\" decoding=\"async\" class=\"alignnone wp-image-32866\" src=\"http:\/\/recettes-gourmandes-de-joce.fr\/wp-content\/uploads\/2021\/05\/P4200038-300x212.jpg\" alt=\"\" width=\"227\" height=\"160\" srcset=\"http:\/\/recettes-gourmandes-de-joce.fr\/wp-content\/uploads\/2021\/05\/P4200038-300x212.jpg 300w, http:\/\/recettes-gourmandes-de-joce.fr\/wp-content\/uploads\/2021\/05\/P4200038.jpg 543w\" sizes=\"auto, (max-width: 227px) 100vw, 227px\" \/><\/em><\/span><\/p>\n<p style=\"text-align: center;\"><span style=\"font-family: georgia, palatino, serif; font-size: 14pt; color: #993300;\"><em>\u00a0Ajouter le tout dans le bol du robot,\u00a0 l&rsquo;ajouter aussi, mettre l&rsquo;huile d&rsquo;olive et la moutarde, saler et poivrer. <\/em><\/span><em style=\"color: #993300; font-family: georgia, palatino, serif; font-size: 18.6667px;\">Mixer finement.<\/em><\/p>\n<p style=\"text-align: center;\"><span style=\"font-family: georgia, palatino, serif; font-size: 14pt; color: #993300;\"><em><img loading=\"lazy\" decoding=\"async\" class=\"alignnone wp-image-32867\" src=\"http:\/\/recettes-gourmandes-de-joce.fr\/wp-content\/uploads\/2021\/05\/P4200039-300x226.jpg\" alt=\"\" width=\"212\" height=\"160\" srcset=\"http:\/\/recettes-gourmandes-de-joce.fr\/wp-content\/uploads\/2021\/05\/P4200039-300x226.jpg 300w, http:\/\/recettes-gourmandes-de-joce.fr\/wp-content\/uploads\/2021\/05\/P4200039.jpg 471w\" sizes=\"auto, (max-width: 212px) 100vw, 212px\" \/> <img loading=\"lazy\" decoding=\"async\" class=\"alignnone wp-image-32868\" src=\"http:\/\/recettes-gourmandes-de-joce.fr\/wp-content\/uploads\/2021\/05\/P4200040-300x211.jpg\" alt=\"\" width=\"228\" height=\"160\" srcset=\"http:\/\/recettes-gourmandes-de-joce.fr\/wp-content\/uploads\/2021\/05\/P4200040-300x211.jpg 300w, http:\/\/recettes-gourmandes-de-joce.fr\/wp-content\/uploads\/2021\/05\/P4200040.jpg 545w\" sizes=\"auto, (max-width: 228px) 100vw, 228px\" \/> <img loading=\"lazy\" decoding=\"async\" class=\"alignnone wp-image-31819\" src=\"http:\/\/recettes-gourmandes-de-joce.fr\/wp-content\/uploads\/2021\/05\/20150412_181502-284x300.jpg\" alt=\"\" width=\"152\" height=\"160\" srcset=\"http:\/\/recettes-gourmandes-de-joce.fr\/wp-content\/uploads\/2021\/05\/20150412_181502-284x300.jpg 284w, http:\/\/recettes-gourmandes-de-joce.fr\/wp-content\/uploads\/2021\/05\/20150412_181502-750x792.jpg 750w, http:\/\/recettes-gourmandes-de-joce.fr\/wp-content\/uploads\/2021\/05\/20150412_181502.jpg 758w\" sizes=\"auto, (max-width: 152px) 100vw, 152px\" \/><\/em><\/span><\/p>\n<p style=\"text-align: center;\"><span style=\"font-size: 14pt; color: #993300;\"><span style=\"font-family: georgia, palatino, serif;\"><em><span style=\"color: #993300; font-family: georgia, palatino, serif;\"><span style=\"font-size: 14pt;\">\u00a0<\/span><span style=\"font-size: 18.6667px;\">D\u00e9coller<\/span><span style=\"font-size: 14pt;\">\u00a0la peau des cuisses de poulet et remplir d&rsquo;une c \u00e0 s de m\u00e9lange aux herbes, entreposer les cuisses dans un\u00a0 plat et laisser mac\u00e9rer environ 2 h au r\u00e9frig\u00e9rateur. <\/span><\/span><\/em><\/span><em style=\"font-family: georgia, palatino, serif;\">Allumer ensuite le barbecue.<\/em><\/span><\/p>\n<p style=\"text-align: center;\"><span style=\"font-size: 14pt; color: #993300;\"><img loading=\"lazy\" decoding=\"async\" class=\"alignnone wp-image-32869\" src=\"http:\/\/recettes-gourmandes-de-joce.fr\/wp-content\/uploads\/2021\/05\/P4200058-300x204.jpg\" alt=\"\" width=\"235\" height=\"160\" srcset=\"http:\/\/recettes-gourmandes-de-joce.fr\/wp-content\/uploads\/2021\/05\/P4200058-300x204.jpg 300w, http:\/\/recettes-gourmandes-de-joce.fr\/wp-content\/uploads\/2021\/05\/P4200058.jpg 538w\" sizes=\"auto, (max-width: 235px) 100vw, 235px\" \/><\/span><\/p>\n<p style=\"text-align: center;\"><span style=\"font-size: 14pt; color: #993300;\"><span style=\"font-family: georgia, palatino, serif;\"><em>Lorsque les braises sont bonnes cuire les <\/em><\/span><em style=\"font-family: georgia, palatino, serif;\">cuisses en les retournant souvent. <\/em><\/span><\/p>\n<p style=\"text-align: center;\"><span style=\"font-size: 14pt; color: #993300;\"><em style=\"font-family: georgia, palatino, serif;\">Vous pouvez par temps de pluie enfourner ce poulet \u00e0 200\u00b0 environ 45 minutes selon les fours et la grosseur des morceaux. Accompagnez l\u00e8s<\/em><span style=\"font-family: georgia, palatino, serif;\"><em>\u00a0de pommes de terre r\u00f4ties par exemple!<\/em><\/span><\/span><\/p>\n<p style=\"text-align: center;\"><span style=\"font-family: georgia, palatino, serif; font-size: 14pt; color: #993300;\"><em>Bon app\u00e9tit!<\/em><\/span><\/p>\n<p style=\"text-align: center;\"><span style=\"font-family: georgia, palatino, serif; color: #993300;\"><em><img loading=\"lazy\" decoding=\"async\" class=\"alignnone wp-image-32870\" src=\"http:\/\/recettes-gourmandes-de-joce.fr\/wp-content\/uploads\/2021\/05\/P4200061-300x212.jpg\" alt=\"\" width=\"255\" height=\"180\" srcset=\"http:\/\/recettes-gourmandes-de-joce.fr\/wp-content\/uploads\/2021\/05\/P4200061-300x212.jpg 300w, http:\/\/recettes-gourmandes-de-joce.fr\/wp-content\/uploads\/2021\/05\/P4200061.jpg 547w\" sizes=\"auto, (max-width: 255px) 100vw, 255px\" \/><\/em><\/span><\/p>\n<p style=\"text-align: center;\"><span style=\"font-family: georgia, palatino, serif; color: #993300;\"><em> <img loading=\"lazy\" decoding=\"async\" class=\"alignnone wp-image-32860\" src=\"http:\/\/recettes-gourmandes-de-joce.fr\/wp-content\/uploads\/2021\/05\/P4200064-300x191.jpg\" alt=\"\" width=\"283\" height=\"180\" srcset=\"http:\/\/recettes-gourmandes-de-joce.fr\/wp-content\/uploads\/2021\/05\/P4200064-300x191.jpg 300w, http:\/\/recettes-gourmandes-de-joce.fr\/wp-content\/uploads\/2021\/05\/P4200064.jpg 545w\" sizes=\"auto, (max-width: 283px) 100vw, 283px\" \/> <img loading=\"lazy\" decoding=\"async\" class=\"alignnone wp-image-32859\" src=\"http:\/\/recettes-gourmandes-de-joce.fr\/wp-content\/uploads\/2021\/05\/P4200062-300x177.jpg\" alt=\"\" width=\"306\" height=\"180\" srcset=\"http:\/\/recettes-gourmandes-de-joce.fr\/wp-content\/uploads\/2021\/05\/P4200062-300x177.jpg 300w, http:\/\/recettes-gourmandes-de-joce.fr\/wp-content\/uploads\/2021\/05\/P4200062.jpg 547w\" sizes=\"auto, (max-width: 306px) 100vw, 306px\" \/>\u00a0<\/em><\/span><\/p>\n<p style=\"text-align: center;\"><span style=\"color: #993300;\"><span style=\"font-family: georgia, palatino, serif;\"><em> <img loading=\"lazy\" decoding=\"async\" class=\"alignnone wp-image-24317 size-full\" src=\"http:\/\/recettes-gourmandes-de-joce.fr\/wp-content\/uploads\/2020\/07\/logitech-gaming-software-14112014-121223.jpg\" alt=\"\" width=\"640\" height=\"144\" srcset=\"http:\/\/recettes-gourmandes-de-joce.fr\/wp-content\/uploads\/2020\/07\/logitech-gaming-software-14112014-121223.jpg 640w, http:\/\/recettes-gourmandes-de-joce.fr\/wp-content\/uploads\/2020\/07\/logitech-gaming-software-14112014-121223-300x68.jpg 300w\" sizes=\"auto, (max-width: 640px) 100vw, 640px\" \/><\/em><\/span><span style=\"font-family: georgia, palatino, serif;\"><em>\u00a0<\/em><\/span><span style=\"font-family: georgia, palatino, serif;\"><em>\u00a0<\/em><\/span><\/span><\/p>\n<\/div>\n<\/div>\n<\/div>\n<\/div>\n<\/div>\n<\/div>\n<\/div>\n<div class=\"plugins\">\n<div id=\"comments-pages\" class=\"plugin plugin-comments\">\n<p style=\"text-align: left;\"><span style=\"font-family: georgia, palatino, serif; color: #000000;\">Commentaires\u00a0<small>(3)<\/small><\/span><\/p>\n<div class=\"items-container\">\n<div class=\"pull-left\"><span style=\"font-family: georgia, palatino, serif; color: #000000;\"><img decoding=\"async\" class=\"media-object\" src=\"https:\/\/www.gravatar.com\/avatar\/fb403abbbf0d9187f8f5730b407c3cea?d=http%3A%2F%2Frecettesgourmandesdejoce.e-monsite.com%2Fmedias%2Fstatic%2Fmanager%2Fim%2Favatar.png?s=50&amp;d=mm\" alt=\"amandine\" width=\"50\" \/><\/span><\/div>\n<div class=\"media-body\">\n<ul class=\"inline item-infos\">\n<li><span style=\"font-family: georgia, palatino, serif; color: #000000;\"><span class=\"comment-number\">1.<\/span>\u00a0<span class=\"comment-author\">amandine<\/span>\u00a0<span class=\"comment-date\">| 22\/06\/2014<\/span><\/span><\/li>\n<\/ul>\n<div class=\"comment-content\"><span style=\"font-family: georgia, palatino, serif; color: #000000;\">une recette toute simple qui donne l eau a la bouche et de saison !!! merci joce !\u00a0<img decoding=\"async\" src=\"http:\/\/recettesgourmandesdejoce.e-monsite.com\/medias\/static\/themes\/smileys\/51.png\" alt=\"\" \/><\/span><\/div>\n<div class=\"item item-comment media by-webmaster\">\n<div class=\"pull-left\"><span style=\"font-family: georgia, palatino, serif; color: #000000;\"><img decoding=\"async\" class=\"media-object\" src=\"http:\/\/recettesgourmandesdejoce.e-monsite.com\/medias\/static\/manager\/im\/avatar.png?fx=c_50_50\" alt=\"jocelyne debon\" width=\"50\" \/><\/span><\/div>\n<div class=\"media-body\">\n<ul class=\"inline item-infos\">\n<li><span style=\"font-family: georgia, palatino, serif; color: #000000;\"><span class=\"comment-author\">jocelyne debon<\/span>\u00a0<span class=\"comment-date\">| 22\/06\/2014<\/span><\/span><\/li>\n<\/ul>\n<div class=\"comment-content\"><span style=\"font-family: georgia, palatino, serif; color: #000000;\">De rien avec plaisir, Merci pour le compliment Bonne soir\u00e9e Amicalement Joce<\/span><\/div>\n<\/div>\n<\/div>\n<\/div>\n<div class=\"item item-comment media\">\n<p class=\"pull-left\" style=\"text-align: left;\"><span style=\"font-family: georgia, palatino, serif; color: #000000;\"><img decoding=\"async\" class=\"media-object\" src=\"https:\/\/www.gravatar.com\/avatar\/4c6c948ac477a4406997288c001556e8?d=http%3A%2F%2Frecettesgourmandesdejoce.e-monsite.com%2Fmedias%2Fstatic%2Fmanager%2Fim%2Favatar.png?s=50&amp;d=mm\" alt=\"Nik\" width=\"50\" \/><\/span><\/p>\n<div class=\"media-body\">\n<ul class=\"inline item-infos\" style=\"text-align: left;\">\n<li><span style=\"font-family: georgia, palatino, serif; color: #000000;\"><span class=\"comment-number\">2.<\/span>\u00a0<span class=\"comment-author\">Nik\u00a0(<a style=\"color: #000000;\" rel=\"nofollow\">site web<\/a>)<\/span>\u00a0<span class=\"comment-date\">| 21\/04\/2011<\/span><\/span><\/li>\n<\/ul>\n<p class=\"comment-content\" style=\"text-align: left;\"><span style=\"font-family: georgia, palatino, serif; color: #000000;\">Oh mais \u00e7a a l&rsquo;air extra \u00e7a !!<\/span><br \/>\n<span style=\"font-family: georgia, palatino, serif; color: #000000;\">Je prends; hop la hihi<\/span><br \/>\n<span style=\"font-family: georgia, palatino, serif; color: #000000;\">Biz et merci<\/span><br \/>\n<span style=\"font-family: georgia, palatino, serif; color: #000000;\">Nik<\/span><\/p>\n<\/div>\n<\/div>\n<\/div>\n<\/div>\n<\/div>\n","protected":false},"excerpt":{"rendered":"<p>Une de mes recettes Ingr\u00e9dient pour 4 cuisses de poulet 4 cuisses de poulet 3 tiges de cive 1 petit bouquet de persil plat 3 belles gousses d&rsquo;ail 1 petit oignon 2 branches de thym citron 1 c \u00e0 s de moutarde 2 c \u00e0 s d&rsquo;huile d&rsquo;olive Sel et poivre \u00a0 Laver les herbes &hellip; <\/p>\n<p><a class=\"more-link btn\" href=\"http:\/\/recettes-gourmandes-de-joce.fr\/index.php\/index\/viandes\/barbecue-plancha\/poulet-au-barbecue-aux-herbes-ail-et-oignons\/\">Lire la suite<\/a><\/p>\n","protected":false},"author":2,"featured_media":84605,"parent":154,"menu_order":0,"comment_status":"open","ping_status":"closed","template":"","meta":{"footnotes":""},"class_list":["post-32871","page","type-page","status-publish","has-post-thumbnail","hentry","nodate","item-wrap"],"_links":{"self":[{"href":"http:\/\/recettes-gourmandes-de-joce.fr\/index.php\/wp-json\/wp\/v2\/pages\/32871","targetHints":{"allow":["GET"]}}],"collection":[{"href":"http:\/\/recettes-gourmandes-de-joce.fr\/index.php\/wp-json\/wp\/v2\/pages"}],"about":[{"href":"http:\/\/recettes-gourmandes-de-joce.fr\/index.php\/wp-json\/wp\/v2\/types\/page"}],"author":[{"embeddable":true,"href":"http:\/\/recettes-gourmandes-de-joce.fr\/index.php\/wp-json\/wp\/v2\/users\/2"}],"replies":[{"embeddable":true,"href":"http:\/\/recettes-gourmandes-de-joce.fr\/index.php\/wp-json\/wp\/v2\/comments?post=32871"}],"version-history":[{"count":5,"href":"http:\/\/recettes-gourmandes-de-joce.fr\/index.php\/wp-json\/wp\/v2\/pages\/32871\/revisions"}],"predecessor-version":[{"id":84606,"href":"http:\/\/recettes-gourmandes-de-joce.fr\/index.php\/wp-json\/wp\/v2\/pages\/32871\/revisions\/84606"}],"up":[{"embeddable":true,"href":"http:\/\/recettes-gourmandes-de-joce.fr\/index.php\/wp-json\/wp\/v2\/pages\/154"}],"wp:featuredmedia":[{"embeddable":true,"href":"http:\/\/recettes-gourmandes-de-joce.fr\/index.php\/wp-json\/wp\/v2\/media\/84605"}],"wp:attachment":[{"href":"http:\/\/recettes-gourmandes-de-joce.fr\/index.php\/wp-json\/wp\/v2\/media?parent=32871"}],"curies":[{"name":"wp","href":"https:\/\/api.w.org\/{rel}","templated":true}]}}