{"id":3283,"date":"2019-10-05T18:10:02","date_gmt":"2019-10-05T18:10:02","guid":{"rendered":"http:\/\/recettes-gourmandes-de-joce.fr\/?page_id=3283"},"modified":"2024-06-20T11:17:47","modified_gmt":"2024-06-20T11:17:47","slug":"salade-de-pommes-de-terre-type-piemontaise-aux-olives","status":"publish","type":"page","link":"http:\/\/recettes-gourmandes-de-joce.fr\/index.php\/index\/entrees\/salades-crudites\/salade-de-pommes-de-terre-type-piemontaise-aux-olives\/","title":{"rendered":"Salade de pommes de terre aux olives, jambon et mayonnaise."},"content":{"rendered":"<p style=\"text-align: center;\"><span style=\"color: #008000; text-decoration: underline; font-family: georgia, palatino, serif;\"><em><span style=\"font-size: x-large;\">Une de mes recettes<\/span><\/em><\/span><\/p>\n<p style=\"text-align: center;\"><span style=\"font-family: georgia, palatino, serif;\">\u00a0\u00a0<img loading=\"lazy\" decoding=\"async\" class=\"alignnone wp-image-49759\" src=\"http:\/\/recettes-gourmandes-de-joce.fr\/wp-content\/uploads\/2023\/04\/piemontaise-olives19-300x183.jpg\" alt=\"\" width=\"294\" height=\"180\" srcset=\"http:\/\/recettes-gourmandes-de-joce.fr\/wp-content\/uploads\/2023\/04\/piemontaise-olives19-300x183.jpg 300w, http:\/\/recettes-gourmandes-de-joce.fr\/wp-content\/uploads\/2023\/04\/piemontaise-olives19-768x470.jpg 768w, http:\/\/recettes-gourmandes-de-joce.fr\/wp-content\/uploads\/2023\/04\/piemontaise-olives19-750x458.jpg 750w, http:\/\/recettes-gourmandes-de-joce.fr\/wp-content\/uploads\/2023\/04\/piemontaise-olives19.jpg 1024w\" sizes=\"auto, (max-width: 294px) 100vw, 294px\" \/> <img loading=\"lazy\" decoding=\"async\" class=\"alignnone wp-image-49764\" src=\"http:\/\/recettes-gourmandes-de-joce.fr\/wp-content\/uploads\/2023\/04\/piemontaise-olives3-300x219.jpg\" alt=\"\" width=\"247\" height=\"180\" srcset=\"http:\/\/recettes-gourmandes-de-joce.fr\/wp-content\/uploads\/2023\/04\/piemontaise-olives3-300x219.jpg 300w, http:\/\/recettes-gourmandes-de-joce.fr\/wp-content\/uploads\/2023\/04\/piemontaise-olives3-768x560.jpg 768w, http:\/\/recettes-gourmandes-de-joce.fr\/wp-content\/uploads\/2023\/04\/piemontaise-olives3-750x546.jpg 750w, http:\/\/recettes-gourmandes-de-joce.fr\/wp-content\/uploads\/2023\/04\/piemontaise-olives3.jpg 1024w\" sizes=\"auto, (max-width: 247px) 100vw, 247px\" \/><img loading=\"lazy\" decoding=\"async\" class=\"alignnone wp-image-49758\" src=\"http:\/\/recettes-gourmandes-de-joce.fr\/wp-content\/uploads\/2023\/04\/piemontaise-olives18-300x206.jpg\" alt=\"\" width=\"262\" height=\"180\" srcset=\"http:\/\/recettes-gourmandes-de-joce.fr\/wp-content\/uploads\/2023\/04\/piemontaise-olives18-300x206.jpg 300w, http:\/\/recettes-gourmandes-de-joce.fr\/wp-content\/uploads\/2023\/04\/piemontaise-olives18-768x528.jpg 768w, http:\/\/recettes-gourmandes-de-joce.fr\/wp-content\/uploads\/2023\/04\/piemontaise-olives18-750x516.jpg 750w, http:\/\/recettes-gourmandes-de-joce.fr\/wp-content\/uploads\/2023\/04\/piemontaise-olives18.jpg 1024w\" sizes=\"auto, (max-width: 262px) 100vw, 262px\" \/><\/span><\/p>\n<p style=\"text-align: center;\"><span style=\"color: #008000; font-size: x-large; text-decoration: underline; font-family: georgia, palatino, serif;\"><em>Ingr\u00e9dients pour 4 personnes<\/em><\/span><\/p>\n<p style=\"text-align: center;\"><img loading=\"lazy\" decoding=\"async\" class=\"alignnone wp-image-49765\" src=\"http:\/\/recettes-gourmandes-de-joce.fr\/wp-content\/uploads\/2023\/04\/piemontaise-olives4-300x231.jpg\" alt=\"\" width=\"260\" height=\"200\" srcset=\"http:\/\/recettes-gourmandes-de-joce.fr\/wp-content\/uploads\/2023\/04\/piemontaise-olives4-300x231.jpg 300w, http:\/\/recettes-gourmandes-de-joce.fr\/wp-content\/uploads\/2023\/04\/piemontaise-olives4-768x591.jpg 768w, http:\/\/recettes-gourmandes-de-joce.fr\/wp-content\/uploads\/2023\/04\/piemontaise-olives4-750x577.jpg 750w, http:\/\/recettes-gourmandes-de-joce.fr\/wp-content\/uploads\/2023\/04\/piemontaise-olives4.jpg 1024w\" sizes=\"auto, (max-width: 260px) 100vw, 260px\" \/><\/p>\n<p style=\"text-align: center;\"><span style=\"color: #008000; font-size: large; font-family: georgia, palatino, serif;\"><em>5 pommes de terre<\/em><\/span><\/p>\n<p style=\"text-align: center;\"><span style=\"color: #008000; font-size: large; font-family: georgia, palatino, serif;\"><em>2\u00a0tranches \u00e9paisses de\u00a0jambon blanc ou 1 barquette de d\u00e9s de jambon<\/em><\/span><\/p>\n<p style=\"text-align: center;\"><span style=\"color: #008000; font-size: large; font-family: georgia, palatino, serif;\"><em>3 \u0153ufs<\/em><\/span><\/p>\n<p style=\"text-align: center;\"><span style=\"color: #008000; font-size: large; font-family: georgia, palatino, serif;\"><em>1 belle tomate<\/em><\/span><\/p>\n<p style=\"text-align: center;\"><span style=\"color: #008000; font-size: large; font-family: georgia, palatino, serif;\"><em>1 oignon<\/em><\/span><\/p>\n<p style=\"text-align: center;\"><span style=\"color: #008000; font-size: large; font-family: georgia, palatino, serif;\"><em>1\u00a0bouquet de ciboulette\u00a0<\/em><\/span><\/p>\n<p style=\"text-align: center;\"><span style=\"color: #008000; font-size: large; font-family: georgia, palatino, serif;\"><em>1 petite poign\u00e9e d&rsquo;olives vertes<\/em><\/span><\/p>\n<p style=\"text-align: center;\"><span style=\"color: #008000; font-size: large; font-family: georgia, palatino, serif;\"><em>1 petite poign\u00e9e d&rsquo;olives noires<\/em><\/span><\/p>\n<p style=\"text-align: center;\"><span style=\"color: #008000; font-size: large; font-family: georgia, palatino, serif;\"><em>1 bol de mayonnaise<\/em><\/span><\/p>\n<p style=\"text-align: center;\"><span style=\"color: #008000; font-size: x-large; text-decoration: underline; font-family: georgia, palatino, serif;\"><span style=\"text-decoration: underline;\"><em>Pour la mayonnaise<\/em><\/span><\/span><\/p>\n<p style=\"text-align: center;\"><span style=\"color: #008000; font-size: large; font-family: georgia, palatino, serif;\"><em>1 jaune d&rsquo;\u0153uf<\/em><\/span><\/p>\n<p style=\"text-align: center;\"><span style=\"color: #008000; font-size: large; font-family: georgia, palatino, serif;\"><em>1 c \u00e0 c de moutarde<\/em><\/span><\/p>\n<p style=\"text-align: center;\"><span style=\"color: #008000; font-size: large; font-family: georgia, palatino, serif;\"><em>Huile de tournesol<\/em><\/span><\/p>\n<p style=\"text-align: center;\"><span style=\"color: #008000; font-size: large; font-family: georgia, palatino, serif;\"><em>\u00bd c \u00e0 c de vinaigre de vin<\/em><\/span><\/p>\n<p style=\"text-align: center;\"><span style=\"color: #008000; font-size: large; font-family: georgia, palatino, serif;\"><em>Sel et poivre<\/em><\/span><\/p>\n<p style=\"text-align: center;\"><span style=\"color: #008000; font-size: large; font-family: georgia, palatino, serif;\"><em>Recette de la mayonnaise sur ce lien -&gt; <a href=\"http:\/\/recettes-gourmandes-de-joce.fr\/index.php\/index\/sauces-assaisonnements\/sauces-froides\/mayonnaise\/\">Mayonnaise <img loading=\"lazy\" decoding=\"async\" class=\"alignnone wp-image-28955\" src=\"http:\/\/recettes-gourmandes-de-joce.fr\/wp-content\/uploads\/2021\/03\/Logitech-Gaming-Software-06032021-185819.bmp-300x227.jpg\" alt=\"\" width=\"199\" height=\"150\" srcset=\"http:\/\/recettes-gourmandes-de-joce.fr\/wp-content\/uploads\/2021\/03\/Logitech-Gaming-Software-06032021-185819.bmp-300x227.jpg 300w, http:\/\/recettes-gourmandes-de-joce.fr\/wp-content\/uploads\/2021\/03\/Logitech-Gaming-Software-06032021-185819.bmp.jpg 540w\" sizes=\"auto, (max-width: 199px) 100vw, 199px\" \/><\/a><\/em><\/span><\/p>\n<p style=\"text-align: center;\"><span style=\"color: #008000; font-family: georgia, palatino, serif;\"><em><img loading=\"lazy\" decoding=\"async\" class=\"alignnone wp-image-49767\" src=\"http:\/\/recettes-gourmandes-de-joce.fr\/wp-content\/uploads\/2023\/04\/piemontaise-olives6-300x225.jpg\" alt=\"\" width=\"227\" height=\"170\" srcset=\"http:\/\/recettes-gourmandes-de-joce.fr\/wp-content\/uploads\/2023\/04\/piemontaise-olives6-300x225.jpg 300w, http:\/\/recettes-gourmandes-de-joce.fr\/wp-content\/uploads\/2023\/04\/piemontaise-olives6-768x576.jpg 768w, http:\/\/recettes-gourmandes-de-joce.fr\/wp-content\/uploads\/2023\/04\/piemontaise-olives6-750x563.jpg 750w, http:\/\/recettes-gourmandes-de-joce.fr\/wp-content\/uploads\/2023\/04\/piemontaise-olives6.jpg 1024w\" sizes=\"auto, (max-width: 227px) 100vw, 227px\" \/> <img loading=\"lazy\" decoding=\"async\" class=\"alignnone wp-image-49766\" src=\"http:\/\/recettes-gourmandes-de-joce.fr\/wp-content\/uploads\/2023\/04\/piemontaise-olives5-300x243.jpg\" alt=\"\" width=\"210\" height=\"170\" srcset=\"http:\/\/recettes-gourmandes-de-joce.fr\/wp-content\/uploads\/2023\/04\/piemontaise-olives5-300x243.jpg 300w, http:\/\/recettes-gourmandes-de-joce.fr\/wp-content\/uploads\/2023\/04\/piemontaise-olives5-768x623.jpg 768w, http:\/\/recettes-gourmandes-de-joce.fr\/wp-content\/uploads\/2023\/04\/piemontaise-olives5-750x608.jpg 750w, http:\/\/recettes-gourmandes-de-joce.fr\/wp-content\/uploads\/2023\/04\/piemontaise-olives5.jpg 1024w\" sizes=\"auto, (max-width: 210px) 100vw, 210px\" \/><\/em><em>\u00a0<\/em><em><img loading=\"lazy\" decoding=\"async\" class=\"alignnone wp-image-49768\" src=\"http:\/\/recettes-gourmandes-de-joce.fr\/wp-content\/uploads\/2023\/04\/piemontaise-olives7-300x218.jpg\" alt=\"\" width=\"234\" height=\"170\" srcset=\"http:\/\/recettes-gourmandes-de-joce.fr\/wp-content\/uploads\/2023\/04\/piemontaise-olives7-300x218.jpg 300w, http:\/\/recettes-gourmandes-de-joce.fr\/wp-content\/uploads\/2023\/04\/piemontaise-olives7-768x557.jpg 768w, http:\/\/recettes-gourmandes-de-joce.fr\/wp-content\/uploads\/2023\/04\/piemontaise-olives7-750x544.jpg 750w, http:\/\/recettes-gourmandes-de-joce.fr\/wp-content\/uploads\/2023\/04\/piemontaise-olives7.jpg 1024w\" sizes=\"auto, (max-width: 234px) 100vw, 234px\" \/><\/em><em><br \/>\n<\/em><\/span><\/p>\n<p style=\"text-align: center;\"><span style=\"color: #008000; font-family: georgia, palatino, serif;\"><em>\u00a0\u00a0<\/em><\/span><span style=\"color: #008000; font-size: large; font-family: georgia, palatino, serif;\"><em>Mettre \u00e0 cuire \u00e0 l&rsquo;eau sal\u00e9e les pommes de terre, dans une autre casserole mettre \u00e0 cuire les \u0153ufs dans de l&rsquo;eau \u00e0 \u00e9bullition 9 minutes. Pendant ce temps couper le jambon en d\u00e9s,\u00a0laver et couper la tomate en\u00a0d\u00e9s, peler et hacher l&rsquo;oignon, laver et ciseler la ciboulette.\u00a0<\/em><\/span><\/p>\n<p style=\"text-align: center;\"><span style=\"color: #008000; font-size: large; font-family: georgia, palatino, serif;\"><em><img loading=\"lazy\" decoding=\"async\" class=\"alignnone wp-image-49769\" src=\"http:\/\/recettes-gourmandes-de-joce.fr\/wp-content\/uploads\/2023\/04\/piemontaise-olives8-300x225.jpg\" alt=\"\" width=\"227\" height=\"170\" srcset=\"http:\/\/recettes-gourmandes-de-joce.fr\/wp-content\/uploads\/2023\/04\/piemontaise-olives8-300x225.jpg 300w, http:\/\/recettes-gourmandes-de-joce.fr\/wp-content\/uploads\/2023\/04\/piemontaise-olives8-768x576.jpg 768w, http:\/\/recettes-gourmandes-de-joce.fr\/wp-content\/uploads\/2023\/04\/piemontaise-olives8-750x563.jpg 750w, http:\/\/recettes-gourmandes-de-joce.fr\/wp-content\/uploads\/2023\/04\/piemontaise-olives8.jpg 1024w\" sizes=\"auto, (max-width: 227px) 100vw, 227px\" \/> <img loading=\"lazy\" decoding=\"async\" class=\"alignnone wp-image-49770\" src=\"http:\/\/recettes-gourmandes-de-joce.fr\/wp-content\/uploads\/2023\/04\/piemontaise-olives9-300x225.jpg\" alt=\"\" width=\"227\" height=\"170\" srcset=\"http:\/\/recettes-gourmandes-de-joce.fr\/wp-content\/uploads\/2023\/04\/piemontaise-olives9-300x225.jpg 300w, http:\/\/recettes-gourmandes-de-joce.fr\/wp-content\/uploads\/2023\/04\/piemontaise-olives9-768x576.jpg 768w, http:\/\/recettes-gourmandes-de-joce.fr\/wp-content\/uploads\/2023\/04\/piemontaise-olives9-750x563.jpg 750w, http:\/\/recettes-gourmandes-de-joce.fr\/wp-content\/uploads\/2023\/04\/piemontaise-olives9.jpg 1024w\" sizes=\"auto, (max-width: 227px) 100vw, 227px\" \/> <img loading=\"lazy\" decoding=\"async\" class=\"alignnone wp-image-49771\" src=\"http:\/\/recettes-gourmandes-de-joce.fr\/wp-content\/uploads\/2023\/04\/piemontaise-olives10-300x225.jpg\" alt=\"\" width=\"227\" height=\"170\" srcset=\"http:\/\/recettes-gourmandes-de-joce.fr\/wp-content\/uploads\/2023\/04\/piemontaise-olives10-300x225.jpg 300w, http:\/\/recettes-gourmandes-de-joce.fr\/wp-content\/uploads\/2023\/04\/piemontaise-olives10-768x576.jpg 768w, http:\/\/recettes-gourmandes-de-joce.fr\/wp-content\/uploads\/2023\/04\/piemontaise-olives10-750x563.jpg 750w, http:\/\/recettes-gourmandes-de-joce.fr\/wp-content\/uploads\/2023\/04\/piemontaise-olives10.jpg 1024w\" sizes=\"auto, (max-width: 227px) 100vw, 227px\" \/><\/em><\/span><\/p>\n<p style=\"text-align: center;\"><span style=\"color: #008000; font-size: large; font-family: georgia, palatino, serif;\"><em>Dans un saladier, m\u00e9langer tous les ingr\u00e9dients, oignons, tomates, jambon, ciboulette et olives.<\/em><\/span><\/p>\n<p style=\"text-align: center;\"><span style=\"color: #008000; font-size: large; font-family: georgia, palatino, serif;\"><em><img loading=\"lazy\" decoding=\"async\" class=\"alignnone wp-image-49772\" src=\"http:\/\/recettes-gourmandes-de-joce.fr\/wp-content\/uploads\/2023\/04\/piemontaise-olives11-300x225.jpg\" alt=\"\" width=\"227\" height=\"170\" srcset=\"http:\/\/recettes-gourmandes-de-joce.fr\/wp-content\/uploads\/2023\/04\/piemontaise-olives11-300x225.jpg 300w, http:\/\/recettes-gourmandes-de-joce.fr\/wp-content\/uploads\/2023\/04\/piemontaise-olives11-768x576.jpg 768w, http:\/\/recettes-gourmandes-de-joce.fr\/wp-content\/uploads\/2023\/04\/piemontaise-olives11-750x563.jpg 750w, http:\/\/recettes-gourmandes-de-joce.fr\/wp-content\/uploads\/2023\/04\/piemontaise-olives11.jpg 1024w\" sizes=\"auto, (max-width: 227px) 100vw, 227px\" \/> <img loading=\"lazy\" decoding=\"async\" class=\"alignnone wp-image-49773\" src=\"http:\/\/recettes-gourmandes-de-joce.fr\/wp-content\/uploads\/2023\/04\/piemontaise-olives12-300x256.jpg\" alt=\"\" width=\"199\" height=\"170\" srcset=\"http:\/\/recettes-gourmandes-de-joce.fr\/wp-content\/uploads\/2023\/04\/piemontaise-olives12-300x256.jpg 300w, http:\/\/recettes-gourmandes-de-joce.fr\/wp-content\/uploads\/2023\/04\/piemontaise-olives12-768x655.jpg 768w, http:\/\/recettes-gourmandes-de-joce.fr\/wp-content\/uploads\/2023\/04\/piemontaise-olives12-750x639.jpg 750w, http:\/\/recettes-gourmandes-de-joce.fr\/wp-content\/uploads\/2023\/04\/piemontaise-olives12.jpg 1024w\" sizes=\"auto, (max-width: 199px) 100vw, 199px\" \/>\u00a0<\/em><\/span><span style=\"color: #008000; font-size: large; font-family: georgia, palatino, serif;\"><em><img loading=\"lazy\" decoding=\"async\" class=\"alignnone wp-image-49310\" src=\"http:\/\/recettes-gourmandes-de-joce.fr\/wp-content\/uploads\/2023\/03\/20230319_122618-300x225.jpg\" alt=\"\" width=\"227\" height=\"170\" srcset=\"http:\/\/recettes-gourmandes-de-joce.fr\/wp-content\/uploads\/2023\/03\/20230319_122618-300x225.jpg 300w, http:\/\/recettes-gourmandes-de-joce.fr\/wp-content\/uploads\/2023\/03\/20230319_122618-1024x768.jpg 1024w, http:\/\/recettes-gourmandes-de-joce.fr\/wp-content\/uploads\/2023\/03\/20230319_122618-768x576.jpg 768w, http:\/\/recettes-gourmandes-de-joce.fr\/wp-content\/uploads\/2023\/03\/20230319_122618-1536x1152.jpg 1536w, http:\/\/recettes-gourmandes-de-joce.fr\/wp-content\/uploads\/2023\/03\/20230319_122618-2048x1536.jpg 2048w, http:\/\/recettes-gourmandes-de-joce.fr\/wp-content\/uploads\/2023\/03\/20230319_122618-750x563.jpg 750w\" sizes=\"auto, (max-width: 227px) 100vw, 227px\" \/><\/em><\/span><\/p>\n<p style=\"text-align: center;\"><span style=\"color: #008000; font-size: large; font-family: georgia, palatino, serif;\"><em>\u00a0R\u00e9aliser la mayonnaise et r\u00e9servez l\u00e0 au frais. Lorsque les \u0153ufs et les pommes de terre sont cuits, les refroidir sous l&rsquo;eau froide, peler les pommes de terre et \u00e9caler les \u0153ufs, couper les \u0153ufs en petits morceaux.<\/em><\/span><\/p>\n<p style=\"text-align: center;\"><span style=\"color: #008000; font-size: large; font-family: georgia, palatino, serif;\"><em><img loading=\"lazy\" decoding=\"async\" class=\"alignnone wp-image-49754\" src=\"http:\/\/recettes-gourmandes-de-joce.fr\/wp-content\/uploads\/2023\/04\/piemontaise-olives14-300x254.jpg\" alt=\"\" width=\"201\" height=\"170\" srcset=\"http:\/\/recettes-gourmandes-de-joce.fr\/wp-content\/uploads\/2023\/04\/piemontaise-olives14-300x254.jpg 300w, http:\/\/recettes-gourmandes-de-joce.fr\/wp-content\/uploads\/2023\/04\/piemontaise-olives14-768x651.jpg 768w, http:\/\/recettes-gourmandes-de-joce.fr\/wp-content\/uploads\/2023\/04\/piemontaise-olives14-750x635.jpg 750w, http:\/\/recettes-gourmandes-de-joce.fr\/wp-content\/uploads\/2023\/04\/piemontaise-olives14.jpg 863w\" sizes=\"auto, (max-width: 201px) 100vw, 201px\" \/> <img loading=\"lazy\" decoding=\"async\" class=\"alignnone wp-image-49755\" src=\"http:\/\/recettes-gourmandes-de-joce.fr\/wp-content\/uploads\/2023\/04\/piemontaise-olives15-300x225.jpg\" alt=\"\" width=\"227\" height=\"170\" srcset=\"http:\/\/recettes-gourmandes-de-joce.fr\/wp-content\/uploads\/2023\/04\/piemontaise-olives15-300x225.jpg 300w, http:\/\/recettes-gourmandes-de-joce.fr\/wp-content\/uploads\/2023\/04\/piemontaise-olives15-768x576.jpg 768w, http:\/\/recettes-gourmandes-de-joce.fr\/wp-content\/uploads\/2023\/04\/piemontaise-olives15-750x563.jpg 750w, http:\/\/recettes-gourmandes-de-joce.fr\/wp-content\/uploads\/2023\/04\/piemontaise-olives15.jpg 1024w\" sizes=\"auto, (max-width: 227px) 100vw, 227px\" \/> <img loading=\"lazy\" decoding=\"async\" class=\"alignnone wp-image-49756\" src=\"http:\/\/recettes-gourmandes-de-joce.fr\/wp-content\/uploads\/2023\/04\/piemontaise-olives16-300x225.jpg\" alt=\"\" width=\"227\" height=\"170\" srcset=\"http:\/\/recettes-gourmandes-de-joce.fr\/wp-content\/uploads\/2023\/04\/piemontaise-olives16-300x225.jpg 300w, http:\/\/recettes-gourmandes-de-joce.fr\/wp-content\/uploads\/2023\/04\/piemontaise-olives16-768x576.jpg 768w, http:\/\/recettes-gourmandes-de-joce.fr\/wp-content\/uploads\/2023\/04\/piemontaise-olives16-750x563.jpg 750w, http:\/\/recettes-gourmandes-de-joce.fr\/wp-content\/uploads\/2023\/04\/piemontaise-olives16.jpg 1024w\" sizes=\"auto, (max-width: 227px) 100vw, 227px\" \/><\/em><\/span><\/p>\n<p style=\"text-align: center;\"><span style=\"color: #008000; font-size: large; font-family: georgia, palatino, serif;\"><em>Couper les pommes de terre en gros d\u00e9s, ajoutez l\u00e8s dans le saladier ainsi que les \u0153ufs, m\u00e9langer d\u00e9licatement.\u00a0<\/em><\/span><\/p>\n<p style=\"text-align: center;\"><img loading=\"lazy\" decoding=\"async\" class=\"alignnone wp-image-49757\" src=\"http:\/\/recettes-gourmandes-de-joce.fr\/wp-content\/uploads\/2023\/04\/piemontaise-olives17-300x225.jpg\" alt=\"\" width=\"227\" height=\"170\" srcset=\"http:\/\/recettes-gourmandes-de-joce.fr\/wp-content\/uploads\/2023\/04\/piemontaise-olives17-300x225.jpg 300w, http:\/\/recettes-gourmandes-de-joce.fr\/wp-content\/uploads\/2023\/04\/piemontaise-olives17-768x576.jpg 768w, http:\/\/recettes-gourmandes-de-joce.fr\/wp-content\/uploads\/2023\/04\/piemontaise-olives17-750x563.jpg 750w, http:\/\/recettes-gourmandes-de-joce.fr\/wp-content\/uploads\/2023\/04\/piemontaise-olives17.jpg 1024w\" sizes=\"auto, (max-width: 227px) 100vw, 227px\" \/><\/p>\n<p style=\"text-align: center;\"><span style=\"color: #008000; font-size: large; font-family: georgia, palatino, serif;\"><em>Ajouter la mayonnaise et m\u00e9langer \u00e0 nouveau toujours d\u00e9licatement, r\u00e9server 1h au frais avant de servir.<\/em><\/span><\/p>\n<p style=\"text-align: center;\"><span style=\"color: #008000; font-size: large; font-family: georgia, palatino, serif;\"><em>Id\u00e9al pour un repas d&rsquo;un soir ou en accompagnement d&rsquo;un barbecue.<\/em><\/span><\/p>\n<p style=\"text-align: center;\"><span style=\"color: #008000; font-size: large; font-family: georgia, palatino, serif;\"><em>Bon app\u00e9tit!<\/em><\/span><\/p>\n<p style=\"text-align: center;\"><img loading=\"lazy\" decoding=\"async\" class=\"alignnone wp-image-49759\" style=\"font-family: georgia, palatino, serif;\" src=\"http:\/\/recettes-gourmandes-de-joce.fr\/wp-content\/uploads\/2023\/04\/piemontaise-olives19-300x183.jpg\" alt=\"\" width=\"294\" height=\"180\" srcset=\"http:\/\/recettes-gourmandes-de-joce.fr\/wp-content\/uploads\/2023\/04\/piemontaise-olives19-300x183.jpg 300w, http:\/\/recettes-gourmandes-de-joce.fr\/wp-content\/uploads\/2023\/04\/piemontaise-olives19-768x470.jpg 768w, http:\/\/recettes-gourmandes-de-joce.fr\/wp-content\/uploads\/2023\/04\/piemontaise-olives19-750x458.jpg 750w, http:\/\/recettes-gourmandes-de-joce.fr\/wp-content\/uploads\/2023\/04\/piemontaise-olives19.jpg 1024w\" sizes=\"auto, (max-width: 294px) 100vw, 294px\" \/><\/p>\n<p style=\"text-align: center;\"><span style=\"font-family: georgia, palatino, serif;\">\u00a0<img loading=\"lazy\" decoding=\"async\" class=\"alignnone wp-image-49762\" src=\"http:\/\/recettes-gourmandes-de-joce.fr\/wp-content\/uploads\/2023\/04\/piemontaise-olives1-300x225.jpg\" alt=\"\" width=\"240\" height=\"180\" srcset=\"http:\/\/recettes-gourmandes-de-joce.fr\/wp-content\/uploads\/2023\/04\/piemontaise-olives1-300x225.jpg 300w, http:\/\/recettes-gourmandes-de-joce.fr\/wp-content\/uploads\/2023\/04\/piemontaise-olives1-768x576.jpg 768w, http:\/\/recettes-gourmandes-de-joce.fr\/wp-content\/uploads\/2023\/04\/piemontaise-olives1-750x563.jpg 750w, http:\/\/recettes-gourmandes-de-joce.fr\/wp-content\/uploads\/2023\/04\/piemontaise-olives1.jpg 1024w\" sizes=\"auto, (max-width: 240px) 100vw, 240px\" \/> <img loading=\"lazy\" decoding=\"async\" class=\"alignnone wp-image-49760\" src=\"http:\/\/recettes-gourmandes-de-joce.fr\/wp-content\/uploads\/2023\/04\/piemontaise-olives20-300x215.jpg\" alt=\"\" width=\"251\" height=\"180\" srcset=\"http:\/\/recettes-gourmandes-de-joce.fr\/wp-content\/uploads\/2023\/04\/piemontaise-olives20-300x215.jpg 300w, http:\/\/recettes-gourmandes-de-joce.fr\/wp-content\/uploads\/2023\/04\/piemontaise-olives20-768x550.jpg 768w, http:\/\/recettes-gourmandes-de-joce.fr\/wp-content\/uploads\/2023\/04\/piemontaise-olives20-750x537.jpg 750w, http:\/\/recettes-gourmandes-de-joce.fr\/wp-content\/uploads\/2023\/04\/piemontaise-olives20.jpg 1024w\" sizes=\"auto, (max-width: 251px) 100vw, 251px\" \/><\/span><\/p>\n<p style=\"text-align: center;\"><img loading=\"lazy\" decoding=\"async\" class=\"alignnone wp-image-24317 size-full\" src=\"http:\/\/recettes-gourmandes-de-joce.fr\/wp-content\/uploads\/2020\/07\/logitech-gaming-software-14112014-121223.jpg\" alt=\"\" width=\"640\" height=\"144\" srcset=\"http:\/\/recettes-gourmandes-de-joce.fr\/wp-content\/uploads\/2020\/07\/logitech-gaming-software-14112014-121223.jpg 640w, http:\/\/recettes-gourmandes-de-joce.fr\/wp-content\/uploads\/2020\/07\/logitech-gaming-software-14112014-121223-300x68.jpg 300w\" sizes=\"auto, (max-width: 640px) 100vw, 640px\" \/><\/p>\n","protected":false},"excerpt":{"rendered":"<p>Une de mes recettes \u00a0\u00a0 Ingr\u00e9dients pour 4 personnes 5 pommes de terre 2\u00a0tranches \u00e9paisses de\u00a0jambon blanc ou 1 barquette de d\u00e9s de jambon 3 \u0153ufs 1 belle tomate 1 oignon 1\u00a0bouquet de ciboulette\u00a0 1 petite poign\u00e9e d&rsquo;olives vertes 1 petite poign\u00e9e d&rsquo;olives noires 1 bol de mayonnaise Pour la mayonnaise 1 jaune d&rsquo;\u0153uf 1 &hellip; <\/p>\n<p><a class=\"more-link btn\" href=\"http:\/\/recettes-gourmandes-de-joce.fr\/index.php\/index\/entrees\/salades-crudites\/salade-de-pommes-de-terre-type-piemontaise-aux-olives\/\">Lire la suite<\/a><\/p>\n","protected":false},"author":2,"featured_media":84364,"parent":165,"menu_order":0,"comment_status":"open","ping_status":"closed","template":"","meta":{"footnotes":""},"class_list":["post-3283","page","type-page","status-publish","has-post-thumbnail","hentry","nodate","item-wrap"],"_links":{"self":[{"href":"http:\/\/recettes-gourmandes-de-joce.fr\/index.php\/wp-json\/wp\/v2\/pages\/3283","targetHints":{"allow":["GET"]}}],"collection":[{"href":"http:\/\/recettes-gourmandes-de-joce.fr\/index.php\/wp-json\/wp\/v2\/pages"}],"about":[{"href":"http:\/\/recettes-gourmandes-de-joce.fr\/index.php\/wp-json\/wp\/v2\/types\/page"}],"author":[{"embeddable":true,"href":"http:\/\/recettes-gourmandes-de-joce.fr\/index.php\/wp-json\/wp\/v2\/users\/2"}],"replies":[{"embeddable":true,"href":"http:\/\/recettes-gourmandes-de-joce.fr\/index.php\/wp-json\/wp\/v2\/comments?post=3283"}],"version-history":[{"count":9,"href":"http:\/\/recettes-gourmandes-de-joce.fr\/index.php\/wp-json\/wp\/v2\/pages\/3283\/revisions"}],"predecessor-version":[{"id":84365,"href":"http:\/\/recettes-gourmandes-de-joce.fr\/index.php\/wp-json\/wp\/v2\/pages\/3283\/revisions\/84365"}],"up":[{"embeddable":true,"href":"http:\/\/recettes-gourmandes-de-joce.fr\/index.php\/wp-json\/wp\/v2\/pages\/165"}],"wp:featuredmedia":[{"embeddable":true,"href":"http:\/\/recettes-gourmandes-de-joce.fr\/index.php\/wp-json\/wp\/v2\/media\/84364"}],"wp:attachment":[{"href":"http:\/\/recettes-gourmandes-de-joce.fr\/index.php\/wp-json\/wp\/v2\/media?parent=3283"}],"curies":[{"name":"wp","href":"https:\/\/api.w.org\/{rel}","templated":true}]}}