{"id":32816,"date":"2021-05-28T23:14:50","date_gmt":"2021-05-28T23:14:50","guid":{"rendered":"http:\/\/recettes-gourmandes-de-joce.fr\/?page_id=32816"},"modified":"2024-05-28T21:11:15","modified_gmt":"2024-05-28T21:11:15","slug":"crevettes-et-moules-marinees-aux-epices-et-piments-doux","status":"publish","type":"page","link":"http:\/\/recettes-gourmandes-de-joce.fr\/index.php\/index\/aperitifs-amuses-bouches\/amuses-bouches\/crevettes-et-moules-marinees-aux-epices-et-piments-doux\/","title":{"rendered":"Crevettes et moules marin\u00e9es aux \u00e9pices et piments doux."},"content":{"rendered":"<div id=\"rows-502f6729658f52ffcb2b2546\" class=\"rows clearfix\" data-total-pages=\"1\" data-current-page=\"1\">\n<div class=\"row-container page_1\">\n<div class=\"row-content\">\n<div class=\"row\">\n<div class=\"column self-stretch\">\n<div class=\"column-content\">\n<div class=\"clearfix\">\n<p style=\"text-align: center;\"><span style=\"text-decoration: underline; color: #003300;\"><em><span style=\"font-size: 18pt;\"><span style=\"font-family: georgia, palatino, serif;\">Une de mes recettes<\/span><\/span><\/em><\/span><\/p>\n<p style=\"text-align: center;\"><span style=\"color: #003300;\"><img loading=\"lazy\" decoding=\"async\" class=\"alignnone wp-image-32828\" src=\"http:\/\/recettes-gourmandes-de-joce.fr\/wp-content\/uploads\/2021\/05\/p8141911-300x215.jpg\" alt=\"\" width=\"251\" height=\"180\" srcset=\"http:\/\/recettes-gourmandes-de-joce.fr\/wp-content\/uploads\/2021\/05\/p8141911-300x215.jpg 300w, http:\/\/recettes-gourmandes-de-joce.fr\/wp-content\/uploads\/2021\/05\/p8141911-768x550.jpg 768w, http:\/\/recettes-gourmandes-de-joce.fr\/wp-content\/uploads\/2021\/05\/p8141911-750x537.jpg 750w, http:\/\/recettes-gourmandes-de-joce.fr\/wp-content\/uploads\/2021\/05\/p8141911.jpg 795w\" sizes=\"auto, (max-width: 251px) 100vw, 251px\" \/> <img loading=\"lazy\" decoding=\"async\" class=\"alignnone wp-image-32825\" src=\"http:\/\/recettes-gourmandes-de-joce.fr\/wp-content\/uploads\/2021\/05\/p8141907-300x211.jpg\" alt=\"\" width=\"256\" height=\"180\" srcset=\"http:\/\/recettes-gourmandes-de-joce.fr\/wp-content\/uploads\/2021\/05\/p8141907-300x211.jpg 300w, http:\/\/recettes-gourmandes-de-joce.fr\/wp-content\/uploads\/2021\/05\/p8141907-768x540.jpg 768w, http:\/\/recettes-gourmandes-de-joce.fr\/wp-content\/uploads\/2021\/05\/p8141907-750x527.jpg 750w, http:\/\/recettes-gourmandes-de-joce.fr\/wp-content\/uploads\/2021\/05\/p8141907.jpg 798w\" sizes=\"auto, (max-width: 256px) 100vw, 256px\" \/> <img loading=\"lazy\" decoding=\"async\" class=\"alignnone wp-image-32826\" src=\"http:\/\/recettes-gourmandes-de-joce.fr\/wp-content\/uploads\/2021\/05\/p8141909-300x213.jpg\" alt=\"\" width=\"253\" height=\"180\" srcset=\"http:\/\/recettes-gourmandes-de-joce.fr\/wp-content\/uploads\/2021\/05\/p8141909-300x213.jpg 300w, http:\/\/recettes-gourmandes-de-joce.fr\/wp-content\/uploads\/2021\/05\/p8141909-768x545.jpg 768w, http:\/\/recettes-gourmandes-de-joce.fr\/wp-content\/uploads\/2021\/05\/p8141909-750x533.jpg 750w, http:\/\/recettes-gourmandes-de-joce.fr\/wp-content\/uploads\/2021\/05\/p8141909.jpg 797w\" sizes=\"auto, (max-width: 253px) 100vw, 253px\" \/><\/span><\/p>\n<p style=\"text-align: center;\"><span style=\"text-decoration: underline; color: #003300;\"><em><span style=\"font-size: 18pt;\"><span style=\"font-family: georgia, palatino, serif;\">Ingr\u00e9dients pour 4 personnes pour une entr\u00e9e\u00a0<\/span><\/span><\/em><\/span><\/p>\n<p style=\"text-align: center;\"><span style=\"text-decoration: underline; color: #003300;\"><span style=\"font-size: 18pt;\"><em><span style=\"font-family: georgia, palatino, serif;\">ou pour 6 pour un amuse-bouche<\/span><\/em><\/span><\/span><\/p>\n<p style=\"text-align: center;\"><span style=\"color: #003300;\"><img loading=\"lazy\" decoding=\"async\" class=\"alignnone wp-image-32829\" src=\"http:\/\/recettes-gourmandes-de-joce.fr\/wp-content\/uploads\/2021\/05\/p8141878-300x234.jpg\" alt=\"\" width=\"257\" height=\"200\" srcset=\"http:\/\/recettes-gourmandes-de-joce.fr\/wp-content\/uploads\/2021\/05\/p8141878-300x234.jpg 300w, http:\/\/recettes-gourmandes-de-joce.fr\/wp-content\/uploads\/2021\/05\/p8141878-768x599.jpg 768w, http:\/\/recettes-gourmandes-de-joce.fr\/wp-content\/uploads\/2021\/05\/p8141878-750x585.jpg 750w, http:\/\/recettes-gourmandes-de-joce.fr\/wp-content\/uploads\/2021\/05\/p8141878.jpg 794w\" sizes=\"auto, (max-width: 257px) 100vw, 257px\" \/><\/span><\/p>\n<p style=\"text-align: center;\"><span style=\"color: #003300;\"><em><span style=\"font-size: 14pt;\"><span style=\"font-family: georgia, palatino, serif;\">400 g de grosses crevettes roses (rayon surgel\u00e9s Lidl)<\/span><\/span><\/em><\/span><\/p>\n<p style=\"text-align: center;\"><span style=\"color: #003300;\"><em><span style=\"font-size: 14pt;\"><span style=\"font-family: georgia, palatino, serif;\">2 piments doux ou \u00bd poivron vert<\/span><\/span><\/em><\/span><\/p>\n<p style=\"text-align: center;\"><span style=\"color: #003300;\"><em><span style=\"font-size: 14pt;\"><span style=\"font-family: georgia, palatino, serif;\">1 \u00e9chalote<\/span><\/span><\/em><\/span><\/p>\n<p style=\"text-align: center;\"><span style=\"color: #003300;\"><em><span style=\"font-size: 14pt;\"><span style=\"font-family: georgia, palatino, serif;\">2 gousses d&rsquo;ail<\/span><\/span><\/em><\/span><\/p>\n<p style=\"text-align: center;\"><span style=\"color: #003300;\"><em><span style=\"font-size: 14pt;\"><span style=\"font-family: georgia, palatino, serif;\">1 petit bouquet de persil plat<\/span><\/span><\/em><\/span><\/p>\n<p style=\"text-align: center;\"><span style=\"color: #003300;\"><em><span style=\"font-size: 14pt;\"><span style=\"font-family: georgia, palatino, serif;\">5 tiges de cive ou d&rsquo;oignons blancs<\/span><\/span><\/em><\/span><\/p>\n<p style=\"text-align: center;\"><span style=\"color: #003300;\"><em><span style=\"font-size: 14pt;\"><span style=\"font-family: georgia, palatino, serif;\">2 pinc\u00e9es de piment d&rsquo;Espelette<\/span><\/span><\/em><\/span><\/p>\n<p style=\"text-align: center;\"><span style=\"color: #003300;\"><em><span style=\"font-size: 14pt;\"><span style=\"font-family: georgia, palatino, serif;\">1 petit bocal de moules au naturelles<\/span><\/span><\/em><\/span><\/p>\n<p style=\"text-align: center;\"><span style=\"color: #003300;\"><em><span style=\"font-size: 14pt;\"><span style=\"font-family: georgia, palatino, serif;\">1 c \u00e0 s d&rsquo;ail semoule<\/span><\/span><\/em><\/span><\/p>\n<p style=\"text-align: center;\"><span style=\"color: #003300;\"><em><span style=\"font-size: 14pt;\"><span style=\"font-family: georgia, palatino, serif;\">1 c \u00e0 c d&rsquo;\u00e9pices tha\u00ef ou de curry<\/span><\/span><\/em><\/span><\/p>\n<p style=\"text-align: center;\"><span style=\"color: #003300;\"><em><span style=\"font-size: 14pt;\"><span style=\"font-family: georgia, palatino, serif;\">2 c \u00e0 s d&rsquo;huile de s\u00e9same<\/span><\/span><\/em><\/span><\/p>\n<p style=\"text-align: center;\"><span style=\"color: #003300;\"><em><span style=\"font-size: 14pt;\"><span style=\"font-family: georgia, palatino, serif;\">3 c \u00e0 s de sauce soja<\/span><\/span><\/em><\/span><\/p>\n<p style=\"text-align: center;\"><span style=\"color: #003300;\"><em><span style=\"font-size: 14pt;\"><span style=\"font-family: georgia, palatino, serif;\">1 bonne\u00a0c \u00e0 s de cr\u00e8me fra\u00eeche<\/span><\/span><\/em><\/span><\/p>\n<p style=\"text-align: center;\"><span style=\"color: #003300;\"><em><span style=\"font-size: 14pt;\"><span style=\"font-family: georgia, palatino, serif;\">Poivre<\/span><\/span><\/em><\/span><\/p>\n<p style=\"text-align: center;\"><span style=\"color: #003300;\"><em><span style=\"font-size: 14pt;\"><span style=\"font-family: georgia, palatino, serif;\">Sel selon les go\u00fbts mais go\u00fbter avant la sauce soja \u00e9tant sal\u00e9e.<\/span><\/span><\/em><\/span><\/p>\n<p style=\"text-align: center;\"><span style=\"color: #003300;\"><em><span style=\"font-size: 14pt;\"><span style=\"font-family: georgia, palatino, serif;\"><img loading=\"lazy\" decoding=\"async\" class=\"alignnone wp-image-32831\" src=\"http:\/\/recettes-gourmandes-de-joce.fr\/wp-content\/uploads\/2021\/05\/p8141881-300x175.jpg\" alt=\"\" width=\"274\" height=\"160\" srcset=\"http:\/\/recettes-gourmandes-de-joce.fr\/wp-content\/uploads\/2021\/05\/p8141881-300x175.jpg 300w, http:\/\/recettes-gourmandes-de-joce.fr\/wp-content\/uploads\/2021\/05\/p8141881-768x449.jpg 768w, http:\/\/recettes-gourmandes-de-joce.fr\/wp-content\/uploads\/2021\/05\/p8141881-750x439.jpg 750w, http:\/\/recettes-gourmandes-de-joce.fr\/wp-content\/uploads\/2021\/05\/p8141881.jpg 785w\" sizes=\"auto, (max-width: 274px) 100vw, 274px\" \/> <img loading=\"lazy\" decoding=\"async\" class=\"alignnone wp-image-32830\" src=\"http:\/\/recettes-gourmandes-de-joce.fr\/wp-content\/uploads\/2021\/05\/p8141880-300x254.jpg\" alt=\"\" width=\"189\" height=\"160\" srcset=\"http:\/\/recettes-gourmandes-de-joce.fr\/wp-content\/uploads\/2021\/05\/p8141880-300x254.jpg 300w, http:\/\/recettes-gourmandes-de-joce.fr\/wp-content\/uploads\/2021\/05\/p8141880-768x650.jpg 768w, http:\/\/recettes-gourmandes-de-joce.fr\/wp-content\/uploads\/2021\/05\/p8141880-750x635.jpg 750w, http:\/\/recettes-gourmandes-de-joce.fr\/wp-content\/uploads\/2021\/05\/p8141880.jpg 796w\" sizes=\"auto, (max-width: 189px) 100vw, 189px\" \/> <img loading=\"lazy\" decoding=\"async\" class=\"alignnone wp-image-32832\" src=\"http:\/\/recettes-gourmandes-de-joce.fr\/wp-content\/uploads\/2021\/05\/p8141882-300x273.jpg\" alt=\"\" width=\"176\" height=\"160\" srcset=\"http:\/\/recettes-gourmandes-de-joce.fr\/wp-content\/uploads\/2021\/05\/p8141882-300x273.jpg 300w, http:\/\/recettes-gourmandes-de-joce.fr\/wp-content\/uploads\/2021\/05\/p8141882.jpg 742w\" sizes=\"auto, (max-width: 176px) 100vw, 176px\" \/><\/span><\/span><\/em><\/span><\/p>\n<p style=\"text-align: center;\"><span style=\"color: #003300;\"><em><span style=\"font-size: 14pt;\"><span style=\"font-family: georgia, palatino, serif;\">Laver et ciseler le persil et la cive, laver, \u00e9grainer et hacher menu les piments doux ou le poivron, peler et hacher l&rsquo;ail d\u00e9germ\u00e9 et la ciboulette, dans un plat mettre les crevettes d\u00e9congel\u00e9es, les moules \u00e9goutt\u00e9es, le piment d&rsquo;Espelette, l&rsquo;ail, l&rsquo;\u00e9chalote et le piment doux.<\/span><\/span><\/em><\/span><\/p>\n<p style=\"text-align: center;\"><span style=\"color: #003300;\"><em><span style=\"font-size: 14pt;\"><span style=\"font-family: georgia, palatino, serif;\"><img loading=\"lazy\" decoding=\"async\" class=\"alignnone wp-image-32833\" src=\"http:\/\/recettes-gourmandes-de-joce.fr\/wp-content\/uploads\/2021\/05\/p8141883-300x266.jpg\" alt=\"\" width=\"180\" height=\"160\" srcset=\"http:\/\/recettes-gourmandes-de-joce.fr\/wp-content\/uploads\/2021\/05\/p8141883-300x266.jpg 300w, http:\/\/recettes-gourmandes-de-joce.fr\/wp-content\/uploads\/2021\/05\/p8141883.jpg 738w\" sizes=\"auto, (max-width: 180px) 100vw, 180px\" \/> <img loading=\"lazy\" decoding=\"async\" class=\"alignnone wp-image-32834\" src=\"http:\/\/recettes-gourmandes-de-joce.fr\/wp-content\/uploads\/2021\/05\/p8141884-300x268.jpg\" alt=\"\" width=\"179\" height=\"160\" srcset=\"http:\/\/recettes-gourmandes-de-joce.fr\/wp-content\/uploads\/2021\/05\/p8141884-300x268.jpg 300w, http:\/\/recettes-gourmandes-de-joce.fr\/wp-content\/uploads\/2021\/05\/p8141884.jpg 722w\" sizes=\"auto, (max-width: 179px) 100vw, 179px\" \/> <img loading=\"lazy\" decoding=\"async\" class=\"alignnone wp-image-32817\" src=\"http:\/\/recettes-gourmandes-de-joce.fr\/wp-content\/uploads\/2021\/05\/p8141885-300x261.jpg\" alt=\"\" width=\"184\" height=\"160\" srcset=\"http:\/\/recettes-gourmandes-de-joce.fr\/wp-content\/uploads\/2021\/05\/p8141885-300x261.jpg 300w, http:\/\/recettes-gourmandes-de-joce.fr\/wp-content\/uploads\/2021\/05\/p8141885.jpg 634w\" sizes=\"auto, (max-width: 184px) 100vw, 184px\" \/><\/span><\/span><\/em><\/span><\/p>\n<p style=\"text-align: center;\"><span style=\"color: #003300;\"><em><span style=\"font-size: 14pt;\"><span style=\"font-family: georgia, palatino, serif;\">Ajouter la cive et le persil, les \u00e9pices tha\u00ef ou le curry, poivrer, m\u00e9langer et ajouter l&rsquo;huile de s\u00e9same.<\/span><\/span><\/em><\/span><\/p>\n<p style=\"text-align: center;\"><span style=\"color: #003300;\"><em><span style=\"font-size: 14pt;\"><span style=\"font-family: georgia, palatino, serif;\"><img loading=\"lazy\" decoding=\"async\" class=\"alignnone wp-image-32818\" src=\"http:\/\/recettes-gourmandes-de-joce.fr\/wp-content\/uploads\/2021\/05\/p8141886-300x265.jpg\" alt=\"\" width=\"181\" height=\"160\" srcset=\"http:\/\/recettes-gourmandes-de-joce.fr\/wp-content\/uploads\/2021\/05\/p8141886-300x265.jpg 300w, http:\/\/recettes-gourmandes-de-joce.fr\/wp-content\/uploads\/2021\/05\/p8141886.jpg 712w\" sizes=\"auto, (max-width: 181px) 100vw, 181px\" \/> <img loading=\"lazy\" decoding=\"async\" class=\"alignnone wp-image-32819\" src=\"http:\/\/recettes-gourmandes-de-joce.fr\/wp-content\/uploads\/2021\/05\/p8141887-300x250.jpg\" alt=\"\" width=\"192\" height=\"160\" srcset=\"http:\/\/recettes-gourmandes-de-joce.fr\/wp-content\/uploads\/2021\/05\/p8141887-300x250.jpg 300w, http:\/\/recettes-gourmandes-de-joce.fr\/wp-content\/uploads\/2021\/05\/p8141887-750x624.jpg 750w, http:\/\/recettes-gourmandes-de-joce.fr\/wp-content\/uploads\/2021\/05\/p8141887.jpg 756w\" sizes=\"auto, (max-width: 192px) 100vw, 192px\" \/> <img loading=\"lazy\" decoding=\"async\" class=\"alignnone wp-image-32820\" src=\"http:\/\/recettes-gourmandes-de-joce.fr\/wp-content\/uploads\/2021\/05\/p8141893-300x231.jpg\" alt=\"\" width=\"208\" height=\"160\" srcset=\"http:\/\/recettes-gourmandes-de-joce.fr\/wp-content\/uploads\/2021\/05\/p8141893-300x231.jpg 300w, http:\/\/recettes-gourmandes-de-joce.fr\/wp-content\/uploads\/2021\/05\/p8141893-768x592.jpg 768w, http:\/\/recettes-gourmandes-de-joce.fr\/wp-content\/uploads\/2021\/05\/p8141893-750x578.jpg 750w, http:\/\/recettes-gourmandes-de-joce.fr\/wp-content\/uploads\/2021\/05\/p8141893.jpg 789w\" sizes=\"auto, (max-width: 208px) 100vw, 208px\" \/><\/span><\/span><\/em><\/span><\/p>\n<p style=\"text-align: center;\"><span style=\"color: #003300;\"><em><span style=\"font-size: 14pt;\"><span style=\"font-family: georgia, palatino, serif;\">Ajouter la sauce soja et m\u00e9langer, laisser mariner minimum 1h. Lorsqu&rsquo;elles ont bien marin\u00e9, les verser dans une po\u00eale, les cuire en remuant r\u00e9guli\u00e8rement environ 5 petites minutes (le temps qu&rsquo;elles changent de couleur), rectifier l&rsquo;assaisonnement.<\/span><\/span><\/em><\/span><\/p>\n<p style=\"text-align: center;\"><span style=\"color: #003300;\"><img loading=\"lazy\" decoding=\"async\" class=\"alignnone wp-image-32821\" src=\"http:\/\/recettes-gourmandes-de-joce.fr\/wp-content\/uploads\/2021\/05\/p8141894-300x224.jpg\" alt=\"\" width=\"214\" height=\"160\" srcset=\"http:\/\/recettes-gourmandes-de-joce.fr\/wp-content\/uploads\/2021\/05\/p8141894-300x224.jpg 300w, http:\/\/recettes-gourmandes-de-joce.fr\/wp-content\/uploads\/2021\/05\/p8141894-768x573.jpg 768w, http:\/\/recettes-gourmandes-de-joce.fr\/wp-content\/uploads\/2021\/05\/p8141894-750x560.jpg 750w, http:\/\/recettes-gourmandes-de-joce.fr\/wp-content\/uploads\/2021\/05\/p8141894.jpg 772w\" sizes=\"auto, (max-width: 214px) 100vw, 214px\" \/> <img loading=\"lazy\" decoding=\"async\" class=\"alignnone wp-image-32822\" src=\"http:\/\/recettes-gourmandes-de-joce.fr\/wp-content\/uploads\/2021\/05\/p8141895-300x213.jpg\" alt=\"\" width=\"226\" height=\"160\" srcset=\"http:\/\/recettes-gourmandes-de-joce.fr\/wp-content\/uploads\/2021\/05\/p8141895-300x213.jpg 300w, http:\/\/recettes-gourmandes-de-joce.fr\/wp-content\/uploads\/2021\/05\/p8141895-768x544.jpg 768w, http:\/\/recettes-gourmandes-de-joce.fr\/wp-content\/uploads\/2021\/05\/p8141895-750x532.jpg 750w, http:\/\/recettes-gourmandes-de-joce.fr\/wp-content\/uploads\/2021\/05\/p8141895.jpg 797w\" sizes=\"auto, (max-width: 226px) 100vw, 226px\" \/><\/span><\/p>\n<p style=\"text-align: center;\"><span style=\"color: #003300;\"><em><span style=\"font-size: 14pt;\"><span style=\"font-family: georgia, palatino, serif;\">Ajouter la cr\u00e8me, m\u00e9langer laisser chauffer quelques secondes et servir.<\/span><\/span><\/em><\/span><\/p>\n<p style=\"text-align: center;\"><span style=\"color: #003300;\"><em><span style=\"font-size: 14pt;\"><span style=\"font-family: georgia, palatino, serif;\">Id\u00e9al pour une entr\u00e9e sympa mais aussi pour un ap\u00e9ro, elles peuvent \u00eatre r\u00e9chauff\u00e9es au micro-ondes quelques secondes juste avant d&rsquo;\u00eatre servies.<\/span><\/span><\/em><\/span><\/p>\n<p style=\"text-align: center;\"><span style=\"color: #003300;\"><em><span style=\"font-size: 14pt;\"><span style=\"font-family: georgia, palatino, serif;\">Bon app\u00e9tit!<\/span><\/span><\/em><\/span><\/p>\n<p style=\"text-align: center;\"><span style=\"color: #003300;\"><em><span style=\"font-size: 14pt;\"><span style=\"font-family: georgia, palatino, serif;\"><img loading=\"lazy\" decoding=\"async\" class=\"alignnone wp-image-32824\" src=\"http:\/\/recettes-gourmandes-de-joce.fr\/wp-content\/uploads\/2021\/05\/p8141905-300x260.jpg\" alt=\"\" width=\"208\" height=\"180\" srcset=\"http:\/\/recettes-gourmandes-de-joce.fr\/wp-content\/uploads\/2021\/05\/p8141905-300x260.jpg 300w, http:\/\/recettes-gourmandes-de-joce.fr\/wp-content\/uploads\/2021\/05\/p8141905-768x665.jpg 768w, http:\/\/recettes-gourmandes-de-joce.fr\/wp-content\/uploads\/2021\/05\/p8141905-750x649.jpg 750w, http:\/\/recettes-gourmandes-de-joce.fr\/wp-content\/uploads\/2021\/05\/p8141905.jpg 798w\" sizes=\"auto, (max-width: 208px) 100vw, 208px\" \/><\/span><\/span><\/em><em><span style=\"font-size: 14pt;\"><span style=\"font-family: georgia, palatino, serif;\"> <img loading=\"lazy\" decoding=\"async\" class=\"alignnone wp-image-32827\" src=\"http:\/\/recettes-gourmandes-de-joce.fr\/wp-content\/uploads\/2021\/05\/p8141910-300x213.jpg\" alt=\"\" width=\"254\" height=\"180\" srcset=\"http:\/\/recettes-gourmandes-de-joce.fr\/wp-content\/uploads\/2021\/05\/p8141910-300x213.jpg 300w, http:\/\/recettes-gourmandes-de-joce.fr\/wp-content\/uploads\/2021\/05\/p8141910-768x544.jpg 768w, http:\/\/recettes-gourmandes-de-joce.fr\/wp-content\/uploads\/2021\/05\/p8141910-750x532.jpg 750w, http:\/\/recettes-gourmandes-de-joce.fr\/wp-content\/uploads\/2021\/05\/p8141910.jpg 797w\" sizes=\"auto, (max-width: 254px) 100vw, 254px\" \/> <img loading=\"lazy\" decoding=\"async\" class=\"alignnone wp-image-32823\" src=\"http:\/\/recettes-gourmandes-de-joce.fr\/wp-content\/uploads\/2021\/05\/p8141902-300x212.jpg\" alt=\"\" width=\"254\" height=\"180\" srcset=\"http:\/\/recettes-gourmandes-de-joce.fr\/wp-content\/uploads\/2021\/05\/p8141902-300x212.jpg 300w, http:\/\/recettes-gourmandes-de-joce.fr\/wp-content\/uploads\/2021\/05\/p8141902-768x543.jpg 768w, http:\/\/recettes-gourmandes-de-joce.fr\/wp-content\/uploads\/2021\/05\/p8141902-750x531.jpg 750w, http:\/\/recettes-gourmandes-de-joce.fr\/wp-content\/uploads\/2021\/05\/p8141902.jpg 797w\" sizes=\"auto, (max-width: 254px) 100vw, 254px\" \/><\/span><\/span><\/em><\/span><\/p>\n<p style=\"text-align: center;\"><span style=\"color: #003300;\"><img loading=\"lazy\" decoding=\"async\" class=\"alignnone wp-image-24317 size-full\" src=\"http:\/\/recettes-gourmandes-de-joce.fr\/wp-content\/uploads\/2020\/07\/logitech-gaming-software-14112014-121223.jpg\" alt=\"\" width=\"640\" height=\"144\" srcset=\"http:\/\/recettes-gourmandes-de-joce.fr\/wp-content\/uploads\/2020\/07\/logitech-gaming-software-14112014-121223.jpg 640w, http:\/\/recettes-gourmandes-de-joce.fr\/wp-content\/uploads\/2020\/07\/logitech-gaming-software-14112014-121223-300x68.jpg 300w\" sizes=\"auto, (max-width: 640px) 100vw, 640px\" \/><\/span><\/p>\n<\/div>\n<\/div>\n<\/div>\n<\/div>\n<\/div>\n<\/div>\n<\/div>\n","protected":false},"excerpt":{"rendered":"<p>Une de mes recettes Ingr\u00e9dients pour 4 personnes pour une entr\u00e9e\u00a0 ou pour 6 pour un amuse-bouche 400 g de grosses crevettes roses (rayon surgel\u00e9s Lidl) 2 piments doux ou \u00bd poivron vert 1 \u00e9chalote 2 gousses d&rsquo;ail 1 petit bouquet de persil plat 5 tiges de cive ou d&rsquo;oignons blancs 2 pinc\u00e9es de piment &hellip; <\/p>\n<p><a class=\"more-link btn\" href=\"http:\/\/recettes-gourmandes-de-joce.fr\/index.php\/index\/aperitifs-amuses-bouches\/amuses-bouches\/crevettes-et-moules-marinees-aux-epices-et-piments-doux\/\">Lire la suite<\/a><\/p>\n","protected":false},"author":2,"featured_media":83275,"parent":195,"menu_order":0,"comment_status":"open","ping_status":"closed","template":"","meta":{"footnotes":""},"class_list":["post-32816","page","type-page","status-publish","has-post-thumbnail","hentry","nodate","item-wrap"],"_links":{"self":[{"href":"http:\/\/recettes-gourmandes-de-joce.fr\/index.php\/wp-json\/wp\/v2\/pages\/32816","targetHints":{"allow":["GET"]}}],"collection":[{"href":"http:\/\/recettes-gourmandes-de-joce.fr\/index.php\/wp-json\/wp\/v2\/pages"}],"about":[{"href":"http:\/\/recettes-gourmandes-de-joce.fr\/index.php\/wp-json\/wp\/v2\/types\/page"}],"author":[{"embeddable":true,"href":"http:\/\/recettes-gourmandes-de-joce.fr\/index.php\/wp-json\/wp\/v2\/users\/2"}],"replies":[{"embeddable":true,"href":"http:\/\/recettes-gourmandes-de-joce.fr\/index.php\/wp-json\/wp\/v2\/comments?post=32816"}],"version-history":[{"count":3,"href":"http:\/\/recettes-gourmandes-de-joce.fr\/index.php\/wp-json\/wp\/v2\/pages\/32816\/revisions"}],"predecessor-version":[{"id":83276,"href":"http:\/\/recettes-gourmandes-de-joce.fr\/index.php\/wp-json\/wp\/v2\/pages\/32816\/revisions\/83276"}],"up":[{"embeddable":true,"href":"http:\/\/recettes-gourmandes-de-joce.fr\/index.php\/wp-json\/wp\/v2\/pages\/195"}],"wp:featuredmedia":[{"embeddable":true,"href":"http:\/\/recettes-gourmandes-de-joce.fr\/index.php\/wp-json\/wp\/v2\/media\/83275"}],"wp:attachment":[{"href":"http:\/\/recettes-gourmandes-de-joce.fr\/index.php\/wp-json\/wp\/v2\/media?parent=32816"}],"curies":[{"name":"wp","href":"https:\/\/api.w.org\/{rel}","templated":true}]}}