{"id":32733,"date":"2021-05-28T20:21:13","date_gmt":"2021-05-28T20:21:13","guid":{"rendered":"http:\/\/recettes-gourmandes-de-joce.fr\/?page_id=32733"},"modified":"2024-06-18T11:03:31","modified_gmt":"2024-06-18T11:03:31","slug":"verrines-aux-crevettes-avocat-et-crudites","status":"publish","type":"page","link":"http:\/\/recettes-gourmandes-de-joce.fr\/index.php\/index\/entrees\/entrees-froides\/verrines-aux-crevettes-avocat-et-crudites\/","title":{"rendered":"Verrines aux crevettes, avocat et crudit\u00e9s."},"content":{"rendered":"<p class=\"view-title\" style=\"text-align: center;\"><span style=\"text-decoration: underline; font-size: 18pt; color: #008000;\"><em style=\"font-family: georgia, palatino, serif;\">Une de mes recettes<\/em><\/span><\/p>\n<p style=\"text-align: center;\"><img loading=\"lazy\" decoding=\"async\" class=\"alignnone wp-image-32748\" src=\"http:\/\/recettes-gourmandes-de-joce.fr\/wp-content\/uploads\/2021\/05\/pb230078-235x300.jpg\" alt=\"\" width=\"141\" height=\"180\" srcset=\"http:\/\/recettes-gourmandes-de-joce.fr\/wp-content\/uploads\/2021\/05\/pb230078-235x300.jpg 235w, http:\/\/recettes-gourmandes-de-joce.fr\/wp-content\/uploads\/2021\/05\/pb230078.jpg 595w\" sizes=\"auto, (max-width: 141px) 100vw, 141px\" \/> <img loading=\"lazy\" decoding=\"async\" class=\"alignnone wp-image-32734\" src=\"http:\/\/recettes-gourmandes-de-joce.fr\/wp-content\/uploads\/2021\/05\/pb230081-300x225.jpg\" alt=\"\" width=\"240\" height=\"180\" srcset=\"http:\/\/recettes-gourmandes-de-joce.fr\/wp-content\/uploads\/2021\/05\/pb230081-300x225.jpg 300w, http:\/\/recettes-gourmandes-de-joce.fr\/wp-content\/uploads\/2021\/05\/pb230081-768x576.jpg 768w, http:\/\/recettes-gourmandes-de-joce.fr\/wp-content\/uploads\/2021\/05\/pb230081-750x563.jpg 750w, http:\/\/recettes-gourmandes-de-joce.fr\/wp-content\/uploads\/2021\/05\/pb230081.jpg 800w\" sizes=\"auto, (max-width: 240px) 100vw, 240px\" \/> <img loading=\"lazy\" decoding=\"async\" class=\"alignnone wp-image-32735\" src=\"http:\/\/recettes-gourmandes-de-joce.fr\/wp-content\/uploads\/2021\/05\/pb230082-1-262x300.jpg\" alt=\"\" width=\"157\" height=\"180\" srcset=\"http:\/\/recettes-gourmandes-de-joce.fr\/wp-content\/uploads\/2021\/05\/pb230082-1-262x300.jpg 262w, http:\/\/recettes-gourmandes-de-joce.fr\/wp-content\/uploads\/2021\/05\/pb230082-1.jpg 540w\" sizes=\"auto, (max-width: 157px) 100vw, 157px\" \/><\/p>\n<p style=\"text-align: center;\"><em style=\"font-family: georgia, palatino, serif; color: #008000; font-size: 18pt; text-decoration-line: underline;\">Ingr\u00e9dients pour 3 personnes<\/em><\/p>\n<div class=\"row-container page_1\" style=\"text-align: center;\">\n<div class=\"row-content\">\n<div class=\"row\">\n<div class=\"column self-stretch\">\n<div class=\"column-content\">\n<div class=\"clearfix\">\n<p><img loading=\"lazy\" decoding=\"async\" class=\"alignnone size-medium wp-image-32736\" src=\"http:\/\/recettes-gourmandes-de-joce.fr\/wp-content\/uploads\/2021\/05\/pb220054-300x179.jpg\" alt=\"\" width=\"300\" height=\"179\" srcset=\"http:\/\/recettes-gourmandes-de-joce.fr\/wp-content\/uploads\/2021\/05\/pb220054-300x179.jpg 300w, http:\/\/recettes-gourmandes-de-joce.fr\/wp-content\/uploads\/2021\/05\/pb220054-768x459.jpg 768w, http:\/\/recettes-gourmandes-de-joce.fr\/wp-content\/uploads\/2021\/05\/pb220054-750x448.jpg 750w, http:\/\/recettes-gourmandes-de-joce.fr\/wp-content\/uploads\/2021\/05\/pb220054.jpg 783w\" sizes=\"auto, (max-width: 300px) 100vw, 300px\" \/><\/p>\n<p><span style=\"font-family: georgia, palatino, serif; font-size: 14pt; color: #008000;\"><em>1 avocat<\/em><\/span><\/p>\n<p><span style=\"font-family: georgia, palatino, serif; font-size: 14pt; color: #008000;\"><em>1 petite tige de c\u00e9leri<\/em><\/span><\/p>\n<p><span style=\"font-family: georgia, palatino, serif; font-size: 14pt; color: #008000;\"><em>1 bouquet de ciboulette<\/em><\/span><\/p>\n<p><span style=\"font-family: georgia, palatino, serif; font-size: 14pt; color: #008000;\"><em>1 petite tomate<\/em><\/span><\/p>\n<p><span style=\"font-family: georgia, palatino, serif; font-size: 14pt; color: #008000;\"><em>3 champignons de Paris frais<\/em><\/span><\/p>\n<p><span style=\"font-family: georgia, palatino, serif; font-size: 14pt; color: #008000;\"><em>1 boite de crevettes roses<\/em><\/span><\/p>\n<p><span style=\"font-family: georgia, palatino, serif; font-size: 14pt; color: #008000;\"><em>1 petite \u00e9chalote<\/em><\/span><\/p>\n<p><span style=\"font-size: 14pt; font-family: georgia, palatino, serif; color: #008000;\"><em>\u00bd citron vert<\/em><\/span><\/p>\n<p><span style=\"font-family: georgia, palatino, serif; font-size: 14pt; color: #008000;\"><em>Sel et poivre<\/em><\/span><\/p>\n<p><span style=\"font-family: georgia, palatino, serif; font-size: 14pt; color: #008000;\"><em>3 c \u00e0 s de mayonnaise<\/em><\/span><\/p>\n<p><span style=\"font-family: georgia, palatino, serif; font-size: 14pt; color: #008000;\"><em> Recette de la mayonnaise sur ce lien -&gt; <a href=\"http:\/\/recettes-gourmandes-de-joce.fr\/index.php\/index\/sauces-assaisonnements\/sauces-froides\/mayonnaise\/\">Mayonnaise<\/a><\/em><\/span><\/p>\n<p><img loading=\"lazy\" decoding=\"async\" class=\"alignnone wp-image-32737\" src=\"http:\/\/recettes-gourmandes-de-joce.fr\/wp-content\/uploads\/2021\/05\/pb220056-300x221.jpg\" alt=\"\" width=\"217\" height=\"160\" srcset=\"http:\/\/recettes-gourmandes-de-joce.fr\/wp-content\/uploads\/2021\/05\/pb220056-300x221.jpg 300w, http:\/\/recettes-gourmandes-de-joce.fr\/wp-content\/uploads\/2021\/05\/pb220056-768x566.jpg 768w, http:\/\/recettes-gourmandes-de-joce.fr\/wp-content\/uploads\/2021\/05\/pb220056-750x552.jpg 750w, http:\/\/recettes-gourmandes-de-joce.fr\/wp-content\/uploads\/2021\/05\/pb220056.jpg 793w\" sizes=\"auto, (max-width: 217px) 100vw, 217px\" \/> <img loading=\"lazy\" decoding=\"async\" class=\"alignnone wp-image-32738\" src=\"http:\/\/recettes-gourmandes-de-joce.fr\/wp-content\/uploads\/2021\/05\/pb220058-300x245.jpg\" alt=\"\" width=\"196\" height=\"160\" srcset=\"http:\/\/recettes-gourmandes-de-joce.fr\/wp-content\/uploads\/2021\/05\/pb220058-300x245.jpg 300w, http:\/\/recettes-gourmandes-de-joce.fr\/wp-content\/uploads\/2021\/05\/pb220058.jpg 542w\" sizes=\"auto, (max-width: 196px) 100vw, 196px\" \/> <img loading=\"lazy\" decoding=\"async\" class=\"alignnone wp-image-32739\" src=\"http:\/\/recettes-gourmandes-de-joce.fr\/wp-content\/uploads\/2021\/05\/pb220059-300x169.jpg\" alt=\"\" width=\"283\" height=\"160\" srcset=\"http:\/\/recettes-gourmandes-de-joce.fr\/wp-content\/uploads\/2021\/05\/pb220059-300x169.jpg 300w, http:\/\/recettes-gourmandes-de-joce.fr\/wp-content\/uploads\/2021\/05\/pb220059-750x424.jpg 750w, http:\/\/recettes-gourmandes-de-joce.fr\/wp-content\/uploads\/2021\/05\/pb220059.jpg 763w\" sizes=\"auto, (max-width: 283px) 100vw, 283px\" \/><\/p>\n<p><span style=\"font-family: georgia, palatino, serif; font-size: 14pt; color: #008000;\"><em>Pr\u00e9parer votre mayonnaise,\u00a0<\/em><\/span><em style=\"color: #008000; font-family: georgia, palatino, serif; font-size: 18.6667px;\">peler et hacher l&rsquo;\u00e9chalote, <\/em><em style=\"color: #008000; font-family: georgia, palatino, serif; font-size: 14pt;\">couper\u00a0<\/em><em style=\"color: #008000; font-family: georgia, palatino, serif; font-size: 14pt;\">le c\u00e9leri en petits d\u00e9s ainsi que <\/em><em style=\"color: #008000; font-family: georgia, palatino, serif; font-size: 14pt;\">la tomate et\u00a0 \u00e9mincer les champignons en tranches pas trop fines.<\/em><\/p>\n<p><img loading=\"lazy\" decoding=\"async\" class=\"alignnone wp-image-32693\" src=\"http:\/\/recettes-gourmandes-de-joce.fr\/wp-content\/uploads\/2021\/05\/20210526_193141-300x225.jpg\" alt=\"\" width=\"213\" height=\"160\" srcset=\"http:\/\/recettes-gourmandes-de-joce.fr\/wp-content\/uploads\/2021\/05\/20210526_193141-300x225.jpg 300w, http:\/\/recettes-gourmandes-de-joce.fr\/wp-content\/uploads\/2021\/05\/20210526_193141-768x576.jpg 768w, http:\/\/recettes-gourmandes-de-joce.fr\/wp-content\/uploads\/2021\/05\/20210526_193141-750x563.jpg 750w, http:\/\/recettes-gourmandes-de-joce.fr\/wp-content\/uploads\/2021\/05\/20210526_193141.jpg 800w\" sizes=\"auto, (max-width: 213px) 100vw, 213px\" \/> <img loading=\"lazy\" decoding=\"async\" class=\"alignnone wp-image-32752\" src=\"http:\/\/recettes-gourmandes-de-joce.fr\/wp-content\/uploads\/2021\/05\/verrines-avocat-crabe-pamplemousse-6-300x242.jpg\" alt=\"\" width=\"198\" height=\"160\" srcset=\"http:\/\/recettes-gourmandes-de-joce.fr\/wp-content\/uploads\/2021\/05\/verrines-avocat-crabe-pamplemousse-6-300x242.jpg 300w, http:\/\/recettes-gourmandes-de-joce.fr\/wp-content\/uploads\/2021\/05\/verrines-avocat-crabe-pamplemousse-6.jpg 527w\" sizes=\"auto, (max-width: 198px) 100vw, 198px\" \/>\u00a0<img loading=\"lazy\" decoding=\"async\" class=\"alignnone wp-image-32740\" src=\"http:\/\/recettes-gourmandes-de-joce.fr\/wp-content\/uploads\/2021\/05\/pb220060-300x229.jpg\" alt=\"\" width=\"210\" height=\"160\" srcset=\"http:\/\/recettes-gourmandes-de-joce.fr\/wp-content\/uploads\/2021\/05\/pb220060-300x229.jpg 300w, http:\/\/recettes-gourmandes-de-joce.fr\/wp-content\/uploads\/2021\/05\/pb220060.jpg 735w\" sizes=\"auto, (max-width: 210px) 100vw, 210px\" \/><\/p>\n<p><span style=\"color: #008000;\"><em style=\"font-size: 14pt;\"><span style=\"font-family: georgia, palatino, serif;\">Ciseler la ciboulette. \u00d4ter la peau de l&rsquo;avocat et coupez le en morceaux, citronnez le.<\/span> <\/em><\/span><em style=\"color: #008000; font-family: georgia, palatino, serif; font-size: 14pt;\">Egoutter les crevettes, dans un bol mettre 3 bonnes c \u00e0 s de mayonnaise, lui ajouter les crevettes et m\u00e9langer.<\/em><\/p>\n<\/div>\n<\/div>\n<\/div>\n<\/div>\n<\/div>\n<\/div>\n<p style=\"text-align: center;\"><img loading=\"lazy\" decoding=\"async\" class=\"alignnone wp-image-32741\" src=\"http:\/\/recettes-gourmandes-de-joce.fr\/wp-content\/uploads\/2021\/05\/pb220061-300x227.jpg\" alt=\"\" width=\"212\" height=\"160\" srcset=\"http:\/\/recettes-gourmandes-de-joce.fr\/wp-content\/uploads\/2021\/05\/pb220061-300x227.jpg 300w, http:\/\/recettes-gourmandes-de-joce.fr\/wp-content\/uploads\/2021\/05\/pb220061-768x580.jpg 768w, http:\/\/recettes-gourmandes-de-joce.fr\/wp-content\/uploads\/2021\/05\/pb220061-750x567.jpg 750w, http:\/\/recettes-gourmandes-de-joce.fr\/wp-content\/uploads\/2021\/05\/pb220061.jpg 790w\" sizes=\"auto, (max-width: 212px) 100vw, 212px\" \/> <img loading=\"lazy\" decoding=\"async\" class=\"alignnone wp-image-32742\" src=\"http:\/\/recettes-gourmandes-de-joce.fr\/wp-content\/uploads\/2021\/05\/pb220062-300x209.jpg\" alt=\"\" width=\"229\" height=\"160\" srcset=\"http:\/\/recettes-gourmandes-de-joce.fr\/wp-content\/uploads\/2021\/05\/pb220062-300x209.jpg 300w, http:\/\/recettes-gourmandes-de-joce.fr\/wp-content\/uploads\/2021\/05\/pb220062-768x536.jpg 768w, http:\/\/recettes-gourmandes-de-joce.fr\/wp-content\/uploads\/2021\/05\/pb220062-750x524.jpg 750w, http:\/\/recettes-gourmandes-de-joce.fr\/wp-content\/uploads\/2021\/05\/pb220062.jpg 795w\" sizes=\"auto, (max-width: 229px) 100vw, 229px\" \/> <img loading=\"lazy\" decoding=\"async\" class=\"alignnone wp-image-32743\" src=\"http:\/\/recettes-gourmandes-de-joce.fr\/wp-content\/uploads\/2021\/05\/pb220063-300x168.jpg\" alt=\"\" width=\"285\" height=\"160\" srcset=\"http:\/\/recettes-gourmandes-de-joce.fr\/wp-content\/uploads\/2021\/05\/pb220063-300x168.jpg 300w, http:\/\/recettes-gourmandes-de-joce.fr\/wp-content\/uploads\/2021\/05\/pb220063-750x421.jpg 750w, http:\/\/recettes-gourmandes-de-joce.fr\/wp-content\/uploads\/2021\/05\/pb220063.jpg 765w\" sizes=\"auto, (max-width: 285px) 100vw, 285px\" \/><\/p>\n<p style=\"text-align: center;\"><span style=\"font-family: georgia, palatino, serif; font-size: 14pt; color: #008000;\"><em> Ajouter le c\u00e9leri, la ciboulette et l&rsquo;\u00e9chalote, m\u00e9langer. <\/em><\/span><span style=\"font-family: georgia, palatino, serif; font-size: 14pt; color: #008000;\"><em>Dans des verrines r\u00e9partir au fond les d\u00e9s de tomate.<\/em><\/span><\/p>\n<p style=\"text-align: center;\"><img loading=\"lazy\" decoding=\"async\" class=\"alignnone wp-image-32744\" src=\"http:\/\/recettes-gourmandes-de-joce.fr\/wp-content\/uploads\/2021\/05\/pb220064-300x165.jpg\" alt=\"\" width=\"291\" height=\"160\" srcset=\"http:\/\/recettes-gourmandes-de-joce.fr\/wp-content\/uploads\/2021\/05\/pb220064-300x165.jpg 300w, http:\/\/recettes-gourmandes-de-joce.fr\/wp-content\/uploads\/2021\/05\/pb220064-768x422.jpg 768w, http:\/\/recettes-gourmandes-de-joce.fr\/wp-content\/uploads\/2021\/05\/pb220064-750x412.jpg 750w, http:\/\/recettes-gourmandes-de-joce.fr\/wp-content\/uploads\/2021\/05\/pb220064.jpg 781w\" sizes=\"auto, (max-width: 291px) 100vw, 291px\" \/> <img loading=\"lazy\" decoding=\"async\" class=\"alignnone wp-image-32745\" src=\"http:\/\/recettes-gourmandes-de-joce.fr\/wp-content\/uploads\/2021\/05\/pb220067-300x225.jpg\" alt=\"\" width=\"213\" height=\"160\" srcset=\"http:\/\/recettes-gourmandes-de-joce.fr\/wp-content\/uploads\/2021\/05\/pb220067-300x225.jpg 300w, http:\/\/recettes-gourmandes-de-joce.fr\/wp-content\/uploads\/2021\/05\/pb220067-768x576.jpg 768w, http:\/\/recettes-gourmandes-de-joce.fr\/wp-content\/uploads\/2021\/05\/pb220067-750x563.jpg 750w, http:\/\/recettes-gourmandes-de-joce.fr\/wp-content\/uploads\/2021\/05\/pb220067.jpg 800w\" sizes=\"auto, (max-width: 213px) 100vw, 213px\" \/><\/p>\n<p style=\"text-align: center;\"><span style=\"font-family: georgia, palatino, serif; font-size: 14pt; color: #008000;\"><em>Ajouter la moiti\u00e9 du m\u00e9lange aux crevettes.\u00a0 R\u00e9partir la moiti\u00e9 de l&rsquo;avocat dans les verrines,\u00a0 <\/em><\/span><span style=\"font-family: georgia, palatino, serif; font-size: 14pt; color: #008000;\"><em>ajouter le reste du m\u00e9lange aux crevettes, finir par l&rsquo;avocat. Disposer autour les tranches de champignons, d\u00e9corer de trois brins de ciboulettes.\u00a0<\/em><\/span><\/p>\n<p style=\"text-align: center;\"><span style=\"font-family: georgia, palatino, serif; font-size: 14pt; color: #008000;\"><em>Bon app\u00e9tit!<\/em><\/span><\/p>\n<p style=\"text-align: center;\"><img loading=\"lazy\" decoding=\"async\" class=\"alignnone wp-image-32748\" src=\"http:\/\/recettes-gourmandes-de-joce.fr\/wp-content\/uploads\/2021\/05\/pb230078-235x300.jpg\" alt=\"\" width=\"141\" height=\"180\" srcset=\"http:\/\/recettes-gourmandes-de-joce.fr\/wp-content\/uploads\/2021\/05\/pb230078-235x300.jpg 235w, http:\/\/recettes-gourmandes-de-joce.fr\/wp-content\/uploads\/2021\/05\/pb230078.jpg 595w\" sizes=\"auto, (max-width: 141px) 100vw, 141px\" \/> <img loading=\"lazy\" decoding=\"async\" class=\"alignnone wp-image-32734\" src=\"http:\/\/recettes-gourmandes-de-joce.fr\/wp-content\/uploads\/2021\/05\/pb230081-300x225.jpg\" alt=\"\" width=\"240\" height=\"180\" srcset=\"http:\/\/recettes-gourmandes-de-joce.fr\/wp-content\/uploads\/2021\/05\/pb230081-300x225.jpg 300w, http:\/\/recettes-gourmandes-de-joce.fr\/wp-content\/uploads\/2021\/05\/pb230081-768x576.jpg 768w, http:\/\/recettes-gourmandes-de-joce.fr\/wp-content\/uploads\/2021\/05\/pb230081-750x563.jpg 750w, http:\/\/recettes-gourmandes-de-joce.fr\/wp-content\/uploads\/2021\/05\/pb230081.jpg 800w\" sizes=\"auto, (max-width: 240px) 100vw, 240px\" \/> <img loading=\"lazy\" decoding=\"async\" class=\"alignnone wp-image-32735\" src=\"http:\/\/recettes-gourmandes-de-joce.fr\/wp-content\/uploads\/2021\/05\/pb230082-1-262x300.jpg\" alt=\"\" width=\"157\" height=\"180\" srcset=\"http:\/\/recettes-gourmandes-de-joce.fr\/wp-content\/uploads\/2021\/05\/pb230082-1-262x300.jpg 262w, http:\/\/recettes-gourmandes-de-joce.fr\/wp-content\/uploads\/2021\/05\/pb230082-1.jpg 540w\" sizes=\"auto, (max-width: 157px) 100vw, 157px\" \/><\/p>\n<p style=\"text-align: center;\"><img loading=\"lazy\" decoding=\"async\" class=\"alignnone wp-image-24317 size-full\" src=\"http:\/\/recettes-gourmandes-de-joce.fr\/wp-content\/uploads\/2020\/07\/logitech-gaming-software-14112014-121223.jpg\" alt=\"\" width=\"640\" height=\"144\" srcset=\"http:\/\/recettes-gourmandes-de-joce.fr\/wp-content\/uploads\/2020\/07\/logitech-gaming-software-14112014-121223.jpg 640w, http:\/\/recettes-gourmandes-de-joce.fr\/wp-content\/uploads\/2020\/07\/logitech-gaming-software-14112014-121223-300x68.jpg 300w\" sizes=\"auto, (max-width: 640px) 100vw, 640px\" \/><\/p>\n<div class=\"plugins\">\n<div id=\"comments-pages\" class=\"plugin plugin-comments\">\n<p style=\"text-align: left;\"><span style=\"font-family: georgia, palatino, serif; font-size: 14pt;\">Commentaires\u00a0<small>(2)<\/small><\/span><\/p>\n<div class=\"items-container\">\n<div class=\"pull-left\" style=\"text-align: left;\"><span style=\"font-family: georgia, palatino, serif; font-size: 14pt;\"><img decoding=\"async\" class=\"media-object\" src=\"http:\/\/recettesgourmandesdejoce.e-monsite.com\/medias\/static\/manager\/im\/avatar.png?fx=c_50_50\" alt=\"papy roger\" width=\"50\" \/><\/span><\/div>\n<div class=\"media-body\" style=\"text-align: left;\">\n<ul class=\"inline item-infos\">\n<li><span style=\"font-family: georgia, palatino, serif; font-size: 14pt;\"><span class=\"comment-number\">1.<\/span>\u00a0<span class=\"comment-author\">papy roger<\/span>\u00a0<span class=\"comment-date\">| 27\/11\/2011<\/span><\/span><\/li>\n<\/ul>\n<div class=\"comment-content\"><span style=\"font-family: georgia, palatino, serif; font-size: 14pt;\">un veritable delice,,,<\/span><\/div>\n<\/div>\n<div class=\"item item-comment media\">\n<p class=\"pull-left\" style=\"text-align: left;\"><span style=\"font-family: georgia, palatino, serif; font-size: 14pt;\"><img decoding=\"async\" class=\"media-object\" src=\"https:\/\/www.gravatar.com\/avatar\/e7a3bf9e874b88ba0e0813baa7304eaa?d=http%3A%2F%2Frecettesgourmandesdejoce.e-monsite.com%2Fmedias%2Fstatic%2Fmanager%2Fim%2Favatar.png?s=50&amp;d=mm\" alt=\"MAMIE JAJA\" width=\"50\" \/><\/span><\/p>\n<div class=\"media-body\">\n<ul class=\"inline item-infos\" style=\"text-align: left;\">\n<li><span style=\"font-family: georgia, palatino, serif; font-size: 14pt;\"><span class=\"comment-number\">2.<\/span>\u00a0<span class=\"comment-author\">MAMIE JAJA<\/span>\u00a0<span class=\"comment-date\">| 27\/11\/2011<\/span><\/span><\/li>\n<\/ul>\n<p class=\"comment-content\" style=\"text-align: left;\"><span style=\"font-family: georgia, palatino, serif; font-size: 14pt;\">Bravos Joce<\/span><br \/>\n<span style=\"font-family: georgia, palatino, serif; font-size: 14pt;\">toujours de tr\u00e8s bonnes recettes.<\/span><br \/>\n<span style=\"font-family: georgia, palatino, serif; font-size: 14pt;\">GROS BISOUS<\/span><br \/>\n<span style=\"font-family: georgia, palatino, serif; font-size: 14pt;\">MAMIE JAJA<\/span><\/p>\n<\/div>\n<\/div>\n<\/div>\n<\/div>\n<\/div>\n","protected":false},"excerpt":{"rendered":"<p>Une de mes recettes Ingr\u00e9dients pour 3 personnes 1 avocat 1 petite tige de c\u00e9leri 1 bouquet de ciboulette 1 petite tomate 3 champignons de Paris frais 1 boite de crevettes roses 1 petite \u00e9chalote \u00bd citron vert Sel et poivre 3 c \u00e0 s de mayonnaise Recette de la mayonnaise sur ce lien -&gt; &hellip; <\/p>\n<p><a class=\"more-link btn\" href=\"http:\/\/recettes-gourmandes-de-joce.fr\/index.php\/index\/entrees\/entrees-froides\/verrines-aux-crevettes-avocat-et-crudites\/\">Lire la suite<\/a><\/p>\n","protected":false},"author":2,"featured_media":84174,"parent":185,"menu_order":0,"comment_status":"open","ping_status":"closed","template":"","meta":{"footnotes":""},"class_list":["post-32733","page","type-page","status-publish","has-post-thumbnail","hentry","nodate","item-wrap"],"_links":{"self":[{"href":"http:\/\/recettes-gourmandes-de-joce.fr\/index.php\/wp-json\/wp\/v2\/pages\/32733","targetHints":{"allow":["GET"]}}],"collection":[{"href":"http:\/\/recettes-gourmandes-de-joce.fr\/index.php\/wp-json\/wp\/v2\/pages"}],"about":[{"href":"http:\/\/recettes-gourmandes-de-joce.fr\/index.php\/wp-json\/wp\/v2\/types\/page"}],"author":[{"embeddable":true,"href":"http:\/\/recettes-gourmandes-de-joce.fr\/index.php\/wp-json\/wp\/v2\/users\/2"}],"replies":[{"embeddable":true,"href":"http:\/\/recettes-gourmandes-de-joce.fr\/index.php\/wp-json\/wp\/v2\/comments?post=32733"}],"version-history":[{"count":7,"href":"http:\/\/recettes-gourmandes-de-joce.fr\/index.php\/wp-json\/wp\/v2\/pages\/32733\/revisions"}],"predecessor-version":[{"id":84175,"href":"http:\/\/recettes-gourmandes-de-joce.fr\/index.php\/wp-json\/wp\/v2\/pages\/32733\/revisions\/84175"}],"up":[{"embeddable":true,"href":"http:\/\/recettes-gourmandes-de-joce.fr\/index.php\/wp-json\/wp\/v2\/pages\/185"}],"wp:featuredmedia":[{"embeddable":true,"href":"http:\/\/recettes-gourmandes-de-joce.fr\/index.php\/wp-json\/wp\/v2\/media\/84174"}],"wp:attachment":[{"href":"http:\/\/recettes-gourmandes-de-joce.fr\/index.php\/wp-json\/wp\/v2\/media?parent=32733"}],"curies":[{"name":"wp","href":"https:\/\/api.w.org\/{rel}","templated":true}]}}