{"id":32634,"date":"2021-05-25T16:02:28","date_gmt":"2021-05-25T16:02:28","guid":{"rendered":"http:\/\/recettes-gourmandes-de-joce.fr\/?page_id=32634"},"modified":"2024-06-18T09:18:28","modified_gmt":"2024-06-18T09:18:28","slug":"champignons-farcis-au-chevre-et-au-st-moret","status":"publish","type":"page","link":"http:\/\/recettes-gourmandes-de-joce.fr\/index.php\/index\/entrees\/entrees-froides\/champignons-farcis-au-chevre-et-au-st-moret\/","title":{"rendered":"Champignons farcis au ch\u00e8vre et au St Mor\u00eat."},"content":{"rendered":"<div id=\"view-page\" class=\"view view-pages\" data-category=\"entrees-froides\">\n<p class=\"view-title\" style=\"text-align: center;\"><span style=\"text-decoration: underline; font-size: 18pt; color: #008000;\"><em><span style=\"font-family: georgia, palatino, serif;\">Une de mes recettes<\/span><\/em><\/span><\/p>\n<div id=\"rows-4f57d402304552ff8bb1f7b4\" class=\"rows clearfix\" data-total-pages=\"1\" data-current-page=\"1\">\n<div class=\"row-container page_1\">\n<div class=\"row-content\">\n<div class=\"row\">\n<div class=\"column self-stretch\">\n<div class=\"column-content\">\n<div class=\"clearfix\">\n<p style=\"text-align: center;\"><span style=\"color: #008000;\"><em><span style=\"font-size: 14pt; font-family: georgia, palatino, serif;\"><img loading=\"lazy\" decoding=\"async\" class=\"alignnone wp-image-32632\" src=\"http:\/\/recettes-gourmandes-de-joce.fr\/wp-content\/uploads\/2021\/05\/p3040041-1-300x218.jpg\" alt=\"\" width=\"248\" height=\"180\" srcset=\"http:\/\/recettes-gourmandes-de-joce.fr\/wp-content\/uploads\/2021\/05\/p3040041-1-300x218.jpg 300w, http:\/\/recettes-gourmandes-de-joce.fr\/wp-content\/uploads\/2021\/05\/p3040041-1-768x558.jpg 768w, http:\/\/recettes-gourmandes-de-joce.fr\/wp-content\/uploads\/2021\/05\/p3040041-1-750x545.jpg 750w, http:\/\/recettes-gourmandes-de-joce.fr\/wp-content\/uploads\/2021\/05\/p3040041-1.jpg 784w\" sizes=\"auto, (max-width: 248px) 100vw, 248px\" \/> <img loading=\"lazy\" decoding=\"async\" class=\"alignnone wp-image-32633\" src=\"http:\/\/recettes-gourmandes-de-joce.fr\/wp-content\/uploads\/2021\/05\/p3040044-300x214.jpg\" alt=\"\" width=\"252\" height=\"180\" srcset=\"http:\/\/recettes-gourmandes-de-joce.fr\/wp-content\/uploads\/2021\/05\/p3040044-300x214.jpg 300w, http:\/\/recettes-gourmandes-de-joce.fr\/wp-content\/uploads\/2021\/05\/p3040044-768x548.jpg 768w, http:\/\/recettes-gourmandes-de-joce.fr\/wp-content\/uploads\/2021\/05\/p3040044-750x535.jpg 750w, http:\/\/recettes-gourmandes-de-joce.fr\/wp-content\/uploads\/2021\/05\/p3040044.jpg 793w\" sizes=\"auto, (max-width: 252px) 100vw, 252px\" \/> <img loading=\"lazy\" decoding=\"async\" class=\"alignnone wp-image-32622\" src=\"http:\/\/recettes-gourmandes-de-joce.fr\/wp-content\/uploads\/2021\/05\/p3040051-300x213.jpg\" alt=\"\" width=\"254\" height=\"180\" srcset=\"http:\/\/recettes-gourmandes-de-joce.fr\/wp-content\/uploads\/2021\/05\/p3040051-300x213.jpg 300w, http:\/\/recettes-gourmandes-de-joce.fr\/wp-content\/uploads\/2021\/05\/p3040051-768x544.jpg 768w, http:\/\/recettes-gourmandes-de-joce.fr\/wp-content\/uploads\/2021\/05\/p3040051-750x531.jpg 750w, http:\/\/recettes-gourmandes-de-joce.fr\/wp-content\/uploads\/2021\/05\/p3040051.jpg 796w\" sizes=\"auto, (max-width: 254px) 100vw, 254px\" \/><\/span><\/em><\/span><\/p>\n<p style=\"text-align: center;\"><span style=\"text-decoration: underline; font-size: 18pt; color: #008000;\"><em><span style=\"font-family: georgia, palatino, serif;\">Ingr\u00e9dients pour 4 personnes<\/span><\/em><\/span><\/p>\n<p style=\"text-align: center;\"><span style=\"color: #008000;\"><img loading=\"lazy\" decoding=\"async\" class=\"alignnone wp-image-32623\" src=\"http:\/\/recettes-gourmandes-de-joce.fr\/wp-content\/uploads\/2021\/05\/p3040021-300x205.jpg\" alt=\"\" width=\"292\" height=\"200\" srcset=\"http:\/\/recettes-gourmandes-de-joce.fr\/wp-content\/uploads\/2021\/05\/p3040021-300x205.jpg 300w, http:\/\/recettes-gourmandes-de-joce.fr\/wp-content\/uploads\/2021\/05\/p3040021-750x514.jpg 750w, http:\/\/recettes-gourmandes-de-joce.fr\/wp-content\/uploads\/2021\/05\/p3040021.jpg 768w\" sizes=\"auto, (max-width: 292px) 100vw, 292px\" \/><\/span><\/p>\n<p style=\"text-align: center;\"><span style=\"color: #008000;\"><em><span style=\"font-size: 14pt; font-family: georgia, palatino, serif;\">10 beaux champignons frais de Paris<\/span><\/em><\/span><\/p>\n<p style=\"text-align: center;\"><span style=\"color: #008000;\"><em><span style=\"font-size: 14pt; font-family: georgia, palatino, serif;\">4 belles feuilles de batavia<\/span><\/em><\/span><\/p>\n<p style=\"text-align: center;\"><span style=\"color: #008000;\"><em><span style=\"font-size: 14pt; font-family: georgia, palatino, serif;\">1 petit bouquet de ciboulette<\/span><\/em><\/span><\/p>\n<p style=\"text-align: center;\"><span style=\"color: #008000;\"><em><span style=\"font-size: 14pt; font-family: georgia, palatino, serif;\">2 bonnes c \u00e0 s de cr\u00e8me fra\u00eeche<\/span><\/em><\/span><\/p>\n<p style=\"text-align: center;\"><span style=\"color: #008000;\"><em><span style=\"font-size: 14pt; font-family: georgia, palatino, serif;\">3 branches de thym frais<\/span><\/em><\/span><\/p>\n<p style=\"text-align: center;\"><span style=\"color: #008000;\"><em><span style=\"font-size: 14pt; font-family: georgia, palatino, serif;\">\u00bd crottin de ch\u00e8vre<\/span><\/em><\/span><\/p>\n<p style=\"text-align: center;\"><span style=\"color: #008000;\"><em><span style=\"font-size: 14pt; font-family: georgia, palatino, serif;\">50 g de St Mor\u00eat<\/span><\/em><\/span><\/p>\n<p style=\"text-align: center;\"><span style=\"color: #008000;\"><em><span style=\"font-size: 14pt; font-family: georgia, palatino, serif;\">3 pinc\u00e9es de piment d&rsquo;Espelette<\/span><\/em><\/span><\/p>\n<p style=\"text-align: center;\"><span style=\"color: #008000;\"><em><span style=\"font-size: 14pt; font-family: georgia, palatino, serif;\">1 c \u00e0 s de vinaigre de vin<\/span><\/em><\/span><\/p>\n<p style=\"text-align: center;\"><span style=\"color: #008000;\"><em><span style=\"font-size: 14pt; font-family: georgia, palatino, serif;\">3 c \u00e0 s d&rsquo;huile d&rsquo;olive<\/span><\/em><\/span><\/p>\n<p style=\"text-align: center;\"><span style=\"color: #008000;\"><em><span style=\"font-size: 14pt; font-family: georgia, palatino, serif;\">Sel<\/span><\/em><\/span><\/p>\n<p style=\"text-align: center;\"><span style=\"color: #008000;\"><em><span style=\"font-size: 14pt; font-family: georgia, palatino, serif;\"><img loading=\"lazy\" decoding=\"async\" class=\"alignnone wp-image-32628\" src=\"http:\/\/recettes-gourmandes-de-joce.fr\/wp-content\/uploads\/2021\/05\/p3040028-300x228.jpg\" alt=\"\" width=\"210\" height=\"160\" srcset=\"http:\/\/recettes-gourmandes-de-joce.fr\/wp-content\/uploads\/2021\/05\/p3040028-300x228.jpg 300w, http:\/\/recettes-gourmandes-de-joce.fr\/wp-content\/uploads\/2021\/05\/p3040028.jpg 738w\" sizes=\"auto, (max-width: 210px) 100vw, 210px\" \/> <img loading=\"lazy\" decoding=\"async\" class=\"alignnone wp-image-32154\" src=\"http:\/\/recettes-gourmandes-de-joce.fr\/wp-content\/uploads\/2021\/05\/p1010158-1-300x208.jpg\" alt=\"\" width=\"231\" height=\"160\" srcset=\"http:\/\/recettes-gourmandes-de-joce.fr\/wp-content\/uploads\/2021\/05\/p1010158-1-300x208.jpg 300w, http:\/\/recettes-gourmandes-de-joce.fr\/wp-content\/uploads\/2021\/05\/p1010158-1.jpg 643w\" sizes=\"auto, (max-width: 231px) 100vw, 231px\" \/> <img loading=\"lazy\" decoding=\"async\" class=\"alignnone wp-image-24231\" src=\"http:\/\/recettes-gourmandes-de-joce.fr\/wp-content\/uploads\/2020\/07\/20200724_110747-001-300x248.jpg\" alt=\"\" width=\"194\" height=\"160\" srcset=\"http:\/\/recettes-gourmandes-de-joce.fr\/wp-content\/uploads\/2020\/07\/20200724_110747-001-300x248.jpg 300w, http:\/\/recettes-gourmandes-de-joce.fr\/wp-content\/uploads\/2020\/07\/20200724_110747-001-768x635.jpg 768w, http:\/\/recettes-gourmandes-de-joce.fr\/wp-content\/uploads\/2020\/07\/20200724_110747-001.jpg 800w\" sizes=\"auto, (max-width: 194px) 100vw, 194px\" \/><\/span><\/em><\/span><\/p>\n<p style=\"text-align: center;\"><span style=\"color: #008000;\"><em><span style=\"font-size: 14pt; font-family: georgia, palatino, serif;\">Couper la moiti\u00e9 des queues des champignons en petits morceaux. <\/span><\/em><em><span style=\"font-size: 14pt; font-family: georgia, palatino, serif;\">Nettoyer les champignons et enlever les queues sans abimer les chapeaux, laver et ciseler la ciboulette, effeuiller le thym.<\/span><\/em><\/span><\/p>\n<p style=\"text-align: center;\"><span style=\"color: #008000;\"><img loading=\"lazy\" decoding=\"async\" class=\"alignnone wp-image-32624\" src=\"http:\/\/recettes-gourmandes-de-joce.fr\/wp-content\/uploads\/2021\/05\/p3040023-300x221.jpg\" alt=\"\" width=\"217\" height=\"160\" srcset=\"http:\/\/recettes-gourmandes-de-joce.fr\/wp-content\/uploads\/2021\/05\/p3040023-300x221.jpg 300w, http:\/\/recettes-gourmandes-de-joce.fr\/wp-content\/uploads\/2021\/05\/p3040023-750x552.jpg 750w, http:\/\/recettes-gourmandes-de-joce.fr\/wp-content\/uploads\/2021\/05\/p3040023.jpg 762w\" sizes=\"auto, (max-width: 217px) 100vw, 217px\" \/> <img loading=\"lazy\" decoding=\"async\" class=\"alignnone wp-image-32625\" src=\"http:\/\/recettes-gourmandes-de-joce.fr\/wp-content\/uploads\/2021\/05\/p3040025-300x223.jpg\" alt=\"\" width=\"216\" height=\"160\" srcset=\"http:\/\/recettes-gourmandes-de-joce.fr\/wp-content\/uploads\/2021\/05\/p3040025-300x223.jpg 300w, http:\/\/recettes-gourmandes-de-joce.fr\/wp-content\/uploads\/2021\/05\/p3040025-750x556.jpg 750w, http:\/\/recettes-gourmandes-de-joce.fr\/wp-content\/uploads\/2021\/05\/p3040025.jpg 755w\" sizes=\"auto, (max-width: 216px) 100vw, 216px\" \/> <img loading=\"lazy\" decoding=\"async\" class=\"alignnone wp-image-32626\" src=\"http:\/\/recettes-gourmandes-de-joce.fr\/wp-content\/uploads\/2021\/05\/p3040026-300x221.jpg\" alt=\"\" width=\"217\" height=\"160\" srcset=\"http:\/\/recettes-gourmandes-de-joce.fr\/wp-content\/uploads\/2021\/05\/p3040026-300x221.jpg 300w, http:\/\/recettes-gourmandes-de-joce.fr\/wp-content\/uploads\/2021\/05\/p3040026.jpg 738w\" sizes=\"auto, (max-width: 217px) 100vw, 217px\" \/><\/span><\/p>\n<p style=\"text-align: center;\"><span style=\"color: #008000;\"><em><span style=\"font-size: 14pt; font-family: georgia, palatino, serif;\"> M\u00e9langer dans un bol la cr\u00e8me fra\u00eeche et le St Mor\u00eat, ajouter le piment d&rsquo;Espelette, les herbes et m\u00e9langer \u00e0 nouveau, ajouter le \u00bd crottin de ch\u00e8vre \u00e9miett\u00e9 et m\u00e9langer<\/span><\/em><\/span><\/p>\n<p style=\"text-align: center;\"><span style=\"color: #008000;\"><em><span style=\"font-size: 14pt; font-family: georgia, palatino, serif;\"><img loading=\"lazy\" decoding=\"async\" class=\"alignnone wp-image-32627\" src=\"http:\/\/recettes-gourmandes-de-joce.fr\/wp-content\/uploads\/2021\/05\/p3040027-300x219.jpg\" alt=\"\" width=\"219\" height=\"160\" srcset=\"http:\/\/recettes-gourmandes-de-joce.fr\/wp-content\/uploads\/2021\/05\/p3040027-300x219.jpg 300w, http:\/\/recettes-gourmandes-de-joce.fr\/wp-content\/uploads\/2021\/05\/p3040027.jpg 730w\" sizes=\"auto, (max-width: 219px) 100vw, 219px\" \/> <img loading=\"lazy\" decoding=\"async\" class=\"alignnone wp-image-32629\" src=\"http:\/\/recettes-gourmandes-de-joce.fr\/wp-content\/uploads\/2021\/05\/p3040029-300x216.jpg\" alt=\"\" width=\"222\" height=\"160\" srcset=\"http:\/\/recettes-gourmandes-de-joce.fr\/wp-content\/uploads\/2021\/05\/p3040029-300x216.jpg 300w, http:\/\/recettes-gourmandes-de-joce.fr\/wp-content\/uploads\/2021\/05\/p3040029-750x540.jpg 750w, http:\/\/recettes-gourmandes-de-joce.fr\/wp-content\/uploads\/2021\/05\/p3040029.jpg 753w\" sizes=\"auto, (max-width: 222px) 100vw, 222px\" \/> <img loading=\"lazy\" decoding=\"async\" class=\"alignnone wp-image-32635\" src=\"http:\/\/recettes-gourmandes-de-joce.fr\/wp-content\/uploads\/2021\/05\/P1060578-300x213.jpg\" alt=\"\" width=\"226\" height=\"160\" srcset=\"http:\/\/recettes-gourmandes-de-joce.fr\/wp-content\/uploads\/2021\/05\/P1060578-300x213.jpg 300w, http:\/\/recettes-gourmandes-de-joce.fr\/wp-content\/uploads\/2021\/05\/P1060578-768x544.jpg 768w, http:\/\/recettes-gourmandes-de-joce.fr\/wp-content\/uploads\/2021\/05\/P1060578-750x532.jpg 750w, http:\/\/recettes-gourmandes-de-joce.fr\/wp-content\/uploads\/2021\/05\/P1060578.jpg 800w\" sizes=\"auto, (max-width: 226px) 100vw, 226px\" \/><\/span><\/em><\/span><\/p>\n<p style=\"text-align: center;\"><span style=\"color: #008000;\"><em><span style=\"font-size: 14pt; font-family: georgia, palatino, serif;\">Ajouter un filet d&rsquo;huile d&rsquo;olive, saler rectifier en piment si besoin. Ajouter les morceaux de champignons, m\u00e9langer et remplir de ce m\u00e9lange les chapeaux des champignons. <\/span><\/em><em><span style=\"font-size: 14pt; font-family: georgia, palatino, serif;\">Laver, essorer et hacher grossi\u00e8rement la batavia.<\/span><\/em><\/span><\/p>\n<p style=\"text-align: center;\"><span style=\"color: #008000;\"><em><span style=\"font-size: 14pt; font-family: georgia, palatino, serif;\"> Remplir des petites coupelles de salade, disposer sur chacune d&rsquo;elle deux t\u00eates de champignon farci, parsemer d&rsquo;un peu de piment, d\u00e9corer avec les deux champignons restants coup\u00e9s en lamelles. R\u00e9aliser une vinaigrette en m\u00e9langeant sel et poivre, ajouter le vinaigre et terminer par l&rsquo;huile. En arroser d&rsquo;une ou deux cuill\u00e8res la salade et les champignons.<\/span><\/em><\/span><\/p>\n<p style=\"text-align: center;\"><span style=\"color: #008000;\"><em><span style=\"font-size: 14pt; font-family: georgia, palatino, serif;\">Servir imm\u00e9diatement car les champignons en attendant trop longtemps ils pourraient noircir. Si vous voulez r\u00e9aliser cette recette en avance tremper les chapeaux des champignons dans de l&rsquo;eau citronn\u00e9e, ils resteront blancs.<\/span><\/em><\/span><\/p>\n<p style=\"text-align: center;\"><span style=\"color: #008000;\"><em><span style=\"font-size: 14pt; font-family: georgia, palatino, serif;\">Bon app\u00e9tit!<\/span><\/em><\/span><\/p>\n<p style=\"text-align: center;\"><span style=\"color: #008000;\"><img loading=\"lazy\" decoding=\"async\" class=\"alignnone wp-image-32632\" src=\"http:\/\/recettes-gourmandes-de-joce.fr\/wp-content\/uploads\/2021\/05\/p3040041-1-300x218.jpg\" alt=\"\" width=\"248\" height=\"180\" srcset=\"http:\/\/recettes-gourmandes-de-joce.fr\/wp-content\/uploads\/2021\/05\/p3040041-1-300x218.jpg 300w, http:\/\/recettes-gourmandes-de-joce.fr\/wp-content\/uploads\/2021\/05\/p3040041-1-768x558.jpg 768w, http:\/\/recettes-gourmandes-de-joce.fr\/wp-content\/uploads\/2021\/05\/p3040041-1-750x545.jpg 750w, http:\/\/recettes-gourmandes-de-joce.fr\/wp-content\/uploads\/2021\/05\/p3040041-1.jpg 784w\" sizes=\"auto, (max-width: 248px) 100vw, 248px\" \/><\/span><\/p>\n<p style=\"text-align: center;\"><span style=\"color: #008000;\"><img loading=\"lazy\" decoding=\"async\" class=\"alignnone wp-image-32631\" src=\"http:\/\/recettes-gourmandes-de-joce.fr\/wp-content\/uploads\/2021\/05\/p3040035-300x223.jpg\" alt=\"\" width=\"243\" height=\"180\" srcset=\"http:\/\/recettes-gourmandes-de-joce.fr\/wp-content\/uploads\/2021\/05\/p3040035-300x223.jpg 300w, http:\/\/recettes-gourmandes-de-joce.fr\/wp-content\/uploads\/2021\/05\/p3040035-750x556.jpg 750w, http:\/\/recettes-gourmandes-de-joce.fr\/wp-content\/uploads\/2021\/05\/p3040035.jpg 755w\" sizes=\"auto, (max-width: 243px) 100vw, 243px\" \/> <em><span style=\"font-size: 14pt; font-family: georgia, palatino, serif;\"><img loading=\"lazy\" decoding=\"async\" class=\"alignnone wp-image-32630\" src=\"http:\/\/recettes-gourmandes-de-joce.fr\/wp-content\/uploads\/2021\/05\/p3040031-300x191.jpg\" alt=\"\" width=\"283\" height=\"180\" srcset=\"http:\/\/recettes-gourmandes-de-joce.fr\/wp-content\/uploads\/2021\/05\/p3040031-300x191.jpg 300w, http:\/\/recettes-gourmandes-de-joce.fr\/wp-content\/uploads\/2021\/05\/p3040031-768x488.jpg 768w, http:\/\/recettes-gourmandes-de-joce.fr\/wp-content\/uploads\/2021\/05\/p3040031-750x476.jpg 750w, http:\/\/recettes-gourmandes-de-joce.fr\/wp-content\/uploads\/2021\/05\/p3040031.jpg 784w\" sizes=\"auto, (max-width: 283px) 100vw, 283px\" \/><\/span><\/em><\/span><\/p>\n<p style=\"text-align: center;\"><img loading=\"lazy\" decoding=\"async\" class=\"alignnone wp-image-24317 size-full\" src=\"http:\/\/recettes-gourmandes-de-joce.fr\/wp-content\/uploads\/2020\/07\/logitech-gaming-software-14112014-121223.jpg\" alt=\"\" width=\"640\" height=\"144\" srcset=\"http:\/\/recettes-gourmandes-de-joce.fr\/wp-content\/uploads\/2020\/07\/logitech-gaming-software-14112014-121223.jpg 640w, http:\/\/recettes-gourmandes-de-joce.fr\/wp-content\/uploads\/2020\/07\/logitech-gaming-software-14112014-121223-300x68.jpg 300w\" sizes=\"auto, (max-width: 640px) 100vw, 640px\" \/><\/p>\n<\/div>\n<\/div>\n<\/div>\n<\/div>\n<\/div>\n<\/div>\n<\/div>\n<\/div>\n","protected":false},"excerpt":{"rendered":"<p>Une de mes recettes Ingr\u00e9dients pour 4 personnes 10 beaux champignons frais de Paris 4 belles feuilles de batavia 1 petit bouquet de ciboulette 2 bonnes c \u00e0 s de cr\u00e8me fra\u00eeche 3 branches de thym frais \u00bd crottin de ch\u00e8vre 50 g de St Mor\u00eat 3 pinc\u00e9es de piment d&rsquo;Espelette 1 c \u00e0 s &hellip; <\/p>\n<p><a class=\"more-link btn\" href=\"http:\/\/recettes-gourmandes-de-joce.fr\/index.php\/index\/entrees\/entrees-froides\/champignons-farcis-au-chevre-et-au-st-moret\/\">Lire la suite<\/a><\/p>\n","protected":false},"author":2,"featured_media":84078,"parent":185,"menu_order":0,"comment_status":"open","ping_status":"closed","template":"","meta":{"footnotes":""},"class_list":["post-32634","page","type-page","status-publish","has-post-thumbnail","hentry","nodate","item-wrap"],"_links":{"self":[{"href":"http:\/\/recettes-gourmandes-de-joce.fr\/index.php\/wp-json\/wp\/v2\/pages\/32634","targetHints":{"allow":["GET"]}}],"collection":[{"href":"http:\/\/recettes-gourmandes-de-joce.fr\/index.php\/wp-json\/wp\/v2\/pages"}],"about":[{"href":"http:\/\/recettes-gourmandes-de-joce.fr\/index.php\/wp-json\/wp\/v2\/types\/page"}],"author":[{"embeddable":true,"href":"http:\/\/recettes-gourmandes-de-joce.fr\/index.php\/wp-json\/wp\/v2\/users\/2"}],"replies":[{"embeddable":true,"href":"http:\/\/recettes-gourmandes-de-joce.fr\/index.php\/wp-json\/wp\/v2\/comments?post=32634"}],"version-history":[{"count":4,"href":"http:\/\/recettes-gourmandes-de-joce.fr\/index.php\/wp-json\/wp\/v2\/pages\/32634\/revisions"}],"predecessor-version":[{"id":84079,"href":"http:\/\/recettes-gourmandes-de-joce.fr\/index.php\/wp-json\/wp\/v2\/pages\/32634\/revisions\/84079"}],"up":[{"embeddable":true,"href":"http:\/\/recettes-gourmandes-de-joce.fr\/index.php\/wp-json\/wp\/v2\/pages\/185"}],"wp:featuredmedia":[{"embeddable":true,"href":"http:\/\/recettes-gourmandes-de-joce.fr\/index.php\/wp-json\/wp\/v2\/media\/84078"}],"wp:attachment":[{"href":"http:\/\/recettes-gourmandes-de-joce.fr\/index.php\/wp-json\/wp\/v2\/media?parent=32634"}],"curies":[{"name":"wp","href":"https:\/\/api.w.org\/{rel}","templated":true}]}}