{"id":32615,"date":"2021-05-25T15:31:42","date_gmt":"2021-05-25T15:31:42","guid":{"rendered":"http:\/\/recettes-gourmandes-de-joce.fr\/?page_id=32615"},"modified":"2024-06-15T21:23:50","modified_gmt":"2024-06-15T21:23:50","slug":"cake-aux-jambon-olives-et-persil","status":"publish","type":"page","link":"http:\/\/recettes-gourmandes-de-joce.fr\/index.php\/index\/entrees\/cakes-sales\/cake-aux-jambon-olives-et-persil\/","title":{"rendered":"Cake aux jambon, olives et persil."},"content":{"rendered":"<p style=\"text-align: center;\"><span style=\"font-size: 18pt; font-family: georgia, palatino, serif; color: #008000;\"><u><em>Une de mes recettes<\/em><\/u><\/span><\/p>\n<p style=\"text-align: center;\"><span style=\"color: #008000;\"><img loading=\"lazy\" decoding=\"async\" class=\"alignnone wp-image-32604\" src=\"http:\/\/recettes-gourmandes-de-joce.fr\/wp-content\/uploads\/2021\/05\/cake-et-emince-de-volailles-107-300x184.jpg\" alt=\"\" width=\"326\" height=\"200\" srcset=\"http:\/\/recettes-gourmandes-de-joce.fr\/wp-content\/uploads\/2021\/05\/cake-et-emince-de-volailles-107-300x184.jpg 300w, http:\/\/recettes-gourmandes-de-joce.fr\/wp-content\/uploads\/2021\/05\/cake-et-emince-de-volailles-107-768x470.jpg 768w, http:\/\/recettes-gourmandes-de-joce.fr\/wp-content\/uploads\/2021\/05\/cake-et-emince-de-volailles-107-750x459.jpg 750w, http:\/\/recettes-gourmandes-de-joce.fr\/wp-content\/uploads\/2021\/05\/cake-et-emince-de-volailles-107.jpg 795w\" sizes=\"auto, (max-width: 326px) 100vw, 326px\" \/><img loading=\"lazy\" decoding=\"async\" class=\"alignnone wp-image-32602\" src=\"http:\/\/recettes-gourmandes-de-joce.fr\/wp-content\/uploads\/2021\/05\/cake-et-emince-de-volailles-65-300x214.jpg\" alt=\"\" width=\"281\" height=\"200\" srcset=\"http:\/\/recettes-gourmandes-de-joce.fr\/wp-content\/uploads\/2021\/05\/cake-et-emince-de-volailles-65-300x214.jpg 300w, http:\/\/recettes-gourmandes-de-joce.fr\/wp-content\/uploads\/2021\/05\/cake-et-emince-de-volailles-65-750x535.jpg 750w, http:\/\/recettes-gourmandes-de-joce.fr\/wp-content\/uploads\/2021\/05\/cake-et-emince-de-volailles-65.jpg 766w\" sizes=\"auto, (max-width: 281px) 100vw, 281px\" \/>\u00a0<\/span><\/p>\n<p style=\"text-align: center;\"><span style=\"font-size: 18pt; font-family: georgia, palatino, serif; color: #008000;\"><u><em>Ingr\u00e9dients pour un cake ou 6 individuels<\/em><\/u><\/span><\/p>\n<p style=\"text-align: center;\"><span style=\"color: #008000;\"><img loading=\"lazy\" decoding=\"async\" class=\"alignnone wp-image-32587\" src=\"http:\/\/recettes-gourmandes-de-joce.fr\/wp-content\/uploads\/2021\/05\/cake-et-emince-de-volailles-5-300x281.jpg\" alt=\"\" width=\"192\" height=\"180\" srcset=\"http:\/\/recettes-gourmandes-de-joce.fr\/wp-content\/uploads\/2021\/05\/cake-et-emince-de-volailles-5-300x281.jpg 300w, http:\/\/recettes-gourmandes-de-joce.fr\/wp-content\/uploads\/2021\/05\/cake-et-emince-de-volailles-5.jpg 737w\" sizes=\"auto, (max-width: 192px) 100vw, 192px\" \/>\u00a0<\/span><img loading=\"lazy\" decoding=\"async\" class=\"alignnone wp-image-32620\" src=\"http:\/\/recettes-gourmandes-de-joce.fr\/wp-content\/uploads\/2021\/05\/aliments-002-276x300.jpg\" alt=\"\" width=\"166\" height=\"180\" srcset=\"http:\/\/recettes-gourmandes-de-joce.fr\/wp-content\/uploads\/2021\/05\/aliments-002-276x300.jpg 276w, http:\/\/recettes-gourmandes-de-joce.fr\/wp-content\/uploads\/2021\/05\/aliments-002.jpg 736w\" sizes=\"auto, (max-width: 166px) 100vw, 166px\" \/><\/p>\n<p style=\"text-align: center;\"><span style=\"font-size: 14pt; font-family: georgia, palatino, serif; color: #008000;\"><em>150 g de farine<\/em><\/span><\/p>\n<p style=\"text-align: center;\"><span style=\"color: #008000;\"><span style=\"font-size: 14pt; font-family: georgia, palatino, serif;\"><em>3\u00a0<\/em><\/span><span style=\"font-family: georgia, palatino, serif;\"><span style=\"font-size: 18.6667px;\"><i>\u0153ufs<\/i><\/span><\/span><\/span><\/p>\n<p style=\"text-align: center;\"><span style=\"font-size: 14pt; font-family: georgia, palatino, serif; color: #008000;\"><em>12 cl de lait<\/em><\/span><\/p>\n<p style=\"text-align: center;\"><span style=\"font-size: 14pt; font-family: georgia, palatino, serif; color: #008000;\"><em>10 cl d&rsquo;huile d&rsquo;olive<\/em><\/span><\/p>\n<p style=\"text-align: center;\"><span style=\"font-size: 14pt; font-family: georgia, palatino, serif; color: #008000;\"><em>1 sachet de levure chimique<\/em><\/span><\/p>\n<p style=\"text-align: center;\"><span style=\"font-size: 14pt; font-family: georgia, palatino, serif; color: #008000;\"><em>1 petit bouquet de persil plat<\/em><\/span><\/p>\n<p style=\"text-align: center;\"><span style=\"font-size: 14pt; font-family: georgia, palatino, serif; color: #008000;\"><em>100 g de d\u00e9s de jambon blanc<\/em><\/span><\/p>\n<p style=\"text-align: center;\"><span style=\"font-size: 14pt; color: #008000;\"><em><span style=\"font-family: georgia, palatino, serif;\">1 poign\u00e9e d&rsquo;olives vertes d\u00e9noyaut\u00e9es<\/span><\/em><\/span><\/p>\n<p style=\"text-align: center;\"><span style=\"font-size: 14pt; font-family: georgia, palatino, serif; color: #008000;\"><em>Sel et poivre<\/em><\/span><\/p>\n<p style=\"text-align: center;\"><span style=\"color: #008000;\"><img loading=\"lazy\" decoding=\"async\" class=\"alignnone wp-image-32588\" src=\"http:\/\/recettes-gourmandes-de-joce.fr\/wp-content\/uploads\/2021\/05\/cake-et-emince-de-volailles-20-300x208.jpg\" alt=\"\" width=\"231\" height=\"160\" srcset=\"http:\/\/recettes-gourmandes-de-joce.fr\/wp-content\/uploads\/2021\/05\/cake-et-emince-de-volailles-20-300x208.jpg 300w, http:\/\/recettes-gourmandes-de-joce.fr\/wp-content\/uploads\/2021\/05\/cake-et-emince-de-volailles-20-768x532.jpg 768w, http:\/\/recettes-gourmandes-de-joce.fr\/wp-content\/uploads\/2021\/05\/cake-et-emince-de-volailles-20-750x519.jpg 750w, http:\/\/recettes-gourmandes-de-joce.fr\/wp-content\/uploads\/2021\/05\/cake-et-emince-de-volailles-20.jpg 780w\" sizes=\"auto, (max-width: 231px) 100vw, 231px\" \/> <img loading=\"lazy\" decoding=\"async\" class=\"alignnone wp-image-32589\" src=\"http:\/\/recettes-gourmandes-de-joce.fr\/wp-content\/uploads\/2021\/05\/cake-et-emince-de-volailles-22-300x197.jpg\" alt=\"\" width=\"244\" height=\"160\" srcset=\"http:\/\/recettes-gourmandes-de-joce.fr\/wp-content\/uploads\/2021\/05\/cake-et-emince-de-volailles-22-300x197.jpg 300w, http:\/\/recettes-gourmandes-de-joce.fr\/wp-content\/uploads\/2021\/05\/cake-et-emince-de-volailles-22-768x505.jpg 768w, http:\/\/recettes-gourmandes-de-joce.fr\/wp-content\/uploads\/2021\/05\/cake-et-emince-de-volailles-22-750x493.jpg 750w, http:\/\/recettes-gourmandes-de-joce.fr\/wp-content\/uploads\/2021\/05\/cake-et-emince-de-volailles-22.jpg 793w\" sizes=\"auto, (max-width: 244px) 100vw, 244px\" \/> <img loading=\"lazy\" decoding=\"async\" class=\"alignnone wp-image-32590\" src=\"http:\/\/recettes-gourmandes-de-joce.fr\/wp-content\/uploads\/2021\/05\/cake-et-emince-de-volailles-24-300x212.jpg\" alt=\"\" width=\"227\" height=\"160\" srcset=\"http:\/\/recettes-gourmandes-de-joce.fr\/wp-content\/uploads\/2021\/05\/cake-et-emince-de-volailles-24-300x212.jpg 300w, http:\/\/recettes-gourmandes-de-joce.fr\/wp-content\/uploads\/2021\/05\/cake-et-emince-de-volailles-24-750x529.jpg 750w, http:\/\/recettes-gourmandes-de-joce.fr\/wp-content\/uploads\/2021\/05\/cake-et-emince-de-volailles-24.jpg 753w\" sizes=\"auto, (max-width: 227px) 100vw, 227px\" \/>\u00a0<\/span><\/p>\n<p style=\"text-align: center;\"><span style=\"font-size: 14pt; font-family: georgia, palatino, serif; color: #008000;\"><em style=\"font-family: Lato, sans-serif; font-size: 16px;\"><span style=\"font-family: georgia, palatino, serif;\"><span style=\"font-size: 14pt;\">Dans un saladier casser les\u00a0<\/span><span style=\"font-size: 18.6667px;\">\u0153ufs<\/span><span style=\"font-size: 14pt;\">\u00a0et les battre en omelette.<\/span><\/span><\/em>\u00a0<em>Ajouter la farine et m\u00e9langer,<\/em><\/span><em style=\"color: #008000; font-family: georgia, palatino, serif; font-size: 14pt;\"> ajouter le lait m\u00e9langer \u00e0 nouveau.\u00a0<\/em><\/p>\n<p style=\"text-align: center;\"><span style=\"font-size: 14pt; font-family: georgia, palatino, serif; color: #008000;\"><img loading=\"lazy\" decoding=\"async\" class=\"alignnone wp-image-32591\" style=\"font-family: Lato, sans-serif; font-size: 16px;\" src=\"http:\/\/recettes-gourmandes-de-joce.fr\/wp-content\/uploads\/2021\/05\/cake-et-emince-de-volailles-26-300x209.jpg\" alt=\"\" width=\"230\" height=\"160\" srcset=\"http:\/\/recettes-gourmandes-de-joce.fr\/wp-content\/uploads\/2021\/05\/cake-et-emince-de-volailles-26-300x209.jpg 300w, http:\/\/recettes-gourmandes-de-joce.fr\/wp-content\/uploads\/2021\/05\/cake-et-emince-de-volailles-26-750x522.jpg 750w, http:\/\/recettes-gourmandes-de-joce.fr\/wp-content\/uploads\/2021\/05\/cake-et-emince-de-volailles-26.jpg 768w\" sizes=\"auto, (max-width: 230px) 100vw, 230px\" \/> <img loading=\"lazy\" decoding=\"async\" class=\"alignnone wp-image-32592\" src=\"http:\/\/recettes-gourmandes-de-joce.fr\/wp-content\/uploads\/2021\/05\/cake-et-emince-de-volailles-28-300x205.jpg\" alt=\"\" width=\"234\" height=\"160\" srcset=\"http:\/\/recettes-gourmandes-de-joce.fr\/wp-content\/uploads\/2021\/05\/cake-et-emince-de-volailles-28-300x205.jpg 300w, http:\/\/recettes-gourmandes-de-joce.fr\/wp-content\/uploads\/2021\/05\/cake-et-emince-de-volailles-28-768x525.jpg 768w, http:\/\/recettes-gourmandes-de-joce.fr\/wp-content\/uploads\/2021\/05\/cake-et-emince-de-volailles-28-750x513.jpg 750w, http:\/\/recettes-gourmandes-de-joce.fr\/wp-content\/uploads\/2021\/05\/cake-et-emince-de-volailles-28.jpg 790w\" sizes=\"auto, (max-width: 234px) 100vw, 234px\" \/> <img loading=\"lazy\" decoding=\"async\" class=\"alignnone wp-image-14661\" src=\"http:\/\/recettes-gourmandes-de-joce.fr\/wp-content\/uploads\/2020\/01\/cake_au_jambon_et_jambon_cru_007-300x219.jpg\" alt=\"\" width=\"219\" height=\"160\" srcset=\"http:\/\/recettes-gourmandes-de-joce.fr\/wp-content\/uploads\/2020\/01\/cake_au_jambon_et_jambon_cru_007-300x219.jpg 300w, http:\/\/recettes-gourmandes-de-joce.fr\/wp-content\/uploads\/2020\/01\/cake_au_jambon_et_jambon_cru_007.jpg 550w\" sizes=\"auto, (max-width: 219px) 100vw, 219px\" \/>\u00a0\u00a0<em>\u00a0<\/em><\/span><\/p>\n<p style=\"text-align: center;\"><span style=\"color: #008000;\"><span style=\"font-size: 14pt; font-family: georgia, palatino, serif;\"><em>Ajouter l&rsquo;huile, m\u00e9langer. <\/em><em>Ajouter la levure et bien l&rsquo;incorporer. <\/em><\/span><em style=\"font-family: georgia, palatino, serif; font-size: 14pt;\">Saler et poivrer et m\u00e9langer \u00e0 nouveau.<\/em><\/span><\/p>\n<p style=\"text-align: center;\"><span style=\"color: #008000;\">\u00a0 <img loading=\"lazy\" decoding=\"async\" class=\"alignnone wp-image-32600\" src=\"http:\/\/recettes-gourmandes-de-joce.fr\/wp-content\/uploads\/2021\/05\/cake-et-emince-de-volailles-57-300x211.jpg\" alt=\"\" width=\"227\" height=\"160\" srcset=\"http:\/\/recettes-gourmandes-de-joce.fr\/wp-content\/uploads\/2021\/05\/cake-et-emince-de-volailles-57-300x211.jpg 300w, http:\/\/recettes-gourmandes-de-joce.fr\/wp-content\/uploads\/2021\/05\/cake-et-emince-de-volailles-57-768x540.jpg 768w, http:\/\/recettes-gourmandes-de-joce.fr\/wp-content\/uploads\/2021\/05\/cake-et-emince-de-volailles-57-750x528.jpg 750w, http:\/\/recettes-gourmandes-de-joce.fr\/wp-content\/uploads\/2021\/05\/cake-et-emince-de-volailles-57.jpg 796w\" sizes=\"auto, (max-width: 227px) 100vw, 227px\" \/> <img loading=\"lazy\" decoding=\"async\" class=\"alignnone wp-image-32598\" src=\"http:\/\/recettes-gourmandes-de-joce.fr\/wp-content\/uploads\/2021\/05\/cake-et-emince-de-volailles-52-232x300.jpg\" alt=\"\" width=\"124\" height=\"160\" srcset=\"http:\/\/recettes-gourmandes-de-joce.fr\/wp-content\/uploads\/2021\/05\/cake-et-emince-de-volailles-52-232x300.jpg 232w, http:\/\/recettes-gourmandes-de-joce.fr\/wp-content\/uploads\/2021\/05\/cake-et-emince-de-volailles-52.jpg 567w\" sizes=\"auto, (max-width: 124px) 100vw, 124px\" \/><\/span><\/p>\n<p style=\"text-align: center;\"><span style=\"color: #008000;\"><span style=\"font-size: 14pt; font-family: georgia, palatino, serif;\"><em>Ajouter ensuite<\/em><\/span><em style=\"font-family: georgia, palatino, serif; font-size: 18.6667px;\">,<\/em><span style=\"font-size: 14pt; font-family: georgia, palatino, serif;\"><em> les d\u00e9s de jambon, le persil et les olives, bien m\u00e9langer. <\/em><\/span><em style=\"font-family: georgia, palatino, serif; font-size: 14pt;\">Beurrer et fariner votre moule si, il n&rsquo;est pas en silicone. Dans le moule ou les moules r\u00e9partir la p\u00e2te. <\/em><span style=\"font-size: 14pt; font-family: georgia, palatino, serif;\"><em>Enfourner \u00e0 200\u00b0 pendant 30 minutes environ, moins longtemps si ce sont des cakes individuels. Surveiller la cuisson selon les fours. <\/em><\/span><\/span><\/p>\n<p style=\"text-align: center;\"><span style=\"color: #008000;\"><span style=\"font-size: 14pt; font-family: georgia, palatino, serif;\"><em>On peut les manger ti\u00e8des ou encore froids accompagn\u00e9s d&rsquo;une mayonnaise \u00e0 l&rsquo;ail.<\/em><\/span><\/span><\/p>\n<p style=\"text-align: center;\"><span style=\"font-size: 14pt; font-family: georgia, palatino, serif; color: #008000;\"><em>Bon app\u00e9tit!<\/em><\/span><\/p>\n<p style=\"text-align: center;\"><span style=\"color: #008000;\"><img loading=\"lazy\" decoding=\"async\" class=\"alignnone wp-image-32604\" src=\"http:\/\/recettes-gourmandes-de-joce.fr\/wp-content\/uploads\/2021\/05\/cake-et-emince-de-volailles-107-300x184.jpg\" alt=\"\" width=\"326\" height=\"200\" srcset=\"http:\/\/recettes-gourmandes-de-joce.fr\/wp-content\/uploads\/2021\/05\/cake-et-emince-de-volailles-107-300x184.jpg 300w, http:\/\/recettes-gourmandes-de-joce.fr\/wp-content\/uploads\/2021\/05\/cake-et-emince-de-volailles-107-768x470.jpg 768w, http:\/\/recettes-gourmandes-de-joce.fr\/wp-content\/uploads\/2021\/05\/cake-et-emince-de-volailles-107-750x459.jpg 750w, http:\/\/recettes-gourmandes-de-joce.fr\/wp-content\/uploads\/2021\/05\/cake-et-emince-de-volailles-107.jpg 795w\" sizes=\"auto, (max-width: 326px) 100vw, 326px\" \/>\u00a0<img loading=\"lazy\" decoding=\"async\" class=\"alignnone wp-image-32602\" src=\"http:\/\/recettes-gourmandes-de-joce.fr\/wp-content\/uploads\/2021\/05\/cake-et-emince-de-volailles-65-300x214.jpg\" alt=\"\" width=\"281\" height=\"200\" srcset=\"http:\/\/recettes-gourmandes-de-joce.fr\/wp-content\/uploads\/2021\/05\/cake-et-emince-de-volailles-65-300x214.jpg 300w, http:\/\/recettes-gourmandes-de-joce.fr\/wp-content\/uploads\/2021\/05\/cake-et-emince-de-volailles-65-750x535.jpg 750w, http:\/\/recettes-gourmandes-de-joce.fr\/wp-content\/uploads\/2021\/05\/cake-et-emince-de-volailles-65.jpg 766w\" sizes=\"auto, (max-width: 281px) 100vw, 281px\" \/>\u00a0<\/span><\/p>\n<p style=\"text-align: center;\"><span style=\"color: #008000;\"><img loading=\"lazy\" decoding=\"async\" class=\"alignnone wp-image-24317 size-full\" src=\"http:\/\/recettes-gourmandes-de-joce.fr\/wp-content\/uploads\/2020\/07\/logitech-gaming-software-14112014-121223.jpg\" alt=\"\" width=\"640\" height=\"144\" srcset=\"http:\/\/recettes-gourmandes-de-joce.fr\/wp-content\/uploads\/2020\/07\/logitech-gaming-software-14112014-121223.jpg 640w, http:\/\/recettes-gourmandes-de-joce.fr\/wp-content\/uploads\/2020\/07\/logitech-gaming-software-14112014-121223-300x68.jpg 300w\" sizes=\"auto, (max-width: 640px) 100vw, 640px\" \/><\/span><\/p>\n","protected":false},"excerpt":{"rendered":"<p>Une de mes recettes \u00a0 Ingr\u00e9dients pour un cake ou 6 individuels \u00a0 150 g de farine 3\u00a0\u0153ufs 12 cl de lait 10 cl d&rsquo;huile d&rsquo;olive 1 sachet de levure chimique 1 petit bouquet de persil plat 100 g de d\u00e9s de jambon blanc 1 poign\u00e9e d&rsquo;olives vertes d\u00e9noyaut\u00e9es Sel et poivre \u00a0 Dans un &hellip; <\/p>\n<p><a class=\"more-link btn\" href=\"http:\/\/recettes-gourmandes-de-joce.fr\/index.php\/index\/entrees\/cakes-sales\/cake-aux-jambon-olives-et-persil\/\">Lire la suite<\/a><\/p>\n","protected":false},"author":2,"featured_media":83834,"parent":891,"menu_order":0,"comment_status":"open","ping_status":"closed","template":"","meta":{"footnotes":""},"class_list":["post-32615","page","type-page","status-publish","has-post-thumbnail","hentry","nodate","item-wrap"],"_links":{"self":[{"href":"http:\/\/recettes-gourmandes-de-joce.fr\/index.php\/wp-json\/wp\/v2\/pages\/32615","targetHints":{"allow":["GET"]}}],"collection":[{"href":"http:\/\/recettes-gourmandes-de-joce.fr\/index.php\/wp-json\/wp\/v2\/pages"}],"about":[{"href":"http:\/\/recettes-gourmandes-de-joce.fr\/index.php\/wp-json\/wp\/v2\/types\/page"}],"author":[{"embeddable":true,"href":"http:\/\/recettes-gourmandes-de-joce.fr\/index.php\/wp-json\/wp\/v2\/users\/2"}],"replies":[{"embeddable":true,"href":"http:\/\/recettes-gourmandes-de-joce.fr\/index.php\/wp-json\/wp\/v2\/comments?post=32615"}],"version-history":[{"count":2,"href":"http:\/\/recettes-gourmandes-de-joce.fr\/index.php\/wp-json\/wp\/v2\/pages\/32615\/revisions"}],"predecessor-version":[{"id":83835,"href":"http:\/\/recettes-gourmandes-de-joce.fr\/index.php\/wp-json\/wp\/v2\/pages\/32615\/revisions\/83835"}],"up":[{"embeddable":true,"href":"http:\/\/recettes-gourmandes-de-joce.fr\/index.php\/wp-json\/wp\/v2\/pages\/891"}],"wp:featuredmedia":[{"embeddable":true,"href":"http:\/\/recettes-gourmandes-de-joce.fr\/index.php\/wp-json\/wp\/v2\/media\/83834"}],"wp:attachment":[{"href":"http:\/\/recettes-gourmandes-de-joce.fr\/index.php\/wp-json\/wp\/v2\/media?parent=32615"}],"curies":[{"name":"wp","href":"https:\/\/api.w.org\/{rel}","templated":true}]}}