{"id":3254,"date":"2019-10-05T16:37:24","date_gmt":"2019-10-05T16:37:24","guid":{"rendered":"http:\/\/recettes-gourmandes-de-joce.fr\/?page_id=3254"},"modified":"2025-03-25T10:06:06","modified_gmt":"2025-03-25T10:06:06","slug":"salade-de-macedoine-et-crudites-cervelas-et-andouillettes","status":"publish","type":"page","link":"http:\/\/recettes-gourmandes-de-joce.fr\/index.php\/index\/entrees\/salades-crudites\/salade-de-macedoine-et-crudites-cervelas-et-andouillettes\/","title":{"rendered":"Salade de mac\u00e9doine et crudit\u00e9s, cervelas et andouillettes."},"content":{"rendered":"<p style=\"text-align: center;\"><span style=\"color: #0066ff;\"><span style=\"font-size: 24px;\"><span style=\"font-family: georgia,serif;\"><u><em>Une de mes recettes<\/em><\/u><\/span><\/span><\/span><\/p>\n<p style=\"text-align: center;\"><img loading=\"lazy\" decoding=\"async\" class=\"alignnone wp-image-76930\" src=\"http:\/\/recettes-gourmandes-de-joce.fr\/wp-content\/uploads\/2024\/05\/salade-andouille-macedoine2.jpg\" alt=\"\" width=\"201\" height=\"180\" srcset=\"http:\/\/recettes-gourmandes-de-joce.fr\/wp-content\/uploads\/2024\/05\/salade-andouille-macedoine2.jpg 800w, http:\/\/recettes-gourmandes-de-joce.fr\/wp-content\/uploads\/2024\/05\/salade-andouille-macedoine2-768x686.jpg 768w, http:\/\/recettes-gourmandes-de-joce.fr\/wp-content\/uploads\/2024\/05\/salade-andouille-macedoine2-750x670.jpg 750w\" sizes=\"auto, (max-width: 201px) 100vw, 201px\" \/> <img loading=\"lazy\" decoding=\"async\" class=\"alignnone wp-image-76926\" src=\"http:\/\/recettes-gourmandes-de-joce.fr\/wp-content\/uploads\/2024\/05\/salade-andouille-macedoine18.jpg\" alt=\"\" width=\"270\" height=\"180\" srcset=\"http:\/\/recettes-gourmandes-de-joce.fr\/wp-content\/uploads\/2024\/05\/salade-andouille-macedoine18.jpg 800w, http:\/\/recettes-gourmandes-de-joce.fr\/wp-content\/uploads\/2024\/05\/salade-andouille-macedoine18-768x513.jpg 768w, http:\/\/recettes-gourmandes-de-joce.fr\/wp-content\/uploads\/2024\/05\/salade-andouille-macedoine18-750x501.jpg 750w\" sizes=\"auto, (max-width: 270px) 100vw, 270px\" \/> <img loading=\"lazy\" decoding=\"async\" class=\"alignnone wp-image-76927\" src=\"http:\/\/recettes-gourmandes-de-joce.fr\/wp-content\/uploads\/2024\/05\/salade-andouille-macedoine19.jpg\" alt=\"\" width=\"270\" height=\"180\" srcset=\"http:\/\/recettes-gourmandes-de-joce.fr\/wp-content\/uploads\/2024\/05\/salade-andouille-macedoine19.jpg 800w, http:\/\/recettes-gourmandes-de-joce.fr\/wp-content\/uploads\/2024\/05\/salade-andouille-macedoine19-768x513.jpg 768w, http:\/\/recettes-gourmandes-de-joce.fr\/wp-content\/uploads\/2024\/05\/salade-andouille-macedoine19-750x501.jpg 750w\" sizes=\"auto, (max-width: 270px) 100vw, 270px\" \/><\/p>\n<p style=\"text-align: center;\"><span style=\"color: #0066ff;\"><span style=\"font-size: 24px;\"><span style=\"font-family: georgia,serif;\"><u><em>Ingr\u00e9dients pour 4 personnes<\/em><\/u><\/span><\/span><\/span><\/p>\n<p style=\"text-align: center;\"><img loading=\"lazy\" decoding=\"async\" class=\"alignnone wp-image-76932\" src=\"http:\/\/recettes-gourmandes-de-joce.fr\/wp-content\/uploads\/2024\/05\/salade-andouille-macedoine4.jpg\" alt=\"\" width=\"296\" height=\"200\" srcset=\"http:\/\/recettes-gourmandes-de-joce.fr\/wp-content\/uploads\/2024\/05\/salade-andouille-macedoine4.jpg 800w, http:\/\/recettes-gourmandes-de-joce.fr\/wp-content\/uploads\/2024\/05\/salade-andouille-macedoine4-768x519.jpg 768w, http:\/\/recettes-gourmandes-de-joce.fr\/wp-content\/uploads\/2024\/05\/salade-andouille-macedoine4-750x507.jpg 750w\" sizes=\"auto, (max-width: 296px) 100vw, 296px\" \/><\/p>\n<p style=\"text-align: center;\"><span style=\"color: #0066ff; font-size: 14pt;\"><span style=\"font-family: georgia,serif;\"><em>4 \u0153ufs<\/em><\/span><\/span><\/p>\n<p style=\"text-align: center;\"><span style=\"color: #0066ff; font-size: 14pt;\"><span style=\"font-family: georgia,serif;\"><em>2 tomates<\/em><\/span><\/span><\/p>\n<p style=\"text-align: center;\"><span style=\"color: #0066ff; font-size: 14pt;\"><span style=\"font-family: georgia,serif;\"><em>4 tranches de cervelas<\/em><\/span><\/span><\/p>\n<p style=\"text-align: center;\"><span style=\"color: #0066ff; font-size: 14pt;\"><span style=\"font-family: georgia,serif;\"><em>8 tranches d&rsquo;andouillette<\/em><\/span><\/span><\/p>\n<p style=\"text-align: center;\"><span style=\"color: #0066ff; font-size: 14pt;\"><span style=\"font-family: georgia,serif;\"><em>1 petite boite de mac\u00e9doine de l\u00e9gumes<\/em><\/span><\/span><\/p>\n<p style=\"text-align: center;\"><span style=\"color: #0066ff; font-size: 14pt;\"><span style=\"font-family: georgia,serif;\"><em>1 oignon blanc et ses tiges<\/em><\/span><\/span><\/p>\n<p style=\"text-align: center;\"><span style=\"color: #0066ff; font-size: 14pt;\"><span style=\"font-family: georgia,serif;\"><em>1 petite boite de c\u0153urs d&rsquo;artichaut<\/em><\/span><\/span><\/p>\n<p style=\"text-align: center;\"><span style=\"color: #3366ff; font-size: 14pt;\"><span style=\"font-family: georgia,serif;\"><em>Quelques fleurs de bourrache<\/em><\/span><\/span><\/p>\n<p style=\"text-align: center;\"><span style=\"font-size: 14pt;\"><span style=\"color: #0066ff;\"><span style=\"font-family: georgia,serif;\"><em>1 c \u00e0 s de m\u00e9langes de fleurs pour salade d\u00e9tails sur ce lien -&gt; <\/em><\/span><\/span><span style=\"color: #ff8c00;\"><span style=\"font-family: georgia,serif;\">\u00c9pic\u00e9too<\/span><\/span><\/span><\/p>\n<p style=\"text-align: center;\"><span style=\"font-size: 14pt;\"><span style=\"color: #0066ff;\"><span style=\"font-family: georgia,serif;\"><em>1 petit bol de mayonnaise recette sur ce lien -&gt; <\/em><\/span><\/span><a href=\"http:\/\/recettes-gourmandes-de-joce.fr\/index.php\/index\/sauces-assaisonnements\/sauces-froides\/mayonnaise\/\"><em><span style=\"font-family: georgia,serif;\"><span style=\"color: #ff8c00;\">Mayonnaise<\/span><\/span><\/em><\/a><\/span><\/p>\n<p style=\"text-align: center;\"><img loading=\"lazy\" decoding=\"async\" class=\"alignnone wp-image-76933\" src=\"http:\/\/recettes-gourmandes-de-joce.fr\/wp-content\/uploads\/2024\/05\/salade-andouille-macedoine5.jpg\" alt=\"\" width=\"254\" height=\"170\" srcset=\"http:\/\/recettes-gourmandes-de-joce.fr\/wp-content\/uploads\/2024\/05\/salade-andouille-macedoine5.jpg 800w, http:\/\/recettes-gourmandes-de-joce.fr\/wp-content\/uploads\/2024\/05\/salade-andouille-macedoine5-768x515.jpg 768w, http:\/\/recettes-gourmandes-de-joce.fr\/wp-content\/uploads\/2024\/05\/salade-andouille-macedoine5-750x503.jpg 750w\" sizes=\"auto, (max-width: 254px) 100vw, 254px\" \/> <img loading=\"lazy\" decoding=\"async\" class=\"alignnone wp-image-76934\" src=\"http:\/\/recettes-gourmandes-de-joce.fr\/wp-content\/uploads\/2024\/05\/salade-andouille-macedoine6.jpg\" alt=\"\" width=\"221\" height=\"170\" srcset=\"http:\/\/recettes-gourmandes-de-joce.fr\/wp-content\/uploads\/2024\/05\/salade-andouille-macedoine6.jpg 800w, http:\/\/recettes-gourmandes-de-joce.fr\/wp-content\/uploads\/2024\/05\/salade-andouille-macedoine6-768x591.jpg 768w, http:\/\/recettes-gourmandes-de-joce.fr\/wp-content\/uploads\/2024\/05\/salade-andouille-macedoine6-750x578.jpg 750w\" sizes=\"auto, (max-width: 221px) 100vw, 221px\" \/> <img loading=\"lazy\" decoding=\"async\" class=\"alignnone wp-image-76915\" src=\"http:\/\/recettes-gourmandes-de-joce.fr\/wp-content\/uploads\/2024\/05\/salade-andouille-macedoine7.jpg\" alt=\"\" width=\"207\" height=\"170\" srcset=\"http:\/\/recettes-gourmandes-de-joce.fr\/wp-content\/uploads\/2024\/05\/salade-andouille-macedoine7.jpg 800w, http:\/\/recettes-gourmandes-de-joce.fr\/wp-content\/uploads\/2024\/05\/salade-andouille-macedoine7-768x630.jpg 768w, http:\/\/recettes-gourmandes-de-joce.fr\/wp-content\/uploads\/2024\/05\/salade-andouille-macedoine7-750x615.jpg 750w\" sizes=\"auto, (max-width: 207px) 100vw, 207px\" \/><\/p>\n<p style=\"text-align: center;\"><span style=\"color: #0066ff; font-size: 14pt;\"><span style=\"font-family: georgia,serif;\"><em>Laver et couper les tomates en demi tranches, couper les c\u0153urs d&rsquo;artichaut en deux, nettoyer et hacher finement l&rsquo;oignon et ses tiges. Couper les tranches de cervelas en deux. Mettre les \u0153ufs \u00e0 cuire 9 minutes dans une casserole d&rsquo;eau. Lorsqu&rsquo;ils sont cuits, les refroidir et les couper en 6 dans le sens de la longueur.\u00a0<\/em><\/span><\/span><\/p>\n<p style=\"text-align: center;\"><img loading=\"lazy\" decoding=\"async\" class=\"alignnone wp-image-76916\" src=\"http:\/\/recettes-gourmandes-de-joce.fr\/wp-content\/uploads\/2024\/05\/salade-andouille-macedoine8.jpg\" alt=\"\" width=\"214\" height=\"170\" srcset=\"http:\/\/recettes-gourmandes-de-joce.fr\/wp-content\/uploads\/2024\/05\/salade-andouille-macedoine8.jpg 800w, http:\/\/recettes-gourmandes-de-joce.fr\/wp-content\/uploads\/2024\/05\/salade-andouille-macedoine8-768x610.jpg 768w, http:\/\/recettes-gourmandes-de-joce.fr\/wp-content\/uploads\/2024\/05\/salade-andouille-macedoine8-750x595.jpg 750w\" sizes=\"auto, (max-width: 214px) 100vw, 214px\" \/> <img loading=\"lazy\" decoding=\"async\" class=\"alignnone wp-image-76917\" src=\"http:\/\/recettes-gourmandes-de-joce.fr\/wp-content\/uploads\/2024\/05\/salade-andouille-macedoine9.jpg\" alt=\"\" width=\"255\" height=\"170\" srcset=\"http:\/\/recettes-gourmandes-de-joce.fr\/wp-content\/uploads\/2024\/05\/salade-andouille-macedoine9.jpg 800w, http:\/\/recettes-gourmandes-de-joce.fr\/wp-content\/uploads\/2024\/05\/salade-andouille-macedoine9-768x513.jpg 768w, http:\/\/recettes-gourmandes-de-joce.fr\/wp-content\/uploads\/2024\/05\/salade-andouille-macedoine9-750x501.jpg 750w\" sizes=\"auto, (max-width: 255px) 100vw, 255px\" \/> <img loading=\"lazy\" decoding=\"async\" class=\"alignnone wp-image-76918\" src=\"http:\/\/recettes-gourmandes-de-joce.fr\/wp-content\/uploads\/2024\/05\/salade-andouille-macedoine10.jpg\" alt=\"\" width=\"182\" height=\"170\" srcset=\"http:\/\/recettes-gourmandes-de-joce.fr\/wp-content\/uploads\/2024\/05\/salade-andouille-macedoine10.jpg 800w, http:\/\/recettes-gourmandes-de-joce.fr\/wp-content\/uploads\/2024\/05\/salade-andouille-macedoine10-768x718.jpg 768w, http:\/\/recettes-gourmandes-de-joce.fr\/wp-content\/uploads\/2024\/05\/salade-andouille-macedoine10-750x701.jpg 750w\" sizes=\"auto, (max-width: 182px) 100vw, 182px\" \/><\/p>\n<p style=\"text-align: center;\"><span style=\"color: #0066ff; font-size: 14pt;\"><span style=\"font-family: georgia,serif;\"><em>R\u00e9aliser votre mayonnaise, mettre le jaune de l&rsquo;\u0153uf dans un bol, ajouter la moutarde, le sel, le poivre et monter le tout avec l&rsquo;huile, ajouter ensuite le vinaigre et m\u00e9langer, r\u00e9server.<\/em><\/span><\/span><\/p>\n<p style=\"text-align: center;\"><img loading=\"lazy\" decoding=\"async\" class=\"alignnone wp-image-76919\" src=\"http:\/\/recettes-gourmandes-de-joce.fr\/wp-content\/uploads\/2024\/05\/salade-andouille-macedoine11.jpg\" alt=\"\" width=\"255\" height=\"170\" srcset=\"http:\/\/recettes-gourmandes-de-joce.fr\/wp-content\/uploads\/2024\/05\/salade-andouille-macedoine11.jpg 800w, http:\/\/recettes-gourmandes-de-joce.fr\/wp-content\/uploads\/2024\/05\/salade-andouille-macedoine11-768x513.jpg 768w, http:\/\/recettes-gourmandes-de-joce.fr\/wp-content\/uploads\/2024\/05\/salade-andouille-macedoine11-750x501.jpg 750w\" sizes=\"auto, (max-width: 255px) 100vw, 255px\" \/> <img loading=\"lazy\" decoding=\"async\" class=\"alignnone wp-image-76920\" src=\"http:\/\/recettes-gourmandes-de-joce.fr\/wp-content\/uploads\/2024\/05\/salade-andouille-macedoine12.jpg\" alt=\"\" width=\"209\" height=\"170\" srcset=\"http:\/\/recettes-gourmandes-de-joce.fr\/wp-content\/uploads\/2024\/05\/salade-andouille-macedoine12.jpg 800w, http:\/\/recettes-gourmandes-de-joce.fr\/wp-content\/uploads\/2024\/05\/salade-andouille-macedoine12-768x625.jpg 768w, http:\/\/recettes-gourmandes-de-joce.fr\/wp-content\/uploads\/2024\/05\/salade-andouille-macedoine12-750x610.jpg 750w\" sizes=\"auto, (max-width: 209px) 100vw, 209px\" \/> <img loading=\"lazy\" decoding=\"async\" class=\"alignnone wp-image-76921\" src=\"http:\/\/recettes-gourmandes-de-joce.fr\/wp-content\/uploads\/2024\/05\/salade-andouille-macedoine13.jpg\" alt=\"\" width=\"221\" height=\"170\" srcset=\"http:\/\/recettes-gourmandes-de-joce.fr\/wp-content\/uploads\/2024\/05\/salade-andouille-macedoine13.jpg 800w, http:\/\/recettes-gourmandes-de-joce.fr\/wp-content\/uploads\/2024\/05\/salade-andouille-macedoine13-768x590.jpg 768w, http:\/\/recettes-gourmandes-de-joce.fr\/wp-content\/uploads\/2024\/05\/salade-andouille-macedoine13-750x577.jpg 750w\" sizes=\"auto, (max-width: 221px) 100vw, 221px\" \/><\/p>\n<p style=\"text-align: center;\"><span style=\"color: #0066ff; font-size: 14pt;\"><span style=\"font-family: georgia,serif;\"><em>\u00c9goutter la mac\u00e9doine de l\u00e9gumes, ajouter l&rsquo;oignon et ses tiges et m\u00e9langer. Ajouter 2 c \u00e0 s de mayonnaise et m\u00e9langer \u00e0 nouveau.<\/em><\/span><\/span><\/p>\n<p style=\"text-align: center;\"><img loading=\"lazy\" decoding=\"async\" class=\"alignnone wp-image-76922\" src=\"http:\/\/recettes-gourmandes-de-joce.fr\/wp-content\/uploads\/2024\/05\/salade-andouille-macedoine14.jpg\" alt=\"\" width=\"219\" height=\"170\" srcset=\"http:\/\/recettes-gourmandes-de-joce.fr\/wp-content\/uploads\/2024\/05\/salade-andouille-macedoine14.jpg 800w, http:\/\/recettes-gourmandes-de-joce.fr\/wp-content\/uploads\/2024\/05\/salade-andouille-macedoine14-768x596.jpg 768w, http:\/\/recettes-gourmandes-de-joce.fr\/wp-content\/uploads\/2024\/05\/salade-andouille-macedoine14-750x582.jpg 750w\" sizes=\"auto, (max-width: 219px) 100vw, 219px\" \/> <img loading=\"lazy\" decoding=\"async\" class=\"alignnone wp-image-76923\" src=\"http:\/\/recettes-gourmandes-de-joce.fr\/wp-content\/uploads\/2024\/05\/salade-andouille-macedoine15.jpg\" alt=\"\" width=\"226\" height=\"170\" srcset=\"http:\/\/recettes-gourmandes-de-joce.fr\/wp-content\/uploads\/2024\/05\/salade-andouille-macedoine15.jpg 800w, http:\/\/recettes-gourmandes-de-joce.fr\/wp-content\/uploads\/2024\/05\/salade-andouille-macedoine15-768x579.jpg 768w, http:\/\/recettes-gourmandes-de-joce.fr\/wp-content\/uploads\/2024\/05\/salade-andouille-macedoine15-750x565.jpg 750w\" sizes=\"auto, (max-width: 226px) 100vw, 226px\" \/> <img loading=\"lazy\" decoding=\"async\" class=\"alignnone wp-image-76924\" src=\"http:\/\/recettes-gourmandes-de-joce.fr\/wp-content\/uploads\/2024\/05\/salade-andouille-macedoine16.jpg\" alt=\"\" width=\"215\" height=\"170\" srcset=\"http:\/\/recettes-gourmandes-de-joce.fr\/wp-content\/uploads\/2024\/05\/salade-andouille-macedoine16.jpg 800w, http:\/\/recettes-gourmandes-de-joce.fr\/wp-content\/uploads\/2024\/05\/salade-andouille-macedoine16-768x607.jpg 768w, http:\/\/recettes-gourmandes-de-joce.fr\/wp-content\/uploads\/2024\/05\/salade-andouille-macedoine16-750x593.jpg 750w\" sizes=\"auto, (max-width: 215px) 100vw, 215px\" \/><\/p>\n<p style=\"text-align: center;\"><span style=\"color: #0066ff; font-size: 14pt;\"><span style=\"font-family: georgia,serif;\"><em>Mettre la mac\u00e9doine au centre du plat de service, r\u00e9partir autour en intercalant les tranches d&rsquo;andouillette et de cervelas, au-dessus ajouter en les intercalant les c\u0153urs d&rsquo;artichauts et les tranches de tomates.<\/em><\/span><\/span><\/p>\n<p style=\"text-align: center;\"><img loading=\"lazy\" decoding=\"async\" class=\"alignnone wp-image-76925\" src=\"http:\/\/recettes-gourmandes-de-joce.fr\/wp-content\/uploads\/2024\/05\/salade-andouille-macedoine17.jpg\" alt=\"\" width=\"207\" height=\"170\" srcset=\"http:\/\/recettes-gourmandes-de-joce.fr\/wp-content\/uploads\/2024\/05\/salade-andouille-macedoine17.jpg 800w, http:\/\/recettes-gourmandes-de-joce.fr\/wp-content\/uploads\/2024\/05\/salade-andouille-macedoine17-768x630.jpg 768w, http:\/\/recettes-gourmandes-de-joce.fr\/wp-content\/uploads\/2024\/05\/salade-andouille-macedoine17-750x615.jpg 750w\" sizes=\"auto, (max-width: 207px) 100vw, 207px\" \/><\/p>\n<p style=\"text-align: center;\"><span style=\"color: #0066ff; font-size: 14pt;\"><span style=\"font-family: georgia,serif;\"><em>Ajouter au centre sur la mac\u00e9doine les \u0153ufs. Parsemer sur le tout le m\u00e9lange de fleurs et les fleurs de bourrache, d\u00e9corer d&rsquo;une feuille de persil. Servir avec le reste de mayonnaise \u00e0 disposition.<\/em><\/span><\/span><\/p>\n<p style=\"text-align: center;\"><span style=\"color: #0066ff; font-size: 14pt;\"><span style=\"font-family: georgia,serif;\"><em>Bon app\u00e9tit!<\/em><\/span><\/span><\/p>\n<p style=\"text-align: center;\"><img loading=\"lazy\" decoding=\"async\" class=\"alignnone wp-image-76928\" src=\"http:\/\/recettes-gourmandes-de-joce.fr\/wp-content\/uploads\/2024\/05\/salade-andouille-macedoine20.jpg\" alt=\"\" width=\"267\" height=\"180\" srcset=\"http:\/\/recettes-gourmandes-de-joce.fr\/wp-content\/uploads\/2024\/05\/salade-andouille-macedoine20.jpg 800w, http:\/\/recettes-gourmandes-de-joce.fr\/wp-content\/uploads\/2024\/05\/salade-andouille-macedoine20-768x518.jpg 768w, http:\/\/recettes-gourmandes-de-joce.fr\/wp-content\/uploads\/2024\/05\/salade-andouille-macedoine20-750x506.jpg 750w\" sizes=\"auto, (max-width: 267px) 100vw, 267px\" \/> <img loading=\"lazy\" decoding=\"async\" class=\"alignnone wp-image-76931\" src=\"http:\/\/recettes-gourmandes-de-joce.fr\/wp-content\/uploads\/2024\/05\/salade-andouille-macedoine3.jpg\" alt=\"\" width=\"249\" height=\"180\" srcset=\"http:\/\/recettes-gourmandes-de-joce.fr\/wp-content\/uploads\/2024\/05\/salade-andouille-macedoine3.jpg 800w, http:\/\/recettes-gourmandes-de-joce.fr\/wp-content\/uploads\/2024\/05\/salade-andouille-macedoine3-768x556.jpg 768w, http:\/\/recettes-gourmandes-de-joce.fr\/wp-content\/uploads\/2024\/05\/salade-andouille-macedoine3-750x543.jpg 750w\" sizes=\"auto, (max-width: 249px) 100vw, 249px\" \/> <img loading=\"lazy\" decoding=\"async\" class=\"alignnone wp-image-76929\" src=\"http:\/\/recettes-gourmandes-de-joce.fr\/wp-content\/uploads\/2024\/05\/salade-andouille-macedoine1.jpg\" alt=\"\" width=\"215\" height=\"180\" srcset=\"http:\/\/recettes-gourmandes-de-joce.fr\/wp-content\/uploads\/2024\/05\/salade-andouille-macedoine1.jpg 800w, http:\/\/recettes-gourmandes-de-joce.fr\/wp-content\/uploads\/2024\/05\/salade-andouille-macedoine1-768x644.jpg 768w, http:\/\/recettes-gourmandes-de-joce.fr\/wp-content\/uploads\/2024\/05\/salade-andouille-macedoine1-750x629.jpg 750w\" sizes=\"auto, (max-width: 215px) 100vw, 215px\" \/><\/p>\n<p style=\"text-align: center;\"><img loading=\"lazy\" decoding=\"async\" class=\"alignnone size-full wp-image-59803\" src=\"http:\/\/recettes-gourmandes-de-joce.fr\/wp-content\/uploads\/2024\/01\/logitech-gaming-software-14112014-121223.jpg\" alt=\"\" width=\"640\" height=\"144\" \/><\/p>\n<p style=\"text-align: center;\">\n<div class=\"plugin plugin-social\">\n<div class=\"pw-widget __pw-theme-default pw-widget-9ce43 __pw-size-32 __pw-hover-false __pw-layout-horizontal __pw-padding-false __pw-view-auto __pw-label-false __pw-counter-none \" data-layout=\"\" data-label=\"false\" data-counter=\"false\" data-size=\"32\"><\/div>\n<\/div>\n<div id=\"comments-pages\" class=\"plugin plugin-comments\">\n<h3>Commentaires\u00a0<small>(2)<\/small><\/h3>\n<div class=\"items-container\">\n<div class=\"item item-comment media\">\n<div class=\"pull-left\">\n<p>&nbsp;<\/p>\n<p><img decoding=\"async\" class=\"media-object\" src=\"https:\/\/www.gravatar.com\/avatar\/ceed94a112dde2fdf78ccb5311af41b1?d=https%3A%2F%2Fwww.recettes-gourmandes-de-joce.com%2Fmedias%2Fstatic%2Fmanager%2Fim%2Favatar.png?s=50&amp;d=mm\" alt=\"duquesne marie-claire\" width=\"50\" \/><\/p>\n<\/div>\n<div class=\"media-body\">\n<ul class=\"inline item-infos\">\n<li><span class=\"comment-number\">1.<\/span>\u00a0<span class=\"comment-author\"><strong>duquesne marie-claire<\/strong><\/span>\u00a0<span class=\"comment-date\">| 01\/06\/2019<\/span><\/li>\n<\/ul>\n<div class=\"comment-content\">merci encore de vos recettes cela nous donnent des id\u00e9es continuer ainsi.<\/div>\n<div class=\"item item-comment media by-webmaster\">\n<div class=\"pull-left\">\n<p>&nbsp;<\/p>\n<\/div>\n<div class=\"media-body\">\n<ul class=\"inline item-infos\">\n<li><span class=\"comment-author\"><strong>jocelyne debon<\/strong>\u00a0(<a rel=\"nofollow\">site web<\/a>)<\/span>\u00a0<span class=\"comment-date\">| 01\/06\/2019<\/span><\/li>\n<\/ul>\n<div class=\"comment-content\">Coucou<\/div>\n<div class=\"comment-content\">Merci beaucoup pour votre commentaire et au plaisir de votre visite<\/div>\n<div class=\"comment-content\">Bon Weekend<\/div>\n<div class=\"comment-content\">Amicalement Joce<\/div>\n<\/div>\n<\/div>\n<\/div>\n<\/div>\n<\/div>\n<\/div>\n<p>&nbsp;<\/p>\n","protected":false},"excerpt":{"rendered":"<p>Une de mes recettes Ingr\u00e9dients pour 4 personnes 4 \u0153ufs 2 tomates 4 tranches de cervelas 8 tranches d&rsquo;andouillette 1 petite boite de mac\u00e9doine de l\u00e9gumes 1 oignon blanc et ses tiges 1 petite boite de c\u0153urs d&rsquo;artichaut Quelques fleurs de bourrache 1 c \u00e0 s de m\u00e9langes de fleurs pour salade d\u00e9tails sur ce &hellip; <\/p>\n<p><a class=\"more-link btn\" href=\"http:\/\/recettes-gourmandes-de-joce.fr\/index.php\/index\/entrees\/salades-crudites\/salade-de-macedoine-et-crudites-cervelas-et-andouillettes\/\">Lire la suite<\/a><\/p>\n","protected":false},"author":2,"featured_media":76930,"parent":165,"menu_order":0,"comment_status":"open","ping_status":"closed","template":"","meta":{"footnotes":""},"class_list":["post-3254","page","type-page","status-publish","has-post-thumbnail","hentry","nodate","item-wrap"],"_links":{"self":[{"href":"http:\/\/recettes-gourmandes-de-joce.fr\/index.php\/wp-json\/wp\/v2\/pages\/3254","targetHints":{"allow":["GET"]}}],"collection":[{"href":"http:\/\/recettes-gourmandes-de-joce.fr\/index.php\/wp-json\/wp\/v2\/pages"}],"about":[{"href":"http:\/\/recettes-gourmandes-de-joce.fr\/index.php\/wp-json\/wp\/v2\/types\/page"}],"author":[{"embeddable":true,"href":"http:\/\/recettes-gourmandes-de-joce.fr\/index.php\/wp-json\/wp\/v2\/users\/2"}],"replies":[{"embeddable":true,"href":"http:\/\/recettes-gourmandes-de-joce.fr\/index.php\/wp-json\/wp\/v2\/comments?post=3254"}],"version-history":[{"count":8,"href":"http:\/\/recettes-gourmandes-de-joce.fr\/index.php\/wp-json\/wp\/v2\/pages\/3254\/revisions"}],"predecessor-version":[{"id":94040,"href":"http:\/\/recettes-gourmandes-de-joce.fr\/index.php\/wp-json\/wp\/v2\/pages\/3254\/revisions\/94040"}],"up":[{"embeddable":true,"href":"http:\/\/recettes-gourmandes-de-joce.fr\/index.php\/wp-json\/wp\/v2\/pages\/165"}],"wp:featuredmedia":[{"embeddable":true,"href":"http:\/\/recettes-gourmandes-de-joce.fr\/index.php\/wp-json\/wp\/v2\/media\/76930"}],"wp:attachment":[{"href":"http:\/\/recettes-gourmandes-de-joce.fr\/index.php\/wp-json\/wp\/v2\/media?parent=3254"}],"curies":[{"name":"wp","href":"https:\/\/api.w.org\/{rel}","templated":true}]}}