{"id":3243,"date":"2019-10-05T16:25:05","date_gmt":"2019-10-05T16:25:05","guid":{"rendered":"http:\/\/recettes-gourmandes-de-joce.fr\/?page_id=3243"},"modified":"2024-08-16T12:51:58","modified_gmt":"2024-08-16T12:51:58","slug":"salade-de-crudites-chevre-pane-omelette-a-lail-des-ours","status":"publish","type":"page","link":"http:\/\/recettes-gourmandes-de-joce.fr\/index.php\/index\/entrees\/salades-crudites\/salade-de-crudites-chevre-pane-omelette-a-lail-des-ours\/","title":{"rendered":"Salade de crudit\u00e9s, ch\u00e8vre pan\u00e9, omelette \u00e0 l&rsquo;ail des ours."},"content":{"rendered":"<p style=\"text-align: center;\"><span style=\"color: #008000;\"><span style=\"font-size: 24px;\"><span style=\"font-family: georgia,serif;\"><u><em>Une de mes recettes<\/em><\/u><\/span><\/span><\/span><\/p>\n<p style=\"text-align: center;\"><img loading=\"lazy\" decoding=\"async\" class=\"alignnone wp-image-62146\" src=\"http:\/\/recettes-gourmandes-de-joce.fr\/wp-content\/uploads\/2024\/03\/crudite9-oeuf-chevre1.jpg\" alt=\"\" width=\"253\" height=\"180\" srcset=\"http:\/\/recettes-gourmandes-de-joce.fr\/wp-content\/uploads\/2024\/03\/crudite9-oeuf-chevre1.jpg 1024w, http:\/\/recettes-gourmandes-de-joce.fr\/wp-content\/uploads\/2024\/03\/crudite9-oeuf-chevre1-768x546.jpg 768w, http:\/\/recettes-gourmandes-de-joce.fr\/wp-content\/uploads\/2024\/03\/crudite9-oeuf-chevre1-750x533.jpg 750w\" sizes=\"auto, (max-width: 253px) 100vw, 253px\" \/> <img loading=\"lazy\" decoding=\"async\" class=\"alignnone wp-image-62147\" src=\"http:\/\/recettes-gourmandes-de-joce.fr\/wp-content\/uploads\/2024\/03\/crudite9-oeuf-chevre2.jpg\" alt=\"\" width=\"240\" height=\"180\" srcset=\"http:\/\/recettes-gourmandes-de-joce.fr\/wp-content\/uploads\/2024\/03\/crudite9-oeuf-chevre2.jpg 1024w, http:\/\/recettes-gourmandes-de-joce.fr\/wp-content\/uploads\/2024\/03\/crudite9-oeuf-chevre2-768x576.jpg 768w, http:\/\/recettes-gourmandes-de-joce.fr\/wp-content\/uploads\/2024\/03\/crudite9-oeuf-chevre2-750x563.jpg 750w\" sizes=\"auto, (max-width: 240px) 100vw, 240px\" \/> <img loading=\"lazy\" decoding=\"async\" class=\"alignnone wp-image-62148\" src=\"http:\/\/recettes-gourmandes-de-joce.fr\/wp-content\/uploads\/2024\/03\/crudite9-oeuf-chevre3.jpg\" alt=\"\" width=\"240\" height=\"180\" srcset=\"http:\/\/recettes-gourmandes-de-joce.fr\/wp-content\/uploads\/2024\/03\/crudite9-oeuf-chevre3.jpg 1024w, http:\/\/recettes-gourmandes-de-joce.fr\/wp-content\/uploads\/2024\/03\/crudite9-oeuf-chevre3-768x576.jpg 768w, http:\/\/recettes-gourmandes-de-joce.fr\/wp-content\/uploads\/2024\/03\/crudite9-oeuf-chevre3-750x563.jpg 750w\" sizes=\"auto, (max-width: 240px) 100vw, 240px\" \/><\/p>\n<p style=\"text-align: center;\"><span style=\"color: #008000;\"><span style=\"font-size: 24px;\"><span style=\"font-family: georgia,serif;\"><u><em>Ingr\u00e9dients pour 2 personnes<\/em><\/u><\/span><\/span><\/span><\/p>\n<p style=\"text-align: center;\"><img loading=\"lazy\" decoding=\"async\" class=\"alignnone wp-image-62149\" src=\"http:\/\/recettes-gourmandes-de-joce.fr\/wp-content\/uploads\/2024\/03\/crudite9-oeuf-chevre4.jpg\" alt=\"\" width=\"183\" height=\"200\" srcset=\"http:\/\/recettes-gourmandes-de-joce.fr\/wp-content\/uploads\/2024\/03\/crudite9-oeuf-chevre4.jpg 935w, http:\/\/recettes-gourmandes-de-joce.fr\/wp-content\/uploads\/2024\/03\/crudite9-oeuf-chevre4-768x841.jpg 768w, http:\/\/recettes-gourmandes-de-joce.fr\/wp-content\/uploads\/2024\/03\/crudite9-oeuf-chevre4-750x821.jpg 750w\" sizes=\"auto, (max-width: 183px) 100vw, 183px\" \/><\/p>\n<p style=\"text-align: center;\"><span style=\"font-size: 14pt;\"><em><span style=\"font-family: georgia,serif;\"><span style=\"color: #008000;\">4 fromages de ch\u00e8vre<\/span><\/span><\/em><\/span><\/p>\n<p style=\"text-align: center;\"><span style=\"font-size: 14pt;\"><em><span style=\"font-family: georgia,serif;\"><span style=\"color: #008000;\">1 oignon blanc et ses tiges<\/span><\/span><\/em><\/span><\/p>\n<p style=\"text-align: center;\"><span style=\"font-size: 14pt;\"><em><span style=\"font-family: georgia,serif;\"><span style=\"color: #008000;\">1 endive jaune<\/span><\/span><\/em><\/span><\/p>\n<p style=\"text-align: center;\"><span style=\"font-size: 14pt;\"><em><span style=\"font-family: georgia,serif;\"><span style=\"color: #008000;\">1 endive rouge<\/span><\/span><\/em><\/span><\/p>\n<p style=\"text-align: center;\"><span style=\"font-size: 14pt;\"><em><span style=\"font-family: georgia,serif;\"><span style=\"color: #008000;\">1 c\u0153ur de batavia<\/span><\/span><\/em><\/span><\/p>\n<p style=\"text-align: center;\"><span style=\"font-size: 14pt;\"><em><span style=\"font-family: georgia,serif;\"><span style=\"color: #008000;\">3 beaux champignons de Paris<\/span><\/span><\/em><\/span><\/p>\n<p style=\"text-align: center;\"><span style=\"font-size: 14pt;\"><em><span style=\"font-family: georgia,serif;\"><span style=\"color: #008000;\">2 tomates<\/span><\/span><\/em><\/span><\/p>\n<p style=\"text-align: center;\"><span style=\"font-size: 14pt;\"><em><span style=\"font-family: georgia,serif;\"><span style=\"color: #008000;\">2 \u0153ufs<\/span><\/span><\/em><\/span><\/p>\n<p style=\"text-align: center;\"><span style=\"font-size: 14pt;\"><em><span style=\"font-family: georgia,serif;\"><span style=\"color: #008000;\">8 radis<\/span><\/span><\/em><\/span><\/p>\n<p style=\"text-align: center;\"><span style=\"font-size: 14pt;\"><em><span style=\"font-family: georgia,serif;\"><span style=\"color: #008000;\">Chapelure (erreur sur la photo j&rsquo;ai mis la farine)<\/span><\/span><\/em><\/span><\/p>\n<p style=\"text-align: center;\"><span style=\"font-size: 14pt;\"><em><span style=\"font-family: georgia,serif;\"><span style=\"color: #008000;\">Huile d&rsquo;olive<\/span><\/span><\/em><\/span><\/p>\n<p style=\"text-align: center;\"><span style=\"font-size: 14pt;\"><em><span style=\"font-family: georgia,serif;\"><span style=\"color: #008000;\">1 c \u00e0 c d&rsquo;ail des ours d\u00e9tails sur ce lien -&gt; \u00c9pic\u00e9too<\/span><\/span><\/em><\/span><\/p>\n<p style=\"text-align: center;\"><span style=\"font-size: 14pt;\"><em><span style=\"font-family: georgia,serif;\"><span style=\"color: #008000;\">Sel et poivre<\/span><\/span><\/em><\/span><\/p>\n<p style=\"text-align: center;\"><span style=\"font-size: 14pt;\"><em><span style=\"font-family: georgia,serif;\"><span style=\"color: #008000;\">3 c \u00e0 s d&rsquo;huile de tournesol<\/span><\/span><\/em><\/span><\/p>\n<p style=\"text-align: center;\"><span style=\"font-size: 14pt;\"><em><span style=\"font-family: georgia,serif;\"><span style=\"color: #008000;\">1 c \u00e0 s de Vinaigre de vin<\/span><\/span><\/em><\/span><\/p>\n<p style=\"text-align: center;\"><img loading=\"lazy\" decoding=\"async\" class=\"alignnone wp-image-62150\" src=\"http:\/\/recettes-gourmandes-de-joce.fr\/wp-content\/uploads\/2024\/03\/crudite9-oeuf-chevre5.jpg\" alt=\"\" width=\"227\" height=\"170\" srcset=\"http:\/\/recettes-gourmandes-de-joce.fr\/wp-content\/uploads\/2024\/03\/crudite9-oeuf-chevre5.jpg 1024w, http:\/\/recettes-gourmandes-de-joce.fr\/wp-content\/uploads\/2024\/03\/crudite9-oeuf-chevre5-768x576.jpg 768w, http:\/\/recettes-gourmandes-de-joce.fr\/wp-content\/uploads\/2024\/03\/crudite9-oeuf-chevre5-750x563.jpg 750w\" sizes=\"auto, (max-width: 227px) 100vw, 227px\" \/> <img loading=\"lazy\" decoding=\"async\" class=\"alignnone wp-image-62151\" src=\"http:\/\/recettes-gourmandes-de-joce.fr\/wp-content\/uploads\/2024\/03\/crudite9-oeuf-chevre6.jpg\" alt=\"\" width=\"227\" height=\"170\" srcset=\"http:\/\/recettes-gourmandes-de-joce.fr\/wp-content\/uploads\/2024\/03\/crudite9-oeuf-chevre6.jpg 1024w, http:\/\/recettes-gourmandes-de-joce.fr\/wp-content\/uploads\/2024\/03\/crudite9-oeuf-chevre6-768x576.jpg 768w, http:\/\/recettes-gourmandes-de-joce.fr\/wp-content\/uploads\/2024\/03\/crudite9-oeuf-chevre6-750x563.jpg 750w\" sizes=\"auto, (max-width: 227px) 100vw, 227px\" \/> <img loading=\"lazy\" decoding=\"async\" class=\"alignnone wp-image-62152\" src=\"http:\/\/recettes-gourmandes-de-joce.fr\/wp-content\/uploads\/2024\/03\/crudite9-oeuf-chevre7.jpg\" alt=\"\" width=\"227\" height=\"170\" srcset=\"http:\/\/recettes-gourmandes-de-joce.fr\/wp-content\/uploads\/2024\/03\/crudite9-oeuf-chevre7.jpg 1024w, http:\/\/recettes-gourmandes-de-joce.fr\/wp-content\/uploads\/2024\/03\/crudite9-oeuf-chevre7-768x576.jpg 768w, http:\/\/recettes-gourmandes-de-joce.fr\/wp-content\/uploads\/2024\/03\/crudite9-oeuf-chevre7-750x563.jpg 750w\" sizes=\"auto, (max-width: 227px) 100vw, 227px\" \/><\/p>\n<p style=\"text-align: center;\"><span style=\"font-size: 14pt;\"><em><span style=\"font-family: georgia,serif;\"><span style=\"color: #008000;\">Laver les l\u00e9gumes sauf les champignons. Couper les tomates en tranches, couper les champignons en lamelles \u00e9paisses, ciseler les tiges d&rsquo;oignon, hacher l&rsquo;oignon. D\u00e9tailler les feuilles d&rsquo;endives et de batavia.<\/span><\/span><\/em><\/span><\/p>\n<p style=\"text-align: center;\"><img loading=\"lazy\" decoding=\"async\" class=\"alignnone wp-image-62153\" src=\"http:\/\/recettes-gourmandes-de-joce.fr\/wp-content\/uploads\/2024\/03\/crudite9-oeuf-chevre8.jpg\" alt=\"\" width=\"227\" height=\"170\" srcset=\"http:\/\/recettes-gourmandes-de-joce.fr\/wp-content\/uploads\/2024\/03\/crudite9-oeuf-chevre8.jpg 1024w, http:\/\/recettes-gourmandes-de-joce.fr\/wp-content\/uploads\/2024\/03\/crudite9-oeuf-chevre8-768x576.jpg 768w, http:\/\/recettes-gourmandes-de-joce.fr\/wp-content\/uploads\/2024\/03\/crudite9-oeuf-chevre8-750x563.jpg 750w\" sizes=\"auto, (max-width: 227px) 100vw, 227px\" \/> <img loading=\"lazy\" decoding=\"async\" class=\"alignnone wp-image-62154\" src=\"http:\/\/recettes-gourmandes-de-joce.fr\/wp-content\/uploads\/2024\/03\/crudite9-oeuf-chevre9.jpg\" alt=\"\" width=\"214\" height=\"170\" srcset=\"http:\/\/recettes-gourmandes-de-joce.fr\/wp-content\/uploads\/2024\/03\/crudite9-oeuf-chevre9.jpg 1024w, http:\/\/recettes-gourmandes-de-joce.fr\/wp-content\/uploads\/2024\/03\/crudite9-oeuf-chevre9-768x609.jpg 768w, http:\/\/recettes-gourmandes-de-joce.fr\/wp-content\/uploads\/2024\/03\/crudite9-oeuf-chevre9-750x595.jpg 750w\" sizes=\"auto, (max-width: 214px) 100vw, 214px\" \/> <img loading=\"lazy\" decoding=\"async\" class=\"alignnone wp-image-62155\" src=\"http:\/\/recettes-gourmandes-de-joce.fr\/wp-content\/uploads\/2024\/03\/crudite9-oeuf-chevre10.jpg\" alt=\"\" width=\"227\" height=\"170\" srcset=\"http:\/\/recettes-gourmandes-de-joce.fr\/wp-content\/uploads\/2024\/03\/crudite9-oeuf-chevre10.jpg 1024w, http:\/\/recettes-gourmandes-de-joce.fr\/wp-content\/uploads\/2024\/03\/crudite9-oeuf-chevre10-768x576.jpg 768w, http:\/\/recettes-gourmandes-de-joce.fr\/wp-content\/uploads\/2024\/03\/crudite9-oeuf-chevre10-750x563.jpg 750w\" sizes=\"auto, (max-width: 227px) 100vw, 227px\" \/><\/p>\n<p style=\"text-align: center;\"><span style=\"font-size: 14pt;\"><em><span style=\"font-family: georgia,serif;\"><span style=\"color: #008000;\">R\u00e9aliser votre vinaigrette en mettant le sel et le poivre dans un bol, ajouter le vinaigre et l&rsquo;huile, m\u00e9langer. Dans les assiettes de service, mettre en les alternant les feuilles d&rsquo;endive et de batavia, ajouter en couronne au milieu les tomates.<\/span><\/span><\/em><\/span><\/p>\n<p style=\"text-align: center;\"><img loading=\"lazy\" decoding=\"async\" class=\"alignnone wp-image-62311\" src=\"http:\/\/recettes-gourmandes-de-joce.fr\/wp-content\/uploads\/2024\/03\/asperges-debout8.jpg\" alt=\"\" width=\"227\" height=\"170\" srcset=\"http:\/\/recettes-gourmandes-de-joce.fr\/wp-content\/uploads\/2024\/03\/asperges-debout8.jpg 1024w, http:\/\/recettes-gourmandes-de-joce.fr\/wp-content\/uploads\/2024\/03\/asperges-debout8-768x576.jpg 768w, http:\/\/recettes-gourmandes-de-joce.fr\/wp-content\/uploads\/2024\/03\/asperges-debout8-750x563.jpg 750w\" sizes=\"auto, (max-width: 227px) 100vw, 227px\" \/> <img loading=\"lazy\" decoding=\"async\" class=\"alignnone wp-image-62156\" src=\"http:\/\/recettes-gourmandes-de-joce.fr\/wp-content\/uploads\/2024\/03\/crudite9-oeuf-chevre11.jpg\" alt=\"\" width=\"202\" height=\"170\" srcset=\"http:\/\/recettes-gourmandes-de-joce.fr\/wp-content\/uploads\/2024\/03\/crudite9-oeuf-chevre11.jpg 1024w, http:\/\/recettes-gourmandes-de-joce.fr\/wp-content\/uploads\/2024\/03\/crudite9-oeuf-chevre11-768x645.jpg 768w, http:\/\/recettes-gourmandes-de-joce.fr\/wp-content\/uploads\/2024\/03\/crudite9-oeuf-chevre11-750x630.jpg 750w\" sizes=\"auto, (max-width: 202px) 100vw, 202px\" \/> <img loading=\"lazy\" decoding=\"async\" class=\"alignnone wp-image-62157\" src=\"http:\/\/recettes-gourmandes-de-joce.fr\/wp-content\/uploads\/2024\/03\/crudite9-oeuf-chevre12.jpg\" alt=\"\" width=\"201\" height=\"170\" srcset=\"http:\/\/recettes-gourmandes-de-joce.fr\/wp-content\/uploads\/2024\/03\/crudite9-oeuf-chevre12.jpg 1024w, http:\/\/recettes-gourmandes-de-joce.fr\/wp-content\/uploads\/2024\/03\/crudite9-oeuf-chevre12-768x648.jpg 768w, http:\/\/recettes-gourmandes-de-joce.fr\/wp-content\/uploads\/2024\/03\/crudite9-oeuf-chevre12-750x633.jpg 750w\" sizes=\"auto, (max-width: 201px) 100vw, 201px\" \/><\/p>\n<p style=\"text-align: center;\"><span style=\"font-size: 14pt;\"><em><span style=\"font-family: georgia,serif;\"><span style=\"color: #008000;\">Tailler les radis en forme de fleur et les disposer entre les feuilles de salade et d&rsquo;endive. Ajouter entre chaque tranche de tomate les lamelles de champignons. R\u00e9partir les oignons,\u00a0leurs tiges et la vinaigrette\u00a0sur l&rsquo;ensemble de l&rsquo;assiette.<\/span><\/span><\/em><\/span><\/p>\n<p style=\"text-align: center;\"><img loading=\"lazy\" decoding=\"async\" class=\"alignnone wp-image-62158\" src=\"http:\/\/recettes-gourmandes-de-joce.fr\/wp-content\/uploads\/2024\/03\/crudite9-oeuf-chevre13.jpg\" alt=\"\" width=\"227\" height=\"170\" srcset=\"http:\/\/recettes-gourmandes-de-joce.fr\/wp-content\/uploads\/2024\/03\/crudite9-oeuf-chevre13.jpg 1024w, http:\/\/recettes-gourmandes-de-joce.fr\/wp-content\/uploads\/2024\/03\/crudite9-oeuf-chevre13-768x576.jpg 768w, http:\/\/recettes-gourmandes-de-joce.fr\/wp-content\/uploads\/2024\/03\/crudite9-oeuf-chevre13-750x563.jpg 750w\" sizes=\"auto, (max-width: 227px) 100vw, 227px\" \/><img loading=\"lazy\" decoding=\"async\" class=\"alignnone wp-image-62159\" src=\"http:\/\/recettes-gourmandes-de-joce.fr\/wp-content\/uploads\/2024\/03\/crudite9-oeuf-chevre14.jpg\" alt=\"\" width=\"227\" height=\"170\" srcset=\"http:\/\/recettes-gourmandes-de-joce.fr\/wp-content\/uploads\/2024\/03\/crudite9-oeuf-chevre14.jpg 1024w, http:\/\/recettes-gourmandes-de-joce.fr\/wp-content\/uploads\/2024\/03\/crudite9-oeuf-chevre14-768x576.jpg 768w, http:\/\/recettes-gourmandes-de-joce.fr\/wp-content\/uploads\/2024\/03\/crudite9-oeuf-chevre14-750x563.jpg 750w\" sizes=\"auto, (max-width: 227px) 100vw, 227px\" \/> <img loading=\"lazy\" decoding=\"async\" class=\"alignnone wp-image-62160\" src=\"http:\/\/recettes-gourmandes-de-joce.fr\/wp-content\/uploads\/2024\/03\/crudite9-oeuf-chevre15.jpg\" alt=\"\" width=\"227\" height=\"170\" srcset=\"http:\/\/recettes-gourmandes-de-joce.fr\/wp-content\/uploads\/2024\/03\/crudite9-oeuf-chevre15.jpg 1024w, http:\/\/recettes-gourmandes-de-joce.fr\/wp-content\/uploads\/2024\/03\/crudite9-oeuf-chevre15-768x576.jpg 768w, http:\/\/recettes-gourmandes-de-joce.fr\/wp-content\/uploads\/2024\/03\/crudite9-oeuf-chevre15-750x563.jpg 750w\" sizes=\"auto, (max-width: 227px) 100vw, 227px\" \/><\/p>\n<p style=\"text-align: center;\"><span style=\"font-size: 14pt;\"><em><span style=\"font-family: georgia,serif;\"><span style=\"color: #008000;\">Battre les \u0153ufs en omelette, ajouter du poivre, 1 c \u00e0 c d&rsquo;ail des ours et m\u00e9langer. Tremper les fromages de ch\u00e8vre dans les \u0153ufs battus.<\/span><\/span><\/em><\/span><\/p>\n<p style=\"text-align: center;\"><img loading=\"lazy\" decoding=\"async\" class=\"alignnone wp-image-62161\" src=\"http:\/\/recettes-gourmandes-de-joce.fr\/wp-content\/uploads\/2024\/03\/crudite9-oeuf-chevre16.jpg\" alt=\"\" width=\"227\" height=\"170\" srcset=\"http:\/\/recettes-gourmandes-de-joce.fr\/wp-content\/uploads\/2024\/03\/crudite9-oeuf-chevre16.jpg 1024w, http:\/\/recettes-gourmandes-de-joce.fr\/wp-content\/uploads\/2024\/03\/crudite9-oeuf-chevre16-768x576.jpg 768w, http:\/\/recettes-gourmandes-de-joce.fr\/wp-content\/uploads\/2024\/03\/crudite9-oeuf-chevre16-750x563.jpg 750w\" sizes=\"auto, (max-width: 227px) 100vw, 227px\" \/> <img loading=\"lazy\" decoding=\"async\" class=\"alignnone wp-image-62162\" src=\"http:\/\/recettes-gourmandes-de-joce.fr\/wp-content\/uploads\/2024\/03\/crudite9-oeuf-chevre17.jpg\" alt=\"\" width=\"227\" height=\"170\" srcset=\"http:\/\/recettes-gourmandes-de-joce.fr\/wp-content\/uploads\/2024\/03\/crudite9-oeuf-chevre17.jpg 1024w, http:\/\/recettes-gourmandes-de-joce.fr\/wp-content\/uploads\/2024\/03\/crudite9-oeuf-chevre17-768x576.jpg 768w, http:\/\/recettes-gourmandes-de-joce.fr\/wp-content\/uploads\/2024\/03\/crudite9-oeuf-chevre17-750x563.jpg 750w\" sizes=\"auto, (max-width: 227px) 100vw, 227px\" \/> <img loading=\"lazy\" decoding=\"async\" class=\"alignnone wp-image-62163\" src=\"http:\/\/recettes-gourmandes-de-joce.fr\/wp-content\/uploads\/2024\/03\/crudite9-oeuf-chevre18.jpg\" alt=\"\" width=\"227\" height=\"170\" srcset=\"http:\/\/recettes-gourmandes-de-joce.fr\/wp-content\/uploads\/2024\/03\/crudite9-oeuf-chevre18.jpg 1024w, http:\/\/recettes-gourmandes-de-joce.fr\/wp-content\/uploads\/2024\/03\/crudite9-oeuf-chevre18-768x576.jpg 768w, http:\/\/recettes-gourmandes-de-joce.fr\/wp-content\/uploads\/2024\/03\/crudite9-oeuf-chevre18-750x563.jpg 750w\" sizes=\"auto, (max-width: 227px) 100vw, 227px\" \/><\/p>\n<p style=\"text-align: center;\"><span style=\"font-size: 14pt;\"><em><span style=\"font-family: georgia,serif;\"><span style=\"color: #008000;\">Bien les enrober d&rsquo;\u0153uf et de chapelure sur tous les c\u00f4t\u00e9s.<\/span><\/span><\/em><\/span><\/p>\n<p style=\"text-align: center;\"><span style=\"font-size: 14pt;\"><em><span style=\"font-family: georgia,serif;\"><span style=\"color: #008000;\">\u00a0<\/span><span style=\"color: #008000;\"> <img loading=\"lazy\" decoding=\"async\" class=\"alignnone wp-image-62164\" src=\"http:\/\/recettes-gourmandes-de-joce.fr\/wp-content\/uploads\/2024\/03\/crudite9-oeuf-chevre19.jpg\" alt=\"\" width=\"227\" height=\"170\" srcset=\"http:\/\/recettes-gourmandes-de-joce.fr\/wp-content\/uploads\/2024\/03\/crudite9-oeuf-chevre19.jpg 1024w, http:\/\/recettes-gourmandes-de-joce.fr\/wp-content\/uploads\/2024\/03\/crudite9-oeuf-chevre19-768x576.jpg 768w, http:\/\/recettes-gourmandes-de-joce.fr\/wp-content\/uploads\/2024\/03\/crudite9-oeuf-chevre19-750x563.jpg 750w\" sizes=\"auto, (max-width: 227px) 100vw, 227px\" \/>\u00a0<img loading=\"lazy\" decoding=\"async\" class=\"alignnone wp-image-62166\" src=\"http:\/\/recettes-gourmandes-de-joce.fr\/wp-content\/uploads\/2024\/03\/crudite9-oeuf-chevre22.jpg\" alt=\"\" width=\"227\" height=\"170\" srcset=\"http:\/\/recettes-gourmandes-de-joce.fr\/wp-content\/uploads\/2024\/03\/crudite9-oeuf-chevre22.jpg 1024w, http:\/\/recettes-gourmandes-de-joce.fr\/wp-content\/uploads\/2024\/03\/crudite9-oeuf-chevre22-768x576.jpg 768w, http:\/\/recettes-gourmandes-de-joce.fr\/wp-content\/uploads\/2024\/03\/crudite9-oeuf-chevre22-750x563.jpg 750w\" sizes=\"auto, (max-width: 227px) 100vw, 227px\" \/> <\/span><\/span><\/em><em><span style=\"font-family: georgia,serif;\"><span style=\"color: #008000;\"><img loading=\"lazy\" decoding=\"async\" class=\"alignnone wp-image-62165\" src=\"http:\/\/recettes-gourmandes-de-joce.fr\/wp-content\/uploads\/2024\/03\/crudite9-oeuf-chevre21.jpg\" alt=\"\" width=\"266\" height=\"170\" srcset=\"http:\/\/recettes-gourmandes-de-joce.fr\/wp-content\/uploads\/2024\/03\/crudite9-oeuf-chevre21.jpg 1024w, http:\/\/recettes-gourmandes-de-joce.fr\/wp-content\/uploads\/2024\/03\/crudite9-oeuf-chevre21-768x491.jpg 768w, http:\/\/recettes-gourmandes-de-joce.fr\/wp-content\/uploads\/2024\/03\/crudite9-oeuf-chevre21-750x479.jpg 750w\" sizes=\"auto, (max-width: 266px) 100vw, 266px\" \/><\/span><\/span><\/em><\/span><\/p>\n<p style=\"text-align: center;\"><span style=\"font-size: 14pt;\"><em><span style=\"font-family: georgia,serif;\"><span style=\"color: #008000;\">Les mettre \u00e0 dorer quelques instants dans un po\u00eale avec un peu d&rsquo;huile d&rsquo;olive, ils dorent tr\u00e8s vite surveiller! et les ajouter sur la salade. \u00c0 la place dans la po\u00eale ajouter un peu d&rsquo;huile et y verser le reste des \u0153ufs battus, faire une omelette. La diviser en deux et l&rsquo;ajouter sur l&rsquo;assiette, servir imm\u00e9diatement.<\/span><\/span><\/em><\/span><\/p>\n<p style=\"text-align: center;\"><span style=\"color: #008000; font-size: 14pt;\"><span style=\"font-family: georgia,serif;\"><em>Bon app\u00e9tit!<\/em><\/span><\/span><\/p>\n<p style=\"text-align: center;\"><img loading=\"lazy\" decoding=\"async\" class=\"alignnone wp-image-62169\" src=\"http:\/\/recettes-gourmandes-de-joce.fr\/wp-content\/uploads\/2024\/03\/crudite9-oeuf-chevre25.jpg\" alt=\"\" width=\"224\" height=\"180\" srcset=\"http:\/\/recettes-gourmandes-de-joce.fr\/wp-content\/uploads\/2024\/03\/crudite9-oeuf-chevre25.jpg 1024w, http:\/\/recettes-gourmandes-de-joce.fr\/wp-content\/uploads\/2024\/03\/crudite9-oeuf-chevre25-768x617.jpg 768w, http:\/\/recettes-gourmandes-de-joce.fr\/wp-content\/uploads\/2024\/03\/crudite9-oeuf-chevre25-750x602.jpg 750w\" sizes=\"auto, (max-width: 224px) 100vw, 224px\" \/> <img loading=\"lazy\" decoding=\"async\" class=\"alignnone wp-image-62168\" src=\"http:\/\/recettes-gourmandes-de-joce.fr\/wp-content\/uploads\/2024\/03\/crudite9-oeuf-chevre24.jpg\" alt=\"\" width=\"240\" height=\"180\" srcset=\"http:\/\/recettes-gourmandes-de-joce.fr\/wp-content\/uploads\/2024\/03\/crudite9-oeuf-chevre24.jpg 1024w, http:\/\/recettes-gourmandes-de-joce.fr\/wp-content\/uploads\/2024\/03\/crudite9-oeuf-chevre24-768x576.jpg 768w, http:\/\/recettes-gourmandes-de-joce.fr\/wp-content\/uploads\/2024\/03\/crudite9-oeuf-chevre24-750x563.jpg 750w\" sizes=\"auto, (max-width: 240px) 100vw, 240px\" \/> <img loading=\"lazy\" decoding=\"async\" class=\"alignnone wp-image-62167\" src=\"http:\/\/recettes-gourmandes-de-joce.fr\/wp-content\/uploads\/2024\/03\/crudite9-oeuf-chevre23.jpg\" alt=\"\" width=\"224\" height=\"180\" srcset=\"http:\/\/recettes-gourmandes-de-joce.fr\/wp-content\/uploads\/2024\/03\/crudite9-oeuf-chevre23.jpg 1024w, http:\/\/recettes-gourmandes-de-joce.fr\/wp-content\/uploads\/2024\/03\/crudite9-oeuf-chevre23-768x617.jpg 768w, http:\/\/recettes-gourmandes-de-joce.fr\/wp-content\/uploads\/2024\/03\/crudite9-oeuf-chevre23-750x602.jpg 750w\" sizes=\"auto, (max-width: 224px) 100vw, 224px\" \/><\/p>\n<p style=\"text-align: center;\"><img loading=\"lazy\" decoding=\"async\" class=\"alignnone size-full wp-image-59803\" src=\"http:\/\/recettes-gourmandes-de-joce.fr\/wp-content\/uploads\/2024\/01\/logitech-gaming-software-14112014-121223.jpg\" alt=\"\" width=\"640\" height=\"144\" \/><\/p>\n","protected":false},"excerpt":{"rendered":"<p>Une de mes recettes Ingr\u00e9dients pour 2 personnes 4 fromages de ch\u00e8vre 1 oignon blanc et ses tiges 1 endive jaune 1 endive rouge 1 c\u0153ur de batavia 3 beaux champignons de Paris 2 tomates 2 \u0153ufs 8 radis Chapelure (erreur sur la photo j&rsquo;ai mis la farine) Huile d&rsquo;olive 1 c \u00e0 c d&rsquo;ail &hellip; <\/p>\n<p><a class=\"more-link btn\" href=\"http:\/\/recettes-gourmandes-de-joce.fr\/index.php\/index\/entrees\/salades-crudites\/salade-de-crudites-chevre-pane-omelette-a-lail-des-ours\/\">Lire la suite<\/a><\/p>\n","protected":false},"author":2,"featured_media":84321,"parent":165,"menu_order":0,"comment_status":"open","ping_status":"closed","template":"","meta":{"footnotes":""},"class_list":["post-3243","page","type-page","status-publish","has-post-thumbnail","hentry","nodate","item-wrap"],"_links":{"self":[{"href":"http:\/\/recettes-gourmandes-de-joce.fr\/index.php\/wp-json\/wp\/v2\/pages\/3243","targetHints":{"allow":["GET"]}}],"collection":[{"href":"http:\/\/recettes-gourmandes-de-joce.fr\/index.php\/wp-json\/wp\/v2\/pages"}],"about":[{"href":"http:\/\/recettes-gourmandes-de-joce.fr\/index.php\/wp-json\/wp\/v2\/types\/page"}],"author":[{"embeddable":true,"href":"http:\/\/recettes-gourmandes-de-joce.fr\/index.php\/wp-json\/wp\/v2\/users\/2"}],"replies":[{"embeddable":true,"href":"http:\/\/recettes-gourmandes-de-joce.fr\/index.php\/wp-json\/wp\/v2\/comments?post=3243"}],"version-history":[{"count":8,"href":"http:\/\/recettes-gourmandes-de-joce.fr\/index.php\/wp-json\/wp\/v2\/pages\/3243\/revisions"}],"predecessor-version":[{"id":89581,"href":"http:\/\/recettes-gourmandes-de-joce.fr\/index.php\/wp-json\/wp\/v2\/pages\/3243\/revisions\/89581"}],"up":[{"embeddable":true,"href":"http:\/\/recettes-gourmandes-de-joce.fr\/index.php\/wp-json\/wp\/v2\/pages\/165"}],"wp:featuredmedia":[{"embeddable":true,"href":"http:\/\/recettes-gourmandes-de-joce.fr\/index.php\/wp-json\/wp\/v2\/media\/84321"}],"wp:attachment":[{"href":"http:\/\/recettes-gourmandes-de-joce.fr\/index.php\/wp-json\/wp\/v2\/media?parent=3243"}],"curies":[{"name":"wp","href":"https:\/\/api.w.org\/{rel}","templated":true}]}}