{"id":32420,"date":"2021-05-24T12:03:14","date_gmt":"2021-05-24T12:03:14","guid":{"rendered":"http:\/\/recettes-gourmandes-de-joce.fr\/?page_id=32420"},"modified":"2024-05-14T11:57:02","modified_gmt":"2024-05-14T11:57:02","slug":"bruschettas-aux-deux-jambons-chevre-et-mozzarelle","status":"publish","type":"page","link":"http:\/\/recettes-gourmandes-de-joce.fr\/index.php\/index\/burgers-croques-tartines-pizzas\/tartines-bruschettas\/bruschettas-aux-deux-jambons-chevre-et-mozzarelle\/","title":{"rendered":"Bruschettas aux deux jambons, ch\u00e8vre et mozzarelle"},"content":{"rendered":"<div id=\"rows\" class=\"clearfix\">\n<div class=\"row-container page_1\">\n<div class=\"row-content\">\n<div class=\"row\">\n<div class=\"column\">\n<div class=\"column-content\">\n<div class=\"clearfix\">\n<p style=\"text-align: center;\"><span style=\"text-decoration: underline; color: #008000;\"><span style=\"font-family: georgia, palatino, serif; font-size: 18pt;\"><em>Une de mes recettes<\/em><\/span><\/span><\/p>\n<p style=\"text-align: center;\"><span style=\"color: #008000;\">\u00a0<img loading=\"lazy\" decoding=\"async\" class=\"alignnone wp-image-32436\" src=\"http:\/\/recettes-gourmandes-de-joce.fr\/wp-content\/uploads\/2021\/05\/P3310808-300x225.jpg\" alt=\"\" width=\"240\" height=\"180\" srcset=\"http:\/\/recettes-gourmandes-de-joce.fr\/wp-content\/uploads\/2021\/05\/P3310808-300x225.jpg 300w, http:\/\/recettes-gourmandes-de-joce.fr\/wp-content\/uploads\/2021\/05\/P3310808-768x576.jpg 768w, http:\/\/recettes-gourmandes-de-joce.fr\/wp-content\/uploads\/2021\/05\/P3310808-750x563.jpg 750w, http:\/\/recettes-gourmandes-de-joce.fr\/wp-content\/uploads\/2021\/05\/P3310808.jpg 800w\" sizes=\"auto, (max-width: 240px) 100vw, 240px\" \/> <img loading=\"lazy\" decoding=\"async\" class=\"alignnone wp-image-32435\" src=\"http:\/\/recettes-gourmandes-de-joce.fr\/wp-content\/uploads\/2021\/05\/P3310805-2-300x225.jpg\" alt=\"\" width=\"240\" height=\"180\" srcset=\"http:\/\/recettes-gourmandes-de-joce.fr\/wp-content\/uploads\/2021\/05\/P3310805-2-300x225.jpg 300w, http:\/\/recettes-gourmandes-de-joce.fr\/wp-content\/uploads\/2021\/05\/P3310805-2-768x576.jpg 768w, http:\/\/recettes-gourmandes-de-joce.fr\/wp-content\/uploads\/2021\/05\/P3310805-2-750x563.jpg 750w, http:\/\/recettes-gourmandes-de-joce.fr\/wp-content\/uploads\/2021\/05\/P3310805-2.jpg 800w\" sizes=\"auto, (max-width: 240px) 100vw, 240px\" \/> <img loading=\"lazy\" decoding=\"async\" class=\"alignnone wp-image-32434\" src=\"http:\/\/recettes-gourmandes-de-joce.fr\/wp-content\/uploads\/2021\/05\/P3310803-2-300x225.jpg\" alt=\"\" width=\"240\" height=\"180\" srcset=\"http:\/\/recettes-gourmandes-de-joce.fr\/wp-content\/uploads\/2021\/05\/P3310803-2-300x225.jpg 300w, http:\/\/recettes-gourmandes-de-joce.fr\/wp-content\/uploads\/2021\/05\/P3310803-2-768x576.jpg 768w, http:\/\/recettes-gourmandes-de-joce.fr\/wp-content\/uploads\/2021\/05\/P3310803-2-750x563.jpg 750w, http:\/\/recettes-gourmandes-de-joce.fr\/wp-content\/uploads\/2021\/05\/P3310803-2.jpg 800w\" sizes=\"auto, (max-width: 240px) 100vw, 240px\" \/><\/span><\/p>\n<p style=\"text-align: center;\"><span style=\"text-decoration: underline; color: #008000;\"><span style=\"font-family: georgia, palatino, serif; font-size: 18pt;\"><em>Ingr\u00e9dients pour une bruschettas<\/em><\/span><\/span><\/p>\n<p style=\"text-align: center;\"><span style=\"color: #008000;\"><img loading=\"lazy\" decoding=\"async\" class=\"alignnone size-medium wp-image-32437\" src=\"http:\/\/recettes-gourmandes-de-joce.fr\/wp-content\/uploads\/2021\/05\/P3310782-300x189.jpg\" alt=\"\" width=\"300\" height=\"189\" srcset=\"http:\/\/recettes-gourmandes-de-joce.fr\/wp-content\/uploads\/2021\/05\/P3310782-300x189.jpg 300w, http:\/\/recettes-gourmandes-de-joce.fr\/wp-content\/uploads\/2021\/05\/P3310782-768x483.jpg 768w, http:\/\/recettes-gourmandes-de-joce.fr\/wp-content\/uploads\/2021\/05\/P3310782-750x472.jpg 750w, http:\/\/recettes-gourmandes-de-joce.fr\/wp-content\/uploads\/2021\/05\/P3310782.jpg 800w\" sizes=\"auto, (max-width: 300px) 100vw, 300px\" \/><\/span><\/p>\n<p style=\"text-align: center;\"><span style=\"text-decoration: underline; color: #008000;\"><em><span style=\"font-family: georgia, palatino, serif;\">J&rsquo;ai r\u00e9alis\u00e9 3 bruschettas diff\u00e9rentes d&rsquo;o\u00f9 le nombre d&rsquo;ingr\u00e9dients sur les photos, <\/span><\/em><\/span><\/p>\n<p style=\"text-align: center;\"><span style=\"text-decoration: underline; color: #008000;\"><em><span style=\"font-family: georgia, palatino, serif;\">fiez-vous pour 1 personne aux quantit\u00e9s ci-dessous \u2193<\/span><\/em><\/span><\/p>\n<p style=\"text-align: center;\"><span style=\"color: #008000;\"><em><span style=\"font-family: georgia, palatino, serif;\"><span style=\"font-size: 14pt;\">1\u00a0 tranche de pain pour <\/span><span style=\"font-size: 18.6667px;\">bruschettas<\/span><span style=\"font-size: 14pt;\">\u00a0<\/span><\/span><\/em><\/span><\/p>\n<p style=\"text-align: center;\"><span style=\"font-family: georgia, palatino, serif; font-size: 14pt; color: #008000;\"><em>1 tomate<\/em><\/span><\/p>\n<p style=\"text-align: center;\"><span style=\"font-family: georgia, palatino, serif; font-size: 14pt; color: #008000;\"><em>1 oignon<\/em><\/span><\/p>\n<p style=\"text-align: center;\"><span style=\"font-family: georgia, palatino, serif; font-size: 14pt; color: #008000;\"><em>\u00bd boule de mozzarelle<\/em><\/span><\/p>\n<p style=\"text-align: center;\"><span style=\"font-family: georgia, palatino, serif; font-size: 14pt; color: #008000;\"><em>1 tranche de jambon blanc<\/em><\/span><\/p>\n<p style=\"text-align: center;\"><span style=\"font-family: georgia, palatino, serif; font-size: 14pt; color: #008000;\"><em>2 tranches de\u00a0 jambon fum\u00e9<\/em><\/span><\/p>\n<p style=\"text-align: center;\"><span style=\"font-family: georgia, palatino, serif; font-size: 14pt; color: #008000;\"><em>4 tranches de b\u00fbche de ch\u00e8vre<\/em><\/span><\/p>\n<p style=\"text-align: center;\"><span style=\"font-family: georgia, palatino, serif; font-size: 14pt; color: #008000;\"><em>3 champignons de Paris<\/em><\/span><\/p>\n<p style=\"text-align: center;\"><span style=\"font-family: georgia, palatino, serif; font-size: 14pt; color: #008000;\"><em>Quelques brins de ciboulette et persil<\/em><\/span><\/p>\n<p style=\"text-align: center;\"><span style=\"font-family: georgia, palatino, serif; font-size: 14pt; color: #008000;\"><em>1 filet d&rsquo;huile d&rsquo;olive<\/em><\/span><\/p>\n<p style=\"text-align: center;\"><span style=\"font-family: georgia, palatino, serif; font-size: 14pt; color: #008000;\"><em>Sel et poivre\u00a0<\/em><\/span><\/p>\n<p style=\"text-align: center;\"><span style=\"color: #008000;\">\u00a0<img loading=\"lazy\" decoding=\"async\" class=\"alignnone wp-image-32442\" src=\"http:\/\/recettes-gourmandes-de-joce.fr\/wp-content\/uploads\/2021\/05\/p5010006-001-300x208.jpg\" alt=\"\" width=\"231\" height=\"160\" srcset=\"http:\/\/recettes-gourmandes-de-joce.fr\/wp-content\/uploads\/2021\/05\/p5010006-001-300x208.jpg 300w, http:\/\/recettes-gourmandes-de-joce.fr\/wp-content\/uploads\/2021\/05\/p5010006-001-768x532.jpg 768w, http:\/\/recettes-gourmandes-de-joce.fr\/wp-content\/uploads\/2021\/05\/p5010006-001-750x519.jpg 750w, http:\/\/recettes-gourmandes-de-joce.fr\/wp-content\/uploads\/2021\/05\/p5010006-001.jpg 800w\" sizes=\"auto, (max-width: 231px) 100vw, 231px\" \/> <img loading=\"lazy\" decoding=\"async\" class=\"alignnone wp-image-32444\" src=\"http:\/\/recettes-gourmandes-de-joce.fr\/wp-content\/uploads\/2021\/05\/p1010418-3-300x211.jpg\" alt=\"\" width=\"228\" height=\"160\" srcset=\"http:\/\/recettes-gourmandes-de-joce.fr\/wp-content\/uploads\/2021\/05\/p1010418-3-300x211.jpg 300w, http:\/\/recettes-gourmandes-de-joce.fr\/wp-content\/uploads\/2021\/05\/p1010418-3.jpg 551w\" sizes=\"auto, (max-width: 228px) 100vw, 228px\" \/>\u00a0<img loading=\"lazy\" decoding=\"async\" class=\"alignnone wp-image-23035\" src=\"http:\/\/recettes-gourmandes-de-joce.fr\/wp-content\/uploads\/2020\/06\/20200621_155803-300x225.jpg\" alt=\"\" width=\"213\" height=\"160\" srcset=\"http:\/\/recettes-gourmandes-de-joce.fr\/wp-content\/uploads\/2020\/06\/20200621_155803-300x225.jpg 300w, http:\/\/recettes-gourmandes-de-joce.fr\/wp-content\/uploads\/2020\/06\/20200621_155803-768x576.jpg 768w, http:\/\/recettes-gourmandes-de-joce.fr\/wp-content\/uploads\/2020\/06\/20200621_155803.jpg 800w\" sizes=\"auto, (max-width: 213px) 100vw, 213px\" \/><\/span><\/p>\n<p style=\"text-align: center;\"><span style=\"font-family: georgia, palatino, serif; font-size: 14pt; color: #008000;\"><em>Laver et couper les tomates en tranches, peler et \u00e9mincer l&rsquo;oignon, nettoyer et couper les champignons en lamelles. Laver et hacher la ciboulette et le persil. Couper la mozzarelle en petits d\u00e9s.<\/em><\/span><\/p>\n<p style=\"text-align: center;\"><span style=\"color: #008000;\"><img loading=\"lazy\" decoding=\"async\" class=\"alignnone wp-image-32450\" src=\"http:\/\/recettes-gourmandes-de-joce.fr\/wp-content\/uploads\/2021\/05\/p1010031-72672.jpg\" alt=\"\" width=\"241\" height=\"160\" \/> <img loading=\"lazy\" decoding=\"async\" class=\"alignnone wp-image-17190\" src=\"http:\/\/recettes-gourmandes-de-joce.fr\/wp-content\/uploads\/2020\/02\/millefeuille-daubergines-19-300x243.jpg\" alt=\"\" width=\"198\" height=\"160\" srcset=\"http:\/\/recettes-gourmandes-de-joce.fr\/wp-content\/uploads\/2020\/02\/millefeuille-daubergines-19-300x243.jpg 300w, http:\/\/recettes-gourmandes-de-joce.fr\/wp-content\/uploads\/2020\/02\/millefeuille-daubergines-19-768x621.jpg 768w, http:\/\/recettes-gourmandes-de-joce.fr\/wp-content\/uploads\/2020\/02\/millefeuille-daubergines-19-1024x828.jpg 1024w, http:\/\/recettes-gourmandes-de-joce.fr\/wp-content\/uploads\/2020\/02\/millefeuille-daubergines-19.jpg 1600w\" sizes=\"auto, (max-width: 198px) 100vw, 198px\" \/>\u00a0<img loading=\"lazy\" decoding=\"async\" class=\"alignnone wp-image-32440\" src=\"http:\/\/recettes-gourmandes-de-joce.fr\/wp-content\/uploads\/2021\/05\/P3310786-2-300x225.jpg\" alt=\"\" width=\"213\" height=\"160\" srcset=\"http:\/\/recettes-gourmandes-de-joce.fr\/wp-content\/uploads\/2021\/05\/P3310786-2-300x225.jpg 300w, http:\/\/recettes-gourmandes-de-joce.fr\/wp-content\/uploads\/2021\/05\/P3310786-2-768x576.jpg 768w, http:\/\/recettes-gourmandes-de-joce.fr\/wp-content\/uploads\/2021\/05\/P3310786-2-750x563.jpg 750w, http:\/\/recettes-gourmandes-de-joce.fr\/wp-content\/uploads\/2021\/05\/P3310786-2.jpg 800w\" sizes=\"auto, (max-width: 213px) 100vw, 213px\" \/> \u00a0 \u00a0\u00a0<\/span><\/p>\n<p style=\"text-align: center;\"><span style=\"font-family: georgia, palatino, serif; font-size: 14pt; color: #008000;\"><em><em style=\"color: #008000; font-family: georgia, palatino, serif; font-size: 14pt;\">Couper les deux jambon en lani\u00e8res. Couper la b\u00fbche ch\u00e8vre en 4 tranches. <\/em>Sur une tranche de de pain, que vous pouvez faire toaster avec un filet d&rsquo;huile d&rsquo;olive dans un premier temps si vous aimez, r\u00e9partir les oignons.<\/em><\/span><\/p>\n<p style=\"text-align: center;\"><span style=\"font-family: georgia, palatino, serif; font-size: 14pt; color: #008000;\"><img loading=\"lazy\" decoding=\"async\" class=\"alignnone wp-image-32441\" style=\"color: #4a474b; font-family: Lato, sans-serif; font-size: 16px;\" src=\"http:\/\/recettes-gourmandes-de-joce.fr\/wp-content\/uploads\/2021\/05\/P3310788-2-300x196.jpg\" alt=\"\" width=\"245\" height=\"160\" srcset=\"http:\/\/recettes-gourmandes-de-joce.fr\/wp-content\/uploads\/2021\/05\/P3310788-2-300x196.jpg 300w, http:\/\/recettes-gourmandes-de-joce.fr\/wp-content\/uploads\/2021\/05\/P3310788-2-768x502.jpg 768w, http:\/\/recettes-gourmandes-de-joce.fr\/wp-content\/uploads\/2021\/05\/P3310788-2-750x490.jpg 750w, http:\/\/recettes-gourmandes-de-joce.fr\/wp-content\/uploads\/2021\/05\/P3310788-2.jpg 800w\" sizes=\"auto, (max-width: 245px) 100vw, 245px\" \/> <img loading=\"lazy\" decoding=\"async\" class=\"alignnone wp-image-32424\" style=\"color: #4a474b; font-family: Lato, sans-serif; font-size: 16px;\" src=\"http:\/\/recettes-gourmandes-de-joce.fr\/wp-content\/uploads\/2021\/05\/P3310792-2-300x181.jpg\" alt=\"\" width=\"265\" height=\"160\" srcset=\"http:\/\/recettes-gourmandes-de-joce.fr\/wp-content\/uploads\/2021\/05\/P3310792-2-300x181.jpg 300w, http:\/\/recettes-gourmandes-de-joce.fr\/wp-content\/uploads\/2021\/05\/P3310792-2-768x464.jpg 768w, http:\/\/recettes-gourmandes-de-joce.fr\/wp-content\/uploads\/2021\/05\/P3310792-2-750x453.jpg 750w, http:\/\/recettes-gourmandes-de-joce.fr\/wp-content\/uploads\/2021\/05\/P3310792-2.jpg 800w\" sizes=\"auto, (max-width: 265px) 100vw, 265px\" \/> <img loading=\"lazy\" decoding=\"async\" class=\"alignnone wp-image-32425\" style=\"font-family: Lato, sans-serif; font-size: 16px;\" src=\"http:\/\/recettes-gourmandes-de-joce.fr\/wp-content\/uploads\/2021\/05\/P3310793-2-300x195.jpg\" alt=\"\" width=\"246\" height=\"160\" srcset=\"http:\/\/recettes-gourmandes-de-joce.fr\/wp-content\/uploads\/2021\/05\/P3310793-2-300x195.jpg 300w, http:\/\/recettes-gourmandes-de-joce.fr\/wp-content\/uploads\/2021\/05\/P3310793-2-768x499.jpg 768w, http:\/\/recettes-gourmandes-de-joce.fr\/wp-content\/uploads\/2021\/05\/P3310793-2-750x488.jpg 750w, http:\/\/recettes-gourmandes-de-joce.fr\/wp-content\/uploads\/2021\/05\/P3310793-2.jpg 800w\" sizes=\"auto, (max-width: 246px) 100vw, 246px\" \/> \u00a0<\/span><\/p>\n<p style=\"text-align: center;\"><span style=\"font-family: georgia, palatino, serif; font-size: 14pt; color: #008000;\"><em>Puis ajouter les tomates et les champignons. Saler. <\/em><em>Ajouter les deux jambons en lani\u00e8res. <\/em><em>Ajouter les tranches de fromage de ch\u00e8vre. R\u00e9parti<\/em><\/span><em style=\"color: #008000; font-family: georgia, palatino, serif; font-size: 14pt;\">r le persil et la ciboulette.<\/em><\/p>\n<p style=\"text-align: center;\"><img loading=\"lazy\" decoding=\"async\" class=\"alignnone wp-image-32426\" src=\"http:\/\/recettes-gourmandes-de-joce.fr\/wp-content\/uploads\/2021\/05\/P3310794-2-300x210.jpg\" alt=\"\" width=\"229\" height=\"160\" srcset=\"http:\/\/recettes-gourmandes-de-joce.fr\/wp-content\/uploads\/2021\/05\/P3310794-2-300x210.jpg 300w, http:\/\/recettes-gourmandes-de-joce.fr\/wp-content\/uploads\/2021\/05\/P3310794-2-768x538.jpg 768w, http:\/\/recettes-gourmandes-de-joce.fr\/wp-content\/uploads\/2021\/05\/P3310794-2-750x525.jpg 750w, http:\/\/recettes-gourmandes-de-joce.fr\/wp-content\/uploads\/2021\/05\/P3310794-2.jpg 800w\" sizes=\"auto, (max-width: 229px) 100vw, 229px\" \/> <img loading=\"lazy\" decoding=\"async\" class=\"alignnone wp-image-32443\" src=\"http:\/\/recettes-gourmandes-de-joce.fr\/wp-content\/uploads\/2021\/05\/P3310795-300x208.jpg\" alt=\"\" width=\"231\" height=\"160\" srcset=\"http:\/\/recettes-gourmandes-de-joce.fr\/wp-content\/uploads\/2021\/05\/P3310795-300x208.jpg 300w, http:\/\/recettes-gourmandes-de-joce.fr\/wp-content\/uploads\/2021\/05\/P3310795.jpg 474w\" sizes=\"auto, (max-width: 231px) 100vw, 231px\" \/><\/p>\n<p style=\"text-align: center;\"><span style=\"font-family: georgia, palatino, serif; font-size: 14pt; color: #008000;\"><em style=\"color: #008000; font-family: georgia, palatino, serif; font-size: 14pt;\">Poivrer. <\/em><em>R\u00e9partir la mozzarelle et un filet d&rsquo;huile d&rsquo;olive. Enfourner sous le grill du four \u00e0 200\u00b0 environ 15 minutes selon les fours, surveiller la coloration.<\/em><\/span><\/p>\n<p style=\"text-align: center;\"><span style=\"font-family: georgia, palatino, serif; font-size: 14pt; color: #008000;\"><em>Bon app\u00e9tit!<\/em><\/span><\/p>\n<p style=\"text-align: center;\"><span style=\"color: #008000;\"><img loading=\"lazy\" decoding=\"async\" class=\"alignnone wp-image-32434\" src=\"http:\/\/recettes-gourmandes-de-joce.fr\/wp-content\/uploads\/2021\/05\/P3310803-2-300x225.jpg\" alt=\"\" width=\"240\" height=\"180\" srcset=\"http:\/\/recettes-gourmandes-de-joce.fr\/wp-content\/uploads\/2021\/05\/P3310803-2-300x225.jpg 300w, http:\/\/recettes-gourmandes-de-joce.fr\/wp-content\/uploads\/2021\/05\/P3310803-2-768x576.jpg 768w, http:\/\/recettes-gourmandes-de-joce.fr\/wp-content\/uploads\/2021\/05\/P3310803-2-750x563.jpg 750w, http:\/\/recettes-gourmandes-de-joce.fr\/wp-content\/uploads\/2021\/05\/P3310803-2.jpg 800w\" sizes=\"auto, (max-width: 240px) 100vw, 240px\" \/> <img loading=\"lazy\" decoding=\"async\" class=\"alignnone wp-image-32435\" src=\"http:\/\/recettes-gourmandes-de-joce.fr\/wp-content\/uploads\/2021\/05\/P3310805-2-300x225.jpg\" alt=\"\" width=\"240\" height=\"180\" srcset=\"http:\/\/recettes-gourmandes-de-joce.fr\/wp-content\/uploads\/2021\/05\/P3310805-2-300x225.jpg 300w, http:\/\/recettes-gourmandes-de-joce.fr\/wp-content\/uploads\/2021\/05\/P3310805-2-768x576.jpg 768w, http:\/\/recettes-gourmandes-de-joce.fr\/wp-content\/uploads\/2021\/05\/P3310805-2-750x563.jpg 750w, http:\/\/recettes-gourmandes-de-joce.fr\/wp-content\/uploads\/2021\/05\/P3310805-2.jpg 800w\" sizes=\"auto, (max-width: 240px) 100vw, 240px\" \/> <img loading=\"lazy\" decoding=\"async\" class=\"alignnone wp-image-32436\" src=\"http:\/\/recettes-gourmandes-de-joce.fr\/wp-content\/uploads\/2021\/05\/P3310808-300x225.jpg\" alt=\"\" width=\"240\" height=\"180\" srcset=\"http:\/\/recettes-gourmandes-de-joce.fr\/wp-content\/uploads\/2021\/05\/P3310808-300x225.jpg 300w, http:\/\/recettes-gourmandes-de-joce.fr\/wp-content\/uploads\/2021\/05\/P3310808-768x576.jpg 768w, http:\/\/recettes-gourmandes-de-joce.fr\/wp-content\/uploads\/2021\/05\/P3310808-750x563.jpg 750w, http:\/\/recettes-gourmandes-de-joce.fr\/wp-content\/uploads\/2021\/05\/P3310808.jpg 800w\" sizes=\"auto, (max-width: 240px) 100vw, 240px\" \/><\/span><\/p>\n<p style=\"text-align: center;\"><span style=\"color: #008000;\"><img loading=\"lazy\" decoding=\"async\" class=\"alignnone wp-image-24317 size-full\" src=\"http:\/\/recettes-gourmandes-de-joce.fr\/wp-content\/uploads\/2020\/07\/logitech-gaming-software-14112014-121223.jpg\" alt=\"\" width=\"640\" height=\"144\" srcset=\"http:\/\/recettes-gourmandes-de-joce.fr\/wp-content\/uploads\/2020\/07\/logitech-gaming-software-14112014-121223.jpg 640w, http:\/\/recettes-gourmandes-de-joce.fr\/wp-content\/uploads\/2020\/07\/logitech-gaming-software-14112014-121223-300x68.jpg 300w\" sizes=\"auto, (max-width: 640px) 100vw, 640px\" \/><\/span><\/p>\n<\/div>\n<\/div>\n<\/div>\n<\/div>\n<\/div>\n<\/div>\n<\/div>\n<div class=\"plugins\">\n<div id=\"comments-pages\" class=\"plugin plugin-comments\">\n<h3><span style=\"color: #000000;\">Commentaires\u00a0<small>(4)<\/small><\/span><\/h3>\n<div class=\"items-container\">\n<div class=\"item item-comment media\">\n<div class=\"pull-left\"><span style=\"color: #000000;\"><img decoding=\"async\" class=\"media-object\" src=\"https:\/\/www.gravatar.com\/avatar\/9475be4e39c98650190a18c76a192c4b?d=http%3A%2F%2Frecettesgourmandesdejoce.e-monsite.com%2Fmedias%2Fstatic%2Fmanager%2Fim%2Favatar.png?s=50&amp;d=mm\" alt=\"SYLVIE\" width=\"50\" \/><\/span><\/div>\n<div class=\"media-body\">\n<ul class=\"inline item-infos\">\n<li><span style=\"color: #000000;\"><span class=\"comment-number\">1.<\/span>\u00a0<span class=\"comment-author\"><strong>SYLVIE<\/strong><\/span>\u00a0<span class=\"comment-date\">| 12\/02\/2016<\/span><\/span><\/li>\n<\/ul>\n<div class=\"comment-content\"><span style=\"color: #000000;\">Bonjour, En faite, vous ne tartinez pas de quelque chose vos pains? Mon mari me demande des bruchettas depuis longtemps, j&rsquo;en ai fait mais achet\u00e9 une sauce pr\u00e9par\u00e9 genre sauce tomate piment\u00e9e mais y en a peu dans la verrine et \u00e7a revient cher. Donc si c&rsquo;est faisable sans aucune sauce, \u00e7a m&rsquo;arrange.<\/span><\/div>\n<div class=\"item item-comment media by-webmaster\">\n<div class=\"pull-left\"><span style=\"color: #000000;\"><img decoding=\"async\" class=\"media-object\" src=\"http:\/\/recettesgourmandesdejoce.e-monsite.com\/medias\/static\/manager\/im\/avatar.png?fx=c_50_50\" alt=\"jocelyne debon\" width=\"50\" \/><\/span><\/div>\n<div class=\"media-body\">\n<ul class=\"inline item-infos\">\n<li><span style=\"color: #000000;\"><span class=\"comment-author\"><strong>jocelyne debon<\/strong><\/span>\u00a0<span class=\"comment-date\">| 12\/02\/2016<\/span><\/span><\/li>\n<\/ul>\n<div class=\"comment-content\"><span style=\"color: #000000;\">Bonjour; suivez la recette vous verrez c&rsquo;est impec, apr\u00e8s vous pouvez les r\u00e9alisez selon vos go\u00fbts Je ne mets pas de sauce directement sur les tartines, je trouve que cela les humidifie de trop apr\u00e8s c&rsquo;est une affaire de go\u00fbt et \u00e7a fonctionne tr\u00e8s bien ainsi \ud83d\ude42 Bonne journ\u00e9e Amicalement Joce<\/span><\/div>\n<\/div>\n<\/div>\n<\/div>\n<\/div>\n<div class=\"item item-comment media\">\n<div class=\"pull-left\"><span style=\"color: #000000;\"><img decoding=\"async\" class=\"media-object\" src=\"https:\/\/www.gravatar.com\/avatar\/7c36123ce8bddc5c13f4bd0c8305a919?d=http%3A%2F%2Frecettesgourmandesdejoce.e-monsite.com%2Fmedias%2Fstatic%2Fmanager%2Fim%2Favatar.png?s=50&amp;d=mm\" alt=\"leterme nadia\" width=\"50\" \/><\/span><\/div>\n<div class=\"media-body\">\n<ul class=\"inline item-infos\">\n<li><span style=\"color: #000000;\"><span class=\"comment-number\">2.<\/span>\u00a0<span class=\"comment-author\"><strong>leterme nadia<\/strong><\/span>\u00a0<span class=\"comment-date\">| 28\/01\/2013<\/span><\/span><\/li>\n<\/ul>\n<div class=\"comment-content\"><span style=\"color: #000000;\">bonsoir joce,<\/span><br \/>\n<span style=\"color: #000000;\">recette sympa et rapide \u00e0 r\u00e9aliser, id\u00e9ales pour les soir\u00e9es t\u00e9l\u00e9.<\/span><br \/>\n<span style=\"color: #000000;\">ici on a ador\u00e9. bisous.<\/span><br \/>\n<span style=\"color: #000000;\">olinad.<\/span><\/div>\n<div class=\"item item-comment media by-webmaster\">\n<div class=\"pull-left\"><span style=\"color: #000000;\"><img decoding=\"async\" class=\"media-object\" src=\"http:\/\/recettesgourmandesdejoce.e-monsite.com\/medias\/static\/manager\/im\/avatar.png?fx=c_50_50\" alt=\"jocelyne debon\" width=\"50\" \/><\/span><\/div>\n<div class=\"media-body\">\n<ul class=\"inline item-infos\">\n<li><span style=\"color: #000000;\"><span class=\"comment-author\"><strong>jocelyne debon<\/strong><\/span>\u00a0<span class=\"comment-date\">| 28\/01\/2013<\/span><\/span><\/li>\n<\/ul>\n<div class=\"comment-content\"><span style=\"color: #000000;\">Super, c&rsquo;est que c&rsquo;est rapide et l&rsquo;on met ce que l&rsquo;on veut \ud83d\ude42 Bise, amicalement Joce<\/span><\/div>\n<\/div>\n<\/div>\n<\/div>\n<\/div>\n<\/div>\n<\/div>\n<\/div>\n","protected":false},"excerpt":{"rendered":"<p>Une de mes recettes \u00a0 Ingr\u00e9dients pour une bruschettas J&rsquo;ai r\u00e9alis\u00e9 3 bruschettas diff\u00e9rentes d&rsquo;o\u00f9 le nombre d&rsquo;ingr\u00e9dients sur les photos, fiez-vous pour 1 personne aux quantit\u00e9s ci-dessous \u2193 1\u00a0 tranche de pain pour bruschettas\u00a0 1 tomate 1 oignon \u00bd boule de mozzarelle 1 tranche de jambon blanc 2 tranches de\u00a0 jambon fum\u00e9 4 tranches &hellip; <\/p>\n<p><a class=\"more-link btn\" href=\"http:\/\/recettes-gourmandes-de-joce.fr\/index.php\/index\/burgers-croques-tartines-pizzas\/tartines-bruschettas\/bruschettas-aux-deux-jambons-chevre-et-mozzarelle\/\">Lire la suite<\/a><\/p>\n","protected":false},"author":2,"featured_media":80972,"parent":227,"menu_order":0,"comment_status":"open","ping_status":"closed","template":"","meta":{"footnotes":""},"class_list":["post-32420","page","type-page","status-publish","has-post-thumbnail","hentry","nodate","item-wrap"],"_links":{"self":[{"href":"http:\/\/recettes-gourmandes-de-joce.fr\/index.php\/wp-json\/wp\/v2\/pages\/32420","targetHints":{"allow":["GET"]}}],"collection":[{"href":"http:\/\/recettes-gourmandes-de-joce.fr\/index.php\/wp-json\/wp\/v2\/pages"}],"about":[{"href":"http:\/\/recettes-gourmandes-de-joce.fr\/index.php\/wp-json\/wp\/v2\/types\/page"}],"author":[{"embeddable":true,"href":"http:\/\/recettes-gourmandes-de-joce.fr\/index.php\/wp-json\/wp\/v2\/users\/2"}],"replies":[{"embeddable":true,"href":"http:\/\/recettes-gourmandes-de-joce.fr\/index.php\/wp-json\/wp\/v2\/comments?post=32420"}],"version-history":[{"count":4,"href":"http:\/\/recettes-gourmandes-de-joce.fr\/index.php\/wp-json\/wp\/v2\/pages\/32420\/revisions"}],"predecessor-version":[{"id":32461,"href":"http:\/\/recettes-gourmandes-de-joce.fr\/index.php\/wp-json\/wp\/v2\/pages\/32420\/revisions\/32461"}],"up":[{"embeddable":true,"href":"http:\/\/recettes-gourmandes-de-joce.fr\/index.php\/wp-json\/wp\/v2\/pages\/227"}],"wp:featuredmedia":[{"embeddable":true,"href":"http:\/\/recettes-gourmandes-de-joce.fr\/index.php\/wp-json\/wp\/v2\/media\/80972"}],"wp:attachment":[{"href":"http:\/\/recettes-gourmandes-de-joce.fr\/index.php\/wp-json\/wp\/v2\/media?parent=32420"}],"curies":[{"name":"wp","href":"https:\/\/api.w.org\/{rel}","templated":true}]}}