{"id":3205,"date":"2019-10-05T15:48:30","date_gmt":"2019-10-05T15:48:30","guid":{"rendered":"http:\/\/recettes-gourmandes-de-joce.fr\/?page_id=3205"},"modified":"2024-05-04T22:21:41","modified_gmt":"2024-05-04T22:21:41","slug":"salade-de-chou-cru-aux-noix-vinaigrette-a-la-moutarde","status":"publish","type":"page","link":"http:\/\/recettes-gourmandes-de-joce.fr\/index.php\/index\/entrees\/salades-crudites\/salade-de-chou-cru-aux-noix-vinaigrette-a-la-moutarde\/","title":{"rendered":"Salade de chou cru aux noix, vinaigrette \u00e0 la moutarde."},"content":{"rendered":"<p style=\"text-align: center;\"><span style=\"font-family: georgia,serif;\"><span style=\"color: #339900;\"><span style=\"text-decoration: underline;\"><em><span style=\"font-size: x-large;\">Une de mes recettes<\/span><\/em><\/span><\/span><\/span><\/p>\n<p style=\"text-align: center;\"><img loading=\"lazy\" decoding=\"async\" class=\"alignnone wp-image-77139\" src=\"http:\/\/recettes-gourmandes-de-joce.fr\/wp-content\/uploads\/2024\/05\/salade-chou2.jpg\" alt=\"\" width=\"229\" height=\"180\" srcset=\"http:\/\/recettes-gourmandes-de-joce.fr\/wp-content\/uploads\/2024\/05\/salade-chou2.jpg 1024w, http:\/\/recettes-gourmandes-de-joce.fr\/wp-content\/uploads\/2024\/05\/salade-chou2-768x604.jpg 768w, http:\/\/recettes-gourmandes-de-joce.fr\/wp-content\/uploads\/2024\/05\/salade-chou2-750x590.jpg 750w\" sizes=\"auto, (max-width: 229px) 100vw, 229px\" \/> <img loading=\"lazy\" decoding=\"async\" class=\"alignnone wp-image-77140\" src=\"http:\/\/recettes-gourmandes-de-joce.fr\/wp-content\/uploads\/2024\/05\/salade-chou3.jpg\" alt=\"\" width=\"254\" height=\"180\" srcset=\"http:\/\/recettes-gourmandes-de-joce.fr\/wp-content\/uploads\/2024\/05\/salade-chou3.jpg 1024w, http:\/\/recettes-gourmandes-de-joce.fr\/wp-content\/uploads\/2024\/05\/salade-chou3-768x545.jpg 768w, http:\/\/recettes-gourmandes-de-joce.fr\/wp-content\/uploads\/2024\/05\/salade-chou3-750x532.jpg 750w\" sizes=\"auto, (max-width: 254px) 100vw, 254px\" \/> <img loading=\"lazy\" decoding=\"async\" class=\"alignnone wp-image-77138\" src=\"http:\/\/recettes-gourmandes-de-joce.fr\/wp-content\/uploads\/2024\/05\/salade-chou1.jpg\" alt=\"\" width=\"240\" height=\"180\" srcset=\"http:\/\/recettes-gourmandes-de-joce.fr\/wp-content\/uploads\/2024\/05\/salade-chou1.jpg 1024w, http:\/\/recettes-gourmandes-de-joce.fr\/wp-content\/uploads\/2024\/05\/salade-chou1-768x576.jpg 768w, http:\/\/recettes-gourmandes-de-joce.fr\/wp-content\/uploads\/2024\/05\/salade-chou1-750x563.jpg 750w\" sizes=\"auto, (max-width: 240px) 100vw, 240px\" \/><\/p>\n<p style=\"text-align: center;\"><span style=\"font-family: georgia, serif; font-size: 14pt;\"><span style=\"color: #339900;\"><span style=\"text-decoration: underline;\"><em>Ingr\u00e9dients pour\u00a04 personnes<\/em><\/span><\/span><\/span><\/p>\n<p style=\"text-align: center;\"><img loading=\"lazy\" decoding=\"async\" class=\"alignnone wp-image-77141\" src=\"http:\/\/recettes-gourmandes-de-joce.fr\/wp-content\/uploads\/2024\/05\/salade-chou4.jpg\" alt=\"\" width=\"276\" height=\"200\" srcset=\"http:\/\/recettes-gourmandes-de-joce.fr\/wp-content\/uploads\/2024\/05\/salade-chou4.jpg 1024w, http:\/\/recettes-gourmandes-de-joce.fr\/wp-content\/uploads\/2024\/05\/salade-chou4-768x557.jpg 768w, http:\/\/recettes-gourmandes-de-joce.fr\/wp-content\/uploads\/2024\/05\/salade-chou4-750x544.jpg 750w\" sizes=\"auto, (max-width: 276px) 100vw, 276px\" \/> <img loading=\"lazy\" decoding=\"async\" class=\"alignnone wp-image-77145\" src=\"http:\/\/recettes-gourmandes-de-joce.fr\/wp-content\/uploads\/2024\/05\/salade-chou6a.jpg\" alt=\"\" width=\"267\" height=\"200\" srcset=\"http:\/\/recettes-gourmandes-de-joce.fr\/wp-content\/uploads\/2024\/05\/salade-chou6a.jpg 1024w, http:\/\/recettes-gourmandes-de-joce.fr\/wp-content\/uploads\/2024\/05\/salade-chou6a-768x576.jpg 768w, http:\/\/recettes-gourmandes-de-joce.fr\/wp-content\/uploads\/2024\/05\/salade-chou6a-750x563.jpg 750w\" sizes=\"auto, (max-width: 267px) 100vw, 267px\" \/><\/p>\n<p style=\"text-align: center;\"><span style=\"font-family: georgia, serif; font-size: 14pt;\"><span style=\"color: #339900;\"><em>\u00bc d&rsquo;un chou blanc<\/em><\/span><\/span><\/p>\n<p style=\"text-align: center;\"><span style=\"font-family: georgia, serif; font-size: 14pt;\"><span style=\"color: #339900;\"><em>1 \u00e9chalote<\/em><\/span><\/span><\/p>\n<p style=\"text-align: center;\"><span style=\"font-family: georgia, serif; font-size: 14pt;\"><span style=\"color: #339900;\"><em>10 noix<\/em><\/span><\/span><\/p>\n<p style=\"text-align: center;\"><span style=\"font-family: georgia, serif; font-size: 14pt;\"><span style=\"color: #339900;\"><em>1 c \u00e0 s de moutarde forte<\/em><\/span><\/span><\/p>\n<p style=\"text-align: center;\"><span style=\"font-family: georgia, serif; font-size: 14pt;\"><span style=\"color: #339900;\"><em>3 c \u00e0 s d&rsquo;huile de noix<\/em><\/span><\/span><\/p>\n<p style=\"text-align: center;\"><span style=\"font-family: georgia, serif; font-size: 14pt;\"><span style=\"color: #339900;\"><em>1 c \u00e0 s de vinaigre de vin<\/em><\/span><\/span><\/p>\n<p style=\"text-align: center;\"><span style=\"font-family: georgia, serif; font-size: 14pt;\"><span style=\"color: #339900;\"><em>Sel et poivre<\/em><\/span><\/span><\/p>\n<p style=\"text-align: center;\"><span style=\"font-family: georgia, serif; font-size: 14pt;\"><span style=\"color: #339900;\"><em>\u00c0 pr\u00e9parer une bonne demi-heure \u00e0 l&rsquo;avance<\/em><\/span><\/span><\/p>\n<p style=\"text-align: center;\"><img loading=\"lazy\" decoding=\"async\" class=\"alignnone wp-image-77143\" src=\"http:\/\/recettes-gourmandes-de-joce.fr\/wp-content\/uploads\/2024\/05\/salade-chou5.jpg\" alt=\"\" width=\"185\" height=\"170\" srcset=\"http:\/\/recettes-gourmandes-de-joce.fr\/wp-content\/uploads\/2024\/05\/salade-chou5.jpg 1024w, http:\/\/recettes-gourmandes-de-joce.fr\/wp-content\/uploads\/2024\/05\/salade-chou5-768x707.jpg 768w, http:\/\/recettes-gourmandes-de-joce.fr\/wp-content\/uploads\/2024\/05\/salade-chou5-750x690.jpg 750w\" sizes=\"auto, (max-width: 185px) 100vw, 185px\" \/> <img loading=\"lazy\" decoding=\"async\" class=\"alignnone wp-image-77144\" src=\"http:\/\/recettes-gourmandes-de-joce.fr\/wp-content\/uploads\/2024\/05\/salade-chou6.jpg\" alt=\"\" width=\"227\" height=\"170\" srcset=\"http:\/\/recettes-gourmandes-de-joce.fr\/wp-content\/uploads\/2024\/05\/salade-chou6.jpg 1024w, http:\/\/recettes-gourmandes-de-joce.fr\/wp-content\/uploads\/2024\/05\/salade-chou6-768x576.jpg 768w, http:\/\/recettes-gourmandes-de-joce.fr\/wp-content\/uploads\/2024\/05\/salade-chou6-750x563.jpg 750w\" sizes=\"auto, (max-width: 227px) 100vw, 227px\" \/>\u00a0<img loading=\"lazy\" decoding=\"async\" class=\"alignnone wp-image-77142\" src=\"http:\/\/recettes-gourmandes-de-joce.fr\/wp-content\/uploads\/2024\/05\/salade-chou4a.jpg\" alt=\"\" width=\"227\" height=\"170\" srcset=\"http:\/\/recettes-gourmandes-de-joce.fr\/wp-content\/uploads\/2024\/05\/salade-chou4a.jpg 1024w, http:\/\/recettes-gourmandes-de-joce.fr\/wp-content\/uploads\/2024\/05\/salade-chou4a-768x576.jpg 768w, http:\/\/recettes-gourmandes-de-joce.fr\/wp-content\/uploads\/2024\/05\/salade-chou4a-750x563.jpg 750w\" sizes=\"auto, (max-width: 227px) 100vw, 227px\" \/><\/p>\n<p style=\"text-align: center;\"><span style=\"font-family: georgia, serif; font-size: 14pt;\"><span style=\"color: #339900;\"><em>Laver et \u00e9mincer finement le chou au couteau, peler et \u00e9mincer aussi finement l&rsquo;\u00e9chalote. D\u00e9cortiquer les noix.<\/em><\/span><\/span><\/p>\n<p style=\"text-align: center;\"><img loading=\"lazy\" decoding=\"async\" class=\"alignnone wp-image-77146\" src=\"http:\/\/recettes-gourmandes-de-joce.fr\/wp-content\/uploads\/2024\/05\/salade-chou7.jpg\" alt=\"\" width=\"227\" height=\"170\" srcset=\"http:\/\/recettes-gourmandes-de-joce.fr\/wp-content\/uploads\/2024\/05\/salade-chou7.jpg 1024w, http:\/\/recettes-gourmandes-de-joce.fr\/wp-content\/uploads\/2024\/05\/salade-chou7-768x576.jpg 768w, http:\/\/recettes-gourmandes-de-joce.fr\/wp-content\/uploads\/2024\/05\/salade-chou7-750x563.jpg 750w\" sizes=\"auto, (max-width: 227px) 100vw, 227px\" \/>\u00a0<img loading=\"lazy\" decoding=\"async\" class=\"alignnone wp-image-77147\" src=\"http:\/\/recettes-gourmandes-de-joce.fr\/wp-content\/uploads\/2024\/05\/salade-chou8.jpg\" alt=\"\" width=\"227\" height=\"170\" srcset=\"http:\/\/recettes-gourmandes-de-joce.fr\/wp-content\/uploads\/2024\/05\/salade-chou8.jpg 1024w, http:\/\/recettes-gourmandes-de-joce.fr\/wp-content\/uploads\/2024\/05\/salade-chou8-768x576.jpg 768w, http:\/\/recettes-gourmandes-de-joce.fr\/wp-content\/uploads\/2024\/05\/salade-chou8-750x563.jpg 750w\" sizes=\"auto, (max-width: 227px) 100vw, 227px\" \/> <img loading=\"lazy\" decoding=\"async\" class=\"alignnone wp-image-77148\" src=\"http:\/\/recettes-gourmandes-de-joce.fr\/wp-content\/uploads\/2024\/05\/salade-chou9.jpg\" alt=\"\" width=\"227\" height=\"170\" srcset=\"http:\/\/recettes-gourmandes-de-joce.fr\/wp-content\/uploads\/2024\/05\/salade-chou9.jpg 1024w, http:\/\/recettes-gourmandes-de-joce.fr\/wp-content\/uploads\/2024\/05\/salade-chou9-768x576.jpg 768w, http:\/\/recettes-gourmandes-de-joce.fr\/wp-content\/uploads\/2024\/05\/salade-chou9-750x563.jpg 750w\" sizes=\"auto, (max-width: 227px) 100vw, 227px\" \/><\/p>\n<p style=\"text-align: center;\"><span style=\"font-family: georgia, serif; font-size: 14pt;\"><span style=\"color: #339900;\"><em>Dans un saladier, m\u00e9langer le chou \u00e9minc\u00e9 et l&rsquo;\u00e9chalote, saler et poivrer, m\u00e9langer \u00e0 nouveau.<\/em><\/span><\/span><\/p>\n<p style=\"text-align: center;\"><img loading=\"lazy\" decoding=\"async\" class=\"alignnone wp-image-77149\" src=\"http:\/\/recettes-gourmandes-de-joce.fr\/wp-content\/uploads\/2024\/05\/salade-chou10.jpg\" alt=\"\" width=\"227\" height=\"170\" srcset=\"http:\/\/recettes-gourmandes-de-joce.fr\/wp-content\/uploads\/2024\/05\/salade-chou10.jpg 1024w, http:\/\/recettes-gourmandes-de-joce.fr\/wp-content\/uploads\/2024\/05\/salade-chou10-768x576.jpg 768w, http:\/\/recettes-gourmandes-de-joce.fr\/wp-content\/uploads\/2024\/05\/salade-chou10-750x563.jpg 750w\" sizes=\"auto, (max-width: 227px) 100vw, 227px\" \/> <img loading=\"lazy\" decoding=\"async\" class=\"alignnone wp-image-77150\" src=\"http:\/\/recettes-gourmandes-de-joce.fr\/wp-content\/uploads\/2024\/05\/salade-chou11.jpg\" alt=\"\" width=\"227\" height=\"170\" srcset=\"http:\/\/recettes-gourmandes-de-joce.fr\/wp-content\/uploads\/2024\/05\/salade-chou11.jpg 1024w, http:\/\/recettes-gourmandes-de-joce.fr\/wp-content\/uploads\/2024\/05\/salade-chou11-768x576.jpg 768w, http:\/\/recettes-gourmandes-de-joce.fr\/wp-content\/uploads\/2024\/05\/salade-chou11-750x563.jpg 750w\" sizes=\"auto, (max-width: 227px) 100vw, 227px\" \/> <img loading=\"lazy\" decoding=\"async\" class=\"alignnone wp-image-77151\" src=\"http:\/\/recettes-gourmandes-de-joce.fr\/wp-content\/uploads\/2024\/05\/salade-chou12.jpg\" alt=\"\" width=\"210\" height=\"170\" srcset=\"http:\/\/recettes-gourmandes-de-joce.fr\/wp-content\/uploads\/2024\/05\/salade-chou12.jpg 1024w, http:\/\/recettes-gourmandes-de-joce.fr\/wp-content\/uploads\/2024\/05\/salade-chou12-768x621.jpg 768w, http:\/\/recettes-gourmandes-de-joce.fr\/wp-content\/uploads\/2024\/05\/salade-chou12-750x606.jpg 750w\" sizes=\"auto, (max-width: 210px) 100vw, 210px\" \/><\/p>\n<p style=\"text-align: center;\"><span style=\"font-family: georgia, serif; font-size: 14pt;\"><span style=\"color: #339900;\"><em>Ajouter le vinaigre et m\u00e9langer, ajouter l&rsquo;huile et m\u00e9langer \u00e0 nouveau, \u00f4ter une partie du chou, ajouter la moutarde, m\u00e9langer et remettre le reste du chou, m\u00e9langer, r\u00e9partir dans des plats individuels et ajouter quelques cerneaux de noix, laisser reposer environ 30 minutes avant de servir.<\/em><\/span><\/span><\/p>\n<p style=\"text-align: center;\"><span style=\"font-family: georgia, serif; font-size: 14pt;\"><span style=\"color: #339900;\"><em>Bon app\u00e9tit!<\/em><\/span><\/span><\/p>\n<p style=\"text-align: center;\"><img loading=\"lazy\" decoding=\"async\" class=\"alignnone wp-image-77153\" src=\"http:\/\/recettes-gourmandes-de-joce.fr\/wp-content\/uploads\/2024\/05\/salade-chou14.jpg\" alt=\"\" width=\"291\" height=\"180\" srcset=\"http:\/\/recettes-gourmandes-de-joce.fr\/wp-content\/uploads\/2024\/05\/salade-chou14.jpg 1024w, http:\/\/recettes-gourmandes-de-joce.fr\/wp-content\/uploads\/2024\/05\/salade-chou14-768x476.jpg 768w, http:\/\/recettes-gourmandes-de-joce.fr\/wp-content\/uploads\/2024\/05\/salade-chou14-750x464.jpg 750w\" sizes=\"auto, (max-width: 291px) 100vw, 291px\" \/><\/p>\n<p style=\"text-align: center;\"><img loading=\"lazy\" decoding=\"async\" class=\"alignnone wp-image-77152\" src=\"http:\/\/recettes-gourmandes-de-joce.fr\/wp-content\/uploads\/2024\/05\/salade-chou13.jpg\" alt=\"\" width=\"240\" height=\"180\" srcset=\"http:\/\/recettes-gourmandes-de-joce.fr\/wp-content\/uploads\/2024\/05\/salade-chou13.jpg 1024w, http:\/\/recettes-gourmandes-de-joce.fr\/wp-content\/uploads\/2024\/05\/salade-chou13-768x576.jpg 768w, http:\/\/recettes-gourmandes-de-joce.fr\/wp-content\/uploads\/2024\/05\/salade-chou13-750x563.jpg 750w\" sizes=\"auto, (max-width: 240px) 100vw, 240px\" \/>\u00a0\u00a0<img loading=\"lazy\" decoding=\"async\" class=\"alignnone wp-image-77154\" src=\"http:\/\/recettes-gourmandes-de-joce.fr\/wp-content\/uploads\/2024\/05\/salade-chou15.jpg\" alt=\"\" width=\"240\" height=\"180\" srcset=\"http:\/\/recettes-gourmandes-de-joce.fr\/wp-content\/uploads\/2024\/05\/salade-chou15.jpg 1024w, http:\/\/recettes-gourmandes-de-joce.fr\/wp-content\/uploads\/2024\/05\/salade-chou15-768x576.jpg 768w, http:\/\/recettes-gourmandes-de-joce.fr\/wp-content\/uploads\/2024\/05\/salade-chou15-750x563.jpg 750w\" sizes=\"auto, (max-width: 240px) 100vw, 240px\" \/><\/p>\n<p style=\"text-align: center;\"><img loading=\"lazy\" decoding=\"async\" class=\"alignnone size-full wp-image-59803\" src=\"http:\/\/recettes-gourmandes-de-joce.fr\/wp-content\/uploads\/2024\/01\/logitech-gaming-software-14112014-121223.jpg\" alt=\"\" width=\"640\" height=\"144\" \/><\/p>\n","protected":false},"excerpt":{"rendered":"<p>Une de mes recettes Ingr\u00e9dients pour\u00a04 personnes \u00bc d&rsquo;un chou blanc 1 \u00e9chalote 10 noix 1 c \u00e0 s de moutarde forte 3 c \u00e0 s d&rsquo;huile de noix 1 c \u00e0 s de vinaigre de vin Sel et poivre \u00c0 pr\u00e9parer une bonne demi-heure \u00e0 l&rsquo;avance \u00a0 Laver et \u00e9mincer finement le chou au &hellip; <\/p>\n<p><a class=\"more-link btn\" href=\"http:\/\/recettes-gourmandes-de-joce.fr\/index.php\/index\/entrees\/salades-crudites\/salade-de-chou-cru-aux-noix-vinaigrette-a-la-moutarde\/\">Lire la suite<\/a><\/p>\n","protected":false},"author":2,"featured_media":77152,"parent":165,"menu_order":0,"comment_status":"open","ping_status":"closed","template":"","meta":{"footnotes":""},"class_list":["post-3205","page","type-page","status-publish","has-post-thumbnail","hentry","nodate","item-wrap"],"_links":{"self":[{"href":"http:\/\/recettes-gourmandes-de-joce.fr\/index.php\/wp-json\/wp\/v2\/pages\/3205","targetHints":{"allow":["GET"]}}],"collection":[{"href":"http:\/\/recettes-gourmandes-de-joce.fr\/index.php\/wp-json\/wp\/v2\/pages"}],"about":[{"href":"http:\/\/recettes-gourmandes-de-joce.fr\/index.php\/wp-json\/wp\/v2\/types\/page"}],"author":[{"embeddable":true,"href":"http:\/\/recettes-gourmandes-de-joce.fr\/index.php\/wp-json\/wp\/v2\/users\/2"}],"replies":[{"embeddable":true,"href":"http:\/\/recettes-gourmandes-de-joce.fr\/index.php\/wp-json\/wp\/v2\/comments?post=3205"}],"version-history":[{"count":4,"href":"http:\/\/recettes-gourmandes-de-joce.fr\/index.php\/wp-json\/wp\/v2\/pages\/3205\/revisions"}],"predecessor-version":[{"id":77417,"href":"http:\/\/recettes-gourmandes-de-joce.fr\/index.php\/wp-json\/wp\/v2\/pages\/3205\/revisions\/77417"}],"up":[{"embeddable":true,"href":"http:\/\/recettes-gourmandes-de-joce.fr\/index.php\/wp-json\/wp\/v2\/pages\/165"}],"wp:featuredmedia":[{"embeddable":true,"href":"http:\/\/recettes-gourmandes-de-joce.fr\/index.php\/wp-json\/wp\/v2\/media\/77152"}],"wp:attachment":[{"href":"http:\/\/recettes-gourmandes-de-joce.fr\/index.php\/wp-json\/wp\/v2\/media?parent=3205"}],"curies":[{"name":"wp","href":"https:\/\/api.w.org\/{rel}","templated":true}]}}