{"id":3187,"date":"2019-10-05T15:30:46","date_gmt":"2019-10-05T15:30:46","guid":{"rendered":"http:\/\/recettes-gourmandes-de-joce.fr\/?page_id=3187"},"modified":"2024-05-04T11:12:59","modified_gmt":"2024-05-04T11:12:59","slug":"salade-dautomne-au-canard-chataignes-croutons-et-noix","status":"publish","type":"page","link":"http:\/\/recettes-gourmandes-de-joce.fr\/index.php\/index\/entrees\/salades-crudites\/salade-dautomne-au-canard-chataignes-croutons-et-noix\/","title":{"rendered":"Salade d&rsquo;automne au canard, ch\u00e2taignes, cro\u00fbtons et noix."},"content":{"rendered":"<p style=\"text-align: center;\"><span style=\"font-family: georgia,serif;\"><span style=\"color: #008000;\"><em><span style=\"text-decoration: underline;\"><span style=\"font-size: x-large;\">Une de mes recettes<\/span><\/span><\/em><\/span><\/span><\/p>\n<p style=\"text-align: center;\"><img loading=\"lazy\" decoding=\"async\" class=\"alignnone wp-image-76946\" src=\"http:\/\/recettes-gourmandes-de-joce.fr\/wp-content\/uploads\/2024\/05\/salade-automne3.jpg\" alt=\"\" width=\"240\" height=\"180\" \/> <img loading=\"lazy\" decoding=\"async\" class=\"alignnone wp-image-76945\" src=\"http:\/\/recettes-gourmandes-de-joce.fr\/wp-content\/uploads\/2024\/05\/salade-automne2.jpg\" alt=\"\" width=\"240\" height=\"180\" \/> <img loading=\"lazy\" decoding=\"async\" class=\"alignnone wp-image-76943\" src=\"http:\/\/recettes-gourmandes-de-joce.fr\/wp-content\/uploads\/2024\/05\/salade-automne15.jpg\" alt=\"\" width=\"240\" height=\"180\" \/><\/p>\n<p style=\"text-align: center;\"><span style=\"color: #008000;\"><span style=\"font-size: 24px;\"><span style=\"font-family: georgia,serif;\"><u><em>Ingr\u00e9dients pour 4 personnes<\/em><\/u><\/span><\/span><\/span><\/p>\n<p style=\"text-align: center;\"><img loading=\"lazy\" decoding=\"async\" class=\"alignnone wp-image-76947\" src=\"http:\/\/recettes-gourmandes-de-joce.fr\/wp-content\/uploads\/2024\/05\/salade-automne4.jpg\" alt=\"\" width=\"249\" height=\"200\" \/><\/p>\n<p style=\"text-align: center;\"><span style=\"font-family: georgia,serif;\"><span style=\"color: #008000;\"><em><span style=\"font-size: large;\">1 salade feuilles de ch\u00eane ou de votre\u00a0choix<\/span><\/em><\/span><\/span><\/p>\n<p style=\"text-align: center;\"><span style=\"font-family: georgia,serif;\"><span style=\"color: #008000;\"><em><span style=\"font-size: large;\">2 belles tomates<\/span><\/em><\/span><\/span><\/p>\n<p style=\"text-align: center;\"><span style=\"font-family: georgia,serif;\"><span style=\"color: #008000;\"><em><span style=\"font-size: large;\">\u00bc de baguettes<\/span><\/em><\/span><\/span><\/p>\n<p style=\"text-align: center;\"><span style=\"font-family: georgia,serif;\"><span style=\"color: #008000;\"><em><span style=\"font-size: large;\">16\u00a0ch\u00e2taignes au naturel<\/span><\/em><\/span><\/span><\/p>\n<p style=\"text-align: center;\"><span style=\"font-family: georgia,serif;\"><span style=\"color: #008000;\"><em><span style=\"font-size: large;\">300 g de g\u00e9siers de canard confits<\/span><\/em><\/span><\/span><\/p>\n<p style=\"text-align: center;\"><span style=\"font-family: georgia,serif;\"><span style=\"color: #008000;\"><em><span style=\"font-size: large;\">250 g de confit de canard<\/span><\/em><\/span><\/span><\/p>\n<p style=\"text-align: center;\"><span style=\"font-family: georgia,serif;\"><span style=\"color: #008000;\"><em><span style=\"font-size: large;\">3 c \u00e0 s de cerneaux de noix<\/span><\/em><\/span><\/span><\/p>\n<p style=\"text-align: center;\"><span style=\"font-family: georgia,serif;\"><span style=\"color: #008000;\"><em><span style=\"font-size: large;\">12 tranches de bacon<\/span><\/em><\/span><\/span><\/p>\n<p style=\"text-align: center;\"><span style=\"font-family: georgia,serif;\"><span style=\"color: #008000;\"><em><span style=\"font-size: large;\">1 \u00e9chalote<\/span><\/em><\/span><\/span><\/p>\n<p style=\"text-align: center;\"><span style=\"font-family: georgia,serif;\"><span style=\"color: #008000;\"><em><span style=\"font-size: large;\">1 sachet de cro\u00fbtons \u00e0 l&rsquo;ail<\/span><\/em><\/span><\/span><\/p>\n<p style=\"text-align: center;\"><span style=\"font-family: georgia,serif;\"><span style=\"color: #008000;\"><em><span style=\"font-size: large;\">1 1 \u00e0 s de vinaigre de noix<\/span><\/em><\/span><\/span><\/p>\n<p style=\"text-align: center;\"><span style=\"font-family: georgia,serif;\"><span style=\"color: #008000;\"><em><span style=\"font-size: large;\">3 c \u00e0 s d&rsquo;huile de tournesol<\/span><\/em><\/span><\/span><\/p>\n<p style=\"text-align: center;\"><span style=\"font-family: georgia,serif;\"><span style=\"color: #008000;\"><em><span style=\"font-size: large;\">Sel et poivre<\/span><\/em><\/span><\/span><\/p>\n<p style=\"text-align: center;\"><img loading=\"lazy\" decoding=\"async\" class=\"alignnone wp-image-76948\" src=\"http:\/\/recettes-gourmandes-de-joce.fr\/wp-content\/uploads\/2024\/05\/salade-automne5.jpg\" alt=\"\" width=\"244\" height=\"165\" \/> <img loading=\"lazy\" decoding=\"async\" class=\"alignnone wp-image-76949\" src=\"http:\/\/recettes-gourmandes-de-joce.fr\/wp-content\/uploads\/2024\/05\/salade-automne6.jpg\" alt=\"\" width=\"220\" height=\"165\" \/> <img loading=\"lazy\" decoding=\"async\" class=\"alignnone wp-image-76935\" src=\"http:\/\/recettes-gourmandes-de-joce.fr\/wp-content\/uploads\/2024\/05\/salade-automne7.jpg\" alt=\"\" width=\"260\" height=\"165\" \/><\/p>\n<p style=\"text-align: center;\"><span style=\"font-family: georgia,serif;\"><span style=\"font-size: large;\"><em><span style=\"color: #008000;\">Laver <\/span><\/em><span style=\"font-family: georgia,serif;\"><span style=\"font-size: large;\"><em><span style=\"color: #008000;\">e<\/span><\/em><span style=\"font-family: georgia,serif;\"><span style=\"font-size: large;\"><em><span style=\"color: #008000;\">t\u00a0couper<\/span><\/em><\/span><\/span> <\/span><\/span><em><span style=\"color: #008000;\">les tomates <\/span><span style=\"color: #008000;\">en <\/span><\/em><\/span><span style=\"font-size: large;\"><em><span style=\"color: #008000;\">petits d\u00e9s. <\/span><\/em><\/span><span style=\"font-size: large;\"><em><span style=\"color: #008000;\">Peler et hacher l&rsquo;\u00e9chalote, <\/span><\/em><span style=\"font-family: georgia,serif;\"><span style=\"font-size: large;\"><em><span style=\"color: #008000;\">couper la baguette en petits <\/span><\/em><\/span><span style=\"font-size: large;\"><em><span style=\"color: #008000;\">d\u00e9s,\u00a0<\/span><\/em><\/span><\/span><em><span style=\"color: #008000;\">couper les g\u00e9siers en deux. Effilocher<\/span><\/em><\/span><span style=\"font-size: large;\"><em><span style=\"color: #008000;\">\u00a0le confit de canard.<\/span><\/em><\/span><\/span><\/p>\n<p style=\"text-align: center;\">\u00a0 \u00a0 <img loading=\"lazy\" decoding=\"async\" class=\"alignnone wp-image-76936\" src=\"http:\/\/recettes-gourmandes-de-joce.fr\/wp-content\/uploads\/2024\/05\/salade-automne8.jpg\" alt=\"\" width=\"264\" height=\"165\" \/> <img loading=\"lazy\" decoding=\"async\" class=\"alignnone wp-image-76937\" src=\"http:\/\/recettes-gourmandes-de-joce.fr\/wp-content\/uploads\/2024\/05\/salade-automne9.jpg\" alt=\"\" width=\"220\" height=\"165\" \/> <img loading=\"lazy\" decoding=\"async\" class=\"alignnone wp-image-76938\" src=\"http:\/\/recettes-gourmandes-de-joce.fr\/wp-content\/uploads\/2024\/05\/salade-automne10.jpg\" alt=\"\" width=\"220\" height=\"165\" \/><\/p>\n<p style=\"text-align: center;\"><span style=\"font-family: georgia,serif;\"><span style=\"font-family: georgia,serif;\"><span style=\"font-size: large;\"><em><span style=\"color: #008000;\">Laver et essorer la salade.\u00a0<\/span><\/em><\/span><\/span><span style=\"font-family: georgia,serif;\"><em><span style=\"color: #008000; font-size: large;\">Pr\u00e9parer une vinaigrette avec du sel et poivre, ajouter le vinaigre <\/span><\/em><em><span style=\"color: #008000; font-size: large;\">m\u00e9langer puis ajouter l&rsquo;huile, m\u00e9langer et ajouter les \u00e9chalotes.<\/span><\/em><span style=\"color: #008000;\"><em><span style=\"font-size: large;\"><span style=\"color: #008000;\"><em><span style=\"font-size: large;\">\u00a0<\/span><\/em><\/span><\/span><\/em><\/span><\/span><\/span><\/p>\n<p style=\"text-align: center;\"><img loading=\"lazy\" decoding=\"async\" class=\"alignnone wp-image-76939\" src=\"http:\/\/recettes-gourmandes-de-joce.fr\/wp-content\/uploads\/2024\/05\/salade-automne11.jpg\" alt=\"\" width=\"220\" height=\"165\" \/> <img loading=\"lazy\" decoding=\"async\" class=\"alignnone wp-image-76940\" src=\"http:\/\/recettes-gourmandes-de-joce.fr\/wp-content\/uploads\/2024\/05\/salade-automne12.jpg\" alt=\"\" width=\"200\" height=\"165\" \/> <img loading=\"lazy\" decoding=\"async\" class=\"alignnone wp-image-76941\" src=\"http:\/\/recettes-gourmandes-de-joce.fr\/wp-content\/uploads\/2024\/05\/salade-automne13.jpg\" alt=\"\" width=\"220\" height=\"165\" \/><\/p>\n<p style=\"text-align: center;\"><span style=\"font-family: georgia,serif;\"><span style=\"font-family: georgia,serif;\"><span style=\"font-family: georgia,serif;\"><em><span style=\"color: #008000; font-size: large;\">M\u00e9langer et r\u00e9server la vinaigrette. Dans les assiettes mettre des feuilles de salade, ajouter les d\u00e9s <\/span><\/em><em><span style=\"color: #008000; font-size: large;\">de tomate, les cerneaux de noix, les ch\u00e2taignes \u00e9miett\u00e9es et\u00a0<\/span><\/em><\/span><\/span><em><span style=\"color: #008000; font-size: large;\">les cro\u00fbtons \u00e0 l&rsquo;ail (photo oubli\u00e9e).\u00a0<\/span><\/em><span style=\"font-family: georgia,serif;\"><em><span style=\"color: #008000; font-size: large;\">Mettre les d\u00e9s de baguette \u00e0 colorer dans une po\u00eale avec <\/span><\/em><em><span style=\"color: #008000; font-size: large;\">un filet d&rsquo;huile d&rsquo;olive et r\u00e9server.\u00a0\u00c0\u00a0la place mettre les g\u00e9siers \u00e0 chauffer <\/span><\/em><em><span style=\"color: #008000; font-size: large;\">les r\u00e9server au chaud.<\/span><\/em><\/span><\/span><\/p>\n<p style=\"text-align: center;\"><img loading=\"lazy\" decoding=\"async\" class=\"alignnone wp-image-76942\" src=\"http:\/\/recettes-gourmandes-de-joce.fr\/wp-content\/uploads\/2024\/05\/salade-automne14.jpg\" alt=\"\" width=\"227\" height=\"170\" \/><\/p>\n<p style=\"text-align: center;\"><span style=\"font-family: georgia,serif;\"><span style=\"font-family: georgia,serif;\"><span style=\"font-family: georgia,serif;\"><em><span style=\"color: #008000; font-size: large;\">Faire de m\u00eame avec le confit de canard.\u00a0<\/span><\/em><\/span><em><span style=\"color: #008000; font-size: large;\">R\u00e9partir dans les assiettes, les d\u00e9s de baguette,\u00a0<\/span><\/em><em><span style=\"color: #008000; font-size: large;\">puis les g\u00e9siers et le confit chaud, arroser le tout de vinaigrette. <\/span><\/em><em><span style=\"color: #008000; font-size: large;\">Finir en ajoutant de deux tranches de bacon dans chaque assiette.<\/span><\/em><\/span><\/span><\/p>\n<p style=\"text-align: center;\"><span style=\"font-family: georgia,serif;\"><em><span style=\"color: #008000; font-size: large;\">Bon app\u00e9tit!<\/span><\/em><\/span><\/p>\n<p style=\"text-align: center;\"><img loading=\"lazy\" decoding=\"async\" class=\"alignnone wp-image-76944\" src=\"http:\/\/recettes-gourmandes-de-joce.fr\/wp-content\/uploads\/2024\/05\/salade-automne1.jpg\" alt=\"\" width=\"245\" height=\"180\" \/> <img loading=\"lazy\" decoding=\"async\" class=\"alignnone wp-image-76945\" src=\"http:\/\/recettes-gourmandes-de-joce.fr\/wp-content\/uploads\/2024\/05\/salade-automne2.jpg\" alt=\"\" width=\"240\" height=\"180\" \/> <img loading=\"lazy\" decoding=\"async\" class=\"alignnone wp-image-76943\" src=\"http:\/\/recettes-gourmandes-de-joce.fr\/wp-content\/uploads\/2024\/05\/salade-automne15.jpg\" alt=\"\" width=\"240\" height=\"180\" \/><\/p>\n<p style=\"text-align: center;\"><img loading=\"lazy\" decoding=\"async\" class=\"alignnone size-full wp-image-59803\" src=\"http:\/\/recettes-gourmandes-de-joce.fr\/wp-content\/uploads\/2024\/01\/logitech-gaming-software-14112014-121223.jpg\" alt=\"\" width=\"640\" height=\"144\" \/><\/p>\n<p style=\"text-align: center;\"><span style=\"color: #008000;\"><em><span style=\"font-size: large;\">\u00a0<\/span><\/em><\/span><\/p>\n<p style=\"text-align: center;\"><span style=\"color: #008000;\"><em><span style=\"font-size: large;\">\u00a0<\/span><\/em><\/span><\/p>\n<p style=\"text-align: center;\">\n","protected":false},"excerpt":{"rendered":"<p>Une de mes recettes Ingr\u00e9dients pour 4 personnes 1 salade feuilles de ch\u00eane ou de votre\u00a0choix 2 belles tomates \u00bc de baguettes 16\u00a0ch\u00e2taignes au naturel 300 g de g\u00e9siers de canard confits 250 g de confit de canard 3 c \u00e0 s de cerneaux de noix 12 tranches de bacon 1 \u00e9chalote 1 sachet de &hellip; <\/p>\n<p><a class=\"more-link btn\" href=\"http:\/\/recettes-gourmandes-de-joce.fr\/index.php\/index\/entrees\/salades-crudites\/salade-dautomne-au-canard-chataignes-croutons-et-noix\/\">Lire la suite<\/a><\/p>\n","protected":false},"author":2,"featured_media":77070,"parent":165,"menu_order":0,"comment_status":"open","ping_status":"closed","template":"","meta":{"footnotes":""},"class_list":["post-3187","page","type-page","status-publish","has-post-thumbnail","hentry","nodate","item-wrap"],"_links":{"self":[{"href":"http:\/\/recettes-gourmandes-de-joce.fr\/index.php\/wp-json\/wp\/v2\/pages\/3187","targetHints":{"allow":["GET"]}}],"collection":[{"href":"http:\/\/recettes-gourmandes-de-joce.fr\/index.php\/wp-json\/wp\/v2\/pages"}],"about":[{"href":"http:\/\/recettes-gourmandes-de-joce.fr\/index.php\/wp-json\/wp\/v2\/types\/page"}],"author":[{"embeddable":true,"href":"http:\/\/recettes-gourmandes-de-joce.fr\/index.php\/wp-json\/wp\/v2\/users\/2"}],"replies":[{"embeddable":true,"href":"http:\/\/recettes-gourmandes-de-joce.fr\/index.php\/wp-json\/wp\/v2\/comments?post=3187"}],"version-history":[{"count":5,"href":"http:\/\/recettes-gourmandes-de-joce.fr\/index.php\/wp-json\/wp\/v2\/pages\/3187\/revisions"}],"predecessor-version":[{"id":77069,"href":"http:\/\/recettes-gourmandes-de-joce.fr\/index.php\/wp-json\/wp\/v2\/pages\/3187\/revisions\/77069"}],"up":[{"embeddable":true,"href":"http:\/\/recettes-gourmandes-de-joce.fr\/index.php\/wp-json\/wp\/v2\/pages\/165"}],"wp:featuredmedia":[{"embeddable":true,"href":"http:\/\/recettes-gourmandes-de-joce.fr\/index.php\/wp-json\/wp\/v2\/media\/77070"}],"wp:attachment":[{"href":"http:\/\/recettes-gourmandes-de-joce.fr\/index.php\/wp-json\/wp\/v2\/media?parent=3187"}],"curies":[{"name":"wp","href":"https:\/\/api.w.org\/{rel}","templated":true}]}}