{"id":3172,"date":"2019-10-05T15:17:45","date_gmt":"2019-10-05T15:17:45","guid":{"rendered":"http:\/\/recettes-gourmandes-de-joce.fr\/?page_id=3172"},"modified":"2025-03-25T10:06:06","modified_gmt":"2025-03-25T10:06:06","slug":"papillotes-a-la-poele-descalopes-de-dinde-sauce-a-lail-et-chevre","status":"publish","type":"page","link":"http:\/\/recettes-gourmandes-de-joce.fr\/index.php\/index\/viandes\/volailles\/dinde-dindonneau-coquelets\/papillotes-a-la-poele-descalopes-de-dinde-sauce-a-lail-et-chevre\/","title":{"rendered":"Papillotes d&rsquo;escalopes de dinde sauce \u00e0 l&rsquo;ail et ch\u00e8vre."},"content":{"rendered":"<p style=\"text-align: center;\"><span style=\"font-family: georgia,serif;\"><span style=\"color: #008000; text-decoration: underline;\"><em><span style=\"font-size: x-large;\">Une de mes recettes<\/span><\/em><\/span><\/span><\/p>\n<p style=\"text-align: center;\"><span style=\"font-family: georgia,serif;\"><img loading=\"lazy\" decoding=\"async\" class=\"alignnone wp-image-31587\" src=\"http:\/\/recettes-gourmandes-de-joce.fr\/wp-content\/uploads\/2021\/05\/103_6940-300x225.jpg\" alt=\"\" width=\"237\" height=\"178\" srcset=\"http:\/\/recettes-gourmandes-de-joce.fr\/wp-content\/uploads\/2021\/05\/103_6940-300x225.jpg 300w, http:\/\/recettes-gourmandes-de-joce.fr\/wp-content\/uploads\/2021\/05\/103_6940-768x576.jpg 768w, http:\/\/recettes-gourmandes-de-joce.fr\/wp-content\/uploads\/2021\/05\/103_6940-750x563.jpg 750w, http:\/\/recettes-gourmandes-de-joce.fr\/wp-content\/uploads\/2021\/05\/103_6940.jpg 800w\" sizes=\"auto, (max-width: 237px) 100vw, 237px\" \/> <img loading=\"lazy\" decoding=\"async\" class=\"alignnone wp-image-31585\" src=\"http:\/\/recettes-gourmandes-de-joce.fr\/wp-content\/uploads\/2021\/05\/103_6933-300x204.jpg\" alt=\"\" width=\"265\" height=\"180\" srcset=\"http:\/\/recettes-gourmandes-de-joce.fr\/wp-content\/uploads\/2021\/05\/103_6933-300x204.jpg 300w, http:\/\/recettes-gourmandes-de-joce.fr\/wp-content\/uploads\/2021\/05\/103_6933-768x522.jpg 768w, http:\/\/recettes-gourmandes-de-joce.fr\/wp-content\/uploads\/2021\/05\/103_6933-750x510.jpg 750w, http:\/\/recettes-gourmandes-de-joce.fr\/wp-content\/uploads\/2021\/05\/103_6933.jpg 800w\" sizes=\"auto, (max-width: 265px) 100vw, 265px\" \/> <img loading=\"lazy\" decoding=\"async\" class=\"alignnone wp-image-31586\" src=\"http:\/\/recettes-gourmandes-de-joce.fr\/wp-content\/uploads\/2021\/05\/103_6938-300x225.jpg\" alt=\"\" width=\"237\" height=\"178\" srcset=\"http:\/\/recettes-gourmandes-de-joce.fr\/wp-content\/uploads\/2021\/05\/103_6938-300x225.jpg 300w, http:\/\/recettes-gourmandes-de-joce.fr\/wp-content\/uploads\/2021\/05\/103_6938-768x576.jpg 768w, http:\/\/recettes-gourmandes-de-joce.fr\/wp-content\/uploads\/2021\/05\/103_6938-750x563.jpg 750w, http:\/\/recettes-gourmandes-de-joce.fr\/wp-content\/uploads\/2021\/05\/103_6938.jpg 800w\" sizes=\"auto, (max-width: 237px) 100vw, 237px\" \/><\/span><\/p>\n<p style=\"text-align: center;\"><span style=\"font-family: georgia,serif;\"><span style=\"color: #008000; font-size: x-large; text-decoration: underline;\"><em>Ingr\u00e9dients pour 4 personnes<\/em><\/span><\/span><\/p>\n<p style=\"text-align: center;\"><span style=\"font-family: georgia,serif;\"><span style=\"font-size: large;\"><em><span style=\"color: #008000;\"><a title=\"titre de l'image\" href=\"http:\/\/jocelyne.debon.free.fr\/papillotes-poele-dinde\/papillotes-poele-dinde4.JPG\" rel=\"iframe\"><span style=\"color: #008000;\"><img decoding=\"async\" src=\"http:\/\/jocelyne.debon.free.fr\/papillotes-poele-dinde\/papillotes-poele-dinde4.JPG\" alt=\"\" width=\"260\" \/><\/span><\/a><\/span><\/em><\/span><\/span><\/p>\n<p style=\"text-align: center;\"><span style=\"font-family: georgia,serif;\"><span style=\"font-size: large;\"><em><span style=\"color: #008000;\">4 fines escalopes de dinde<\/span><\/em><\/span><\/span><\/p>\n<p style=\"text-align: center;\"><span style=\"font-family: georgia,serif;\"><span style=\"font-size: large;\"><em><span style=\"color: #008000;\">1 sachet de papillotes sp\u00e9cial po\u00eale \u00e0 l&rsquo;ail Maggi<\/span><\/em><\/span><\/span><\/p>\n<p style=\"text-align: center;\"><span style=\"font-family: georgia,serif;\"><span style=\"font-size: large;\"><em><span style=\"color: #008000;\">Pour la sauce<\/span><\/em><\/span><\/span><\/p>\n<p style=\"text-align: center;\"><span style=\"font-family: georgia,serif;\"><span style=\"font-size: large;\"><em><span style=\"color: #008000;\">4 gousses d&rsquo;ail<\/span><\/em><\/span><\/span><\/p>\n<p style=\"text-align: center;\"><span style=\"font-family: georgia,serif;\"><span style=\"font-size: large;\"><em><span style=\"color: #008000;\">1 petit bouquet de persil plat<\/span><\/em><\/span><\/span><\/p>\n<p style=\"text-align: center;\"><span style=\"font-family: georgia,serif;\"><span style=\"font-size: large;\"><em><span style=\"color: #008000;\">1 c \u00e0 c d&rsquo;\u00e9pices pour poulet -&gt; \u00c9pic\u00e9too<\/span><\/em><\/span><\/span><\/p>\n<p style=\"text-align: center;\"><span style=\"font-family: georgia,serif;\"><span style=\"font-size: large;\"><em><span style=\"color: #008000;\">1 morceau de beurre<\/span><\/em><\/span><\/span><\/p>\n<p style=\"text-align: center;\"><span style=\"font-family: georgia,serif;\"><span style=\"font-size: large;\"><em><span style=\"color: #008000;\">2 c \u00e0 s de cr\u00e8me fra\u00eeche (oubli\u00e9 sur la photo)<\/span><\/em><\/span><\/span><\/p>\n<p style=\"text-align: center;\"><span style=\"font-family: georgia,serif;\"><span style=\"font-size: large;\"><em><span style=\"color: #008000;\">50 g de fromage de ch\u00e8vre environ\u00a0<\/span><\/em><\/span><\/span><\/p>\n<p style=\"text-align: center;\"><span style=\"font-family: georgia,serif;\"><span style=\"font-size: large;\"><em><span style=\"color: #008000;\">50 ml d&rsquo;eau environ<\/span><\/em><\/span><\/span><\/p>\n<p style=\"text-align: center;\"><span style=\"font-family: georgia,serif;\"><span style=\"font-size: large;\"><em><span style=\"color: #008000;\">\u00a0Sel et poivre<\/span><\/em><\/span><\/span><\/p>\n<p style=\"text-align: center;\"><span style=\"font-family: georgia,serif;\"><span style=\"font-size: large;\"><em><span style=\"color: #008000;\"><a title=\"titre de l'image\" href=\"http:\/\/jocelyne.debon.free.fr\/papillotes-poele-dinde\/papillotes-poele-dinde5.JPG\" rel=\"iframe\"><span style=\"color: #008000;\"><img decoding=\"async\" src=\"http:\/\/jocelyne.debon.free.fr\/papillotes-poele-dinde\/papillotes-poele-dinde5.JPG\" alt=\"\" width=\"175\" \/> <\/span><\/a><a title=\"titre de l'image\" href=\"http:\/\/jocelyne.debon.free.fr\/papillotes-poele-dinde\/papillotes-poele-dinde6.JPG\" rel=\"iframe\"><span style=\"color: #008000;\"> <img decoding=\"async\" src=\"http:\/\/jocelyne.debon.free.fr\/papillotes-poele-dinde\/papillotes-poele-dinde6.JPG\" alt=\"\" width=\"230\" \/> <\/span><\/a><a title=\"titre de l'image\" href=\"http:\/\/jocelyne.debon.free.fr\/papillotes-poele-dinde\/papillotes-poele-dinde7.JPG\" rel=\"iframe\"><span style=\"color: #008000;\"> <img decoding=\"async\" src=\"http:\/\/jocelyne.debon.free.fr\/papillotes-poele-dinde\/papillotes-poele-dinde7.JPG\" alt=\"\" width=\"230\" \/><\/span><\/a><\/span><\/em><\/span><\/span><\/p>\n<p style=\"text-align: center;\"><span style=\"font-family: georgia,serif;\"><span style=\"font-size: large;\"><em><span style=\"color: #008000;\">Ouvrir les feuilles de papillotes, sur un c\u00f4t\u00e9 d\u00e9poser l&rsquo;escalope, replier la papillote dessus et d\u00e9poser dans une po\u00eale chaude et laisser cuire 5 minutes environ de chaque c\u00f4t\u00e9, il est pr\u00e9cis\u00e9 8 minutes de chaque c\u00f4t\u00e9 mais 5 \u00e9tait largement suffisant, apr\u00e8s tout d\u00e9pend de l&rsquo;\u00e9paisseur de l&rsquo;escalope, donc adapter le temps de cuisson en cons\u00e9quence.<\/span><\/em><\/span><\/span><\/p>\n<p style=\"text-align: center;\"><span style=\"font-family: georgia,serif;\"><a title=\"titre de l'image\" href=\"http:\/\/jocelyne.debon.free.fr\/papillotes-poele-dinde\/papillotes-poele-dinde8.JPG\" rel=\"iframe\"><img decoding=\"async\" src=\"http:\/\/jocelyne.debon.free.fr\/papillotes-poele-dinde\/papillotes-poele-dinde8.JPG\" alt=\"\" width=\"230\" \/> <\/a><a title=\"titre de l'image\" href=\"http:\/\/jocelyne.debon.free.fr\/papillotes-poele-dinde\/papillotes-poele-dinde9.JPG\" rel=\"iframe\"> <img decoding=\"async\" src=\"http:\/\/jocelyne.debon.free.fr\/papillotes-poele-dinde\/papillotes-poele-dinde9.JPG\" alt=\"\" width=\"230\" \/> <\/a><a title=\"titre de l'image\" href=\"http:\/\/jocelyne.debon.free.fr\/papillotes-poele-dinde\/papillotes-poele-dinde10.JPG\" rel=\"iframe\"> <img decoding=\"async\" src=\"http:\/\/jocelyne.debon.free.fr\/papillotes-poele-dinde\/papillotes-poele-dinde10.JPG\" alt=\"\" width=\"230\" \/><\/a><\/span><\/p>\n<p style=\"text-align: center;\"><span style=\"font-family: georgia,serif;\">\u00a0<span style=\"font-size: large;\"><em><span style=\"color: #008000;\">L&rsquo;escalope va prendre les saveurs de la papillote et dor\u00e9e uniform\u00e9ment, r\u00e9sultat assez bluffant . R\u00e9server ensuite au chaud. R\u00e9aliser dans la m\u00eame po\u00eale la sauce\u00a0puisque celle-ci est rest\u00e9e relativement propre apr\u00e8s la cuisson des papillotes. Laver et ciseler le persil, peler, d\u00e9germer et \u00e9mincer les gousses d&rsquo;ail, couper le ch\u00e8vre en petits d\u00e9s.<\/span><\/em><\/span><\/span><\/p>\n<p style=\"text-align: center;\"><span style=\"font-family: georgia,serif;\"><a title=\"titre de l'image\" href=\"http:\/\/jocelyne.debon.free.fr\/papillotes-poele-dinde\/papillotes-poele-dinde11.JPG\" rel=\"iframe\"><img decoding=\"async\" src=\"http:\/\/jocelyne.debon.free.fr\/papillotes-poele-dinde\/papillotes-poele-dinde11.JPG\" alt=\"\" width=\"230\" \/> <\/a><a title=\"titre de l'image\" href=\"http:\/\/jocelyne.debon.free.fr\/papillotes-poele-dinde\/papillotes-poele-dinde12.JPG\" rel=\"iframe\"> <img decoding=\"async\" src=\"http:\/\/jocelyne.debon.free.fr\/papillotes-poele-dinde\/papillotes-poele-dinde12.JPG\" alt=\"\" width=\"230\" \/> <\/a><a title=\"titre de l'image\" href=\"http:\/\/jocelyne.debon.free.fr\/papillotes-poele-dinde\/papillotes-poele-dinde13.jPG\" rel=\"iframe\"> <img decoding=\"async\" src=\"http:\/\/jocelyne.debon.free.fr\/papillotes-poele-dinde\/papillotes-poele-dinde13.jPG\" alt=\"\" width=\"230\" \/><\/a><\/span><\/p>\n<p style=\"text-align: center;\"><span style=\"font-family: georgia,serif;\"><span style=\"font-size: large;\"><em><span style=\"color: #008000;\">\u00a0Mettre le beurre \u00e0 fondre dans la po\u00eale, ajouter l&rsquo;ail, lorsqu&rsquo;il commence \u00e0 prendre de la couleur, ajouter le persil et les \u00e9pices, m\u00e9langer rapidement<\/span> <span style=\"color: #008000;\">et ajouter l&rsquo;eau.<\/span><\/em><\/span><\/span><\/p>\n<p style=\"text-align: center;\"><span style=\"font-family: georgia,serif;\"><span style=\"font-size: large;\"><em><span style=\"color: #008000;\"><a title=\"titre de l'image\" href=\"http:\/\/jocelyne.debon.free.fr\/papillotes-poele-dinde\/papillotes-poele-dinde14.JPG\" rel=\"iframe\"><span style=\"color: #008000;\"><img decoding=\"async\" src=\"http:\/\/jocelyne.debon.free.fr\/papillotes-poele-dinde\/papillotes-poele-dinde14.JPG\" alt=\"\" width=\"230\" \/> <\/span><\/a><a title=\"titre de l'image\" href=\"http:\/\/jocelyne.debon.free.fr\/papillotes-poele-dinde\/papillotes-poele-dinde15.JPG\" rel=\"iframe\"><span style=\"color: #008000;\"> <img decoding=\"async\" src=\"http:\/\/jocelyne.debon.free.fr\/papillotes-poele-dinde\/papillotes-poele-dinde15.JPG\" alt=\"\" width=\"230\" \/> <\/span><\/a><a title=\"titre de l'image\" href=\"http:\/\/jocelyne.debon.free.fr\/papillotes-poele-dinde\/papillotes-poele-dinde16.JPG\" rel=\"iframe\"><span style=\"color: #008000;\"> <img decoding=\"async\" src=\"http:\/\/jocelyne.debon.free.fr\/papillotes-poele-dinde\/papillotes-poele-dinde16.JPG\" alt=\"\" width=\"230\" \/><\/span><\/a><\/span><\/em><\/span><\/span><\/p>\n<p style=\"text-align: center;\"><span style=\"font-family: georgia,serif;\"><span style=\"font-size: large;\"><em><span style=\"color: #008000;\">Ajouter la cr\u00e8me, m\u00e9langer et ajouter le d\u00e9s de ch\u00e8vre, poivrer et saler l\u00e9g\u00e8rement, laisser fondre le ch\u00e8vre grossi\u00e8rement, ce n&rsquo;est pas grave si quelques morceaux ne fondent pas, servir les escalopes accompagn\u00e9es de la sauce.<\/span><\/em><\/span><\/span><\/p>\n<p style=\"text-align: center;\"><span style=\"font-family: georgia,serif;\"><span style=\"font-size: large;\"><em><span style=\"color: #008000;\"><span style=\"text-decoration: underline;\">Mes conclusions:<\/span> <\/span><\/em><\/span><\/span><\/p>\n<p style=\"text-align: center;\"><span style=\"font-family: georgia,serif;\"><span style=\"font-size: large;\"><em><span style=\"color: #008000;\">Les escalopes sont moelleuses, ont cuit uniform\u00e9ment et n&rsquo;ont pas dess\u00e9ch\u00e9es \u00e0 la cuisson, elles sont assaisonn\u00e9es juste comme il le faut, la po\u00eale reste propre, pas de projections et le papier reste manipulable sans se br\u00fbler. Produit tr\u00e8s satisfaisant \ud83d\ude09<\/span><\/em><\/span><\/span><\/p>\n<p style=\"text-align: center;\"><span style=\"font-family: georgia,serif;\"><span style=\"font-size: large;\"><em><span style=\"color: #008000;\">Bon app\u00e9tit!<\/span><\/em><\/span><\/span><\/p>\n<p style=\"text-align: center;\"><img loading=\"lazy\" decoding=\"async\" class=\"alignnone wp-image-31584\" src=\"http:\/\/recettes-gourmandes-de-joce.fr\/wp-content\/uploads\/2021\/05\/103_6951-300x206.jpg\" alt=\"\" width=\"259\" height=\"178\" srcset=\"http:\/\/recettes-gourmandes-de-joce.fr\/wp-content\/uploads\/2021\/05\/103_6951-300x206.jpg 300w, http:\/\/recettes-gourmandes-de-joce.fr\/wp-content\/uploads\/2021\/05\/103_6951-768x528.jpg 768w, http:\/\/recettes-gourmandes-de-joce.fr\/wp-content\/uploads\/2021\/05\/103_6951-750x516.jpg 750w, http:\/\/recettes-gourmandes-de-joce.fr\/wp-content\/uploads\/2021\/05\/103_6951.jpg 800w\" sizes=\"auto, (max-width: 259px) 100vw, 259px\" \/> <img loading=\"lazy\" decoding=\"async\" class=\"alignnone wp-image-31589\" src=\"http:\/\/recettes-gourmandes-de-joce.fr\/wp-content\/uploads\/2021\/05\/103_6947-300x225.jpg\" alt=\"\" width=\"237\" height=\"178\" srcset=\"http:\/\/recettes-gourmandes-de-joce.fr\/wp-content\/uploads\/2021\/05\/103_6947-300x225.jpg 300w, http:\/\/recettes-gourmandes-de-joce.fr\/wp-content\/uploads\/2021\/05\/103_6947-768x576.jpg 768w, http:\/\/recettes-gourmandes-de-joce.fr\/wp-content\/uploads\/2021\/05\/103_6947-750x563.jpg 750w, http:\/\/recettes-gourmandes-de-joce.fr\/wp-content\/uploads\/2021\/05\/103_6947.jpg 800w\" sizes=\"auto, (max-width: 237px) 100vw, 237px\" \/> <img loading=\"lazy\" decoding=\"async\" class=\"alignnone wp-image-31583\" src=\"http:\/\/recettes-gourmandes-de-joce.fr\/wp-content\/uploads\/2021\/05\/103_6948-300x225.jpg\" alt=\"\" width=\"237\" height=\"178\" srcset=\"http:\/\/recettes-gourmandes-de-joce.fr\/wp-content\/uploads\/2021\/05\/103_6948-300x225.jpg 300w, http:\/\/recettes-gourmandes-de-joce.fr\/wp-content\/uploads\/2021\/05\/103_6948-768x576.jpg 768w, http:\/\/recettes-gourmandes-de-joce.fr\/wp-content\/uploads\/2021\/05\/103_6948-750x563.jpg 750w, http:\/\/recettes-gourmandes-de-joce.fr\/wp-content\/uploads\/2021\/05\/103_6948.jpg 800w\" sizes=\"auto, (max-width: 237px) 100vw, 237px\" \/><\/p>\n<p style=\"text-align: center;\"><img loading=\"lazy\" decoding=\"async\" class=\"alignnone wp-image-24317 size-full\" src=\"http:\/\/recettes-gourmandes-de-joce.fr\/wp-content\/uploads\/2020\/07\/logitech-gaming-software-14112014-121223.jpg\" alt=\"\" width=\"640\" height=\"144\" srcset=\"http:\/\/recettes-gourmandes-de-joce.fr\/wp-content\/uploads\/2020\/07\/logitech-gaming-software-14112014-121223.jpg 640w, http:\/\/recettes-gourmandes-de-joce.fr\/wp-content\/uploads\/2020\/07\/logitech-gaming-software-14112014-121223-300x68.jpg 300w\" sizes=\"auto, (max-width: 640px) 100vw, 640px\" \/><\/p>\n<h3>Commentaires\u00a0<small>(2)<\/small><\/h3>\n<div class=\"items-container\">\n<div class=\"item item-comment media\">\n<div class=\"pull-left\">\n<p>&nbsp;<\/p>\n<p><img decoding=\"async\" class=\"media-object\" src=\"https:\/\/www.gravatar.com\/avatar\/365ee4eb98a71111aa8d3a8809096564?d=https%3A%2F%2Fwww.recettes-gourmandes-de-joce.com%2Fmedias%2Fstatic%2Fmanager%2Fim%2Favatar.png?s=50&amp;d=mm\" alt=\"Mirinda\" width=\"50\" \/><\/p>\n<\/div>\n<div class=\"media-body\">\n<ul class=\"inline item-infos\">\n<li><span class=\"comment-number\">1.<\/span>\u00a0<span class=\"comment-author\"><strong>Mirinda<\/strong>\u00a0(<a rel=\"nofollow\">site web<\/a>)<\/span>\u00a0<span class=\"comment-date\">| 28\/11\/2016<\/span><\/li>\n<\/ul>\n<div class=\"comment-content\">Bonsoir ! Recette \u00e0 tester quand j&rsquo;ach\u00e8terai de l&rsquo;escalope de dinde \u00e7a m&rsquo;a l&rsquo;air simple et rapide tout ce qu&rsquo;il me faut. Bonne soir\u00e9e. bye<\/div>\n<div class=\"item item-comment media by-webmaster\">\n<div class=\"pull-left\">\n<p>&nbsp;<\/p>\n<\/div>\n<div class=\"media-body\">\n<ul class=\"inline item-infos\">\n<li><span class=\"comment-author\"><strong>jocelyne debon<\/strong>\u00a0(<a rel=\"nofollow\">site web<\/a>)<\/span>\u00a0<span class=\"comment-date\">| 28\/11\/2016<\/span><\/li>\n<\/ul>\n<div class=\"comment-content\">Merci pour ton com, n&rsquo;h\u00e9site pas \u00e0 venir me donner ton avis quand tu auras fait cette recette<\/div>\n<div class=\"comment-content\">Bisoussss<\/div>\n<div class=\"comment-content\">Amicalement Joce<\/div>\n<\/div>\n<\/div>\n<\/div>\n<\/div>\n<\/div>\n","protected":false},"excerpt":{"rendered":"<p>Une de mes recettes Ingr\u00e9dients pour 4 personnes 4 fines escalopes de dinde 1 sachet de papillotes sp\u00e9cial po\u00eale \u00e0 l&rsquo;ail Maggi Pour la sauce 4 gousses d&rsquo;ail 1 petit bouquet de persil plat 1 c \u00e0 c d&rsquo;\u00e9pices pour poulet -&gt; \u00c9pic\u00e9too 1 morceau de beurre 2 c \u00e0 s de cr\u00e8me fra\u00eeche (oubli\u00e9 &hellip; <\/p>\n<p><a class=\"more-link btn\" href=\"http:\/\/recettes-gourmandes-de-joce.fr\/index.php\/index\/viandes\/volailles\/dinde-dindonneau-coquelets\/papillotes-a-la-poele-descalopes-de-dinde-sauce-a-lail-et-chevre\/\">Lire la suite<\/a><\/p>\n","protected":false},"author":2,"featured_media":69102,"parent":985,"menu_order":0,"comment_status":"open","ping_status":"closed","template":"","meta":{"footnotes":""},"class_list":["post-3172","page","type-page","status-publish","has-post-thumbnail","hentry","nodate","item-wrap"],"_links":{"self":[{"href":"http:\/\/recettes-gourmandes-de-joce.fr\/index.php\/wp-json\/wp\/v2\/pages\/3172","targetHints":{"allow":["GET"]}}],"collection":[{"href":"http:\/\/recettes-gourmandes-de-joce.fr\/index.php\/wp-json\/wp\/v2\/pages"}],"about":[{"href":"http:\/\/recettes-gourmandes-de-joce.fr\/index.php\/wp-json\/wp\/v2\/types\/page"}],"author":[{"embeddable":true,"href":"http:\/\/recettes-gourmandes-de-joce.fr\/index.php\/wp-json\/wp\/v2\/users\/2"}],"replies":[{"embeddable":true,"href":"http:\/\/recettes-gourmandes-de-joce.fr\/index.php\/wp-json\/wp\/v2\/comments?post=3172"}],"version-history":[{"count":7,"href":"http:\/\/recettes-gourmandes-de-joce.fr\/index.php\/wp-json\/wp\/v2\/pages\/3172\/revisions"}],"predecessor-version":[{"id":94038,"href":"http:\/\/recettes-gourmandes-de-joce.fr\/index.php\/wp-json\/wp\/v2\/pages\/3172\/revisions\/94038"}],"up":[{"embeddable":true,"href":"http:\/\/recettes-gourmandes-de-joce.fr\/index.php\/wp-json\/wp\/v2\/pages\/985"}],"wp:featuredmedia":[{"embeddable":true,"href":"http:\/\/recettes-gourmandes-de-joce.fr\/index.php\/wp-json\/wp\/v2\/media\/69102"}],"wp:attachment":[{"href":"http:\/\/recettes-gourmandes-de-joce.fr\/index.php\/wp-json\/wp\/v2\/media?parent=3172"}],"curies":[{"name":"wp","href":"https:\/\/api.w.org\/{rel}","templated":true}]}}