{"id":31271,"date":"2021-05-08T20:19:07","date_gmt":"2021-05-08T20:19:07","guid":{"rendered":"http:\/\/recettes-gourmandes-de-joce.fr\/?page_id=31271"},"modified":"2024-06-20T10:33:14","modified_gmt":"2024-06-20T10:33:14","slug":"salade-de-crudites-au-thon-et-saumon-fume","status":"publish","type":"page","link":"http:\/\/recettes-gourmandes-de-joce.fr\/index.php\/index\/entrees\/salades-crudites\/salade-de-crudites-au-thon-et-saumon-fume\/","title":{"rendered":"Salade de crudit\u00e9s au thon et saumon fum\u00e9."},"content":{"rendered":"<p style=\"text-align: center;\"><span style=\"font-size: 18pt;\"><em><span style=\"font-family: georgia, palatino, serif; color: #008000;\"><span style=\"text-decoration: underline;\">Une de mes recettes<\/span><\/span><\/em><\/span><\/p>\n<p style=\"text-align: center;\"><em><span style=\"color: #008000; font-family: georgia, palatino, serif; font-size: 14pt;\"><img loading=\"lazy\" decoding=\"async\" class=\"alignnone wp-image-31279\" src=\"http:\/\/recettes-gourmandes-de-joce.fr\/wp-content\/uploads\/2021\/05\/20210508_200649-300x225.jpg\" alt=\"\" width=\"240\" height=\"180\" srcset=\"http:\/\/recettes-gourmandes-de-joce.fr\/wp-content\/uploads\/2021\/05\/20210508_200649-300x225.jpg 300w, http:\/\/recettes-gourmandes-de-joce.fr\/wp-content\/uploads\/2021\/05\/20210508_200649-768x576.jpg 768w, http:\/\/recettes-gourmandes-de-joce.fr\/wp-content\/uploads\/2021\/05\/20210508_200649-750x563.jpg 750w, http:\/\/recettes-gourmandes-de-joce.fr\/wp-content\/uploads\/2021\/05\/20210508_200649.jpg 800w\" sizes=\"auto, (max-width: 240px) 100vw, 240px\" \/> <img loading=\"lazy\" decoding=\"async\" class=\"alignnone wp-image-31278\" src=\"http:\/\/recettes-gourmandes-de-joce.fr\/wp-content\/uploads\/2021\/05\/20210508_200646-300x236.jpg\" alt=\"\" width=\"229\" height=\"180\" srcset=\"http:\/\/recettes-gourmandes-de-joce.fr\/wp-content\/uploads\/2021\/05\/20210508_200646-300x236.jpg 300w, http:\/\/recettes-gourmandes-de-joce.fr\/wp-content\/uploads\/2021\/05\/20210508_200646-768x603.jpg 768w, http:\/\/recettes-gourmandes-de-joce.fr\/wp-content\/uploads\/2021\/05\/20210508_200646-750x589.jpg 750w, http:\/\/recettes-gourmandes-de-joce.fr\/wp-content\/uploads\/2021\/05\/20210508_200646.jpg 800w\" sizes=\"auto, (max-width: 229px) 100vw, 229px\" \/> <img loading=\"lazy\" decoding=\"async\" class=\"alignnone wp-image-31283\" src=\"http:\/\/recettes-gourmandes-de-joce.fr\/wp-content\/uploads\/2021\/05\/20210508_200710-001-300x225.jpg\" alt=\"\" width=\"240\" height=\"180\" srcset=\"http:\/\/recettes-gourmandes-de-joce.fr\/wp-content\/uploads\/2021\/05\/20210508_200710-001-300x225.jpg 300w, http:\/\/recettes-gourmandes-de-joce.fr\/wp-content\/uploads\/2021\/05\/20210508_200710-001-768x576.jpg 768w, http:\/\/recettes-gourmandes-de-joce.fr\/wp-content\/uploads\/2021\/05\/20210508_200710-001-750x563.jpg 750w, http:\/\/recettes-gourmandes-de-joce.fr\/wp-content\/uploads\/2021\/05\/20210508_200710-001.jpg 800w\" sizes=\"auto, (max-width: 240px) 100vw, 240px\" \/><\/span><\/em><\/p>\n<p style=\"text-align: center;\"><em><span style=\"color: #008000; font-family: georgia, palatino, serif; font-size: 14pt;\"><img loading=\"lazy\" decoding=\"async\" class=\"alignnone wp-image-31281\" src=\"http:\/\/recettes-gourmandes-de-joce.fr\/wp-content\/uploads\/2021\/05\/20210508_200654-300x261.jpg\" alt=\"\" width=\"207\" height=\"180\" srcset=\"http:\/\/recettes-gourmandes-de-joce.fr\/wp-content\/uploads\/2021\/05\/20210508_200654-300x261.jpg 300w, http:\/\/recettes-gourmandes-de-joce.fr\/wp-content\/uploads\/2021\/05\/20210508_200654-768x667.jpg 768w, http:\/\/recettes-gourmandes-de-joce.fr\/wp-content\/uploads\/2021\/05\/20210508_200654-750x652.jpg 750w, http:\/\/recettes-gourmandes-de-joce.fr\/wp-content\/uploads\/2021\/05\/20210508_200654.jpg 800w\" sizes=\"auto, (max-width: 207px) 100vw, 207px\" \/><\/span><\/em><\/p>\n<p style=\"text-align: center;\"><span style=\"font-size: 18pt;\"><em><span style=\"text-decoration: underline; color: #008000; font-family: georgia, palatino, serif;\">Ingr\u00e9dients pour 2 personnes<\/span><\/em><\/span><\/p>\n<p style=\"text-align: center;\"><em><span style=\"color: #008000; font-family: georgia, palatino, serif; font-size: 14pt;\"><img loading=\"lazy\" decoding=\"async\" class=\"alignnone wp-image-31284\" src=\"http:\/\/recettes-gourmandes-de-joce.fr\/wp-content\/uploads\/2021\/05\/20210508_195125-282x300.jpg\" alt=\"\" width=\"188\" height=\"200\" srcset=\"http:\/\/recettes-gourmandes-de-joce.fr\/wp-content\/uploads\/2021\/05\/20210508_195125-282x300.jpg 282w, http:\/\/recettes-gourmandes-de-joce.fr\/wp-content\/uploads\/2021\/05\/20210508_195125-750x798.jpg 750w, http:\/\/recettes-gourmandes-de-joce.fr\/wp-content\/uploads\/2021\/05\/20210508_195125.jpg 752w\" sizes=\"auto, (max-width: 188px) 100vw, 188px\" \/><\/span><\/em><\/p>\n<p style=\"text-align: center;\"><em><span style=\"color: #008000; font-family: georgia, palatino, serif; font-size: 14pt;\"><span style=\"color: #008000; font-family: georgia, palatino, serif;\"><span style=\"font-size: 14pt;\">2 tomates (je n&rsquo;ai pas utilis\u00e9 la 3 <\/span><span style=\"font-size: 18.6667px;\">-\u00e8me<\/span><span style=\"font-size: 14pt;\">) <\/span><\/span><\/span><\/em><\/p>\n<p style=\"text-align: center;\"><em><span style=\"color: #008000; font-family: georgia, palatino, serif; font-size: 14pt;\">1 avocat Les tiges d&rsquo;un oignon blanc <\/span><\/em><\/p>\n<p style=\"text-align: center;\"><em><span style=\"color: #008000; font-family: georgia, palatino, serif; font-size: 14pt;\">1 petite boite de ma\u00efs <\/span><\/em><\/p>\n<p style=\"text-align: center;\"><em><span style=\"color: #008000; font-family: georgia, palatino, serif; font-size: 14pt;\">1 petite boite de thon au naturel <\/span><\/em><\/p>\n<p style=\"text-align: center;\"><em><span style=\"color: #008000; font-family: georgia, palatino, serif; font-size: 14pt;\">2 tranches de saumon fum\u00e9 <\/span><\/em><\/p>\n<p style=\"text-align: center;\"><em><span style=\"color: #008000; font-family: georgia, palatino, serif; font-size: 14pt;\">1 c \u00e0 c d&rsquo;\u00e9pices pour vinaigrette<\/span><\/em><\/p>\n<p style=\"text-align: center;\"><em><span style=\"color: #008000; font-family: georgia, palatino, serif; font-size: 14pt;\"> 1 c \u00e0 s de vinaigre de vin <\/span><\/em><\/p>\n<p style=\"text-align: center;\"><em><span style=\"color: #008000; font-family: georgia, palatino, serif; font-size: 14pt;\">3 c \u00e0 s d&rsquo;huile de tournesol <\/span><\/em><\/p>\n<p style=\"text-align: center;\"><em><span style=\"color: #008000; font-family: georgia, palatino, serif; font-size: 14pt;\">Sel et poivre<\/span><\/em><\/p>\n<p style=\"text-align: center;\"><em><span style=\"color: #008000; font-family: georgia, palatino, serif; font-size: 14pt;\"><img loading=\"lazy\" decoding=\"async\" class=\"alignnone wp-image-31272\" src=\"http:\/\/recettes-gourmandes-de-joce.fr\/wp-content\/uploads\/2021\/05\/20210508_200036-300x207.jpg\" alt=\"\" width=\"232\" height=\"160\" srcset=\"http:\/\/recettes-gourmandes-de-joce.fr\/wp-content\/uploads\/2021\/05\/20210508_200036-300x207.jpg 300w, http:\/\/recettes-gourmandes-de-joce.fr\/wp-content\/uploads\/2021\/05\/20210508_200036-768x530.jpg 768w, http:\/\/recettes-gourmandes-de-joce.fr\/wp-content\/uploads\/2021\/05\/20210508_200036-750x518.jpg 750w, http:\/\/recettes-gourmandes-de-joce.fr\/wp-content\/uploads\/2021\/05\/20210508_200036.jpg 800w\" sizes=\"auto, (max-width: 232px) 100vw, 232px\" \/> <img loading=\"lazy\" decoding=\"async\" class=\"alignnone wp-image-31273\" src=\"http:\/\/recettes-gourmandes-de-joce.fr\/wp-content\/uploads\/2021\/05\/20210508_200211-300x225.jpg\" alt=\"\" width=\"213\" height=\"160\" srcset=\"http:\/\/recettes-gourmandes-de-joce.fr\/wp-content\/uploads\/2021\/05\/20210508_200211-300x225.jpg 300w, http:\/\/recettes-gourmandes-de-joce.fr\/wp-content\/uploads\/2021\/05\/20210508_200211-768x576.jpg 768w, http:\/\/recettes-gourmandes-de-joce.fr\/wp-content\/uploads\/2021\/05\/20210508_200211-750x563.jpg 750w, http:\/\/recettes-gourmandes-de-joce.fr\/wp-content\/uploads\/2021\/05\/20210508_200211.jpg 800w\" sizes=\"auto, (max-width: 213px) 100vw, 213px\" \/> <img loading=\"lazy\" decoding=\"async\" class=\"alignnone wp-image-31285\" src=\"http:\/\/recettes-gourmandes-de-joce.fr\/wp-content\/uploads\/2021\/05\/20210508_195354-300x225.jpg\" alt=\"\" width=\"213\" height=\"160\" srcset=\"http:\/\/recettes-gourmandes-de-joce.fr\/wp-content\/uploads\/2021\/05\/20210508_195354-300x225.jpg 300w, http:\/\/recettes-gourmandes-de-joce.fr\/wp-content\/uploads\/2021\/05\/20210508_195354-768x576.jpg 768w, http:\/\/recettes-gourmandes-de-joce.fr\/wp-content\/uploads\/2021\/05\/20210508_195354-750x563.jpg 750w, http:\/\/recettes-gourmandes-de-joce.fr\/wp-content\/uploads\/2021\/05\/20210508_195354.jpg 800w\" sizes=\"auto, (max-width: 213px) 100vw, 213px\" \/><\/span><\/em><\/p>\n<p style=\"text-align: center;\"><em><span style=\"color: #008000; font-family: georgia, palatino, serif; font-size: 14pt;\">Laver et ciseler les tiges de l&rsquo;oignon (r\u00e9server l&rsquo;oignon pour une autre recette) couper les tranches de saumon en lani\u00e8res, laver et couper les tomates en demi tranches.<\/span><\/em><\/p>\n<p style=\"text-align: center;\"><em><span style=\"color: #008000; font-family: georgia, palatino, serif; font-size: 14pt;\"><img loading=\"lazy\" decoding=\"async\" class=\"alignnone wp-image-11293\" src=\"http:\/\/recettes-gourmandes-de-joce.fr\/wp-content\/uploads\/2019\/11\/PA220599-300x212.jpg\" alt=\"\" width=\"226\" height=\"160\" srcset=\"http:\/\/recettes-gourmandes-de-joce.fr\/wp-content\/uploads\/2019\/11\/PA220599-300x212.jpg 300w, http:\/\/recettes-gourmandes-de-joce.fr\/wp-content\/uploads\/2019\/11\/PA220599.jpg 640w\" sizes=\"auto, (max-width: 226px) 100vw, 226px\" \/>\u00a0<img loading=\"lazy\" decoding=\"async\" class=\"alignnone wp-image-11295\" src=\"http:\/\/recettes-gourmandes-de-joce.fr\/wp-content\/uploads\/2019\/11\/PA220603-300x228.jpg\" alt=\"\" width=\"210\" height=\"160\" srcset=\"http:\/\/recettes-gourmandes-de-joce.fr\/wp-content\/uploads\/2019\/11\/PA220603-300x228.jpg 300w, http:\/\/recettes-gourmandes-de-joce.fr\/wp-content\/uploads\/2019\/11\/PA220603.jpg 640w\" sizes=\"auto, (max-width: 210px) 100vw, 210px\" \/>\u00a0<img loading=\"lazy\" decoding=\"async\" class=\"alignnone wp-image-31274\" src=\"http:\/\/recettes-gourmandes-de-joce.fr\/wp-content\/uploads\/2021\/05\/20210508_200446-300x230.jpg\" alt=\"\" width=\"208\" height=\"160\" srcset=\"http:\/\/recettes-gourmandes-de-joce.fr\/wp-content\/uploads\/2021\/05\/20210508_200446-300x230.jpg 300w, http:\/\/recettes-gourmandes-de-joce.fr\/wp-content\/uploads\/2021\/05\/20210508_200446-768x589.jpg 768w, http:\/\/recettes-gourmandes-de-joce.fr\/wp-content\/uploads\/2021\/05\/20210508_200446-750x576.jpg 750w, http:\/\/recettes-gourmandes-de-joce.fr\/wp-content\/uploads\/2021\/05\/20210508_200446.jpg 800w\" sizes=\"auto, (max-width: 208px) 100vw, 208px\" \/><\/span><\/em><\/p>\n<p style=\"text-align: center;\"><em><span style=\"color: #008000; font-family: georgia, palatino, serif; font-size: 14pt;\">Couper l&rsquo;avocat en deux dans le sens de la longueur, \u00f4ter le noyau, puis tranchez-le (toujours dans le sens de la longueur). R\u00e9aliser la vinaigrette, mettre les \u00e9pices, le sel et le poivre dans un bol.<\/span><\/em><\/p>\n<p style=\"text-align: center;\"><em><span style=\"color: #008000; font-family: georgia, palatino, serif; font-size: 14pt;\"> <img loading=\"lazy\" decoding=\"async\" class=\"alignnone wp-image-31276\" src=\"http:\/\/recettes-gourmandes-de-joce.fr\/wp-content\/uploads\/2021\/05\/20210508_200528-300x236.jpg\" alt=\"\" width=\"203\" height=\"160\" srcset=\"http:\/\/recettes-gourmandes-de-joce.fr\/wp-content\/uploads\/2021\/05\/20210508_200528-300x236.jpg 300w, http:\/\/recettes-gourmandes-de-joce.fr\/wp-content\/uploads\/2021\/05\/20210508_200528-768x605.jpg 768w, http:\/\/recettes-gourmandes-de-joce.fr\/wp-content\/uploads\/2021\/05\/20210508_200528-750x591.jpg 750w, http:\/\/recettes-gourmandes-de-joce.fr\/wp-content\/uploads\/2021\/05\/20210508_200528.jpg 800w\" sizes=\"auto, (max-width: 203px) 100vw, 203px\" \/> <img loading=\"lazy\" decoding=\"async\" class=\"alignnone wp-image-31286\" src=\"http:\/\/recettes-gourmandes-de-joce.fr\/wp-content\/uploads\/2021\/05\/20210508_195358-300x225.jpg\" alt=\"\" width=\"213\" height=\"160\" srcset=\"http:\/\/recettes-gourmandes-de-joce.fr\/wp-content\/uploads\/2021\/05\/20210508_195358-300x225.jpg 300w, http:\/\/recettes-gourmandes-de-joce.fr\/wp-content\/uploads\/2021\/05\/20210508_195358-768x576.jpg 768w, http:\/\/recettes-gourmandes-de-joce.fr\/wp-content\/uploads\/2021\/05\/20210508_195358-750x563.jpg 750w, http:\/\/recettes-gourmandes-de-joce.fr\/wp-content\/uploads\/2021\/05\/20210508_195358.jpg 800w\" sizes=\"auto, (max-width: 213px) 100vw, 213px\" \/> <img loading=\"lazy\" decoding=\"async\" class=\"alignnone wp-image-31287\" src=\"http:\/\/recettes-gourmandes-de-joce.fr\/wp-content\/uploads\/2021\/05\/20210508_195803-300x246.jpg\" alt=\"\" width=\"195\" height=\"160\" srcset=\"http:\/\/recettes-gourmandes-de-joce.fr\/wp-content\/uploads\/2021\/05\/20210508_195803-300x246.jpg 300w, http:\/\/recettes-gourmandes-de-joce.fr\/wp-content\/uploads\/2021\/05\/20210508_195803-768x629.jpg 768w, http:\/\/recettes-gourmandes-de-joce.fr\/wp-content\/uploads\/2021\/05\/20210508_195803-750x614.jpg 750w, http:\/\/recettes-gourmandes-de-joce.fr\/wp-content\/uploads\/2021\/05\/20210508_195803.jpg 800w\" sizes=\"auto, (max-width: 195px) 100vw, 195px\" \/>\u00a0<\/span><\/em><\/p>\n<p style=\"text-align: center;\"><em><span style=\"color: #008000; font-family: georgia, palatino, serif; font-size: 14pt;\">Ajouter en premier le vinaigre pour dissoudre le sel, puis ajouter l&rsquo;huile et m\u00e9langer. Au centre de votre plat, mettre le ma\u00efs \u00e9goutt\u00e9, ajouter dessus le thon \u00e9goutt\u00e9 \u00e9galement. R\u00e9partir autour les tranches de tomates.<\/span><\/em><\/p>\n<p style=\"text-align: center;\"><em><span style=\"color: #008000; font-family: georgia, palatino, serif; font-size: 14pt;\"><img loading=\"lazy\" decoding=\"async\" class=\"alignnone wp-image-31288\" src=\"http:\/\/recettes-gourmandes-de-joce.fr\/wp-content\/uploads\/2021\/05\/20210508_195946-300x233.jpg\" alt=\"\" width=\"206\" height=\"160\" srcset=\"http:\/\/recettes-gourmandes-de-joce.fr\/wp-content\/uploads\/2021\/05\/20210508_195946-300x233.jpg 300w, http:\/\/recettes-gourmandes-de-joce.fr\/wp-content\/uploads\/2021\/05\/20210508_195946-768x596.jpg 768w, http:\/\/recettes-gourmandes-de-joce.fr\/wp-content\/uploads\/2021\/05\/20210508_195946-750x582.jpg 750w, http:\/\/recettes-gourmandes-de-joce.fr\/wp-content\/uploads\/2021\/05\/20210508_195946.jpg 800w\" sizes=\"auto, (max-width: 206px) 100vw, 206px\" \/> <img loading=\"lazy\" decoding=\"async\" class=\"alignnone wp-image-31275\" src=\"http:\/\/recettes-gourmandes-de-joce.fr\/wp-content\/uploads\/2021\/05\/20210508_200451-300x225.jpg\" alt=\"\" width=\"213\" height=\"160\" srcset=\"http:\/\/recettes-gourmandes-de-joce.fr\/wp-content\/uploads\/2021\/05\/20210508_200451-300x225.jpg 300w, http:\/\/recettes-gourmandes-de-joce.fr\/wp-content\/uploads\/2021\/05\/20210508_200451-768x576.jpg 768w, http:\/\/recettes-gourmandes-de-joce.fr\/wp-content\/uploads\/2021\/05\/20210508_200451-750x563.jpg 750w, http:\/\/recettes-gourmandes-de-joce.fr\/wp-content\/uploads\/2021\/05\/20210508_200451.jpg 800w\" sizes=\"auto, (max-width: 213px) 100vw, 213px\" \/><\/span><\/em><\/p>\n<p style=\"text-align: center;\"><em><span style=\"color: #008000; font-family: georgia, palatino, serif; font-size: 14pt;\">Intercaler les tranches d&rsquo;avocat entre les tranches de tomates, r\u00e9partir entre les tranches d&rsquo;avocat les lani\u00e8res de saumon et finir en r\u00e9partissant les tiges d&rsquo;oignon cisel\u00e9es et la vinaigrette.<\/span><\/em><\/p>\n<p style=\"text-align: center;\"><em><span style=\"color: #008000; font-family: georgia, palatino, serif; font-size: 14pt;\">Bon app\u00e9tit!<\/span><\/em><\/p>\n<p style=\"text-align: center;\"><em><span style=\"color: #008000; font-family: georgia, palatino, serif; font-size: 14pt;\"><img loading=\"lazy\" decoding=\"async\" class=\"alignnone wp-image-31282\" src=\"http:\/\/recettes-gourmandes-de-joce.fr\/wp-content\/uploads\/2021\/05\/20210508_200710-300x225.jpg\" alt=\"\" width=\"240\" height=\"180\" srcset=\"http:\/\/recettes-gourmandes-de-joce.fr\/wp-content\/uploads\/2021\/05\/20210508_200710-300x225.jpg 300w, http:\/\/recettes-gourmandes-de-joce.fr\/wp-content\/uploads\/2021\/05\/20210508_200710-768x576.jpg 768w, http:\/\/recettes-gourmandes-de-joce.fr\/wp-content\/uploads\/2021\/05\/20210508_200710-750x563.jpg 750w, http:\/\/recettes-gourmandes-de-joce.fr\/wp-content\/uploads\/2021\/05\/20210508_200710.jpg 800w\" sizes=\"auto, (max-width: 240px) 100vw, 240px\" \/> <img loading=\"lazy\" decoding=\"async\" class=\"alignnone wp-image-31280\" src=\"http:\/\/recettes-gourmandes-de-joce.fr\/wp-content\/uploads\/2021\/05\/20210508_200651-300x256.jpg\" alt=\"\" width=\"211\" height=\"180\" srcset=\"http:\/\/recettes-gourmandes-de-joce.fr\/wp-content\/uploads\/2021\/05\/20210508_200651-300x256.jpg 300w, http:\/\/recettes-gourmandes-de-joce.fr\/wp-content\/uploads\/2021\/05\/20210508_200651-768x655.jpg 768w, http:\/\/recettes-gourmandes-de-joce.fr\/wp-content\/uploads\/2021\/05\/20210508_200651-750x639.jpg 750w, http:\/\/recettes-gourmandes-de-joce.fr\/wp-content\/uploads\/2021\/05\/20210508_200651.jpg 800w\" sizes=\"auto, (max-width: 211px) 100vw, 211px\" \/> <img loading=\"lazy\" decoding=\"async\" class=\"alignnone wp-image-31277\" src=\"http:\/\/recettes-gourmandes-de-joce.fr\/wp-content\/uploads\/2021\/05\/20210508_200641-300x231.jpg\" alt=\"\" width=\"234\" height=\"180\" srcset=\"http:\/\/recettes-gourmandes-de-joce.fr\/wp-content\/uploads\/2021\/05\/20210508_200641-300x231.jpg 300w, http:\/\/recettes-gourmandes-de-joce.fr\/wp-content\/uploads\/2021\/05\/20210508_200641-768x590.jpg 768w, http:\/\/recettes-gourmandes-de-joce.fr\/wp-content\/uploads\/2021\/05\/20210508_200641-750x577.jpg 750w, http:\/\/recettes-gourmandes-de-joce.fr\/wp-content\/uploads\/2021\/05\/20210508_200641.jpg 800w\" sizes=\"auto, (max-width: 234px) 100vw, 234px\" \/><\/span><\/em><\/p>\n<p style=\"text-align: center;\"><em><span style=\"color: #008000; font-family: georgia, palatino, serif; font-size: 14pt;\"><img loading=\"lazy\" decoding=\"async\" class=\"alignnone wp-image-24317 size-full\" src=\"http:\/\/recettes-gourmandes-de-joce.fr\/wp-content\/uploads\/2020\/07\/logitech-gaming-software-14112014-121223.jpg\" alt=\"\" width=\"640\" height=\"144\" srcset=\"http:\/\/recettes-gourmandes-de-joce.fr\/wp-content\/uploads\/2020\/07\/logitech-gaming-software-14112014-121223.jpg 640w, http:\/\/recettes-gourmandes-de-joce.fr\/wp-content\/uploads\/2020\/07\/logitech-gaming-software-14112014-121223-300x68.jpg 300w\" sizes=\"auto, (max-width: 640px) 100vw, 640px\" \/><\/span><\/em><\/p>\n<p>&nbsp;<\/p>\n<p>&nbsp;<\/p>\n","protected":false},"excerpt":{"rendered":"<p>Une de mes recettes Ingr\u00e9dients pour 2 personnes 2 tomates (je n&rsquo;ai pas utilis\u00e9 la 3 -\u00e8me) 1 avocat Les tiges d&rsquo;un oignon blanc 1 petite boite de ma\u00efs 1 petite boite de thon au naturel 2 tranches de saumon fum\u00e9 1 c \u00e0 c d&rsquo;\u00e9pices pour vinaigrette 1 c \u00e0 s de vinaigre de &hellip; <\/p>\n<p><a class=\"more-link btn\" href=\"http:\/\/recettes-gourmandes-de-joce.fr\/index.php\/index\/entrees\/salades-crudites\/salade-de-crudites-au-thon-et-saumon-fume\/\">Lire la suite<\/a><\/p>\n","protected":false},"author":2,"featured_media":84311,"parent":165,"menu_order":0,"comment_status":"open","ping_status":"closed","template":"","meta":{"footnotes":""},"class_list":["post-31271","page","type-page","status-publish","has-post-thumbnail","hentry","nodate","item-wrap"],"_links":{"self":[{"href":"http:\/\/recettes-gourmandes-de-joce.fr\/index.php\/wp-json\/wp\/v2\/pages\/31271","targetHints":{"allow":["GET"]}}],"collection":[{"href":"http:\/\/recettes-gourmandes-de-joce.fr\/index.php\/wp-json\/wp\/v2\/pages"}],"about":[{"href":"http:\/\/recettes-gourmandes-de-joce.fr\/index.php\/wp-json\/wp\/v2\/types\/page"}],"author":[{"embeddable":true,"href":"http:\/\/recettes-gourmandes-de-joce.fr\/index.php\/wp-json\/wp\/v2\/users\/2"}],"replies":[{"embeddable":true,"href":"http:\/\/recettes-gourmandes-de-joce.fr\/index.php\/wp-json\/wp\/v2\/comments?post=31271"}],"version-history":[{"count":2,"href":"http:\/\/recettes-gourmandes-de-joce.fr\/index.php\/wp-json\/wp\/v2\/pages\/31271\/revisions"}],"predecessor-version":[{"id":84312,"href":"http:\/\/recettes-gourmandes-de-joce.fr\/index.php\/wp-json\/wp\/v2\/pages\/31271\/revisions\/84312"}],"up":[{"embeddable":true,"href":"http:\/\/recettes-gourmandes-de-joce.fr\/index.php\/wp-json\/wp\/v2\/pages\/165"}],"wp:featuredmedia":[{"embeddable":true,"href":"http:\/\/recettes-gourmandes-de-joce.fr\/index.php\/wp-json\/wp\/v2\/media\/84311"}],"wp:attachment":[{"href":"http:\/\/recettes-gourmandes-de-joce.fr\/index.php\/wp-json\/wp\/v2\/media?parent=31271"}],"curies":[{"name":"wp","href":"https:\/\/api.w.org\/{rel}","templated":true}]}}