{"id":31210,"date":"2021-05-07T21:10:52","date_gmt":"2021-05-07T21:10:52","guid":{"rendered":"http:\/\/recettes-gourmandes-de-joce.fr\/?page_id=31210"},"modified":"2024-06-29T14:48:03","modified_gmt":"2024-06-29T14:48:03","slug":"filets-de-sardines-marinees-aux-poivrons-et-piment-despelette","status":"publish","type":"page","link":"http:\/\/recettes-gourmandes-de-joce.fr\/index.php\/index\/poissons-coquillages\/filets-paves\/filets-de-sardines-marinees-aux-poivrons-et-piment-despelette\/","title":{"rendered":"Filets de sardines marin\u00e9es aux poivrons et piment d&rsquo;Espelette."},"content":{"rendered":"<p class=\"view-title\" style=\"text-align: center;\"><span style=\"text-decoration: underline; color: #000080;\"><em style=\"font-family: georgia, palatino, serif; font-size: 14pt;\">Une recette revue \u00e0 ma fa\u00e7on d&rsquo;Erwan Garel Cuisinier<\/em><\/span><\/p>\n<div class=\"row-container page_1\" style=\"text-align: center;\">\n<div class=\"row-content\">\n<div class=\"row\">\n<div class=\"column self-stretch\">\n<div class=\"column-content\">\n<div class=\"clearfix\">\n<p><span style=\"font-size: 14pt; font-family: georgia, palatino, serif; color: #000080;\"><em><img loading=\"lazy\" decoding=\"async\" class=\"alignnone wp-image-31132\" src=\"http:\/\/recettes-gourmandes-de-joce.fr\/wp-content\/uploads\/2021\/05\/100-8359-300x225.jpg\" alt=\"\" width=\"240\" height=\"180\" srcset=\"http:\/\/recettes-gourmandes-de-joce.fr\/wp-content\/uploads\/2021\/05\/100-8359-300x225.jpg 300w, http:\/\/recettes-gourmandes-de-joce.fr\/wp-content\/uploads\/2021\/05\/100-8359-768x576.jpg 768w, http:\/\/recettes-gourmandes-de-joce.fr\/wp-content\/uploads\/2021\/05\/100-8359-750x563.jpg 750w, http:\/\/recettes-gourmandes-de-joce.fr\/wp-content\/uploads\/2021\/05\/100-8359.jpg 800w\" sizes=\"auto, (max-width: 240px) 100vw, 240px\" \/> <img loading=\"lazy\" decoding=\"async\" class=\"alignnone wp-image-31131\" src=\"http:\/\/recettes-gourmandes-de-joce.fr\/wp-content\/uploads\/2021\/05\/100-8354-300x225.jpg\" alt=\"\" width=\"240\" height=\"180\" srcset=\"http:\/\/recettes-gourmandes-de-joce.fr\/wp-content\/uploads\/2021\/05\/100-8354-300x225.jpg 300w, http:\/\/recettes-gourmandes-de-joce.fr\/wp-content\/uploads\/2021\/05\/100-8354-768x576.jpg 768w, http:\/\/recettes-gourmandes-de-joce.fr\/wp-content\/uploads\/2021\/05\/100-8354-750x563.jpg 750w, http:\/\/recettes-gourmandes-de-joce.fr\/wp-content\/uploads\/2021\/05\/100-8354.jpg 800w\" sizes=\"auto, (max-width: 240px) 100vw, 240px\" \/> <img loading=\"lazy\" decoding=\"async\" class=\"alignnone wp-image-31136\" src=\"http:\/\/recettes-gourmandes-de-joce.fr\/wp-content\/uploads\/2021\/05\/100-8371-300x198.jpg\" alt=\"\" width=\"272\" height=\"180\" srcset=\"http:\/\/recettes-gourmandes-de-joce.fr\/wp-content\/uploads\/2021\/05\/100-8371-300x198.jpg 300w, http:\/\/recettes-gourmandes-de-joce.fr\/wp-content\/uploads\/2021\/05\/100-8371-768x508.jpg 768w, http:\/\/recettes-gourmandes-de-joce.fr\/wp-content\/uploads\/2021\/05\/100-8371-750x496.jpg 750w, http:\/\/recettes-gourmandes-de-joce.fr\/wp-content\/uploads\/2021\/05\/100-8371.jpg 800w\" sizes=\"auto, (max-width: 272px) 100vw, 272px\" \/><\/em><\/span><\/p>\n<p><span style=\"text-decoration: underline; color: #000080;\"><span style=\"font-size: 18pt; font-family: georgia, palatino, serif;\"><em>Ingr\u00e9dients pour 4 personnes<\/em><\/span><\/span><\/p>\n<p><span style=\"font-size: 14pt; font-family: georgia, palatino, serif; color: #000080;\"><em><img loading=\"lazy\" decoding=\"async\" class=\"alignnone wp-image-31138\" src=\"http:\/\/recettes-gourmandes-de-joce.fr\/wp-content\/uploads\/2021\/05\/100-8337-300x203.jpg\" alt=\"\" width=\"295\" height=\"200\" srcset=\"http:\/\/recettes-gourmandes-de-joce.fr\/wp-content\/uploads\/2021\/05\/100-8337-300x203.jpg 300w, http:\/\/recettes-gourmandes-de-joce.fr\/wp-content\/uploads\/2021\/05\/100-8337-768x520.jpg 768w, http:\/\/recettes-gourmandes-de-joce.fr\/wp-content\/uploads\/2021\/05\/100-8337-750x508.jpg 750w, http:\/\/recettes-gourmandes-de-joce.fr\/wp-content\/uploads\/2021\/05\/100-8337.jpg 800w\" sizes=\"auto, (max-width: 295px) 100vw, 295px\" \/> <img loading=\"lazy\" decoding=\"async\" class=\"alignnone wp-image-31137\" src=\"http:\/\/recettes-gourmandes-de-joce.fr\/wp-content\/uploads\/2021\/05\/100-8336-1-300x225.jpg\" alt=\"\" width=\"267\" height=\"200\" srcset=\"http:\/\/recettes-gourmandes-de-joce.fr\/wp-content\/uploads\/2021\/05\/100-8336-1-300x225.jpg 300w, http:\/\/recettes-gourmandes-de-joce.fr\/wp-content\/uploads\/2021\/05\/100-8336-1-768x576.jpg 768w, http:\/\/recettes-gourmandes-de-joce.fr\/wp-content\/uploads\/2021\/05\/100-8336-1-750x563.jpg 750w, http:\/\/recettes-gourmandes-de-joce.fr\/wp-content\/uploads\/2021\/05\/100-8336-1.jpg 800w\" sizes=\"auto, (max-width: 267px) 100vw, 267px\" \/><\/em><\/span><\/p>\n<p><span style=\"font-size: 14pt; font-family: georgia, palatino, serif; color: #000080;\"><em>15 petites sardines de m\u00e9diterran\u00e9e<\/em><\/span><\/p>\n<p><span style=\"font-size: 14pt; font-family: georgia, palatino, serif; color: #000080;\"><em><sup>1<\/sup>\/<sub>3<\/sub>\u00a0de poivron jaune, vert et rouge<\/em><\/span><\/p>\n<p><span style=\"font-size: 14pt; font-family: georgia, palatino, serif; color: #000080;\"><em>1 bouquet de ciboulette<\/em><\/span><\/p>\n<p><span style=\"font-size: 14pt; font-family: georgia, palatino, serif; color: #000080;\"><em>2 pommes de terre cuites \u00e0 l&rsquo;eau<\/em><\/span><\/p>\n<p><span style=\"font-size: 14pt; font-family: georgia, palatino, serif; color: #000080;\"><em>1 c \u00e0 s rase d&rsquo;\u00e9pices pour poisson<\/em><\/span><\/p>\n<p><span style=\"font-size: 14pt; font-family: georgia, palatino, serif; color: #000080;\"><em>1 c \u00e0 c rase de piment d&rsquo;Espelette<\/em><\/span><\/p>\n<p><span style=\"font-size: 14pt; font-family: georgia, palatino, serif; color: #000080;\"><em>Sel et poivre<\/em><\/span><\/p>\n<p><span style=\"font-size: 14pt; font-family: georgia, palatino, serif; color: #000080;\"><em>Huile d&rsquo;olive<\/em><\/span><\/p>\n<p><span style=\"font-size: 14pt; font-family: georgia, palatino, serif; color: #000080;\"><em>Vinaigre balsamique et de vin<\/em><\/span><\/p>\n<p><span style=\"font-size: 14pt; font-family: georgia, palatino, serif; color: #000080;\"><em><img loading=\"lazy\" decoding=\"async\" class=\"alignnone wp-image-31139\" src=\"http:\/\/recettes-gourmandes-de-joce.fr\/wp-content\/uploads\/2021\/05\/100-8339-300x225.jpg\" alt=\"\" width=\"213\" height=\"160\" srcset=\"http:\/\/recettes-gourmandes-de-joce.fr\/wp-content\/uploads\/2021\/05\/100-8339-300x225.jpg 300w, http:\/\/recettes-gourmandes-de-joce.fr\/wp-content\/uploads\/2021\/05\/100-8339-768x576.jpg 768w, http:\/\/recettes-gourmandes-de-joce.fr\/wp-content\/uploads\/2021\/05\/100-8339-750x563.jpg 750w, http:\/\/recettes-gourmandes-de-joce.fr\/wp-content\/uploads\/2021\/05\/100-8339.jpg 800w\" sizes=\"auto, (max-width: 213px) 100vw, 213px\" \/> <img loading=\"lazy\" decoding=\"async\" class=\"alignnone wp-image-31140\" src=\"http:\/\/recettes-gourmandes-de-joce.fr\/wp-content\/uploads\/2021\/05\/100-8340-300x225.jpg\" alt=\"\" width=\"213\" height=\"160\" srcset=\"http:\/\/recettes-gourmandes-de-joce.fr\/wp-content\/uploads\/2021\/05\/100-8340-300x225.jpg 300w, http:\/\/recettes-gourmandes-de-joce.fr\/wp-content\/uploads\/2021\/05\/100-8340-768x576.jpg 768w, http:\/\/recettes-gourmandes-de-joce.fr\/wp-content\/uploads\/2021\/05\/100-8340-750x563.jpg 750w, http:\/\/recettes-gourmandes-de-joce.fr\/wp-content\/uploads\/2021\/05\/100-8340.jpg 800w\" sizes=\"auto, (max-width: 213px) 100vw, 213px\" \/> <img loading=\"lazy\" decoding=\"async\" class=\"alignnone wp-image-31141\" src=\"http:\/\/recettes-gourmandes-de-joce.fr\/wp-content\/uploads\/2021\/05\/100-8341-300x249.jpg\" alt=\"\" width=\"192\" height=\"160\" srcset=\"http:\/\/recettes-gourmandes-de-joce.fr\/wp-content\/uploads\/2021\/05\/100-8341-300x249.jpg 300w, http:\/\/recettes-gourmandes-de-joce.fr\/wp-content\/uploads\/2021\/05\/100-8341-768x638.jpg 768w, http:\/\/recettes-gourmandes-de-joce.fr\/wp-content\/uploads\/2021\/05\/100-8341-750x623.jpg 750w, http:\/\/recettes-gourmandes-de-joce.fr\/wp-content\/uploads\/2021\/05\/100-8341.jpg 800w\" sizes=\"auto, (max-width: 192px) 100vw, 192px\" \/><\/em><\/span><\/p>\n<p><span style=\"font-size: 14pt; font-family: georgia, palatino, serif; color: #000080;\"><em>Couper la t\u00eate des sardines et\u00a0<\/em><\/span><em style=\"color: #000080; font-family: georgia, palatino, serif; font-size: 18.6667px;\">les <\/em><em style=\"color: #000080; font-family: georgia, palatino, serif; font-size: 14pt;\">vider d\u00e9licatement, rincez l\u00e8s. Lever ensuite les filets. Avec un couteau souple et bien aiguis\u00e9, trancher au-dessus de l&rsquo;arr\u00eate centrale au niveau du dos et lever le filet en suivant l&rsquo;arr\u00eate, ensuite couper la queue et d\u00e9tacher d\u00e9licatement l&rsquo;arr\u00eate centrale en tirant dessus et en maintenant le filet avec le couteau voir les photos (technique valable pour de petites sardines).<\/em><\/p>\n<p><span style=\"font-size: 14pt; font-family: georgia, palatino, serif; color: #000080;\"><em><img loading=\"lazy\" decoding=\"async\" class=\"alignnone wp-image-31145\" src=\"http:\/\/recettes-gourmandes-de-joce.fr\/wp-content\/uploads\/2021\/05\/100-8345-300x225.jpg\" alt=\"\" width=\"213\" height=\"160\" srcset=\"http:\/\/recettes-gourmandes-de-joce.fr\/wp-content\/uploads\/2021\/05\/100-8345-300x225.jpg 300w, http:\/\/recettes-gourmandes-de-joce.fr\/wp-content\/uploads\/2021\/05\/100-8345-768x576.jpg 768w, http:\/\/recettes-gourmandes-de-joce.fr\/wp-content\/uploads\/2021\/05\/100-8345-750x563.jpg 750w, http:\/\/recettes-gourmandes-de-joce.fr\/wp-content\/uploads\/2021\/05\/100-8345.jpg 800w\" sizes=\"auto, (max-width: 213px) 100vw, 213px\" \/> <img loading=\"lazy\" decoding=\"async\" class=\"alignnone wp-image-30813\" src=\"http:\/\/recettes-gourmandes-de-joce.fr\/wp-content\/uploads\/2021\/05\/P5060251-300x217.jpg\" alt=\"\" width=\"221\" height=\"160\" srcset=\"http:\/\/recettes-gourmandes-de-joce.fr\/wp-content\/uploads\/2021\/05\/P5060251-300x217.jpg 300w, http:\/\/recettes-gourmandes-de-joce.fr\/wp-content\/uploads\/2021\/05\/P5060251-768x556.jpg 768w, http:\/\/recettes-gourmandes-de-joce.fr\/wp-content\/uploads\/2021\/05\/P5060251-750x543.jpg 750w, http:\/\/recettes-gourmandes-de-joce.fr\/wp-content\/uploads\/2021\/05\/P5060251.jpg 800w\" sizes=\"auto, (max-width: 221px) 100vw, 221px\" \/>\u00a0<img loading=\"lazy\" decoding=\"async\" class=\"alignnone wp-image-31142\" src=\"http:\/\/recettes-gourmandes-de-joce.fr\/wp-content\/uploads\/2021\/05\/100-8342-300x225.jpg\" alt=\"\" width=\"213\" height=\"160\" srcset=\"http:\/\/recettes-gourmandes-de-joce.fr\/wp-content\/uploads\/2021\/05\/100-8342-300x225.jpg 300w, http:\/\/recettes-gourmandes-de-joce.fr\/wp-content\/uploads\/2021\/05\/100-8342-768x576.jpg 768w, http:\/\/recettes-gourmandes-de-joce.fr\/wp-content\/uploads\/2021\/05\/100-8342-750x563.jpg 750w, http:\/\/recettes-gourmandes-de-joce.fr\/wp-content\/uploads\/2021\/05\/100-8342.jpg 800w\" sizes=\"auto, (max-width: 213px) 100vw, 213px\" \/><\/em><\/span><\/p>\n<p><span style=\"font-size: 14pt; font-family: georgia, palatino, serif; color: #000080;\"><em>D\u00e9poser les filets dans un\u00a0 plat. Laver et ciseler la ciboulette finement. Dans un saladier, m\u00e9langer les \u00e9pices, le piment, la ciboulette, le sel et le poivre.<\/em><\/span><\/p>\n<p><span style=\"font-size: 14pt; font-family: georgia, palatino, serif; color: #000080;\"><em><img loading=\"lazy\" decoding=\"async\" class=\"alignnone wp-image-31143\" src=\"http:\/\/recettes-gourmandes-de-joce.fr\/wp-content\/uploads\/2021\/05\/100-8343-300x225.jpg\" alt=\"\" width=\"213\" height=\"160\" srcset=\"http:\/\/recettes-gourmandes-de-joce.fr\/wp-content\/uploads\/2021\/05\/100-8343-300x225.jpg 300w, http:\/\/recettes-gourmandes-de-joce.fr\/wp-content\/uploads\/2021\/05\/100-8343-768x576.jpg 768w, http:\/\/recettes-gourmandes-de-joce.fr\/wp-content\/uploads\/2021\/05\/100-8343-750x563.jpg 750w, http:\/\/recettes-gourmandes-de-joce.fr\/wp-content\/uploads\/2021\/05\/100-8343.jpg 800w\" sizes=\"auto, (max-width: 213px) 100vw, 213px\" \/> <img loading=\"lazy\" decoding=\"async\" class=\"alignnone wp-image-31144\" src=\"http:\/\/recettes-gourmandes-de-joce.fr\/wp-content\/uploads\/2021\/05\/100-8344-300x225.jpg\" alt=\"\" width=\"213\" height=\"160\" srcset=\"http:\/\/recettes-gourmandes-de-joce.fr\/wp-content\/uploads\/2021\/05\/100-8344-300x225.jpg 300w, http:\/\/recettes-gourmandes-de-joce.fr\/wp-content\/uploads\/2021\/05\/100-8344-768x576.jpg 768w, http:\/\/recettes-gourmandes-de-joce.fr\/wp-content\/uploads\/2021\/05\/100-8344-750x563.jpg 750w, http:\/\/recettes-gourmandes-de-joce.fr\/wp-content\/uploads\/2021\/05\/100-8344.jpg 800w\" sizes=\"auto, (max-width: 213px) 100vw, 213px\" \/> <img loading=\"lazy\" decoding=\"async\" class=\"alignnone wp-image-31146\" src=\"http:\/\/recettes-gourmandes-de-joce.fr\/wp-content\/uploads\/2021\/05\/100-8346-300x219.jpg\" alt=\"\" width=\"220\" height=\"160\" srcset=\"http:\/\/recettes-gourmandes-de-joce.fr\/wp-content\/uploads\/2021\/05\/100-8346-300x219.jpg 300w, http:\/\/recettes-gourmandes-de-joce.fr\/wp-content\/uploads\/2021\/05\/100-8346-768x560.jpg 768w, http:\/\/recettes-gourmandes-de-joce.fr\/wp-content\/uploads\/2021\/05\/100-8346-750x547.jpg 750w, http:\/\/recettes-gourmandes-de-joce.fr\/wp-content\/uploads\/2021\/05\/100-8346.jpg 774w\" sizes=\"auto, (max-width: 220px) 100vw, 220px\" \/><\/em><\/span><\/p>\n<p><span style=\"font-size: 14pt; font-family: georgia, palatino, serif; color: #000080;\"><em>Ajouter 2 c \u00e0 s de vinaigre balsamique et 3 d&rsquo;huile d&rsquo;olive, m\u00e9langer, verser sur les filets de sardines.<\/em><\/span><\/p>\n<p><span style=\"font-size: 14pt; font-family: georgia, palatino, serif; color: #000080;\"><em><img loading=\"lazy\" decoding=\"async\" class=\"alignnone wp-image-31147\" src=\"http:\/\/recettes-gourmandes-de-joce.fr\/wp-content\/uploads\/2021\/05\/100-8347-300x221.jpg\" alt=\"\" width=\"218\" height=\"160\" srcset=\"http:\/\/recettes-gourmandes-de-joce.fr\/wp-content\/uploads\/2021\/05\/100-8347-300x221.jpg 300w, http:\/\/recettes-gourmandes-de-joce.fr\/wp-content\/uploads\/2021\/05\/100-8347-768x564.jpg 768w, http:\/\/recettes-gourmandes-de-joce.fr\/wp-content\/uploads\/2021\/05\/100-8347-750x551.jpg 750w, http:\/\/recettes-gourmandes-de-joce.fr\/wp-content\/uploads\/2021\/05\/100-8347.jpg 800w\" sizes=\"auto, (max-width: 218px) 100vw, 218px\" \/> <img loading=\"lazy\" decoding=\"async\" class=\"alignnone wp-image-31148\" src=\"http:\/\/recettes-gourmandes-de-joce.fr\/wp-content\/uploads\/2021\/05\/100-8348-300x210.jpg\" alt=\"\" width=\"229\" height=\"160\" srcset=\"http:\/\/recettes-gourmandes-de-joce.fr\/wp-content\/uploads\/2021\/05\/100-8348-300x210.jpg 300w, http:\/\/recettes-gourmandes-de-joce.fr\/wp-content\/uploads\/2021\/05\/100-8348-768x537.jpg 768w, http:\/\/recettes-gourmandes-de-joce.fr\/wp-content\/uploads\/2021\/05\/100-8348-750x525.jpg 750w, http:\/\/recettes-gourmandes-de-joce.fr\/wp-content\/uploads\/2021\/05\/100-8348.jpg 776w\" sizes=\"auto, (max-width: 229px) 100vw, 229px\" \/> <img loading=\"lazy\" decoding=\"async\" class=\"alignnone wp-image-31149\" src=\"http:\/\/recettes-gourmandes-de-joce.fr\/wp-content\/uploads\/2021\/05\/100-8349-300x225.jpg\" alt=\"\" width=\"213\" height=\"160\" srcset=\"http:\/\/recettes-gourmandes-de-joce.fr\/wp-content\/uploads\/2021\/05\/100-8349-300x225.jpg 300w, http:\/\/recettes-gourmandes-de-joce.fr\/wp-content\/uploads\/2021\/05\/100-8349-768x576.jpg 768w, http:\/\/recettes-gourmandes-de-joce.fr\/wp-content\/uploads\/2021\/05\/100-8349-750x563.jpg 750w, http:\/\/recettes-gourmandes-de-joce.fr\/wp-content\/uploads\/2021\/05\/100-8349.jpg 800w\" sizes=\"auto, (max-width: 213px) 100vw, 213px\" \/><\/em><\/span><\/p>\n<p><span style=\"font-size: 14pt; font-family: georgia, palatino, serif; color: #000080;\"><em>Laver et trancher finement les poivrons, les mettre dans un plat et ajouter 1 c \u00e0 s de ciboulette cisel\u00e9e, sel et poivre, 1 c \u00e0 s de vinaigre de vin, 3 c \u00e0 s d&rsquo;huile d&rsquo;olive, m\u00e9langer.<\/em><\/span><\/p>\n<p><span style=\"color: #000080;\"><img loading=\"lazy\" decoding=\"async\" class=\"alignnone wp-image-31150\" src=\"http:\/\/recettes-gourmandes-de-joce.fr\/wp-content\/uploads\/2021\/05\/100-8350-300x251.jpg\" alt=\"\" width=\"191\" height=\"160\" srcset=\"http:\/\/recettes-gourmandes-de-joce.fr\/wp-content\/uploads\/2021\/05\/100-8350-300x251.jpg 300w, http:\/\/recettes-gourmandes-de-joce.fr\/wp-content\/uploads\/2021\/05\/100-8350-768x642.jpg 768w, http:\/\/recettes-gourmandes-de-joce.fr\/wp-content\/uploads\/2021\/05\/100-8350-750x627.jpg 750w, http:\/\/recettes-gourmandes-de-joce.fr\/wp-content\/uploads\/2021\/05\/100-8350.jpg 800w\" sizes=\"auto, (max-width: 191px) 100vw, 191px\" \/><\/span><\/p>\n<\/div>\n<div class=\"clearfix\">\n<p><span style=\"font-size: 14pt; font-family: georgia, palatino, serif; color: #000080;\"><em>Entreposer les deux plats minimum 12h au r\u00e9frig\u00e9rateur. Les servir accompagn\u00e9s des pommes de terre coup\u00e9es en morceaux, d&rsquo;un peu de ciboulette cisel\u00e9e parsem\u00e9e au dernier moment et de piment d&rsquo;Espelette.<\/em><\/span><\/p>\n<p><span style=\"font-size: 14pt; font-family: georgia, palatino, serif; color: #000080;\"><em>Bon app\u00e9tit!<\/em><\/span><\/p>\n<p><span style=\"color: #000080;\"><img loading=\"lazy\" decoding=\"async\" class=\"alignnone wp-image-31135\" src=\"http:\/\/recettes-gourmandes-de-joce.fr\/wp-content\/uploads\/2021\/05\/100-8370-300x212.jpg\" alt=\"\" width=\"255\" height=\"180\" srcset=\"http:\/\/recettes-gourmandes-de-joce.fr\/wp-content\/uploads\/2021\/05\/100-8370-300x212.jpg 300w, http:\/\/recettes-gourmandes-de-joce.fr\/wp-content\/uploads\/2021\/05\/100-8370-768x541.jpg 768w, http:\/\/recettes-gourmandes-de-joce.fr\/wp-content\/uploads\/2021\/05\/100-8370-750x529.jpg 750w, http:\/\/recettes-gourmandes-de-joce.fr\/wp-content\/uploads\/2021\/05\/100-8370.jpg 800w\" sizes=\"auto, (max-width: 255px) 100vw, 255px\" \/> <img loading=\"lazy\" decoding=\"async\" class=\"alignnone wp-image-31131\" src=\"http:\/\/recettes-gourmandes-de-joce.fr\/wp-content\/uploads\/2021\/05\/100-8354-300x225.jpg\" alt=\"\" width=\"240\" height=\"180\" srcset=\"http:\/\/recettes-gourmandes-de-joce.fr\/wp-content\/uploads\/2021\/05\/100-8354-300x225.jpg 300w, http:\/\/recettes-gourmandes-de-joce.fr\/wp-content\/uploads\/2021\/05\/100-8354-768x576.jpg 768w, http:\/\/recettes-gourmandes-de-joce.fr\/wp-content\/uploads\/2021\/05\/100-8354-750x563.jpg 750w, http:\/\/recettes-gourmandes-de-joce.fr\/wp-content\/uploads\/2021\/05\/100-8354.jpg 800w\" sizes=\"auto, (max-width: 240px) 100vw, 240px\" \/> <img loading=\"lazy\" decoding=\"async\" class=\"alignnone wp-image-31134\" src=\"http:\/\/recettes-gourmandes-de-joce.fr\/wp-content\/uploads\/2021\/05\/100-8369-300x209.jpg\" alt=\"\" width=\"259\" height=\"180\" srcset=\"http:\/\/recettes-gourmandes-de-joce.fr\/wp-content\/uploads\/2021\/05\/100-8369-300x209.jpg 300w, http:\/\/recettes-gourmandes-de-joce.fr\/wp-content\/uploads\/2021\/05\/100-8369-768x535.jpg 768w, http:\/\/recettes-gourmandes-de-joce.fr\/wp-content\/uploads\/2021\/05\/100-8369-750x522.jpg 750w, http:\/\/recettes-gourmandes-de-joce.fr\/wp-content\/uploads\/2021\/05\/100-8369.jpg 800w\" sizes=\"auto, (max-width: 259px) 100vw, 259px\" \/><\/span><\/p>\n<p><span style=\"color: #000080;\"><img loading=\"lazy\" decoding=\"async\" class=\"alignnone wp-image-24317 size-full\" src=\"http:\/\/recettes-gourmandes-de-joce.fr\/wp-content\/uploads\/2020\/07\/logitech-gaming-software-14112014-121223.jpg\" alt=\"\" width=\"640\" height=\"144\" srcset=\"http:\/\/recettes-gourmandes-de-joce.fr\/wp-content\/uploads\/2020\/07\/logitech-gaming-software-14112014-121223.jpg 640w, http:\/\/recettes-gourmandes-de-joce.fr\/wp-content\/uploads\/2020\/07\/logitech-gaming-software-14112014-121223-300x68.jpg 300w\" sizes=\"auto, (max-width: 640px) 100vw, 640px\" \/><\/span><\/p>\n<\/div>\n<\/div>\n<\/div>\n<\/div>\n<\/div>\n<\/div>\n<div class=\"plugins\">\n<div id=\"comments-pages\" class=\"plugin plugin-comments\">\n<p style=\"text-align: left;\"><span style=\"font-size: 12pt; font-family: georgia, palatino, serif; color: #000000;\">Commentaires\u00a0<small>(2)<\/small><\/span><\/p>\n<div class=\"items-container\">\n<div class=\"item item-comment media\">\n<p class=\"pull-left\" style=\"text-align: left;\"><span style=\"font-size: 12pt; font-family: georgia, palatino, serif; color: #000000;\"><img decoding=\"async\" class=\"media-object\" src=\"https:\/\/www.gravatar.com\/avatar\/c9e815cca9cd917e034e6d1b9458c73e?d=http%3A%2F%2Frecettesgourmandesdejoce.e-monsite.com%2Fmedias%2Fstatic%2Fmanager%2Fim%2Favatar.png?s=50&amp;d=mm\" alt=\"Chrystell\" width=\"50\" \/><\/span><\/p>\n<div class=\"media-body\">\n<ul class=\"inline item-infos\" style=\"text-align: left;\">\n<li><span style=\"font-size: 12pt; font-family: georgia, palatino, serif; color: #000000;\"><span class=\"comment-number\">1.<\/span>\u00a0<span class=\"comment-author\">Chrystell<\/span>\u00a0<span class=\"comment-date\">| 15\/07\/2013<\/span><\/span><\/li>\n<\/ul>\n<p class=\"comment-content\" style=\"text-align: left;\"><span style=\"font-size: 12pt; font-family: georgia, palatino, serif; color: #000000;\">Recette sympa pour changer des classiques sardines grill\u00e9es !!<\/span><\/p>\n<p style=\"text-align: left;\"><span style=\"font-size: 12pt; font-family: georgia, palatino, serif; color: #000000;\">Petite question, il ne faut pas cuire les filets? Ils \u00a0\u00bb cuisent\u00a0\u00bb gr\u00e2ce \u00e0 la marinade?<\/span><\/p>\n<p style=\"text-align: left;\"><span style=\"font-size: 12pt; font-family: georgia, palatino, serif; color: #000000;\">Merci<\/span><\/p>\n<div class=\"item item-comment media by-webmaster\">\n<p class=\"pull-left\" style=\"text-align: left;\"><span style=\"font-size: 12pt; font-family: georgia, palatino, serif; color: #000000;\"><img decoding=\"async\" class=\"media-object\" src=\"http:\/\/recettesgourmandesdejoce.e-monsite.com\/medias\/static\/manager\/im\/avatar.png?fx=c_50_50\" alt=\"jocelyne debon\" width=\"50\" \/><\/span><\/p>\n<div class=\"media-body\">\n<ul class=\"inline item-infos\" style=\"text-align: left;\">\n<li><span style=\"font-size: 12pt; font-family: georgia, palatino, serif; color: #000000;\"><span class=\"comment-author\">jocelyne debon<\/span>\u00a0<span class=\"comment-date\">| 15\/07\/2013<\/span><\/span><\/li>\n<\/ul>\n<p class=\"comment-content\" style=\"text-align: left;\"><span style=\"font-size: 12pt; font-family: georgia, palatino, serif; color: #000000;\">Bonsoir, Oui ils cuisent gr\u00e2ce \u00e0 la marinade \ud83d\ude42 Bonne soir\u00e9e Amicalement Joce<\/span><\/p>\n<\/div>\n<\/div>\n<\/div>\n<\/div>\n<\/div>\n<\/div>\n<\/div>\n","protected":false},"excerpt":{"rendered":"<p>Une recette revue \u00e0 ma fa\u00e7on d&rsquo;Erwan Garel Cuisinier Ingr\u00e9dients pour 4 personnes 15 petites sardines de m\u00e9diterran\u00e9e 1\/3\u00a0de poivron jaune, vert et rouge 1 bouquet de ciboulette 2 pommes de terre cuites \u00e0 l&rsquo;eau 1 c \u00e0 s rase d&rsquo;\u00e9pices pour poisson 1 c \u00e0 c rase de piment d&rsquo;Espelette Sel et poivre Huile &hellip; <\/p>\n<p><a class=\"more-link btn\" href=\"http:\/\/recettes-gourmandes-de-joce.fr\/index.php\/index\/poissons-coquillages\/filets-paves\/filets-de-sardines-marinees-aux-poivrons-et-piment-despelette\/\">Lire la suite<\/a><\/p>\n","protected":false},"author":2,"featured_media":85573,"parent":189,"menu_order":0,"comment_status":"open","ping_status":"closed","template":"","meta":{"footnotes":""},"class_list":["post-31210","page","type-page","status-publish","has-post-thumbnail","hentry","nodate","item-wrap"],"_links":{"self":[{"href":"http:\/\/recettes-gourmandes-de-joce.fr\/index.php\/wp-json\/wp\/v2\/pages\/31210","targetHints":{"allow":["GET"]}}],"collection":[{"href":"http:\/\/recettes-gourmandes-de-joce.fr\/index.php\/wp-json\/wp\/v2\/pages"}],"about":[{"href":"http:\/\/recettes-gourmandes-de-joce.fr\/index.php\/wp-json\/wp\/v2\/types\/page"}],"author":[{"embeddable":true,"href":"http:\/\/recettes-gourmandes-de-joce.fr\/index.php\/wp-json\/wp\/v2\/users\/2"}],"replies":[{"embeddable":true,"href":"http:\/\/recettes-gourmandes-de-joce.fr\/index.php\/wp-json\/wp\/v2\/comments?post=31210"}],"version-history":[{"count":4,"href":"http:\/\/recettes-gourmandes-de-joce.fr\/index.php\/wp-json\/wp\/v2\/pages\/31210\/revisions"}],"predecessor-version":[{"id":85575,"href":"http:\/\/recettes-gourmandes-de-joce.fr\/index.php\/wp-json\/wp\/v2\/pages\/31210\/revisions\/85575"}],"up":[{"embeddable":true,"href":"http:\/\/recettes-gourmandes-de-joce.fr\/index.php\/wp-json\/wp\/v2\/pages\/189"}],"wp:featuredmedia":[{"embeddable":true,"href":"http:\/\/recettes-gourmandes-de-joce.fr\/index.php\/wp-json\/wp\/v2\/media\/85573"}],"wp:attachment":[{"href":"http:\/\/recettes-gourmandes-de-joce.fr\/index.php\/wp-json\/wp\/v2\/media?parent=31210"}],"curies":[{"name":"wp","href":"https:\/\/api.w.org\/{rel}","templated":true}]}}