{"id":31104,"date":"2021-05-07T13:54:29","date_gmt":"2021-05-07T13:54:29","guid":{"rendered":"http:\/\/recettes-gourmandes-de-joce.fr\/?page_id=31104"},"modified":"2025-03-28T12:39:30","modified_gmt":"2025-03-28T12:39:30","slug":"omelette-poivrons-lardons-fumes-et-tomates","status":"publish","type":"page","link":"http:\/\/recettes-gourmandes-de-joce.fr\/index.php\/index\/oeufs-fromages-yaourts-laitages\/oeufs\/omelette-poivrons-lardons-fumes-et-tomates\/","title":{"rendered":"Omelette poivrons, lardons fum\u00e9s et tomates."},"content":{"rendered":"<p style=\"text-align: center;\"><span style=\"text-decoration: underline; color: #ff6600;\"><span style=\"font-size: 18pt; font-family: georgia, palatino, serif;\"><em>Une de mes recettes<\/em><\/span><\/span><\/p>\n<p style=\"text-align: center;\"><span style=\"font-size: 14pt; font-family: georgia, palatino, serif; color: #ff6600;\"><em>\u00a0 \u00a0<\/em>\u00a0<img loading=\"lazy\" decoding=\"async\" class=\"alignnone wp-image-31108\" style=\"font-family: Lato, sans-serif; font-size: 16px;\" src=\"http:\/\/recettes-gourmandes-de-joce.fr\/wp-content\/uploads\/2021\/05\/omelette_poivrons_lardons_fumes_tomates_011-300x221.jpg\" alt=\"\" width=\"244\" height=\"180\" srcset=\"http:\/\/recettes-gourmandes-de-joce.fr\/wp-content\/uploads\/2021\/05\/omelette_poivrons_lardons_fumes_tomates_011-300x221.jpg 300w, http:\/\/recettes-gourmandes-de-joce.fr\/wp-content\/uploads\/2021\/05\/omelette_poivrons_lardons_fumes_tomates_011.jpg 548w\" sizes=\"auto, (max-width: 244px) 100vw, 244px\" \/> <em><img loading=\"lazy\" decoding=\"async\" class=\"alignnone wp-image-31109\" src=\"http:\/\/recettes-gourmandes-de-joce.fr\/wp-content\/uploads\/2021\/05\/omelette_poivrons_lardons_fumes_tomates_012-300x225.jpg\" alt=\"\" width=\"240\" height=\"180\" srcset=\"http:\/\/recettes-gourmandes-de-joce.fr\/wp-content\/uploads\/2021\/05\/omelette_poivrons_lardons_fumes_tomates_012-300x225.jpg 300w, http:\/\/recettes-gourmandes-de-joce.fr\/wp-content\/uploads\/2021\/05\/omelette_poivrons_lardons_fumes_tomates_012.jpg 550w\" sizes=\"auto, (max-width: 240px) 100vw, 240px\" \/><\/em><img loading=\"lazy\" decoding=\"async\" class=\"alignnone wp-image-31114\" style=\"font-family: Lato, sans-serif; font-size: 16px;\" src=\"http:\/\/recettes-gourmandes-de-joce.fr\/wp-content\/uploads\/2021\/05\/omelette_poivrons_lardons_fumes_tomates_011-001-300x153.jpg\" alt=\"\" width=\"354\" height=\"180\" srcset=\"http:\/\/recettes-gourmandes-de-joce.fr\/wp-content\/uploads\/2021\/05\/omelette_poivrons_lardons_fumes_tomates_011-001-300x153.jpg 300w, http:\/\/recettes-gourmandes-de-joce.fr\/wp-content\/uploads\/2021\/05\/omelette_poivrons_lardons_fumes_tomates_011-001.jpg 550w\" sizes=\"auto, (max-width: 354px) 100vw, 354px\" \/><\/span><\/p>\n<p style=\"text-align: center;\"><span style=\"text-decoration: underline; color: #ff6600;\"><span style=\"font-size: 18pt; font-family: georgia, palatino, serif;\"><em>Ingr\u00e9dients pour 2 personnes<\/em><\/span><\/span><\/p>\n<p style=\"text-align: center;\"><span style=\"font-size: 14pt; font-family: georgia, palatino, serif; color: #ff6600;\"><em><img loading=\"lazy\" decoding=\"async\" class=\"alignnone wp-image-31110\" src=\"http:\/\/recettes-gourmandes-de-joce.fr\/wp-content\/uploads\/2021\/05\/omelette_poivrons_lardons_fumes_tomates_001-219x300.jpg\" alt=\"\" width=\"146\" height=\"200\" srcset=\"http:\/\/recettes-gourmandes-de-joce.fr\/wp-content\/uploads\/2021\/05\/omelette_poivrons_lardons_fumes_tomates_001-219x300.jpg 219w, http:\/\/recettes-gourmandes-de-joce.fr\/wp-content\/uploads\/2021\/05\/omelette_poivrons_lardons_fumes_tomates_001.jpg 364w\" sizes=\"auto, (max-width: 146px) 100vw, 146px\" \/>\u00a0<\/em><\/span><\/p>\n<p style=\"text-align: center;\"><span style=\"color: #ff6600;\"><span style=\"font-size: 14pt; font-family: georgia, palatino, serif;\"><em>6\u00a0<\/em><\/span><span style=\"font-family: georgia, palatino, serif;\"><span style=\"font-size: 18.6667px;\"><i>\u0153ufs<\/i><\/span><\/span><\/span><\/p>\n<p style=\"text-align: center;\"><span style=\"font-size: 14pt; font-family: georgia, palatino, serif; color: #ff6600;\"><em>1 \u00e9chalote<\/em><\/span><\/p>\n<p style=\"text-align: center;\"><span style=\"font-size: 14pt; font-family: georgia, palatino, serif; color: #ff6600;\"><em>1 tomate<\/em><\/span><\/p>\n<p style=\"text-align: center;\"><span style=\"font-size: 14pt; font-family: georgia, palatino, serif; color: #ff6600;\"><em>\u00bd poivron<\/em><\/span><\/p>\n<p style=\"text-align: center;\"><span style=\"font-size: 14pt; font-family: georgia, palatino, serif; color: #ff6600;\"><em>100 g de lardons fum\u00e9s<\/em><\/span><\/p>\n<p style=\"text-align: center;\"><span style=\"font-size: 14pt; font-family: georgia, palatino, serif; color: #ff6600;\"><em>1 morceau de beurre<\/em><\/span><\/p>\n<p style=\"text-align: center;\"><span style=\"font-size: 14pt; font-family: georgia, palatino, serif; color: #ff6600;\"><em>1 c \u00e0 s d&rsquo;huile d&rsquo;olive<\/em><\/span><\/p>\n<p style=\"text-align: center;\"><span style=\"font-size: 14pt; font-family: georgia, palatino, serif; color: #ff6600;\"><em>Sel et poivre<\/em><\/span><\/p>\n<p style=\"text-align: center;\"><span style=\"font-size: 14pt; font-family: georgia, palatino, serif; color: #ff6600;\"><img loading=\"lazy\" decoding=\"async\" class=\"alignnone wp-image-31111\" src=\"http:\/\/recettes-gourmandes-de-joce.fr\/wp-content\/uploads\/2021\/05\/omelette_poivrons_lardons_fumes_tomates_002-225x300.jpg\" alt=\"\" width=\"120\" height=\"160\" srcset=\"http:\/\/recettes-gourmandes-de-joce.fr\/wp-content\/uploads\/2021\/05\/omelette_poivrons_lardons_fumes_tomates_002-225x300.jpg 225w, http:\/\/recettes-gourmandes-de-joce.fr\/wp-content\/uploads\/2021\/05\/omelette_poivrons_lardons_fumes_tomates_002.jpg 412w\" sizes=\"auto, (max-width: 120px) 100vw, 120px\" \/> <img loading=\"lazy\" decoding=\"async\" class=\"alignnone wp-image-30766\" src=\"http:\/\/recettes-gourmandes-de-joce.fr\/wp-content\/uploads\/2021\/05\/p6110568-1-300x222.jpg\" alt=\"\" width=\"217\" height=\"160\" srcset=\"http:\/\/recettes-gourmandes-de-joce.fr\/wp-content\/uploads\/2021\/05\/p6110568-1-300x222.jpg 300w, http:\/\/recettes-gourmandes-de-joce.fr\/wp-content\/uploads\/2021\/05\/p6110568-1.jpg 670w\" sizes=\"auto, (max-width: 217px) 100vw, 217px\" \/> <img loading=\"lazy\" decoding=\"async\" class=\"alignnone wp-image-30706\" src=\"http:\/\/recettes-gourmandes-de-joce.fr\/wp-content\/uploads\/2021\/05\/p8061606-2-300x222.jpg\" alt=\"\" width=\"216\" height=\"160\" srcset=\"http:\/\/recettes-gourmandes-de-joce.fr\/wp-content\/uploads\/2021\/05\/p8061606-2-300x222.jpg 300w, http:\/\/recettes-gourmandes-de-joce.fr\/wp-content\/uploads\/2021\/05\/p8061606-2.jpg 720w\" sizes=\"auto, (max-width: 216px) 100vw, 216px\" \/><\/span><\/p>\n<p style=\"text-align: center;\"><span style=\"color: #ff6600;\"><em><span style=\"font-family: georgia, palatino, serif;\"><span style=\"font-size: 14pt;\">Casser les <\/span><span style=\"font-size: 18.6667px;\">\u0153ufs,<\/span><\/span><\/em><em style=\"font-family: georgia, palatino, serif; font-size: 14pt;\">\u00a0les mettre dans un shaker ou dans un\u00a0<\/em><em style=\"font-family: georgia, palatino, serif; font-size: 14pt;\">saladier.\u00a0<\/em><em style=\"font-family: georgia, palatino, serif; font-size: 14pt;\">Les saler, poivrer, fermer le shaker et agiter\u00a0<\/em><em style=\"font-family: georgia, palatino, serif; font-size: 14pt;\">ou battre \u00e0 la fourchette dans le saladier.\u00a0<\/em><em style=\"font-family: georgia, palatino, serif; font-size: 14pt;\">Laver le poivron et la tomate et les couper en petits d\u00e9s. <\/em><em style=\"font-family: georgia, palatino, serif; font-size: 18.6667px;\">Peler et \u00e9mincer l&rsquo;\u00e9chalote.<\/em><\/span><\/p>\n<p style=\"text-align: center;\"><span style=\"color: #ff6600;\"><img loading=\"lazy\" decoding=\"async\" class=\"alignnone wp-image-31115\" src=\"http:\/\/recettes-gourmandes-de-joce.fr\/wp-content\/uploads\/2021\/05\/p7050552-300x211.jpg\" alt=\"\" width=\"227\" height=\"160\" srcset=\"http:\/\/recettes-gourmandes-de-joce.fr\/wp-content\/uploads\/2021\/05\/p7050552-300x211.jpg 300w, http:\/\/recettes-gourmandes-de-joce.fr\/wp-content\/uploads\/2021\/05\/p7050552-768x541.jpg 768w, http:\/\/recettes-gourmandes-de-joce.fr\/wp-content\/uploads\/2021\/05\/p7050552-750x529.jpg 750w, http:\/\/recettes-gourmandes-de-joce.fr\/wp-content\/uploads\/2021\/05\/p7050552.jpg 796w\" sizes=\"auto, (max-width: 227px) 100vw, 227px\" \/> <img loading=\"lazy\" decoding=\"async\" class=\"alignnone wp-image-31112\" src=\"http:\/\/recettes-gourmandes-de-joce.fr\/wp-content\/uploads\/2021\/05\/omelette_poivrons_lardons_fumes_tomates_006-300x211.jpg\" alt=\"\" width=\"228\" height=\"160\" srcset=\"http:\/\/recettes-gourmandes-de-joce.fr\/wp-content\/uploads\/2021\/05\/omelette_poivrons_lardons_fumes_tomates_006-300x211.jpg 300w, http:\/\/recettes-gourmandes-de-joce.fr\/wp-content\/uploads\/2021\/05\/omelette_poivrons_lardons_fumes_tomates_006.jpg 546w\" sizes=\"auto, (max-width: 228px) 100vw, 228px\" \/> <img loading=\"lazy\" decoding=\"async\" class=\"alignnone wp-image-31113\" src=\"http:\/\/recettes-gourmandes-de-joce.fr\/wp-content\/uploads\/2021\/05\/omelette_poivrons_lardons_fumes_tomates_007-300x234.jpg\" alt=\"\" width=\"206\" height=\"160\" srcset=\"http:\/\/recettes-gourmandes-de-joce.fr\/wp-content\/uploads\/2021\/05\/omelette_poivrons_lardons_fumes_tomates_007-300x234.jpg 300w, http:\/\/recettes-gourmandes-de-joce.fr\/wp-content\/uploads\/2021\/05\/omelette_poivrons_lardons_fumes_tomates_007.jpg 546w\" sizes=\"auto, (max-width: 206px) 100vw, 206px\" \/><\/span><\/p>\n<p style=\"text-align: center;\"><span style=\"font-size: 14pt; font-family: georgia, palatino, serif; color: #ff6600;\"><em>\u00a0<\/em><em>Dans une po\u00eale anti adh\u00e9sive, mettre le beurre <\/em><em>\u00e0 chauffer, y mettre \u00e0 suer les \u00e9chalote, ajouter ensuite\u00a0<\/em><em>les tomates, poivrons et lardons, laisser suer quelques minutes\u00a0<\/em><em>sans coloration.\u00a0<\/em><\/span><\/p>\n<p style=\"text-align: center;\"><span style=\"color: #ff6600;\"><img loading=\"lazy\" decoding=\"async\" class=\"alignnone wp-image-31105\" src=\"http:\/\/recettes-gourmandes-de-joce.fr\/wp-content\/uploads\/2021\/05\/omelette_poivrons_lardons_fumes_tomates_008-300x216.jpg\" alt=\"\" width=\"223\" height=\"160\" srcset=\"http:\/\/recettes-gourmandes-de-joce.fr\/wp-content\/uploads\/2021\/05\/omelette_poivrons_lardons_fumes_tomates_008-300x216.jpg 300w, http:\/\/recettes-gourmandes-de-joce.fr\/wp-content\/uploads\/2021\/05\/omelette_poivrons_lardons_fumes_tomates_008.jpg 537w\" sizes=\"auto, (max-width: 223px) 100vw, 223px\" \/> <img loading=\"lazy\" decoding=\"async\" class=\"alignnone wp-image-31106\" src=\"http:\/\/recettes-gourmandes-de-joce.fr\/wp-content\/uploads\/2021\/05\/omelette_poivrons_lardons_fumes_tomates_009-300x215.jpg\" alt=\"\" width=\"223\" height=\"160\" srcset=\"http:\/\/recettes-gourmandes-de-joce.fr\/wp-content\/uploads\/2021\/05\/omelette_poivrons_lardons_fumes_tomates_009-300x215.jpg 300w, http:\/\/recettes-gourmandes-de-joce.fr\/wp-content\/uploads\/2021\/05\/omelette_poivrons_lardons_fumes_tomates_009.jpg 535w\" sizes=\"auto, (max-width: 223px) 100vw, 223px\" \/> <img loading=\"lazy\" decoding=\"async\" class=\"alignnone wp-image-31107\" src=\"http:\/\/recettes-gourmandes-de-joce.fr\/wp-content\/uploads\/2021\/05\/omelette_poivrons_lardons_fumes_tomates_010-300x215.jpg\" alt=\"\" width=\"223\" height=\"160\" srcset=\"http:\/\/recettes-gourmandes-de-joce.fr\/wp-content\/uploads\/2021\/05\/omelette_poivrons_lardons_fumes_tomates_010-300x215.jpg 300w, http:\/\/recettes-gourmandes-de-joce.fr\/wp-content\/uploads\/2021\/05\/omelette_poivrons_lardons_fumes_tomates_010.jpg 535w\" sizes=\"auto, (max-width: 223px) 100vw, 223px\" \/><\/span><\/p>\n<p style=\"text-align: center;\"><span style=\"color: #ff6600;\"><em><span style=\"font-family: georgia, palatino, serif;\"><span style=\"font-size: 14pt;\">Verser ensuite les <\/span><span style=\"font-size: 18.6667px;\">\u0153ufs<\/span><span style=\"font-size: 14pt;\"> dessus.\u00a0<\/span><\/span><\/em><em style=\"font-family: georgia, palatino, serif; font-size: 14pt;\">Faire cuire \u00e0 feux moyen en ramenant les bords vers le centre.\u00a0<\/em><em style=\"font-family: georgia, palatino, serif; font-size: 14pt;\">Lorsque votre omelette a le degr\u00e9 de cuisson d\u00e9sir\u00e9e\u00a0<\/em><em style=\"font-family: georgia, palatino, serif; font-size: 14pt;\">baveuse ou plus cuite faite la glisser dans l&rsquo;assiette et la pliant <\/em><em style=\"font-family: georgia, palatino, serif; font-size: 14pt;\">en deux, d\u00e9guster sans attendre.<\/em><\/span><\/p>\n<p style=\"text-align: center;\"><img loading=\"lazy\" decoding=\"async\" class=\"alignnone wp-image-21380\" src=\"http:\/\/recettes-gourmandes-de-joce.fr\/wp-content\/uploads\/2020\/04\/20200429_173605-300x225.jpg\" alt=\"\" width=\"226\" height=\"170\" srcset=\"http:\/\/recettes-gourmandes-de-joce.fr\/wp-content\/uploads\/2020\/04\/20200429_173605-300x225.jpg 300w, http:\/\/recettes-gourmandes-de-joce.fr\/wp-content\/uploads\/2020\/04\/20200429_173605-768x577.jpg 768w, http:\/\/recettes-gourmandes-de-joce.fr\/wp-content\/uploads\/2020\/04\/20200429_173605.jpg 800w\" sizes=\"auto, (max-width: 226px) 100vw, 226px\" \/><\/p>\n<p style=\"text-align: center;\"><span style=\"font-size: 14pt; font-family: georgia, palatino, serif; color: #ff6600;\">\u00a0<em>Un repas l\u00e9ger avec une salade verte le soir.\u00a0<\/em><em>Vous pouvez ajouter un filet de vinaigre de vin sur votre omelette\u00a0<\/em><em>dans votre assiette si vous aimez!<\/em><\/span><\/p>\n<p style=\"text-align: center;\"><span style=\"font-size: 14pt; font-family: georgia, palatino, serif; color: #ff6600;\"><em>Bon app\u00e9tit!<\/em><\/span><\/p>\n<p style=\"text-align: center;\"><span style=\"color: #ff6600;\"><img loading=\"lazy\" decoding=\"async\" class=\"alignnone wp-image-31114\" src=\"http:\/\/recettes-gourmandes-de-joce.fr\/wp-content\/uploads\/2021\/05\/omelette_poivrons_lardons_fumes_tomates_011-001-300x153.jpg\" alt=\"\" width=\"354\" height=\"180\" srcset=\"http:\/\/recettes-gourmandes-de-joce.fr\/wp-content\/uploads\/2021\/05\/omelette_poivrons_lardons_fumes_tomates_011-001-300x153.jpg 300w, http:\/\/recettes-gourmandes-de-joce.fr\/wp-content\/uploads\/2021\/05\/omelette_poivrons_lardons_fumes_tomates_011-001.jpg 550w\" sizes=\"auto, (max-width: 354px) 100vw, 354px\" \/><\/span><\/p>\n<p style=\"text-align: center;\"><span style=\"color: #ff6600;\">\u00a0<img loading=\"lazy\" decoding=\"async\" class=\"alignnone wp-image-31108\" src=\"http:\/\/recettes-gourmandes-de-joce.fr\/wp-content\/uploads\/2021\/05\/omelette_poivrons_lardons_fumes_tomates_011-300x221.jpg\" alt=\"\" width=\"244\" height=\"180\" srcset=\"http:\/\/recettes-gourmandes-de-joce.fr\/wp-content\/uploads\/2021\/05\/omelette_poivrons_lardons_fumes_tomates_011-300x221.jpg 300w, http:\/\/recettes-gourmandes-de-joce.fr\/wp-content\/uploads\/2021\/05\/omelette_poivrons_lardons_fumes_tomates_011.jpg 548w\" sizes=\"auto, (max-width: 244px) 100vw, 244px\" \/> <img loading=\"lazy\" decoding=\"async\" class=\"alignnone wp-image-31109\" src=\"http:\/\/recettes-gourmandes-de-joce.fr\/wp-content\/uploads\/2021\/05\/omelette_poivrons_lardons_fumes_tomates_012-300x225.jpg\" alt=\"\" width=\"240\" height=\"180\" srcset=\"http:\/\/recettes-gourmandes-de-joce.fr\/wp-content\/uploads\/2021\/05\/omelette_poivrons_lardons_fumes_tomates_012-300x225.jpg 300w, http:\/\/recettes-gourmandes-de-joce.fr\/wp-content\/uploads\/2021\/05\/omelette_poivrons_lardons_fumes_tomates_012.jpg 550w\" sizes=\"auto, (max-width: 240px) 100vw, 240px\" \/><\/span><\/p>\n<p style=\"text-align: center;\"><span style=\"color: #ff6600;\"><img loading=\"lazy\" decoding=\"async\" class=\"alignnone wp-image-24317 size-full\" src=\"http:\/\/recettes-gourmandes-de-joce.fr\/wp-content\/uploads\/2020\/07\/logitech-gaming-software-14112014-121223.jpg\" alt=\"\" width=\"640\" height=\"144\" srcset=\"http:\/\/recettes-gourmandes-de-joce.fr\/wp-content\/uploads\/2020\/07\/logitech-gaming-software-14112014-121223.jpg 640w, http:\/\/recettes-gourmandes-de-joce.fr\/wp-content\/uploads\/2020\/07\/logitech-gaming-software-14112014-121223-300x68.jpg 300w\" sizes=\"auto, (max-width: 640px) 100vw, 640px\" \/><\/span><\/p>\n","protected":false},"excerpt":{"rendered":"<p>Une de mes recettes \u00a0 \u00a0\u00a0 Ingr\u00e9dients pour 2 personnes \u00a0 6\u00a0\u0153ufs 1 \u00e9chalote 1 tomate \u00bd poivron 100 g de lardons fum\u00e9s 1 morceau de beurre 1 c \u00e0 s d&rsquo;huile d&rsquo;olive Sel et poivre Casser les \u0153ufs,\u00a0les mettre dans un shaker ou dans un\u00a0saladier.\u00a0Les saler, poivrer, fermer le shaker et agiter\u00a0ou battre \u00e0 &hellip; <\/p>\n<p><a class=\"more-link btn\" href=\"http:\/\/recettes-gourmandes-de-joce.fr\/index.php\/index\/oeufs-fromages-yaourts-laitages\/oeufs\/omelette-poivrons-lardons-fumes-et-tomates\/\">Lire la suite<\/a><\/p>\n","protected":false},"author":2,"featured_media":86834,"parent":239,"menu_order":0,"comment_status":"open","ping_status":"closed","template":"","meta":{"footnotes":""},"class_list":["post-31104","page","type-page","status-publish","has-post-thumbnail","hentry","nodate","item-wrap"],"_links":{"self":[{"href":"http:\/\/recettes-gourmandes-de-joce.fr\/index.php\/wp-json\/wp\/v2\/pages\/31104","targetHints":{"allow":["GET"]}}],"collection":[{"href":"http:\/\/recettes-gourmandes-de-joce.fr\/index.php\/wp-json\/wp\/v2\/pages"}],"about":[{"href":"http:\/\/recettes-gourmandes-de-joce.fr\/index.php\/wp-json\/wp\/v2\/types\/page"}],"author":[{"embeddable":true,"href":"http:\/\/recettes-gourmandes-de-joce.fr\/index.php\/wp-json\/wp\/v2\/users\/2"}],"replies":[{"embeddable":true,"href":"http:\/\/recettes-gourmandes-de-joce.fr\/index.php\/wp-json\/wp\/v2\/comments?post=31104"}],"version-history":[{"count":4,"href":"http:\/\/recettes-gourmandes-de-joce.fr\/index.php\/wp-json\/wp\/v2\/pages\/31104\/revisions"}],"predecessor-version":[{"id":94136,"href":"http:\/\/recettes-gourmandes-de-joce.fr\/index.php\/wp-json\/wp\/v2\/pages\/31104\/revisions\/94136"}],"up":[{"embeddable":true,"href":"http:\/\/recettes-gourmandes-de-joce.fr\/index.php\/wp-json\/wp\/v2\/pages\/239"}],"wp:featuredmedia":[{"embeddable":true,"href":"http:\/\/recettes-gourmandes-de-joce.fr\/index.php\/wp-json\/wp\/v2\/media\/86834"}],"wp:attachment":[{"href":"http:\/\/recettes-gourmandes-de-joce.fr\/index.php\/wp-json\/wp\/v2\/media?parent=31104"}],"curies":[{"name":"wp","href":"https:\/\/api.w.org\/{rel}","templated":true}]}}