{"id":3102,"date":"2019-10-05T13:26:46","date_gmt":"2019-10-05T13:26:46","guid":{"rendered":"http:\/\/recettes-gourmandes-de-joce.fr\/?page_id=3102"},"modified":"2024-05-12T13:47:48","modified_gmt":"2024-05-12T13:47:48","slug":"confit-de-canard","status":"publish","type":"page","link":"http:\/\/recettes-gourmandes-de-joce.fr\/index.php\/index\/conserves-paniers-gourmands\/confitures\/confit-de-canard\/","title":{"rendered":"Confit de canard."},"content":{"rendered":"<p style=\"text-align: center;\"><span style=\"color: #8b4513; font-size: 18pt;\"><em><u><span style=\"font-family: Georgia;\">Une de mes recettes<\/span><\/u><\/em><\/span><\/p>\n<p style=\"text-align: center;\"><span style=\"font-size: 18pt;\"><span style=\"color: #8b4513;\"><img loading=\"lazy\" decoding=\"async\" class=\"alignnone wp-image-79707\" src=\"http:\/\/recettes-gourmandes-de-joce.fr\/wp-content\/uploads\/2024\/05\/confit-canard9.jpg\" alt=\"\" width=\"267\" height=\"200\" srcset=\"http:\/\/recettes-gourmandes-de-joce.fr\/wp-content\/uploads\/2024\/05\/confit-canard9.jpg 1024w, http:\/\/recettes-gourmandes-de-joce.fr\/wp-content\/uploads\/2024\/05\/confit-canard9-768x576.jpg 768w, http:\/\/recettes-gourmandes-de-joce.fr\/wp-content\/uploads\/2024\/05\/confit-canard9-750x563.jpg 750w\" sizes=\"auto, (max-width: 267px) 100vw, 267px\" \/><\/span><\/span><\/p>\n<p style=\"text-align: center;\"><span style=\"color: #8b4513; font-size: 18pt;\"><span style=\"font-family: georgia,serif;\"><u><em>Ingr\u00e9dients Pour 2 cuisses et deux ailes<\/em><\/u><\/span><\/span><\/p>\n<p><img loading=\"lazy\" decoding=\"async\" class=\"wp-image-79700 aligncenter\" src=\"http:\/\/recettes-gourmandes-de-joce.fr\/wp-content\/uploads\/2024\/05\/confit-canard2.jpg\" alt=\"\" width=\"240\" height=\"200\" srcset=\"http:\/\/recettes-gourmandes-de-joce.fr\/wp-content\/uploads\/2024\/05\/confit-canard2.jpg 1024w, http:\/\/recettes-gourmandes-de-joce.fr\/wp-content\/uploads\/2024\/05\/confit-canard2-768x641.jpg 768w, http:\/\/recettes-gourmandes-de-joce.fr\/wp-content\/uploads\/2024\/05\/confit-canard2-750x626.jpg 750w\" sizes=\"auto, (max-width: 240px) 100vw, 240px\" \/><\/p>\n<p style=\"text-align: center;\"><span style=\"color: #8b4513; font-size: 14pt;\"><span style=\"font-family: georgia,serif;\"><em>2 cuisses de canard gras<\/em><\/span><\/span><\/p>\n<p style=\"text-align: center;\"><span style=\"color: #8b4513; font-size: 14pt;\"><span style=\"font-family: georgia,serif;\"><em>2 ailes de canard gras<\/em><\/span><\/span><\/p>\n<p style=\"text-align: center;\"><span style=\"color: #8b4513; font-size: 14pt;\"><span style=\"font-family: georgia,serif;\"><em>2 bocaux de graisse de canard<\/em><\/span><\/span><\/p>\n<p style=\"text-align: center;\"><span style=\"color: #8b4513; font-size: 14pt;\"><span style=\"font-family: georgia,serif;\"><em>2 gousses d&rsquo;ail<\/em><\/span><\/span><\/p>\n<p style=\"text-align: center;\"><span style=\"color: #8b4513; font-size: 14pt;\"><span style=\"font-family: georgia,serif;\"><em>1 petit bouquet de thym<\/em><\/span><\/span><\/p>\n<p style=\"text-align: center;\"><span style=\"color: #8b4513; font-size: 14pt;\"><span style=\"font-family: georgia,serif;\"><em>Sel et poivre<\/em><\/span><\/span><\/p>\n<p style=\"text-align: center;\"><img loading=\"lazy\" decoding=\"async\" class=\"alignnone wp-image-79701\" src=\"http:\/\/recettes-gourmandes-de-joce.fr\/wp-content\/uploads\/2024\/05\/confit-canard3.jpg\" alt=\"\" width=\"192\" height=\"170\" srcset=\"http:\/\/recettes-gourmandes-de-joce.fr\/wp-content\/uploads\/2024\/05\/confit-canard3.jpg 1024w, http:\/\/recettes-gourmandes-de-joce.fr\/wp-content\/uploads\/2024\/05\/confit-canard3-768x680.jpg 768w, http:\/\/recettes-gourmandes-de-joce.fr\/wp-content\/uploads\/2024\/05\/confit-canard3-750x664.jpg 750w\" sizes=\"auto, (max-width: 192px) 100vw, 192px\" \/> <img loading=\"lazy\" decoding=\"async\" class=\"alignnone wp-image-79702\" src=\"http:\/\/recettes-gourmandes-de-joce.fr\/wp-content\/uploads\/2024\/05\/confit-canard4.jpg\" alt=\"\" width=\"227\" height=\"170\" srcset=\"http:\/\/recettes-gourmandes-de-joce.fr\/wp-content\/uploads\/2024\/05\/confit-canard4.jpg 1024w, http:\/\/recettes-gourmandes-de-joce.fr\/wp-content\/uploads\/2024\/05\/confit-canard4-768x576.jpg 768w, http:\/\/recettes-gourmandes-de-joce.fr\/wp-content\/uploads\/2024\/05\/confit-canard4-750x563.jpg 750w\" sizes=\"auto, (max-width: 227px) 100vw, 227px\" \/> <img loading=\"lazy\" decoding=\"async\" class=\"alignnone wp-image-79703\" src=\"http:\/\/recettes-gourmandes-de-joce.fr\/wp-content\/uploads\/2024\/05\/confit-canard5.jpg\" alt=\"\" width=\"227\" height=\"170\" srcset=\"http:\/\/recettes-gourmandes-de-joce.fr\/wp-content\/uploads\/2024\/05\/confit-canard5.jpg 1024w, http:\/\/recettes-gourmandes-de-joce.fr\/wp-content\/uploads\/2024\/05\/confit-canard5-768x576.jpg 768w, http:\/\/recettes-gourmandes-de-joce.fr\/wp-content\/uploads\/2024\/05\/confit-canard5-750x563.jpg 750w\" sizes=\"auto, (max-width: 227px) 100vw, 227px\" \/><\/p>\n<p style=\"text-align: center;\"><span style=\"color: #8b4513; font-size: 14pt;\"><span style=\"font-family: georgia,serif;\"><em>Mettre dans une cocotte la graisse de canard, ajouter si vous avez les parures d&rsquo;un canard gras. Mettre \u00e0 fondre doucement. Saler et poivrer vos morceaux de canard, peler et \u00e9mincer l&rsquo;ail grossi\u00e8rement.<\/em><\/span><\/span><\/p>\n<p style=\"text-align: center;\"><img loading=\"lazy\" decoding=\"async\" class=\"alignnone wp-image-79704\" src=\"http:\/\/recettes-gourmandes-de-joce.fr\/wp-content\/uploads\/2024\/05\/confit-canard6.jpg\" alt=\"\" width=\"227\" height=\"170\" srcset=\"http:\/\/recettes-gourmandes-de-joce.fr\/wp-content\/uploads\/2024\/05\/confit-canard6.jpg 1024w, http:\/\/recettes-gourmandes-de-joce.fr\/wp-content\/uploads\/2024\/05\/confit-canard6-768x576.jpg 768w, http:\/\/recettes-gourmandes-de-joce.fr\/wp-content\/uploads\/2024\/05\/confit-canard6-750x563.jpg 750w\" sizes=\"auto, (max-width: 227px) 100vw, 227px\" \/> <img loading=\"lazy\" decoding=\"async\" class=\"alignnone wp-image-79705\" src=\"http:\/\/recettes-gourmandes-de-joce.fr\/wp-content\/uploads\/2024\/05\/confit-canard7.jpg\" alt=\"\" width=\"227\" height=\"170\" srcset=\"http:\/\/recettes-gourmandes-de-joce.fr\/wp-content\/uploads\/2024\/05\/confit-canard7.jpg 1024w, http:\/\/recettes-gourmandes-de-joce.fr\/wp-content\/uploads\/2024\/05\/confit-canard7-768x576.jpg 768w, http:\/\/recettes-gourmandes-de-joce.fr\/wp-content\/uploads\/2024\/05\/confit-canard7-750x563.jpg 750w\" sizes=\"auto, (max-width: 227px) 100vw, 227px\" \/> <img loading=\"lazy\" decoding=\"async\" class=\"alignnone wp-image-79706\" src=\"http:\/\/recettes-gourmandes-de-joce.fr\/wp-content\/uploads\/2024\/05\/confit-canard8.jpg\" alt=\"\" width=\"227\" height=\"170\" srcset=\"http:\/\/recettes-gourmandes-de-joce.fr\/wp-content\/uploads\/2024\/05\/confit-canard8.jpg 1024w, http:\/\/recettes-gourmandes-de-joce.fr\/wp-content\/uploads\/2024\/05\/confit-canard8-768x576.jpg 768w, http:\/\/recettes-gourmandes-de-joce.fr\/wp-content\/uploads\/2024\/05\/confit-canard8-750x563.jpg 750w\" sizes=\"auto, (max-width: 227px) 100vw, 227px\" \/><\/p>\n<p style=\"text-align: center;\"><span style=\"color: #8b4513; font-size: 14pt;\"><span style=\"font-family: georgia,serif;\"><em>D\u00e8s que la graisse est fondue, ajouter les morceaux de canard, le thym, l&rsquo;ail et couvrir, laisser cuire environ\u00a01h30 \u00e0 feu doux selon la grosseur des morceaux, en retournant les morceaux de temps en temps. La cuisson est parfaite lorsqu&rsquo;un cure-dent en bois rentre dans la chair sans r\u00e9sistance. Pour la conservation, j&rsquo;ai opt\u00e9 pour la cong\u00e9lation. J&rsquo;ai donc r\u00e9parti mes morceaux de canard dans des barquettes, je les ai recouverts de graisse de canard et j&rsquo;ai laiss\u00e9 figer au r\u00e9frig\u00e9rateur.<\/em><\/span><\/span><\/p>\n<p style=\"text-align: center;\"><img loading=\"lazy\" decoding=\"async\" class=\"alignnone wp-image-79699\" src=\"http:\/\/recettes-gourmandes-de-joce.fr\/wp-content\/uploads\/2024\/05\/confit-canard1.jpg\" alt=\"\" width=\"233\" height=\"170\" srcset=\"http:\/\/recettes-gourmandes-de-joce.fr\/wp-content\/uploads\/2024\/05\/confit-canard1.jpg 1024w, http:\/\/recettes-gourmandes-de-joce.fr\/wp-content\/uploads\/2024\/05\/confit-canard1-768x560.jpg 768w, http:\/\/recettes-gourmandes-de-joce.fr\/wp-content\/uploads\/2024\/05\/confit-canard1-750x547.jpg 750w\" sizes=\"auto, (max-width: 233px) 100vw, 233px\" \/><\/p>\n<p style=\"text-align: center;\"><span style=\"color: #8b4513; font-size: 14pt;\"><span style=\"font-family: georgia,serif;\"><em>Ensuite il n&rsquo;y a plus qu&rsquo;\u00e0 les emballer herm\u00e9tiquement dans des sacs cong\u00e9lation et indiquer la date dessus. <\/em><\/span><\/span><\/p>\n<p style=\"text-align: center;\"><span style=\"color: #8b4513; font-size: 14pt;\"><span style=\"font-family: georgia,serif;\"><em>Pour la st\u00e9rilisation (d&rsquo;apr\u00e8s le site Le Parfait), mettre en bocaux, couvrir de graisse \u00e0 2 cm du bord, fermer les bocaux et st\u00e9riliser \u00e0\u00a0100\u00b0 pendant\u00a02h. Laisser refroidir dans le st\u00e9rilisateur et stocker ensuite au frais et \u00e0 l&rsquo;abris de la lumi\u00e8re.<\/em><\/span><\/span><\/p>\n<p style=\"text-align: center;\"><span style=\"color: #8b4513; font-size: 14pt;\"><span style=\"font-family: georgia,serif;\"><em>Bon app\u00e9tit!<\/em><\/span><\/span><\/p>\n<p style=\"text-align: center;\"><img loading=\"lazy\" decoding=\"async\" class=\"alignnone wp-image-79707\" src=\"http:\/\/recettes-gourmandes-de-joce.fr\/wp-content\/uploads\/2024\/05\/confit-canard9.jpg\" alt=\"\" width=\"267\" height=\"200\" srcset=\"http:\/\/recettes-gourmandes-de-joce.fr\/wp-content\/uploads\/2024\/05\/confit-canard9.jpg 1024w, http:\/\/recettes-gourmandes-de-joce.fr\/wp-content\/uploads\/2024\/05\/confit-canard9-768x576.jpg 768w, http:\/\/recettes-gourmandes-de-joce.fr\/wp-content\/uploads\/2024\/05\/confit-canard9-750x563.jpg 750w\" sizes=\"auto, (max-width: 267px) 100vw, 267px\" \/><\/p>\n<p style=\"text-align: center;\"><img loading=\"lazy\" decoding=\"async\" class=\"alignnone wp-image-44943 size-full\" src=\"http:\/\/recettes-gourmandes-de-joce.fr\/wp-content\/uploads\/2022\/05\/logitech-gaming-software-14112014-121223.jpg\" alt=\"\" width=\"640\" height=\"144\" srcset=\"http:\/\/recettes-gourmandes-de-joce.fr\/wp-content\/uploads\/2022\/05\/logitech-gaming-software-14112014-121223.jpg 640w, http:\/\/recettes-gourmandes-de-joce.fr\/wp-content\/uploads\/2022\/05\/logitech-gaming-software-14112014-121223-300x68.jpg 300w\" sizes=\"auto, (max-width: 640px) 100vw, 640px\" \/><\/p>\n","protected":false},"excerpt":{"rendered":"<p>Une de mes recettes Ingr\u00e9dients Pour 2 cuisses et deux ailes 2 cuisses de canard gras 2 ailes de canard gras 2 bocaux de graisse de canard 2 gousses d&rsquo;ail 1 petit bouquet de thym Sel et poivre Mettre dans une cocotte la graisse de canard, ajouter si vous avez les parures d&rsquo;un canard gras. &hellip; <\/p>\n<p><a class=\"more-link btn\" href=\"http:\/\/recettes-gourmandes-de-joce.fr\/index.php\/index\/conserves-paniers-gourmands\/confitures\/confit-de-canard\/\">Lire la suite<\/a><\/p>\n","protected":false},"author":2,"featured_media":79707,"parent":270,"menu_order":0,"comment_status":"open","ping_status":"closed","template":"","meta":{"footnotes":""},"class_list":["post-3102","page","type-page","status-publish","has-post-thumbnail","hentry","nodate","item-wrap"],"_links":{"self":[{"href":"http:\/\/recettes-gourmandes-de-joce.fr\/index.php\/wp-json\/wp\/v2\/pages\/3102","targetHints":{"allow":["GET"]}}],"collection":[{"href":"http:\/\/recettes-gourmandes-de-joce.fr\/index.php\/wp-json\/wp\/v2\/pages"}],"about":[{"href":"http:\/\/recettes-gourmandes-de-joce.fr\/index.php\/wp-json\/wp\/v2\/types\/page"}],"author":[{"embeddable":true,"href":"http:\/\/recettes-gourmandes-de-joce.fr\/index.php\/wp-json\/wp\/v2\/users\/2"}],"replies":[{"embeddable":true,"href":"http:\/\/recettes-gourmandes-de-joce.fr\/index.php\/wp-json\/wp\/v2\/comments?post=3102"}],"version-history":[{"count":6,"href":"http:\/\/recettes-gourmandes-de-joce.fr\/index.php\/wp-json\/wp\/v2\/pages\/3102\/revisions"}],"predecessor-version":[{"id":79709,"href":"http:\/\/recettes-gourmandes-de-joce.fr\/index.php\/wp-json\/wp\/v2\/pages\/3102\/revisions\/79709"}],"up":[{"embeddable":true,"href":"http:\/\/recettes-gourmandes-de-joce.fr\/index.php\/wp-json\/wp\/v2\/pages\/270"}],"wp:featuredmedia":[{"embeddable":true,"href":"http:\/\/recettes-gourmandes-de-joce.fr\/index.php\/wp-json\/wp\/v2\/media\/79707"}],"wp:attachment":[{"href":"http:\/\/recettes-gourmandes-de-joce.fr\/index.php\/wp-json\/wp\/v2\/media?parent=3102"}],"curies":[{"name":"wp","href":"https:\/\/api.w.org\/{rel}","templated":true}]}}