{"id":30934,"date":"2021-05-05T11:53:13","date_gmt":"2021-05-05T11:53:13","guid":{"rendered":"http:\/\/recettes-gourmandes-de-joce.fr\/?page_id=30934"},"modified":"2024-05-25T20:59:58","modified_gmt":"2024-05-25T20:59:58","slug":"coeurs-feuilletes-aperitifs-au-chevre-ou-lardons-et-aux-champignons","status":"publish","type":"page","link":"http:\/\/recettes-gourmandes-de-joce.fr\/index.php\/index\/aperitifs-amuses-bouches\/feuilletes-aperitifs\/coeurs-feuilletes-aperitifs-au-chevre-ou-lardons-et-aux-champignons\/","title":{"rendered":"C\u0153urs feuillet\u00e9s ap\u00e9ritifs au ch\u00e8vre ou lardons et aux champignons."},"content":{"rendered":"<div id=\"rows\" class=\"clearfix\">\n<div class=\"row-container page_1\">\n<div class=\"row-content\">\n<div class=\"row\">\n<div class=\"column\">\n<div class=\"column-content\">\n<div class=\"clearfix\">\n<p style=\"text-align: center;\"><span style=\"text-decoration: underline; color: #993366;\"><span style=\"font-family: georgia, palatino, serif; font-size: 18pt;\"><em>Une de mes recettes<\/em><\/span><\/span><\/p>\n<p style=\"text-align: center;\"><span style=\"font-family: georgia, palatino, serif; font-size: 14pt; color: #993366;\"><img loading=\"lazy\" decoding=\"async\" class=\"alignnone wp-image-30948\" src=\"http:\/\/recettes-gourmandes-de-joce.fr\/wp-content\/uploads\/2021\/05\/petits_coeurs_aperitifs_aux_lardons_et_champi6-300x225.jpg\" alt=\"\" width=\"240\" height=\"180\" srcset=\"http:\/\/recettes-gourmandes-de-joce.fr\/wp-content\/uploads\/2021\/05\/petits_coeurs_aperitifs_aux_lardons_et_champi6-300x225.jpg 300w, http:\/\/recettes-gourmandes-de-joce.fr\/wp-content\/uploads\/2021\/05\/petits_coeurs_aperitifs_aux_lardons_et_champi6.jpg 550w\" sizes=\"auto, (max-width: 240px) 100vw, 240px\" \/> <img loading=\"lazy\" decoding=\"async\" class=\"alignnone wp-image-30950\" src=\"http:\/\/recettes-gourmandes-de-joce.fr\/wp-content\/uploads\/2021\/05\/petits_coeurs_aperitifs_aux_lardons_et_champi8-300x225.jpg\" alt=\"\" width=\"240\" height=\"180\" srcset=\"http:\/\/recettes-gourmandes-de-joce.fr\/wp-content\/uploads\/2021\/05\/petits_coeurs_aperitifs_aux_lardons_et_champi8-300x225.jpg 300w, http:\/\/recettes-gourmandes-de-joce.fr\/wp-content\/uploads\/2021\/05\/petits_coeurs_aperitifs_aux_lardons_et_champi8.jpg 550w\" sizes=\"auto, (max-width: 240px) 100vw, 240px\" \/> <img loading=\"lazy\" decoding=\"async\" class=\"alignnone wp-image-30941\" src=\"http:\/\/recettes-gourmandes-de-joce.fr\/wp-content\/uploads\/2021\/05\/petits_coeurs_feuilletes_aperitif_au_chevre_e11-285x300.jpg\" alt=\"\" width=\"171\" height=\"180\" srcset=\"http:\/\/recettes-gourmandes-de-joce.fr\/wp-content\/uploads\/2021\/05\/petits_coeurs_feuilletes_aperitif_au_chevre_e11-285x300.jpg 285w, http:\/\/recettes-gourmandes-de-joce.fr\/wp-content\/uploads\/2021\/05\/petits_coeurs_feuilletes_aperitif_au_chevre_e11.jpg 412w\" sizes=\"auto, (max-width: 171px) 100vw, 171px\" \/><\/span><\/p>\n<p style=\"text-align: center;\"><span style=\"text-decoration: underline; font-family: georgia, palatino, serif; font-size: 18pt; color: #993366;\"><em>Ingr\u00e9dients pour 10 <span style=\"font-family: georgia, palatino, serif;\">c\u0153urs<\/span>\u00a0de chaque<\/em><\/span><\/p>\n<p style=\"text-align: center;\"><span style=\"color: #993366;\"><img loading=\"lazy\" decoding=\"async\" class=\"alignnone wp-image-30942\" src=\"http:\/\/recettes-gourmandes-de-joce.fr\/wp-content\/uploads\/2021\/05\/petits_coeurs_aperitifs_aux_lardons_et_champi-300x256.jpg\" alt=\"\" width=\"211\" height=\"180\" srcset=\"http:\/\/recettes-gourmandes-de-joce.fr\/wp-content\/uploads\/2021\/05\/petits_coeurs_aperitifs_aux_lardons_et_champi-300x256.jpg 300w, http:\/\/recettes-gourmandes-de-joce.fr\/wp-content\/uploads\/2021\/05\/petits_coeurs_aperitifs_aux_lardons_et_champi.jpg 550w\" sizes=\"auto, (max-width: 211px) 100vw, 211px\" \/> <img loading=\"lazy\" decoding=\"async\" class=\"alignnone wp-image-30951\" src=\"http:\/\/recettes-gourmandes-de-joce.fr\/wp-content\/uploads\/2021\/05\/petits_coeurs_feuilletes_aperitif_au_chevre_e-300x255.jpg\" alt=\"\" width=\"212\" height=\"180\" srcset=\"http:\/\/recettes-gourmandes-de-joce.fr\/wp-content\/uploads\/2021\/05\/petits_coeurs_feuilletes_aperitif_au_chevre_e-300x255.jpg 300w, http:\/\/recettes-gourmandes-de-joce.fr\/wp-content\/uploads\/2021\/05\/petits_coeurs_feuilletes_aperitif_au_chevre_e.jpg 550w\" sizes=\"auto, (max-width: 212px) 100vw, 212px\" \/><\/span><\/p>\n<p style=\"text-align: center;\"><span style=\"font-family: georgia, palatino, serif; font-size: 14pt; color: #993366;\"><em>2 p\u00e2tes feuillet\u00e9es<\/em><\/span><\/p>\n<p style=\"text-align: center;\"><span style=\"font-family: georgia, palatino, serif; font-size: 14pt; color: #993366;\"><em>10 tranches de b\u00fbche de ch\u00e8vre<\/em><\/span><\/p>\n<p style=\"text-align: center;\"><span style=\"font-family: georgia, palatino, serif; font-size: 14pt; color: #993366;\"><em>5 champignons de Paris<\/em><\/span><\/p>\n<p style=\"text-align: center;\"><span style=\"font-family: georgia, palatino, serif; font-size: 14pt; color: #993366;\"><em>1 petit bouquet de ciboulette<\/em><\/span><\/p>\n<p style=\"text-align: center;\"><span style=\"color: #993366;\"><span style=\"font-family: georgia, palatino, serif; font-size: 14pt;\"><em>1\u00a0<\/em><\/span><span style=\"font-family: georgia, palatino, serif;\"><span style=\"font-size: 18.6667px;\"><i>\u0153uf<\/i><\/span><\/span><\/span><\/p>\n<p style=\"text-align: center;\"><span style=\"font-family: georgia, palatino, serif; font-size: 14pt; color: #993366;\"><em>1 c \u00e0 s de cr\u00e8me fra\u00eeche<\/em><\/span><\/p>\n<p style=\"text-align: center;\"><span style=\"font-family: georgia, palatino, serif; font-size: 14pt; color: #993366;\"><em>Sel et poivre<\/em><\/span><\/p>\n<p style=\"text-align: center;\"><span style=\"font-family: georgia, palatino, serif; font-size: 14pt; color: #993366;\"><em>Huile d&rsquo;olive<\/em><\/span><\/p>\n<p style=\"text-align: center;\"><span style=\"font-family: georgia, palatino, serif; font-size: 14pt; color: #993366;\"><img loading=\"lazy\" decoding=\"async\" class=\"alignnone wp-image-30952\" src=\"http:\/\/recettes-gourmandes-de-joce.fr\/wp-content\/uploads\/2021\/05\/petits_coeurs_feuilletes_aperitif_au_chevre_e1-300x193.jpg\" alt=\"\" width=\"248\" height=\"160\" srcset=\"http:\/\/recettes-gourmandes-de-joce.fr\/wp-content\/uploads\/2021\/05\/petits_coeurs_feuilletes_aperitif_au_chevre_e1-300x193.jpg 300w, http:\/\/recettes-gourmandes-de-joce.fr\/wp-content\/uploads\/2021\/05\/petits_coeurs_feuilletes_aperitif_au_chevre_e1.jpg 526w\" sizes=\"auto, (max-width: 248px) 100vw, 248px\" \/> <img loading=\"lazy\" decoding=\"async\" class=\"alignnone wp-image-30953\" src=\"http:\/\/recettes-gourmandes-de-joce.fr\/wp-content\/uploads\/2021\/05\/petits_coeurs_feuilletes_aperitif_au_chevre_e2-300x197.jpg\" alt=\"\" width=\"243\" height=\"160\" srcset=\"http:\/\/recettes-gourmandes-de-joce.fr\/wp-content\/uploads\/2021\/05\/petits_coeurs_feuilletes_aperitif_au_chevre_e2-300x197.jpg 300w, http:\/\/recettes-gourmandes-de-joce.fr\/wp-content\/uploads\/2021\/05\/petits_coeurs_feuilletes_aperitif_au_chevre_e2.jpg 549w\" sizes=\"auto, (max-width: 243px) 100vw, 243px\" \/> <img loading=\"lazy\" decoding=\"async\" class=\"alignnone wp-image-30954\" src=\"http:\/\/recettes-gourmandes-de-joce.fr\/wp-content\/uploads\/2021\/05\/petits_coeurs_feuilletes_aperitif_au_chevre_e3-300x198.jpg\" alt=\"\" width=\"242\" height=\"160\" srcset=\"http:\/\/recettes-gourmandes-de-joce.fr\/wp-content\/uploads\/2021\/05\/petits_coeurs_feuilletes_aperitif_au_chevre_e3-300x198.jpg 300w, http:\/\/recettes-gourmandes-de-joce.fr\/wp-content\/uploads\/2021\/05\/petits_coeurs_feuilletes_aperitif_au_chevre_e3.jpg 512w\" sizes=\"auto, (max-width: 242px) 100vw, 242px\" \/><\/span><\/p>\n<p style=\"text-align: center;\"><span style=\"color: #993366;\"><em><span style=\"font-family: georgia, palatino, serif;\"><span style=\"font-size: 14pt;\">Laver et <\/span><span style=\"font-size: 18.6667px;\">hacher<\/span><span style=\"font-size: 14pt;\"> la ciboulette, nettoyer et couper les champignons en lamelles, d\u00e9couper dans chaque p\u00e2te feuillet\u00e9e 15 <\/span><span style=\"font-size: 18.6667px;\">c\u0153urs<\/span><span style=\"font-size: 14pt;\"> \u00e0 l&rsquo;aide d&rsquo;un emporte-pi\u00e8ce. Battre l&rsquo;<\/span><span style=\"font-size: 18.6667px;\">\u0153uf<\/span><span style=\"font-size: 14pt;\"> en omelette. Pr\u00e9chauffer le four \u00e0 200\u00b0.<\/span><\/span><\/em><\/span><\/p>\n<p style=\"text-align: center;\"><span style=\"font-family: georgia, palatino, serif; font-size: 14pt; color: #993366;\"><img loading=\"lazy\" decoding=\"async\" class=\"alignnone wp-image-30936\" src=\"http:\/\/recettes-gourmandes-de-joce.fr\/wp-content\/uploads\/2021\/05\/petits_coeurs_feuilletes_aperitif_au_chevre_e6-300x225.jpg\" alt=\"\" width=\"214\" height=\"160\" srcset=\"http:\/\/recettes-gourmandes-de-joce.fr\/wp-content\/uploads\/2021\/05\/petits_coeurs_feuilletes_aperitif_au_chevre_e6-300x225.jpg 300w, http:\/\/recettes-gourmandes-de-joce.fr\/wp-content\/uploads\/2021\/05\/petits_coeurs_feuilletes_aperitif_au_chevre_e6.jpg 550w\" sizes=\"auto, (max-width: 214px) 100vw, 214px\" \/> <img loading=\"lazy\" decoding=\"async\" class=\"alignnone wp-image-30955\" src=\"http:\/\/recettes-gourmandes-de-joce.fr\/wp-content\/uploads\/2021\/05\/petits_coeurs_feuilletes_aperitif_au_chevre_e4-300x225.jpg\" alt=\"\" width=\"214\" height=\"160\" srcset=\"http:\/\/recettes-gourmandes-de-joce.fr\/wp-content\/uploads\/2021\/05\/petits_coeurs_feuilletes_aperitif_au_chevre_e4-300x225.jpg 300w, http:\/\/recettes-gourmandes-de-joce.fr\/wp-content\/uploads\/2021\/05\/petits_coeurs_feuilletes_aperitif_au_chevre_e4.jpg 550w\" sizes=\"auto, (max-width: 214px) 100vw, 214px\" \/> <img loading=\"lazy\" decoding=\"async\" class=\"alignnone wp-image-30943\" src=\"http:\/\/recettes-gourmandes-de-joce.fr\/wp-content\/uploads\/2021\/05\/petits_coeurs_aperitifs_aux_lardons_et_champi1-300x196.jpg\" alt=\"\" width=\"245\" height=\"160\" srcset=\"http:\/\/recettes-gourmandes-de-joce.fr\/wp-content\/uploads\/2021\/05\/petits_coeurs_aperitifs_aux_lardons_et_champi1-300x196.jpg 300w, http:\/\/recettes-gourmandes-de-joce.fr\/wp-content\/uploads\/2021\/05\/petits_coeurs_aperitifs_aux_lardons_et_champi1.jpg 518w\" sizes=\"auto, (max-width: 245px) 100vw, 245px\" \/><\/span><\/p>\n<p style=\"text-align: center;\"><span style=\"color: #993366;\"><em><span style=\"font-family: georgia, palatino, serif;\"><span style=\"font-size: 14pt;\">Sur 20 <\/span><span style=\"font-size: 18.6667px;\">c\u0153urs<\/span><span style=\"font-size: 14pt;\">\u00a0passer de l&rsquo;<\/span><span style=\"font-size: 18.6667px;\">\u0153uf<\/span><span style=\"font-size: 14pt;\"> battu enti\u00e8rement, ensuite mettre deux lamelles de champignons, ajouter dessus une tranche de ch\u00e8vre sur 10 et des lardons sur les 10 autres.\u00a0<\/span><\/span><\/em><\/span><\/p>\n<p style=\"text-align: center;\"><span style=\"color: #993366;\">\u00a0\u00a0<img loading=\"lazy\" decoding=\"async\" class=\"alignnone wp-image-30944\" src=\"http:\/\/recettes-gourmandes-de-joce.fr\/wp-content\/uploads\/2021\/05\/petits_coeurs_aperitifs_aux_lardons_et_champi2-300x201.jpg\" alt=\"\" width=\"239\" height=\"160\" srcset=\"http:\/\/recettes-gourmandes-de-joce.fr\/wp-content\/uploads\/2021\/05\/petits_coeurs_aperitifs_aux_lardons_et_champi2-300x201.jpg 300w, http:\/\/recettes-gourmandes-de-joce.fr\/wp-content\/uploads\/2021\/05\/petits_coeurs_aperitifs_aux_lardons_et_champi2.jpg 546w\" sizes=\"auto, (max-width: 239px) 100vw, 239px\" \/>\u00a0<img loading=\"lazy\" decoding=\"async\" class=\"alignnone wp-image-30956\" src=\"http:\/\/recettes-gourmandes-de-joce.fr\/wp-content\/uploads\/2021\/05\/petits_coeurs_feuilletes_aperitif_au_chevre_e5-300x202.jpg\" alt=\"\" width=\"238\" height=\"160\" srcset=\"http:\/\/recettes-gourmandes-de-joce.fr\/wp-content\/uploads\/2021\/05\/petits_coeurs_feuilletes_aperitif_au_chevre_e5-300x202.jpg 300w, http:\/\/recettes-gourmandes-de-joce.fr\/wp-content\/uploads\/2021\/05\/petits_coeurs_feuilletes_aperitif_au_chevre_e5.jpg 488w\" sizes=\"auto, (max-width: 238px) 100vw, 238px\" \/> <img loading=\"lazy\" decoding=\"async\" class=\"alignnone wp-image-30945\" src=\"http:\/\/recettes-gourmandes-de-joce.fr\/wp-content\/uploads\/2021\/05\/petits_coeurs_aperitifs_aux_lardons_et_champi3-300x193.jpg\" alt=\"\" width=\"248\" height=\"160\" srcset=\"http:\/\/recettes-gourmandes-de-joce.fr\/wp-content\/uploads\/2021\/05\/petits_coeurs_aperitifs_aux_lardons_et_champi3-300x193.jpg 300w, http:\/\/recettes-gourmandes-de-joce.fr\/wp-content\/uploads\/2021\/05\/petits_coeurs_aperitifs_aux_lardons_et_champi3.jpg 548w\" sizes=\"auto, (max-width: 248px) 100vw, 248px\" \/><\/span><\/p>\n<p style=\"text-align: center;\"><span style=\"color: #993366;\">S<em><span style=\"font-family: georgia, palatino, serif;\"><span style=\"font-size: 14pt;\">ur les deux sortes, <\/span><\/span><\/em><em><span style=\"font-family: georgia, palatino, serif;\"><span style=\"font-size: 14pt;\">d\u00e9poser une touche de cr\u00e8me fra\u00eeche et quelques gouttes d&rsquo;huile d&rsquo;olive, <\/span><\/span><\/em><em><span style=\"font-family: georgia, palatino, serif;\"><span style=\"font-size: 14pt;\">ajouter une pinc\u00e9e de ciboulette cisel\u00e9e, poivrer. <\/span><\/span><\/em><em><span style=\"font-family: georgia, palatino, serif;\"><span style=\"font-size: 14pt;\">Passer sur la p\u00e2te autour de la garniture de l&rsquo;<\/span><span style=\"font-size: 18.6667px;\">\u0153uf<\/span><span style=\"font-size: 14pt;\"> battu. R\u00e9server ensuite sur une feuille de silicone ou un papier sulfuris\u00e9 ceux aux lardons.\u00a0<\/span><\/span><\/em><\/span><\/p>\n<p style=\"text-align: center;\"><span style=\"font-family: georgia, palatino, serif; font-size: 14pt; color: #993366;\"><strong><em><img loading=\"lazy\" decoding=\"async\" class=\"alignnone wp-image-30937\" src=\"http:\/\/recettes-gourmandes-de-joce.fr\/wp-content\/uploads\/2021\/05\/petits_coeurs_feuilletes_aperitif_au_chevre_e7-300x181.jpg\" alt=\"\" width=\"266\" height=\"160\" srcset=\"http:\/\/recettes-gourmandes-de-joce.fr\/wp-content\/uploads\/2021\/05\/petits_coeurs_feuilletes_aperitif_au_chevre_e7-300x181.jpg 300w, http:\/\/recettes-gourmandes-de-joce.fr\/wp-content\/uploads\/2021\/05\/petits_coeurs_feuilletes_aperitif_au_chevre_e7.jpg 545w\" sizes=\"auto, (max-width: 266px) 100vw, 266px\" \/> <img loading=\"lazy\" decoding=\"async\" class=\"alignnone wp-image-30938\" src=\"http:\/\/recettes-gourmandes-de-joce.fr\/wp-content\/uploads\/2021\/05\/petits_coeurs_feuilletes_aperitif_au_chevre_e8-300x204.jpg\" alt=\"\" width=\"236\" height=\"160\" srcset=\"http:\/\/recettes-gourmandes-de-joce.fr\/wp-content\/uploads\/2021\/05\/petits_coeurs_feuilletes_aperitif_au_chevre_e8-300x204.jpg 300w, http:\/\/recettes-gourmandes-de-joce.fr\/wp-content\/uploads\/2021\/05\/petits_coeurs_feuilletes_aperitif_au_chevre_e8.jpg 542w\" sizes=\"auto, (max-width: 236px) 100vw, 236px\" \/> <img loading=\"lazy\" decoding=\"async\" class=\"alignnone wp-image-30939\" src=\"http:\/\/recettes-gourmandes-de-joce.fr\/wp-content\/uploads\/2021\/05\/petits_coeurs_feuilletes_aperitif_au_chevre_e9-262x300.jpg\" alt=\"\" width=\"140\" height=\"160\" srcset=\"http:\/\/recettes-gourmandes-de-joce.fr\/wp-content\/uploads\/2021\/05\/petits_coeurs_feuilletes_aperitif_au_chevre_e9-262x300.jpg 262w, http:\/\/recettes-gourmandes-de-joce.fr\/wp-content\/uploads\/2021\/05\/petits_coeurs_feuilletes_aperitif_au_chevre_e9.jpg 410w\" sizes=\"auto, (max-width: 140px) 100vw, 140px\" \/><br \/>\n<\/em><\/strong><\/span><\/p>\n<p style=\"text-align: center;\"><span style=\"color: #993366;\"><em><span style=\"font-family: georgia, palatino, serif;\"><span style=\"font-size: 14pt;\">D\u00e9poser un 2e <\/span><span style=\"font-size: 18.6667px;\">c\u0153ur<\/span><span style=\"font-size: 14pt;\"> de p\u00e2te feuillet\u00e9e sur ceux au ch\u00e8vre, appuyer les bords pour les souder avec une fourchette. Passer de l&rsquo;<\/span><span style=\"font-size: 18.6667px;\">\u0153uf<\/span><span style=\"font-size: 14pt;\"> battu sur chaque <\/span><span style=\"font-size: 18.6667px;\">c\u0153ur<\/span><span style=\"font-size: 14pt;\">, parsemer de graines de s\u00e9same, enfournez tous les <\/span><span style=\"font-size: 18.6667px;\">c\u0153urs<\/span><span style=\"font-size: 14pt;\"> \u00e0 200\u00b0 pendant environ 20 \u00e0 25 minutes selon les fours, surveiller la coloration et la cuisson. <\/span><\/span><\/em><\/span><\/p>\n<p style=\"text-align: center;\"><span style=\"color: #993366;\"><em><span style=\"font-family: georgia, palatino, serif;\"><span style=\"font-size: 14pt;\">Vous pouvez \u00e9galement couvrir d&rsquo;un 2e <\/span><span style=\"font-size: 18.6667px;\">c\u0153ur<\/span><span style=\"font-size: 14pt;\"> ceux aux lardons et vice versa laisser d\u00e9couvert ceux au ch\u00e8vre c&rsquo;est selon vos envies \ud83d\ude09<\/span><\/span><\/em><\/span><\/p>\n<p style=\"text-align: center;\"><span style=\"font-family: georgia, palatino, serif; font-size: 14pt; color: #993366;\"><em>D\u00e9guster ti\u00e8des \u00e0 l&rsquo;ap\u00e9ritif, mais aussi froid selon les go\u00fbts!<\/em><\/span><\/p>\n<p style=\"text-align: center;\"><span style=\"font-family: georgia, palatino, serif; font-size: 14pt; color: #993366;\"><em>Bon ap\u00e9ritif!<\/em><\/span><\/p>\n<p style=\"text-align: center;\"><span style=\"font-family: georgia, palatino, serif; font-size: 14pt; color: #993366;\"><strong><em><img loading=\"lazy\" decoding=\"async\" class=\"alignnone wp-image-30949\" src=\"http:\/\/recettes-gourmandes-de-joce.fr\/wp-content\/uploads\/2021\/05\/petits_coeurs_aperitifs_aux_lardons_et_champi7-300x225.jpg\" alt=\"\" width=\"240\" height=\"180\" srcset=\"http:\/\/recettes-gourmandes-de-joce.fr\/wp-content\/uploads\/2021\/05\/petits_coeurs_aperitifs_aux_lardons_et_champi7-300x225.jpg 300w, http:\/\/recettes-gourmandes-de-joce.fr\/wp-content\/uploads\/2021\/05\/petits_coeurs_aperitifs_aux_lardons_et_champi7.jpg 550w\" sizes=\"auto, (max-width: 240px) 100vw, 240px\" \/> <img loading=\"lazy\" decoding=\"async\" class=\"alignnone wp-image-30940\" src=\"http:\/\/recettes-gourmandes-de-joce.fr\/wp-content\/uploads\/2021\/05\/petits_coeurs_feuilletes_aperitif_au_chevre_e10-300x225.jpg\" alt=\"\" width=\"240\" height=\"180\" srcset=\"http:\/\/recettes-gourmandes-de-joce.fr\/wp-content\/uploads\/2021\/05\/petits_coeurs_feuilletes_aperitif_au_chevre_e10-300x225.jpg 300w, http:\/\/recettes-gourmandes-de-joce.fr\/wp-content\/uploads\/2021\/05\/petits_coeurs_feuilletes_aperitif_au_chevre_e10.jpg 550w\" sizes=\"auto, (max-width: 240px) 100vw, 240px\" \/> <img loading=\"lazy\" decoding=\"async\" class=\"alignnone wp-image-30947\" src=\"http:\/\/recettes-gourmandes-de-joce.fr\/wp-content\/uploads\/2021\/05\/petits_coeurs_aperitifs_aux_lardons_et_champi5-300x225.jpg\" alt=\"\" width=\"240\" height=\"180\" srcset=\"http:\/\/recettes-gourmandes-de-joce.fr\/wp-content\/uploads\/2021\/05\/petits_coeurs_aperitifs_aux_lardons_et_champi5-300x225.jpg 300w, http:\/\/recettes-gourmandes-de-joce.fr\/wp-content\/uploads\/2021\/05\/petits_coeurs_aperitifs_aux_lardons_et_champi5.jpg 550w\" sizes=\"auto, (max-width: 240px) 100vw, 240px\" \/><br \/>\n<\/em><\/strong><\/span><\/p>\n<p style=\"text-align: center;\"><img loading=\"lazy\" decoding=\"async\" class=\"alignnone wp-image-24317 size-full\" src=\"http:\/\/recettes-gourmandes-de-joce.fr\/wp-content\/uploads\/2020\/07\/logitech-gaming-software-14112014-121223.jpg\" alt=\"\" width=\"640\" height=\"144\" srcset=\"http:\/\/recettes-gourmandes-de-joce.fr\/wp-content\/uploads\/2020\/07\/logitech-gaming-software-14112014-121223.jpg 640w, http:\/\/recettes-gourmandes-de-joce.fr\/wp-content\/uploads\/2020\/07\/logitech-gaming-software-14112014-121223-300x68.jpg 300w\" sizes=\"auto, (max-width: 640px) 100vw, 640px\" \/><\/p>\n<\/div>\n<\/div>\n<\/div>\n<\/div>\n<\/div>\n<\/div>\n<\/div>\n<div class=\"plugins\">\n<div id=\"comments-pages\" class=\"plugin plugin-comments\">\n<h3 style=\"text-align: left;\"><span style=\"font-family: georgia, palatino, serif; font-size: 14pt; color: #000000;\">Commentaires\u00a0<small>(4)<\/small><\/span><\/h3>\n<div class=\"items-container\">\n<div class=\"item item-comment media\" style=\"text-align: left;\">\n<div class=\"pull-left\"><span style=\"font-family: georgia, palatino, serif; font-size: 14pt; color: #000000;\"><img decoding=\"async\" class=\"media-object\" src=\"https:\/\/www.gravatar.com\/avatar\/4071c24f309236a8ccd81bdb010f58ea?d=http%3A%2F%2Frecettesgourmandesdejoce.e-monsite.com%2Fmedias%2Fstatic%2Fmanager%2Fim%2Favatar.png?s=50&amp;d=mm\" alt=\"szabo marie\" width=\"50\" \/><\/span><\/div>\n<div class=\"media-body\">\n<ul class=\"inline item-infos\">\n<li><span style=\"font-family: georgia, palatino, serif; font-size: 14pt; color: #000000;\"><span class=\"comment-number\">1.<\/span>\u00a0<span class=\"comment-author\"><strong>szabo marie<\/strong><\/span>\u00a0<span class=\"comment-date\">| 29\/11\/2013<\/span><\/span><\/li>\n<\/ul>\n<div class=\"comment-content\"><span style=\"font-family: georgia, palatino, serif; font-size: 14pt; color: #000000;\">g\u00e9niale et merci je vais faire ca pour mon oui-oui et moi meme .je pense qu&rsquo;on va ce r\u00e9galer<\/span><\/div>\n<div class=\"item item-comment media by-webmaster\">\n<div class=\"pull-left\"><span style=\"font-family: georgia, palatino, serif; font-size: 14pt; color: #000000;\"><img decoding=\"async\" class=\"media-object\" src=\"http:\/\/recettesgourmandesdejoce.e-monsite.com\/medias\/static\/manager\/im\/avatar.png?fx=c_50_50\" alt=\"jocelyne debon\" width=\"50\" \/><\/span><\/div>\n<div class=\"media-body\">\n<ul class=\"inline item-infos\">\n<li><span style=\"font-family: georgia, palatino, serif; font-size: 14pt; color: #000000;\"><span class=\"comment-author\"><strong>jocelyne debon<\/strong><\/span>\u00a0<span class=\"comment-date\">| 29\/11\/2013<\/span><\/span><\/li>\n<\/ul>\n<div class=\"comment-content\"><span style=\"font-family: georgia, palatino, serif; font-size: 14pt; color: #000000;\">De rien avec plaisir Bisoussssssss et bonne soir\u00e9e Amicalement Joce<\/span><\/div>\n<\/div>\n<\/div>\n<\/div>\n<\/div>\n<div class=\"item item-comment media\" style=\"text-align: left;\">\n<div class=\"pull-left\"><span style=\"font-family: georgia, palatino, serif; font-size: 14pt; color: #000000;\"><img decoding=\"async\" class=\"media-object\" src=\"http:\/\/recettesgourmandesdejoce.e-monsite.com\/medias\/static\/manager\/im\/avatar.png?fx=c_50_50\" alt=\"Joce\" width=\"50\" \/><\/span><\/div>\n<div class=\"media-body\">\n<ul class=\"inline item-infos\">\n<li><span style=\"font-family: georgia, palatino, serif; font-size: 14pt; color: #000000;\"><span class=\"comment-number\">2.<\/span>\u00a0<span class=\"comment-author\"><strong>Joce<\/strong><\/span>\u00a0<span class=\"comment-date\">| 19\/10\/2011<\/span><\/span><\/li>\n<\/ul>\n<div class=\"comment-content\"><span style=\"font-family: georgia, palatino, serif; font-size: 14pt; color: #000000;\">Merciii c&rsquo;est gentil<\/span><br \/>\n<span style=\"font-family: georgia, palatino, serif; font-size: 14pt; color: #000000;\">Tr\u00e8s bonne id\u00e9e avec des c\u00e8pes faudra que je teste je suis dans les Landes\u00a0<img decoding=\"async\" src=\"http:\/\/recettesgourmandesdejoce.e-monsite.com\/medias\/static\/themes\/smileys\/26.png\" alt=\"\" \/><\/span><br \/>\n<span style=\"font-family: georgia, palatino, serif; font-size: 14pt; color: #000000;\">Au plaisir<\/span><br \/>\n<span style=\"font-family: georgia, palatino, serif; font-size: 14pt; color: #000000;\">Joce<\/span><\/div>\n<\/div>\n<\/div>\n<div class=\"item item-comment media\">\n<div class=\"pull-left\" style=\"text-align: left;\"><span style=\"font-family: georgia, palatino, serif; font-size: 14pt; color: #000000;\"><img decoding=\"async\" class=\"media-object\" src=\"https:\/\/www.gravatar.com\/avatar\/08703855b18f2d1c6b678f6b4ad8192b?d=http%3A%2F%2Frecettesgourmandesdejoce.e-monsite.com%2Fmedias%2Fstatic%2Fmanager%2Fim%2Favatar.png?s=50&amp;d=mm\" alt=\"le gall\" width=\"50\" \/><\/span><\/div>\n<div class=\"media-body\">\n<ul class=\"inline item-infos\" style=\"text-align: left;\">\n<li><span style=\"font-family: georgia, palatino, serif; font-size: 14pt; color: #000000;\"><span class=\"comment-number\">3.<\/span>\u00a0<span class=\"comment-author\"><strong>le gall<\/strong><\/span>\u00a0<span class=\"comment-date\">| 19\/10\/2011<\/span><\/span><\/li>\n<\/ul>\n<div class=\"comment-content\" style=\"text-align: left;\"><span style=\"font-family: georgia, palatino, serif; font-size: 14pt; color: #000000;\">bonjour<\/span><br \/>\n<span style=\"font-family: georgia, palatino, serif; font-size: 14pt; color: #000000;\">je trouve votre recette tr\u00e8s sympa.Je vais tenter une variante avec du ch\u00e8vre fermier et des c\u00e8pes (je suis en ard\u00e8che).<\/span><br \/>\n<span style=\"font-family: georgia, palatino, serif; font-size: 14pt; color: #000000;\">merci pour votre originalit\u00e9.<\/span><br \/>\n<span style=\"font-family: georgia, palatino, serif; font-size: 14pt; color: #993366;\"><img decoding=\"async\" class=\"aligncenter\" src=\"http:\/\/recettesgourmandesdejoce.e-monsite.com\/medias\/static\/themes\/smileys\/56.png\" alt=\"\" \/><\/span><\/div>\n<\/div>\n<\/div>\n<\/div>\n<\/div>\n<\/div>\n","protected":false},"excerpt":{"rendered":"<p>Une de mes recettes Ingr\u00e9dients pour 10 c\u0153urs\u00a0de chaque 2 p\u00e2tes feuillet\u00e9es 10 tranches de b\u00fbche de ch\u00e8vre 5 champignons de Paris 1 petit bouquet de ciboulette 1\u00a0\u0153uf 1 c \u00e0 s de cr\u00e8me fra\u00eeche Sel et poivre Huile d&rsquo;olive Laver et hacher la ciboulette, nettoyer et couper les champignons en lamelles, d\u00e9couper dans chaque &hellip; <\/p>\n<p><a class=\"more-link btn\" href=\"http:\/\/recettes-gourmandes-de-joce.fr\/index.php\/index\/aperitifs-amuses-bouches\/feuilletes-aperitifs\/coeurs-feuilletes-aperitifs-au-chevre-ou-lardons-et-aux-champignons\/\">Lire la suite<\/a><\/p>\n","protected":false},"author":2,"featured_media":83065,"parent":920,"menu_order":0,"comment_status":"open","ping_status":"closed","template":"","meta":{"footnotes":""},"class_list":["post-30934","page","type-page","status-publish","has-post-thumbnail","hentry","nodate","item-wrap"],"_links":{"self":[{"href":"http:\/\/recettes-gourmandes-de-joce.fr\/index.php\/wp-json\/wp\/v2\/pages\/30934","targetHints":{"allow":["GET"]}}],"collection":[{"href":"http:\/\/recettes-gourmandes-de-joce.fr\/index.php\/wp-json\/wp\/v2\/pages"}],"about":[{"href":"http:\/\/recettes-gourmandes-de-joce.fr\/index.php\/wp-json\/wp\/v2\/types\/page"}],"author":[{"embeddable":true,"href":"http:\/\/recettes-gourmandes-de-joce.fr\/index.php\/wp-json\/wp\/v2\/users\/2"}],"replies":[{"embeddable":true,"href":"http:\/\/recettes-gourmandes-de-joce.fr\/index.php\/wp-json\/wp\/v2\/comments?post=30934"}],"version-history":[{"count":3,"href":"http:\/\/recettes-gourmandes-de-joce.fr\/index.php\/wp-json\/wp\/v2\/pages\/30934\/revisions"}],"predecessor-version":[{"id":83066,"href":"http:\/\/recettes-gourmandes-de-joce.fr\/index.php\/wp-json\/wp\/v2\/pages\/30934\/revisions\/83066"}],"up":[{"embeddable":true,"href":"http:\/\/recettes-gourmandes-de-joce.fr\/index.php\/wp-json\/wp\/v2\/pages\/920"}],"wp:featuredmedia":[{"embeddable":true,"href":"http:\/\/recettes-gourmandes-de-joce.fr\/index.php\/wp-json\/wp\/v2\/media\/83065"}],"wp:attachment":[{"href":"http:\/\/recettes-gourmandes-de-joce.fr\/index.php\/wp-json\/wp\/v2\/media?parent=30934"}],"curies":[{"name":"wp","href":"https:\/\/api.w.org\/{rel}","templated":true}]}}