{"id":30928,"date":"2021-05-05T10:39:30","date_gmt":"2021-05-05T10:39:30","guid":{"rendered":"http:\/\/recettes-gourmandes-de-joce.fr\/?page_id=30928"},"modified":"2026-03-15T00:49:52","modified_gmt":"2026-03-15T00:49:52","slug":"cuisses-de-poulet-en-cocotte-aux-champignons-piment-despelette-sauce-cremee","status":"publish","type":"page","link":"http:\/\/recettes-gourmandes-de-joce.fr\/index.php\/index\/viandes\/volailles\/poulet-poule-poularde-coq-coquelet\/cuisses-de-poulet-en-cocotte-aux-champignons-piment-despelette-sauce-cremee\/","title":{"rendered":"Cuisses de poulet en cocotte aux champignons, piment d&rsquo;Espelette, sauce cr\u00e9m\u00e9e."},"content":{"rendered":"<p style=\"text-align: center;\"><span style=\"color: #993300;\"><em><span style=\"text-decoration: underline; font-size: 18pt; font-family: georgia, palatino, serif;\">Une de mes recettes <\/span><\/em><\/span><\/p>\n<p style=\"text-align: center;\"><span style=\"color: #993300;\"><img loading=\"lazy\" decoding=\"async\" class=\"alignnone wp-image-30926\" src=\"http:\/\/recettes-gourmandes-de-joce.fr\/wp-content\/uploads\/2021\/05\/20210504_195905-300x225.jpg\" alt=\"\" width=\"240\" height=\"180\" srcset=\"http:\/\/recettes-gourmandes-de-joce.fr\/wp-content\/uploads\/2021\/05\/20210504_195905-300x225.jpg 300w, http:\/\/recettes-gourmandes-de-joce.fr\/wp-content\/uploads\/2021\/05\/20210504_195905-768x576.jpg 768w, http:\/\/recettes-gourmandes-de-joce.fr\/wp-content\/uploads\/2021\/05\/20210504_195905-750x563.jpg 750w, http:\/\/recettes-gourmandes-de-joce.fr\/wp-content\/uploads\/2021\/05\/20210504_195905.jpg 800w\" sizes=\"auto, (max-width: 240px) 100vw, 240px\" \/> <img loading=\"lazy\" decoding=\"async\" class=\"alignnone wp-image-30927\" src=\"http:\/\/recettes-gourmandes-de-joce.fr\/wp-content\/uploads\/2021\/05\/20210504_195918-300x234.jpg\" alt=\"\" width=\"231\" height=\"180\" srcset=\"http:\/\/recettes-gourmandes-de-joce.fr\/wp-content\/uploads\/2021\/05\/20210504_195918-300x234.jpg 300w, http:\/\/recettes-gourmandes-de-joce.fr\/wp-content\/uploads\/2021\/05\/20210504_195918-768x599.jpg 768w, http:\/\/recettes-gourmandes-de-joce.fr\/wp-content\/uploads\/2021\/05\/20210504_195918-750x585.jpg 750w, http:\/\/recettes-gourmandes-de-joce.fr\/wp-content\/uploads\/2021\/05\/20210504_195918.jpg 800w\" sizes=\"auto, (max-width: 231px) 100vw, 231px\" \/> <img loading=\"lazy\" decoding=\"async\" class=\"alignnone wp-image-30907\" src=\"http:\/\/recettes-gourmandes-de-joce.fr\/wp-content\/uploads\/2021\/05\/20210504_195929-300x225.jpg\" alt=\"\" width=\"240\" height=\"180\" srcset=\"http:\/\/recettes-gourmandes-de-joce.fr\/wp-content\/uploads\/2021\/05\/20210504_195929-300x225.jpg 300w, http:\/\/recettes-gourmandes-de-joce.fr\/wp-content\/uploads\/2021\/05\/20210504_195929-768x576.jpg 768w, http:\/\/recettes-gourmandes-de-joce.fr\/wp-content\/uploads\/2021\/05\/20210504_195929-750x563.jpg 750w, http:\/\/recettes-gourmandes-de-joce.fr\/wp-content\/uploads\/2021\/05\/20210504_195929.jpg 800w\" sizes=\"auto, (max-width: 240px) 100vw, 240px\" \/><\/span><\/p>\n<p style=\"text-align: center;\"><span style=\"color: #993300;\"><em><span style=\"text-decoration: underline; font-size: 18pt; font-family: georgia, palatino, serif;\">Ingr\u00e9dients pour 2 personnes<\/span><\/em><\/span><\/p>\n<p style=\"text-align: center;\"><span style=\"color: #993300;\"><img loading=\"lazy\" decoding=\"async\" class=\"alignnone wp-image-30908\" src=\"http:\/\/recettes-gourmandes-de-joce.fr\/wp-content\/uploads\/2021\/05\/20210504_190247-278x300.jpg\" alt=\"\" width=\"185\" height=\"200\" srcset=\"http:\/\/recettes-gourmandes-de-joce.fr\/wp-content\/uploads\/2021\/05\/20210504_190247-278x300.jpg 278w, http:\/\/recettes-gourmandes-de-joce.fr\/wp-content\/uploads\/2021\/05\/20210504_190247.jpg 740w\" sizes=\"auto, (max-width: 185px) 100vw, 185px\" \/><\/span><\/p>\n<p style=\"text-align: center;\"><span style=\"color: #993300;\"><em><span style=\"font-family: georgia, palatino, serif; font-size: 14pt;\">2 cuisses de poulet<\/span><\/em><\/span><\/p>\n<p style=\"text-align: center;\"><span style=\"color: #993300;\"><em><span style=\"font-family: georgia, palatino, serif; font-size: 14pt;\"> 3 champignons de paris <\/span><\/em><\/span><\/p>\n<p style=\"text-align: center;\"><span style=\"color: #993300;\"><em><span style=\"font-family: georgia, palatino, serif; font-size: 14pt;\">Quelques pleurotes ou champignons de votre go\u00fbt <\/span><\/em><\/span><\/p>\n<p style=\"text-align: center;\"><span style=\"color: #993300;\"><em><span style=\"font-family: georgia, palatino, serif; font-size: 14pt;\">1 \u00e9chalote <\/span><\/em><\/span><\/p>\n<p style=\"text-align: center;\"><span style=\"color: #993300;\"><em><span style=\"font-family: georgia, palatino, serif; font-size: 14pt;\">5 gousses d&rsquo;ail <\/span><\/em><\/span><\/p>\n<p style=\"text-align: center;\"><span style=\"color: #993300;\"><em><span style=\"font-family: georgia, palatino, serif; font-size: 14pt;\">1 cube de bouillon de volaille <\/span><\/em><\/span><\/p>\n<p style=\"text-align: center;\"><span style=\"color: #993300;\"><em><span style=\"font-family: georgia, palatino, serif; font-size: 14pt;\">2 c \u00e0 s de cr\u00e8me fra\u00eeche<\/span><\/em><\/span><\/p>\n<p style=\"text-align: center;\"><span style=\"color: #993300;\"><em><span style=\"font-family: georgia, palatino, serif; font-size: 14pt;\">50 g de lardon fum\u00e9s <\/span><\/em><\/span><\/p>\n<p style=\"text-align: center;\"><span style=\"color: #993300;\"><em><span style=\"font-family: georgia, palatino, serif; font-size: 14pt;\">1 petit bouquet de persil plat <\/span><\/em><\/span><\/p>\n<p style=\"text-align: center;\"><span style=\"color: #993300;\"><em><span style=\"font-family: georgia, palatino, serif; font-size: 14pt;\">2 bonnes pinc\u00e9es de piment D&rsquo;Espelette<\/span><\/em><\/span><\/p>\n<p style=\"text-align: center;\"><span style=\"color: #993300;\"><em><span style=\"font-family: georgia, palatino, serif; font-size: 14pt;\"> Sel \u00e0 l&rsquo;ail pour moi \u00e0 d\u00e9faut du sel <\/span><\/em><\/span><\/p>\n<p style=\"text-align: center;\"><span style=\"color: #993300;\"><em><span style=\"font-family: georgia, palatino, serif; font-size: 14pt;\">Poivre <\/span><\/em><\/span><\/p>\n<p style=\"text-align: center;\"><span style=\"color: #993300;\"><em><span style=\"font-family: georgia, palatino, serif; font-size: 14pt;\">Huile d&rsquo;olive<\/span><\/em><\/span><\/p>\n<p style=\"text-align: center;\"><span style=\"color: #993300;\"><em><span style=\"font-family: georgia, palatino, serif; font-size: 14pt;\"><img loading=\"lazy\" decoding=\"async\" class=\"alignnone wp-image-30909\" src=\"http:\/\/recettes-gourmandes-de-joce.fr\/wp-content\/uploads\/2021\/05\/20210504_190635-300x221.jpg\" alt=\"\" width=\"217\" height=\"160\" srcset=\"http:\/\/recettes-gourmandes-de-joce.fr\/wp-content\/uploads\/2021\/05\/20210504_190635-300x221.jpg 300w, http:\/\/recettes-gourmandes-de-joce.fr\/wp-content\/uploads\/2021\/05\/20210504_190635-768x566.jpg 768w, http:\/\/recettes-gourmandes-de-joce.fr\/wp-content\/uploads\/2021\/05\/20210504_190635-750x553.jpg 750w, http:\/\/recettes-gourmandes-de-joce.fr\/wp-content\/uploads\/2021\/05\/20210504_190635.jpg 800w\" sizes=\"auto, (max-width: 217px) 100vw, 217px\" \/> <img loading=\"lazy\" decoding=\"async\" class=\"alignnone wp-image-30910\" src=\"http:\/\/recettes-gourmandes-de-joce.fr\/wp-content\/uploads\/2021\/05\/20210504_190904-300x202.jpg\" alt=\"\" width=\"237\" height=\"160\" srcset=\"http:\/\/recettes-gourmandes-de-joce.fr\/wp-content\/uploads\/2021\/05\/20210504_190904-300x202.jpg 300w, http:\/\/recettes-gourmandes-de-joce.fr\/wp-content\/uploads\/2021\/05\/20210504_190904-768x517.jpg 768w, http:\/\/recettes-gourmandes-de-joce.fr\/wp-content\/uploads\/2021\/05\/20210504_190904-750x505.jpg 750w, http:\/\/recettes-gourmandes-de-joce.fr\/wp-content\/uploads\/2021\/05\/20210504_190904.jpg 800w\" sizes=\"auto, (max-width: 237px) 100vw, 237px\" \/> <img loading=\"lazy\" decoding=\"async\" class=\"alignnone wp-image-30911\" src=\"http:\/\/recettes-gourmandes-de-joce.fr\/wp-content\/uploads\/2021\/05\/20210504_191013-300x225.jpg\" alt=\"\" width=\"213\" height=\"160\" srcset=\"http:\/\/recettes-gourmandes-de-joce.fr\/wp-content\/uploads\/2021\/05\/20210504_191013-300x225.jpg 300w, http:\/\/recettes-gourmandes-de-joce.fr\/wp-content\/uploads\/2021\/05\/20210504_191013-768x576.jpg 768w, http:\/\/recettes-gourmandes-de-joce.fr\/wp-content\/uploads\/2021\/05\/20210504_191013-750x563.jpg 750w, http:\/\/recettes-gourmandes-de-joce.fr\/wp-content\/uploads\/2021\/05\/20210504_191013.jpg 800w\" sizes=\"auto, (max-width: 213px) 100vw, 213px\" \/><\/span><\/em><\/span><\/p>\n<p style=\"text-align: center;\"><span style=\"color: #993300;\"><em><span style=\"font-family: georgia, palatino, serif; font-size: 14pt;\">Peler et hacher l&rsquo;\u00e9chalote, laver et ciseler le persil, nettoyer et couper les champignons, \u00e9craser les gousses d&rsquo;ail en laissant la peau. Saler et poivrer les cuisses de poulet sur les deux faces, r\u00e9partir le piment d&rsquo;Espelette. Dans une cocotte mettre un filet d&rsquo;huile d&rsquo;olive, y faire dorer sur les deux faces les cuisses de poulet.<\/span><\/em><\/span><\/p>\n<p style=\"text-align: center;\"><span style=\"color: #993300;\"><em><span style=\"font-family: georgia, palatino, serif; font-size: 14pt;\"><img loading=\"lazy\" decoding=\"async\" class=\"alignnone wp-image-30913\" src=\"http:\/\/recettes-gourmandes-de-joce.fr\/wp-content\/uploads\/2021\/05\/20210504_191354-300x214.jpg\" alt=\"\" width=\"224\" height=\"160\" srcset=\"http:\/\/recettes-gourmandes-de-joce.fr\/wp-content\/uploads\/2021\/05\/20210504_191354-300x214.jpg 300w, http:\/\/recettes-gourmandes-de-joce.fr\/wp-content\/uploads\/2021\/05\/20210504_191354-768x548.jpg 768w, http:\/\/recettes-gourmandes-de-joce.fr\/wp-content\/uploads\/2021\/05\/20210504_191354-750x535.jpg 750w, http:\/\/recettes-gourmandes-de-joce.fr\/wp-content\/uploads\/2021\/05\/20210504_191354.jpg 800w\" sizes=\"auto, (max-width: 224px) 100vw, 224px\" \/> <img loading=\"lazy\" decoding=\"async\" class=\"alignnone wp-image-30912\" src=\"http:\/\/recettes-gourmandes-de-joce.fr\/wp-content\/uploads\/2021\/05\/20210504_191348-300x216.jpg\" alt=\"\" width=\"222\" height=\"160\" srcset=\"http:\/\/recettes-gourmandes-de-joce.fr\/wp-content\/uploads\/2021\/05\/20210504_191348-300x216.jpg 300w, http:\/\/recettes-gourmandes-de-joce.fr\/wp-content\/uploads\/2021\/05\/20210504_191348-768x554.jpg 768w, http:\/\/recettes-gourmandes-de-joce.fr\/wp-content\/uploads\/2021\/05\/20210504_191348-750x541.jpg 750w, http:\/\/recettes-gourmandes-de-joce.fr\/wp-content\/uploads\/2021\/05\/20210504_191348.jpg 800w\" sizes=\"auto, (max-width: 222px) 100vw, 222px\" \/> <img loading=\"lazy\" decoding=\"async\" class=\"alignnone wp-image-30914\" src=\"http:\/\/recettes-gourmandes-de-joce.fr\/wp-content\/uploads\/2021\/05\/20210504_191425-300x225.jpg\" alt=\"\" width=\"213\" height=\"160\" srcset=\"http:\/\/recettes-gourmandes-de-joce.fr\/wp-content\/uploads\/2021\/05\/20210504_191425-300x225.jpg 300w, http:\/\/recettes-gourmandes-de-joce.fr\/wp-content\/uploads\/2021\/05\/20210504_191425-768x576.jpg 768w, http:\/\/recettes-gourmandes-de-joce.fr\/wp-content\/uploads\/2021\/05\/20210504_191425-750x563.jpg 750w, http:\/\/recettes-gourmandes-de-joce.fr\/wp-content\/uploads\/2021\/05\/20210504_191425.jpg 800w\" sizes=\"auto, (max-width: 213px) 100vw, 213px\" \/><\/span><\/em><\/span><\/p>\n<p style=\"text-align: center;\"><span style=\"color: #993300;\"><em><span style=\"font-family: georgia, palatino, serif; font-size: 14pt;\">Lorsqu&rsquo;elles sont dor\u00e9es, les d\u00e9barrasser, \u00e0 la place mettre les \u00e9chalotes et les gousses d&rsquo;ail, les faire suer, ajouter les lardons et les faire dorer.<\/span><\/em><\/span><\/p>\n<p style=\"text-align: center;\"><span style=\"color: #993300;\"><em><span style=\"font-family: georgia, palatino, serif; font-size: 14pt;\"><img loading=\"lazy\" decoding=\"async\" class=\"alignnone wp-image-30915\" src=\"http:\/\/recettes-gourmandes-de-joce.fr\/wp-content\/uploads\/2021\/05\/20210504_191451-300x225.jpg\" alt=\"\" width=\"213\" height=\"160\" srcset=\"http:\/\/recettes-gourmandes-de-joce.fr\/wp-content\/uploads\/2021\/05\/20210504_191451-300x225.jpg 300w, http:\/\/recettes-gourmandes-de-joce.fr\/wp-content\/uploads\/2021\/05\/20210504_191451-768x576.jpg 768w, http:\/\/recettes-gourmandes-de-joce.fr\/wp-content\/uploads\/2021\/05\/20210504_191451-750x563.jpg 750w, http:\/\/recettes-gourmandes-de-joce.fr\/wp-content\/uploads\/2021\/05\/20210504_191451.jpg 800w\" sizes=\"auto, (max-width: 213px) 100vw, 213px\" \/> <img loading=\"lazy\" decoding=\"async\" class=\"alignnone wp-image-30916\" src=\"http:\/\/recettes-gourmandes-de-joce.fr\/wp-content\/uploads\/2021\/05\/20210504_191556-300x225.jpg\" alt=\"\" width=\"213\" height=\"160\" srcset=\"http:\/\/recettes-gourmandes-de-joce.fr\/wp-content\/uploads\/2021\/05\/20210504_191556-300x225.jpg 300w, http:\/\/recettes-gourmandes-de-joce.fr\/wp-content\/uploads\/2021\/05\/20210504_191556-768x576.jpg 768w, http:\/\/recettes-gourmandes-de-joce.fr\/wp-content\/uploads\/2021\/05\/20210504_191556-750x563.jpg 750w, http:\/\/recettes-gourmandes-de-joce.fr\/wp-content\/uploads\/2021\/05\/20210504_191556.jpg 800w\" sizes=\"auto, (max-width: 213px) 100vw, 213px\" \/> <img loading=\"lazy\" decoding=\"async\" class=\"alignnone wp-image-30917\" src=\"http:\/\/recettes-gourmandes-de-joce.fr\/wp-content\/uploads\/2021\/05\/20210504_191624-300x225.jpg\" alt=\"\" width=\"213\" height=\"160\" srcset=\"http:\/\/recettes-gourmandes-de-joce.fr\/wp-content\/uploads\/2021\/05\/20210504_191624-300x225.jpg 300w, http:\/\/recettes-gourmandes-de-joce.fr\/wp-content\/uploads\/2021\/05\/20210504_191624-768x576.jpg 768w, http:\/\/recettes-gourmandes-de-joce.fr\/wp-content\/uploads\/2021\/05\/20210504_191624-750x563.jpg 750w, http:\/\/recettes-gourmandes-de-joce.fr\/wp-content\/uploads\/2021\/05\/20210504_191624.jpg 800w\" sizes=\"auto, (max-width: 213px) 100vw, 213px\" \/><\/span><\/em><\/span><\/p>\n<p style=\"text-align: center;\"><span style=\"color: #993300;\"><em><span style=\"font-family: georgia, palatino, serif; font-size: 14pt;\">Ajouter ensuite les champignons et les faire cuire l\u00e9g\u00e8rement en les remuant. Ajouter ensuite la moiti\u00e9 du persil et le cube de bouillon de volaille \u00e9miett\u00e9.<\/span><\/em><\/span><\/p>\n<p style=\"text-align: center;\"><span style=\"color: #993300;\"><em><span style=\"font-family: georgia, palatino, serif; font-size: 14pt;\"><img loading=\"lazy\" decoding=\"async\" class=\"alignnone wp-image-30918\" src=\"http:\/\/recettes-gourmandes-de-joce.fr\/wp-content\/uploads\/2021\/05\/20210504_191634-300x225.jpg\" alt=\"\" width=\"213\" height=\"160\" srcset=\"http:\/\/recettes-gourmandes-de-joce.fr\/wp-content\/uploads\/2021\/05\/20210504_191634-300x225.jpg 300w, http:\/\/recettes-gourmandes-de-joce.fr\/wp-content\/uploads\/2021\/05\/20210504_191634-768x576.jpg 768w, http:\/\/recettes-gourmandes-de-joce.fr\/wp-content\/uploads\/2021\/05\/20210504_191634-750x563.jpg 750w, http:\/\/recettes-gourmandes-de-joce.fr\/wp-content\/uploads\/2021\/05\/20210504_191634.jpg 800w\" sizes=\"auto, (max-width: 213px) 100vw, 213px\" \/> <img loading=\"lazy\" decoding=\"async\" class=\"alignnone wp-image-30919\" src=\"http:\/\/recettes-gourmandes-de-joce.fr\/wp-content\/uploads\/2021\/05\/20210504_191722-300x225.jpg\" alt=\"\" width=\"213\" height=\"160\" srcset=\"http:\/\/recettes-gourmandes-de-joce.fr\/wp-content\/uploads\/2021\/05\/20210504_191722-300x225.jpg 300w, http:\/\/recettes-gourmandes-de-joce.fr\/wp-content\/uploads\/2021\/05\/20210504_191722-768x576.jpg 768w, http:\/\/recettes-gourmandes-de-joce.fr\/wp-content\/uploads\/2021\/05\/20210504_191722-750x563.jpg 750w, http:\/\/recettes-gourmandes-de-joce.fr\/wp-content\/uploads\/2021\/05\/20210504_191722.jpg 800w\" sizes=\"auto, (max-width: 213px) 100vw, 213px\" \/> <img loading=\"lazy\" decoding=\"async\" class=\"alignnone wp-image-30921\" src=\"http:\/\/recettes-gourmandes-de-joce.fr\/wp-content\/uploads\/2021\/05\/20210504_191753-300x224.jpg\" alt=\"\" width=\"214\" height=\"160\" srcset=\"http:\/\/recettes-gourmandes-de-joce.fr\/wp-content\/uploads\/2021\/05\/20210504_191753-300x224.jpg 300w, http:\/\/recettes-gourmandes-de-joce.fr\/wp-content\/uploads\/2021\/05\/20210504_191753-768x573.jpg 768w, http:\/\/recettes-gourmandes-de-joce.fr\/wp-content\/uploads\/2021\/05\/20210504_191753-750x560.jpg 750w, http:\/\/recettes-gourmandes-de-joce.fr\/wp-content\/uploads\/2021\/05\/20210504_191753.jpg 800w\" sizes=\"auto, (max-width: 214px) 100vw, 214px\" \/><\/span><\/em><\/span><\/p>\n<p style=\"text-align: center;\"><span style=\"color: #993300;\"><em><span style=\"font-family: georgia, palatino, serif; font-size: 14pt;\">Ajouter environ 250ml d&rsquo;eau et remuer. Remettre les cuisses de poulet et laisser cuire \u00e0 feu doux environ 20 minutes \u00e0 d\u00e9couvert, poursuivre ensuite la cuisson 15 minutes environ selon la grosseur des cuisses de poulet \u00e0 couvert.<\/span><\/em><\/span><\/p>\n<p style=\"text-align: center;\"><span style=\"color: #993300;\"><em><span style=\"font-family: georgia, palatino, serif; font-size: 14pt;\"><img loading=\"lazy\" decoding=\"async\" class=\"alignnone wp-image-30923\" src=\"http:\/\/recettes-gourmandes-de-joce.fr\/wp-content\/uploads\/2021\/05\/20210504_195627-300x200.jpg\" alt=\"\" width=\"240\" height=\"160\" srcset=\"http:\/\/recettes-gourmandes-de-joce.fr\/wp-content\/uploads\/2021\/05\/20210504_195627-300x200.jpg 300w, http:\/\/recettes-gourmandes-de-joce.fr\/wp-content\/uploads\/2021\/05\/20210504_195627-768x513.jpg 768w, http:\/\/recettes-gourmandes-de-joce.fr\/wp-content\/uploads\/2021\/05\/20210504_195627-750x501.jpg 750w, http:\/\/recettes-gourmandes-de-joce.fr\/wp-content\/uploads\/2021\/05\/20210504_195627.jpg 800w\" sizes=\"auto, (max-width: 240px) 100vw, 240px\" \/> <img loading=\"lazy\" decoding=\"async\" class=\"alignnone wp-image-30922\" src=\"http:\/\/recettes-gourmandes-de-joce.fr\/wp-content\/uploads\/2021\/05\/20210504_195622-300x213.jpg\" alt=\"\" width=\"225\" height=\"160\" srcset=\"http:\/\/recettes-gourmandes-de-joce.fr\/wp-content\/uploads\/2021\/05\/20210504_195622-300x213.jpg 300w, http:\/\/recettes-gourmandes-de-joce.fr\/wp-content\/uploads\/2021\/05\/20210504_195622-768x546.jpg 768w, http:\/\/recettes-gourmandes-de-joce.fr\/wp-content\/uploads\/2021\/05\/20210504_195622-750x533.jpg 750w, http:\/\/recettes-gourmandes-de-joce.fr\/wp-content\/uploads\/2021\/05\/20210504_195622.jpg 800w\" sizes=\"auto, (max-width: 225px) 100vw, 225px\" \/> <img loading=\"lazy\" decoding=\"async\" class=\"alignnone wp-image-30924\" src=\"http:\/\/recettes-gourmandes-de-joce.fr\/wp-content\/uploads\/2021\/05\/20210504_195656-300x225.jpg\" alt=\"\" width=\"213\" height=\"160\" srcset=\"http:\/\/recettes-gourmandes-de-joce.fr\/wp-content\/uploads\/2021\/05\/20210504_195656-300x225.jpg 300w, http:\/\/recettes-gourmandes-de-joce.fr\/wp-content\/uploads\/2021\/05\/20210504_195656-768x576.jpg 768w, http:\/\/recettes-gourmandes-de-joce.fr\/wp-content\/uploads\/2021\/05\/20210504_195656-750x563.jpg 750w, http:\/\/recettes-gourmandes-de-joce.fr\/wp-content\/uploads\/2021\/05\/20210504_195656.jpg 800w\" sizes=\"auto, (max-width: 213px) 100vw, 213px\" \/><\/span><\/em><\/span><\/p>\n<p style=\"text-align: center;\"><span style=\"color: #993300;\"><em><span style=\"font-family: georgia, palatino, serif; font-size: 14pt;\"><span style=\"color: #993300; font-family: georgia, palatino, serif;\"><span style=\"font-size: 14pt;\">Lorsque le poulet est cuit, le d\u00e9barrasser et mettre la cr\u00e8me dans la sauce, m\u00e9langer et servir le poulet accompagn\u00e9 de la sauce et en <\/span><span style=\"font-size: 18.6667px;\">parsemant<\/span><span style=\"font-size: 14pt;\">\u00a0du reste du persil.\u00a0<\/span><\/span><\/span><\/em><\/span><\/p>\n<p style=\"text-align: center;\"><span style=\"color: #993300;\"><em><span style=\"font-family: georgia, palatino, serif; font-size: 14pt;\">Bon app\u00e9tit!<\/span><\/em><\/span><\/p>\n<p style=\"text-align: center;\"><span style=\"color: #993300;\"><em><span style=\"font-family: georgia, palatino, serif; font-size: 14pt;\"><img loading=\"lazy\" decoding=\"async\" class=\"alignnone wp-image-30905\" src=\"http:\/\/recettes-gourmandes-de-joce.fr\/wp-content\/uploads\/2021\/05\/20210504_195923-300x225.jpg\" alt=\"\" width=\"240\" height=\"180\" srcset=\"http:\/\/recettes-gourmandes-de-joce.fr\/wp-content\/uploads\/2021\/05\/20210504_195923-300x225.jpg 300w, http:\/\/recettes-gourmandes-de-joce.fr\/wp-content\/uploads\/2021\/05\/20210504_195923-768x576.jpg 768w, http:\/\/recettes-gourmandes-de-joce.fr\/wp-content\/uploads\/2021\/05\/20210504_195923-750x563.jpg 750w, http:\/\/recettes-gourmandes-de-joce.fr\/wp-content\/uploads\/2021\/05\/20210504_195923.jpg 800w\" sizes=\"auto, (max-width: 240px) 100vw, 240px\" \/> <img loading=\"lazy\" decoding=\"async\" class=\"alignnone wp-image-30925\" src=\"http:\/\/recettes-gourmandes-de-joce.fr\/wp-content\/uploads\/2021\/05\/20210504_195858-300x216.jpg\" alt=\"\" width=\"250\" height=\"180\" srcset=\"http:\/\/recettes-gourmandes-de-joce.fr\/wp-content\/uploads\/2021\/05\/20210504_195858-300x216.jpg 300w, http:\/\/recettes-gourmandes-de-joce.fr\/wp-content\/uploads\/2021\/05\/20210504_195858-768x553.jpg 768w, http:\/\/recettes-gourmandes-de-joce.fr\/wp-content\/uploads\/2021\/05\/20210504_195858-750x540.jpg 750w, http:\/\/recettes-gourmandes-de-joce.fr\/wp-content\/uploads\/2021\/05\/20210504_195858.jpg 800w\" sizes=\"auto, (max-width: 250px) 100vw, 250px\" \/>\u00a0<\/span><\/em><img loading=\"lazy\" decoding=\"async\" class=\"alignnone wp-image-30906\" src=\"http:\/\/recettes-gourmandes-de-joce.fr\/wp-content\/uploads\/2021\/05\/20210504_195926-300x225.jpg\" alt=\"\" width=\"240\" height=\"180\" srcset=\"http:\/\/recettes-gourmandes-de-joce.fr\/wp-content\/uploads\/2021\/05\/20210504_195926-300x225.jpg 300w, http:\/\/recettes-gourmandes-de-joce.fr\/wp-content\/uploads\/2021\/05\/20210504_195926-768x576.jpg 768w, http:\/\/recettes-gourmandes-de-joce.fr\/wp-content\/uploads\/2021\/05\/20210504_195926-750x563.jpg 750w, http:\/\/recettes-gourmandes-de-joce.fr\/wp-content\/uploads\/2021\/05\/20210504_195926.jpg 800w\" sizes=\"auto, (max-width: 240px) 100vw, 240px\" \/><\/span><\/p>\n<p style=\"text-align: center;\"><span style=\"color: #993300;\"><img loading=\"lazy\" decoding=\"async\" class=\"alignnone wp-image-24317 size-full\" src=\"http:\/\/recettes-gourmandes-de-joce.fr\/wp-content\/uploads\/2020\/07\/logitech-gaming-software-14112014-121223.jpg\" alt=\"\" width=\"640\" height=\"144\" srcset=\"http:\/\/recettes-gourmandes-de-joce.fr\/wp-content\/uploads\/2020\/07\/logitech-gaming-software-14112014-121223.jpg 640w, http:\/\/recettes-gourmandes-de-joce.fr\/wp-content\/uploads\/2020\/07\/logitech-gaming-software-14112014-121223-300x68.jpg 300w\" sizes=\"auto, (max-width: 640px) 100vw, 640px\" \/><\/span><\/p>\n","protected":false},"excerpt":{"rendered":"<p>Une de mes recettes Ingr\u00e9dients pour 2 personnes 2 cuisses de poulet 3 champignons de paris Quelques pleurotes ou champignons de votre go\u00fbt 1 \u00e9chalote 5 gousses d&rsquo;ail 1 cube de bouillon de volaille 2 c \u00e0 s de cr\u00e8me fra\u00eeche 50 g de lardon fum\u00e9s 1 petit bouquet de persil plat 2 bonnes pinc\u00e9es &hellip; <\/p>\n<p><a class=\"more-link btn\" href=\"http:\/\/recettes-gourmandes-de-joce.fr\/index.php\/index\/viandes\/volailles\/poulet-poule-poularde-coq-coquelet\/cuisses-de-poulet-en-cocotte-aux-champignons-piment-despelette-sauce-cremee\/\">Lire la suite<\/a><\/p>\n","protected":false},"author":2,"featured_media":73300,"parent":99760,"menu_order":0,"comment_status":"open","ping_status":"closed","template":"","meta":{"footnotes":""},"class_list":["post-30928","page","type-page","status-publish","has-post-thumbnail","hentry","nodate","item-wrap"],"_links":{"self":[{"href":"http:\/\/recettes-gourmandes-de-joce.fr\/index.php\/wp-json\/wp\/v2\/pages\/30928","targetHints":{"allow":["GET"]}}],"collection":[{"href":"http:\/\/recettes-gourmandes-de-joce.fr\/index.php\/wp-json\/wp\/v2\/pages"}],"about":[{"href":"http:\/\/recettes-gourmandes-de-joce.fr\/index.php\/wp-json\/wp\/v2\/types\/page"}],"author":[{"embeddable":true,"href":"http:\/\/recettes-gourmandes-de-joce.fr\/index.php\/wp-json\/wp\/v2\/users\/2"}],"replies":[{"embeddable":true,"href":"http:\/\/recettes-gourmandes-de-joce.fr\/index.php\/wp-json\/wp\/v2\/comments?post=30928"}],"version-history":[{"count":4,"href":"http:\/\/recettes-gourmandes-de-joce.fr\/index.php\/wp-json\/wp\/v2\/pages\/30928\/revisions"}],"predecessor-version":[{"id":73301,"href":"http:\/\/recettes-gourmandes-de-joce.fr\/index.php\/wp-json\/wp\/v2\/pages\/30928\/revisions\/73301"}],"up":[{"embeddable":true,"href":"http:\/\/recettes-gourmandes-de-joce.fr\/index.php\/wp-json\/wp\/v2\/pages\/99760"}],"wp:featuredmedia":[{"embeddable":true,"href":"http:\/\/recettes-gourmandes-de-joce.fr\/index.php\/wp-json\/wp\/v2\/media\/73300"}],"wp:attachment":[{"href":"http:\/\/recettes-gourmandes-de-joce.fr\/index.php\/wp-json\/wp\/v2\/media?parent=30928"}],"curies":[{"name":"wp","href":"https:\/\/api.w.org\/{rel}","templated":true}]}}