{"id":3085,"date":"2019-10-05T13:08:14","date_gmt":"2019-10-05T13:08:14","guid":{"rendered":"http:\/\/recettes-gourmandes-de-joce.fr\/?page_id=3085"},"modified":"2025-03-25T10:06:06","modified_gmt":"2025-03-25T10:06:06","slug":"marinade-a-la-citronnelle-a-lail-aux-herbes-aromatiques","status":"publish","type":"page","link":"http:\/\/recettes-gourmandes-de-joce.fr\/index.php\/index\/sauces-assaisonnements\/marinades\/marinade-a-la-citronnelle-a-lail-aux-herbes-aromatiques\/","title":{"rendered":"Marinade \u00e0 la citronnelle, \u00e0 l&rsquo;ail, aux herbes aromatiques."},"content":{"rendered":"<p style=\"text-align: center;\"><span style=\"color: #808000; text-decoration: underline; font-family: georgia, palatino, serif;\"><em><span style=\"font-size: x-large;\">Une de mes recettes<\/span><\/em><\/span><\/p>\n<p style=\"text-align: center;\"><span style=\"color: #808000; font-family: georgia, palatino, serif;\"><a title=\"titre de l'image\" href=\"http:\/\/jocelyne.debon.free.fr\/poulet-marine-citronnelle\/poulet-marine-citronnelle11.JPG\" rel=\"iframe\"><span style=\"color: #808000;\"><img loading=\"lazy\" decoding=\"async\" class=\"alignnone wp-image-72776\" src=\"http:\/\/recettes-gourmandes-de-joce.fr\/wp-content\/uploads\/2024\/04\/marinade-citronnelle2-1.jpg\" alt=\"\" width=\"178\" height=\"180\" srcset=\"http:\/\/recettes-gourmandes-de-joce.fr\/wp-content\/uploads\/2024\/04\/marinade-citronnelle2-1.jpg 792w, http:\/\/recettes-gourmandes-de-joce.fr\/wp-content\/uploads\/2024\/04\/marinade-citronnelle2-1-768x776.jpg 768w, http:\/\/recettes-gourmandes-de-joce.fr\/wp-content\/uploads\/2024\/04\/marinade-citronnelle2-1-750x758.jpg 750w\" sizes=\"auto, (max-width: 178px) 100vw, 178px\" \/> <img loading=\"lazy\" decoding=\"async\" class=\"alignnone wp-image-72777\" src=\"http:\/\/recettes-gourmandes-de-joce.fr\/wp-content\/uploads\/2024\/04\/marinade-citronnelle1-1.jpg\" alt=\"\" width=\"190\" height=\"180\" srcset=\"http:\/\/recettes-gourmandes-de-joce.fr\/wp-content\/uploads\/2024\/04\/marinade-citronnelle1-1.jpg 800w, http:\/\/recettes-gourmandes-de-joce.fr\/wp-content\/uploads\/2024\/04\/marinade-citronnelle1-1-768x729.jpg 768w, http:\/\/recettes-gourmandes-de-joce.fr\/wp-content\/uploads\/2024\/04\/marinade-citronnelle1-1-750x712.jpg 750w\" sizes=\"auto, (max-width: 190px) 100vw, 190px\" \/> <img loading=\"lazy\" decoding=\"async\" class=\"alignnone wp-image-72520\" src=\"http:\/\/recettes-gourmandes-de-joce.fr\/wp-content\/uploads\/2024\/04\/poulet-marine-citronnelle11.jpg\" alt=\"\" width=\"199\" height=\"180\" srcset=\"http:\/\/recettes-gourmandes-de-joce.fr\/wp-content\/uploads\/2024\/04\/poulet-marine-citronnelle11.jpg 800w, http:\/\/recettes-gourmandes-de-joce.fr\/wp-content\/uploads\/2024\/04\/poulet-marine-citronnelle11-768x695.jpg 768w, http:\/\/recettes-gourmandes-de-joce.fr\/wp-content\/uploads\/2024\/04\/poulet-marine-citronnelle11-750x679.jpg 750w\" sizes=\"auto, (max-width: 199px) 100vw, 199px\" \/><\/span><\/a><\/span><\/p>\n<p style=\"text-align: center;\"><span style=\"color: #808000; font-size: x-large; text-decoration: underline; font-family: georgia, palatino, serif;\"><em>Ingr\u00e9dients pour 1 poulet par exemple<\/em><\/span><\/p>\n<p style=\"text-align: center;\"><img loading=\"lazy\" decoding=\"async\" class=\"alignnone wp-image-72529\" src=\"http:\/\/recettes-gourmandes-de-joce.fr\/wp-content\/uploads\/2024\/04\/poulet-marine-citronnelle4.jpg\" alt=\"\" width=\"294\" height=\"200\" srcset=\"http:\/\/recettes-gourmandes-de-joce.fr\/wp-content\/uploads\/2024\/04\/poulet-marine-citronnelle4.jpg 800w, http:\/\/recettes-gourmandes-de-joce.fr\/wp-content\/uploads\/2024\/04\/poulet-marine-citronnelle4-768x523.jpg 768w, http:\/\/recettes-gourmandes-de-joce.fr\/wp-content\/uploads\/2024\/04\/poulet-marine-citronnelle4-750x511.jpg 750w\" sizes=\"auto, (max-width: 294px) 100vw, 294px\" \/><\/p>\n<p style=\"text-align: center;\"><span style=\"font-size: large; font-family: georgia, palatino, serif;\"><em><span style=\"color: #808000;\">1 citron non trait\u00e9<\/span><\/em><\/span><\/p>\n<p style=\"text-align: center;\"><span style=\"font-size: large; font-family: georgia, palatino, serif;\"><em><span style=\"color: #808000;\">1\u00a0c \u00e0 s rase de poudre de citronnelle -&gt; \u00c9pic\u00e9too<\/span><\/em><\/span><\/p>\n<p style=\"text-align: center;\"><span style=\"font-size: large; font-family: georgia, palatino, serif;\"><em><span style=\"color: #808000;\">3 belles gousses d&rsquo;ail<\/span><\/em><\/span><\/p>\n<p style=\"text-align: center;\"><span style=\"font-size: large; font-family: georgia, palatino, serif;\"><em><span style=\"color: #808000;\">\u00bd c \u00e0 c de piment d&rsquo;Espelette<\/span><\/em><\/span><\/p>\n<p style=\"text-align: center;\"><span style=\"font-size: large; font-family: georgia, palatino, serif;\"><em><span style=\"color: #808000;\">1 petit bouquet de persil plat<\/span><\/em><\/span><\/p>\n<p style=\"text-align: center;\"><span style=\"font-size: large; font-family: georgia, palatino, serif;\"><em><span style=\"color: #808000;\">1 petit bouquet de ciboulette<\/span><\/em><\/span><\/p>\n<p style=\"text-align: center;\"><span style=\"font-size: large; font-family: georgia, palatino, serif;\"><em><span style=\"color: #808000;\">3 belles branches de thym citron<\/span><\/em><\/span><\/p>\n<p style=\"text-align: center;\"><span style=\"font-size: large; font-family: georgia, palatino, serif;\"><em><span style=\"color: #808000;\">100 ml d&rsquo;huile d&rsquo;olive<\/span><\/em><\/span><\/p>\n<p style=\"text-align: center;\"><span style=\"font-size: large; font-family: georgia, palatino, serif;\"><em><span style=\"color: #808000;\">Sel et poivre\u00a0\u00a0<\/span><\/em><\/span><\/p>\n<p style=\"text-align: center;\"><img loading=\"lazy\" decoding=\"async\" class=\"alignnone wp-image-72530\" src=\"http:\/\/recettes-gourmandes-de-joce.fr\/wp-content\/uploads\/2024\/04\/poulet-marine-citronnelle5.jpg\" alt=\"\" width=\"211\" height=\"170\" srcset=\"http:\/\/recettes-gourmandes-de-joce.fr\/wp-content\/uploads\/2024\/04\/poulet-marine-citronnelle5.jpg 800w, http:\/\/recettes-gourmandes-de-joce.fr\/wp-content\/uploads\/2024\/04\/poulet-marine-citronnelle5-768x620.jpg 768w, http:\/\/recettes-gourmandes-de-joce.fr\/wp-content\/uploads\/2024\/04\/poulet-marine-citronnelle5-750x606.jpg 750w\" sizes=\"auto, (max-width: 211px) 100vw, 211px\" \/> <img loading=\"lazy\" decoding=\"async\" class=\"alignnone wp-image-72756\" src=\"http:\/\/recettes-gourmandes-de-joce.fr\/wp-content\/uploads\/2024\/04\/poulet-marine-citron6.jpg\" alt=\"\" width=\"227\" height=\"170\" srcset=\"http:\/\/recettes-gourmandes-de-joce.fr\/wp-content\/uploads\/2024\/04\/poulet-marine-citron6.jpg 1024w, http:\/\/recettes-gourmandes-de-joce.fr\/wp-content\/uploads\/2024\/04\/poulet-marine-citron6-768x576.jpg 768w, http:\/\/recettes-gourmandes-de-joce.fr\/wp-content\/uploads\/2024\/04\/poulet-marine-citron6-750x563.jpg 750w\" sizes=\"auto, (max-width: 227px) 100vw, 227px\" \/> <img loading=\"lazy\" decoding=\"async\" class=\"alignnone wp-image-45905\" src=\"http:\/\/recettes-gourmandes-de-joce.fr\/wp-content\/uploads\/2022\/07\/20210623_193743-001-300x215.jpg\" alt=\"\" width=\"237\" height=\"170\" srcset=\"http:\/\/recettes-gourmandes-de-joce.fr\/wp-content\/uploads\/2022\/07\/20210623_193743-001-300x215.jpg 300w, http:\/\/recettes-gourmandes-de-joce.fr\/wp-content\/uploads\/2022\/07\/20210623_193743-001.jpg 679w\" sizes=\"auto, (max-width: 237px) 100vw, 237px\" \/><\/p>\n<p style=\"text-align: center;\"><span style=\"font-size: 14pt; font-family: georgia, palatino, serif;\"><em><span style=\"color: #808000;\">Peler, d\u00e9germer et hacher l&rsquo;ail finement. <\/span><\/em><em><span style=\"color: #808000;\">Laver et s\u00e9cher les herbes aromatiques et les ciseler finement .<\/span><\/em><\/span><\/p>\n<p style=\"text-align: center;\"><img loading=\"lazy\" decoding=\"async\" class=\"alignnone wp-image-72531\" src=\"http:\/\/recettes-gourmandes-de-joce.fr\/wp-content\/uploads\/2024\/04\/poulet-marine-citronnelle6.jpg\" alt=\"\" width=\"227\" height=\"170\" srcset=\"http:\/\/recettes-gourmandes-de-joce.fr\/wp-content\/uploads\/2024\/04\/poulet-marine-citronnelle6.jpg 800w, http:\/\/recettes-gourmandes-de-joce.fr\/wp-content\/uploads\/2024\/04\/poulet-marine-citronnelle6-768x576.jpg 768w, http:\/\/recettes-gourmandes-de-joce.fr\/wp-content\/uploads\/2024\/04\/poulet-marine-citronnelle6-750x563.jpg 750w\" sizes=\"auto, (max-width: 227px) 100vw, 227px\" \/> <img loading=\"lazy\" decoding=\"async\" class=\"alignnone wp-image-72532\" src=\"http:\/\/recettes-gourmandes-de-joce.fr\/wp-content\/uploads\/2024\/04\/poulet-marine-citronnelle7.jpg\" alt=\"\" width=\"227\" height=\"170\" srcset=\"http:\/\/recettes-gourmandes-de-joce.fr\/wp-content\/uploads\/2024\/04\/poulet-marine-citronnelle7.jpg 800w, http:\/\/recettes-gourmandes-de-joce.fr\/wp-content\/uploads\/2024\/04\/poulet-marine-citronnelle7-768x576.jpg 768w, http:\/\/recettes-gourmandes-de-joce.fr\/wp-content\/uploads\/2024\/04\/poulet-marine-citronnelle7-750x563.jpg 750w\" sizes=\"auto, (max-width: 227px) 100vw, 227px\" \/> <img loading=\"lazy\" decoding=\"async\" class=\"alignnone wp-image-72517\" src=\"http:\/\/recettes-gourmandes-de-joce.fr\/wp-content\/uploads\/2024\/04\/poulet-marine-citronnelle8.jpg\" alt=\"\" width=\"227\" height=\"170\" srcset=\"http:\/\/recettes-gourmandes-de-joce.fr\/wp-content\/uploads\/2024\/04\/poulet-marine-citronnelle8.jpg 800w, http:\/\/recettes-gourmandes-de-joce.fr\/wp-content\/uploads\/2024\/04\/poulet-marine-citronnelle8-768x576.jpg 768w, http:\/\/recettes-gourmandes-de-joce.fr\/wp-content\/uploads\/2024\/04\/poulet-marine-citronnelle8-750x563.jpg 750w\" sizes=\"auto, (max-width: 227px) 100vw, 227px\" \/><\/p>\n<p style=\"text-align: center;\"><span style=\"font-size: 14pt; font-family: georgia, palatino, serif;\"><em><span style=\"color: #808000;\">Dans un saladier mettre le piment, la citronnelle, le sel et le poivre, ajouter dessus les herbes aromatiques. <\/span><\/em><em><span style=\"color: #808000;\">Ajouter l&rsquo;ail et <\/span><\/em><\/span><em style=\"font-family: georgia, palatino, serif; font-size: 18.6667px;\"><span style=\"color: #808000;\">le zeste du citron.<\/span><\/em><\/p>\n<p style=\"text-align: center;\"><span style=\"font-size: 14pt; font-family: georgia, palatino, serif;\"><em><span style=\"color: #808000;\"><img loading=\"lazy\" decoding=\"async\" class=\"alignnone wp-image-72518\" src=\"http:\/\/recettes-gourmandes-de-joce.fr\/wp-content\/uploads\/2024\/04\/poulet-marine-citronnelle9.jpg\" alt=\"\" width=\"227\" height=\"170\" srcset=\"http:\/\/recettes-gourmandes-de-joce.fr\/wp-content\/uploads\/2024\/04\/poulet-marine-citronnelle9.jpg 800w, http:\/\/recettes-gourmandes-de-joce.fr\/wp-content\/uploads\/2024\/04\/poulet-marine-citronnelle9-768x576.jpg 768w, http:\/\/recettes-gourmandes-de-joce.fr\/wp-content\/uploads\/2024\/04\/poulet-marine-citronnelle9-750x563.jpg 750w\" sizes=\"auto, (max-width: 227px) 100vw, 227px\" \/> <img loading=\"lazy\" decoding=\"async\" class=\"alignnone wp-image-72519\" src=\"http:\/\/recettes-gourmandes-de-joce.fr\/wp-content\/uploads\/2024\/04\/poulet-marine-citronnelle10.jpg\" alt=\"\" width=\"203\" height=\"170\" srcset=\"http:\/\/recettes-gourmandes-de-joce.fr\/wp-content\/uploads\/2024\/04\/poulet-marine-citronnelle10.jpg 800w, http:\/\/recettes-gourmandes-de-joce.fr\/wp-content\/uploads\/2024\/04\/poulet-marine-citronnelle10-768x642.jpg 768w, http:\/\/recettes-gourmandes-de-joce.fr\/wp-content\/uploads\/2024\/04\/poulet-marine-citronnelle10-750x627.jpg 750w\" sizes=\"auto, (max-width: 203px) 100vw, 203px\" \/> <img loading=\"lazy\" decoding=\"async\" class=\"alignnone wp-image-72520\" src=\"http:\/\/recettes-gourmandes-de-joce.fr\/wp-content\/uploads\/2024\/04\/poulet-marine-citronnelle11.jpg\" alt=\"\" width=\"188\" height=\"170\" srcset=\"http:\/\/recettes-gourmandes-de-joce.fr\/wp-content\/uploads\/2024\/04\/poulet-marine-citronnelle11.jpg 800w, http:\/\/recettes-gourmandes-de-joce.fr\/wp-content\/uploads\/2024\/04\/poulet-marine-citronnelle11-768x695.jpg 768w, http:\/\/recettes-gourmandes-de-joce.fr\/wp-content\/uploads\/2024\/04\/poulet-marine-citronnelle11-750x679.jpg 750w\" sizes=\"auto, (max-width: 188px) 100vw, 188px\" \/> <\/span><\/em><\/span><\/p>\n<p style=\"text-align: center;\"><span style=\"font-family: georgia, palatino, serif; font-size: 14pt;\"><em><span style=\"color: #808000;\">\u00a0Ajouter le jus du citron et l&rsquo;huile d&rsquo;olive et m\u00e9langer. <\/span><\/em><em><span style=\"color: #808000;\">Votre marinade est pr\u00eate.<\/span><\/em><\/span><\/p>\n<p style=\"text-align: center;\">\u00a0<img loading=\"lazy\" decoding=\"async\" class=\"alignnone wp-image-72522\" src=\"http:\/\/recettes-gourmandes-de-joce.fr\/wp-content\/uploads\/2024\/04\/poulet-marine-citronnelle13.jpg\" alt=\"\" width=\"227\" height=\"170\" srcset=\"http:\/\/recettes-gourmandes-de-joce.fr\/wp-content\/uploads\/2024\/04\/poulet-marine-citronnelle13.jpg 800w, http:\/\/recettes-gourmandes-de-joce.fr\/wp-content\/uploads\/2024\/04\/poulet-marine-citronnelle13-768x576.jpg 768w, http:\/\/recettes-gourmandes-de-joce.fr\/wp-content\/uploads\/2024\/04\/poulet-marine-citronnelle13-750x563.jpg 750w\" sizes=\"auto, (max-width: 227px) 100vw, 227px\" \/><\/p>\n<p style=\"text-align: center;\"><span style=\"font-size: 14pt; font-family: georgia, palatino, serif;\"><em><span style=\"color: #808000;\">Ajouter les morceaux de poulet dans la marinade, bien m\u00e9langer et laisser au frais 1h.<\/span><\/em><\/span><\/p>\n<p style=\"text-align: center;\"><span style=\"font-size: 14pt; font-family: georgia, palatino, serif;\"><em><span style=\"color: #808000;\">Elle convient tr\u00e8s bien comme ici pour une volaille, mais aussi pour une viande blanche, un poisson ou des fruits de mer.\u00a0<\/span><\/em><\/span><\/p>\n<p style=\"text-align: center;\"><span style=\"font-size: 14pt; font-family: georgia, palatino, serif;\"><em><span style=\"color: #808000;\">Bonnes recettes!<\/span><\/em><\/span><\/p>\n<p style=\"text-align: center;\"><img loading=\"lazy\" decoding=\"async\" class=\"alignnone wp-image-72520\" src=\"http:\/\/recettes-gourmandes-de-joce.fr\/wp-content\/uploads\/2024\/04\/poulet-marine-citronnelle11.jpg\" alt=\"\" width=\"199\" height=\"180\" srcset=\"http:\/\/recettes-gourmandes-de-joce.fr\/wp-content\/uploads\/2024\/04\/poulet-marine-citronnelle11.jpg 800w, http:\/\/recettes-gourmandes-de-joce.fr\/wp-content\/uploads\/2024\/04\/poulet-marine-citronnelle11-768x695.jpg 768w, http:\/\/recettes-gourmandes-de-joce.fr\/wp-content\/uploads\/2024\/04\/poulet-marine-citronnelle11-750x679.jpg 750w\" sizes=\"auto, (max-width: 199px) 100vw, 199px\" \/> <img loading=\"lazy\" decoding=\"async\" class=\"alignnone wp-image-72777\" src=\"http:\/\/recettes-gourmandes-de-joce.fr\/wp-content\/uploads\/2024\/04\/marinade-citronnelle1-1.jpg\" alt=\"\" width=\"190\" height=\"180\" srcset=\"http:\/\/recettes-gourmandes-de-joce.fr\/wp-content\/uploads\/2024\/04\/marinade-citronnelle1-1.jpg 800w, http:\/\/recettes-gourmandes-de-joce.fr\/wp-content\/uploads\/2024\/04\/marinade-citronnelle1-1-768x729.jpg 768w, http:\/\/recettes-gourmandes-de-joce.fr\/wp-content\/uploads\/2024\/04\/marinade-citronnelle1-1-750x712.jpg 750w\" sizes=\"auto, (max-width: 190px) 100vw, 190px\" \/> <img loading=\"lazy\" decoding=\"async\" class=\"alignnone wp-image-72776\" src=\"http:\/\/recettes-gourmandes-de-joce.fr\/wp-content\/uploads\/2024\/04\/marinade-citronnelle2-1.jpg\" alt=\"\" width=\"178\" height=\"180\" srcset=\"http:\/\/recettes-gourmandes-de-joce.fr\/wp-content\/uploads\/2024\/04\/marinade-citronnelle2-1.jpg 792w, http:\/\/recettes-gourmandes-de-joce.fr\/wp-content\/uploads\/2024\/04\/marinade-citronnelle2-1-768x776.jpg 768w, http:\/\/recettes-gourmandes-de-joce.fr\/wp-content\/uploads\/2024\/04\/marinade-citronnelle2-1-750x758.jpg 750w\" sizes=\"auto, (max-width: 178px) 100vw, 178px\" \/><\/p>\n<div class=\"plugin plugin-social\">\n<div class=\"pw-widget __pw-theme-default pw-widget-91468 __pw-size-32 __pw-hover-false __pw-layout-horizontal __pw-padding-false __pw-view-auto __pw-label-false __pw-counter-none \" data-layout=\"\" data-label=\"false\" data-counter=\"false\" data-size=\"32\"><img loading=\"lazy\" decoding=\"async\" class=\"alignnone size-full wp-image-557\" src=\"http:\/\/recettes-gourmandes-de-joce.fr\/wp-content\/uploads\/2019\/09\/logitech-gaming-software-14112014-121223.jpg\" alt=\"\" width=\"800\" height=\"180\" srcset=\"http:\/\/recettes-gourmandes-de-joce.fr\/wp-content\/uploads\/2019\/09\/logitech-gaming-software-14112014-121223.jpg 800w, http:\/\/recettes-gourmandes-de-joce.fr\/wp-content\/uploads\/2019\/09\/logitech-gaming-software-14112014-121223-300x68.jpg 300w, http:\/\/recettes-gourmandes-de-joce.fr\/wp-content\/uploads\/2019\/09\/logitech-gaming-software-14112014-121223-768x173.jpg 768w\" sizes=\"auto, (max-width: 800px) 100vw, 800px\" \/><\/div>\n<\/div>\n<div id=\"comments-pages\" class=\"plugin plugin-comments\">\n<h3>Commentaires\u00a0<small>(2)<\/small>m<\/h3>\n<div class=\"items-container\">\n<div class=\"item item-comment media\">\n<div class=\"pull-left\"><img decoding=\"async\" class=\"media-object\" src=\"https:\/\/www.gravatar.com\/avatar\/b0f5da81f0d844072ff62cfeeb14d59e?d=https%3A%2F%2Fwww.recettes-gourmandes-de-joce.com%2Fmedias%2Fstatic%2Fmanager%2Fim%2Favatar.png?s=50&amp;d=mm\" alt=\"RAVAT romain\" width=\"50\" \/><\/div>\n<div class=\"media-body\">\n<ul class=\"inline item-infos\">\n<li><span class=\"comment-number\">1.<\/span>\u00a0<span class=\"comment-author\"><strong>RAVAT romain<\/strong><\/span>\u00a0<span class=\"comment-date\">| 17\/07\/2015<\/span><\/li>\n<\/ul>\n<div class=\"comment-content\">Cc, Jocelyne !<br \/>\nBarbecue en pr\u00e9vision pour ce week-end , je t empreinte ta recette de marinade !!<br \/>\nBises<\/div>\n<div class=\"item item-comment media by-webmaster\">\n<div class=\"pull-left\">\n<p>&nbsp;<\/p>\n<\/div>\n<div class=\"media-body\">\n<ul class=\"inline item-infos\">\n<li><span class=\"comment-author\"><strong>jocelyne debon<\/strong>\u00a0(<a rel=\"nofollow\">site web<\/a>)<\/span>\u00a0<span class=\"comment-date\">| 17\/07\/2015<\/span><\/li>\n<\/ul>\n<div class=\"comment-content\">Coucou Romain<\/div>\n<div class=\"comment-content\">Pas de soucis c&rsquo;est fait pour \ud83d\ude09<\/div>\n<div class=\"comment-content\">F\u00e9licitations pour ton mariage<\/div>\n<div class=\"comment-content\">Bisousss et bon week-end Joce<\/div>\n<\/div>\n<\/div>\n<\/div>\n<\/div>\n<\/div>\n<\/div>\n","protected":false},"excerpt":{"rendered":"<p>Une de mes recettes Ingr\u00e9dients pour 1 poulet par exemple 1 citron non trait\u00e9 1\u00a0c \u00e0 s rase de poudre de citronnelle -&gt; \u00c9pic\u00e9too 3 belles gousses d&rsquo;ail \u00bd c \u00e0 c de piment d&rsquo;Espelette 1 petit bouquet de persil plat 1 petit bouquet de ciboulette 3 belles branches de thym citron 100 ml d&rsquo;huile &hellip; <\/p>\n<p><a class=\"more-link btn\" href=\"http:\/\/recettes-gourmandes-de-joce.fr\/index.php\/index\/sauces-assaisonnements\/marinades\/marinade-a-la-citronnelle-a-lail-aux-herbes-aromatiques\/\">Lire la suite<\/a><\/p>\n","protected":false},"author":2,"featured_media":86638,"parent":219,"menu_order":0,"comment_status":"open","ping_status":"closed","template":"","meta":{"footnotes":""},"class_list":["post-3085","page","type-page","status-publish","has-post-thumbnail","hentry","nodate","item-wrap"],"_links":{"self":[{"href":"http:\/\/recettes-gourmandes-de-joce.fr\/index.php\/wp-json\/wp\/v2\/pages\/3085","targetHints":{"allow":["GET"]}}],"collection":[{"href":"http:\/\/recettes-gourmandes-de-joce.fr\/index.php\/wp-json\/wp\/v2\/pages"}],"about":[{"href":"http:\/\/recettes-gourmandes-de-joce.fr\/index.php\/wp-json\/wp\/v2\/types\/page"}],"author":[{"embeddable":true,"href":"http:\/\/recettes-gourmandes-de-joce.fr\/index.php\/wp-json\/wp\/v2\/users\/2"}],"replies":[{"embeddable":true,"href":"http:\/\/recettes-gourmandes-de-joce.fr\/index.php\/wp-json\/wp\/v2\/comments?post=3085"}],"version-history":[{"count":8,"href":"http:\/\/recettes-gourmandes-de-joce.fr\/index.php\/wp-json\/wp\/v2\/pages\/3085\/revisions"}],"predecessor-version":[{"id":94033,"href":"http:\/\/recettes-gourmandes-de-joce.fr\/index.php\/wp-json\/wp\/v2\/pages\/3085\/revisions\/94033"}],"up":[{"embeddable":true,"href":"http:\/\/recettes-gourmandes-de-joce.fr\/index.php\/wp-json\/wp\/v2\/pages\/219"}],"wp:featuredmedia":[{"embeddable":true,"href":"http:\/\/recettes-gourmandes-de-joce.fr\/index.php\/wp-json\/wp\/v2\/media\/86638"}],"wp:attachment":[{"href":"http:\/\/recettes-gourmandes-de-joce.fr\/index.php\/wp-json\/wp\/v2\/media?parent=3085"}],"curies":[{"name":"wp","href":"https:\/\/api.w.org\/{rel}","templated":true}]}}