{"id":30803,"date":"2021-05-04T20:31:11","date_gmt":"2021-05-04T20:31:11","guid":{"rendered":"http:\/\/recettes-gourmandes-de-joce.fr\/?page_id=30803"},"modified":"2024-06-20T11:14:59","modified_gmt":"2024-06-20T11:14:59","slug":"salade-de-pommes-de-terre-au-thon-et-tomates","status":"publish","type":"page","link":"http:\/\/recettes-gourmandes-de-joce.fr\/index.php\/index\/entrees\/salades-crudites\/salade-de-pommes-de-terre-au-thon-et-tomates\/","title":{"rendered":"Salade de pommes de terre au thon et tomates."},"content":{"rendered":"<p class=\"view-title\" style=\"text-align: center;\"><span style=\"text-decoration: underline; font-size: 18pt; color: #666699;\"><em style=\"font-family: georgia, palatino, serif;\">Une de mes recettes<\/em><\/span><\/p>\n<p style=\"text-align: center;\"><span style=\"color: #666699;\"><img loading=\"lazy\" decoding=\"async\" class=\"alignnone wp-image-30809\" src=\"http:\/\/recettes-gourmandes-de-joce.fr\/wp-content\/uploads\/2021\/05\/P5060274-300x225.jpg\" alt=\"\" width=\"240\" height=\"180\" srcset=\"http:\/\/recettes-gourmandes-de-joce.fr\/wp-content\/uploads\/2021\/05\/P5060274-300x225.jpg 300w, http:\/\/recettes-gourmandes-de-joce.fr\/wp-content\/uploads\/2021\/05\/P5060274-768x576.jpg 768w, http:\/\/recettes-gourmandes-de-joce.fr\/wp-content\/uploads\/2021\/05\/P5060274-750x563.jpg 750w, http:\/\/recettes-gourmandes-de-joce.fr\/wp-content\/uploads\/2021\/05\/P5060274.jpg 800w\" sizes=\"auto, (max-width: 240px) 100vw, 240px\" \/> <img loading=\"lazy\" decoding=\"async\" class=\"alignnone wp-image-30806\" src=\"http:\/\/recettes-gourmandes-de-joce.fr\/wp-content\/uploads\/2021\/05\/P5060266-300x280.jpg\" alt=\"\" width=\"193\" height=\"180\" srcset=\"http:\/\/recettes-gourmandes-de-joce.fr\/wp-content\/uploads\/2021\/05\/P5060266-300x280.jpg 300w, http:\/\/recettes-gourmandes-de-joce.fr\/wp-content\/uploads\/2021\/05\/P5060266-768x716.jpg 768w, http:\/\/recettes-gourmandes-de-joce.fr\/wp-content\/uploads\/2021\/05\/P5060266-750x699.jpg 750w, http:\/\/recettes-gourmandes-de-joce.fr\/wp-content\/uploads\/2021\/05\/P5060266.jpg 800w\" sizes=\"auto, (max-width: 193px) 100vw, 193px\" \/> <img loading=\"lazy\" decoding=\"async\" class=\"alignnone wp-image-30808\" src=\"http:\/\/recettes-gourmandes-de-joce.fr\/wp-content\/uploads\/2021\/05\/P5060273-300x225.jpg\" alt=\"\" width=\"240\" height=\"180\" srcset=\"http:\/\/recettes-gourmandes-de-joce.fr\/wp-content\/uploads\/2021\/05\/P5060273-300x225.jpg 300w, http:\/\/recettes-gourmandes-de-joce.fr\/wp-content\/uploads\/2021\/05\/P5060273-768x576.jpg 768w, http:\/\/recettes-gourmandes-de-joce.fr\/wp-content\/uploads\/2021\/05\/P5060273-750x563.jpg 750w, http:\/\/recettes-gourmandes-de-joce.fr\/wp-content\/uploads\/2021\/05\/P5060273.jpg 800w\" sizes=\"auto, (max-width: 240px) 100vw, 240px\" \/><\/span><\/p>\n<div id=\"rows-4fab7995f87c52fd41f00ff8\" class=\"rows clearfix\" data-total-pages=\"1\" data-current-page=\"1\">\n<div class=\"row-container page_1\">\n<div class=\"row-content\">\n<div class=\"row\">\n<div class=\"column self-stretch\">\n<div class=\"column-content\">\n<div class=\"clearfix\">\n<p style=\"text-align: center;\"><span style=\"text-decoration: underline; font-size: 18pt; color: #666699;\"><span style=\"font-family: georgia, palatino, serif;\"><em><span style=\"font-family: georgia, palatino, serif;\">Ingr\u00e9dients pour 4 personnes en repas complet<\/span><\/em><\/span><\/span><\/p>\n<p style=\"text-align: center;\"><span style=\"color: #666699;\"><img loading=\"lazy\" decoding=\"async\" class=\"alignnone size-medium wp-image-30810\" src=\"http:\/\/recettes-gourmandes-de-joce.fr\/wp-content\/uploads\/2021\/05\/P5060245-300x188.jpg\" alt=\"\" width=\"300\" height=\"188\" srcset=\"http:\/\/recettes-gourmandes-de-joce.fr\/wp-content\/uploads\/2021\/05\/P5060245-300x188.jpg 300w, http:\/\/recettes-gourmandes-de-joce.fr\/wp-content\/uploads\/2021\/05\/P5060245-768x480.jpg 768w, http:\/\/recettes-gourmandes-de-joce.fr\/wp-content\/uploads\/2021\/05\/P5060245-750x469.jpg 750w, http:\/\/recettes-gourmandes-de-joce.fr\/wp-content\/uploads\/2021\/05\/P5060245.jpg 800w\" sizes=\"auto, (max-width: 300px) 100vw, 300px\" \/><\/span><\/p>\n<p style=\"text-align: center;\"><span style=\"font-size: 14pt; font-family: georgia, palatino, serif; color: #666699;\"><em>12 petites pommes de terre \u00e0 chair ferme<\/em><\/span><\/p>\n<p style=\"text-align: center;\"><span style=\"color: #666699;\"><span style=\"font-size: 14pt; font-family: georgia, palatino, serif;\"><em>5\u00a0<\/em><\/span><span style=\"font-family: georgia, palatino, serif;\"><span style=\"font-size: 18.6667px;\"><i>\u0153ufs<\/i><\/span><\/span><\/span><\/p>\n<p style=\"text-align: center;\"><span style=\"font-size: 14pt; font-family: georgia, palatino, serif; color: #666699;\"><em>1 boite de thon \u00e0 l&rsquo;huile\u00a0<\/em><\/span><\/p>\n<p style=\"text-align: center;\"><span style=\"font-size: 14pt; font-family: georgia, palatino, serif; color: #666699;\"><em>25 olives vertes d\u00e9noyaut\u00e9es<\/em><\/span><\/p>\n<p style=\"text-align: center;\"><span style=\"font-size: 14pt; font-family: georgia, palatino, serif; color: #666699;\"><em>2 tomates<\/em><\/span><\/p>\n<p style=\"text-align: center;\"><span style=\"font-size: 14pt; font-family: georgia, palatino, serif; color: #666699;\"><em>1 oignons<\/em><\/span><\/p>\n<p style=\"text-align: center;\"><span style=\"font-size: 14pt; font-family: georgia, palatino, serif; color: #666699;\"><em>1 bouquet de ciboulette<\/em><\/span><\/p>\n<p style=\"text-align: center;\"><span style=\"font-size: 14pt; font-family: georgia, palatino, serif; color: #666699;\"><em>4 belles feuilles de basilic<\/em><\/span><\/p>\n<p style=\"text-align: center;\"><span style=\"font-size: 14pt; font-family: georgia, palatino, serif; color: #666699;\"><em>Sel et poivre<\/em><\/span><\/p>\n<p style=\"text-align: center;\"><span style=\"font-size: 14pt; font-family: georgia, palatino, serif; color: #666699;\"><em>Pour la mayonnaise<\/em><\/span><\/p>\n<p style=\"text-align: center;\"><span style=\"color: #666699;\"><span style=\"font-size: 14pt; font-family: georgia, palatino, serif;\"><em>1 jaune d&rsquo;<\/em><\/span><span style=\"font-family: georgia, palatino, serif;\"><span style=\"font-size: 18.6667px;\"><i>\u0153uf<\/i><\/span><\/span><\/span><\/p>\n<p style=\"text-align: center;\"><span style=\"font-size: 14pt; font-family: georgia, palatino, serif; color: #666699;\"><em>1 c \u00e0 c de moutarde forte<\/em><\/span><\/p>\n<p style=\"text-align: center;\"><span style=\"font-size: 14pt; font-family: georgia, palatino, serif; color: #666699;\"><em>1 c \u00e0 c de vinaigre de vin<\/em><\/span><\/p>\n<p style=\"text-align: center;\"><span style=\"font-size: 14pt; font-family: georgia, palatino, serif; color: #666699;\"><em>Huile de tournesol<\/em><\/span><\/p>\n<p style=\"text-align: center;\"><span style=\"font-size: 14pt; font-family: georgia, palatino, serif; color: #666699;\"><em>Sel et poivre<\/em><\/span><\/p>\n<p style=\"text-align: center;\"><span style=\"font-size: 14pt; font-family: georgia, palatino, serif; color: #666699;\"><em>Recette de la mayonnaise sur ce lien -&gt;\u00a0<a href=\"http:\/\/recettes-gourmandes-de-joce.fr\/index.php\/index\/sauces-assaisonnements\/sauces-froides\/mayonnaise\/\"><span style=\"color: #ff0000;\">Mayonnaise<\/span><\/a><\/em><\/span><\/p>\n<p style=\"text-align: center;\"><span style=\"font-size: 14pt; font-family: georgia, palatino, serif; color: #666699;\"><em><img loading=\"lazy\" decoding=\"async\" class=\"alignnone wp-image-30672\" src=\"http:\/\/recettes-gourmandes-de-joce.fr\/wp-content\/uploads\/2021\/05\/piemontaise-olives5-300x230.jpg\" alt=\"\" width=\"209\" height=\"160\" srcset=\"http:\/\/recettes-gourmandes-de-joce.fr\/wp-content\/uploads\/2021\/05\/piemontaise-olives5-300x230.jpg 300w, http:\/\/recettes-gourmandes-de-joce.fr\/wp-content\/uploads\/2021\/05\/piemontaise-olives5-768x588.jpg 768w, http:\/\/recettes-gourmandes-de-joce.fr\/wp-content\/uploads\/2021\/05\/piemontaise-olives5-750x574.jpg 750w, http:\/\/recettes-gourmandes-de-joce.fr\/wp-content\/uploads\/2021\/05\/piemontaise-olives5.jpg 800w\" sizes=\"auto, (max-width: 209px) 100vw, 209px\" \/> <img loading=\"lazy\" decoding=\"async\" class=\"alignnone wp-image-30583\" src=\"http:\/\/recettes-gourmandes-de-joce.fr\/wp-content\/uploads\/2021\/05\/salade-riz6-300x241.jpg\" alt=\"\" width=\"199\" height=\"160\" srcset=\"http:\/\/recettes-gourmandes-de-joce.fr\/wp-content\/uploads\/2021\/05\/salade-riz6-300x241.jpg 300w, http:\/\/recettes-gourmandes-de-joce.fr\/wp-content\/uploads\/2021\/05\/salade-riz6.jpg 675w\" sizes=\"auto, (max-width: 199px) 100vw, 199px\" \/> <img loading=\"lazy\" decoding=\"async\" class=\"alignnone wp-image-30813\" src=\"http:\/\/recettes-gourmandes-de-joce.fr\/wp-content\/uploads\/2021\/05\/P5060251-300x217.jpg\" alt=\"\" width=\"221\" height=\"160\" srcset=\"http:\/\/recettes-gourmandes-de-joce.fr\/wp-content\/uploads\/2021\/05\/P5060251-300x217.jpg 300w, http:\/\/recettes-gourmandes-de-joce.fr\/wp-content\/uploads\/2021\/05\/P5060251-768x556.jpg 768w, http:\/\/recettes-gourmandes-de-joce.fr\/wp-content\/uploads\/2021\/05\/P5060251-750x543.jpg 750w, http:\/\/recettes-gourmandes-de-joce.fr\/wp-content\/uploads\/2021\/05\/P5060251.jpg 800w\" sizes=\"auto, (max-width: 221px) 100vw, 221px\" \/><\/em><\/span><\/p>\n<p style=\"text-align: center;\"><span style=\"color: #666699;\"><em><span style=\"font-family: georgia, palatino, serif;\"><span style=\"font-size: 14pt;\">Mettre les pommes de terre \u00e0 cuire dans une casserole d&rsquo;eau froide, dans une casserole d&rsquo;eau \u00e0 \u00e9bullition, cuire les <\/span><span style=\"font-size: 18.6667px;\">\u0153ufs<\/span><span style=\"font-size: 14pt;\"> durs 9 minutes , laver et ciseler la ciboulette.<\/span><\/span><\/em><\/span><\/p>\n<p style=\"text-align: center;\"><span style=\"color: #666699;\"><img loading=\"lazy\" decoding=\"async\" class=\"alignnone wp-image-19644\" src=\"http:\/\/recettes-gourmandes-de-joce.fr\/wp-content\/uploads\/2020\/04\/P6270648-300x225.jpg\" alt=\"\" width=\"213\" height=\"160\" srcset=\"http:\/\/recettes-gourmandes-de-joce.fr\/wp-content\/uploads\/2020\/04\/P6270648-300x225.jpg 300w, http:\/\/recettes-gourmandes-de-joce.fr\/wp-content\/uploads\/2020\/04\/P6270648.jpg 490w\" sizes=\"auto, (max-width: 213px) 100vw, 213px\" \/>\u00a0<img loading=\"lazy\" decoding=\"async\" class=\"alignnone wp-image-30767\" src=\"http:\/\/recettes-gourmandes-de-joce.fr\/wp-content\/uploads\/2021\/05\/p6110569-300x206.jpg\" alt=\"\" width=\"233\" height=\"160\" srcset=\"http:\/\/recettes-gourmandes-de-joce.fr\/wp-content\/uploads\/2021\/05\/p6110569-300x206.jpg 300w, http:\/\/recettes-gourmandes-de-joce.fr\/wp-content\/uploads\/2021\/05\/p6110569-750x515.jpg 750w, http:\/\/recettes-gourmandes-de-joce.fr\/wp-content\/uploads\/2021\/05\/p6110569.jpg 764w\" sizes=\"auto, (max-width: 233px) 100vw, 233px\" \/> <img loading=\"lazy\" decoding=\"async\" class=\"alignnone wp-image-30766\" src=\"http:\/\/recettes-gourmandes-de-joce.fr\/wp-content\/uploads\/2021\/05\/p6110568-1-300x222.jpg\" alt=\"\" width=\"217\" height=\"160\" srcset=\"http:\/\/recettes-gourmandes-de-joce.fr\/wp-content\/uploads\/2021\/05\/p6110568-1-300x222.jpg 300w, http:\/\/recettes-gourmandes-de-joce.fr\/wp-content\/uploads\/2021\/05\/p6110568-1.jpg 670w\" sizes=\"auto, (max-width: 217px) 100vw, 217px\" \/><\/span><\/p>\n<p style=\"text-align: center;\"><span style=\"font-size: 14pt; font-family: georgia, palatino, serif; color: #666699;\"><em>Laver et ciseler le basilic, peler et hacher l&rsquo;oignon, laver et couper les tomates en petits d\u00e9s.<\/em><\/span><\/p>\n<p style=\"text-align: center;\"><span style=\"color: #666699;\"><img loading=\"lazy\" decoding=\"async\" class=\"alignnone wp-image-30811\" src=\"http:\/\/recettes-gourmandes-de-joce.fr\/wp-content\/uploads\/2021\/05\/P5060249-300x202.jpg\" alt=\"\" width=\"237\" height=\"160\" srcset=\"http:\/\/recettes-gourmandes-de-joce.fr\/wp-content\/uploads\/2021\/05\/P5060249-300x202.jpg 300w, http:\/\/recettes-gourmandes-de-joce.fr\/wp-content\/uploads\/2021\/05\/P5060249-768x517.jpg 768w, http:\/\/recettes-gourmandes-de-joce.fr\/wp-content\/uploads\/2021\/05\/P5060249-750x505.jpg 750w, http:\/\/recettes-gourmandes-de-joce.fr\/wp-content\/uploads\/2021\/05\/P5060249.jpg 800w\" sizes=\"auto, (max-width: 237px) 100vw, 237px\" \/> <img loading=\"lazy\" decoding=\"async\" class=\"alignnone wp-image-30812\" src=\"http:\/\/recettes-gourmandes-de-joce.fr\/wp-content\/uploads\/2021\/05\/P5060250-300x225.jpg\" alt=\"\" width=\"213\" height=\"160\" srcset=\"http:\/\/recettes-gourmandes-de-joce.fr\/wp-content\/uploads\/2021\/05\/P5060250-300x225.jpg 300w, http:\/\/recettes-gourmandes-de-joce.fr\/wp-content\/uploads\/2021\/05\/P5060250-768x576.jpg 768w, http:\/\/recettes-gourmandes-de-joce.fr\/wp-content\/uploads\/2021\/05\/P5060250-750x563.jpg 750w, http:\/\/recettes-gourmandes-de-joce.fr\/wp-content\/uploads\/2021\/05\/P5060250.jpg 800w\" sizes=\"auto, (max-width: 213px) 100vw, 213px\" \/> <img loading=\"lazy\" decoding=\"async\" class=\"alignnone wp-image-30814\" src=\"http:\/\/recettes-gourmandes-de-joce.fr\/wp-content\/uploads\/2021\/05\/P5060254-300x211.jpg\" alt=\"\" width=\"227\" height=\"160\" srcset=\"http:\/\/recettes-gourmandes-de-joce.fr\/wp-content\/uploads\/2021\/05\/P5060254-300x211.jpg 300w, http:\/\/recettes-gourmandes-de-joce.fr\/wp-content\/uploads\/2021\/05\/P5060254-768x540.jpg 768w, http:\/\/recettes-gourmandes-de-joce.fr\/wp-content\/uploads\/2021\/05\/P5060254-750x528.jpg 750w, http:\/\/recettes-gourmandes-de-joce.fr\/wp-content\/uploads\/2021\/05\/P5060254.jpg 800w\" sizes=\"auto, (max-width: 227px) 100vw, 227px\" \/>\u00a0<\/span><\/p>\n<p style=\"text-align: center;\"><span style=\"font-size: 14pt; font-family: georgia, palatino, serif; color: #666699;\"><em>Mettre le thon dans un saladier, ajouter les olives coup\u00e9es en deux, le basilic, la ciboulette, les oignons et les tomates, saler et poivrer, m\u00e9langer le tout.<\/em><\/span><\/p>\n<p style=\"text-align: center;\"><span style=\"font-size: 14pt; font-family: georgia, palatino, serif; color: #666699;\"><img loading=\"lazy\" decoding=\"async\" class=\"alignnone wp-image-30776\" src=\"http:\/\/recettes-gourmandes-de-joce.fr\/wp-content\/uploads\/2021\/05\/p6110578-300x214.jpg\" alt=\"\" width=\"225\" height=\"160\" srcset=\"http:\/\/recettes-gourmandes-de-joce.fr\/wp-content\/uploads\/2021\/05\/p6110578-300x214.jpg 300w, http:\/\/recettes-gourmandes-de-joce.fr\/wp-content\/uploads\/2021\/05\/p6110578-750x534.jpg 750w, http:\/\/recettes-gourmandes-de-joce.fr\/wp-content\/uploads\/2021\/05\/p6110578.jpg 765w\" sizes=\"auto, (max-width: 225px) 100vw, 225px\" \/> <img loading=\"lazy\" decoding=\"async\" class=\"alignnone wp-image-30815\" style=\"font-family: Lato, sans-serif; font-size: 16px;\" src=\"http:\/\/recettes-gourmandes-de-joce.fr\/wp-content\/uploads\/2021\/05\/P5060255-300x212.jpg\" alt=\"\" width=\"227\" height=\"160\" srcset=\"http:\/\/recettes-gourmandes-de-joce.fr\/wp-content\/uploads\/2021\/05\/P5060255-300x212.jpg 300w, http:\/\/recettes-gourmandes-de-joce.fr\/wp-content\/uploads\/2021\/05\/P5060255-768x541.jpg 768w, http:\/\/recettes-gourmandes-de-joce.fr\/wp-content\/uploads\/2021\/05\/P5060255-750x529.jpg 750w, http:\/\/recettes-gourmandes-de-joce.fr\/wp-content\/uploads\/2021\/05\/P5060255.jpg 800w\" sizes=\"auto, (max-width: 227px) 100vw, 227px\" \/><em> <img loading=\"lazy\" decoding=\"async\" class=\"alignnone wp-image-30816\" src=\"http:\/\/recettes-gourmandes-de-joce.fr\/wp-content\/uploads\/2021\/05\/P5060257-300x233.jpg\" alt=\"\" width=\"206\" height=\"160\" srcset=\"http:\/\/recettes-gourmandes-de-joce.fr\/wp-content\/uploads\/2021\/05\/P5060257-300x233.jpg 300w, http:\/\/recettes-gourmandes-de-joce.fr\/wp-content\/uploads\/2021\/05\/P5060257-768x596.jpg 768w, http:\/\/recettes-gourmandes-de-joce.fr\/wp-content\/uploads\/2021\/05\/P5060257-750x582.jpg 750w, http:\/\/recettes-gourmandes-de-joce.fr\/wp-content\/uploads\/2021\/05\/P5060257.jpg 800w\" sizes=\"auto, (max-width: 206px) 100vw, 206px\" \/><\/em><\/span><\/p>\n<p style=\"text-align: center;\"><span style=\"font-size: 14pt; font-family: georgia, palatino, serif; color: #666699;\"><em>R\u00e9aliser votre mayonnaise et ajoutez l\u00e0 au m\u00e9lange, remuer.<\/em><\/span><\/p>\n<p style=\"text-align: center;\"><span style=\"color: #666699;\"><img loading=\"lazy\" decoding=\"async\" class=\"alignnone wp-image-30817\" src=\"http:\/\/recettes-gourmandes-de-joce.fr\/wp-content\/uploads\/2021\/05\/P5060258-300x213.jpg\" alt=\"\" width=\"225\" height=\"160\" srcset=\"http:\/\/recettes-gourmandes-de-joce.fr\/wp-content\/uploads\/2021\/05\/P5060258-300x213.jpg 300w, http:\/\/recettes-gourmandes-de-joce.fr\/wp-content\/uploads\/2021\/05\/P5060258-768x545.jpg 768w, http:\/\/recettes-gourmandes-de-joce.fr\/wp-content\/uploads\/2021\/05\/P5060258-750x533.jpg 750w, http:\/\/recettes-gourmandes-de-joce.fr\/wp-content\/uploads\/2021\/05\/P5060258.jpg 800w\" sizes=\"auto, (max-width: 225px) 100vw, 225px\" \/> <img loading=\"lazy\" decoding=\"async\" class=\"alignnone wp-image-30818\" src=\"http:\/\/recettes-gourmandes-de-joce.fr\/wp-content\/uploads\/2021\/05\/P5060259-300x218.jpg\" alt=\"\" width=\"220\" height=\"160\" srcset=\"http:\/\/recettes-gourmandes-de-joce.fr\/wp-content\/uploads\/2021\/05\/P5060259-300x218.jpg 300w, http:\/\/recettes-gourmandes-de-joce.fr\/wp-content\/uploads\/2021\/05\/P5060259-768x559.jpg 768w, http:\/\/recettes-gourmandes-de-joce.fr\/wp-content\/uploads\/2021\/05\/P5060259-750x546.jpg 750w, http:\/\/recettes-gourmandes-de-joce.fr\/wp-content\/uploads\/2021\/05\/P5060259.jpg 800w\" sizes=\"auto, (max-width: 220px) 100vw, 220px\" \/> <img loading=\"lazy\" decoding=\"async\" class=\"alignnone wp-image-30819\" src=\"http:\/\/recettes-gourmandes-de-joce.fr\/wp-content\/uploads\/2021\/05\/P5060260-300x210.jpg\" alt=\"\" width=\"229\" height=\"160\" srcset=\"http:\/\/recettes-gourmandes-de-joce.fr\/wp-content\/uploads\/2021\/05\/P5060260-300x210.jpg 300w, http:\/\/recettes-gourmandes-de-joce.fr\/wp-content\/uploads\/2021\/05\/P5060260-768x538.jpg 768w, http:\/\/recettes-gourmandes-de-joce.fr\/wp-content\/uploads\/2021\/05\/P5060260-750x525.jpg 750w, http:\/\/recettes-gourmandes-de-joce.fr\/wp-content\/uploads\/2021\/05\/P5060260.jpg 800w\" sizes=\"auto, (max-width: 229px) 100vw, 229px\" \/><\/span><\/p>\n<p style=\"text-align: center;\"><span style=\"color: #666699;\"><em><span style=\"font-family: georgia, palatino, serif;\"><span style=\"font-size: 14pt;\">Refroidir les <\/span><span style=\"font-size: 18.6667px;\">\u0153ufs<\/span><span style=\"font-size: 14pt;\"> une fois cuits, \u00e9calez l\u00e8s et coupez l\u00e8s en petits morceaux, ajoutez l\u00e8s dans le saladier, m\u00e9langer. <\/span><\/span><\/em><em style=\"font-family: georgia, palatino, serif; font-size: 14pt;\">Refroidir, peler et couper les pommes de terre en morceaux et ajoutez l\u00e8s \u00e9galement dans le saladier, remuer et r\u00e9server au frais une heure avant de servir.<\/em><\/span><\/p>\n<\/div>\n<div class=\"clearfix\" style=\"text-align: center;\">\n<p style=\"text-align: center;\"><span style=\"font-size: 14pt; font-family: georgia, palatino, serif; color: #666699;\"><em>Un plat complet pour un repas d&rsquo;\u00e9t\u00e9!<\/em><\/span><\/p>\n<p style=\"text-align: center;\"><span style=\"font-size: 14pt; font-family: georgia, palatino, serif; color: #666699;\"><em>Bon app\u00e9tit!<\/em><\/span><\/p>\n<p><span style=\"color: #666699;\"><img loading=\"lazy\" decoding=\"async\" class=\"alignnone wp-image-30805\" src=\"http:\/\/recettes-gourmandes-de-joce.fr\/wp-content\/uploads\/2021\/05\/P5060265-300x233.jpg\" alt=\"\" width=\"232\" height=\"180\" srcset=\"http:\/\/recettes-gourmandes-de-joce.fr\/wp-content\/uploads\/2021\/05\/P5060265-300x233.jpg 300w, http:\/\/recettes-gourmandes-de-joce.fr\/wp-content\/uploads\/2021\/05\/P5060265-768x597.jpg 768w, http:\/\/recettes-gourmandes-de-joce.fr\/wp-content\/uploads\/2021\/05\/P5060265-750x583.jpg 750w, http:\/\/recettes-gourmandes-de-joce.fr\/wp-content\/uploads\/2021\/05\/P5060265.jpg 800w\" sizes=\"auto, (max-width: 232px) 100vw, 232px\" \/> <img loading=\"lazy\" decoding=\"async\" class=\"alignnone wp-image-30807\" src=\"http:\/\/recettes-gourmandes-de-joce.fr\/wp-content\/uploads\/2021\/05\/P5060268-300x225.jpg\" alt=\"\" width=\"240\" height=\"180\" srcset=\"http:\/\/recettes-gourmandes-de-joce.fr\/wp-content\/uploads\/2021\/05\/P5060268-300x225.jpg 300w, http:\/\/recettes-gourmandes-de-joce.fr\/wp-content\/uploads\/2021\/05\/P5060268-768x576.jpg 768w, http:\/\/recettes-gourmandes-de-joce.fr\/wp-content\/uploads\/2021\/05\/P5060268-750x563.jpg 750w, http:\/\/recettes-gourmandes-de-joce.fr\/wp-content\/uploads\/2021\/05\/P5060268.jpg 800w\" sizes=\"auto, (max-width: 240px) 100vw, 240px\" \/> <img loading=\"lazy\" decoding=\"async\" class=\"alignnone wp-image-30804\" src=\"http:\/\/recettes-gourmandes-de-joce.fr\/wp-content\/uploads\/2021\/05\/P5060263-300x201.jpg\" alt=\"\" width=\"269\" height=\"180\" srcset=\"http:\/\/recettes-gourmandes-de-joce.fr\/wp-content\/uploads\/2021\/05\/P5060263-300x201.jpg 300w, http:\/\/recettes-gourmandes-de-joce.fr\/wp-content\/uploads\/2021\/05\/P5060263-768x515.jpg 768w, http:\/\/recettes-gourmandes-de-joce.fr\/wp-content\/uploads\/2021\/05\/P5060263-750x503.jpg 750w, http:\/\/recettes-gourmandes-de-joce.fr\/wp-content\/uploads\/2021\/05\/P5060263.jpg 800w\" sizes=\"auto, (max-width: 269px) 100vw, 269px\" \/><\/span><\/p>\n<p><span style=\"color: #666699;\"><img loading=\"lazy\" decoding=\"async\" class=\"alignnone wp-image-24317 size-full\" src=\"http:\/\/recettes-gourmandes-de-joce.fr\/wp-content\/uploads\/2020\/07\/logitech-gaming-software-14112014-121223.jpg\" alt=\"\" width=\"640\" height=\"144\" srcset=\"http:\/\/recettes-gourmandes-de-joce.fr\/wp-content\/uploads\/2020\/07\/logitech-gaming-software-14112014-121223.jpg 640w, http:\/\/recettes-gourmandes-de-joce.fr\/wp-content\/uploads\/2020\/07\/logitech-gaming-software-14112014-121223-300x68.jpg 300w\" sizes=\"auto, (max-width: 640px) 100vw, 640px\" \/><\/span><\/p>\n<\/div>\n<\/div>\n<\/div>\n<\/div>\n<\/div>\n<\/div>\n<\/div>\n","protected":false},"excerpt":{"rendered":"<p>Une de mes recettes Ingr\u00e9dients pour 4 personnes en repas complet 12 petites pommes de terre \u00e0 chair ferme 5\u00a0\u0153ufs 1 boite de thon \u00e0 l&rsquo;huile\u00a0 25 olives vertes d\u00e9noyaut\u00e9es 2 tomates 1 oignons 1 bouquet de ciboulette 4 belles feuilles de basilic Sel et poivre Pour la mayonnaise 1 jaune d&rsquo;\u0153uf 1 c \u00e0 &hellip; <\/p>\n<p><a class=\"more-link btn\" href=\"http:\/\/recettes-gourmandes-de-joce.fr\/index.php\/index\/entrees\/salades-crudites\/salade-de-pommes-de-terre-au-thon-et-tomates\/\">Lire la suite<\/a><\/p>\n","protected":false},"author":2,"featured_media":84359,"parent":165,"menu_order":0,"comment_status":"open","ping_status":"closed","template":"","meta":{"footnotes":""},"class_list":["post-30803","page","type-page","status-publish","has-post-thumbnail","hentry","nodate","item-wrap"],"_links":{"self":[{"href":"http:\/\/recettes-gourmandes-de-joce.fr\/index.php\/wp-json\/wp\/v2\/pages\/30803","targetHints":{"allow":["GET"]}}],"collection":[{"href":"http:\/\/recettes-gourmandes-de-joce.fr\/index.php\/wp-json\/wp\/v2\/pages"}],"about":[{"href":"http:\/\/recettes-gourmandes-de-joce.fr\/index.php\/wp-json\/wp\/v2\/types\/page"}],"author":[{"embeddable":true,"href":"http:\/\/recettes-gourmandes-de-joce.fr\/index.php\/wp-json\/wp\/v2\/users\/2"}],"replies":[{"embeddable":true,"href":"http:\/\/recettes-gourmandes-de-joce.fr\/index.php\/wp-json\/wp\/v2\/comments?post=30803"}],"version-history":[{"count":3,"href":"http:\/\/recettes-gourmandes-de-joce.fr\/index.php\/wp-json\/wp\/v2\/pages\/30803\/revisions"}],"predecessor-version":[{"id":84360,"href":"http:\/\/recettes-gourmandes-de-joce.fr\/index.php\/wp-json\/wp\/v2\/pages\/30803\/revisions\/84360"}],"up":[{"embeddable":true,"href":"http:\/\/recettes-gourmandes-de-joce.fr\/index.php\/wp-json\/wp\/v2\/pages\/165"}],"wp:featuredmedia":[{"embeddable":true,"href":"http:\/\/recettes-gourmandes-de-joce.fr\/index.php\/wp-json\/wp\/v2\/media\/84359"}],"wp:attachment":[{"href":"http:\/\/recettes-gourmandes-de-joce.fr\/index.php\/wp-json\/wp\/v2\/media?parent=30803"}],"curies":[{"name":"wp","href":"https:\/\/api.w.org\/{rel}","templated":true}]}}