{"id":2991,"date":"2019-10-05T10:42:47","date_gmt":"2019-10-05T10:42:47","guid":{"rendered":"http:\/\/recettes-gourmandes-de-joce.fr\/?page_id=2991"},"modified":"2024-05-12T22:59:57","modified_gmt":"2024-05-12T22:59:57","slug":"tarte-aux-fraises-creme-patissiere-pralinee","status":"publish","type":"page","link":"http:\/\/recettes-gourmandes-de-joce.fr\/index.php\/index\/desserts\/desserts-avec-des-fraises\/tarte-aux-fraises-creme-patissiere-pralinee\/","title":{"rendered":"Tarte aux fraises, cr\u00e8me p\u00e2tissi\u00e8re pralin\u00e9e."},"content":{"rendered":"<p style=\"text-align: center;\"><span style=\"font-family: georgia,serif;\"><span style=\"color: #cf2f42; text-decoration: underline;\"><em><span style=\"font-size: x-large;\">Une de mes recettes<\/span><\/em><\/span><\/span><\/p>\n<p style=\"text-align: center;\"><img loading=\"lazy\" decoding=\"async\" class=\"alignnone wp-image-80358\" src=\"http:\/\/recettes-gourmandes-de-joce.fr\/wp-content\/uploads\/2024\/05\/tarte-fraises-pralin13.jpg\" alt=\"\" width=\"240\" height=\"180\" srcset=\"http:\/\/recettes-gourmandes-de-joce.fr\/wp-content\/uploads\/2024\/05\/tarte-fraises-pralin13.jpg 800w, http:\/\/recettes-gourmandes-de-joce.fr\/wp-content\/uploads\/2024\/05\/tarte-fraises-pralin13-768x576.jpg 768w, http:\/\/recettes-gourmandes-de-joce.fr\/wp-content\/uploads\/2024\/05\/tarte-fraises-pralin13-750x563.jpg 750w\" sizes=\"auto, (max-width: 240px) 100vw, 240px\" \/> <img loading=\"lazy\" decoding=\"async\" class=\"alignnone wp-image-80357\" src=\"http:\/\/recettes-gourmandes-de-joce.fr\/wp-content\/uploads\/2024\/05\/tarte-fraises-pralin12.jpg\" alt=\"\" width=\"240\" height=\"180\" srcset=\"http:\/\/recettes-gourmandes-de-joce.fr\/wp-content\/uploads\/2024\/05\/tarte-fraises-pralin12.jpg 800w, http:\/\/recettes-gourmandes-de-joce.fr\/wp-content\/uploads\/2024\/05\/tarte-fraises-pralin12-768x576.jpg 768w, http:\/\/recettes-gourmandes-de-joce.fr\/wp-content\/uploads\/2024\/05\/tarte-fraises-pralin12-750x563.jpg 750w\" sizes=\"auto, (max-width: 240px) 100vw, 240px\" \/> <img loading=\"lazy\" decoding=\"async\" class=\"alignnone wp-image-80356\" src=\"http:\/\/recettes-gourmandes-de-joce.fr\/wp-content\/uploads\/2024\/05\/tarte-fraises-pralin11.jpg\" alt=\"\" width=\"222\" height=\"180\" srcset=\"http:\/\/recettes-gourmandes-de-joce.fr\/wp-content\/uploads\/2024\/05\/tarte-fraises-pralin11.jpg 800w, http:\/\/recettes-gourmandes-de-joce.fr\/wp-content\/uploads\/2024\/05\/tarte-fraises-pralin11-768x624.jpg 768w, http:\/\/recettes-gourmandes-de-joce.fr\/wp-content\/uploads\/2024\/05\/tarte-fraises-pralin11-750x609.jpg 750w\" sizes=\"auto, (max-width: 222px) 100vw, 222px\" \/><\/p>\n<p style=\"text-align: center;\"><span style=\"font-family: georgia,serif;\"><span style=\"color: #cf2f42; font-size: x-large; text-decoration: underline;\"><em>Ingr\u00e9dients<\/em><\/span><\/span><\/p>\n<p style=\"text-align: center;\"><img loading=\"lazy\" decoding=\"async\" class=\"alignnone wp-image-80349\" src=\"http:\/\/recettes-gourmandes-de-joce.fr\/wp-content\/uploads\/2024\/05\/tarte-fraises-pralin4.jpg\" alt=\"\" width=\"256\" height=\"200\" srcset=\"http:\/\/recettes-gourmandes-de-joce.fr\/wp-content\/uploads\/2024\/05\/tarte-fraises-pralin4.jpg 800w, http:\/\/recettes-gourmandes-de-joce.fr\/wp-content\/uploads\/2024\/05\/tarte-fraises-pralin4-768x601.jpg 768w, http:\/\/recettes-gourmandes-de-joce.fr\/wp-content\/uploads\/2024\/05\/tarte-fraises-pralin4-750x587.jpg 750w\" sizes=\"auto, (max-width: 256px) 100vw, 256px\" \/><\/p>\n<p style=\"text-align: center;\"><span style=\"font-family: georgia,serif;\"><span style=\"color: #cf2f42; font-size: large;\"><em>1 p\u00e2te feuillet\u00e9e<\/em><\/span><\/span><\/p>\n<p style=\"text-align: center;\"><span style=\"font-family: georgia,serif;\"><span style=\"color: #cf2f42; font-size: large;\"><em>500 g de fraises (fraises d&rsquo;Aquitaine pour moi)<\/em><\/span><\/span><\/p>\n<p style=\"text-align: center;\"><span style=\"font-family: georgia,serif;\"><span style=\"color: #cf2f42; font-size: large;\"><em>1 bouquet de menthe fra\u00eeche<\/em><\/span><\/span><\/p>\n<p style=\"text-align: center;\"><span style=\"font-family: georgia,serif;\"><span style=\"color: #cf2f42; font-size: large;\"><em>Pour la cr\u00e8me p\u00e2tissi\u00e8re<\/em><\/span><\/span><\/p>\n<p style=\"text-align: center;\"><span style=\"font-family: georgia,serif;\"><span style=\"color: #cf2f42; font-size: large;\"><em>1 sachet de pralin<\/em><\/span><\/span><\/p>\n<p style=\"text-align: center;\"><span style=\"font-family: georgia,serif;\"><span style=\"color: #cf2f42; font-size: large;\"><em>25 cl de lait<\/em><\/span><\/span><\/p>\n<p style=\"text-align: center;\"><span style=\"font-family: georgia,serif;\"><span style=\"color: #cf2f42; font-size: large;\"><em>1 sachet de sucre vanill\u00e9<\/em><\/span><\/span><\/p>\n<p style=\"text-align: center;\"><span style=\"font-family: georgia,serif;\"><span style=\"color: #cf2f42; font-size: large;\"><em>55 g de sucre en poudre<\/em><\/span><\/span><\/p>\n<p style=\"text-align: center;\"><span style=\"font-family: georgia,serif;\"><span style=\"color: #cf2f42; font-size: large;\"><em>20 g de ma\u00efzena<\/em><\/span><\/span><\/p>\n<p style=\"text-align: center;\"><span style=\"font-family: georgia,serif;\"><span style=\"color: #cf2f42; font-size: large;\"><em>2 jaunes d&rsquo;\u0153ufs<\/em><\/span><\/span><\/p>\n<p style=\"text-align: center;\"><span style=\"font-family: georgia,serif;\"><span style=\"color: #cf2f42; font-size: large;\"><em>1 c \u00e0 s de vanille liquide<\/em><\/span><\/span><\/p>\n<p style=\"text-align: center;\"><span style=\"font-family: georgia,serif;\"><span style=\"color: #cf2f42; font-size: large;\"><em>Recette de la cr\u00e8me p\u00e2tissi\u00e8re sur ce lien -&gt; <a href=\"http:\/\/recettes-gourmandes-de-joce.fr\/index.php\/index\/desserts\/pates-cremes-glacages\/creme-patissiere\/\">Cr\u00e8me p\u00e2tissi\u00e8re<\/a><\/em><\/span><\/span><\/p>\n<p style=\"text-align: center;\"><img loading=\"lazy\" decoding=\"async\" class=\"alignnone wp-image-80350\" src=\"http:\/\/recettes-gourmandes-de-joce.fr\/wp-content\/uploads\/2024\/05\/tarte-fraises-pralin5.jpg\" alt=\"\" width=\"227\" height=\"170\" srcset=\"http:\/\/recettes-gourmandes-de-joce.fr\/wp-content\/uploads\/2024\/05\/tarte-fraises-pralin5.jpg 800w, http:\/\/recettes-gourmandes-de-joce.fr\/wp-content\/uploads\/2024\/05\/tarte-fraises-pralin5-768x576.jpg 768w, http:\/\/recettes-gourmandes-de-joce.fr\/wp-content\/uploads\/2024\/05\/tarte-fraises-pralin5-750x563.jpg 750w\" sizes=\"auto, (max-width: 227px) 100vw, 227px\" \/> <img loading=\"lazy\" decoding=\"async\" class=\"alignnone wp-image-80351\" src=\"http:\/\/recettes-gourmandes-de-joce.fr\/wp-content\/uploads\/2024\/05\/tarte-fraises-pralin6.jpg\" alt=\"\" width=\"227\" height=\"170\" srcset=\"http:\/\/recettes-gourmandes-de-joce.fr\/wp-content\/uploads\/2024\/05\/tarte-fraises-pralin6.jpg 800w, http:\/\/recettes-gourmandes-de-joce.fr\/wp-content\/uploads\/2024\/05\/tarte-fraises-pralin6-768x576.jpg 768w, http:\/\/recettes-gourmandes-de-joce.fr\/wp-content\/uploads\/2024\/05\/tarte-fraises-pralin6-750x563.jpg 750w\" sizes=\"auto, (max-width: 227px) 100vw, 227px\" \/> <img loading=\"lazy\" decoding=\"async\" class=\"alignnone wp-image-80352\" src=\"http:\/\/recettes-gourmandes-de-joce.fr\/wp-content\/uploads\/2024\/05\/tarte-fraises-pralin7.jpg\" alt=\"\" width=\"227\" height=\"170\" srcset=\"http:\/\/recettes-gourmandes-de-joce.fr\/wp-content\/uploads\/2024\/05\/tarte-fraises-pralin7.jpg 800w, http:\/\/recettes-gourmandes-de-joce.fr\/wp-content\/uploads\/2024\/05\/tarte-fraises-pralin7-768x576.jpg 768w, http:\/\/recettes-gourmandes-de-joce.fr\/wp-content\/uploads\/2024\/05\/tarte-fraises-pralin7-750x563.jpg 750w\" sizes=\"auto, (max-width: 227px) 100vw, 227px\" \/><\/p>\n<p style=\"text-align: center;\"><span style=\"font-family: georgia,serif;\"><span style=\"color: #cf2f42;\"><span style=\"font-size: large;\"><em>\u00a0Mettre la p\u00e2te dans le moule \u00e0 tarte, enlever le surplus de p\u00e2te et piquer le fond avec une fourchette.<\/em><\/span> <em><span style=\"font-size: 12pt;\"><span style=\"font-size: large;\"><em><span style=\"font-size: large;\">La recouvrir de papier sulfuris\u00e9 et versez des billes de c\u00e9ramiques ou des haricots sec <\/span><\/em><em><span style=\"font-size: large;\">par exemple dessus, la cuire \u00e0 200\u00b0 environ 15\/20 minutes selon les fours surveiller la coloration.<\/span><\/em><\/span><\/span><\/em> <em><span style=\"font-size: 12pt;\"><span style=\"font-size: large;\"><em><span style=\"font-size: large;\">R\u00e9aliser votre cr\u00e8me p\u00e2tissi\u00e8re, et ajouter le pralin et la vanille m\u00e9langer et laisser refroidir.<\/span><\/em><\/span><\/span><\/em><\/span><\/span><\/p>\n<p style=\"text-align: center;\"><img loading=\"lazy\" decoding=\"async\" class=\"alignnone wp-image-80353\" src=\"http:\/\/recettes-gourmandes-de-joce.fr\/wp-content\/uploads\/2024\/05\/tarte-fraises-pralin8.jpg\" alt=\"\" width=\"227\" height=\"170\" srcset=\"http:\/\/recettes-gourmandes-de-joce.fr\/wp-content\/uploads\/2024\/05\/tarte-fraises-pralin8.jpg 800w, http:\/\/recettes-gourmandes-de-joce.fr\/wp-content\/uploads\/2024\/05\/tarte-fraises-pralin8-768x576.jpg 768w, http:\/\/recettes-gourmandes-de-joce.fr\/wp-content\/uploads\/2024\/05\/tarte-fraises-pralin8-750x563.jpg 750w\" sizes=\"auto, (max-width: 227px) 100vw, 227px\" \/> <img loading=\"lazy\" decoding=\"async\" class=\"alignnone wp-image-80354\" src=\"http:\/\/recettes-gourmandes-de-joce.fr\/wp-content\/uploads\/2024\/05\/tarte-fraises-pralin9.jpg\" alt=\"\" width=\"227\" height=\"170\" srcset=\"http:\/\/recettes-gourmandes-de-joce.fr\/wp-content\/uploads\/2024\/05\/tarte-fraises-pralin9.jpg 800w, http:\/\/recettes-gourmandes-de-joce.fr\/wp-content\/uploads\/2024\/05\/tarte-fraises-pralin9-768x576.jpg 768w, http:\/\/recettes-gourmandes-de-joce.fr\/wp-content\/uploads\/2024\/05\/tarte-fraises-pralin9-750x563.jpg 750w\" sizes=\"auto, (max-width: 227px) 100vw, 227px\" \/> <img loading=\"lazy\" decoding=\"async\" class=\"alignnone wp-image-80355\" src=\"http:\/\/recettes-gourmandes-de-joce.fr\/wp-content\/uploads\/2024\/05\/tarte-fraises-pralin10.jpg\" alt=\"\" width=\"227\" height=\"170\" srcset=\"http:\/\/recettes-gourmandes-de-joce.fr\/wp-content\/uploads\/2024\/05\/tarte-fraises-pralin10.jpg 800w, http:\/\/recettes-gourmandes-de-joce.fr\/wp-content\/uploads\/2024\/05\/tarte-fraises-pralin10-768x576.jpg 768w, http:\/\/recettes-gourmandes-de-joce.fr\/wp-content\/uploads\/2024\/05\/tarte-fraises-pralin10-750x563.jpg 750w\" sizes=\"auto, (max-width: 227px) 100vw, 227px\" \/><\/p>\n<p style=\"text-align: center;\"><span style=\"font-family: georgia,serif;\"><span style=\"color: #cf2f42;\"><span style=\"font-size: large;\"><em>\u00a0Laver, \u00e9queuter les fraises et coupez l\u00e8s en tranches. <\/em><\/span><em><span style=\"font-size: 12pt;\"><span style=\"font-size: large;\"><em><span style=\"font-size: large;\">Une fois la p\u00e2te cuite et refroidie, enlever le papier et les pois.\u00a0<em><span style=\"font-size: 12pt;\"><span style=\"font-size: large;\"><em><span style=\"font-size: large;\">Etaler dessus la cr\u00e8me p\u00e2tissi\u00e8re. R\u00e9partir les tranches de fraises en forme de couronne en faisant se chevaucher les tranches, ajouter dessus un peu de pralin et de sucre glace, d\u00e9corer de feuilles de menthe qui vont parfumer la tarte.<\/span><\/em><\/span><\/span><\/em><\/span><\/em><\/span><\/span><\/em><\/span><\/span><\/p>\n<p style=\"text-align: center;\"><span style=\"font-family: georgia,serif;\"><span style=\"color: #cf2f42;\"><em><span style=\"font-size: 12pt;\"><span style=\"font-size: large;\"><em><span style=\"font-size: large;\"><em><span style=\"font-size: 12pt;\"><span style=\"font-size: large;\"><em><span style=\"font-size: large;\">Bonne d\u00e9gustation!<\/span><\/em><\/span><\/span><\/em><\/span><\/em><\/span><\/span><\/em><\/span><\/span><\/p>\n<p style=\"text-align: center;\"><img loading=\"lazy\" decoding=\"async\" class=\"alignnone wp-image-80359\" src=\"http:\/\/recettes-gourmandes-de-joce.fr\/wp-content\/uploads\/2024\/05\/tarte-fraises-pralin1.jpg\" alt=\"\" width=\"205\" height=\"180\" srcset=\"http:\/\/recettes-gourmandes-de-joce.fr\/wp-content\/uploads\/2024\/05\/tarte-fraises-pralin1.jpg 800w, http:\/\/recettes-gourmandes-de-joce.fr\/wp-content\/uploads\/2024\/05\/tarte-fraises-pralin1-768x673.jpg 768w, http:\/\/recettes-gourmandes-de-joce.fr\/wp-content\/uploads\/2024\/05\/tarte-fraises-pralin1-750x657.jpg 750w\" sizes=\"auto, (max-width: 205px) 100vw, 205px\" \/> <img loading=\"lazy\" decoding=\"async\" class=\"alignnone wp-image-80360\" src=\"http:\/\/recettes-gourmandes-de-joce.fr\/wp-content\/uploads\/2024\/05\/tarte-fraises-pralin2.jpg\" alt=\"\" width=\"240\" height=\"180\" srcset=\"http:\/\/recettes-gourmandes-de-joce.fr\/wp-content\/uploads\/2024\/05\/tarte-fraises-pralin2.jpg 800w, http:\/\/recettes-gourmandes-de-joce.fr\/wp-content\/uploads\/2024\/05\/tarte-fraises-pralin2-768x576.jpg 768w, http:\/\/recettes-gourmandes-de-joce.fr\/wp-content\/uploads\/2024\/05\/tarte-fraises-pralin2-750x563.jpg 750w\" sizes=\"auto, (max-width: 240px) 100vw, 240px\" \/> <img loading=\"lazy\" decoding=\"async\" class=\"alignnone wp-image-80361\" src=\"http:\/\/recettes-gourmandes-de-joce.fr\/wp-content\/uploads\/2024\/05\/tarte-fraises-pralin3.jpg\" alt=\"\" width=\"240\" height=\"180\" srcset=\"http:\/\/recettes-gourmandes-de-joce.fr\/wp-content\/uploads\/2024\/05\/tarte-fraises-pralin3.jpg 800w, http:\/\/recettes-gourmandes-de-joce.fr\/wp-content\/uploads\/2024\/05\/tarte-fraises-pralin3-768x576.jpg 768w, http:\/\/recettes-gourmandes-de-joce.fr\/wp-content\/uploads\/2024\/05\/tarte-fraises-pralin3-750x563.jpg 750w\" sizes=\"auto, (max-width: 240px) 100vw, 240px\" \/><\/p>\n<p style=\"text-align: center;\"><img loading=\"lazy\" decoding=\"async\" class=\"alignnone size-full wp-image-59803\" src=\"http:\/\/recettes-gourmandes-de-joce.fr\/wp-content\/uploads\/2024\/01\/logitech-gaming-software-14112014-121223.jpg\" alt=\"\" width=\"640\" height=\"144\" \/><\/p>\n<p style=\"text-align: center;\">\n","protected":false},"excerpt":{"rendered":"<p>Une de mes recettes Ingr\u00e9dients 1 p\u00e2te feuillet\u00e9e 500 g de fraises (fraises d&rsquo;Aquitaine pour moi) 1 bouquet de menthe fra\u00eeche Pour la cr\u00e8me p\u00e2tissi\u00e8re 1 sachet de pralin 25 cl de lait 1 sachet de sucre vanill\u00e9 55 g de sucre en poudre 20 g de ma\u00efzena 2 jaunes d&rsquo;\u0153ufs 1 c \u00e0 s &hellip; <\/p>\n<p><a class=\"more-link btn\" href=\"http:\/\/recettes-gourmandes-de-joce.fr\/index.php\/index\/desserts\/desserts-avec-des-fraises\/tarte-aux-fraises-creme-patissiere-pralinee\/\">Lire la suite<\/a><\/p>\n","protected":false},"author":2,"featured_media":80358,"parent":2743,"menu_order":0,"comment_status":"open","ping_status":"closed","template":"","meta":{"footnotes":""},"class_list":["post-2991","page","type-page","status-publish","has-post-thumbnail","hentry","nodate","item-wrap"],"_links":{"self":[{"href":"http:\/\/recettes-gourmandes-de-joce.fr\/index.php\/wp-json\/wp\/v2\/pages\/2991","targetHints":{"allow":["GET"]}}],"collection":[{"href":"http:\/\/recettes-gourmandes-de-joce.fr\/index.php\/wp-json\/wp\/v2\/pages"}],"about":[{"href":"http:\/\/recettes-gourmandes-de-joce.fr\/index.php\/wp-json\/wp\/v2\/types\/page"}],"author":[{"embeddable":true,"href":"http:\/\/recettes-gourmandes-de-joce.fr\/index.php\/wp-json\/wp\/v2\/users\/2"}],"replies":[{"embeddable":true,"href":"http:\/\/recettes-gourmandes-de-joce.fr\/index.php\/wp-json\/wp\/v2\/comments?post=2991"}],"version-history":[{"count":6,"href":"http:\/\/recettes-gourmandes-de-joce.fr\/index.php\/wp-json\/wp\/v2\/pages\/2991\/revisions"}],"predecessor-version":[{"id":80443,"href":"http:\/\/recettes-gourmandes-de-joce.fr\/index.php\/wp-json\/wp\/v2\/pages\/2991\/revisions\/80443"}],"up":[{"embeddable":true,"href":"http:\/\/recettes-gourmandes-de-joce.fr\/index.php\/wp-json\/wp\/v2\/pages\/2743"}],"wp:featuredmedia":[{"embeddable":true,"href":"http:\/\/recettes-gourmandes-de-joce.fr\/index.php\/wp-json\/wp\/v2\/media\/80358"}],"wp:attachment":[{"href":"http:\/\/recettes-gourmandes-de-joce.fr\/index.php\/wp-json\/wp\/v2\/media?parent=2991"}],"curies":[{"name":"wp","href":"https:\/\/api.w.org\/{rel}","templated":true}]}}